{"id":49530,"date":"2026-04-26T09:00:39","date_gmt":"2026-04-26T09:00:39","guid":{"rendered":""},"modified":"2026-04-26T09:00:39","modified_gmt":"2026-04-26T09:00:39","slug":"znackovy-polysan-triangl-l-asymetricka-vana-180x120x50cm-bila-19611-span-class-product-appendix-doprava-zdarma-pri-platbe-prevodem-sleva-navic-span-49530","status":"publish","type":"product","link":"https:\/\/www.domtechnikpro.com\/index.php\/produkt\/znackovy-polysan-triangl-l-asymetricka-vana-180x120x50cm-bila-19611-span-class-product-appendix-doprava-zdarma-pri-platbe-prevodem-sleva-navic-span-49530\/","title":{"rendered":"Zna\u010dkov\u00fd Polysan TRIANGL L asymetrick\u00e1 vana 180x120x50cm, b\u00edl\u00e1, 19611 <span class=\"product-appendix\"> + doprava zdarma + p\u0159i platb\u011b p\u0159evodem sleva nav\u00edc<\/span>"},"content":{"rendered":"<div class=\"basic-description\">\n<p><span><strong>Akryl\u00e1tov\u00e9 vany a&nbsp;vani\u010dky<\/strong>&nbsp;jsou vyr\u00e1b\u011bny&nbsp;<strong>ze zna\u010dkov\u00e9ho akryl\u00e1tu<\/strong>. Na rozd\u00edl od koextrudovan\u00fdch akryl\u00e1tov\u00fdch desek, kter\u00e9 maj\u00ed m\u011bk\u010d\u00ed povrch a&nbsp;men\u0161\u00ed chemickou odolnost, se vyr\u00e1b\u00ed lit\u00edm. To mj. znamen\u00e1, \u017ee je probarven\u00fd v&nbsp;cel\u00e9 tlou\u0161\u0165ce, pln\u011b st\u00e1lobarevn\u00fd, nepor\u00e9zn\u00ed a&nbsp;s vysokou povrchovou pevnost\u00ed. M\u00e1 hladk\u00fd povrch s&nbsp;minim\u00e1ln\u00ed mo\u017enost\u00ed uklouznut\u00ed a&nbsp;dob\u0159e tlum\u00ed hluk dopadaj\u00edc\u00ed vody.<\/span><\/p>\n<p><span><strong>K van\u011b je nutno pou\u017e\u00edt p\u0159epadovou soupravu o&nbsp;d\u00e9lce min. 775 mm.<\/strong><\/span><\/p>\n<p><span><strong>Podm\u00ednkou z\u00e1ruky na produkt je pou\u017eit\u00ed doporu\u010den\u00e9ho typu podstavce.<\/strong><\/span><\/p>\n<p><span><strong>Instalace:&nbsp;<\/strong>Vana je ur\u010dena k obezd\u011bn\u00ed.&nbsp;<\/span><\/p>\n<p><strong><span style=\"color: #ff0000;\">Interi\u00e9rov\u00fd obr\u00e1zek je pouze ilustra\u010dn\u00ed &#8211; vanov\u00e1 stoj\u00e1nkov\u00e1 baterie nen\u00ed sou\u010d\u00e1st\u00ed.<\/span><\/strong><\/p>\n<\/p><\/div>\n<\/p><\/div>\n<\/p><\/div>\n","protected":false},"excerpt":{"rendered":"<p>Akryl\u00e1tov\u00e9 vany a&nbsp;vani\u010dky&nbsp;jsou vyr\u00e1b\u011bny&nbsp;ze zna\u010dkov\u00e9ho akryl\u00e1tu. Na rozd\u00edl od koextrudovan\u00fdch akryl\u00e1tov\u00fdch desek, kter\u00e9 maj\u00ed m\u011bk\u010d\u00ed povrch a&nbsp;men\u0161\u00ed chemickou odolnost, se vyr\u00e1b\u00ed lit\u00edm. To mj. znamen\u00e1, \u017ee je probarven\u00fd v&nbsp;cel\u00e9 tlou\u0161\u0165ce, pln\u011b st\u00e1lobarevn\u00fd, nepor\u00e9zn\u00ed a&nbsp;s vysokou povrchovou pevnost\u00ed. M\u00e1 hladk\u00fd povrch s&nbsp;minim\u00e1ln\u00ed mo\u017enost\u00ed uklouznut\u00ed a&nbsp;dob\u0159e tlum\u00ed hluk dopadaj\u00edc\u00ed vody. K van\u011b je nutno pou\u017e\u00edt p\u0159epadovou soupravu [&hellip;]<\/p>\n","protected":false},"featured_media":49630,"comment_status":"open","ping_status":"open","template":"","meta":[],"product_brand":[],"product_cat":[144],"product_tag":[],"class_list":{"0":"post-49530","1":"product","2":"type-product","3":"status-publish","4":"has-post-thumbnail","6":"product_cat-vany","8":"first","9":"instock","10":"sale","11":"shipping-taxable","12":"purchasable","13":"product-type-simple"},"yoast_head":"<!-- This site is optimized with the Yoast SEO plugin v26.8 - https:\/\/yoast.com\/product\/yoast-seo-wordpress\/ -->\n<title>Zna\u010dkov\u00fd Polysan TRIANGL L asymetrick\u00e1 vana 180x120x50cm, b\u00edl\u00e1, 19611  + doprava zdarma + p\u0159i platb\u011b p\u0159evodem sleva nav\u00edc -<\/title>\n<meta name=\"robots\" content=\"index, follow, max-snippet:-1, max-image-preview:large, max-video-preview:-1\" \/>\n<link rel=\"canonical\" href=\"https:\/\/www.domtechnikpro.com\/index.php\/produkt\/znackovy-polysan-triangl-l-asymetricka-vana-180x120x50cm-bila-19611-span-class-product-appendix-doprava-zdarma-pri-platbe-prevodem-sleva-navic-span-49530\/\" \/>\n<meta property=\"og:locale\" content=\"cs_CZ\" \/>\n<meta property=\"og:type\" content=\"article\" \/>\n<meta property=\"og:title\" content=\"Zna\u010dkov\u00fd Polysan TRIANGL L asymetrick\u00e1 vana 180x120x50cm, b\u00edl\u00e1, 19611  + doprava zdarma + p\u0159i platb\u011b p\u0159evodem sleva nav\u00edc -\" \/>\n<meta property=\"og:description\" content=\"Akryl\u00e1tov\u00e9 vany a&nbsp;vani\u010dky&nbsp;jsou vyr\u00e1b\u011bny&nbsp;ze zna\u010dkov\u00e9ho akryl\u00e1tu. Na rozd\u00edl od koextrudovan\u00fdch akryl\u00e1tov\u00fdch desek, kter\u00e9 maj\u00ed m\u011bk\u010d\u00ed povrch a&nbsp;men\u0161\u00ed chemickou odolnost, se vyr\u00e1b\u00ed lit\u00edm. To mj. znamen\u00e1, \u017ee je probarven\u00fd v&nbsp;cel\u00e9 tlou\u0161\u0165ce, pln\u011b st\u00e1lobarevn\u00fd, nepor\u00e9zn\u00ed a&nbsp;s vysokou povrchovou pevnost\u00ed. M\u00e1 hladk\u00fd povrch s&nbsp;minim\u00e1ln\u00ed mo\u017enost\u00ed uklouznut\u00ed a&nbsp;dob\u0159e tlum\u00ed hluk dopadaj\u00edc\u00ed vody. K van\u011b je nutno pou\u017e\u00edt p\u0159epadovou soupravu [&hellip;]\" \/>\n<meta property=\"og:url\" content=\"https:\/\/www.domtechnikpro.com\/index.php\/produkt\/znackovy-polysan-triangl-l-asymetricka-vana-180x120x50cm-bila-19611-span-class-product-appendix-doprava-zdarma-pri-platbe-prevodem-sleva-navic-span-49530\/\" \/>\n<meta property=\"og:image\" content=\"https:\/\/www.domtechnikpro.com\/wp-content\/uploads\/2026\/SK0002879-CZ20260425-092706-0-1777080427-68639_asymetricka-vana-triangl-l.webp\" \/>\n\t<meta property=\"og:image:width\" content=\"533\" \/>\n\t<meta property=\"og:image:height\" content=\"800\" \/>\n\t<meta property=\"og:image:type\" content=\"image\/webp\" \/>\n<meta name=\"twitter:card\" content=\"summary_large_image\" \/>\n<meta name=\"twitter:label1\" content=\"Odhadovan\u00e1 doba \u010dten\u00ed\" \/>\n\t<meta name=\"twitter:data1\" content=\"1 minuta\" \/>\n<script type=\"application\/ld+json\" class=\"yoast-schema-graph\">{\"@context\":\"https:\/\/schema.org\",\"@graph\":[{\"@type\":\"WebPage\",\"@id\":\"https:\/\/www.domtechnikpro.com\/index.php\/produkt\/znackovy-polysan-triangl-l-asymetricka-vana-180x120x50cm-bila-19611-span-class-product-appendix-doprava-zdarma-pri-platbe-prevodem-sleva-navic-span-49530\/\",\"url\":\"https:\/\/www.domtechnikpro.com\/index.php\/produkt\/znackovy-polysan-triangl-l-asymetricka-vana-180x120x50cm-bila-19611-span-class-product-appendix-doprava-zdarma-pri-platbe-prevodem-sleva-navic-span-49530\/\",\"name\":\"Zna\u010dkov\u00fd Polysan TRIANGL L asymetrick\u00e1 vana 180x120x50cm, b\u00edl\u00e1, 19611 + doprava zdarma + p\u0159i platb\u011b p\u0159evodem sleva nav\u00edc -\",\"isPartOf\":{\"@id\":\"https:\/\/www.domtechnikpro.com\/#website\"},\"primaryImageOfPage\":{\"@id\":\"https:\/\/www.domtechnikpro.com\/index.php\/produkt\/znackovy-polysan-triangl-l-asymetricka-vana-180x120x50cm-bila-19611-span-class-product-appendix-doprava-zdarma-pri-platbe-prevodem-sleva-navic-span-49530\/#primaryimage\"},\"image\":{\"@id\":\"https:\/\/www.domtechnikpro.com\/index.php\/produkt\/znackovy-polysan-triangl-l-asymetricka-vana-180x120x50cm-bila-19611-span-class-product-appendix-doprava-zdarma-pri-platbe-prevodem-sleva-navic-span-49530\/#primaryimage\"},\"thumbnailUrl\":\"https:\/\/www.domtechnikpro.com\/wp-content\/uploads\/2026\/SK0002879-CZ20260425-092706-0-1777080427-68639_asymetricka-vana-triangl-l.webp\",\"datePublished\":\"2026-04-26T09:00:39+00:00\",\"breadcrumb\":{\"@id\":\"https:\/\/www.domtechnikpro.com\/index.php\/produkt\/znackovy-polysan-triangl-l-asymetricka-vana-180x120x50cm-bila-19611-span-class-product-appendix-doprava-zdarma-pri-platbe-prevodem-sleva-navic-span-49530\/#breadcrumb\"},\"inLanguage\":\"cs\",\"potentialAction\":[{\"@type\":\"ReadAction\",\"target\":[\"https:\/\/www.domtechnikpro.com\/index.php\/produkt\/znackovy-polysan-triangl-l-asymetricka-vana-180x120x50cm-bila-19611-span-class-product-appendix-doprava-zdarma-pri-platbe-prevodem-sleva-navic-span-49530\/\"]}]},{\"@type\":\"ImageObject\",\"inLanguage\":\"cs\",\"@id\":\"https:\/\/www.domtechnikpro.com\/index.php\/produkt\/znackovy-polysan-triangl-l-asymetricka-vana-180x120x50cm-bila-19611-span-class-product-appendix-doprava-zdarma-pri-platbe-prevodem-sleva-navic-span-49530\/#primaryimage\",\"url\":\"https:\/\/www.domtechnikpro.com\/wp-content\/uploads\/2026\/SK0002879-CZ20260425-092706-0-1777080427-68639_asymetricka-vana-triangl-l.webp\",\"contentUrl\":\"https:\/\/www.domtechnikpro.com\/wp-content\/uploads\/2026\/SK0002879-CZ20260425-092706-0-1777080427-68639_asymetricka-vana-triangl-l.webp\",\"width\":533,\"height\":800},{\"@type\":\"BreadcrumbList\",\"@id\":\"https:\/\/www.domtechnikpro.com\/index.php\/produkt\/znackovy-polysan-triangl-l-asymetricka-vana-180x120x50cm-bila-19611-span-class-product-appendix-doprava-zdarma-pri-platbe-prevodem-sleva-navic-span-49530\/#breadcrumb\",\"itemListElement\":[{\"@type\":\"ListItem\",\"position\":1,\"name\":\"Home\",\"item\":\"https:\/\/www.domtechnikpro.com\/\"},{\"@type\":\"ListItem\",\"position\":2,\"name\":\"Products\",\"item\":\"https:\/\/www.domtechnikpro.com\/index.php\/products\/\"},{\"@type\":\"ListItem\",\"position\":3,\"name\":\"Zna\u010dkov\u00fd Polysan TRIANGL L asymetrick\u00e1 vana 180x120x50cm, b\u00edl\u00e1, 19611 + doprava zdarma + p\u0159i platb\u011b p\u0159evodem sleva nav\u00edc\"}]},{\"@type\":\"WebSite\",\"@id\":\"https:\/\/www.domtechnikpro.com\/#website\",\"url\":\"https:\/\/www.domtechnikpro.com\/\",\"name\":\"\",\"description\":\"\",\"potentialAction\":[{\"@type\":\"SearchAction\",\"target\":{\"@type\":\"EntryPoint\",\"urlTemplate\":\"https:\/\/www.domtechnikpro.com\/?s={search_term_string}\"},\"query-input\":{\"@type\":\"PropertyValueSpecification\",\"valueRequired\":true,\"valueName\":\"search_term_string\"}}],\"inLanguage\":\"cs\"}]}<\/script>\n<!-- \/ Yoast SEO plugin. -->","yoast_head_json":{"title":"Zna\u010dkov\u00fd Polysan TRIANGL L asymetrick\u00e1 vana 180x120x50cm, b\u00edl\u00e1, 19611  + doprava zdarma + p\u0159i platb\u011b p\u0159evodem sleva nav\u00edc -","robots":{"index":"index","follow":"follow","max-snippet":"max-snippet:-1","max-image-preview":"max-image-preview:large","max-video-preview":"max-video-preview:-1"},"canonical":"https:\/\/www.domtechnikpro.com\/index.php\/produkt\/znackovy-polysan-triangl-l-asymetricka-vana-180x120x50cm-bila-19611-span-class-product-appendix-doprava-zdarma-pri-platbe-prevodem-sleva-navic-span-49530\/","og_locale":"cs_CZ","og_type":"article","og_title":"Zna\u010dkov\u00fd Polysan TRIANGL L asymetrick\u00e1 vana 180x120x50cm, b\u00edl\u00e1, 19611  + doprava zdarma + p\u0159i platb\u011b p\u0159evodem sleva nav\u00edc -","og_description":"Akryl\u00e1tov\u00e9 vany a&nbsp;vani\u010dky&nbsp;jsou vyr\u00e1b\u011bny&nbsp;ze zna\u010dkov\u00e9ho akryl\u00e1tu. Na rozd\u00edl od koextrudovan\u00fdch akryl\u00e1tov\u00fdch desek, kter\u00e9 maj\u00ed m\u011bk\u010d\u00ed povrch a&nbsp;men\u0161\u00ed chemickou odolnost, se vyr\u00e1b\u00ed lit\u00edm. To mj. znamen\u00e1, \u017ee je probarven\u00fd v&nbsp;cel\u00e9 tlou\u0161\u0165ce, pln\u011b st\u00e1lobarevn\u00fd, nepor\u00e9zn\u00ed a&nbsp;s vysokou povrchovou pevnost\u00ed. M\u00e1 hladk\u00fd povrch s&nbsp;minim\u00e1ln\u00ed mo\u017enost\u00ed uklouznut\u00ed a&nbsp;dob\u0159e tlum\u00ed hluk dopadaj\u00edc\u00ed vody. K van\u011b je nutno pou\u017e\u00edt p\u0159epadovou soupravu [&hellip;]","og_url":"https:\/\/www.domtechnikpro.com\/index.php\/produkt\/znackovy-polysan-triangl-l-asymetricka-vana-180x120x50cm-bila-19611-span-class-product-appendix-doprava-zdarma-pri-platbe-prevodem-sleva-navic-span-49530\/","og_image":[{"width":533,"height":800,"url":"https:\/\/www.domtechnikpro.com\/wp-content\/uploads\/2026\/SK0002879-CZ20260425-092706-0-1777080427-68639_asymetricka-vana-triangl-l.webp","type":"image\/webp"}],"twitter_card":"summary_large_image","twitter_misc":{"Odhadovan\u00e1 doba \u010dten\u00ed":"1 minuta"},"schema":{"@context":"https:\/\/schema.org","@graph":[{"@type":"WebPage","@id":"https:\/\/www.domtechnikpro.com\/index.php\/produkt\/znackovy-polysan-triangl-l-asymetricka-vana-180x120x50cm-bila-19611-span-class-product-appendix-doprava-zdarma-pri-platbe-prevodem-sleva-navic-span-49530\/","url":"https:\/\/www.domtechnikpro.com\/index.php\/produkt\/znackovy-polysan-triangl-l-asymetricka-vana-180x120x50cm-bila-19611-span-class-product-appendix-doprava-zdarma-pri-platbe-prevodem-sleva-navic-span-49530\/","name":"Zna\u010dkov\u00fd Polysan TRIANGL L asymetrick\u00e1 vana 180x120x50cm, b\u00edl\u00e1, 19611 + doprava zdarma + p\u0159i platb\u011b p\u0159evodem sleva nav\u00edc -","isPartOf":{"@id":"https:\/\/www.domtechnikpro.com\/#website"},"primaryImageOfPage":{"@id":"https:\/\/www.domtechnikpro.com\/index.php\/produkt\/znackovy-polysan-triangl-l-asymetricka-vana-180x120x50cm-bila-19611-span-class-product-appendix-doprava-zdarma-pri-platbe-prevodem-sleva-navic-span-49530\/#primaryimage"},"image":{"@id":"https:\/\/www.domtechnikpro.com\/index.php\/produkt\/znackovy-polysan-triangl-l-asymetricka-vana-180x120x50cm-bila-19611-span-class-product-appendix-doprava-zdarma-pri-platbe-prevodem-sleva-navic-span-49530\/#primaryimage"},"thumbnailUrl":"https:\/\/www.domtechnikpro.com\/wp-content\/uploads\/2026\/SK0002879-CZ20260425-092706-0-1777080427-68639_asymetricka-vana-triangl-l.webp","datePublished":"2026-04-26T09:00:39+00:00","breadcrumb":{"@id":"https:\/\/www.domtechnikpro.com\/index.php\/produkt\/znackovy-polysan-triangl-l-asymetricka-vana-180x120x50cm-bila-19611-span-class-product-appendix-doprava-zdarma-pri-platbe-prevodem-sleva-navic-span-49530\/#breadcrumb"},"inLanguage":"cs","potentialAction":[{"@type":"ReadAction","target":["https:\/\/www.domtechnikpro.com\/index.php\/produkt\/znackovy-polysan-triangl-l-asymetricka-vana-180x120x50cm-bila-19611-span-class-product-appendix-doprava-zdarma-pri-platbe-prevodem-sleva-navic-span-49530\/"]}]},{"@type":"ImageObject","inLanguage":"cs","@id":"https:\/\/www.domtechnikpro.com\/index.php\/produkt\/znackovy-polysan-triangl-l-asymetricka-vana-180x120x50cm-bila-19611-span-class-product-appendix-doprava-zdarma-pri-platbe-prevodem-sleva-navic-span-49530\/#primaryimage","url":"https:\/\/www.domtechnikpro.com\/wp-content\/uploads\/2026\/SK0002879-CZ20260425-092706-0-1777080427-68639_asymetricka-vana-triangl-l.webp","contentUrl":"https:\/\/www.domtechnikpro.com\/wp-content\/uploads\/2026\/SK0002879-CZ20260425-092706-0-1777080427-68639_asymetricka-vana-triangl-l.webp","width":533,"height":800},{"@type":"BreadcrumbList","@id":"https:\/\/www.domtechnikpro.com\/index.php\/produkt\/znackovy-polysan-triangl-l-asymetricka-vana-180x120x50cm-bila-19611-span-class-product-appendix-doprava-zdarma-pri-platbe-prevodem-sleva-navic-span-49530\/#breadcrumb","itemListElement":[{"@type":"ListItem","position":1,"name":"Home","item":"https:\/\/www.domtechnikpro.com\/"},{"@type":"ListItem","position":2,"name":"Products","item":"https:\/\/www.domtechnikpro.com\/index.php\/products\/"},{"@type":"ListItem","position":3,"name":"Zna\u010dkov\u00fd Polysan TRIANGL L asymetrick\u00e1 vana 180x120x50cm, b\u00edl\u00e1, 19611 + doprava zdarma + p\u0159i platb\u011b p\u0159evodem sleva nav\u00edc"}]},{"@type":"WebSite","@id":"https:\/\/www.domtechnikpro.com\/#website","url":"https:\/\/www.domtechnikpro.com\/","name":"","description":"","potentialAction":[{"@type":"SearchAction","target":{"@type":"EntryPoint","urlTemplate":"https:\/\/www.domtechnikpro.com\/?s={search_term_string}"},"query-input":{"@type":"PropertyValueSpecification","valueRequired":true,"valueName":"search_term_string"}}],"inLanguage":"cs"}]}},"_links":{"self":[{"href":"https:\/\/www.domtechnikpro.com\/index.php\/wp-json\/wp\/v2\/product\/49530","targetHints":{"allow":["GET"]}}],"collection":[{"href":"https:\/\/www.domtechnikpro.com\/index.php\/wp-json\/wp\/v2\/product"}],"about":[{"href":"https:\/\/www.domtechnikpro.com\/index.php\/wp-json\/wp\/v2\/types\/product"}],"replies":[{"embeddable":true,"href":"https:\/\/www.domtechnikpro.com\/index.php\/wp-json\/wp\/v2\/comments?post=49530"}],"wp:featuredmedia":[{"embeddable":true,"href":"https:\/\/www.domtechnikpro.com\/index.php\/wp-json\/wp\/v2\/media\/49630"}],"wp:attachment":[{"href":"https:\/\/www.domtechnikpro.com\/index.php\/wp-json\/wp\/v2\/media?parent=49530"}],"wp:term":[{"taxonomy":"product_brand","embeddable":true,"href":"https:\/\/www.domtechnikpro.com\/index.php\/wp-json\/wp\/v2\/product_brand?post=49530"},{"taxonomy":"product_cat","embeddable":true,"href":"https:\/\/www.domtechnikpro.com\/index.php\/wp-json\/wp\/v2\/product_cat?post=49530"},{"taxonomy":"product_tag","embeddable":true,"href":"https:\/\/www.domtechnikpro.com\/index.php\/wp-json\/wp\/v2\/product_tag?post=49530"}],"curies":[{"name":"wp","href":"https:\/\/api.w.org\/{rel}","templated":true}]}}