{"id":49150,"date":"2026-04-26T09:00:33","date_gmt":"2026-04-26T09:00:33","guid":{"rendered":""},"modified":"2026-04-26T09:00:33","modified_gmt":"2026-04-26T09:00:33","slug":"znackovy-pura-zavesna-wc-misa-swirlflush-55x36-cm-creta-dual-mat-881508-span-class-product-appendix-doprava-zdarma-span-49150","status":"publish","type":"product","link":"https:\/\/www.domtechnikpro.com\/index.php\/produkt\/znackovy-pura-zavesna-wc-misa-swirlflush-55x36-cm-creta-dual-mat-881508-span-class-product-appendix-doprava-zdarma-span-49150\/","title":{"rendered":"Zna\u010dkov\u00fd PURA z\u00e1v\u011bsn\u00e1 WC m\u00edsa, Swirlflush, 55&#215;36 cm, creta dual-mat, 881508 <span class=\"product-appendix\"> + doprava zdarma<\/span>"},"content":{"rendered":"<div class=\"basic-description\">\n<p><span style=\"font-family: 'times new roman', times; font-size: 12pt;\"><strong>Z\u00e1v\u011bsn\u00e9 WC se syst\u00e9mem splachov\u00e1n\u00ed SWIRLFLUSH\u00ae<\/strong><\/span><\/p>\n<table width=\"489\">\n<tbody>\n<tr>\n<td><span style=\"font-family: 'times new roman', times; font-size: 12pt;\">Revolu\u010dn\u00ed syst\u00e9m splachov\u00e1n\u00ed<\/span><\/td>\n<td><span style=\"font-family: 'times new roman', times; font-size: 12pt;\">Snadn\u00e1 \u00fadr\u017eba a \u010di\u0161t\u011bn\u00ed m\u00edsy<\/span><\/td>\n<\/tr>\n<tr>\n<td><span style=\"font-family: 'times new roman', times; font-size: 12pt;\"><\/span><\/td>\n<td><span style=\"font-family: 'times new roman', times; font-size: 12pt;\"><\/span><\/td>\n<\/tr>\n<\/tbody>\n<\/table>\n<ul>\n<li><span style=\"font-family: 'times new roman', times; font-size: 12pt;\">P\u0159ipojovac\u00ed sada sou\u010dast\u00ed balen\u00ed<\/span><\/li>\n<li><span style=\"font-family: 'times new roman', times; font-size: 12pt;\">Povrchov\u00e1 \u00faprava dual-mat: vn\u011bj\u0161\u00ed strana matn\u00e1 glazura, vnit\u0159n\u00ed strana leskl\u00e1 glazura pro snadn\u00e9 \u010di\u0161t\u011bn\u00ed<\/span><\/li>\n<li>\n<div><span style=\"font-family: 'times new roman', times; font-size: 12pt; color: #ff0000;\"><strong>POZOR: WC sed\u00e1tko je nutno objednat zvl\u00e1\u0161\u0165&nbsp;<\/strong><\/span><\/div>\n<\/li>\n<\/ul>\n<p><span style=\"font-family: 'times new roman', times; font-size: 12pt; color: #ff0000;\"><\/span><\/p>\n<h3><span style=\"font-size: 12pt;\"><strong>Keramick\u00e1 glazura DualGlaze+<\/strong><\/span><\/h3>\n<div>Dvojit\u00e1 glazura, neboli DualGlaze+, je speci\u00e1ln\u00ed \u00faprava, kter\u00e1 se pou\u017e\u00edv\u00e1 u&nbsp;barevn\u00fdch toalet vybaven\u00fdch syst\u00e9mem splachov\u00e1n\u00ed Swirlflush\u00ae. DualGlaze+ kombinuje hygienu a&nbsp;eleganci. \u010cistota matn\u00e9ho venkovn\u00edho povrchu se setk\u00e1v\u00e1 s&nbsp;antibakteri\u00e1ln\u00ed glazurou Extraglaze\u00ae Antibacterial na vnit\u0159n\u00edch \u010d\u00e1stech toalety, kter\u00e9 jsou v&nbsp;kontaktu s&nbsp;vodou, \u010d\u00edm\u017e se zabra\u0148uje skvrn\u00e1m a&nbsp;nehygienick\u00fdm usazenin\u00e1m vodn\u00edho kamene.<\/div>\n<div>&nbsp; &nbsp; &nbsp; &nbsp; &nbsp;&nbsp;<\/div>\n<\/p><\/div>\n<\/p><\/div>\n<\/p><\/div>\n","protected":false},"excerpt":{"rendered":"<p>Z\u00e1v\u011bsn\u00e9 WC se syst\u00e9mem splachov\u00e1n\u00ed SWIRLFLUSH\u00ae Revolu\u010dn\u00ed syst\u00e9m splachov\u00e1n\u00ed Snadn\u00e1 \u00fadr\u017eba a \u010di\u0161t\u011bn\u00ed m\u00edsy P\u0159ipojovac\u00ed sada sou\u010dast\u00ed balen\u00ed Povrchov\u00e1 \u00faprava dual-mat: vn\u011bj\u0161\u00ed strana matn\u00e1 glazura, vnit\u0159n\u00ed strana leskl\u00e1 glazura pro snadn\u00e9 \u010di\u0161t\u011bn\u00ed POZOR: WC sed\u00e1tko je nutno objednat zvl\u00e1\u0161\u0165&nbsp; Keramick\u00e1 glazura DualGlaze+ Dvojit\u00e1 glazura, neboli DualGlaze+, je speci\u00e1ln\u00ed \u00faprava, kter\u00e1 se pou\u017e\u00edv\u00e1 u&nbsp;barevn\u00fdch toalet vybaven\u00fdch [&hellip;]<\/p>\n","protected":false},"featured_media":49250,"comment_status":"open","ping_status":"open","template":"","meta":[],"product_brand":[],"product_cat":[169],"product_tag":[],"class_list":{"0":"post-49150","1":"product","2":"type-product","3":"status-publish","4":"has-post-thumbnail","6":"product_cat-sanitarni-keramika-a-wc","8":"first","9":"instock","10":"sale","11":"shipping-taxable","12":"purchasable","13":"product-type-simple"},"yoast_head":"<!-- This site is optimized with the Yoast SEO plugin v26.8 - https:\/\/yoast.com\/product\/yoast-seo-wordpress\/ -->\n<title>Zna\u010dkov\u00fd PURA z\u00e1v\u011bsn\u00e1 WC m\u00edsa, Swirlflush, 55x36 cm, creta dual-mat, 881508  + doprava zdarma -<\/title>\n<meta name=\"robots\" content=\"index, follow, max-snippet:-1, max-image-preview:large, max-video-preview:-1\" \/>\n<link rel=\"canonical\" href=\"https:\/\/www.domtechnikpro.com\/index.php\/produkt\/znackovy-pura-zavesna-wc-misa-swirlflush-55x36-cm-creta-dual-mat-881508-span-class-product-appendix-doprava-zdarma-span-49150\/\" \/>\n<meta property=\"og:locale\" content=\"cs_CZ\" \/>\n<meta property=\"og:type\" content=\"article\" \/>\n<meta property=\"og:title\" content=\"Zna\u010dkov\u00fd PURA z\u00e1v\u011bsn\u00e1 WC m\u00edsa, Swirlflush, 55x36 cm, creta dual-mat, 881508  + doprava zdarma -\" \/>\n<meta property=\"og:description\" content=\"Z\u00e1v\u011bsn\u00e9 WC se syst\u00e9mem splachov\u00e1n\u00ed SWIRLFLUSH\u00ae Revolu\u010dn\u00ed syst\u00e9m splachov\u00e1n\u00ed Snadn\u00e1 \u00fadr\u017eba a \u010di\u0161t\u011bn\u00ed m\u00edsy P\u0159ipojovac\u00ed sada sou\u010dast\u00ed balen\u00ed Povrchov\u00e1 \u00faprava dual-mat: vn\u011bj\u0161\u00ed strana matn\u00e1 glazura, vnit\u0159n\u00ed strana leskl\u00e1 glazura pro snadn\u00e9 \u010di\u0161t\u011bn\u00ed POZOR: WC sed\u00e1tko je nutno objednat zvl\u00e1\u0161\u0165&nbsp; Keramick\u00e1 glazura DualGlaze+ Dvojit\u00e1 glazura, neboli DualGlaze+, je speci\u00e1ln\u00ed \u00faprava, kter\u00e1 se pou\u017e\u00edv\u00e1 u&nbsp;barevn\u00fdch toalet vybaven\u00fdch [&hellip;]\" \/>\n<meta property=\"og:url\" content=\"https:\/\/www.domtechnikpro.com\/index.php\/produkt\/znackovy-pura-zavesna-wc-misa-swirlflush-55x36-cm-creta-dual-mat-881508-span-class-product-appendix-doprava-zdarma-span-49150\/\" \/>\n<meta property=\"og:image\" content=\"https:\/\/www.domtechnikpro.com\/wp-content\/uploads\/2026\/SK0002626-CZ20260425-092706-0-1777080427-67253_art--881508-iko.webp\" \/>\n\t<meta property=\"og:image:width\" content=\"533\" \/>\n\t<meta property=\"og:image:height\" content=\"800\" \/>\n\t<meta property=\"og:image:type\" content=\"image\/webp\" \/>\n<meta name=\"twitter:card\" content=\"summary_large_image\" \/>\n<meta name=\"twitter:label1\" content=\"Odhadovan\u00e1 doba \u010dten\u00ed\" \/>\n\t<meta name=\"twitter:data1\" content=\"1 minuta\" \/>\n<script type=\"application\/ld+json\" class=\"yoast-schema-graph\">{\"@context\":\"https:\/\/schema.org\",\"@graph\":[{\"@type\":\"WebPage\",\"@id\":\"https:\/\/www.domtechnikpro.com\/index.php\/produkt\/znackovy-pura-zavesna-wc-misa-swirlflush-55x36-cm-creta-dual-mat-881508-span-class-product-appendix-doprava-zdarma-span-49150\/\",\"url\":\"https:\/\/www.domtechnikpro.com\/index.php\/produkt\/znackovy-pura-zavesna-wc-misa-swirlflush-55x36-cm-creta-dual-mat-881508-span-class-product-appendix-doprava-zdarma-span-49150\/\",\"name\":\"Zna\u010dkov\u00fd PURA z\u00e1v\u011bsn\u00e1 WC m\u00edsa, Swirlflush, 55x36 cm, creta dual-mat, 881508 + doprava zdarma -\",\"isPartOf\":{\"@id\":\"https:\/\/www.domtechnikpro.com\/#website\"},\"primaryImageOfPage\":{\"@id\":\"https:\/\/www.domtechnikpro.com\/index.php\/produkt\/znackovy-pura-zavesna-wc-misa-swirlflush-55x36-cm-creta-dual-mat-881508-span-class-product-appendix-doprava-zdarma-span-49150\/#primaryimage\"},\"image\":{\"@id\":\"https:\/\/www.domtechnikpro.com\/index.php\/produkt\/znackovy-pura-zavesna-wc-misa-swirlflush-55x36-cm-creta-dual-mat-881508-span-class-product-appendix-doprava-zdarma-span-49150\/#primaryimage\"},\"thumbnailUrl\":\"https:\/\/www.domtechnikpro.com\/wp-content\/uploads\/2026\/SK0002626-CZ20260425-092706-0-1777080427-67253_art--881508-iko.webp\",\"datePublished\":\"2026-04-26T09:00:33+00:00\",\"breadcrumb\":{\"@id\":\"https:\/\/www.domtechnikpro.com\/index.php\/produkt\/znackovy-pura-zavesna-wc-misa-swirlflush-55x36-cm-creta-dual-mat-881508-span-class-product-appendix-doprava-zdarma-span-49150\/#breadcrumb\"},\"inLanguage\":\"cs\",\"potentialAction\":[{\"@type\":\"ReadAction\",\"target\":[\"https:\/\/www.domtechnikpro.com\/index.php\/produkt\/znackovy-pura-zavesna-wc-misa-swirlflush-55x36-cm-creta-dual-mat-881508-span-class-product-appendix-doprava-zdarma-span-49150\/\"]}]},{\"@type\":\"ImageObject\",\"inLanguage\":\"cs\",\"@id\":\"https:\/\/www.domtechnikpro.com\/index.php\/produkt\/znackovy-pura-zavesna-wc-misa-swirlflush-55x36-cm-creta-dual-mat-881508-span-class-product-appendix-doprava-zdarma-span-49150\/#primaryimage\",\"url\":\"https:\/\/www.domtechnikpro.com\/wp-content\/uploads\/2026\/SK0002626-CZ20260425-092706-0-1777080427-67253_art--881508-iko.webp\",\"contentUrl\":\"https:\/\/www.domtechnikpro.com\/wp-content\/uploads\/2026\/SK0002626-CZ20260425-092706-0-1777080427-67253_art--881508-iko.webp\",\"width\":533,\"height\":800},{\"@type\":\"BreadcrumbList\",\"@id\":\"https:\/\/www.domtechnikpro.com\/index.php\/produkt\/znackovy-pura-zavesna-wc-misa-swirlflush-55x36-cm-creta-dual-mat-881508-span-class-product-appendix-doprava-zdarma-span-49150\/#breadcrumb\",\"itemListElement\":[{\"@type\":\"ListItem\",\"position\":1,\"name\":\"Home\",\"item\":\"https:\/\/www.domtechnikpro.com\/\"},{\"@type\":\"ListItem\",\"position\":2,\"name\":\"Products\",\"item\":\"https:\/\/www.domtechnikpro.com\/index.php\/products\/\"},{\"@type\":\"ListItem\",\"position\":3,\"name\":\"Zna\u010dkov\u00fd PURA z\u00e1v\u011bsn\u00e1 WC m\u00edsa, Swirlflush, 55&#215;36 cm, creta dual-mat, 881508 + doprava zdarma\"}]},{\"@type\":\"WebSite\",\"@id\":\"https:\/\/www.domtechnikpro.com\/#website\",\"url\":\"https:\/\/www.domtechnikpro.com\/\",\"name\":\"\",\"description\":\"\",\"potentialAction\":[{\"@type\":\"SearchAction\",\"target\":{\"@type\":\"EntryPoint\",\"urlTemplate\":\"https:\/\/www.domtechnikpro.com\/?s={search_term_string}\"},\"query-input\":{\"@type\":\"PropertyValueSpecification\",\"valueRequired\":true,\"valueName\":\"search_term_string\"}}],\"inLanguage\":\"cs\"}]}<\/script>\n<!-- \/ Yoast SEO plugin. -->","yoast_head_json":{"title":"Zna\u010dkov\u00fd PURA z\u00e1v\u011bsn\u00e1 WC m\u00edsa, Swirlflush, 55x36 cm, creta dual-mat, 881508  + doprava zdarma -","robots":{"index":"index","follow":"follow","max-snippet":"max-snippet:-1","max-image-preview":"max-image-preview:large","max-video-preview":"max-video-preview:-1"},"canonical":"https:\/\/www.domtechnikpro.com\/index.php\/produkt\/znackovy-pura-zavesna-wc-misa-swirlflush-55x36-cm-creta-dual-mat-881508-span-class-product-appendix-doprava-zdarma-span-49150\/","og_locale":"cs_CZ","og_type":"article","og_title":"Zna\u010dkov\u00fd PURA z\u00e1v\u011bsn\u00e1 WC m\u00edsa, Swirlflush, 55x36 cm, creta dual-mat, 881508  + doprava zdarma -","og_description":"Z\u00e1v\u011bsn\u00e9 WC se syst\u00e9mem splachov\u00e1n\u00ed SWIRLFLUSH\u00ae Revolu\u010dn\u00ed syst\u00e9m splachov\u00e1n\u00ed Snadn\u00e1 \u00fadr\u017eba a \u010di\u0161t\u011bn\u00ed m\u00edsy P\u0159ipojovac\u00ed sada sou\u010dast\u00ed balen\u00ed Povrchov\u00e1 \u00faprava dual-mat: vn\u011bj\u0161\u00ed strana matn\u00e1 glazura, vnit\u0159n\u00ed strana leskl\u00e1 glazura pro snadn\u00e9 \u010di\u0161t\u011bn\u00ed POZOR: WC sed\u00e1tko je nutno objednat zvl\u00e1\u0161\u0165&nbsp; Keramick\u00e1 glazura DualGlaze+ Dvojit\u00e1 glazura, neboli DualGlaze+, je speci\u00e1ln\u00ed \u00faprava, kter\u00e1 se pou\u017e\u00edv\u00e1 u&nbsp;barevn\u00fdch toalet vybaven\u00fdch [&hellip;]","og_url":"https:\/\/www.domtechnikpro.com\/index.php\/produkt\/znackovy-pura-zavesna-wc-misa-swirlflush-55x36-cm-creta-dual-mat-881508-span-class-product-appendix-doprava-zdarma-span-49150\/","og_image":[{"width":533,"height":800,"url":"https:\/\/www.domtechnikpro.com\/wp-content\/uploads\/2026\/SK0002626-CZ20260425-092706-0-1777080427-67253_art--881508-iko.webp","type":"image\/webp"}],"twitter_card":"summary_large_image","twitter_misc":{"Odhadovan\u00e1 doba \u010dten\u00ed":"1 minuta"},"schema":{"@context":"https:\/\/schema.org","@graph":[{"@type":"WebPage","@id":"https:\/\/www.domtechnikpro.com\/index.php\/produkt\/znackovy-pura-zavesna-wc-misa-swirlflush-55x36-cm-creta-dual-mat-881508-span-class-product-appendix-doprava-zdarma-span-49150\/","url":"https:\/\/www.domtechnikpro.com\/index.php\/produkt\/znackovy-pura-zavesna-wc-misa-swirlflush-55x36-cm-creta-dual-mat-881508-span-class-product-appendix-doprava-zdarma-span-49150\/","name":"Zna\u010dkov\u00fd PURA z\u00e1v\u011bsn\u00e1 WC m\u00edsa, Swirlflush, 55x36 cm, creta dual-mat, 881508 + doprava zdarma -","isPartOf":{"@id":"https:\/\/www.domtechnikpro.com\/#website"},"primaryImageOfPage":{"@id":"https:\/\/www.domtechnikpro.com\/index.php\/produkt\/znackovy-pura-zavesna-wc-misa-swirlflush-55x36-cm-creta-dual-mat-881508-span-class-product-appendix-doprava-zdarma-span-49150\/#primaryimage"},"image":{"@id":"https:\/\/www.domtechnikpro.com\/index.php\/produkt\/znackovy-pura-zavesna-wc-misa-swirlflush-55x36-cm-creta-dual-mat-881508-span-class-product-appendix-doprava-zdarma-span-49150\/#primaryimage"},"thumbnailUrl":"https:\/\/www.domtechnikpro.com\/wp-content\/uploads\/2026\/SK0002626-CZ20260425-092706-0-1777080427-67253_art--881508-iko.webp","datePublished":"2026-04-26T09:00:33+00:00","breadcrumb":{"@id":"https:\/\/www.domtechnikpro.com\/index.php\/produkt\/znackovy-pura-zavesna-wc-misa-swirlflush-55x36-cm-creta-dual-mat-881508-span-class-product-appendix-doprava-zdarma-span-49150\/#breadcrumb"},"inLanguage":"cs","potentialAction":[{"@type":"ReadAction","target":["https:\/\/www.domtechnikpro.com\/index.php\/produkt\/znackovy-pura-zavesna-wc-misa-swirlflush-55x36-cm-creta-dual-mat-881508-span-class-product-appendix-doprava-zdarma-span-49150\/"]}]},{"@type":"ImageObject","inLanguage":"cs","@id":"https:\/\/www.domtechnikpro.com\/index.php\/produkt\/znackovy-pura-zavesna-wc-misa-swirlflush-55x36-cm-creta-dual-mat-881508-span-class-product-appendix-doprava-zdarma-span-49150\/#primaryimage","url":"https:\/\/www.domtechnikpro.com\/wp-content\/uploads\/2026\/SK0002626-CZ20260425-092706-0-1777080427-67253_art--881508-iko.webp","contentUrl":"https:\/\/www.domtechnikpro.com\/wp-content\/uploads\/2026\/SK0002626-CZ20260425-092706-0-1777080427-67253_art--881508-iko.webp","width":533,"height":800},{"@type":"BreadcrumbList","@id":"https:\/\/www.domtechnikpro.com\/index.php\/produkt\/znackovy-pura-zavesna-wc-misa-swirlflush-55x36-cm-creta-dual-mat-881508-span-class-product-appendix-doprava-zdarma-span-49150\/#breadcrumb","itemListElement":[{"@type":"ListItem","position":1,"name":"Home","item":"https:\/\/www.domtechnikpro.com\/"},{"@type":"ListItem","position":2,"name":"Products","item":"https:\/\/www.domtechnikpro.com\/index.php\/products\/"},{"@type":"ListItem","position":3,"name":"Zna\u010dkov\u00fd PURA z\u00e1v\u011bsn\u00e1 WC m\u00edsa, Swirlflush, 55&#215;36 cm, creta dual-mat, 881508 + doprava zdarma"}]},{"@type":"WebSite","@id":"https:\/\/www.domtechnikpro.com\/#website","url":"https:\/\/www.domtechnikpro.com\/","name":"","description":"","potentialAction":[{"@type":"SearchAction","target":{"@type":"EntryPoint","urlTemplate":"https:\/\/www.domtechnikpro.com\/?s={search_term_string}"},"query-input":{"@type":"PropertyValueSpecification","valueRequired":true,"valueName":"search_term_string"}}],"inLanguage":"cs"}]}},"_links":{"self":[{"href":"https:\/\/www.domtechnikpro.com\/index.php\/wp-json\/wp\/v2\/product\/49150","targetHints":{"allow":["GET"]}}],"collection":[{"href":"https:\/\/www.domtechnikpro.com\/index.php\/wp-json\/wp\/v2\/product"}],"about":[{"href":"https:\/\/www.domtechnikpro.com\/index.php\/wp-json\/wp\/v2\/types\/product"}],"replies":[{"embeddable":true,"href":"https:\/\/www.domtechnikpro.com\/index.php\/wp-json\/wp\/v2\/comments?post=49150"}],"wp:featuredmedia":[{"embeddable":true,"href":"https:\/\/www.domtechnikpro.com\/index.php\/wp-json\/wp\/v2\/media\/49250"}],"wp:attachment":[{"href":"https:\/\/www.domtechnikpro.com\/index.php\/wp-json\/wp\/v2\/media?parent=49150"}],"wp:term":[{"taxonomy":"product_brand","embeddable":true,"href":"https:\/\/www.domtechnikpro.com\/index.php\/wp-json\/wp\/v2\/product_brand?post=49150"},{"taxonomy":"product_cat","embeddable":true,"href":"https:\/\/www.domtechnikpro.com\/index.php\/wp-json\/wp\/v2\/product_cat?post=49150"},{"taxonomy":"product_tag","embeddable":true,"href":"https:\/\/www.domtechnikpro.com\/index.php\/wp-json\/wp\/v2\/product_tag?post=49150"}],"curies":[{"name":"wp","href":"https:\/\/api.w.org\/{rel}","templated":true}]}}