{"id":48187,"date":"2026-04-26T09:00:21","date_gmt":"2026-04-26T09:00:21","guid":{"rendered":""},"modified":"2026-04-26T09:00:21","modified_gmt":"2026-04-26T09:00:21","slug":"jika-wc-system-compact-pro-zavesne-klozety-se-samonosnym-ocelovym-ramem-h8946520000001-sleva-48187","status":"publish","type":"product","link":"https:\/\/www.domtechnikpro.com\/produkt\/jika-wc-system-compact-pro-zavesne-klozety-se-samonosnym-ocelovym-ramem-h8946520000001-sleva-48187\/","title":{"rendered":"JIKA WC SYSTEM COMPACT pro z\u00e1v\u011bsn\u00e9 klozety se samonosn\u00fdm ocelov\u00fdm r\u00e1mem, H8946520000001 Sleva"},"content":{"rendered":"<div class=\"basic-description\">\n<p><strong>WC SYSTEM COMPACT<\/strong><\/p>\n<ul>\n<li>d\u00e9lka 1180 mm, \u0161\u00ed\u0159ka 620 mm, v\u00fd\u0161ka 150 mm<\/li>\n<li>pro z\u00e1v\u011bsn\u00e9 klozety<\/li>\n<li>hloubka pouze 8 cm<\/li>\n<li>do lehk\u00fdch p\u0159\u00ed\u010dek (s\u00e1drokartonu)<\/li>\n<li>mo\u017enosti splachov\u00e1n\u00ed 2\/4 l, 3\/4,5 l a 3\/6 l<\/li>\n<li>odpadn\u00ed koleno 90\/110<\/li>\n<li>nosnost konstrukce 400 kg<\/li>\n<li>masivn\u00ed samonosn\u00fd r\u00e1m z oceli<\/li>\n<li>tich\u00fd chod napou\u0161t\u011bc\u00edho ventilu<\/li>\n<li>tla\u010d\u00edtka lze v pr\u016fb\u011bhu u\u017e\u00edv\u00e1n\u00ed vym\u011b\u0148ovat<\/li>\n<\/ul>\n<p>Tov\u00e1rn\u00ed nastaven\u00ed splachov\u00e1n\u00ed podom\u00edtkov\u00e9ho modulu je 3\/6 l.<\/p>\n<p>Pro z\u00e1v\u011bsn\u00e9 klozety se samonosn\u00fdm ocelov\u00fdm r\u00e1mem, ukotven\u00ed na zem a do zadn\u00ed zdi, pro zabudov\u00e1n\u00ed such\u00fdm procesem, tla\u010d\u00edtko Single nebo Dual Flush (nen\u00ed sou\u010d\u00e1st balen\u00ed).<\/p>\n<\/p><\/div>\n<\/p><\/div>\n<\/p><\/div>\n","protected":false},"excerpt":{"rendered":"<p>WC SYSTEM COMPACT d\u00e9lka 1180 mm, \u0161\u00ed\u0159ka 620 mm, v\u00fd\u0161ka 150 mm pro z\u00e1v\u011bsn\u00e9 klozety hloubka pouze 8 cm do lehk\u00fdch p\u0159\u00ed\u010dek (s\u00e1drokartonu) mo\u017enosti splachov\u00e1n\u00ed 2\/4 l, 3\/4,5 l a 3\/6 l odpadn\u00ed koleno 90\/110 nosnost konstrukce 400 kg masivn\u00ed samonosn\u00fd r\u00e1m z oceli tich\u00fd chod napou\u0161t\u011bc\u00edho ventilu tla\u010d\u00edtka lze v pr\u016fb\u011bhu u\u017e\u00edv\u00e1n\u00ed vym\u011b\u0148ovat Tov\u00e1rn\u00ed [&hellip;]<\/p>\n","protected":false},"featured_media":48287,"comment_status":"open","ping_status":"open","template":"","meta":[],"product_brand":[],"product_cat":[169],"product_tag":[],"class_list":{"0":"post-48187","1":"product","2":"type-product","3":"status-publish","4":"has-post-thumbnail","6":"product_cat-sanitarni-keramika-a-wc","8":"first","9":"instock","10":"sale","11":"shipping-taxable","12":"purchasable","13":"product-type-simple"},"yoast_head":"<!-- This site is optimized with the Yoast SEO plugin v26.8 - https:\/\/yoast.com\/product\/yoast-seo-wordpress\/ -->\n<title>JIKA WC SYSTEM COMPACT pro z\u00e1v\u011bsn\u00e9 klozety se samonosn\u00fdm ocelov\u00fdm r\u00e1mem, H8946520000001 Sleva -<\/title>\n<meta name=\"robots\" content=\"index, follow, max-snippet:-1, max-image-preview:large, max-video-preview:-1\" \/>\n<link rel=\"canonical\" href=\"https:\/\/www.domtechnikpro.com\/index.php\/produkt\/jika-wc-system-compact-pro-zavesne-klozety-se-samonosnym-ocelovym-ramem-h8946520000001-sleva-48187\/\" \/>\n<meta property=\"og:locale\" content=\"cs_CZ\" \/>\n<meta property=\"og:type\" content=\"article\" \/>\n<meta property=\"og:title\" content=\"JIKA WC SYSTEM COMPACT pro z\u00e1v\u011bsn\u00e9 klozety se samonosn\u00fdm ocelov\u00fdm r\u00e1mem, H8946520000001 Sleva -\" \/>\n<meta property=\"og:description\" content=\"WC SYSTEM COMPACT d\u00e9lka 1180 mm, \u0161\u00ed\u0159ka 620 mm, v\u00fd\u0161ka 150 mm pro z\u00e1v\u011bsn\u00e9 klozety hloubka pouze 8 cm do lehk\u00fdch p\u0159\u00ed\u010dek (s\u00e1drokartonu) mo\u017enosti splachov\u00e1n\u00ed 2\/4 l, 3\/4,5 l a 3\/6 l odpadn\u00ed koleno 90\/110 nosnost konstrukce 400 kg masivn\u00ed samonosn\u00fd r\u00e1m z oceli tich\u00fd chod napou\u0161t\u011bc\u00edho ventilu tla\u010d\u00edtka lze v pr\u016fb\u011bhu u\u017e\u00edv\u00e1n\u00ed vym\u011b\u0148ovat Tov\u00e1rn\u00ed [&hellip;]\" \/>\n<meta property=\"og:url\" content=\"https:\/\/www.domtechnikpro.com\/index.php\/produkt\/jika-wc-system-compact-pro-zavesne-klozety-se-samonosnym-ocelovym-ramem-h8946520000001-sleva-48187\/\" \/>\n<meta property=\"og:image\" content=\"https:\/\/www.domtechnikpro.com\/wp-content\/uploads\/2026\/SK0001898-CZ20260425-092706-0-1777080427-63110_pp01-jika-894652-rgb-tf-web-big-jpeg.webp\" \/>\n\t<meta property=\"og:image:width\" content=\"533\" \/>\n\t<meta property=\"og:image:height\" content=\"800\" \/>\n\t<meta property=\"og:image:type\" content=\"image\/webp\" \/>\n<meta name=\"twitter:card\" content=\"summary_large_image\" \/>\n<meta name=\"twitter:label1\" content=\"Odhadovan\u00e1 doba \u010dten\u00ed\" \/>\n\t<meta name=\"twitter:data1\" content=\"1 minuta\" \/>\n<script type=\"application\/ld+json\" class=\"yoast-schema-graph\">{\"@context\":\"https:\/\/schema.org\",\"@graph\":[{\"@type\":\"WebPage\",\"@id\":\"https:\/\/www.domtechnikpro.com\/index.php\/produkt\/jika-wc-system-compact-pro-zavesne-klozety-se-samonosnym-ocelovym-ramem-h8946520000001-sleva-48187\/\",\"url\":\"https:\/\/www.domtechnikpro.com\/index.php\/produkt\/jika-wc-system-compact-pro-zavesne-klozety-se-samonosnym-ocelovym-ramem-h8946520000001-sleva-48187\/\",\"name\":\"JIKA WC SYSTEM COMPACT pro z\u00e1v\u011bsn\u00e9 klozety se samonosn\u00fdm ocelov\u00fdm r\u00e1mem, H8946520000001 Sleva -\",\"isPartOf\":{\"@id\":\"https:\/\/www.domtechnikpro.com\/#website\"},\"primaryImageOfPage\":{\"@id\":\"https:\/\/www.domtechnikpro.com\/index.php\/produkt\/jika-wc-system-compact-pro-zavesne-klozety-se-samonosnym-ocelovym-ramem-h8946520000001-sleva-48187\/#primaryimage\"},\"image\":{\"@id\":\"https:\/\/www.domtechnikpro.com\/index.php\/produkt\/jika-wc-system-compact-pro-zavesne-klozety-se-samonosnym-ocelovym-ramem-h8946520000001-sleva-48187\/#primaryimage\"},\"thumbnailUrl\":\"https:\/\/www.domtechnikpro.com\/wp-content\/uploads\/2026\/SK0001898-CZ20260425-092706-0-1777080427-63110_pp01-jika-894652-rgb-tf-web-big-jpeg.webp\",\"datePublished\":\"2026-04-26T09:00:21+00:00\",\"breadcrumb\":{\"@id\":\"https:\/\/www.domtechnikpro.com\/index.php\/produkt\/jika-wc-system-compact-pro-zavesne-klozety-se-samonosnym-ocelovym-ramem-h8946520000001-sleva-48187\/#breadcrumb\"},\"inLanguage\":\"cs\",\"potentialAction\":[{\"@type\":\"ReadAction\",\"target\":[\"https:\/\/www.domtechnikpro.com\/index.php\/produkt\/jika-wc-system-compact-pro-zavesne-klozety-se-samonosnym-ocelovym-ramem-h8946520000001-sleva-48187\/\"]}]},{\"@type\":\"ImageObject\",\"inLanguage\":\"cs\",\"@id\":\"https:\/\/www.domtechnikpro.com\/index.php\/produkt\/jika-wc-system-compact-pro-zavesne-klozety-se-samonosnym-ocelovym-ramem-h8946520000001-sleva-48187\/#primaryimage\",\"url\":\"https:\/\/www.domtechnikpro.com\/wp-content\/uploads\/2026\/SK0001898-CZ20260425-092706-0-1777080427-63110_pp01-jika-894652-rgb-tf-web-big-jpeg.webp\",\"contentUrl\":\"https:\/\/www.domtechnikpro.com\/wp-content\/uploads\/2026\/SK0001898-CZ20260425-092706-0-1777080427-63110_pp01-jika-894652-rgb-tf-web-big-jpeg.webp\",\"width\":533,\"height\":800},{\"@type\":\"BreadcrumbList\",\"@id\":\"https:\/\/www.domtechnikpro.com\/index.php\/produkt\/jika-wc-system-compact-pro-zavesne-klozety-se-samonosnym-ocelovym-ramem-h8946520000001-sleva-48187\/#breadcrumb\",\"itemListElement\":[{\"@type\":\"ListItem\",\"position\":1,\"name\":\"Home\",\"item\":\"https:\/\/www.domtechnikpro.com\/\"},{\"@type\":\"ListItem\",\"position\":2,\"name\":\"Products\",\"item\":\"https:\/\/www.domtechnikpro.com\/products\/\"},{\"@type\":\"ListItem\",\"position\":3,\"name\":\"JIKA WC SYSTEM COMPACT pro z\u00e1v\u011bsn\u00e9 klozety se samonosn\u00fdm ocelov\u00fdm r\u00e1mem, H8946520000001 Sleva\"}]},{\"@type\":\"WebSite\",\"@id\":\"https:\/\/www.domtechnikpro.com\/#website\",\"url\":\"https:\/\/www.domtechnikpro.com\/\",\"name\":\"\",\"description\":\"\",\"potentialAction\":[{\"@type\":\"SearchAction\",\"target\":{\"@type\":\"EntryPoint\",\"urlTemplate\":\"https:\/\/www.domtechnikpro.com\/?s={search_term_string}\"},\"query-input\":{\"@type\":\"PropertyValueSpecification\",\"valueRequired\":true,\"valueName\":\"search_term_string\"}}],\"inLanguage\":\"cs\"}]}<\/script>\n<!-- \/ Yoast SEO plugin. -->","yoast_head_json":{"title":"JIKA WC SYSTEM COMPACT pro z\u00e1v\u011bsn\u00e9 klozety se samonosn\u00fdm ocelov\u00fdm r\u00e1mem, H8946520000001 Sleva -","robots":{"index":"index","follow":"follow","max-snippet":"max-snippet:-1","max-image-preview":"max-image-preview:large","max-video-preview":"max-video-preview:-1"},"canonical":"https:\/\/www.domtechnikpro.com\/index.php\/produkt\/jika-wc-system-compact-pro-zavesne-klozety-se-samonosnym-ocelovym-ramem-h8946520000001-sleva-48187\/","og_locale":"cs_CZ","og_type":"article","og_title":"JIKA WC SYSTEM COMPACT pro z\u00e1v\u011bsn\u00e9 klozety se samonosn\u00fdm ocelov\u00fdm r\u00e1mem, H8946520000001 Sleva -","og_description":"WC SYSTEM COMPACT d\u00e9lka 1180 mm, \u0161\u00ed\u0159ka 620 mm, v\u00fd\u0161ka 150 mm pro z\u00e1v\u011bsn\u00e9 klozety hloubka pouze 8 cm do lehk\u00fdch p\u0159\u00ed\u010dek (s\u00e1drokartonu) mo\u017enosti splachov\u00e1n\u00ed 2\/4 l, 3\/4,5 l a 3\/6 l odpadn\u00ed koleno 90\/110 nosnost konstrukce 400 kg masivn\u00ed samonosn\u00fd r\u00e1m z oceli tich\u00fd chod napou\u0161t\u011bc\u00edho ventilu tla\u010d\u00edtka lze v pr\u016fb\u011bhu u\u017e\u00edv\u00e1n\u00ed vym\u011b\u0148ovat Tov\u00e1rn\u00ed [&hellip;]","og_url":"https:\/\/www.domtechnikpro.com\/index.php\/produkt\/jika-wc-system-compact-pro-zavesne-klozety-se-samonosnym-ocelovym-ramem-h8946520000001-sleva-48187\/","og_image":[{"width":533,"height":800,"url":"https:\/\/www.domtechnikpro.com\/wp-content\/uploads\/2026\/SK0001898-CZ20260425-092706-0-1777080427-63110_pp01-jika-894652-rgb-tf-web-big-jpeg.webp","type":"image\/webp"}],"twitter_card":"summary_large_image","twitter_misc":{"Odhadovan\u00e1 doba \u010dten\u00ed":"1 minuta"},"schema":{"@context":"https:\/\/schema.org","@graph":[{"@type":"WebPage","@id":"https:\/\/www.domtechnikpro.com\/index.php\/produkt\/jika-wc-system-compact-pro-zavesne-klozety-se-samonosnym-ocelovym-ramem-h8946520000001-sleva-48187\/","url":"https:\/\/www.domtechnikpro.com\/index.php\/produkt\/jika-wc-system-compact-pro-zavesne-klozety-se-samonosnym-ocelovym-ramem-h8946520000001-sleva-48187\/","name":"JIKA WC SYSTEM COMPACT pro z\u00e1v\u011bsn\u00e9 klozety se samonosn\u00fdm ocelov\u00fdm r\u00e1mem, H8946520000001 Sleva -","isPartOf":{"@id":"https:\/\/www.domtechnikpro.com\/#website"},"primaryImageOfPage":{"@id":"https:\/\/www.domtechnikpro.com\/index.php\/produkt\/jika-wc-system-compact-pro-zavesne-klozety-se-samonosnym-ocelovym-ramem-h8946520000001-sleva-48187\/#primaryimage"},"image":{"@id":"https:\/\/www.domtechnikpro.com\/index.php\/produkt\/jika-wc-system-compact-pro-zavesne-klozety-se-samonosnym-ocelovym-ramem-h8946520000001-sleva-48187\/#primaryimage"},"thumbnailUrl":"https:\/\/www.domtechnikpro.com\/wp-content\/uploads\/2026\/SK0001898-CZ20260425-092706-0-1777080427-63110_pp01-jika-894652-rgb-tf-web-big-jpeg.webp","datePublished":"2026-04-26T09:00:21+00:00","breadcrumb":{"@id":"https:\/\/www.domtechnikpro.com\/index.php\/produkt\/jika-wc-system-compact-pro-zavesne-klozety-se-samonosnym-ocelovym-ramem-h8946520000001-sleva-48187\/#breadcrumb"},"inLanguage":"cs","potentialAction":[{"@type":"ReadAction","target":["https:\/\/www.domtechnikpro.com\/index.php\/produkt\/jika-wc-system-compact-pro-zavesne-klozety-se-samonosnym-ocelovym-ramem-h8946520000001-sleva-48187\/"]}]},{"@type":"ImageObject","inLanguage":"cs","@id":"https:\/\/www.domtechnikpro.com\/index.php\/produkt\/jika-wc-system-compact-pro-zavesne-klozety-se-samonosnym-ocelovym-ramem-h8946520000001-sleva-48187\/#primaryimage","url":"https:\/\/www.domtechnikpro.com\/wp-content\/uploads\/2026\/SK0001898-CZ20260425-092706-0-1777080427-63110_pp01-jika-894652-rgb-tf-web-big-jpeg.webp","contentUrl":"https:\/\/www.domtechnikpro.com\/wp-content\/uploads\/2026\/SK0001898-CZ20260425-092706-0-1777080427-63110_pp01-jika-894652-rgb-tf-web-big-jpeg.webp","width":533,"height":800},{"@type":"BreadcrumbList","@id":"https:\/\/www.domtechnikpro.com\/index.php\/produkt\/jika-wc-system-compact-pro-zavesne-klozety-se-samonosnym-ocelovym-ramem-h8946520000001-sleva-48187\/#breadcrumb","itemListElement":[{"@type":"ListItem","position":1,"name":"Home","item":"https:\/\/www.domtechnikpro.com\/"},{"@type":"ListItem","position":2,"name":"Products","item":"https:\/\/www.domtechnikpro.com\/products\/"},{"@type":"ListItem","position":3,"name":"JIKA WC SYSTEM COMPACT pro z\u00e1v\u011bsn\u00e9 klozety se samonosn\u00fdm ocelov\u00fdm r\u00e1mem, H8946520000001 Sleva"}]},{"@type":"WebSite","@id":"https:\/\/www.domtechnikpro.com\/#website","url":"https:\/\/www.domtechnikpro.com\/","name":"","description":"","potentialAction":[{"@type":"SearchAction","target":{"@type":"EntryPoint","urlTemplate":"https:\/\/www.domtechnikpro.com\/?s={search_term_string}"},"query-input":{"@type":"PropertyValueSpecification","valueRequired":true,"valueName":"search_term_string"}}],"inLanguage":"cs"}]}},"_links":{"self":[{"href":"https:\/\/www.domtechnikpro.com\/wp-json\/wp\/v2\/product\/48187","targetHints":{"allow":["GET"]}}],"collection":[{"href":"https:\/\/www.domtechnikpro.com\/wp-json\/wp\/v2\/product"}],"about":[{"href":"https:\/\/www.domtechnikpro.com\/wp-json\/wp\/v2\/types\/product"}],"replies":[{"embeddable":true,"href":"https:\/\/www.domtechnikpro.com\/wp-json\/wp\/v2\/comments?post=48187"}],"wp:featuredmedia":[{"embeddable":true,"href":"https:\/\/www.domtechnikpro.com\/wp-json\/wp\/v2\/media\/48287"}],"wp:attachment":[{"href":"https:\/\/www.domtechnikpro.com\/wp-json\/wp\/v2\/media?parent=48187"}],"wp:term":[{"taxonomy":"product_brand","embeddable":true,"href":"https:\/\/www.domtechnikpro.com\/wp-json\/wp\/v2\/product_brand?post=48187"},{"taxonomy":"product_cat","embeddable":true,"href":"https:\/\/www.domtechnikpro.com\/wp-json\/wp\/v2\/product_cat?post=48187"},{"taxonomy":"product_tag","embeddable":true,"href":"https:\/\/www.domtechnikpro.com\/wp-json\/wp\/v2\/product_tag?post=48187"}],"curies":[{"name":"wp","href":"https:\/\/api.w.org\/{rel}","templated":true}]}}