{"id":48174,"date":"2026-04-26T09:00:21","date_gmt":"2026-04-26T09:00:21","guid":{"rendered":""},"modified":"2026-04-26T09:00:21","modified_gmt":"2026-04-26T09:00:21","slug":"jen-po-omezenou-doba-jika-zavesny-klozet-mio-bez-oplachoveho-kruhu-rimless-h8207140000001-48174","status":"publish","type":"product","link":"https:\/\/www.domtechnikpro.com\/produkt\/jen-po-omezenou-doba-jika-zavesny-klozet-mio-bez-oplachoveho-kruhu-rimless-h8207140000001-48174\/","title":{"rendered":"Jen Po Omezenou Doba JIKA z\u00e1v\u011bsn\u00fd klozet MIO bez oplachov\u00e9ho kruhu, Rimless, H8207140000001"},"content":{"rendered":"<div class=\"basic-description\">\n<p><strong>Z\u00e1v\u011bsn\u00fd&nbsp;klozet<\/strong><\/p>\n<ul>\n<li>rozm\u011bry d\u00e9lka 530 mm, \u0161\u00ed\u0159ka 360 mm, v\u00fd\u0161ka 430 mm<\/li>\n<li><strong>RIMLESS<\/strong>&nbsp;technologie splachov\u00e1n\u00ed bez oplachov\u00e9ho kruhu<\/li>\n<li>kapotovan\u00e1 verze ke zdi<\/li>\n<li>snadn\u00e1 \u00fadr\u017eba<\/li>\n<li>odpad vodorovn\u00fd<\/li>\n<li>v\u010detn\u011b instala\u010dn\u00ed sady Easy fit<\/li>\n<li>hlubok\u00e9&nbsp;splachov\u00e1n\u00ed 4,5\/3l<\/li>\n<\/ul>\n<p>Pozor na v\u00fd\u0161ku osy odpadu, kter\u00e1 je oproti b\u011b\u017en\u00fdm klozet\u016fm o 3 cm v\u00fd\u0161.&nbsp;Spr\u00e1vn\u00e9 nastaven\u00ed vypou\u0161t\u011bc\u00edho ventilu v podom\u00edtkov\u00e9m modulu je splachovac\u00ed mno\u017estv\u00ed 4,5\/3l.<\/p>\n<p><strong>WC sed\u00e1tko nen\u00ed sou\u010d\u00e1st\u00ed dod\u00e1vky. Nutn\u00e9 objednat zvl\u00e1\u0161\u0165.<\/strong><\/p>\n<\/p><\/div>\n<\/p><\/div>\n<\/p><\/div>\n","protected":false},"excerpt":{"rendered":"<p>Z\u00e1v\u011bsn\u00fd&nbsp;klozet rozm\u011bry d\u00e9lka 530 mm, \u0161\u00ed\u0159ka 360 mm, v\u00fd\u0161ka 430 mm RIMLESS&nbsp;technologie splachov\u00e1n\u00ed bez oplachov\u00e9ho kruhu kapotovan\u00e1 verze ke zdi snadn\u00e1 \u00fadr\u017eba odpad vodorovn\u00fd v\u010detn\u011b instala\u010dn\u00ed sady Easy fit hlubok\u00e9&nbsp;splachov\u00e1n\u00ed 4,5\/3l Pozor na v\u00fd\u0161ku osy odpadu, kter\u00e1 je oproti b\u011b\u017en\u00fdm klozet\u016fm o 3 cm v\u00fd\u0161.&nbsp;Spr\u00e1vn\u00e9 nastaven\u00ed vypou\u0161t\u011bc\u00edho ventilu v podom\u00edtkov\u00e9m modulu je splachovac\u00ed mno\u017estv\u00ed 4,5\/3l. [&hellip;]<\/p>\n","protected":false},"featured_media":48274,"comment_status":"open","ping_status":"open","template":"","meta":[],"product_brand":[],"product_cat":[169],"product_tag":[],"class_list":{"0":"post-48174","1":"product","2":"type-product","3":"status-publish","4":"has-post-thumbnail","6":"product_cat-sanitarni-keramika-a-wc","8":"first","9":"instock","10":"sale","11":"shipping-taxable","12":"purchasable","13":"product-type-simple"},"yoast_head":"<!-- This site is optimized with the Yoast SEO plugin v26.8 - https:\/\/yoast.com\/product\/yoast-seo-wordpress\/ -->\n<title>Jen Po Omezenou Doba JIKA z\u00e1v\u011bsn\u00fd klozet MIO bez oplachov\u00e9ho kruhu, Rimless, H8207140000001 -<\/title>\n<meta name=\"robots\" content=\"index, follow, max-snippet:-1, max-image-preview:large, max-video-preview:-1\" \/>\n<link rel=\"canonical\" href=\"https:\/\/www.domtechnikpro.com\/index.php\/produkt\/jen-po-omezenou-doba-jika-zavesny-klozet-mio-bez-oplachoveho-kruhu-rimless-h8207140000001-48174\/\" \/>\n<meta property=\"og:locale\" content=\"cs_CZ\" \/>\n<meta property=\"og:type\" content=\"article\" \/>\n<meta property=\"og:title\" content=\"Jen Po Omezenou Doba JIKA z\u00e1v\u011bsn\u00fd klozet MIO bez oplachov\u00e9ho kruhu, Rimless, H8207140000001 -\" \/>\n<meta property=\"og:description\" content=\"Z\u00e1v\u011bsn\u00fd&nbsp;klozet rozm\u011bry d\u00e9lka 530 mm, \u0161\u00ed\u0159ka 360 mm, v\u00fd\u0161ka 430 mm RIMLESS&nbsp;technologie splachov\u00e1n\u00ed bez oplachov\u00e9ho kruhu kapotovan\u00e1 verze ke zdi snadn\u00e1 \u00fadr\u017eba odpad vodorovn\u00fd v\u010detn\u011b instala\u010dn\u00ed sady Easy fit hlubok\u00e9&nbsp;splachov\u00e1n\u00ed 4,5\/3l Pozor na v\u00fd\u0161ku osy odpadu, kter\u00e1 je oproti b\u011b\u017en\u00fdm klozet\u016fm o 3 cm v\u00fd\u0161.&nbsp;Spr\u00e1vn\u00e9 nastaven\u00ed vypou\u0161t\u011bc\u00edho ventilu v podom\u00edtkov\u00e9m modulu je splachovac\u00ed mno\u017estv\u00ed 4,5\/3l. [&hellip;]\" \/>\n<meta property=\"og:url\" content=\"https:\/\/www.domtechnikpro.com\/index.php\/produkt\/jen-po-omezenou-doba-jika-zavesny-klozet-mio-bez-oplachoveho-kruhu-rimless-h8207140000001-48174\/\" \/>\n<meta property=\"og:image\" content=\"https:\/\/www.domtechnikpro.com\/wp-content\/uploads\/2026\/SK0001884-CZ20260425-092706-0-1777080427-63002_pp01-jika-820714-rgb-tf-web-big-jpeg.webp\" \/>\n\t<meta property=\"og:image:width\" content=\"533\" \/>\n\t<meta property=\"og:image:height\" content=\"800\" \/>\n\t<meta property=\"og:image:type\" content=\"image\/webp\" \/>\n<meta name=\"twitter:card\" content=\"summary_large_image\" \/>\n<script type=\"application\/ld+json\" class=\"yoast-schema-graph\">{\"@context\":\"https:\/\/schema.org\",\"@graph\":[{\"@type\":\"WebPage\",\"@id\":\"https:\/\/www.domtechnikpro.com\/index.php\/produkt\/jen-po-omezenou-doba-jika-zavesny-klozet-mio-bez-oplachoveho-kruhu-rimless-h8207140000001-48174\/\",\"url\":\"https:\/\/www.domtechnikpro.com\/index.php\/produkt\/jen-po-omezenou-doba-jika-zavesny-klozet-mio-bez-oplachoveho-kruhu-rimless-h8207140000001-48174\/\",\"name\":\"Jen Po Omezenou Doba JIKA z\u00e1v\u011bsn\u00fd klozet MIO bez oplachov\u00e9ho kruhu, Rimless, H8207140000001 -\",\"isPartOf\":{\"@id\":\"https:\/\/www.domtechnikpro.com\/#website\"},\"primaryImageOfPage\":{\"@id\":\"https:\/\/www.domtechnikpro.com\/index.php\/produkt\/jen-po-omezenou-doba-jika-zavesny-klozet-mio-bez-oplachoveho-kruhu-rimless-h8207140000001-48174\/#primaryimage\"},\"image\":{\"@id\":\"https:\/\/www.domtechnikpro.com\/index.php\/produkt\/jen-po-omezenou-doba-jika-zavesny-klozet-mio-bez-oplachoveho-kruhu-rimless-h8207140000001-48174\/#primaryimage\"},\"thumbnailUrl\":\"https:\/\/www.domtechnikpro.com\/wp-content\/uploads\/2026\/SK0001884-CZ20260425-092706-0-1777080427-63002_pp01-jika-820714-rgb-tf-web-big-jpeg.webp\",\"datePublished\":\"2026-04-26T09:00:21+00:00\",\"breadcrumb\":{\"@id\":\"https:\/\/www.domtechnikpro.com\/index.php\/produkt\/jen-po-omezenou-doba-jika-zavesny-klozet-mio-bez-oplachoveho-kruhu-rimless-h8207140000001-48174\/#breadcrumb\"},\"inLanguage\":\"cs\",\"potentialAction\":[{\"@type\":\"ReadAction\",\"target\":[\"https:\/\/www.domtechnikpro.com\/index.php\/produkt\/jen-po-omezenou-doba-jika-zavesny-klozet-mio-bez-oplachoveho-kruhu-rimless-h8207140000001-48174\/\"]}]},{\"@type\":\"ImageObject\",\"inLanguage\":\"cs\",\"@id\":\"https:\/\/www.domtechnikpro.com\/index.php\/produkt\/jen-po-omezenou-doba-jika-zavesny-klozet-mio-bez-oplachoveho-kruhu-rimless-h8207140000001-48174\/#primaryimage\",\"url\":\"https:\/\/www.domtechnikpro.com\/wp-content\/uploads\/2026\/SK0001884-CZ20260425-092706-0-1777080427-63002_pp01-jika-820714-rgb-tf-web-big-jpeg.webp\",\"contentUrl\":\"https:\/\/www.domtechnikpro.com\/wp-content\/uploads\/2026\/SK0001884-CZ20260425-092706-0-1777080427-63002_pp01-jika-820714-rgb-tf-web-big-jpeg.webp\",\"width\":533,\"height\":800},{\"@type\":\"BreadcrumbList\",\"@id\":\"https:\/\/www.domtechnikpro.com\/index.php\/produkt\/jen-po-omezenou-doba-jika-zavesny-klozet-mio-bez-oplachoveho-kruhu-rimless-h8207140000001-48174\/#breadcrumb\",\"itemListElement\":[{\"@type\":\"ListItem\",\"position\":1,\"name\":\"Home\",\"item\":\"https:\/\/www.domtechnikpro.com\/\"},{\"@type\":\"ListItem\",\"position\":2,\"name\":\"Products\",\"item\":\"https:\/\/www.domtechnikpro.com\/products\/\"},{\"@type\":\"ListItem\",\"position\":3,\"name\":\"Jen Po Omezenou Doba JIKA z\u00e1v\u011bsn\u00fd klozet MIO bez oplachov\u00e9ho kruhu, Rimless, H8207140000001\"}]},{\"@type\":\"WebSite\",\"@id\":\"https:\/\/www.domtechnikpro.com\/#website\",\"url\":\"https:\/\/www.domtechnikpro.com\/\",\"name\":\"\",\"description\":\"\",\"potentialAction\":[{\"@type\":\"SearchAction\",\"target\":{\"@type\":\"EntryPoint\",\"urlTemplate\":\"https:\/\/www.domtechnikpro.com\/?s={search_term_string}\"},\"query-input\":{\"@type\":\"PropertyValueSpecification\",\"valueRequired\":true,\"valueName\":\"search_term_string\"}}],\"inLanguage\":\"cs\"}]}<\/script>\n<!-- \/ Yoast SEO plugin. -->","yoast_head_json":{"title":"Jen Po Omezenou Doba JIKA z\u00e1v\u011bsn\u00fd klozet MIO bez oplachov\u00e9ho kruhu, Rimless, H8207140000001 -","robots":{"index":"index","follow":"follow","max-snippet":"max-snippet:-1","max-image-preview":"max-image-preview:large","max-video-preview":"max-video-preview:-1"},"canonical":"https:\/\/www.domtechnikpro.com\/index.php\/produkt\/jen-po-omezenou-doba-jika-zavesny-klozet-mio-bez-oplachoveho-kruhu-rimless-h8207140000001-48174\/","og_locale":"cs_CZ","og_type":"article","og_title":"Jen Po Omezenou Doba JIKA z\u00e1v\u011bsn\u00fd klozet MIO bez oplachov\u00e9ho kruhu, Rimless, H8207140000001 -","og_description":"Z\u00e1v\u011bsn\u00fd&nbsp;klozet rozm\u011bry d\u00e9lka 530 mm, \u0161\u00ed\u0159ka 360 mm, v\u00fd\u0161ka 430 mm RIMLESS&nbsp;technologie splachov\u00e1n\u00ed bez oplachov\u00e9ho kruhu kapotovan\u00e1 verze ke zdi snadn\u00e1 \u00fadr\u017eba odpad vodorovn\u00fd v\u010detn\u011b instala\u010dn\u00ed sady Easy fit hlubok\u00e9&nbsp;splachov\u00e1n\u00ed 4,5\/3l Pozor na v\u00fd\u0161ku osy odpadu, kter\u00e1 je oproti b\u011b\u017en\u00fdm klozet\u016fm o 3 cm v\u00fd\u0161.&nbsp;Spr\u00e1vn\u00e9 nastaven\u00ed vypou\u0161t\u011bc\u00edho ventilu v podom\u00edtkov\u00e9m modulu je splachovac\u00ed mno\u017estv\u00ed 4,5\/3l. [&hellip;]","og_url":"https:\/\/www.domtechnikpro.com\/index.php\/produkt\/jen-po-omezenou-doba-jika-zavesny-klozet-mio-bez-oplachoveho-kruhu-rimless-h8207140000001-48174\/","og_image":[{"width":533,"height":800,"url":"https:\/\/www.domtechnikpro.com\/wp-content\/uploads\/2026\/SK0001884-CZ20260425-092706-0-1777080427-63002_pp01-jika-820714-rgb-tf-web-big-jpeg.webp","type":"image\/webp"}],"twitter_card":"summary_large_image","schema":{"@context":"https:\/\/schema.org","@graph":[{"@type":"WebPage","@id":"https:\/\/www.domtechnikpro.com\/index.php\/produkt\/jen-po-omezenou-doba-jika-zavesny-klozet-mio-bez-oplachoveho-kruhu-rimless-h8207140000001-48174\/","url":"https:\/\/www.domtechnikpro.com\/index.php\/produkt\/jen-po-omezenou-doba-jika-zavesny-klozet-mio-bez-oplachoveho-kruhu-rimless-h8207140000001-48174\/","name":"Jen Po Omezenou Doba JIKA z\u00e1v\u011bsn\u00fd klozet MIO bez oplachov\u00e9ho kruhu, Rimless, H8207140000001 -","isPartOf":{"@id":"https:\/\/www.domtechnikpro.com\/#website"},"primaryImageOfPage":{"@id":"https:\/\/www.domtechnikpro.com\/index.php\/produkt\/jen-po-omezenou-doba-jika-zavesny-klozet-mio-bez-oplachoveho-kruhu-rimless-h8207140000001-48174\/#primaryimage"},"image":{"@id":"https:\/\/www.domtechnikpro.com\/index.php\/produkt\/jen-po-omezenou-doba-jika-zavesny-klozet-mio-bez-oplachoveho-kruhu-rimless-h8207140000001-48174\/#primaryimage"},"thumbnailUrl":"https:\/\/www.domtechnikpro.com\/wp-content\/uploads\/2026\/SK0001884-CZ20260425-092706-0-1777080427-63002_pp01-jika-820714-rgb-tf-web-big-jpeg.webp","datePublished":"2026-04-26T09:00:21+00:00","breadcrumb":{"@id":"https:\/\/www.domtechnikpro.com\/index.php\/produkt\/jen-po-omezenou-doba-jika-zavesny-klozet-mio-bez-oplachoveho-kruhu-rimless-h8207140000001-48174\/#breadcrumb"},"inLanguage":"cs","potentialAction":[{"@type":"ReadAction","target":["https:\/\/www.domtechnikpro.com\/index.php\/produkt\/jen-po-omezenou-doba-jika-zavesny-klozet-mio-bez-oplachoveho-kruhu-rimless-h8207140000001-48174\/"]}]},{"@type":"ImageObject","inLanguage":"cs","@id":"https:\/\/www.domtechnikpro.com\/index.php\/produkt\/jen-po-omezenou-doba-jika-zavesny-klozet-mio-bez-oplachoveho-kruhu-rimless-h8207140000001-48174\/#primaryimage","url":"https:\/\/www.domtechnikpro.com\/wp-content\/uploads\/2026\/SK0001884-CZ20260425-092706-0-1777080427-63002_pp01-jika-820714-rgb-tf-web-big-jpeg.webp","contentUrl":"https:\/\/www.domtechnikpro.com\/wp-content\/uploads\/2026\/SK0001884-CZ20260425-092706-0-1777080427-63002_pp01-jika-820714-rgb-tf-web-big-jpeg.webp","width":533,"height":800},{"@type":"BreadcrumbList","@id":"https:\/\/www.domtechnikpro.com\/index.php\/produkt\/jen-po-omezenou-doba-jika-zavesny-klozet-mio-bez-oplachoveho-kruhu-rimless-h8207140000001-48174\/#breadcrumb","itemListElement":[{"@type":"ListItem","position":1,"name":"Home","item":"https:\/\/www.domtechnikpro.com\/"},{"@type":"ListItem","position":2,"name":"Products","item":"https:\/\/www.domtechnikpro.com\/products\/"},{"@type":"ListItem","position":3,"name":"Jen Po Omezenou Doba JIKA z\u00e1v\u011bsn\u00fd klozet MIO bez oplachov\u00e9ho kruhu, Rimless, H8207140000001"}]},{"@type":"WebSite","@id":"https:\/\/www.domtechnikpro.com\/#website","url":"https:\/\/www.domtechnikpro.com\/","name":"","description":"","potentialAction":[{"@type":"SearchAction","target":{"@type":"EntryPoint","urlTemplate":"https:\/\/www.domtechnikpro.com\/?s={search_term_string}"},"query-input":{"@type":"PropertyValueSpecification","valueRequired":true,"valueName":"search_term_string"}}],"inLanguage":"cs"}]}},"_links":{"self":[{"href":"https:\/\/www.domtechnikpro.com\/wp-json\/wp\/v2\/product\/48174","targetHints":{"allow":["GET"]}}],"collection":[{"href":"https:\/\/www.domtechnikpro.com\/wp-json\/wp\/v2\/product"}],"about":[{"href":"https:\/\/www.domtechnikpro.com\/wp-json\/wp\/v2\/types\/product"}],"replies":[{"embeddable":true,"href":"https:\/\/www.domtechnikpro.com\/wp-json\/wp\/v2\/comments?post=48174"}],"wp:featuredmedia":[{"embeddable":true,"href":"https:\/\/www.domtechnikpro.com\/wp-json\/wp\/v2\/media\/48274"}],"wp:attachment":[{"href":"https:\/\/www.domtechnikpro.com\/wp-json\/wp\/v2\/media?parent=48174"}],"wp:term":[{"taxonomy":"product_brand","embeddable":true,"href":"https:\/\/www.domtechnikpro.com\/wp-json\/wp\/v2\/product_brand?post=48174"},{"taxonomy":"product_cat","embeddable":true,"href":"https:\/\/www.domtechnikpro.com\/wp-json\/wp\/v2\/product_cat?post=48174"},{"taxonomy":"product_tag","embeddable":true,"href":"https:\/\/www.domtechnikpro.com\/wp-json\/wp\/v2\/product_tag?post=48174"}],"curies":[{"name":"wp","href":"https:\/\/api.w.org\/{rel}","templated":true}]}}