{"id":48130,"date":"2026-04-26T09:00:21","date_gmt":"2026-04-26T09:00:21","guid":{"rendered":""},"modified":"2026-04-26T09:00:21","modified_gmt":"2026-04-26T09:00:21","slug":"sapho-zig-otopne-teleso-500x1572-mm-bila-zg516-levny-48130","status":"publish","type":"product","link":"https:\/\/www.domtechnikpro.com\/produkt\/sapho-zig-otopne-teleso-500x1572-mm-bila-zg516-levny-48130\/","title":{"rendered":"Sapho ZIG otopn\u00e9 t\u011bleso 500&#215;1572 mm, b\u00edl\u00e1, ZG516 Levn\u00fd"},"content":{"rendered":"<div class=\"basic-description\">\n<div class=\"product-explanation-list\">\n<div class=\"product-explanation-item\">\n<h3><span style=\"font-size: 14pt;\">Elektrick\u00e9 vyt\u00e1p\u011bn\u00ed&nbsp;<\/span><\/h3>\n<p>Pokud je otopn\u00e9 t\u011bleso<span>&nbsp;<\/span><strong>vyt\u00e1p\u011bno<\/strong><span>&nbsp;<\/span>pouze elektricky, tozn.<span>&nbsp;<\/span><strong>pouze za pomoci topn\u00e9 ty\u010de, je nutn\u00e9 zakoupit \u00bd&#8220; z\u00e1slepku k&nbsp;radi\u00e1tor\u016fm<\/strong>. Ta slou\u017e\u00ed k&nbsp;zaslepen\u00ed druh\u00e9ho otvoru v&nbsp;t\u011blese, kter\u00fd by byl jinak pou\u017eit pro p\u0159ipojovac\u00ed ventil \u00fast\u0159edn\u00edho vyt\u00e1p\u011bn\u00ed.<br \/>Topn\u00e9 t\u011bleso doporu\u010dujeme naplnit destilovanou vodou. Doporu\u010dujeme t\u00e9\u017e nemrznouc\u00ed teplonosnou antikorozn\u00ed kapalinou zna\u010dky LIKIDO.<br \/>Topnou ty\u010d doporu\u010dujeme se stejn\u00fdm nebo podobn\u00fdm v\u00fdkonem dle specifikace dan\u00e9ho topn\u00e9ho t\u011blesa. U&nbsp;topn\u00fdch ty\u010d\u00ed s&nbsp;termostatem se reguluje teplota kapaliny v&nbsp;radi\u00e1toru.<\/p>\n<div><strong>Topen\u00ed s&nbsp;p\u0159ipojovac\u00ed rozte\u010d\u00ed 50 mm<\/strong><\/div>\n<div><strong>Topen\u00ed s&nbsp;bo\u010dn\u00edm p\u0159ipojen\u00edm<\/strong><\/div>\n<div><span style=\"font-size: 14pt;\"><span style=\"font-family: var(--template-headings-font),sans-serif; font-weight: bold;\">Kombinace \u00fast\u0159edn\u00edho a&nbsp;elektrick\u00e9ho vyt\u00e1p\u011bn\u00ed&nbsp;<\/span><\/span><\/div>\n<\/div>\n<div class=\"product-explanation-item\">\n<p>Kombinovan\u00e9 p\u0159ipojen\u00ed umo\u017e\u0148uje oh\u0159\u00edvat t\u011bleso jak centr\u00e1ln\u00edm syst\u00e9mem vyt\u00e1p\u011bn\u00ed, tak vyu\u017e\u00edt pro samostatn\u00fd oh\u0159ev elektrickou topnou ty\u010d mimo topnou sezonu. Topnou ty\u010d doporu\u010dujeme se stejn\u00fdm nebo podobn\u00fdm v\u00fdkonem dle specifikace dan\u00e9ho topn\u00e9ho t\u011blesa.<\/p>\n<p>Pokud se jedn\u00e1 o&nbsp;t\u011bleso se st\u0159edov\u00fdm p\u0159ipojen\u00edm, z\u00e1le\u017e\u00ed na tom, zda lze ty\u010d propojit p\u0159es ventil (v tomto p\u0159\u00edpad\u011b se pou\u017eije kombinovan\u00fd ventil) nebo se ty\u010d p\u0159ipojuje samostatn\u011b do stojny t\u011blesa (v tomto p\u0159\u00edpad\u011b se pou\u017eije klasick\u00fd ventil). V&nbsp;p\u0159\u00edpad\u011b bo\u010dn\u00edho p\u0159ipojen\u00ed se v\u017edy pou\u017eije kombinovan\u00fd ventil. Na v\u00fdb\u011br je pou\u017eit\u00ed ru\u010dn\u00edho ventilu nebo ventilu s&nbsp;termostatickou hlavic\u00ed.<\/p>\n<p><strong>Ru\u010dn\u00ed ventil:<\/strong><span>&nbsp;<\/span>Ovl\u00e1dac\u00ed<span>&nbsp;<\/span><strong>hlavice ventilu lze instalovat na levou \/ pravou stranu<\/strong><span>&nbsp;<\/span><strong>bez ohledu na m\u00edsto p\u0159\u00edvodu tepl\u00e9 vody.<\/strong><span>&nbsp;<\/span>Ovl\u00e1d\u00e1n\u00ed regulace teploty je manu\u00e1ln\u00ed.<br \/><strong>Ventil s&nbsp;termostatickou hlavic\u00ed:<\/strong><span>&nbsp;<\/span>Integrovan\u00fd termostat udr\u017euje nastavenou teplotu okol\u00ed.<span>&nbsp;<\/span><strong>Termostatick\u00e1 hlavice mus\u00ed b\u00fdt v&nbsp;m\u00edst\u011b p\u0159\u00edvodu tepl\u00e9 vody (mimo MONO ONE).<\/strong><\/p>\n<p>N\u00e1mi nab\u00edzen\u00e9 p\u0159ipojovac\u00ed ventily jsou dod\u00e1v\u00e1ny v\u010detn\u011b sv\u011brn\u00e9ho \u0161rouben\u00ed na nejb\u011b\u017en\u011bj\u0161\u00ed potrub\u00ed (\u00d815 mm Cu a&nbsp;\u00d816 mm Alupex), pro dopojen\u00ed tak nen\u00ed t\u0159eba nic dokupovat. Pro zakryt\u00ed p\u0159\u00edvodn\u00edch trubek a&nbsp;otvor\u016f ve zdi doporu\u010dujeme p\u0159ikoupit kryc\u00ed rozety.<\/p>\n<div><strong>Topen\u00ed s&nbsp;p\u0159ipojovac\u00ed rozte\u010d\u00ed 50 mm<\/strong><\/div>\n<div><strong>Topen\u00ed s&nbsp;bo\u010dn\u00edm p\u0159ipojen\u00edm<\/strong><\/div>\n<div><strong>Topen\u00ed s&nbsp;jednobodov\u00fdm p\u0159ipojen\u00edm<\/strong><\/div>\n<div><span style=\"font-size: 14pt;\"><span style=\"font-family: var(--template-headings-font),sans-serif; font-weight: bold;\">\u00dast\u0159edn\u00ed vyt\u00e1p\u011bn\u00ed&nbsp;<\/span><\/span><\/div>\n<\/div>\n<div class=\"product-explanation-item\">\n<p>V p\u0159\u00edpad\u011b \u00fast\u0159edn\u00edho vyt\u00e1p\u011bn\u00ed je d\u016fle\u017eit\u00fd v\u00fdb\u011br p\u0159ipojovac\u00ed sady ventil\u016f. Na v\u00fdb\u011br je pou\u017eit\u00ed ru\u010dn\u00edho ventilu nebo ventilu s&nbsp;termostatickou hlavic\u00ed.<\/p>\n<p><strong>Ru\u010dn\u00ed ventil:<\/strong><span>&nbsp;<\/span>Ovl\u00e1dac\u00ed<span>&nbsp;<\/span><strong>hlavice ventilu lze instalovat na levou \/ pravou stranu<\/strong><span>&nbsp;<\/span><strong>bez ohledu na m\u00edsto p\u0159\u00edvodu tepl\u00e9 vody.<\/strong><span>&nbsp;<\/span>Ovl\u00e1d\u00e1n\u00ed regulace teploty je manu\u00e1ln\u00ed.<br \/><strong>Ventil s&nbsp;termostatickou hlavic\u00ed:<\/strong><span>&nbsp;<\/span>Integrovan\u00fd termostat udr\u017euje nastavenou teplotu okol\u00ed.<span>&nbsp;<\/span><strong>Termostatick\u00e1 hlavice mus\u00ed b\u00fdt v&nbsp;m\u00edst\u011b p\u0159\u00edvodu tepl\u00e9 vody (mimo MONO ONE).<\/strong><\/p>\n<p>N\u00e1mi nab\u00edzen\u00e9 p\u0159ipojovac\u00ed ventily jsou dod\u00e1v\u00e1ny v\u010detn\u011b sv\u011brn\u00e9ho \u0161rouben\u00ed na nejb\u011b\u017en\u011bj\u0161\u00ed potrub\u00ed (\u00d815 mm Cu a&nbsp;\u00d816 mm Alupex), pro dopojen\u00ed tak nen\u00ed t\u0159eba nic dokupovat. Pro zakryt\u00ed p\u0159\u00edvodn\u00edch trubek a&nbsp;otvor\u016f ve zdi doporu\u010dujeme p\u0159ikoupit kryc\u00ed rozety.<\/p>\n<div><strong>Topen\u00ed s&nbsp;p\u0159ipojovac\u00ed rozte\u010d\u00ed 50 mm<\/strong><\/div>\n<div><strong>Topen\u00ed s&nbsp;bo\u010dn\u00edm p\u0159ipojen\u00edm<\/strong><\/div>\n<div><strong>Topen\u00ed s&nbsp;jednobodov\u00fdm p\u0159ipojen\u00edm<\/strong><\/div>\n<div><span style=\"font-family: var(--template-headings-font),sans-serif; font-size: 14pt; font-weight: bold;\">Popis s\u00e9rie<\/span><\/div>\n<\/div>\n<\/div>\n<p>Otopn\u00e9 t\u011bleso s&nbsp;r\u016fznob\u011b\u017en\u00fdmi st\u0159edov\u00fdmi trubkami podtrhne design koupelny. Mo\u017en\u00e1 kombinace \u00fast\u0159edn\u00edho a&nbsp;elektrick\u00e9ho vyt\u00e1p\u011bn\u00ed.&nbsp;V nab\u00eddce v&nbsp;barv\u00e1ch b\u00edl\u00e1, struktur\u00e1ln\u00ed antracit a&nbsp;\u010dern\u00e1 mat.<\/p>\n<ul>\n<li><span style=\"color: #ff0000;\"><strong>Topn\u00e1 ty\u010d a&nbsp;p\u0159ipojovac\u00ed ventily nejsou sou\u010d\u00e1st\u00ed balen\u00ed<\/strong><\/span><\/li>\n<\/ul><\/div>\n<\/p><\/div>\n<\/p><\/div>\n","protected":false},"excerpt":{"rendered":"<p>Elektrick\u00e9 vyt\u00e1p\u011bn\u00ed&nbsp; Pokud je otopn\u00e9 t\u011bleso&nbsp;vyt\u00e1p\u011bno&nbsp;pouze elektricky, tozn.&nbsp;pouze za pomoci topn\u00e9 ty\u010de, je nutn\u00e9 zakoupit \u00bd&#8220; z\u00e1slepku k&nbsp;radi\u00e1tor\u016fm. Ta slou\u017e\u00ed k&nbsp;zaslepen\u00ed druh\u00e9ho otvoru v&nbsp;t\u011blese, kter\u00fd by byl jinak pou\u017eit pro p\u0159ipojovac\u00ed ventil \u00fast\u0159edn\u00edho vyt\u00e1p\u011bn\u00ed.Topn\u00e9 t\u011bleso doporu\u010dujeme naplnit destilovanou vodou. Doporu\u010dujeme t\u00e9\u017e nemrznouc\u00ed teplonosnou antikorozn\u00ed kapalinou zna\u010dky LIKIDO.Topnou ty\u010d doporu\u010dujeme se stejn\u00fdm nebo podobn\u00fdm v\u00fdkonem dle [&hellip;]<\/p>\n","protected":false},"featured_media":48230,"comment_status":"open","ping_status":"open","template":"","meta":[],"product_brand":[],"product_cat":[168],"product_tag":[],"class_list":{"0":"post-48130","1":"product","2":"type-product","3":"status-publish","4":"has-post-thumbnail","6":"product_cat-vybaveni-koupelny","8":"first","9":"instock","10":"sale","11":"shipping-taxable","12":"purchasable","13":"product-type-simple"},"yoast_head":"<!-- This site is optimized with the Yoast SEO plugin v26.8 - https:\/\/yoast.com\/product\/yoast-seo-wordpress\/ -->\n<title>Sapho ZIG otopn\u00e9 t\u011bleso 500x1572 mm, b\u00edl\u00e1, ZG516 Levn\u00fd - Pr\u016fmyslov\u00e9 vybaven\u00ed a p\u0159\u00edslu\u0161enstv\u00ed<\/title>\n<meta name=\"robots\" content=\"index, follow, max-snippet:-1, max-image-preview:large, max-video-preview:-1\" \/>\n<link rel=\"canonical\" href=\"https:\/\/www.domtechnikpro.com\/index.php\/produkt\/sapho-zig-otopne-teleso-500x1572-mm-bila-zg516-levny-48130\/\" \/>\n<meta property=\"og:locale\" content=\"cs_CZ\" \/>\n<meta property=\"og:type\" content=\"article\" \/>\n<meta property=\"og:title\" content=\"Sapho ZIG otopn\u00e9 t\u011bleso 500x1572 mm, b\u00edl\u00e1, ZG516 Levn\u00fd - Pr\u016fmyslov\u00e9 vybaven\u00ed a p\u0159\u00edslu\u0161enstv\u00ed\" \/>\n<meta property=\"og:description\" content=\"Elektrick\u00e9 vyt\u00e1p\u011bn\u00ed&nbsp; Pokud je otopn\u00e9 t\u011bleso&nbsp;vyt\u00e1p\u011bno&nbsp;pouze elektricky, tozn.&nbsp;pouze za pomoci topn\u00e9 ty\u010de, je nutn\u00e9 zakoupit \u00bd&#8220; z\u00e1slepku k&nbsp;radi\u00e1tor\u016fm. Ta slou\u017e\u00ed k&nbsp;zaslepen\u00ed druh\u00e9ho otvoru v&nbsp;t\u011blese, kter\u00fd by byl jinak pou\u017eit pro p\u0159ipojovac\u00ed ventil \u00fast\u0159edn\u00edho vyt\u00e1p\u011bn\u00ed.Topn\u00e9 t\u011bleso doporu\u010dujeme naplnit destilovanou vodou. Doporu\u010dujeme t\u00e9\u017e nemrznouc\u00ed teplonosnou antikorozn\u00ed kapalinou zna\u010dky LIKIDO.Topnou ty\u010d doporu\u010dujeme se stejn\u00fdm nebo podobn\u00fdm v\u00fdkonem dle [&hellip;]\" \/>\n<meta property=\"og:url\" content=\"https:\/\/www.domtechnikpro.com\/index.php\/produkt\/sapho-zig-otopne-teleso-500x1572-mm-bila-zg516-levny-48130\/\" \/>\n<meta property=\"og:site_name\" content=\"Pr\u016fmyslov\u00e9 vybaven\u00ed a p\u0159\u00edslu\u0161enstv\u00ed\" \/>\n<meta property=\"og:image\" content=\"https:\/\/www.domtechnikpro.com\/wp-content\/uploads\/2026\/SK0001840-CZ20260425-092706-0-1777080427-62654_zg516-zig-otopne-teleso-500x1572-mm-582-w-cesta.webp\" \/>\n\t<meta property=\"og:image:width\" content=\"533\" \/>\n\t<meta property=\"og:image:height\" content=\"800\" \/>\n\t<meta property=\"og:image:type\" content=\"image\/webp\" \/>\n<meta name=\"twitter:card\" content=\"summary_large_image\" \/>\n<meta name=\"twitter:label1\" content=\"Odhadovan\u00e1 doba \u010dten\u00ed\" \/>\n\t<meta name=\"twitter:data1\" content=\"3 minuty\" \/>\n<script type=\"application\/ld+json\" class=\"yoast-schema-graph\">{\"@context\":\"https:\/\/schema.org\",\"@graph\":[{\"@type\":\"WebPage\",\"@id\":\"https:\/\/www.domtechnikpro.com\/index.php\/produkt\/sapho-zig-otopne-teleso-500x1572-mm-bila-zg516-levny-48130\/\",\"url\":\"https:\/\/www.domtechnikpro.com\/index.php\/produkt\/sapho-zig-otopne-teleso-500x1572-mm-bila-zg516-levny-48130\/\",\"name\":\"Sapho ZIG otopn\u00e9 t\u011bleso 500x1572 mm, b\u00edl\u00e1, ZG516 Levn\u00fd - Pr\u016fmyslov\u00e9 vybaven\u00ed a p\u0159\u00edslu\u0161enstv\u00ed\",\"isPartOf\":{\"@id\":\"https:\/\/www.domtechnikpro.com\/#website\"},\"primaryImageOfPage\":{\"@id\":\"https:\/\/www.domtechnikpro.com\/index.php\/produkt\/sapho-zig-otopne-teleso-500x1572-mm-bila-zg516-levny-48130\/#primaryimage\"},\"image\":{\"@id\":\"https:\/\/www.domtechnikpro.com\/index.php\/produkt\/sapho-zig-otopne-teleso-500x1572-mm-bila-zg516-levny-48130\/#primaryimage\"},\"thumbnailUrl\":\"https:\/\/www.domtechnikpro.com\/wp-content\/uploads\/2026\/SK0001840-CZ20260425-092706-0-1777080427-62654_zg516-zig-otopne-teleso-500x1572-mm-582-w-cesta.webp\",\"datePublished\":\"2026-04-26T09:00:21+00:00\",\"breadcrumb\":{\"@id\":\"https:\/\/www.domtechnikpro.com\/index.php\/produkt\/sapho-zig-otopne-teleso-500x1572-mm-bila-zg516-levny-48130\/#breadcrumb\"},\"inLanguage\":\"cs\",\"potentialAction\":[{\"@type\":\"ReadAction\",\"target\":[\"https:\/\/www.domtechnikpro.com\/index.php\/produkt\/sapho-zig-otopne-teleso-500x1572-mm-bila-zg516-levny-48130\/\"]}]},{\"@type\":\"ImageObject\",\"inLanguage\":\"cs\",\"@id\":\"https:\/\/www.domtechnikpro.com\/index.php\/produkt\/sapho-zig-otopne-teleso-500x1572-mm-bila-zg516-levny-48130\/#primaryimage\",\"url\":\"https:\/\/www.domtechnikpro.com\/wp-content\/uploads\/2026\/SK0001840-CZ20260425-092706-0-1777080427-62654_zg516-zig-otopne-teleso-500x1572-mm-582-w-cesta.webp\",\"contentUrl\":\"https:\/\/www.domtechnikpro.com\/wp-content\/uploads\/2026\/SK0001840-CZ20260425-092706-0-1777080427-62654_zg516-zig-otopne-teleso-500x1572-mm-582-w-cesta.webp\",\"width\":533,\"height\":800},{\"@type\":\"BreadcrumbList\",\"@id\":\"https:\/\/www.domtechnikpro.com\/index.php\/produkt\/sapho-zig-otopne-teleso-500x1572-mm-bila-zg516-levny-48130\/#breadcrumb\",\"itemListElement\":[{\"@type\":\"ListItem\",\"position\":1,\"name\":\"Home\",\"item\":\"https:\/\/www.domtechnikpro.com\/\"},{\"@type\":\"ListItem\",\"position\":2,\"name\":\"Products\",\"item\":\"https:\/\/www.domtechnikpro.com\/products\/\"},{\"@type\":\"ListItem\",\"position\":3,\"name\":\"Sapho ZIG otopn\u00e9 t\u011bleso 500&#215;1572 mm, b\u00edl\u00e1, ZG516 Levn\u00fd\"}]},{\"@type\":\"WebSite\",\"@id\":\"https:\/\/www.domtechnikpro.com\/#website\",\"url\":\"https:\/\/www.domtechnikpro.com\/\",\"name\":\"Pr\u016fmyslov\u00e9 vybaven\u00ed a p\u0159\u00edslu\u0161enstv\u00ed\",\"description\":\"Pr\u016fmyslov\u00e9 vybaven\u00ed a p\u0159\u00edslu\u0161enstv\u00ed\",\"publisher\":{\"@id\":\"https:\/\/www.domtechnikpro.com\/#organization\"},\"potentialAction\":[{\"@type\":\"SearchAction\",\"target\":{\"@type\":\"EntryPoint\",\"urlTemplate\":\"https:\/\/www.domtechnikpro.com\/?s={search_term_string}\"},\"query-input\":{\"@type\":\"PropertyValueSpecification\",\"valueRequired\":true,\"valueName\":\"search_term_string\"}}],\"inLanguage\":\"cs\"},{\"@type\":\"Organization\",\"@id\":\"https:\/\/www.domtechnikpro.com\/#organization\",\"name\":\"Pr\u016fmyslov\u00e9 vybaven\u00ed a p\u0159\u00edslu\u0161enstv\u00ed\",\"url\":\"https:\/\/www.domtechnikpro.com\/\",\"logo\":{\"@type\":\"ImageObject\",\"inLanguage\":\"cs\",\"@id\":\"https:\/\/www.domtechnikpro.com\/#\/schema\/logo\/image\/\",\"url\":\"https:\/\/www.domtechnikpro.com\/wp-content\/uploads\/2026\/04\/domtechnikpro_logo_full.svg\",\"contentUrl\":\"https:\/\/www.domtechnikpro.com\/wp-content\/uploads\/2026\/04\/domtechnikpro_logo_full.svg\",\"width\":920,\"height\":180,\"caption\":\"Pr\u016fmyslov\u00e9 vybaven\u00ed a p\u0159\u00edslu\u0161enstv\u00ed\"},\"image\":{\"@id\":\"https:\/\/www.domtechnikpro.com\/#\/schema\/logo\/image\/\"}}]}<\/script>\n<!-- \/ Yoast SEO plugin. -->","yoast_head_json":{"title":"Sapho ZIG otopn\u00e9 t\u011bleso 500x1572 mm, b\u00edl\u00e1, ZG516 Levn\u00fd - Pr\u016fmyslov\u00e9 vybaven\u00ed a p\u0159\u00edslu\u0161enstv\u00ed","robots":{"index":"index","follow":"follow","max-snippet":"max-snippet:-1","max-image-preview":"max-image-preview:large","max-video-preview":"max-video-preview:-1"},"canonical":"https:\/\/www.domtechnikpro.com\/index.php\/produkt\/sapho-zig-otopne-teleso-500x1572-mm-bila-zg516-levny-48130\/","og_locale":"cs_CZ","og_type":"article","og_title":"Sapho ZIG otopn\u00e9 t\u011bleso 500x1572 mm, b\u00edl\u00e1, ZG516 Levn\u00fd - Pr\u016fmyslov\u00e9 vybaven\u00ed a p\u0159\u00edslu\u0161enstv\u00ed","og_description":"Elektrick\u00e9 vyt\u00e1p\u011bn\u00ed&nbsp; Pokud je otopn\u00e9 t\u011bleso&nbsp;vyt\u00e1p\u011bno&nbsp;pouze elektricky, tozn.&nbsp;pouze za pomoci topn\u00e9 ty\u010de, je nutn\u00e9 zakoupit \u00bd&#8220; z\u00e1slepku k&nbsp;radi\u00e1tor\u016fm. Ta slou\u017e\u00ed k&nbsp;zaslepen\u00ed druh\u00e9ho otvoru v&nbsp;t\u011blese, kter\u00fd by byl jinak pou\u017eit pro p\u0159ipojovac\u00ed ventil \u00fast\u0159edn\u00edho vyt\u00e1p\u011bn\u00ed.Topn\u00e9 t\u011bleso doporu\u010dujeme naplnit destilovanou vodou. Doporu\u010dujeme t\u00e9\u017e nemrznouc\u00ed teplonosnou antikorozn\u00ed kapalinou zna\u010dky LIKIDO.Topnou ty\u010d doporu\u010dujeme se stejn\u00fdm nebo podobn\u00fdm v\u00fdkonem dle [&hellip;]","og_url":"https:\/\/www.domtechnikpro.com\/index.php\/produkt\/sapho-zig-otopne-teleso-500x1572-mm-bila-zg516-levny-48130\/","og_site_name":"Pr\u016fmyslov\u00e9 vybaven\u00ed a p\u0159\u00edslu\u0161enstv\u00ed","og_image":[{"width":533,"height":800,"url":"https:\/\/www.domtechnikpro.com\/wp-content\/uploads\/2026\/SK0001840-CZ20260425-092706-0-1777080427-62654_zg516-zig-otopne-teleso-500x1572-mm-582-w-cesta.webp","type":"image\/webp"}],"twitter_card":"summary_large_image","twitter_misc":{"Odhadovan\u00e1 doba \u010dten\u00ed":"3 minuty"},"schema":{"@context":"https:\/\/schema.org","@graph":[{"@type":"WebPage","@id":"https:\/\/www.domtechnikpro.com\/index.php\/produkt\/sapho-zig-otopne-teleso-500x1572-mm-bila-zg516-levny-48130\/","url":"https:\/\/www.domtechnikpro.com\/index.php\/produkt\/sapho-zig-otopne-teleso-500x1572-mm-bila-zg516-levny-48130\/","name":"Sapho ZIG otopn\u00e9 t\u011bleso 500x1572 mm, b\u00edl\u00e1, ZG516 Levn\u00fd - Pr\u016fmyslov\u00e9 vybaven\u00ed a p\u0159\u00edslu\u0161enstv\u00ed","isPartOf":{"@id":"https:\/\/www.domtechnikpro.com\/#website"},"primaryImageOfPage":{"@id":"https:\/\/www.domtechnikpro.com\/index.php\/produkt\/sapho-zig-otopne-teleso-500x1572-mm-bila-zg516-levny-48130\/#primaryimage"},"image":{"@id":"https:\/\/www.domtechnikpro.com\/index.php\/produkt\/sapho-zig-otopne-teleso-500x1572-mm-bila-zg516-levny-48130\/#primaryimage"},"thumbnailUrl":"https:\/\/www.domtechnikpro.com\/wp-content\/uploads\/2026\/SK0001840-CZ20260425-092706-0-1777080427-62654_zg516-zig-otopne-teleso-500x1572-mm-582-w-cesta.webp","datePublished":"2026-04-26T09:00:21+00:00","breadcrumb":{"@id":"https:\/\/www.domtechnikpro.com\/index.php\/produkt\/sapho-zig-otopne-teleso-500x1572-mm-bila-zg516-levny-48130\/#breadcrumb"},"inLanguage":"cs","potentialAction":[{"@type":"ReadAction","target":["https:\/\/www.domtechnikpro.com\/index.php\/produkt\/sapho-zig-otopne-teleso-500x1572-mm-bila-zg516-levny-48130\/"]}]},{"@type":"ImageObject","inLanguage":"cs","@id":"https:\/\/www.domtechnikpro.com\/index.php\/produkt\/sapho-zig-otopne-teleso-500x1572-mm-bila-zg516-levny-48130\/#primaryimage","url":"https:\/\/www.domtechnikpro.com\/wp-content\/uploads\/2026\/SK0001840-CZ20260425-092706-0-1777080427-62654_zg516-zig-otopne-teleso-500x1572-mm-582-w-cesta.webp","contentUrl":"https:\/\/www.domtechnikpro.com\/wp-content\/uploads\/2026\/SK0001840-CZ20260425-092706-0-1777080427-62654_zg516-zig-otopne-teleso-500x1572-mm-582-w-cesta.webp","width":533,"height":800},{"@type":"BreadcrumbList","@id":"https:\/\/www.domtechnikpro.com\/index.php\/produkt\/sapho-zig-otopne-teleso-500x1572-mm-bila-zg516-levny-48130\/#breadcrumb","itemListElement":[{"@type":"ListItem","position":1,"name":"Home","item":"https:\/\/www.domtechnikpro.com\/"},{"@type":"ListItem","position":2,"name":"Products","item":"https:\/\/www.domtechnikpro.com\/products\/"},{"@type":"ListItem","position":3,"name":"Sapho ZIG otopn\u00e9 t\u011bleso 500&#215;1572 mm, b\u00edl\u00e1, ZG516 Levn\u00fd"}]},{"@type":"WebSite","@id":"https:\/\/www.domtechnikpro.com\/#website","url":"https:\/\/www.domtechnikpro.com\/","name":"Pr\u016fmyslov\u00e9 vybaven\u00ed a p\u0159\u00edslu\u0161enstv\u00ed","description":"Pr\u016fmyslov\u00e9 vybaven\u00ed a p\u0159\u00edslu\u0161enstv\u00ed","publisher":{"@id":"https:\/\/www.domtechnikpro.com\/#organization"},"potentialAction":[{"@type":"SearchAction","target":{"@type":"EntryPoint","urlTemplate":"https:\/\/www.domtechnikpro.com\/?s={search_term_string}"},"query-input":{"@type":"PropertyValueSpecification","valueRequired":true,"valueName":"search_term_string"}}],"inLanguage":"cs"},{"@type":"Organization","@id":"https:\/\/www.domtechnikpro.com\/#organization","name":"Pr\u016fmyslov\u00e9 vybaven\u00ed a p\u0159\u00edslu\u0161enstv\u00ed","url":"https:\/\/www.domtechnikpro.com\/","logo":{"@type":"ImageObject","inLanguage":"cs","@id":"https:\/\/www.domtechnikpro.com\/#\/schema\/logo\/image\/","url":"https:\/\/www.domtechnikpro.com\/wp-content\/uploads\/2026\/04\/domtechnikpro_logo_full.svg","contentUrl":"https:\/\/www.domtechnikpro.com\/wp-content\/uploads\/2026\/04\/domtechnikpro_logo_full.svg","width":920,"height":180,"caption":"Pr\u016fmyslov\u00e9 vybaven\u00ed a p\u0159\u00edslu\u0161enstv\u00ed"},"image":{"@id":"https:\/\/www.domtechnikpro.com\/#\/schema\/logo\/image\/"}}]}},"_links":{"self":[{"href":"https:\/\/www.domtechnikpro.com\/wp-json\/wp\/v2\/product\/48130","targetHints":{"allow":["GET"]}}],"collection":[{"href":"https:\/\/www.domtechnikpro.com\/wp-json\/wp\/v2\/product"}],"about":[{"href":"https:\/\/www.domtechnikpro.com\/wp-json\/wp\/v2\/types\/product"}],"replies":[{"embeddable":true,"href":"https:\/\/www.domtechnikpro.com\/wp-json\/wp\/v2\/comments?post=48130"}],"wp:featuredmedia":[{"embeddable":true,"href":"https:\/\/www.domtechnikpro.com\/wp-json\/wp\/v2\/media\/48230"}],"wp:attachment":[{"href":"https:\/\/www.domtechnikpro.com\/wp-json\/wp\/v2\/media?parent=48130"}],"wp:term":[{"taxonomy":"product_brand","embeddable":true,"href":"https:\/\/www.domtechnikpro.com\/wp-json\/wp\/v2\/product_brand?post=48130"},{"taxonomy":"product_cat","embeddable":true,"href":"https:\/\/www.domtechnikpro.com\/wp-json\/wp\/v2\/product_cat?post=48130"},{"taxonomy":"product_tag","embeddable":true,"href":"https:\/\/www.domtechnikpro.com\/wp-json\/wp\/v2\/product_tag?post=48130"}],"curies":[{"name":"wp","href":"https:\/\/api.w.org\/{rel}","templated":true}]}}