{"id":48128,"date":"2026-04-26T09:00:21","date_gmt":"2026-04-26T09:00:21","guid":{"rendered":""},"modified":"2026-04-26T09:00:21","modified_gmt":"2026-04-26T09:00:21","slug":"sapho-pilon-otopne-teleso-270x1800-mm-se-ctyrmi-hacky-pro-rucnik-chrom-iz120t-akce-48128","status":"publish","type":"product","link":"https:\/\/www.domtechnikpro.com\/index.php\/produkt\/sapho-pilon-otopne-teleso-270x1800-mm-se-ctyrmi-hacky-pro-rucnik-chrom-iz120t-akce-48128\/","title":{"rendered":"Sapho PILON otopn\u00e9 t\u011bleso 270&#215;1800 mm, se \u010dty\u0159mi h\u00e1\u010dky pro ru\u010dn\u00edk, chrom, IZ120T Akce"},"content":{"rendered":"<div class=\"basic-description\">\n<p>Masivn\u00ed a&nbsp;p\u0159esto elegantn\u00ed otopn\u00e9 t\u011bleso, kter\u00e9 je nav\u00edc prostorov\u011b \u00fasporn\u00e9.<\/p>\n<ul>\n<li><span>T\u011bleso je dopln\u011bno praktick\u00fdmi h\u00e1\u010dky<\/span><\/li>\n<li><span style=\"color: #ff0000;\"><strong>P\u0159ipojovac\u00ed ventily nejsou sou\u010d\u00e1st\u00ed balen\u00ed<\/strong><\/span><\/li>\n<li><span style=\"color: #ff0000;\"><strong>Nelze instalovat topnou ty\u010d<\/strong><\/span><span><\/span><\/li>\n<\/ul>\n<p><span style=\"font-family: var(--template-headings-font),sans-serif; font-size: 14pt; font-weight: bold;\">\u00dast\u0159edn\u00ed vyt\u00e1p\u011bn\u00ed<\/span><\/p>\n<div class=\"product-explanation-list\">\n<div class=\"product-explanation-item\">\n<div><\/div>\n<p><strong>Ru\u010dn\u00ed ventil:<\/strong><span>&nbsp;<\/span>Ovl\u00e1d\u00e1n\u00ed regulace teploty je manu\u00e1ln\u00ed. P\u0159\u00edvod tepl\u00e9 vody lze p\u0159ipojit na levou \/ pravou stranu ventilu bez omezen\u00ed.<br \/><strong>Ventil s&nbsp;termostatickou hlavic\u00ed:<\/strong><span>&nbsp;<\/span>Integrovan\u00fd termostat udr\u017euje nastavenou teplotu okol\u00ed.<span>&nbsp;<\/span><strong>Termostatick\u00e1 hlavice mus\u00ed b\u00fdt v&nbsp;m\u00edst\u011b p\u0159\u00edvodu tepl\u00e9 vody (mimo MONO ONE).<\/strong><\/p>\n<p>N\u00e1mi nab\u00edzen\u00e9 p\u0159ipojovac\u00ed ventily jsou dod\u00e1v\u00e1ny v\u010detn\u011b sv\u011brn\u00e9ho \u0161rouben\u00ed na nejb\u011b\u017en\u011bj\u0161\u00ed potrub\u00ed (\u00d815 mm Cu a&nbsp;\u00d816 mm Alupex), pro dopojen\u00ed tak nen\u00ed t\u0159eba nic dokupovat. Pro zakryt\u00ed p\u0159\u00edvodn\u00edch trubek a&nbsp;otvor\u016f ve zdi doporu\u010dujeme p\u0159ikoupit kryc\u00ed rozety.<\/p>\n<div><strong>Topen\u00ed s&nbsp;p\u0159ipojovac\u00ed rozte\u010d\u00ed 50 mm<\/strong><\/div>\n<div><strong>Topen\u00ed s&nbsp;bo\u010dn\u00edm p\u0159ipojen\u00edm<\/strong><\/div>\n<div><\/div>\n<p><strong style=\"font-family: var(--template-font),sans-serif;\">Topen\u00ed s&nbsp;jednobodov\u00fdm p\u0159ipojen\u00edm<\/strong><\/p>\n<\/div>\n<\/div><\/div>\n<\/p><\/div>\n<\/p><\/div>\n","protected":false},"excerpt":{"rendered":"<p>Masivn\u00ed a&nbsp;p\u0159esto elegantn\u00ed otopn\u00e9 t\u011bleso, kter\u00e9 je nav\u00edc prostorov\u011b \u00fasporn\u00e9. T\u011bleso je dopln\u011bno praktick\u00fdmi h\u00e1\u010dky P\u0159ipojovac\u00ed ventily nejsou sou\u010d\u00e1st\u00ed balen\u00ed Nelze instalovat topnou ty\u010d \u00dast\u0159edn\u00ed vyt\u00e1p\u011bn\u00ed Ru\u010dn\u00ed ventil:&nbsp;Ovl\u00e1d\u00e1n\u00ed regulace teploty je manu\u00e1ln\u00ed. P\u0159\u00edvod tepl\u00e9 vody lze p\u0159ipojit na levou \/ pravou stranu ventilu bez omezen\u00ed.Ventil s&nbsp;termostatickou hlavic\u00ed:&nbsp;Integrovan\u00fd termostat udr\u017euje nastavenou teplotu okol\u00ed.&nbsp;Termostatick\u00e1 hlavice mus\u00ed b\u00fdt [&hellip;]<\/p>\n","protected":false},"featured_media":48228,"comment_status":"open","ping_status":"open","template":"","meta":[],"product_brand":[],"product_cat":[168],"product_tag":[],"class_list":{"0":"post-48128","1":"product","2":"type-product","3":"status-publish","4":"has-post-thumbnail","6":"product_cat-vybaveni-koupelny","8":"first","9":"instock","10":"sale","11":"shipping-taxable","12":"purchasable","13":"product-type-simple"},"yoast_head":"<!-- This site is optimized with the Yoast SEO plugin v26.8 - https:\/\/yoast.com\/product\/yoast-seo-wordpress\/ -->\n<title>Sapho PILON otopn\u00e9 t\u011bleso 270x1800 mm, se \u010dty\u0159mi h\u00e1\u010dky pro ru\u010dn\u00edk, chrom, IZ120T Akce -<\/title>\n<meta name=\"robots\" content=\"index, follow, max-snippet:-1, max-image-preview:large, max-video-preview:-1\" \/>\n<link rel=\"canonical\" href=\"https:\/\/www.domtechnikpro.com\/index.php\/produkt\/sapho-pilon-otopne-teleso-270x1800-mm-se-ctyrmi-hacky-pro-rucnik-chrom-iz120t-akce-48128\/\" \/>\n<meta property=\"og:locale\" content=\"cs_CZ\" \/>\n<meta property=\"og:type\" content=\"article\" \/>\n<meta property=\"og:title\" content=\"Sapho PILON otopn\u00e9 t\u011bleso 270x1800 mm, se \u010dty\u0159mi h\u00e1\u010dky pro ru\u010dn\u00edk, chrom, IZ120T Akce -\" \/>\n<meta property=\"og:description\" content=\"Masivn\u00ed a&nbsp;p\u0159esto elegantn\u00ed otopn\u00e9 t\u011bleso, kter\u00e9 je nav\u00edc prostorov\u011b \u00fasporn\u00e9. T\u011bleso je dopln\u011bno praktick\u00fdmi h\u00e1\u010dky P\u0159ipojovac\u00ed ventily nejsou sou\u010d\u00e1st\u00ed balen\u00ed Nelze instalovat topnou ty\u010d \u00dast\u0159edn\u00ed vyt\u00e1p\u011bn\u00ed Ru\u010dn\u00ed ventil:&nbsp;Ovl\u00e1d\u00e1n\u00ed regulace teploty je manu\u00e1ln\u00ed. P\u0159\u00edvod tepl\u00e9 vody lze p\u0159ipojit na levou \/ pravou stranu ventilu bez omezen\u00ed.Ventil s&nbsp;termostatickou hlavic\u00ed:&nbsp;Integrovan\u00fd termostat udr\u017euje nastavenou teplotu okol\u00ed.&nbsp;Termostatick\u00e1 hlavice mus\u00ed b\u00fdt [&hellip;]\" \/>\n<meta property=\"og:url\" content=\"https:\/\/www.domtechnikpro.com\/index.php\/produkt\/sapho-pilon-otopne-teleso-270x1800-mm-se-ctyrmi-hacky-pro-rucnik-chrom-iz120t-akce-48128\/\" \/>\n<meta property=\"og:image\" content=\"https:\/\/www.domtechnikpro.com\/wp-content\/uploads\/2026\/SK0001838-CZ20260425-092706-0-1777080427-62645-1_iz120t-239384297227484--1.webp\" \/>\n\t<meta property=\"og:image:width\" content=\"533\" \/>\n\t<meta property=\"og:image:height\" content=\"800\" \/>\n\t<meta property=\"og:image:type\" content=\"image\/webp\" \/>\n<meta name=\"twitter:card\" content=\"summary_large_image\" \/>\n<meta name=\"twitter:label1\" content=\"Odhadovan\u00e1 doba \u010dten\u00ed\" \/>\n\t<meta name=\"twitter:data1\" content=\"1 minuta\" \/>\n<script type=\"application\/ld+json\" class=\"yoast-schema-graph\">{\"@context\":\"https:\/\/schema.org\",\"@graph\":[{\"@type\":\"WebPage\",\"@id\":\"https:\/\/www.domtechnikpro.com\/index.php\/produkt\/sapho-pilon-otopne-teleso-270x1800-mm-se-ctyrmi-hacky-pro-rucnik-chrom-iz120t-akce-48128\/\",\"url\":\"https:\/\/www.domtechnikpro.com\/index.php\/produkt\/sapho-pilon-otopne-teleso-270x1800-mm-se-ctyrmi-hacky-pro-rucnik-chrom-iz120t-akce-48128\/\",\"name\":\"Sapho PILON otopn\u00e9 t\u011bleso 270x1800 mm, se \u010dty\u0159mi h\u00e1\u010dky pro ru\u010dn\u00edk, chrom, IZ120T Akce -\",\"isPartOf\":{\"@id\":\"https:\/\/www.domtechnikpro.com\/#website\"},\"primaryImageOfPage\":{\"@id\":\"https:\/\/www.domtechnikpro.com\/index.php\/produkt\/sapho-pilon-otopne-teleso-270x1800-mm-se-ctyrmi-hacky-pro-rucnik-chrom-iz120t-akce-48128\/#primaryimage\"},\"image\":{\"@id\":\"https:\/\/www.domtechnikpro.com\/index.php\/produkt\/sapho-pilon-otopne-teleso-270x1800-mm-se-ctyrmi-hacky-pro-rucnik-chrom-iz120t-akce-48128\/#primaryimage\"},\"thumbnailUrl\":\"https:\/\/www.domtechnikpro.com\/wp-content\/uploads\/2026\/SK0001838-CZ20260425-092706-0-1777080427-62645-1_iz120t-239384297227484--1.webp\",\"datePublished\":\"2026-04-26T09:00:21+00:00\",\"breadcrumb\":{\"@id\":\"https:\/\/www.domtechnikpro.com\/index.php\/produkt\/sapho-pilon-otopne-teleso-270x1800-mm-se-ctyrmi-hacky-pro-rucnik-chrom-iz120t-akce-48128\/#breadcrumb\"},\"inLanguage\":\"cs\",\"potentialAction\":[{\"@type\":\"ReadAction\",\"target\":[\"https:\/\/www.domtechnikpro.com\/index.php\/produkt\/sapho-pilon-otopne-teleso-270x1800-mm-se-ctyrmi-hacky-pro-rucnik-chrom-iz120t-akce-48128\/\"]}]},{\"@type\":\"ImageObject\",\"inLanguage\":\"cs\",\"@id\":\"https:\/\/www.domtechnikpro.com\/index.php\/produkt\/sapho-pilon-otopne-teleso-270x1800-mm-se-ctyrmi-hacky-pro-rucnik-chrom-iz120t-akce-48128\/#primaryimage\",\"url\":\"https:\/\/www.domtechnikpro.com\/wp-content\/uploads\/2026\/SK0001838-CZ20260425-092706-0-1777080427-62645-1_iz120t-239384297227484--1.webp\",\"contentUrl\":\"https:\/\/www.domtechnikpro.com\/wp-content\/uploads\/2026\/SK0001838-CZ20260425-092706-0-1777080427-62645-1_iz120t-239384297227484--1.webp\",\"width\":533,\"height\":800},{\"@type\":\"BreadcrumbList\",\"@id\":\"https:\/\/www.domtechnikpro.com\/index.php\/produkt\/sapho-pilon-otopne-teleso-270x1800-mm-se-ctyrmi-hacky-pro-rucnik-chrom-iz120t-akce-48128\/#breadcrumb\",\"itemListElement\":[{\"@type\":\"ListItem\",\"position\":1,\"name\":\"Home\",\"item\":\"https:\/\/www.domtechnikpro.com\/\"},{\"@type\":\"ListItem\",\"position\":2,\"name\":\"Products\",\"item\":\"https:\/\/www.domtechnikpro.com\/index.php\/products\/\"},{\"@type\":\"ListItem\",\"position\":3,\"name\":\"Sapho PILON otopn\u00e9 t\u011bleso 270&#215;1800 mm, se \u010dty\u0159mi h\u00e1\u010dky pro ru\u010dn\u00edk, chrom, IZ120T Akce\"}]},{\"@type\":\"WebSite\",\"@id\":\"https:\/\/www.domtechnikpro.com\/#website\",\"url\":\"https:\/\/www.domtechnikpro.com\/\",\"name\":\"\",\"description\":\"\",\"potentialAction\":[{\"@type\":\"SearchAction\",\"target\":{\"@type\":\"EntryPoint\",\"urlTemplate\":\"https:\/\/www.domtechnikpro.com\/?s={search_term_string}\"},\"query-input\":{\"@type\":\"PropertyValueSpecification\",\"valueRequired\":true,\"valueName\":\"search_term_string\"}}],\"inLanguage\":\"cs\"}]}<\/script>\n<!-- \/ Yoast SEO plugin. -->","yoast_head_json":{"title":"Sapho PILON otopn\u00e9 t\u011bleso 270x1800 mm, se \u010dty\u0159mi h\u00e1\u010dky pro ru\u010dn\u00edk, chrom, IZ120T Akce -","robots":{"index":"index","follow":"follow","max-snippet":"max-snippet:-1","max-image-preview":"max-image-preview:large","max-video-preview":"max-video-preview:-1"},"canonical":"https:\/\/www.domtechnikpro.com\/index.php\/produkt\/sapho-pilon-otopne-teleso-270x1800-mm-se-ctyrmi-hacky-pro-rucnik-chrom-iz120t-akce-48128\/","og_locale":"cs_CZ","og_type":"article","og_title":"Sapho PILON otopn\u00e9 t\u011bleso 270x1800 mm, se \u010dty\u0159mi h\u00e1\u010dky pro ru\u010dn\u00edk, chrom, IZ120T Akce -","og_description":"Masivn\u00ed a&nbsp;p\u0159esto elegantn\u00ed otopn\u00e9 t\u011bleso, kter\u00e9 je nav\u00edc prostorov\u011b \u00fasporn\u00e9. T\u011bleso je dopln\u011bno praktick\u00fdmi h\u00e1\u010dky P\u0159ipojovac\u00ed ventily nejsou sou\u010d\u00e1st\u00ed balen\u00ed Nelze instalovat topnou ty\u010d \u00dast\u0159edn\u00ed vyt\u00e1p\u011bn\u00ed Ru\u010dn\u00ed ventil:&nbsp;Ovl\u00e1d\u00e1n\u00ed regulace teploty je manu\u00e1ln\u00ed. P\u0159\u00edvod tepl\u00e9 vody lze p\u0159ipojit na levou \/ pravou stranu ventilu bez omezen\u00ed.Ventil s&nbsp;termostatickou hlavic\u00ed:&nbsp;Integrovan\u00fd termostat udr\u017euje nastavenou teplotu okol\u00ed.&nbsp;Termostatick\u00e1 hlavice mus\u00ed b\u00fdt [&hellip;]","og_url":"https:\/\/www.domtechnikpro.com\/index.php\/produkt\/sapho-pilon-otopne-teleso-270x1800-mm-se-ctyrmi-hacky-pro-rucnik-chrom-iz120t-akce-48128\/","og_image":[{"width":533,"height":800,"url":"https:\/\/www.domtechnikpro.com\/wp-content\/uploads\/2026\/SK0001838-CZ20260425-092706-0-1777080427-62645-1_iz120t-239384297227484--1.webp","type":"image\/webp"}],"twitter_card":"summary_large_image","twitter_misc":{"Odhadovan\u00e1 doba \u010dten\u00ed":"1 minuta"},"schema":{"@context":"https:\/\/schema.org","@graph":[{"@type":"WebPage","@id":"https:\/\/www.domtechnikpro.com\/index.php\/produkt\/sapho-pilon-otopne-teleso-270x1800-mm-se-ctyrmi-hacky-pro-rucnik-chrom-iz120t-akce-48128\/","url":"https:\/\/www.domtechnikpro.com\/index.php\/produkt\/sapho-pilon-otopne-teleso-270x1800-mm-se-ctyrmi-hacky-pro-rucnik-chrom-iz120t-akce-48128\/","name":"Sapho PILON otopn\u00e9 t\u011bleso 270x1800 mm, se \u010dty\u0159mi h\u00e1\u010dky pro ru\u010dn\u00edk, chrom, IZ120T Akce -","isPartOf":{"@id":"https:\/\/www.domtechnikpro.com\/#website"},"primaryImageOfPage":{"@id":"https:\/\/www.domtechnikpro.com\/index.php\/produkt\/sapho-pilon-otopne-teleso-270x1800-mm-se-ctyrmi-hacky-pro-rucnik-chrom-iz120t-akce-48128\/#primaryimage"},"image":{"@id":"https:\/\/www.domtechnikpro.com\/index.php\/produkt\/sapho-pilon-otopne-teleso-270x1800-mm-se-ctyrmi-hacky-pro-rucnik-chrom-iz120t-akce-48128\/#primaryimage"},"thumbnailUrl":"https:\/\/www.domtechnikpro.com\/wp-content\/uploads\/2026\/SK0001838-CZ20260425-092706-0-1777080427-62645-1_iz120t-239384297227484--1.webp","datePublished":"2026-04-26T09:00:21+00:00","breadcrumb":{"@id":"https:\/\/www.domtechnikpro.com\/index.php\/produkt\/sapho-pilon-otopne-teleso-270x1800-mm-se-ctyrmi-hacky-pro-rucnik-chrom-iz120t-akce-48128\/#breadcrumb"},"inLanguage":"cs","potentialAction":[{"@type":"ReadAction","target":["https:\/\/www.domtechnikpro.com\/index.php\/produkt\/sapho-pilon-otopne-teleso-270x1800-mm-se-ctyrmi-hacky-pro-rucnik-chrom-iz120t-akce-48128\/"]}]},{"@type":"ImageObject","inLanguage":"cs","@id":"https:\/\/www.domtechnikpro.com\/index.php\/produkt\/sapho-pilon-otopne-teleso-270x1800-mm-se-ctyrmi-hacky-pro-rucnik-chrom-iz120t-akce-48128\/#primaryimage","url":"https:\/\/www.domtechnikpro.com\/wp-content\/uploads\/2026\/SK0001838-CZ20260425-092706-0-1777080427-62645-1_iz120t-239384297227484--1.webp","contentUrl":"https:\/\/www.domtechnikpro.com\/wp-content\/uploads\/2026\/SK0001838-CZ20260425-092706-0-1777080427-62645-1_iz120t-239384297227484--1.webp","width":533,"height":800},{"@type":"BreadcrumbList","@id":"https:\/\/www.domtechnikpro.com\/index.php\/produkt\/sapho-pilon-otopne-teleso-270x1800-mm-se-ctyrmi-hacky-pro-rucnik-chrom-iz120t-akce-48128\/#breadcrumb","itemListElement":[{"@type":"ListItem","position":1,"name":"Home","item":"https:\/\/www.domtechnikpro.com\/"},{"@type":"ListItem","position":2,"name":"Products","item":"https:\/\/www.domtechnikpro.com\/index.php\/products\/"},{"@type":"ListItem","position":3,"name":"Sapho PILON otopn\u00e9 t\u011bleso 270&#215;1800 mm, se \u010dty\u0159mi h\u00e1\u010dky pro ru\u010dn\u00edk, chrom, IZ120T Akce"}]},{"@type":"WebSite","@id":"https:\/\/www.domtechnikpro.com\/#website","url":"https:\/\/www.domtechnikpro.com\/","name":"","description":"","potentialAction":[{"@type":"SearchAction","target":{"@type":"EntryPoint","urlTemplate":"https:\/\/www.domtechnikpro.com\/?s={search_term_string}"},"query-input":{"@type":"PropertyValueSpecification","valueRequired":true,"valueName":"search_term_string"}}],"inLanguage":"cs"}]}},"_links":{"self":[{"href":"https:\/\/www.domtechnikpro.com\/index.php\/wp-json\/wp\/v2\/product\/48128","targetHints":{"allow":["GET"]}}],"collection":[{"href":"https:\/\/www.domtechnikpro.com\/index.php\/wp-json\/wp\/v2\/product"}],"about":[{"href":"https:\/\/www.domtechnikpro.com\/index.php\/wp-json\/wp\/v2\/types\/product"}],"replies":[{"embeddable":true,"href":"https:\/\/www.domtechnikpro.com\/index.php\/wp-json\/wp\/v2\/comments?post=48128"}],"wp:featuredmedia":[{"embeddable":true,"href":"https:\/\/www.domtechnikpro.com\/index.php\/wp-json\/wp\/v2\/media\/48228"}],"wp:attachment":[{"href":"https:\/\/www.domtechnikpro.com\/index.php\/wp-json\/wp\/v2\/media?parent=48128"}],"wp:term":[{"taxonomy":"product_brand","embeddable":true,"href":"https:\/\/www.domtechnikpro.com\/index.php\/wp-json\/wp\/v2\/product_brand?post=48128"},{"taxonomy":"product_cat","embeddable":true,"href":"https:\/\/www.domtechnikpro.com\/index.php\/wp-json\/wp\/v2\/product_cat?post=48128"},{"taxonomy":"product_tag","embeddable":true,"href":"https:\/\/www.domtechnikpro.com\/index.php\/wp-json\/wp\/v2\/product_tag?post=48128"}],"curies":[{"name":"wp","href":"https:\/\/api.w.org\/{rel}","templated":true}]}}