{"id":48127,"date":"2026-04-26T09:00:21","date_gmt":"2026-04-26T09:00:21","guid":{"rendered":""},"modified":"2026-04-26T09:00:21","modified_gmt":"2026-04-26T09:00:21","slug":"hit-sezony-sapho-karbo-elektricky-susak-rucniku-kulaty-500x1600-mm-120-w-cerna-mat-kb905-48127","status":"publish","type":"product","link":"https:\/\/www.domtechnikpro.com\/produkt\/hit-sezony-sapho-karbo-elektricky-susak-rucniku-kulaty-500x1600-mm-120-w-cerna-mat-kb905-48127\/","title":{"rendered":"Hit Sez\u00f3ny Sapho KARBO elektrick\u00fd su\u0161\u00e1k ru\u010dn\u00edk\u016f, kulat\u00fd, 500&#215;1600 mm, 120 W, \u010dern\u00e1 mat, KB905"},"content":{"rendered":"<div class=\"basic-description\">\n<div>&nbsp;<\/div>\n<div><span style=\"font-family: var(--template-font),sans-serif;\"><strong>Elektrick\u00fd su\u0161\u00e1k ru\u010dn\u00edk\u016f do modern\u00edho interi\u00e9ru &#8211; v&nbsp;matn\u011b \u010dern\u00e9 barv\u011b<\/strong> jsou nejen trubky a uchycen\u00ed, ale i&nbsp;nap\u00e1jec\u00ed kabel a elektrick\u00e1 z\u00e1str\u010dka.<\/span><\/div>\n<div>\n<p>D\u00edky hloubce 10 cm nezabere v&nbsp;koupeln\u011b mnoho m\u00edsta. Lze ho nainstalovat na ze\u010f jako z\u00e1v\u011bsn\u00fd su\u0161\u00e1k nebo o&nbsp;ze\u010f op\u0159\u00edt a zafixovat horn\u00edmi \u00fachyty. Uvnit\u0159 topn\u00e9ho t\u011blesa je um\u00edst\u011bn odporov\u00fd dr\u00e1t bez pou\u017eit\u00ed kapaln\u00e9 pln\u00edc\u00ed sm\u011bsi, na koncovce je um\u00edst\u011bn kol\u00e9bkov\u00fd vyp\u00edna\u010d.<\/p>\n<ul>\n<li>Nap\u00e1jec\u00ed kabel nelze pozi\u010dn\u011b m\u011bnit.<\/li>\n<li><span>Nap\u00e1jec\u00ed kabel spir\u00e1lov\u00fd o&nbsp;d\u00e9lce 60 cm, v&nbsp;maxim\u00e1ln\u00edm nata\u017een\u00ed cca 3 m<\/span><\/li>\n<li>Po nah\u0159\u00e1t\u00ed se teplota pohybuje mezi 45 a\u017e 55 \u00b0C dle teploty okol\u00ed<\/li>\n<li>Stupe\u0148 kryt\u00ed: IP44<\/li>\n<li>T\u0159\u00edda ochrany: 1<\/li>\n<li>Nap\u011bt\u00ed: 220-240 V\/50Hz<\/li>\n<\/ul>\n<\/div><\/div>\n<\/p><\/div>\n<\/p><\/div>\n","protected":false},"excerpt":{"rendered":"<p>&nbsp; Elektrick\u00fd su\u0161\u00e1k ru\u010dn\u00edk\u016f do modern\u00edho interi\u00e9ru &#8211; v&nbsp;matn\u011b \u010dern\u00e9 barv\u011b jsou nejen trubky a uchycen\u00ed, ale i&nbsp;nap\u00e1jec\u00ed kabel a elektrick\u00e1 z\u00e1str\u010dka. D\u00edky hloubce 10 cm nezabere v&nbsp;koupeln\u011b mnoho m\u00edsta. Lze ho nainstalovat na ze\u010f jako z\u00e1v\u011bsn\u00fd su\u0161\u00e1k nebo o&nbsp;ze\u010f op\u0159\u00edt a zafixovat horn\u00edmi \u00fachyty. Uvnit\u0159 topn\u00e9ho t\u011blesa je um\u00edst\u011bn odporov\u00fd dr\u00e1t bez pou\u017eit\u00ed kapaln\u00e9 [&hellip;]<\/p>\n","protected":false},"featured_media":48227,"comment_status":"open","ping_status":"open","template":"","meta":[],"product_brand":[],"product_cat":[168],"product_tag":[],"class_list":{"0":"post-48127","1":"product","2":"type-product","3":"status-publish","4":"has-post-thumbnail","6":"product_cat-vybaveni-koupelny","8":"first","9":"instock","10":"sale","11":"shipping-taxable","12":"purchasable","13":"product-type-simple"},"yoast_head":"<!-- This site is optimized with the Yoast SEO plugin v26.8 - https:\/\/yoast.com\/product\/yoast-seo-wordpress\/ -->\n<title>Hit Sez\u00f3ny Sapho KARBO elektrick\u00fd su\u0161\u00e1k ru\u010dn\u00edk\u016f, kulat\u00fd, 500x1600 mm, 120 W, \u010dern\u00e1 mat, KB905 - Pr\u016fmyslov\u00e9 vybaven\u00ed a p\u0159\u00edslu\u0161enstv\u00ed<\/title>\n<meta name=\"robots\" content=\"index, follow, max-snippet:-1, max-image-preview:large, max-video-preview:-1\" \/>\n<link rel=\"canonical\" href=\"https:\/\/www.domtechnikpro.com\/index.php\/produkt\/hit-sezony-sapho-karbo-elektricky-susak-rucniku-kulaty-500x1600-mm-120-w-cerna-mat-kb905-48127\/\" \/>\n<meta property=\"og:locale\" content=\"cs_CZ\" \/>\n<meta property=\"og:type\" content=\"article\" \/>\n<meta property=\"og:title\" content=\"Hit Sez\u00f3ny Sapho KARBO elektrick\u00fd su\u0161\u00e1k ru\u010dn\u00edk\u016f, kulat\u00fd, 500x1600 mm, 120 W, \u010dern\u00e1 mat, KB905 - Pr\u016fmyslov\u00e9 vybaven\u00ed a p\u0159\u00edslu\u0161enstv\u00ed\" \/>\n<meta property=\"og:description\" content=\"&nbsp; Elektrick\u00fd su\u0161\u00e1k ru\u010dn\u00edk\u016f do modern\u00edho interi\u00e9ru &#8211; v&nbsp;matn\u011b \u010dern\u00e9 barv\u011b jsou nejen trubky a uchycen\u00ed, ale i&nbsp;nap\u00e1jec\u00ed kabel a elektrick\u00e1 z\u00e1str\u010dka. D\u00edky hloubce 10 cm nezabere v&nbsp;koupeln\u011b mnoho m\u00edsta. Lze ho nainstalovat na ze\u010f jako z\u00e1v\u011bsn\u00fd su\u0161\u00e1k nebo o&nbsp;ze\u010f op\u0159\u00edt a zafixovat horn\u00edmi \u00fachyty. Uvnit\u0159 topn\u00e9ho t\u011blesa je um\u00edst\u011bn odporov\u00fd dr\u00e1t bez pou\u017eit\u00ed kapaln\u00e9 [&hellip;]\" \/>\n<meta property=\"og:url\" content=\"https:\/\/www.domtechnikpro.com\/index.php\/produkt\/hit-sezony-sapho-karbo-elektricky-susak-rucniku-kulaty-500x1600-mm-120-w-cerna-mat-kb905-48127\/\" \/>\n<meta property=\"og:site_name\" content=\"Pr\u016fmyslov\u00e9 vybaven\u00ed a p\u0159\u00edslu\u0161enstv\u00ed\" \/>\n<meta property=\"og:image\" content=\"https:\/\/www.domtechnikpro.com\/wp-content\/uploads\/2026\/SK0001837-CZ20260425-092706-0-1777080427-62642-1_kb905-karbo3.webp\" \/>\n\t<meta property=\"og:image:width\" content=\"533\" \/>\n\t<meta property=\"og:image:height\" content=\"800\" \/>\n\t<meta property=\"og:image:type\" content=\"image\/webp\" \/>\n<meta name=\"twitter:card\" content=\"summary_large_image\" \/>\n<meta name=\"twitter:label1\" content=\"Odhadovan\u00e1 doba \u010dten\u00ed\" \/>\n\t<meta name=\"twitter:data1\" content=\"1 minuta\" \/>\n<script type=\"application\/ld+json\" class=\"yoast-schema-graph\">{\"@context\":\"https:\/\/schema.org\",\"@graph\":[{\"@type\":\"WebPage\",\"@id\":\"https:\/\/www.domtechnikpro.com\/index.php\/produkt\/hit-sezony-sapho-karbo-elektricky-susak-rucniku-kulaty-500x1600-mm-120-w-cerna-mat-kb905-48127\/\",\"url\":\"https:\/\/www.domtechnikpro.com\/index.php\/produkt\/hit-sezony-sapho-karbo-elektricky-susak-rucniku-kulaty-500x1600-mm-120-w-cerna-mat-kb905-48127\/\",\"name\":\"Hit Sez\u00f3ny Sapho KARBO elektrick\u00fd su\u0161\u00e1k ru\u010dn\u00edk\u016f, kulat\u00fd, 500x1600 mm, 120 W, \u010dern\u00e1 mat, KB905 - Pr\u016fmyslov\u00e9 vybaven\u00ed a p\u0159\u00edslu\u0161enstv\u00ed\",\"isPartOf\":{\"@id\":\"https:\/\/www.domtechnikpro.com\/#website\"},\"primaryImageOfPage\":{\"@id\":\"https:\/\/www.domtechnikpro.com\/index.php\/produkt\/hit-sezony-sapho-karbo-elektricky-susak-rucniku-kulaty-500x1600-mm-120-w-cerna-mat-kb905-48127\/#primaryimage\"},\"image\":{\"@id\":\"https:\/\/www.domtechnikpro.com\/index.php\/produkt\/hit-sezony-sapho-karbo-elektricky-susak-rucniku-kulaty-500x1600-mm-120-w-cerna-mat-kb905-48127\/#primaryimage\"},\"thumbnailUrl\":\"https:\/\/www.domtechnikpro.com\/wp-content\/uploads\/2026\/SK0001837-CZ20260425-092706-0-1777080427-62642-1_kb905-karbo3.webp\",\"datePublished\":\"2026-04-26T09:00:21+00:00\",\"breadcrumb\":{\"@id\":\"https:\/\/www.domtechnikpro.com\/index.php\/produkt\/hit-sezony-sapho-karbo-elektricky-susak-rucniku-kulaty-500x1600-mm-120-w-cerna-mat-kb905-48127\/#breadcrumb\"},\"inLanguage\":\"cs\",\"potentialAction\":[{\"@type\":\"ReadAction\",\"target\":[\"https:\/\/www.domtechnikpro.com\/index.php\/produkt\/hit-sezony-sapho-karbo-elektricky-susak-rucniku-kulaty-500x1600-mm-120-w-cerna-mat-kb905-48127\/\"]}]},{\"@type\":\"ImageObject\",\"inLanguage\":\"cs\",\"@id\":\"https:\/\/www.domtechnikpro.com\/index.php\/produkt\/hit-sezony-sapho-karbo-elektricky-susak-rucniku-kulaty-500x1600-mm-120-w-cerna-mat-kb905-48127\/#primaryimage\",\"url\":\"https:\/\/www.domtechnikpro.com\/wp-content\/uploads\/2026\/SK0001837-CZ20260425-092706-0-1777080427-62642-1_kb905-karbo3.webp\",\"contentUrl\":\"https:\/\/www.domtechnikpro.com\/wp-content\/uploads\/2026\/SK0001837-CZ20260425-092706-0-1777080427-62642-1_kb905-karbo3.webp\",\"width\":533,\"height\":800},{\"@type\":\"BreadcrumbList\",\"@id\":\"https:\/\/www.domtechnikpro.com\/index.php\/produkt\/hit-sezony-sapho-karbo-elektricky-susak-rucniku-kulaty-500x1600-mm-120-w-cerna-mat-kb905-48127\/#breadcrumb\",\"itemListElement\":[{\"@type\":\"ListItem\",\"position\":1,\"name\":\"Home\",\"item\":\"https:\/\/www.domtechnikpro.com\/\"},{\"@type\":\"ListItem\",\"position\":2,\"name\":\"Products\",\"item\":\"https:\/\/www.domtechnikpro.com\/products\/\"},{\"@type\":\"ListItem\",\"position\":3,\"name\":\"Hit Sez\u00f3ny Sapho KARBO elektrick\u00fd su\u0161\u00e1k ru\u010dn\u00edk\u016f, kulat\u00fd, 500&#215;1600 mm, 120 W, \u010dern\u00e1 mat, KB905\"}]},{\"@type\":\"WebSite\",\"@id\":\"https:\/\/www.domtechnikpro.com\/#website\",\"url\":\"https:\/\/www.domtechnikpro.com\/\",\"name\":\"Pr\u016fmyslov\u00e9 vybaven\u00ed a p\u0159\u00edslu\u0161enstv\u00ed\",\"description\":\"Pr\u016fmyslov\u00e9 vybaven\u00ed a p\u0159\u00edslu\u0161enstv\u00ed\",\"publisher\":{\"@id\":\"https:\/\/www.domtechnikpro.com\/#organization\"},\"potentialAction\":[{\"@type\":\"SearchAction\",\"target\":{\"@type\":\"EntryPoint\",\"urlTemplate\":\"https:\/\/www.domtechnikpro.com\/?s={search_term_string}\"},\"query-input\":{\"@type\":\"PropertyValueSpecification\",\"valueRequired\":true,\"valueName\":\"search_term_string\"}}],\"inLanguage\":\"cs\"},{\"@type\":\"Organization\",\"@id\":\"https:\/\/www.domtechnikpro.com\/#organization\",\"name\":\"Pr\u016fmyslov\u00e9 vybaven\u00ed a p\u0159\u00edslu\u0161enstv\u00ed\",\"url\":\"https:\/\/www.domtechnikpro.com\/\",\"logo\":{\"@type\":\"ImageObject\",\"inLanguage\":\"cs\",\"@id\":\"https:\/\/www.domtechnikpro.com\/#\/schema\/logo\/image\/\",\"url\":\"https:\/\/www.domtechnikpro.com\/wp-content\/uploads\/2026\/04\/domtechnikpro_logo_full.svg\",\"contentUrl\":\"https:\/\/www.domtechnikpro.com\/wp-content\/uploads\/2026\/04\/domtechnikpro_logo_full.svg\",\"width\":920,\"height\":180,\"caption\":\"Pr\u016fmyslov\u00e9 vybaven\u00ed a p\u0159\u00edslu\u0161enstv\u00ed\"},\"image\":{\"@id\":\"https:\/\/www.domtechnikpro.com\/#\/schema\/logo\/image\/\"}}]}<\/script>\n<!-- \/ Yoast SEO plugin. -->","yoast_head_json":{"title":"Hit Sez\u00f3ny Sapho KARBO elektrick\u00fd su\u0161\u00e1k ru\u010dn\u00edk\u016f, kulat\u00fd, 500x1600 mm, 120 W, \u010dern\u00e1 mat, KB905 - Pr\u016fmyslov\u00e9 vybaven\u00ed a p\u0159\u00edslu\u0161enstv\u00ed","robots":{"index":"index","follow":"follow","max-snippet":"max-snippet:-1","max-image-preview":"max-image-preview:large","max-video-preview":"max-video-preview:-1"},"canonical":"https:\/\/www.domtechnikpro.com\/index.php\/produkt\/hit-sezony-sapho-karbo-elektricky-susak-rucniku-kulaty-500x1600-mm-120-w-cerna-mat-kb905-48127\/","og_locale":"cs_CZ","og_type":"article","og_title":"Hit Sez\u00f3ny Sapho KARBO elektrick\u00fd su\u0161\u00e1k ru\u010dn\u00edk\u016f, kulat\u00fd, 500x1600 mm, 120 W, \u010dern\u00e1 mat, KB905 - Pr\u016fmyslov\u00e9 vybaven\u00ed a p\u0159\u00edslu\u0161enstv\u00ed","og_description":"&nbsp; Elektrick\u00fd su\u0161\u00e1k ru\u010dn\u00edk\u016f do modern\u00edho interi\u00e9ru &#8211; v&nbsp;matn\u011b \u010dern\u00e9 barv\u011b jsou nejen trubky a uchycen\u00ed, ale i&nbsp;nap\u00e1jec\u00ed kabel a elektrick\u00e1 z\u00e1str\u010dka. D\u00edky hloubce 10 cm nezabere v&nbsp;koupeln\u011b mnoho m\u00edsta. Lze ho nainstalovat na ze\u010f jako z\u00e1v\u011bsn\u00fd su\u0161\u00e1k nebo o&nbsp;ze\u010f op\u0159\u00edt a zafixovat horn\u00edmi \u00fachyty. Uvnit\u0159 topn\u00e9ho t\u011blesa je um\u00edst\u011bn odporov\u00fd dr\u00e1t bez pou\u017eit\u00ed kapaln\u00e9 [&hellip;]","og_url":"https:\/\/www.domtechnikpro.com\/index.php\/produkt\/hit-sezony-sapho-karbo-elektricky-susak-rucniku-kulaty-500x1600-mm-120-w-cerna-mat-kb905-48127\/","og_site_name":"Pr\u016fmyslov\u00e9 vybaven\u00ed a p\u0159\u00edslu\u0161enstv\u00ed","og_image":[{"width":533,"height":800,"url":"https:\/\/www.domtechnikpro.com\/wp-content\/uploads\/2026\/SK0001837-CZ20260425-092706-0-1777080427-62642-1_kb905-karbo3.webp","type":"image\/webp"}],"twitter_card":"summary_large_image","twitter_misc":{"Odhadovan\u00e1 doba \u010dten\u00ed":"1 minuta"},"schema":{"@context":"https:\/\/schema.org","@graph":[{"@type":"WebPage","@id":"https:\/\/www.domtechnikpro.com\/index.php\/produkt\/hit-sezony-sapho-karbo-elektricky-susak-rucniku-kulaty-500x1600-mm-120-w-cerna-mat-kb905-48127\/","url":"https:\/\/www.domtechnikpro.com\/index.php\/produkt\/hit-sezony-sapho-karbo-elektricky-susak-rucniku-kulaty-500x1600-mm-120-w-cerna-mat-kb905-48127\/","name":"Hit Sez\u00f3ny Sapho KARBO elektrick\u00fd su\u0161\u00e1k ru\u010dn\u00edk\u016f, kulat\u00fd, 500x1600 mm, 120 W, \u010dern\u00e1 mat, KB905 - Pr\u016fmyslov\u00e9 vybaven\u00ed a p\u0159\u00edslu\u0161enstv\u00ed","isPartOf":{"@id":"https:\/\/www.domtechnikpro.com\/#website"},"primaryImageOfPage":{"@id":"https:\/\/www.domtechnikpro.com\/index.php\/produkt\/hit-sezony-sapho-karbo-elektricky-susak-rucniku-kulaty-500x1600-mm-120-w-cerna-mat-kb905-48127\/#primaryimage"},"image":{"@id":"https:\/\/www.domtechnikpro.com\/index.php\/produkt\/hit-sezony-sapho-karbo-elektricky-susak-rucniku-kulaty-500x1600-mm-120-w-cerna-mat-kb905-48127\/#primaryimage"},"thumbnailUrl":"https:\/\/www.domtechnikpro.com\/wp-content\/uploads\/2026\/SK0001837-CZ20260425-092706-0-1777080427-62642-1_kb905-karbo3.webp","datePublished":"2026-04-26T09:00:21+00:00","breadcrumb":{"@id":"https:\/\/www.domtechnikpro.com\/index.php\/produkt\/hit-sezony-sapho-karbo-elektricky-susak-rucniku-kulaty-500x1600-mm-120-w-cerna-mat-kb905-48127\/#breadcrumb"},"inLanguage":"cs","potentialAction":[{"@type":"ReadAction","target":["https:\/\/www.domtechnikpro.com\/index.php\/produkt\/hit-sezony-sapho-karbo-elektricky-susak-rucniku-kulaty-500x1600-mm-120-w-cerna-mat-kb905-48127\/"]}]},{"@type":"ImageObject","inLanguage":"cs","@id":"https:\/\/www.domtechnikpro.com\/index.php\/produkt\/hit-sezony-sapho-karbo-elektricky-susak-rucniku-kulaty-500x1600-mm-120-w-cerna-mat-kb905-48127\/#primaryimage","url":"https:\/\/www.domtechnikpro.com\/wp-content\/uploads\/2026\/SK0001837-CZ20260425-092706-0-1777080427-62642-1_kb905-karbo3.webp","contentUrl":"https:\/\/www.domtechnikpro.com\/wp-content\/uploads\/2026\/SK0001837-CZ20260425-092706-0-1777080427-62642-1_kb905-karbo3.webp","width":533,"height":800},{"@type":"BreadcrumbList","@id":"https:\/\/www.domtechnikpro.com\/index.php\/produkt\/hit-sezony-sapho-karbo-elektricky-susak-rucniku-kulaty-500x1600-mm-120-w-cerna-mat-kb905-48127\/#breadcrumb","itemListElement":[{"@type":"ListItem","position":1,"name":"Home","item":"https:\/\/www.domtechnikpro.com\/"},{"@type":"ListItem","position":2,"name":"Products","item":"https:\/\/www.domtechnikpro.com\/products\/"},{"@type":"ListItem","position":3,"name":"Hit Sez\u00f3ny Sapho KARBO elektrick\u00fd su\u0161\u00e1k ru\u010dn\u00edk\u016f, kulat\u00fd, 500&#215;1600 mm, 120 W, \u010dern\u00e1 mat, KB905"}]},{"@type":"WebSite","@id":"https:\/\/www.domtechnikpro.com\/#website","url":"https:\/\/www.domtechnikpro.com\/","name":"Pr\u016fmyslov\u00e9 vybaven\u00ed a p\u0159\u00edslu\u0161enstv\u00ed","description":"Pr\u016fmyslov\u00e9 vybaven\u00ed a p\u0159\u00edslu\u0161enstv\u00ed","publisher":{"@id":"https:\/\/www.domtechnikpro.com\/#organization"},"potentialAction":[{"@type":"SearchAction","target":{"@type":"EntryPoint","urlTemplate":"https:\/\/www.domtechnikpro.com\/?s={search_term_string}"},"query-input":{"@type":"PropertyValueSpecification","valueRequired":true,"valueName":"search_term_string"}}],"inLanguage":"cs"},{"@type":"Organization","@id":"https:\/\/www.domtechnikpro.com\/#organization","name":"Pr\u016fmyslov\u00e9 vybaven\u00ed a p\u0159\u00edslu\u0161enstv\u00ed","url":"https:\/\/www.domtechnikpro.com\/","logo":{"@type":"ImageObject","inLanguage":"cs","@id":"https:\/\/www.domtechnikpro.com\/#\/schema\/logo\/image\/","url":"https:\/\/www.domtechnikpro.com\/wp-content\/uploads\/2026\/04\/domtechnikpro_logo_full.svg","contentUrl":"https:\/\/www.domtechnikpro.com\/wp-content\/uploads\/2026\/04\/domtechnikpro_logo_full.svg","width":920,"height":180,"caption":"Pr\u016fmyslov\u00e9 vybaven\u00ed a p\u0159\u00edslu\u0161enstv\u00ed"},"image":{"@id":"https:\/\/www.domtechnikpro.com\/#\/schema\/logo\/image\/"}}]}},"_links":{"self":[{"href":"https:\/\/www.domtechnikpro.com\/wp-json\/wp\/v2\/product\/48127","targetHints":{"allow":["GET"]}}],"collection":[{"href":"https:\/\/www.domtechnikpro.com\/wp-json\/wp\/v2\/product"}],"about":[{"href":"https:\/\/www.domtechnikpro.com\/wp-json\/wp\/v2\/types\/product"}],"replies":[{"embeddable":true,"href":"https:\/\/www.domtechnikpro.com\/wp-json\/wp\/v2\/comments?post=48127"}],"wp:featuredmedia":[{"embeddable":true,"href":"https:\/\/www.domtechnikpro.com\/wp-json\/wp\/v2\/media\/48227"}],"wp:attachment":[{"href":"https:\/\/www.domtechnikpro.com\/wp-json\/wp\/v2\/media?parent=48127"}],"wp:term":[{"taxonomy":"product_brand","embeddable":true,"href":"https:\/\/www.domtechnikpro.com\/wp-json\/wp\/v2\/product_brand?post=48127"},{"taxonomy":"product_cat","embeddable":true,"href":"https:\/\/www.domtechnikpro.com\/wp-json\/wp\/v2\/product_cat?post=48127"},{"taxonomy":"product_tag","embeddable":true,"href":"https:\/\/www.domtechnikpro.com\/wp-json\/wp\/v2\/product_tag?post=48127"}],"curies":[{"name":"wp","href":"https:\/\/api.w.org\/{rel}","templated":true}]}}