{"id":47731,"date":"2026-04-26T09:00:15","date_gmt":"2026-04-26T09:00:15","guid":{"rendered":""},"modified":"2026-04-26T09:00:15","modified_gmt":"2026-04-26T09:00:15","slug":"ronal-nastenny-profil-pro-montaz-dveri-do-niky-v-sol-06-50-hit-sezony-47731","status":"publish","type":"product","link":"https:\/\/www.domtechnikpro.com\/index.php\/produkt\/ronal-nastenny-profil-pro-montaz-dveri-do-niky-v-sol-06-50-hit-sezony-47731\/","title":{"rendered":"Ronal, n\u00e1st\u011bnn\u00fd profil pro mont\u00e1\u017e dve\u0159\u00ed do niky V.SOL.06\/50 Hit Sez\u00f3ny"},"content":{"rendered":"<div class=\"basic-description\">\n<p style=\"text-align: justify;\"><span style=\"font-family: 'times new roman', times; font-size: 12pt;\"><strong>N\u00e1st\u011bnn\u00fd profil s magnetick\u00fdm t\u011bsn\u011bn\u00edm <span style=\"color: #ff0000;\">(nutno objednat pro mont\u00e1\u017e do niky)<\/span> vhodn\u00fd pro kombinaci s SOL1 (jednok\u0159\u00eddl\u00e9 dve\u0159e), SOL13 (jednok\u0159\u00eddl\u00e9 dve\u0159e s pevnou st\u011bnou v rovin\u011b), SOLF1 (dvoud\u00edln\u00e9 skl\u00e1dac\u00ed dve\u0159e) a SOLF13 (dvoud\u00edln\u00e9 skl\u00e1dac\u00ed dve\u0159e s pevnou st\u011bnou v rovin\u011b).<\/strong><\/span><\/p>\n<p><span style=\"font-family: 'times new roman', times; font-size: 12pt;\">Barva: 06 \u010dern\u00e1 matn\u00e1 nebo 50 aluchrom&nbsp;<\/span><\/p>\n<p><span style=\"font-family: 'times new roman', times; font-size: 12pt;\">V\u00fd\u0161ka: 1984 mm<\/span><\/p>\n<\/p><\/div>\n<\/p><\/div>\n<\/p><\/div>\n","protected":false},"excerpt":{"rendered":"<p>N\u00e1st\u011bnn\u00fd profil s magnetick\u00fdm t\u011bsn\u011bn\u00edm (nutno objednat pro mont\u00e1\u017e do niky) vhodn\u00fd pro kombinaci s SOL1 (jednok\u0159\u00eddl\u00e9 dve\u0159e), SOL13 (jednok\u0159\u00eddl\u00e9 dve\u0159e s pevnou st\u011bnou v rovin\u011b), SOLF1 (dvoud\u00edln\u00e9 skl\u00e1dac\u00ed dve\u0159e) a SOLF13 (dvoud\u00edln\u00e9 skl\u00e1dac\u00ed dve\u0159e s pevnou st\u011bnou v rovin\u011b). Barva: 06 \u010dern\u00e1 matn\u00e1 nebo 50 aluchrom&nbsp; V\u00fd\u0161ka: 1984 mm<\/p>\n","protected":false},"featured_media":47831,"comment_status":"open","ping_status":"open","template":"","meta":[],"product_brand":[],"product_cat":[170],"product_tag":[],"class_list":{"0":"post-47731","1":"product","2":"type-product","3":"status-publish","4":"has-post-thumbnail","6":"product_cat-sprchove-kouty-vanicky-a-zlaby","8":"first","9":"instock","10":"sale","11":"shipping-taxable","12":"purchasable","13":"product-type-simple"},"yoast_head":"<!-- This site is optimized with the Yoast SEO plugin v26.8 - https:\/\/yoast.com\/product\/yoast-seo-wordpress\/ -->\n<title>Ronal, n\u00e1st\u011bnn\u00fd profil pro mont\u00e1\u017e dve\u0159\u00ed do niky V.SOL.06\/50 Hit Sez\u00f3ny -<\/title>\n<meta name=\"robots\" content=\"index, follow, max-snippet:-1, max-image-preview:large, max-video-preview:-1\" \/>\n<link rel=\"canonical\" href=\"https:\/\/www.domtechnikpro.com\/index.php\/produkt\/ronal-nastenny-profil-pro-montaz-dveri-do-niky-v-sol-06-50-hit-sezony-47731\/\" \/>\n<meta property=\"og:locale\" content=\"cs_CZ\" \/>\n<meta property=\"og:type\" content=\"article\" \/>\n<meta property=\"og:title\" content=\"Ronal, n\u00e1st\u011bnn\u00fd profil pro mont\u00e1\u017e dve\u0159\u00ed do niky V.SOL.06\/50 Hit Sez\u00f3ny -\" \/>\n<meta property=\"og:description\" content=\"N\u00e1st\u011bnn\u00fd profil s magnetick\u00fdm t\u011bsn\u011bn\u00edm (nutno objednat pro mont\u00e1\u017e do niky) vhodn\u00fd pro kombinaci s SOL1 (jednok\u0159\u00eddl\u00e9 dve\u0159e), SOL13 (jednok\u0159\u00eddl\u00e9 dve\u0159e s pevnou st\u011bnou v rovin\u011b), SOLF1 (dvoud\u00edln\u00e9 skl\u00e1dac\u00ed dve\u0159e) a SOLF13 (dvoud\u00edln\u00e9 skl\u00e1dac\u00ed dve\u0159e s pevnou st\u011bnou v rovin\u011b). Barva: 06 \u010dern\u00e1 matn\u00e1 nebo 50 aluchrom&nbsp; V\u00fd\u0161ka: 1984 mm\" \/>\n<meta property=\"og:url\" content=\"https:\/\/www.domtechnikpro.com\/index.php\/produkt\/ronal-nastenny-profil-pro-montaz-dveri-do-niky-v-sol-06-50-hit-sezony-47731\/\" \/>\n<meta property=\"og:image\" content=\"https:\/\/www.domtechnikpro.com\/wp-content\/uploads\/2026\/SK0001480-CZ20260425-092706-0-1777080427-60632_1192150-ronal-annea-black-nastenny-profil-pro-montaz-.webp\" \/>\n\t<meta property=\"og:image:width\" content=\"533\" \/>\n\t<meta property=\"og:image:height\" content=\"800\" \/>\n\t<meta property=\"og:image:type\" content=\"image\/webp\" \/>\n<meta name=\"twitter:card\" content=\"summary_large_image\" \/>\n<script type=\"application\/ld+json\" class=\"yoast-schema-graph\">{\"@context\":\"https:\/\/schema.org\",\"@graph\":[{\"@type\":\"WebPage\",\"@id\":\"https:\/\/www.domtechnikpro.com\/index.php\/produkt\/ronal-nastenny-profil-pro-montaz-dveri-do-niky-v-sol-06-50-hit-sezony-47731\/\",\"url\":\"https:\/\/www.domtechnikpro.com\/index.php\/produkt\/ronal-nastenny-profil-pro-montaz-dveri-do-niky-v-sol-06-50-hit-sezony-47731\/\",\"name\":\"Ronal, n\u00e1st\u011bnn\u00fd profil pro mont\u00e1\u017e dve\u0159\u00ed do niky V.SOL.06\/50 Hit Sez\u00f3ny -\",\"isPartOf\":{\"@id\":\"https:\/\/www.domtechnikpro.com\/#website\"},\"primaryImageOfPage\":{\"@id\":\"https:\/\/www.domtechnikpro.com\/index.php\/produkt\/ronal-nastenny-profil-pro-montaz-dveri-do-niky-v-sol-06-50-hit-sezony-47731\/#primaryimage\"},\"image\":{\"@id\":\"https:\/\/www.domtechnikpro.com\/index.php\/produkt\/ronal-nastenny-profil-pro-montaz-dveri-do-niky-v-sol-06-50-hit-sezony-47731\/#primaryimage\"},\"thumbnailUrl\":\"https:\/\/www.domtechnikpro.com\/wp-content\/uploads\/2026\/SK0001480-CZ20260425-092706-0-1777080427-60632_1192150-ronal-annea-black-nastenny-profil-pro-montaz-.webp\",\"datePublished\":\"2026-04-26T09:00:15+00:00\",\"breadcrumb\":{\"@id\":\"https:\/\/www.domtechnikpro.com\/index.php\/produkt\/ronal-nastenny-profil-pro-montaz-dveri-do-niky-v-sol-06-50-hit-sezony-47731\/#breadcrumb\"},\"inLanguage\":\"cs\",\"potentialAction\":[{\"@type\":\"ReadAction\",\"target\":[\"https:\/\/www.domtechnikpro.com\/index.php\/produkt\/ronal-nastenny-profil-pro-montaz-dveri-do-niky-v-sol-06-50-hit-sezony-47731\/\"]}]},{\"@type\":\"ImageObject\",\"inLanguage\":\"cs\",\"@id\":\"https:\/\/www.domtechnikpro.com\/index.php\/produkt\/ronal-nastenny-profil-pro-montaz-dveri-do-niky-v-sol-06-50-hit-sezony-47731\/#primaryimage\",\"url\":\"https:\/\/www.domtechnikpro.com\/wp-content\/uploads\/2026\/SK0001480-CZ20260425-092706-0-1777080427-60632_1192150-ronal-annea-black-nastenny-profil-pro-montaz-.webp\",\"contentUrl\":\"https:\/\/www.domtechnikpro.com\/wp-content\/uploads\/2026\/SK0001480-CZ20260425-092706-0-1777080427-60632_1192150-ronal-annea-black-nastenny-profil-pro-montaz-.webp\",\"width\":533,\"height\":800},{\"@type\":\"BreadcrumbList\",\"@id\":\"https:\/\/www.domtechnikpro.com\/index.php\/produkt\/ronal-nastenny-profil-pro-montaz-dveri-do-niky-v-sol-06-50-hit-sezony-47731\/#breadcrumb\",\"itemListElement\":[{\"@type\":\"ListItem\",\"position\":1,\"name\":\"Home\",\"item\":\"https:\/\/www.domtechnikpro.com\/\"},{\"@type\":\"ListItem\",\"position\":2,\"name\":\"Products\",\"item\":\"https:\/\/www.domtechnikpro.com\/index.php\/products\/\"},{\"@type\":\"ListItem\",\"position\":3,\"name\":\"Ronal, n\u00e1st\u011bnn\u00fd profil pro mont\u00e1\u017e dve\u0159\u00ed do niky V.SOL.06\/50 Hit Sez\u00f3ny\"}]},{\"@type\":\"WebSite\",\"@id\":\"https:\/\/www.domtechnikpro.com\/#website\",\"url\":\"https:\/\/www.domtechnikpro.com\/\",\"name\":\"\",\"description\":\"\",\"potentialAction\":[{\"@type\":\"SearchAction\",\"target\":{\"@type\":\"EntryPoint\",\"urlTemplate\":\"https:\/\/www.domtechnikpro.com\/?s={search_term_string}\"},\"query-input\":{\"@type\":\"PropertyValueSpecification\",\"valueRequired\":true,\"valueName\":\"search_term_string\"}}],\"inLanguage\":\"cs\"}]}<\/script>\n<!-- \/ Yoast SEO plugin. -->","yoast_head_json":{"title":"Ronal, n\u00e1st\u011bnn\u00fd profil pro mont\u00e1\u017e dve\u0159\u00ed do niky V.SOL.06\/50 Hit Sez\u00f3ny -","robots":{"index":"index","follow":"follow","max-snippet":"max-snippet:-1","max-image-preview":"max-image-preview:large","max-video-preview":"max-video-preview:-1"},"canonical":"https:\/\/www.domtechnikpro.com\/index.php\/produkt\/ronal-nastenny-profil-pro-montaz-dveri-do-niky-v-sol-06-50-hit-sezony-47731\/","og_locale":"cs_CZ","og_type":"article","og_title":"Ronal, n\u00e1st\u011bnn\u00fd profil pro mont\u00e1\u017e dve\u0159\u00ed do niky V.SOL.06\/50 Hit Sez\u00f3ny -","og_description":"N\u00e1st\u011bnn\u00fd profil s magnetick\u00fdm t\u011bsn\u011bn\u00edm (nutno objednat pro mont\u00e1\u017e do niky) vhodn\u00fd pro kombinaci s SOL1 (jednok\u0159\u00eddl\u00e9 dve\u0159e), SOL13 (jednok\u0159\u00eddl\u00e9 dve\u0159e s pevnou st\u011bnou v rovin\u011b), SOLF1 (dvoud\u00edln\u00e9 skl\u00e1dac\u00ed dve\u0159e) a SOLF13 (dvoud\u00edln\u00e9 skl\u00e1dac\u00ed dve\u0159e s pevnou st\u011bnou v rovin\u011b). Barva: 06 \u010dern\u00e1 matn\u00e1 nebo 50 aluchrom&nbsp; V\u00fd\u0161ka: 1984 mm","og_url":"https:\/\/www.domtechnikpro.com\/index.php\/produkt\/ronal-nastenny-profil-pro-montaz-dveri-do-niky-v-sol-06-50-hit-sezony-47731\/","og_image":[{"width":533,"height":800,"url":"https:\/\/www.domtechnikpro.com\/wp-content\/uploads\/2026\/SK0001480-CZ20260425-092706-0-1777080427-60632_1192150-ronal-annea-black-nastenny-profil-pro-montaz-.webp","type":"image\/webp"}],"twitter_card":"summary_large_image","schema":{"@context":"https:\/\/schema.org","@graph":[{"@type":"WebPage","@id":"https:\/\/www.domtechnikpro.com\/index.php\/produkt\/ronal-nastenny-profil-pro-montaz-dveri-do-niky-v-sol-06-50-hit-sezony-47731\/","url":"https:\/\/www.domtechnikpro.com\/index.php\/produkt\/ronal-nastenny-profil-pro-montaz-dveri-do-niky-v-sol-06-50-hit-sezony-47731\/","name":"Ronal, n\u00e1st\u011bnn\u00fd profil pro mont\u00e1\u017e dve\u0159\u00ed do niky V.SOL.06\/50 Hit Sez\u00f3ny -","isPartOf":{"@id":"https:\/\/www.domtechnikpro.com\/#website"},"primaryImageOfPage":{"@id":"https:\/\/www.domtechnikpro.com\/index.php\/produkt\/ronal-nastenny-profil-pro-montaz-dveri-do-niky-v-sol-06-50-hit-sezony-47731\/#primaryimage"},"image":{"@id":"https:\/\/www.domtechnikpro.com\/index.php\/produkt\/ronal-nastenny-profil-pro-montaz-dveri-do-niky-v-sol-06-50-hit-sezony-47731\/#primaryimage"},"thumbnailUrl":"https:\/\/www.domtechnikpro.com\/wp-content\/uploads\/2026\/SK0001480-CZ20260425-092706-0-1777080427-60632_1192150-ronal-annea-black-nastenny-profil-pro-montaz-.webp","datePublished":"2026-04-26T09:00:15+00:00","breadcrumb":{"@id":"https:\/\/www.domtechnikpro.com\/index.php\/produkt\/ronal-nastenny-profil-pro-montaz-dveri-do-niky-v-sol-06-50-hit-sezony-47731\/#breadcrumb"},"inLanguage":"cs","potentialAction":[{"@type":"ReadAction","target":["https:\/\/www.domtechnikpro.com\/index.php\/produkt\/ronal-nastenny-profil-pro-montaz-dveri-do-niky-v-sol-06-50-hit-sezony-47731\/"]}]},{"@type":"ImageObject","inLanguage":"cs","@id":"https:\/\/www.domtechnikpro.com\/index.php\/produkt\/ronal-nastenny-profil-pro-montaz-dveri-do-niky-v-sol-06-50-hit-sezony-47731\/#primaryimage","url":"https:\/\/www.domtechnikpro.com\/wp-content\/uploads\/2026\/SK0001480-CZ20260425-092706-0-1777080427-60632_1192150-ronal-annea-black-nastenny-profil-pro-montaz-.webp","contentUrl":"https:\/\/www.domtechnikpro.com\/wp-content\/uploads\/2026\/SK0001480-CZ20260425-092706-0-1777080427-60632_1192150-ronal-annea-black-nastenny-profil-pro-montaz-.webp","width":533,"height":800},{"@type":"BreadcrumbList","@id":"https:\/\/www.domtechnikpro.com\/index.php\/produkt\/ronal-nastenny-profil-pro-montaz-dveri-do-niky-v-sol-06-50-hit-sezony-47731\/#breadcrumb","itemListElement":[{"@type":"ListItem","position":1,"name":"Home","item":"https:\/\/www.domtechnikpro.com\/"},{"@type":"ListItem","position":2,"name":"Products","item":"https:\/\/www.domtechnikpro.com\/index.php\/products\/"},{"@type":"ListItem","position":3,"name":"Ronal, n\u00e1st\u011bnn\u00fd profil pro mont\u00e1\u017e dve\u0159\u00ed do niky V.SOL.06\/50 Hit Sez\u00f3ny"}]},{"@type":"WebSite","@id":"https:\/\/www.domtechnikpro.com\/#website","url":"https:\/\/www.domtechnikpro.com\/","name":"","description":"","potentialAction":[{"@type":"SearchAction","target":{"@type":"EntryPoint","urlTemplate":"https:\/\/www.domtechnikpro.com\/?s={search_term_string}"},"query-input":{"@type":"PropertyValueSpecification","valueRequired":true,"valueName":"search_term_string"}}],"inLanguage":"cs"}]}},"_links":{"self":[{"href":"https:\/\/www.domtechnikpro.com\/index.php\/wp-json\/wp\/v2\/product\/47731","targetHints":{"allow":["GET"]}}],"collection":[{"href":"https:\/\/www.domtechnikpro.com\/index.php\/wp-json\/wp\/v2\/product"}],"about":[{"href":"https:\/\/www.domtechnikpro.com\/index.php\/wp-json\/wp\/v2\/types\/product"}],"replies":[{"embeddable":true,"href":"https:\/\/www.domtechnikpro.com\/index.php\/wp-json\/wp\/v2\/comments?post=47731"}],"wp:featuredmedia":[{"embeddable":true,"href":"https:\/\/www.domtechnikpro.com\/index.php\/wp-json\/wp\/v2\/media\/47831"}],"wp:attachment":[{"href":"https:\/\/www.domtechnikpro.com\/index.php\/wp-json\/wp\/v2\/media?parent=47731"}],"wp:term":[{"taxonomy":"product_brand","embeddable":true,"href":"https:\/\/www.domtechnikpro.com\/index.php\/wp-json\/wp\/v2\/product_brand?post=47731"},{"taxonomy":"product_cat","embeddable":true,"href":"https:\/\/www.domtechnikpro.com\/index.php\/wp-json\/wp\/v2\/product_cat?post=47731"},{"taxonomy":"product_tag","embeddable":true,"href":"https:\/\/www.domtechnikpro.com\/index.php\/wp-json\/wp\/v2\/product_tag?post=47731"}],"curies":[{"name":"wp","href":"https:\/\/api.w.org\/{rel}","templated":true}]}}