{"id":47730,"date":"2026-04-26T09:00:15","date_gmt":"2026-04-26T09:00:15","guid":{"rendered":""},"modified":"2026-04-26T09:00:15","modified_gmt":"2026-04-26T09:00:15","slug":"ronal-top-line-s-black-line-bocni-stena-topf2-autenticky-47730","status":"publish","type":"product","link":"https:\/\/www.domtechnikpro.com\/index.php\/produkt\/ronal-top-line-s-black-line-bocni-stena-topf2-autenticky-47730\/","title":{"rendered":"Ronal, TOP-LINE S Black Line bo\u010dn\u00ed st\u011bna TOPF2 Autentick\u00fd"},"content":{"rendered":"<div class=\"basic-description\">\n<p><span style=\"font-family: 'times new roman', times; font-size: 12pt; color: #ff0000;\"><strong>TOPF2 \/ Bo\u010dn\u00ed st\u011bna<\/strong> (<strong>pouze pro kombinaci s dve\u0159mi<\/strong>) &#8211; <strong>POZOR &#8211; nelze instalovat jako samostatn\u011b stoj\u00edc\u00ed !!!<\/strong><\/span><\/p>\n<p style=\"text-align: justify;\"><span style=\"font-family: 'times new roman', times; font-size: 12pt;\">Bo\u010dn\u00ed st\u011bnu lze kombinovat s TLSP (jednok\u0159\u00eddl\u00e9 dve\u0159e), TLS2 (jednod\u00edln\u00e9 posuvn\u00e9 dve\u0159e s pevnou st\u011bnou v rovin\u011b) nebo TLS4 (dvoud\u00edln\u00e9 posuvn\u00e9 dve\u0159e s 2 pevn\u00fdmi st\u011bnami v rovin\u011b).<\/span><\/p>\n<p><span>6 mm bezpe\u010dnostn\u00ed sklo&nbsp;<\/span><\/p>\n<p><span>\u0161\u00ed\u0159ka: 700, 750, 800, 900 a 1000 mm<\/span><\/p>\n<p><span>v\u00fd\u0161ka: 2000 mm<\/span><\/p>\n<p><span>barva: 06 = \u010dern\u00e1 matn\u00e1<\/span><\/p>\n<p><span>sklo: 07=\u010dir\u00e9<\/span><\/p>\n<p><span style=\"color: #ff0000;\"><strong>V p\u0159\u00edpad\u011b mont\u00e1\u017ee na dla\u017ebu je nutno vz\u00edt v \u00favahu rozd\u00edl mezi nomin\u00e1ln\u00ed a fyzickou \u0161\u00ed\u0159kou. Skute\u010dn\u00e1 \u0161\u00ed\u0159ka (na st\u0159ed profilu) dve\u0159\u00ed s bo\u010dn\u00ed st\u011bnou je o 27 mm men\u0161\u00ed ne\u017e \u0161\u00ed\u0159ka v objednac\u00edm k\u00f3du (s toleranc\u00ed -10 a\u017e +15 mm).<\/strong><\/span><\/p>\n<p><span>Do objedn\u00e1vky je nutno uv\u00e9st, zda bude mont\u00e1\u017e na vani\u010dku nebo na dla\u017ebu.<\/span><\/p>\n<\/p><\/div>\n<\/p><\/div>\n<\/p><\/div>\n","protected":false},"excerpt":{"rendered":"<p>TOPF2 \/ Bo\u010dn\u00ed st\u011bna (pouze pro kombinaci s dve\u0159mi) &#8211; POZOR &#8211; nelze instalovat jako samostatn\u011b stoj\u00edc\u00ed !!! Bo\u010dn\u00ed st\u011bnu lze kombinovat s TLSP (jednok\u0159\u00eddl\u00e9 dve\u0159e), TLS2 (jednod\u00edln\u00e9 posuvn\u00e9 dve\u0159e s pevnou st\u011bnou v rovin\u011b) nebo TLS4 (dvoud\u00edln\u00e9 posuvn\u00e9 dve\u0159e s 2 pevn\u00fdmi st\u011bnami v rovin\u011b). 6 mm bezpe\u010dnostn\u00ed sklo&nbsp; \u0161\u00ed\u0159ka: 700, 750, 800, 900 [&hellip;]<\/p>\n","protected":false},"featured_media":47830,"comment_status":"open","ping_status":"open","template":"","meta":[],"product_brand":[],"product_cat":[170],"product_tag":[],"class_list":{"0":"post-47730","1":"product","2":"type-product","3":"status-publish","4":"has-post-thumbnail","6":"product_cat-sprchove-kouty-vanicky-a-zlaby","8":"first","9":"instock","10":"sale","11":"shipping-taxable","12":"purchasable","13":"product-type-simple"},"yoast_head":"<!-- This site is optimized with the Yoast SEO plugin v26.8 - https:\/\/yoast.com\/product\/yoast-seo-wordpress\/ -->\n<title>Ronal, TOP-LINE S Black Line bo\u010dn\u00ed st\u011bna TOPF2 Autentick\u00fd -<\/title>\n<meta name=\"robots\" content=\"index, follow, max-snippet:-1, max-image-preview:large, max-video-preview:-1\" \/>\n<link rel=\"canonical\" href=\"https:\/\/www.domtechnikpro.com\/index.php\/produkt\/ronal-top-line-s-black-line-bocni-stena-topf2-autenticky-47730\/\" \/>\n<meta property=\"og:locale\" content=\"cs_CZ\" \/>\n<meta property=\"og:type\" content=\"article\" \/>\n<meta property=\"og:title\" content=\"Ronal, TOP-LINE S Black Line bo\u010dn\u00ed st\u011bna TOPF2 Autentick\u00fd -\" \/>\n<meta property=\"og:description\" content=\"TOPF2 \/ Bo\u010dn\u00ed st\u011bna (pouze pro kombinaci s dve\u0159mi) &#8211; POZOR &#8211; nelze instalovat jako samostatn\u011b stoj\u00edc\u00ed !!! Bo\u010dn\u00ed st\u011bnu lze kombinovat s TLSP (jednok\u0159\u00eddl\u00e9 dve\u0159e), TLS2 (jednod\u00edln\u00e9 posuvn\u00e9 dve\u0159e s pevnou st\u011bnou v rovin\u011b) nebo TLS4 (dvoud\u00edln\u00e9 posuvn\u00e9 dve\u0159e s 2 pevn\u00fdmi st\u011bnami v rovin\u011b). 6 mm bezpe\u010dnostn\u00ed sklo&nbsp; \u0161\u00ed\u0159ka: 700, 750, 800, 900 [&hellip;]\" \/>\n<meta property=\"og:url\" content=\"https:\/\/www.domtechnikpro.com\/index.php\/produkt\/ronal-top-line-s-black-line-bocni-stena-topf2-autenticky-47730\/\" \/>\n<meta property=\"og:image\" content=\"https:\/\/www.domtechnikpro.com\/wp-content\/uploads\/2026\/SK0001479-CZ20260425-092706-0-1777080427-60614_ronal-top-line-s-tls2-topf2-black-line.webp\" \/>\n\t<meta property=\"og:image:width\" content=\"533\" \/>\n\t<meta property=\"og:image:height\" content=\"800\" \/>\n\t<meta property=\"og:image:type\" content=\"image\/webp\" \/>\n<meta name=\"twitter:card\" content=\"summary_large_image\" \/>\n<meta name=\"twitter:label1\" content=\"Odhadovan\u00e1 doba \u010dten\u00ed\" \/>\n\t<meta name=\"twitter:data1\" content=\"1 minuta\" \/>\n<script type=\"application\/ld+json\" class=\"yoast-schema-graph\">{\"@context\":\"https:\/\/schema.org\",\"@graph\":[{\"@type\":\"WebPage\",\"@id\":\"https:\/\/www.domtechnikpro.com\/index.php\/produkt\/ronal-top-line-s-black-line-bocni-stena-topf2-autenticky-47730\/\",\"url\":\"https:\/\/www.domtechnikpro.com\/index.php\/produkt\/ronal-top-line-s-black-line-bocni-stena-topf2-autenticky-47730\/\",\"name\":\"Ronal, TOP-LINE S Black Line bo\u010dn\u00ed st\u011bna TOPF2 Autentick\u00fd -\",\"isPartOf\":{\"@id\":\"https:\/\/www.domtechnikpro.com\/#website\"},\"primaryImageOfPage\":{\"@id\":\"https:\/\/www.domtechnikpro.com\/index.php\/produkt\/ronal-top-line-s-black-line-bocni-stena-topf2-autenticky-47730\/#primaryimage\"},\"image\":{\"@id\":\"https:\/\/www.domtechnikpro.com\/index.php\/produkt\/ronal-top-line-s-black-line-bocni-stena-topf2-autenticky-47730\/#primaryimage\"},\"thumbnailUrl\":\"https:\/\/www.domtechnikpro.com\/wp-content\/uploads\/2026\/SK0001479-CZ20260425-092706-0-1777080427-60614_ronal-top-line-s-tls2-topf2-black-line.webp\",\"datePublished\":\"2026-04-26T09:00:15+00:00\",\"breadcrumb\":{\"@id\":\"https:\/\/www.domtechnikpro.com\/index.php\/produkt\/ronal-top-line-s-black-line-bocni-stena-topf2-autenticky-47730\/#breadcrumb\"},\"inLanguage\":\"cs\",\"potentialAction\":[{\"@type\":\"ReadAction\",\"target\":[\"https:\/\/www.domtechnikpro.com\/index.php\/produkt\/ronal-top-line-s-black-line-bocni-stena-topf2-autenticky-47730\/\"]}]},{\"@type\":\"ImageObject\",\"inLanguage\":\"cs\",\"@id\":\"https:\/\/www.domtechnikpro.com\/index.php\/produkt\/ronal-top-line-s-black-line-bocni-stena-topf2-autenticky-47730\/#primaryimage\",\"url\":\"https:\/\/www.domtechnikpro.com\/wp-content\/uploads\/2026\/SK0001479-CZ20260425-092706-0-1777080427-60614_ronal-top-line-s-tls2-topf2-black-line.webp\",\"contentUrl\":\"https:\/\/www.domtechnikpro.com\/wp-content\/uploads\/2026\/SK0001479-CZ20260425-092706-0-1777080427-60614_ronal-top-line-s-tls2-topf2-black-line.webp\",\"width\":533,\"height\":800},{\"@type\":\"BreadcrumbList\",\"@id\":\"https:\/\/www.domtechnikpro.com\/index.php\/produkt\/ronal-top-line-s-black-line-bocni-stena-topf2-autenticky-47730\/#breadcrumb\",\"itemListElement\":[{\"@type\":\"ListItem\",\"position\":1,\"name\":\"Home\",\"item\":\"https:\/\/www.domtechnikpro.com\/\"},{\"@type\":\"ListItem\",\"position\":2,\"name\":\"Products\",\"item\":\"https:\/\/www.domtechnikpro.com\/index.php\/products\/\"},{\"@type\":\"ListItem\",\"position\":3,\"name\":\"Ronal, TOP-LINE S Black Line bo\u010dn\u00ed st\u011bna TOPF2 Autentick\u00fd\"}]},{\"@type\":\"WebSite\",\"@id\":\"https:\/\/www.domtechnikpro.com\/#website\",\"url\":\"https:\/\/www.domtechnikpro.com\/\",\"name\":\"\",\"description\":\"\",\"potentialAction\":[{\"@type\":\"SearchAction\",\"target\":{\"@type\":\"EntryPoint\",\"urlTemplate\":\"https:\/\/www.domtechnikpro.com\/?s={search_term_string}\"},\"query-input\":{\"@type\":\"PropertyValueSpecification\",\"valueRequired\":true,\"valueName\":\"search_term_string\"}}],\"inLanguage\":\"cs\"}]}<\/script>\n<!-- \/ Yoast SEO plugin. -->","yoast_head_json":{"title":"Ronal, TOP-LINE S Black Line bo\u010dn\u00ed st\u011bna TOPF2 Autentick\u00fd -","robots":{"index":"index","follow":"follow","max-snippet":"max-snippet:-1","max-image-preview":"max-image-preview:large","max-video-preview":"max-video-preview:-1"},"canonical":"https:\/\/www.domtechnikpro.com\/index.php\/produkt\/ronal-top-line-s-black-line-bocni-stena-topf2-autenticky-47730\/","og_locale":"cs_CZ","og_type":"article","og_title":"Ronal, TOP-LINE S Black Line bo\u010dn\u00ed st\u011bna TOPF2 Autentick\u00fd -","og_description":"TOPF2 \/ Bo\u010dn\u00ed st\u011bna (pouze pro kombinaci s dve\u0159mi) &#8211; POZOR &#8211; nelze instalovat jako samostatn\u011b stoj\u00edc\u00ed !!! Bo\u010dn\u00ed st\u011bnu lze kombinovat s TLSP (jednok\u0159\u00eddl\u00e9 dve\u0159e), TLS2 (jednod\u00edln\u00e9 posuvn\u00e9 dve\u0159e s pevnou st\u011bnou v rovin\u011b) nebo TLS4 (dvoud\u00edln\u00e9 posuvn\u00e9 dve\u0159e s 2 pevn\u00fdmi st\u011bnami v rovin\u011b). 6 mm bezpe\u010dnostn\u00ed sklo&nbsp; \u0161\u00ed\u0159ka: 700, 750, 800, 900 [&hellip;]","og_url":"https:\/\/www.domtechnikpro.com\/index.php\/produkt\/ronal-top-line-s-black-line-bocni-stena-topf2-autenticky-47730\/","og_image":[{"width":533,"height":800,"url":"https:\/\/www.domtechnikpro.com\/wp-content\/uploads\/2026\/SK0001479-CZ20260425-092706-0-1777080427-60614_ronal-top-line-s-tls2-topf2-black-line.webp","type":"image\/webp"}],"twitter_card":"summary_large_image","twitter_misc":{"Odhadovan\u00e1 doba \u010dten\u00ed":"1 minuta"},"schema":{"@context":"https:\/\/schema.org","@graph":[{"@type":"WebPage","@id":"https:\/\/www.domtechnikpro.com\/index.php\/produkt\/ronal-top-line-s-black-line-bocni-stena-topf2-autenticky-47730\/","url":"https:\/\/www.domtechnikpro.com\/index.php\/produkt\/ronal-top-line-s-black-line-bocni-stena-topf2-autenticky-47730\/","name":"Ronal, TOP-LINE S Black Line bo\u010dn\u00ed st\u011bna TOPF2 Autentick\u00fd -","isPartOf":{"@id":"https:\/\/www.domtechnikpro.com\/#website"},"primaryImageOfPage":{"@id":"https:\/\/www.domtechnikpro.com\/index.php\/produkt\/ronal-top-line-s-black-line-bocni-stena-topf2-autenticky-47730\/#primaryimage"},"image":{"@id":"https:\/\/www.domtechnikpro.com\/index.php\/produkt\/ronal-top-line-s-black-line-bocni-stena-topf2-autenticky-47730\/#primaryimage"},"thumbnailUrl":"https:\/\/www.domtechnikpro.com\/wp-content\/uploads\/2026\/SK0001479-CZ20260425-092706-0-1777080427-60614_ronal-top-line-s-tls2-topf2-black-line.webp","datePublished":"2026-04-26T09:00:15+00:00","breadcrumb":{"@id":"https:\/\/www.domtechnikpro.com\/index.php\/produkt\/ronal-top-line-s-black-line-bocni-stena-topf2-autenticky-47730\/#breadcrumb"},"inLanguage":"cs","potentialAction":[{"@type":"ReadAction","target":["https:\/\/www.domtechnikpro.com\/index.php\/produkt\/ronal-top-line-s-black-line-bocni-stena-topf2-autenticky-47730\/"]}]},{"@type":"ImageObject","inLanguage":"cs","@id":"https:\/\/www.domtechnikpro.com\/index.php\/produkt\/ronal-top-line-s-black-line-bocni-stena-topf2-autenticky-47730\/#primaryimage","url":"https:\/\/www.domtechnikpro.com\/wp-content\/uploads\/2026\/SK0001479-CZ20260425-092706-0-1777080427-60614_ronal-top-line-s-tls2-topf2-black-line.webp","contentUrl":"https:\/\/www.domtechnikpro.com\/wp-content\/uploads\/2026\/SK0001479-CZ20260425-092706-0-1777080427-60614_ronal-top-line-s-tls2-topf2-black-line.webp","width":533,"height":800},{"@type":"BreadcrumbList","@id":"https:\/\/www.domtechnikpro.com\/index.php\/produkt\/ronal-top-line-s-black-line-bocni-stena-topf2-autenticky-47730\/#breadcrumb","itemListElement":[{"@type":"ListItem","position":1,"name":"Home","item":"https:\/\/www.domtechnikpro.com\/"},{"@type":"ListItem","position":2,"name":"Products","item":"https:\/\/www.domtechnikpro.com\/index.php\/products\/"},{"@type":"ListItem","position":3,"name":"Ronal, TOP-LINE S Black Line bo\u010dn\u00ed st\u011bna TOPF2 Autentick\u00fd"}]},{"@type":"WebSite","@id":"https:\/\/www.domtechnikpro.com\/#website","url":"https:\/\/www.domtechnikpro.com\/","name":"","description":"","potentialAction":[{"@type":"SearchAction","target":{"@type":"EntryPoint","urlTemplate":"https:\/\/www.domtechnikpro.com\/?s={search_term_string}"},"query-input":{"@type":"PropertyValueSpecification","valueRequired":true,"valueName":"search_term_string"}}],"inLanguage":"cs"}]}},"_links":{"self":[{"href":"https:\/\/www.domtechnikpro.com\/index.php\/wp-json\/wp\/v2\/product\/47730","targetHints":{"allow":["GET"]}}],"collection":[{"href":"https:\/\/www.domtechnikpro.com\/index.php\/wp-json\/wp\/v2\/product"}],"about":[{"href":"https:\/\/www.domtechnikpro.com\/index.php\/wp-json\/wp\/v2\/types\/product"}],"replies":[{"embeddable":true,"href":"https:\/\/www.domtechnikpro.com\/index.php\/wp-json\/wp\/v2\/comments?post=47730"}],"wp:featuredmedia":[{"embeddable":true,"href":"https:\/\/www.domtechnikpro.com\/index.php\/wp-json\/wp\/v2\/media\/47830"}],"wp:attachment":[{"href":"https:\/\/www.domtechnikpro.com\/index.php\/wp-json\/wp\/v2\/media?parent=47730"}],"wp:term":[{"taxonomy":"product_brand","embeddable":true,"href":"https:\/\/www.domtechnikpro.com\/index.php\/wp-json\/wp\/v2\/product_brand?post=47730"},{"taxonomy":"product_cat","embeddable":true,"href":"https:\/\/www.domtechnikpro.com\/index.php\/wp-json\/wp\/v2\/product_cat?post=47730"},{"taxonomy":"product_tag","embeddable":true,"href":"https:\/\/www.domtechnikpro.com\/index.php\/wp-json\/wp\/v2\/product_tag?post=47730"}],"curies":[{"name":"wp","href":"https:\/\/api.w.org\/{rel}","templated":true}]}}