{"id":47729,"date":"2026-04-26T09:00:15","date_gmt":"2026-04-26T09:00:15","guid":{"rendered":""},"modified":"2026-04-26T09:00:15","modified_gmt":"2026-04-26T09:00:15","slug":"levny-ronal-top-line-s-black-line-jednokridle-dvere-tlsp-span-class-product-appendix-doprava-zdarma-pri-platbe-prevodem-sleva-span-47729","status":"publish","type":"product","link":"https:\/\/www.domtechnikpro.com\/index.php\/produkt\/levny-ronal-top-line-s-black-line-jednokridle-dvere-tlsp-span-class-product-appendix-doprava-zdarma-pri-platbe-prevodem-sleva-span-47729\/","title":{"rendered":"Levn\u00fd Ronal, TOP-LINE S Black Line jednok\u0159\u00eddl\u00e9 dve\u0159e TLSP <span class=\"product-appendix\"> + doprava zdarma + p\u0159i platb\u011b p\u0159evodem sleva<\/span>"},"content":{"rendered":"<div class=\"basic-description\">\n<p><span>Jednok\u0159\u00eddl\u00e9 dve\u0159e<\/span><strong><span>&nbsp;TLSP&nbsp;lze instalovat do oblo\u017een\u00e9 niky, nebo v kombinaci s bo\u010dn\u00ed st\u011bnou TOPF2.&nbsp;<\/span><\/strong><span>V\u00fdrobek lze instalovat na sprchovou vani\u010dku, nebo na podlahu. Dve\u0159e lze objednat s \u010dir\u00fdm sklem. Sklo disponuje antiplakovou \u00fapravou Aquaperle. <strong>Proveden\u00ed dve\u0159\u00ed je variabiln\u00ed<\/strong>, lze je instalovat jako lev\u00e9 i prav\u00e9.&nbsp;<\/span><\/p>\n<p><span style=\"font-family: 'times new roman', times; font-size: 12pt;\">&#8211; 6 mm bezpe\u010dnostn\u00ed sklo<\/span><\/p>\n<p><span style=\"font-family: 'times new roman', times; font-size: 12pt;\">&#8211; otv\u00edr\u00e1n\u00ed ven i dovnit\u0159<\/span><\/p>\n<p><span style=\"font-family: 'times new roman', times; font-size: 12pt;\">&#8211; magnetick\u00e9 t\u011bsn\u011bn\u00ed<\/span><\/p>\n<p><span style=\"font-family: 'times new roman', times; font-size: 12pt;\">&#8211; v\u00fd\u0161ka 2000 mm<\/span><\/p>\n<p><span face=\"times new roman, times\" style=\"font-family: 'times new roman', times;\">&#8211; barva profilu:&nbsp;<\/span><span style=\"font-family: 'times new roman', times; font-size: 12pt;\">06 \u010dern\u00e1 matn\u00e1<\/span><\/p>\n<p><span style=\"font-family: 'times new roman', times; font-size: 12pt;\">&#8211; sklo: 07 = \u010dir\u00e9<\/span><\/p>\n<p><span style=\"font-family: 'times new roman', times; font-size: 12pt;\"><\/span><\/p>\n<p><span><strong>Standardn\u00ed rozm\u011bry:&nbsp;<\/strong><\/span><\/p>\n<table style=\"width: 275.422px;\">\n<tbody>\n<tr>\n<td style=\"width: 99px; text-align: center;\"><span>\u0160\u00ed\u0159ka<\/span><\/td>\n<td style=\"width: 173.422px; text-align: center;\"><span>\u0160\u00ed\u0159ka vstupu<\/span><\/td>\n<\/tr>\n<tr>\n<td style=\"width: 99px; text-align: center;\"><span>700<\/span><\/td>\n<td style=\"width: 173.422px; text-align: center;\"><span>564<\/span><\/td>\n<\/tr>\n<tr>\n<td style=\"width: 99px; text-align: center;\"><span>750<\/span><\/td>\n<td style=\"width: 173.422px; text-align: center;\"><span>614<\/span><\/td>\n<\/tr>\n<tr>\n<td style=\"width: 99px; text-align: center;\"><span>800<\/span><\/td>\n<td style=\"width: 173.422px; text-align: center;\"><span>664<\/span><\/td>\n<\/tr>\n<tr>\n<td style=\"width: 99px; text-align: center;\"><span>900<\/span><\/td>\n<td style=\"width: 173.422px; text-align: center;\"><span>764<\/span><\/td>\n<\/tr>\n<tr>\n<td style=\"width: 99px; text-align: center;\"><span>1000<\/span><\/td>\n<td style=\"width: 173.422px; text-align: center;\"><span>864<\/span><\/td>\n<\/tr>\n<\/tbody>\n<\/table>\n<p><span style=\"color: #ff0000;\"><strong>V p\u0159\u00edpad\u011b mont\u00e1\u017ee na dla\u017ebu je nutno vz\u00edt v \u00favahu rozd\u00edl mezi nomin\u00e1ln\u00ed a fyzickou \u0161\u00ed\u0159kou. Skute\u010dn\u00e1 \u0161\u00ed\u0159ka (na st\u0159ed profilu) dve\u0159\u00ed s bo\u010dn\u00ed st\u011bnou je o 27 mm men\u0161\u00ed ne\u017e \u0161\u00ed\u0159ka v objednac\u00edm k\u00f3du (s toleranc\u00ed -10 a\u017e +15 mm).<\/strong><\/span><\/p>\n<p><span style=\"color: #ff0000;\"><strong><\/strong><\/span><\/p>\n<\/p><\/div>\n<\/p><\/div>\n<\/p><\/div>\n","protected":false},"excerpt":{"rendered":"<p>Jednok\u0159\u00eddl\u00e9 dve\u0159e&nbsp;TLSP&nbsp;lze instalovat do oblo\u017een\u00e9 niky, nebo v kombinaci s bo\u010dn\u00ed st\u011bnou TOPF2.&nbsp;V\u00fdrobek lze instalovat na sprchovou vani\u010dku, nebo na podlahu. Dve\u0159e lze objednat s \u010dir\u00fdm sklem. Sklo disponuje antiplakovou \u00fapravou Aquaperle. Proveden\u00ed dve\u0159\u00ed je variabiln\u00ed, lze je instalovat jako lev\u00e9 i prav\u00e9.&nbsp; &#8211; 6 mm bezpe\u010dnostn\u00ed sklo &#8211; otv\u00edr\u00e1n\u00ed ven i dovnit\u0159 &#8211; magnetick\u00e9 [&hellip;]<\/p>\n","protected":false},"featured_media":47829,"comment_status":"open","ping_status":"open","template":"","meta":[],"product_brand":[],"product_cat":[170],"product_tag":[],"class_list":{"0":"post-47729","1":"product","2":"type-product","3":"status-publish","4":"has-post-thumbnail","6":"product_cat-sprchove-kouty-vanicky-a-zlaby","8":"first","9":"instock","10":"sale","11":"shipping-taxable","12":"purchasable","13":"product-type-simple"},"yoast_head":"<!-- This site is optimized with the Yoast SEO plugin v26.8 - https:\/\/yoast.com\/product\/yoast-seo-wordpress\/ -->\n<title>Levn\u00fd Ronal, TOP-LINE S Black Line jednok\u0159\u00eddl\u00e9 dve\u0159e TLSP  + doprava zdarma + p\u0159i platb\u011b p\u0159evodem sleva -<\/title>\n<meta name=\"robots\" content=\"index, follow, max-snippet:-1, max-image-preview:large, max-video-preview:-1\" \/>\n<link rel=\"canonical\" href=\"https:\/\/www.domtechnikpro.com\/index.php\/produkt\/levny-ronal-top-line-s-black-line-jednokridle-dvere-tlsp-span-class-product-appendix-doprava-zdarma-pri-platbe-prevodem-sleva-span-47729\/\" \/>\n<meta property=\"og:locale\" content=\"cs_CZ\" \/>\n<meta property=\"og:type\" content=\"article\" \/>\n<meta property=\"og:title\" content=\"Levn\u00fd Ronal, TOP-LINE S Black Line jednok\u0159\u00eddl\u00e9 dve\u0159e TLSP  + doprava zdarma + p\u0159i platb\u011b p\u0159evodem sleva -\" \/>\n<meta property=\"og:description\" content=\"Jednok\u0159\u00eddl\u00e9 dve\u0159e&nbsp;TLSP&nbsp;lze instalovat do oblo\u017een\u00e9 niky, nebo v kombinaci s bo\u010dn\u00ed st\u011bnou TOPF2.&nbsp;V\u00fdrobek lze instalovat na sprchovou vani\u010dku, nebo na podlahu. Dve\u0159e lze objednat s \u010dir\u00fdm sklem. Sklo disponuje antiplakovou \u00fapravou Aquaperle. Proveden\u00ed dve\u0159\u00ed je variabiln\u00ed, lze je instalovat jako lev\u00e9 i prav\u00e9.&nbsp; &#8211; 6 mm bezpe\u010dnostn\u00ed sklo &#8211; otv\u00edr\u00e1n\u00ed ven i dovnit\u0159 &#8211; magnetick\u00e9 [&hellip;]\" \/>\n<meta property=\"og:url\" content=\"https:\/\/www.domtechnikpro.com\/index.php\/produkt\/levny-ronal-top-line-s-black-line-jednokridle-dvere-tlsp-span-class-product-appendix-doprava-zdarma-pri-platbe-prevodem-sleva-span-47729\/\" \/>\n<meta property=\"og:image\" content=\"https:\/\/www.domtechnikpro.com\/wp-content\/uploads\/2026\/SK0001478-CZ20260425-092706-0-1777080427-60587-1_ronal-top-line-s-tlsp-black-line.webp\" \/>\n\t<meta property=\"og:image:width\" content=\"533\" \/>\n\t<meta property=\"og:image:height\" content=\"800\" \/>\n\t<meta property=\"og:image:type\" content=\"image\/webp\" \/>\n<meta name=\"twitter:card\" content=\"summary_large_image\" \/>\n<meta name=\"twitter:label1\" content=\"Odhadovan\u00e1 doba \u010dten\u00ed\" \/>\n\t<meta name=\"twitter:data1\" content=\"1 minuta\" \/>\n<script type=\"application\/ld+json\" class=\"yoast-schema-graph\">{\"@context\":\"https:\/\/schema.org\",\"@graph\":[{\"@type\":\"WebPage\",\"@id\":\"https:\/\/www.domtechnikpro.com\/index.php\/produkt\/levny-ronal-top-line-s-black-line-jednokridle-dvere-tlsp-span-class-product-appendix-doprava-zdarma-pri-platbe-prevodem-sleva-span-47729\/\",\"url\":\"https:\/\/www.domtechnikpro.com\/index.php\/produkt\/levny-ronal-top-line-s-black-line-jednokridle-dvere-tlsp-span-class-product-appendix-doprava-zdarma-pri-platbe-prevodem-sleva-span-47729\/\",\"name\":\"Levn\u00fd Ronal, TOP-LINE S Black Line jednok\u0159\u00eddl\u00e9 dve\u0159e TLSP + doprava zdarma + p\u0159i platb\u011b p\u0159evodem sleva -\",\"isPartOf\":{\"@id\":\"https:\/\/www.domtechnikpro.com\/#website\"},\"primaryImageOfPage\":{\"@id\":\"https:\/\/www.domtechnikpro.com\/index.php\/produkt\/levny-ronal-top-line-s-black-line-jednokridle-dvere-tlsp-span-class-product-appendix-doprava-zdarma-pri-platbe-prevodem-sleva-span-47729\/#primaryimage\"},\"image\":{\"@id\":\"https:\/\/www.domtechnikpro.com\/index.php\/produkt\/levny-ronal-top-line-s-black-line-jednokridle-dvere-tlsp-span-class-product-appendix-doprava-zdarma-pri-platbe-prevodem-sleva-span-47729\/#primaryimage\"},\"thumbnailUrl\":\"https:\/\/www.domtechnikpro.com\/wp-content\/uploads\/2026\/SK0001478-CZ20260425-092706-0-1777080427-60587-1_ronal-top-line-s-tlsp-black-line.webp\",\"datePublished\":\"2026-04-26T09:00:15+00:00\",\"breadcrumb\":{\"@id\":\"https:\/\/www.domtechnikpro.com\/index.php\/produkt\/levny-ronal-top-line-s-black-line-jednokridle-dvere-tlsp-span-class-product-appendix-doprava-zdarma-pri-platbe-prevodem-sleva-span-47729\/#breadcrumb\"},\"inLanguage\":\"cs\",\"potentialAction\":[{\"@type\":\"ReadAction\",\"target\":[\"https:\/\/www.domtechnikpro.com\/index.php\/produkt\/levny-ronal-top-line-s-black-line-jednokridle-dvere-tlsp-span-class-product-appendix-doprava-zdarma-pri-platbe-prevodem-sleva-span-47729\/\"]}]},{\"@type\":\"ImageObject\",\"inLanguage\":\"cs\",\"@id\":\"https:\/\/www.domtechnikpro.com\/index.php\/produkt\/levny-ronal-top-line-s-black-line-jednokridle-dvere-tlsp-span-class-product-appendix-doprava-zdarma-pri-platbe-prevodem-sleva-span-47729\/#primaryimage\",\"url\":\"https:\/\/www.domtechnikpro.com\/wp-content\/uploads\/2026\/SK0001478-CZ20260425-092706-0-1777080427-60587-1_ronal-top-line-s-tlsp-black-line.webp\",\"contentUrl\":\"https:\/\/www.domtechnikpro.com\/wp-content\/uploads\/2026\/SK0001478-CZ20260425-092706-0-1777080427-60587-1_ronal-top-line-s-tlsp-black-line.webp\",\"width\":533,\"height\":800},{\"@type\":\"BreadcrumbList\",\"@id\":\"https:\/\/www.domtechnikpro.com\/index.php\/produkt\/levny-ronal-top-line-s-black-line-jednokridle-dvere-tlsp-span-class-product-appendix-doprava-zdarma-pri-platbe-prevodem-sleva-span-47729\/#breadcrumb\",\"itemListElement\":[{\"@type\":\"ListItem\",\"position\":1,\"name\":\"Home\",\"item\":\"https:\/\/www.domtechnikpro.com\/\"},{\"@type\":\"ListItem\",\"position\":2,\"name\":\"Products\",\"item\":\"https:\/\/www.domtechnikpro.com\/index.php\/products\/\"},{\"@type\":\"ListItem\",\"position\":3,\"name\":\"Levn\u00fd Ronal, TOP-LINE S Black Line jednok\u0159\u00eddl\u00e9 dve\u0159e TLSP + doprava zdarma + p\u0159i platb\u011b p\u0159evodem sleva\"}]},{\"@type\":\"WebSite\",\"@id\":\"https:\/\/www.domtechnikpro.com\/#website\",\"url\":\"https:\/\/www.domtechnikpro.com\/\",\"name\":\"\",\"description\":\"\",\"potentialAction\":[{\"@type\":\"SearchAction\",\"target\":{\"@type\":\"EntryPoint\",\"urlTemplate\":\"https:\/\/www.domtechnikpro.com\/?s={search_term_string}\"},\"query-input\":{\"@type\":\"PropertyValueSpecification\",\"valueRequired\":true,\"valueName\":\"search_term_string\"}}],\"inLanguage\":\"cs\"}]}<\/script>\n<!-- \/ Yoast SEO plugin. -->","yoast_head_json":{"title":"Levn\u00fd Ronal, TOP-LINE S Black Line jednok\u0159\u00eddl\u00e9 dve\u0159e TLSP  + doprava zdarma + p\u0159i platb\u011b p\u0159evodem sleva -","robots":{"index":"index","follow":"follow","max-snippet":"max-snippet:-1","max-image-preview":"max-image-preview:large","max-video-preview":"max-video-preview:-1"},"canonical":"https:\/\/www.domtechnikpro.com\/index.php\/produkt\/levny-ronal-top-line-s-black-line-jednokridle-dvere-tlsp-span-class-product-appendix-doprava-zdarma-pri-platbe-prevodem-sleva-span-47729\/","og_locale":"cs_CZ","og_type":"article","og_title":"Levn\u00fd Ronal, TOP-LINE S Black Line jednok\u0159\u00eddl\u00e9 dve\u0159e TLSP  + doprava zdarma + p\u0159i platb\u011b p\u0159evodem sleva -","og_description":"Jednok\u0159\u00eddl\u00e9 dve\u0159e&nbsp;TLSP&nbsp;lze instalovat do oblo\u017een\u00e9 niky, nebo v kombinaci s bo\u010dn\u00ed st\u011bnou TOPF2.&nbsp;V\u00fdrobek lze instalovat na sprchovou vani\u010dku, nebo na podlahu. Dve\u0159e lze objednat s \u010dir\u00fdm sklem. Sklo disponuje antiplakovou \u00fapravou Aquaperle. Proveden\u00ed dve\u0159\u00ed je variabiln\u00ed, lze je instalovat jako lev\u00e9 i prav\u00e9.&nbsp; &#8211; 6 mm bezpe\u010dnostn\u00ed sklo &#8211; otv\u00edr\u00e1n\u00ed ven i dovnit\u0159 &#8211; magnetick\u00e9 [&hellip;]","og_url":"https:\/\/www.domtechnikpro.com\/index.php\/produkt\/levny-ronal-top-line-s-black-line-jednokridle-dvere-tlsp-span-class-product-appendix-doprava-zdarma-pri-platbe-prevodem-sleva-span-47729\/","og_image":[{"width":533,"height":800,"url":"https:\/\/www.domtechnikpro.com\/wp-content\/uploads\/2026\/SK0001478-CZ20260425-092706-0-1777080427-60587-1_ronal-top-line-s-tlsp-black-line.webp","type":"image\/webp"}],"twitter_card":"summary_large_image","twitter_misc":{"Odhadovan\u00e1 doba \u010dten\u00ed":"1 minuta"},"schema":{"@context":"https:\/\/schema.org","@graph":[{"@type":"WebPage","@id":"https:\/\/www.domtechnikpro.com\/index.php\/produkt\/levny-ronal-top-line-s-black-line-jednokridle-dvere-tlsp-span-class-product-appendix-doprava-zdarma-pri-platbe-prevodem-sleva-span-47729\/","url":"https:\/\/www.domtechnikpro.com\/index.php\/produkt\/levny-ronal-top-line-s-black-line-jednokridle-dvere-tlsp-span-class-product-appendix-doprava-zdarma-pri-platbe-prevodem-sleva-span-47729\/","name":"Levn\u00fd Ronal, TOP-LINE S Black Line jednok\u0159\u00eddl\u00e9 dve\u0159e TLSP + doprava zdarma + p\u0159i platb\u011b p\u0159evodem sleva -","isPartOf":{"@id":"https:\/\/www.domtechnikpro.com\/#website"},"primaryImageOfPage":{"@id":"https:\/\/www.domtechnikpro.com\/index.php\/produkt\/levny-ronal-top-line-s-black-line-jednokridle-dvere-tlsp-span-class-product-appendix-doprava-zdarma-pri-platbe-prevodem-sleva-span-47729\/#primaryimage"},"image":{"@id":"https:\/\/www.domtechnikpro.com\/index.php\/produkt\/levny-ronal-top-line-s-black-line-jednokridle-dvere-tlsp-span-class-product-appendix-doprava-zdarma-pri-platbe-prevodem-sleva-span-47729\/#primaryimage"},"thumbnailUrl":"https:\/\/www.domtechnikpro.com\/wp-content\/uploads\/2026\/SK0001478-CZ20260425-092706-0-1777080427-60587-1_ronal-top-line-s-tlsp-black-line.webp","datePublished":"2026-04-26T09:00:15+00:00","breadcrumb":{"@id":"https:\/\/www.domtechnikpro.com\/index.php\/produkt\/levny-ronal-top-line-s-black-line-jednokridle-dvere-tlsp-span-class-product-appendix-doprava-zdarma-pri-platbe-prevodem-sleva-span-47729\/#breadcrumb"},"inLanguage":"cs","potentialAction":[{"@type":"ReadAction","target":["https:\/\/www.domtechnikpro.com\/index.php\/produkt\/levny-ronal-top-line-s-black-line-jednokridle-dvere-tlsp-span-class-product-appendix-doprava-zdarma-pri-platbe-prevodem-sleva-span-47729\/"]}]},{"@type":"ImageObject","inLanguage":"cs","@id":"https:\/\/www.domtechnikpro.com\/index.php\/produkt\/levny-ronal-top-line-s-black-line-jednokridle-dvere-tlsp-span-class-product-appendix-doprava-zdarma-pri-platbe-prevodem-sleva-span-47729\/#primaryimage","url":"https:\/\/www.domtechnikpro.com\/wp-content\/uploads\/2026\/SK0001478-CZ20260425-092706-0-1777080427-60587-1_ronal-top-line-s-tlsp-black-line.webp","contentUrl":"https:\/\/www.domtechnikpro.com\/wp-content\/uploads\/2026\/SK0001478-CZ20260425-092706-0-1777080427-60587-1_ronal-top-line-s-tlsp-black-line.webp","width":533,"height":800},{"@type":"BreadcrumbList","@id":"https:\/\/www.domtechnikpro.com\/index.php\/produkt\/levny-ronal-top-line-s-black-line-jednokridle-dvere-tlsp-span-class-product-appendix-doprava-zdarma-pri-platbe-prevodem-sleva-span-47729\/#breadcrumb","itemListElement":[{"@type":"ListItem","position":1,"name":"Home","item":"https:\/\/www.domtechnikpro.com\/"},{"@type":"ListItem","position":2,"name":"Products","item":"https:\/\/www.domtechnikpro.com\/index.php\/products\/"},{"@type":"ListItem","position":3,"name":"Levn\u00fd Ronal, TOP-LINE S Black Line jednok\u0159\u00eddl\u00e9 dve\u0159e TLSP + doprava zdarma + p\u0159i platb\u011b p\u0159evodem sleva"}]},{"@type":"WebSite","@id":"https:\/\/www.domtechnikpro.com\/#website","url":"https:\/\/www.domtechnikpro.com\/","name":"","description":"","potentialAction":[{"@type":"SearchAction","target":{"@type":"EntryPoint","urlTemplate":"https:\/\/www.domtechnikpro.com\/?s={search_term_string}"},"query-input":{"@type":"PropertyValueSpecification","valueRequired":true,"valueName":"search_term_string"}}],"inLanguage":"cs"}]}},"_links":{"self":[{"href":"https:\/\/www.domtechnikpro.com\/index.php\/wp-json\/wp\/v2\/product\/47729","targetHints":{"allow":["GET"]}}],"collection":[{"href":"https:\/\/www.domtechnikpro.com\/index.php\/wp-json\/wp\/v2\/product"}],"about":[{"href":"https:\/\/www.domtechnikpro.com\/index.php\/wp-json\/wp\/v2\/types\/product"}],"replies":[{"embeddable":true,"href":"https:\/\/www.domtechnikpro.com\/index.php\/wp-json\/wp\/v2\/comments?post=47729"}],"wp:featuredmedia":[{"embeddable":true,"href":"https:\/\/www.domtechnikpro.com\/index.php\/wp-json\/wp\/v2\/media\/47829"}],"wp:attachment":[{"href":"https:\/\/www.domtechnikpro.com\/index.php\/wp-json\/wp\/v2\/media?parent=47729"}],"wp:term":[{"taxonomy":"product_brand","embeddable":true,"href":"https:\/\/www.domtechnikpro.com\/index.php\/wp-json\/wp\/v2\/product_brand?post=47729"},{"taxonomy":"product_cat","embeddable":true,"href":"https:\/\/www.domtechnikpro.com\/index.php\/wp-json\/wp\/v2\/product_cat?post=47729"},{"taxonomy":"product_tag","embeddable":true,"href":"https:\/\/www.domtechnikpro.com\/index.php\/wp-json\/wp\/v2\/product_tag?post=47729"}],"curies":[{"name":"wp","href":"https:\/\/api.w.org\/{rel}","templated":true}]}}