{"id":47728,"date":"2026-04-26T09:00:15","date_gmt":"2026-04-26T09:00:15","guid":{"rendered":""},"modified":"2026-04-26T09:00:15","modified_gmt":"2026-04-26T09:00:15","slug":"ronal-walk-in-black-line-pevna-stena-samostatna-s-vyrovnavacim-profilem-str4p-sklo-07-cire-span-class-product-appendix-doprava-zdarma-pri-platbe-prevodem-sleva-span-cenove-vyhodny-47728","status":"publish","type":"product","link":"https:\/\/www.domtechnikpro.com\/index.php\/produkt\/ronal-walk-in-black-line-pevna-stena-samostatna-s-vyrovnavacim-profilem-str4p-sklo-07-cire-span-class-product-appendix-doprava-zdarma-pri-platbe-prevodem-sleva-span-cenove-vyhodny-47728\/","title":{"rendered":"Ronal, WALK-IN Black Line pevn\u00e1 st\u011bna samostatn\u00e1 s vyrovn\u00e1vac\u00edm profilem STR4P, sklo: 07 \u010dir\u00e9 <span class=\"product-appendix\"> + doprava zdarma + p\u0159i platb\u011b p\u0159evodem sleva<\/span> Cenov\u011b V\u00fdhodn\u00fd"},"content":{"rendered":"<div class=\"basic-description\">\n<p><span><b>WALK-IN<\/b>&nbsp;z\u00e1st\u011bny Ronal umo\u017e\u0148uj\u00ed pohodln\u00fd \u0161irok\u00fd vstup. \u0160irok\u00e9 pevn\u00e9 st\u011bny poskytuj\u00ed velk\u00fd prostor pro relaxaci p\u0159i sprchov\u00e1n\u00ed. Transparentn\u00ed plochy pevn\u00fdch z\u00e1st\u011bn jsou dominantn\u00edm prvkem koupelny. Podle p\u016fdorysu a uspo\u0159\u00e1d\u00e1n\u00ed koupelny lze n\u011bkter\u00e9 modely doplnit i o pevnou nebo oto\u010dnou st\u011bnu v prav\u00e9m \u00fahlu. Instalace je mo\u017en\u00e1 na plochou vani\u010dku, p\u0159\u00edmo na dla\u017ebu nebo p\u0159\u00edpadn\u011b na vanu s ploch\u00fdm lemem.<\/span><\/p>\n<p><strong>STR4P | PEVN\u00c1 ST\u011aNA SAMOSTATN\u00c1 S VYROVN\u00c1VAC\u00cdM PROFILEM, BARVA 06=\u010cERN\u00c1 MATN\u00c1, SKLO 07=\u010cIR\u00c9<\/strong><br \/>8mm bezpe\u010dnostn\u00ed sklo | vodorovn\u00e1 vzp\u011bra 1250 mm (lze zkr\u00e1tit), celkov\u00e1 v\u00fd\u0161ka v\u010d. vzp\u011bry 2017 mm | lze namontovat vpravo i vlevo<\/p>\n<p><strong>Vlastnosti:<\/strong><br \/>\u2022 8mm bezpe\u010dnostn\u00ed sklo<br \/>\u2022 Standardn\u00ed v\u00fd\u0161ka 2000 mm<br \/>\u2022 Antiplakov\u00e1 \u00faprava Aquaperle<br \/>\u2022 Standardn\u00ed i zvl\u00e1\u0161tn\u00ed rozm\u011bry<br \/>\u2022 Maxim\u00e1ln\u00ed stabilita a jednoduch\u00e1 mont\u00e1\u017e<br \/>\u2022 Velk\u00e1 \u0161\u00ed\u0159ka vstupu<\/p>\n<p><span>V p\u0159\u00edpad\u011b pot\u0159eby lze dokoupit stropn\u00ed vzp\u011bru SD8 (max. v\u00fd\u0161ka stropu 3000 mm).<\/span><\/p>\n<p><span>Spojovac\u00ed d\u00edly pro kombinaci dvou pevn\u00fdch st\u011bn STR4P: VT90 (pro spojen\u00ed vodorovn\u00fdch vzp\u011br) nebo WPE (pro L-mont\u00e1\u017e).<\/span><\/p>\n<p><span>P\u0159estavn\u00e1 \u0161\u00ed\u0159ka (\u0161\u00ed\u0159ka od zdi k vn\u011bj\u0161\u00ed hran\u011b skla): -18\/+7 mm.<\/span><\/p>\n<p><span>Z\u00e1st\u011bna <strong>Walk-in EASY je dod\u00e1v\u00e1na v\u010detn\u011b spodn\u00edho profilu<\/strong> v p\u0159\u00edslu\u0161n\u00e9 barv\u011b, <strong>pro zjednodu\u0161enou mont\u00e1\u017e i jako ochrana hrany.&nbsp;<\/strong><\/span><\/p>\n<p><span><strong>P\u0159estavn\u00e9 \u0161\u00ed\u0159ky:<\/strong><\/span><\/p>\n<table style=\"width: 427.422px;\">\n<tbody>\n<tr>\n<td style=\"width: 70px; text-align: center;\">\n<p><strong>&nbsp;<\/strong><\/p>\n<p><strong>\u0160\u00ed\u0159ka<\/strong><\/p>\n<\/td>\n<td style=\"width: 355.422px; text-align: center;\">\n<p><strong>\u0160\u00ed\u0159ka od zdi k vn\u011bj\u0161\u00ed hran\u011b skla<\/strong><\/p>\n<p><strong>Pevn\u00e1 st\u011bna&nbsp;<span>(-18 mm;+7 mm)<\/span><\/strong><\/p>\n<\/td>\n<\/tr>\n<tr>\n<td style=\"width: 70px; text-align: center;\"><span>800<\/span><\/td>\n<td style=\"width: 355.422px; text-align: center;\"><span>782-807<\/span><\/td>\n<\/tr>\n<tr>\n<td style=\"width: 70px; text-align: center;\"><span>900<\/span><\/td>\n<td style=\"width: 355.422px; text-align: center;\"><span>882-907<\/span><\/td>\n<\/tr>\n<tr>\n<td style=\"width: 70px; text-align: center;\"><span>1000<\/span><\/td>\n<td style=\"width: 355.422px; text-align: center;\"><span>982-1007<\/span><\/td>\n<\/tr>\n<tr>\n<td style=\"width: 70px; text-align: center;\"><span>1200<\/span><\/td>\n<td style=\"width: 355.422px; text-align: center;\"><span>1182-1207<\/span><\/td>\n<\/tr>\n<tr>\n<td style=\"width: 70px; text-align: center;\"><span>1400<\/span><\/td>\n<td style=\"width: 355.422px; text-align: center;\"><span>1382-1407<\/span><\/td>\n<\/tr>\n<tr>\n<td style=\"width: 70px; text-align: center;\"><span>1600<\/span><\/td>\n<td style=\"width: 355.422px; text-align: center;\"><span>1582-1607<\/span><\/td>\n<\/tr>\n<\/tbody>\n<\/table><\/div>\n<\/p><\/div>\n<\/p><\/div>\n","protected":false},"excerpt":{"rendered":"<p>WALK-IN&nbsp;z\u00e1st\u011bny Ronal umo\u017e\u0148uj\u00ed pohodln\u00fd \u0161irok\u00fd vstup. \u0160irok\u00e9 pevn\u00e9 st\u011bny poskytuj\u00ed velk\u00fd prostor pro relaxaci p\u0159i sprchov\u00e1n\u00ed. Transparentn\u00ed plochy pevn\u00fdch z\u00e1st\u011bn jsou dominantn\u00edm prvkem koupelny. Podle p\u016fdorysu a uspo\u0159\u00e1d\u00e1n\u00ed koupelny lze n\u011bkter\u00e9 modely doplnit i o pevnou nebo oto\u010dnou st\u011bnu v prav\u00e9m \u00fahlu. Instalace je mo\u017en\u00e1 na plochou vani\u010dku, p\u0159\u00edmo na dla\u017ebu nebo p\u0159\u00edpadn\u011b na vanu [&hellip;]<\/p>\n","protected":false},"featured_media":47828,"comment_status":"open","ping_status":"open","template":"","meta":[],"product_brand":[],"product_cat":[170],"product_tag":[],"class_list":{"0":"post-47728","1":"product","2":"type-product","3":"status-publish","4":"has-post-thumbnail","6":"product_cat-sprchove-kouty-vanicky-a-zlaby","8":"first","9":"instock","10":"sale","11":"shipping-taxable","12":"purchasable","13":"product-type-simple"},"yoast_head":"<!-- This site is optimized with the Yoast SEO plugin v26.8 - https:\/\/yoast.com\/product\/yoast-seo-wordpress\/ -->\n<title>Ronal, WALK-IN Black Line pevn\u00e1 st\u011bna samostatn\u00e1 s vyrovn\u00e1vac\u00edm profilem STR4P, sklo: 07 \u010dir\u00e9  + doprava zdarma + p\u0159i platb\u011b p\u0159evodem sleva Cenov\u011b V\u00fdhodn\u00fd -<\/title>\n<meta name=\"robots\" content=\"index, follow, max-snippet:-1, max-image-preview:large, max-video-preview:-1\" \/>\n<link rel=\"canonical\" href=\"https:\/\/www.domtechnikpro.com\/index.php\/produkt\/ronal-walk-in-black-line-pevna-stena-samostatna-s-vyrovnavacim-profilem-str4p-sklo-07-cire-span-class-product-appendix-doprava-zdarma-pri-platbe-prevodem-sleva-span-cenove-vyhodny-47728\/\" \/>\n<meta property=\"og:locale\" content=\"cs_CZ\" \/>\n<meta property=\"og:type\" content=\"article\" \/>\n<meta property=\"og:title\" content=\"Ronal, WALK-IN Black Line pevn\u00e1 st\u011bna samostatn\u00e1 s vyrovn\u00e1vac\u00edm profilem STR4P, sklo: 07 \u010dir\u00e9  + doprava zdarma + p\u0159i platb\u011b p\u0159evodem sleva Cenov\u011b V\u00fdhodn\u00fd -\" \/>\n<meta property=\"og:description\" content=\"WALK-IN&nbsp;z\u00e1st\u011bny Ronal umo\u017e\u0148uj\u00ed pohodln\u00fd \u0161irok\u00fd vstup. \u0160irok\u00e9 pevn\u00e9 st\u011bny poskytuj\u00ed velk\u00fd prostor pro relaxaci p\u0159i sprchov\u00e1n\u00ed. Transparentn\u00ed plochy pevn\u00fdch z\u00e1st\u011bn jsou dominantn\u00edm prvkem koupelny. Podle p\u016fdorysu a uspo\u0159\u00e1d\u00e1n\u00ed koupelny lze n\u011bkter\u00e9 modely doplnit i o pevnou nebo oto\u010dnou st\u011bnu v prav\u00e9m \u00fahlu. Instalace je mo\u017en\u00e1 na plochou vani\u010dku, p\u0159\u00edmo na dla\u017ebu nebo p\u0159\u00edpadn\u011b na vanu [&hellip;]\" \/>\n<meta property=\"og:url\" content=\"https:\/\/www.domtechnikpro.com\/index.php\/produkt\/ronal-walk-in-black-line-pevna-stena-samostatna-s-vyrovnavacim-profilem-str4p-sklo-07-cire-span-class-product-appendix-doprava-zdarma-pri-platbe-prevodem-sleva-span-cenove-vyhodny-47728\/\" \/>\n<meta property=\"og:image\" content=\"https:\/\/www.domtechnikpro.com\/wp-content\/uploads\/2026\/SK0001477-CZ20260425-092706-0-1777080427-60506-3_ronal-easy-str4p-black-line.webp\" \/>\n\t<meta property=\"og:image:width\" content=\"533\" \/>\n\t<meta property=\"og:image:height\" content=\"800\" \/>\n\t<meta property=\"og:image:type\" content=\"image\/webp\" \/>\n<meta name=\"twitter:card\" content=\"summary_large_image\" \/>\n<meta name=\"twitter:label1\" content=\"Odhadovan\u00e1 doba \u010dten\u00ed\" \/>\n\t<meta name=\"twitter:data1\" content=\"1 minuta\" \/>\n<script type=\"application\/ld+json\" class=\"yoast-schema-graph\">{\"@context\":\"https:\/\/schema.org\",\"@graph\":[{\"@type\":\"WebPage\",\"@id\":\"https:\/\/www.domtechnikpro.com\/index.php\/produkt\/ronal-walk-in-black-line-pevna-stena-samostatna-s-vyrovnavacim-profilem-str4p-sklo-07-cire-span-class-product-appendix-doprava-zdarma-pri-platbe-prevodem-sleva-span-cenove-vyhodny-47728\/\",\"url\":\"https:\/\/www.domtechnikpro.com\/index.php\/produkt\/ronal-walk-in-black-line-pevna-stena-samostatna-s-vyrovnavacim-profilem-str4p-sklo-07-cire-span-class-product-appendix-doprava-zdarma-pri-platbe-prevodem-sleva-span-cenove-vyhodny-47728\/\",\"name\":\"Ronal, WALK-IN Black Line pevn\u00e1 st\u011bna samostatn\u00e1 s vyrovn\u00e1vac\u00edm profilem STR4P, sklo: 07 \u010dir\u00e9 + doprava zdarma + p\u0159i platb\u011b p\u0159evodem sleva Cenov\u011b V\u00fdhodn\u00fd -\",\"isPartOf\":{\"@id\":\"https:\/\/www.domtechnikpro.com\/#website\"},\"primaryImageOfPage\":{\"@id\":\"https:\/\/www.domtechnikpro.com\/index.php\/produkt\/ronal-walk-in-black-line-pevna-stena-samostatna-s-vyrovnavacim-profilem-str4p-sklo-07-cire-span-class-product-appendix-doprava-zdarma-pri-platbe-prevodem-sleva-span-cenove-vyhodny-47728\/#primaryimage\"},\"image\":{\"@id\":\"https:\/\/www.domtechnikpro.com\/index.php\/produkt\/ronal-walk-in-black-line-pevna-stena-samostatna-s-vyrovnavacim-profilem-str4p-sklo-07-cire-span-class-product-appendix-doprava-zdarma-pri-platbe-prevodem-sleva-span-cenove-vyhodny-47728\/#primaryimage\"},\"thumbnailUrl\":\"https:\/\/www.domtechnikpro.com\/wp-content\/uploads\/2026\/SK0001477-CZ20260425-092706-0-1777080427-60506-3_ronal-easy-str4p-black-line.webp\",\"datePublished\":\"2026-04-26T09:00:15+00:00\",\"breadcrumb\":{\"@id\":\"https:\/\/www.domtechnikpro.com\/index.php\/produkt\/ronal-walk-in-black-line-pevna-stena-samostatna-s-vyrovnavacim-profilem-str4p-sklo-07-cire-span-class-product-appendix-doprava-zdarma-pri-platbe-prevodem-sleva-span-cenove-vyhodny-47728\/#breadcrumb\"},\"inLanguage\":\"cs\",\"potentialAction\":[{\"@type\":\"ReadAction\",\"target\":[\"https:\/\/www.domtechnikpro.com\/index.php\/produkt\/ronal-walk-in-black-line-pevna-stena-samostatna-s-vyrovnavacim-profilem-str4p-sklo-07-cire-span-class-product-appendix-doprava-zdarma-pri-platbe-prevodem-sleva-span-cenove-vyhodny-47728\/\"]}]},{\"@type\":\"ImageObject\",\"inLanguage\":\"cs\",\"@id\":\"https:\/\/www.domtechnikpro.com\/index.php\/produkt\/ronal-walk-in-black-line-pevna-stena-samostatna-s-vyrovnavacim-profilem-str4p-sklo-07-cire-span-class-product-appendix-doprava-zdarma-pri-platbe-prevodem-sleva-span-cenove-vyhodny-47728\/#primaryimage\",\"url\":\"https:\/\/www.domtechnikpro.com\/wp-content\/uploads\/2026\/SK0001477-CZ20260425-092706-0-1777080427-60506-3_ronal-easy-str4p-black-line.webp\",\"contentUrl\":\"https:\/\/www.domtechnikpro.com\/wp-content\/uploads\/2026\/SK0001477-CZ20260425-092706-0-1777080427-60506-3_ronal-easy-str4p-black-line.webp\",\"width\":533,\"height\":800},{\"@type\":\"BreadcrumbList\",\"@id\":\"https:\/\/www.domtechnikpro.com\/index.php\/produkt\/ronal-walk-in-black-line-pevna-stena-samostatna-s-vyrovnavacim-profilem-str4p-sklo-07-cire-span-class-product-appendix-doprava-zdarma-pri-platbe-prevodem-sleva-span-cenove-vyhodny-47728\/#breadcrumb\",\"itemListElement\":[{\"@type\":\"ListItem\",\"position\":1,\"name\":\"Home\",\"item\":\"https:\/\/www.domtechnikpro.com\/\"},{\"@type\":\"ListItem\",\"position\":2,\"name\":\"Products\",\"item\":\"https:\/\/www.domtechnikpro.com\/index.php\/products\/\"},{\"@type\":\"ListItem\",\"position\":3,\"name\":\"Ronal, WALK-IN Black Line pevn\u00e1 st\u011bna samostatn\u00e1 s vyrovn\u00e1vac\u00edm profilem STR4P, sklo: 07 \u010dir\u00e9 + doprava zdarma + p\u0159i platb\u011b p\u0159evodem sleva Cenov\u011b V\u00fdhodn\u00fd\"}]},{\"@type\":\"WebSite\",\"@id\":\"https:\/\/www.domtechnikpro.com\/#website\",\"url\":\"https:\/\/www.domtechnikpro.com\/\",\"name\":\"\",\"description\":\"\",\"potentialAction\":[{\"@type\":\"SearchAction\",\"target\":{\"@type\":\"EntryPoint\",\"urlTemplate\":\"https:\/\/www.domtechnikpro.com\/?s={search_term_string}\"},\"query-input\":{\"@type\":\"PropertyValueSpecification\",\"valueRequired\":true,\"valueName\":\"search_term_string\"}}],\"inLanguage\":\"cs\"}]}<\/script>\n<!-- \/ Yoast SEO plugin. -->","yoast_head_json":{"title":"Ronal, WALK-IN Black Line pevn\u00e1 st\u011bna samostatn\u00e1 s vyrovn\u00e1vac\u00edm profilem STR4P, sklo: 07 \u010dir\u00e9  + doprava zdarma + p\u0159i platb\u011b p\u0159evodem sleva Cenov\u011b V\u00fdhodn\u00fd -","robots":{"index":"index","follow":"follow","max-snippet":"max-snippet:-1","max-image-preview":"max-image-preview:large","max-video-preview":"max-video-preview:-1"},"canonical":"https:\/\/www.domtechnikpro.com\/index.php\/produkt\/ronal-walk-in-black-line-pevna-stena-samostatna-s-vyrovnavacim-profilem-str4p-sklo-07-cire-span-class-product-appendix-doprava-zdarma-pri-platbe-prevodem-sleva-span-cenove-vyhodny-47728\/","og_locale":"cs_CZ","og_type":"article","og_title":"Ronal, WALK-IN Black Line pevn\u00e1 st\u011bna samostatn\u00e1 s vyrovn\u00e1vac\u00edm profilem STR4P, sklo: 07 \u010dir\u00e9  + doprava zdarma + p\u0159i platb\u011b p\u0159evodem sleva Cenov\u011b V\u00fdhodn\u00fd -","og_description":"WALK-IN&nbsp;z\u00e1st\u011bny Ronal umo\u017e\u0148uj\u00ed pohodln\u00fd \u0161irok\u00fd vstup. \u0160irok\u00e9 pevn\u00e9 st\u011bny poskytuj\u00ed velk\u00fd prostor pro relaxaci p\u0159i sprchov\u00e1n\u00ed. Transparentn\u00ed plochy pevn\u00fdch z\u00e1st\u011bn jsou dominantn\u00edm prvkem koupelny. Podle p\u016fdorysu a uspo\u0159\u00e1d\u00e1n\u00ed koupelny lze n\u011bkter\u00e9 modely doplnit i o pevnou nebo oto\u010dnou st\u011bnu v prav\u00e9m \u00fahlu. Instalace je mo\u017en\u00e1 na plochou vani\u010dku, p\u0159\u00edmo na dla\u017ebu nebo p\u0159\u00edpadn\u011b na vanu [&hellip;]","og_url":"https:\/\/www.domtechnikpro.com\/index.php\/produkt\/ronal-walk-in-black-line-pevna-stena-samostatna-s-vyrovnavacim-profilem-str4p-sklo-07-cire-span-class-product-appendix-doprava-zdarma-pri-platbe-prevodem-sleva-span-cenove-vyhodny-47728\/","og_image":[{"width":533,"height":800,"url":"https:\/\/www.domtechnikpro.com\/wp-content\/uploads\/2026\/SK0001477-CZ20260425-092706-0-1777080427-60506-3_ronal-easy-str4p-black-line.webp","type":"image\/webp"}],"twitter_card":"summary_large_image","twitter_misc":{"Odhadovan\u00e1 doba \u010dten\u00ed":"1 minuta"},"schema":{"@context":"https:\/\/schema.org","@graph":[{"@type":"WebPage","@id":"https:\/\/www.domtechnikpro.com\/index.php\/produkt\/ronal-walk-in-black-line-pevna-stena-samostatna-s-vyrovnavacim-profilem-str4p-sklo-07-cire-span-class-product-appendix-doprava-zdarma-pri-platbe-prevodem-sleva-span-cenove-vyhodny-47728\/","url":"https:\/\/www.domtechnikpro.com\/index.php\/produkt\/ronal-walk-in-black-line-pevna-stena-samostatna-s-vyrovnavacim-profilem-str4p-sklo-07-cire-span-class-product-appendix-doprava-zdarma-pri-platbe-prevodem-sleva-span-cenove-vyhodny-47728\/","name":"Ronal, WALK-IN Black Line pevn\u00e1 st\u011bna samostatn\u00e1 s vyrovn\u00e1vac\u00edm profilem STR4P, sklo: 07 \u010dir\u00e9 + doprava zdarma + p\u0159i platb\u011b p\u0159evodem sleva Cenov\u011b V\u00fdhodn\u00fd -","isPartOf":{"@id":"https:\/\/www.domtechnikpro.com\/#website"},"primaryImageOfPage":{"@id":"https:\/\/www.domtechnikpro.com\/index.php\/produkt\/ronal-walk-in-black-line-pevna-stena-samostatna-s-vyrovnavacim-profilem-str4p-sklo-07-cire-span-class-product-appendix-doprava-zdarma-pri-platbe-prevodem-sleva-span-cenove-vyhodny-47728\/#primaryimage"},"image":{"@id":"https:\/\/www.domtechnikpro.com\/index.php\/produkt\/ronal-walk-in-black-line-pevna-stena-samostatna-s-vyrovnavacim-profilem-str4p-sklo-07-cire-span-class-product-appendix-doprava-zdarma-pri-platbe-prevodem-sleva-span-cenove-vyhodny-47728\/#primaryimage"},"thumbnailUrl":"https:\/\/www.domtechnikpro.com\/wp-content\/uploads\/2026\/SK0001477-CZ20260425-092706-0-1777080427-60506-3_ronal-easy-str4p-black-line.webp","datePublished":"2026-04-26T09:00:15+00:00","breadcrumb":{"@id":"https:\/\/www.domtechnikpro.com\/index.php\/produkt\/ronal-walk-in-black-line-pevna-stena-samostatna-s-vyrovnavacim-profilem-str4p-sklo-07-cire-span-class-product-appendix-doprava-zdarma-pri-platbe-prevodem-sleva-span-cenove-vyhodny-47728\/#breadcrumb"},"inLanguage":"cs","potentialAction":[{"@type":"ReadAction","target":["https:\/\/www.domtechnikpro.com\/index.php\/produkt\/ronal-walk-in-black-line-pevna-stena-samostatna-s-vyrovnavacim-profilem-str4p-sklo-07-cire-span-class-product-appendix-doprava-zdarma-pri-platbe-prevodem-sleva-span-cenove-vyhodny-47728\/"]}]},{"@type":"ImageObject","inLanguage":"cs","@id":"https:\/\/www.domtechnikpro.com\/index.php\/produkt\/ronal-walk-in-black-line-pevna-stena-samostatna-s-vyrovnavacim-profilem-str4p-sklo-07-cire-span-class-product-appendix-doprava-zdarma-pri-platbe-prevodem-sleva-span-cenove-vyhodny-47728\/#primaryimage","url":"https:\/\/www.domtechnikpro.com\/wp-content\/uploads\/2026\/SK0001477-CZ20260425-092706-0-1777080427-60506-3_ronal-easy-str4p-black-line.webp","contentUrl":"https:\/\/www.domtechnikpro.com\/wp-content\/uploads\/2026\/SK0001477-CZ20260425-092706-0-1777080427-60506-3_ronal-easy-str4p-black-line.webp","width":533,"height":800},{"@type":"BreadcrumbList","@id":"https:\/\/www.domtechnikpro.com\/index.php\/produkt\/ronal-walk-in-black-line-pevna-stena-samostatna-s-vyrovnavacim-profilem-str4p-sklo-07-cire-span-class-product-appendix-doprava-zdarma-pri-platbe-prevodem-sleva-span-cenove-vyhodny-47728\/#breadcrumb","itemListElement":[{"@type":"ListItem","position":1,"name":"Home","item":"https:\/\/www.domtechnikpro.com\/"},{"@type":"ListItem","position":2,"name":"Products","item":"https:\/\/www.domtechnikpro.com\/index.php\/products\/"},{"@type":"ListItem","position":3,"name":"Ronal, WALK-IN Black Line pevn\u00e1 st\u011bna samostatn\u00e1 s vyrovn\u00e1vac\u00edm profilem STR4P, sklo: 07 \u010dir\u00e9 + doprava zdarma + p\u0159i platb\u011b p\u0159evodem sleva Cenov\u011b V\u00fdhodn\u00fd"}]},{"@type":"WebSite","@id":"https:\/\/www.domtechnikpro.com\/#website","url":"https:\/\/www.domtechnikpro.com\/","name":"","description":"","potentialAction":[{"@type":"SearchAction","target":{"@type":"EntryPoint","urlTemplate":"https:\/\/www.domtechnikpro.com\/?s={search_term_string}"},"query-input":{"@type":"PropertyValueSpecification","valueRequired":true,"valueName":"search_term_string"}}],"inLanguage":"cs"}]}},"_links":{"self":[{"href":"https:\/\/www.domtechnikpro.com\/index.php\/wp-json\/wp\/v2\/product\/47728","targetHints":{"allow":["GET"]}}],"collection":[{"href":"https:\/\/www.domtechnikpro.com\/index.php\/wp-json\/wp\/v2\/product"}],"about":[{"href":"https:\/\/www.domtechnikpro.com\/index.php\/wp-json\/wp\/v2\/types\/product"}],"replies":[{"embeddable":true,"href":"https:\/\/www.domtechnikpro.com\/index.php\/wp-json\/wp\/v2\/comments?post=47728"}],"wp:featuredmedia":[{"embeddable":true,"href":"https:\/\/www.domtechnikpro.com\/index.php\/wp-json\/wp\/v2\/media\/47828"}],"wp:attachment":[{"href":"https:\/\/www.domtechnikpro.com\/index.php\/wp-json\/wp\/v2\/media?parent=47728"}],"wp:term":[{"taxonomy":"product_brand","embeddable":true,"href":"https:\/\/www.domtechnikpro.com\/index.php\/wp-json\/wp\/v2\/product_brand?post=47728"},{"taxonomy":"product_cat","embeddable":true,"href":"https:\/\/www.domtechnikpro.com\/index.php\/wp-json\/wp\/v2\/product_cat?post=47728"},{"taxonomy":"product_tag","embeddable":true,"href":"https:\/\/www.domtechnikpro.com\/index.php\/wp-json\/wp\/v2\/product_tag?post=47728"}],"curies":[{"name":"wp","href":"https:\/\/api.w.org\/{rel}","templated":true}]}}