{"id":47726,"date":"2026-04-26T09:00:15","date_gmt":"2026-04-26T09:00:15","guid":{"rendered":""},"modified":"2026-04-26T09:00:15","modified_gmt":"2026-04-26T09:00:15","slug":"nizka-cena-ronal-walk-in-easy-pevna-stena-samostatna-s-vyrovnavacim-profilem-str4p-sklo-loft-69-span-class-product-appendix-doprava-zdarma-pri-platbe-prevodem-sleva-span-47726","status":"publish","type":"product","link":"https:\/\/www.domtechnikpro.com\/index.php\/produkt\/nizka-cena-ronal-walk-in-easy-pevna-stena-samostatna-s-vyrovnavacim-profilem-str4p-sklo-loft-69-span-class-product-appendix-doprava-zdarma-pri-platbe-prevodem-sleva-span-47726\/","title":{"rendered":"N\u00edzk\u00e1 Cena Ronal, WALK-IN EASY pevn\u00e1 st\u011bna samostatn\u00e1 s vyrovn\u00e1vac\u00edm profilem STR4P, sklo: Loft 69 <span class=\"product-appendix\"> + doprava zdarma + p\u0159i platb\u011b p\u0159evodem sleva<\/span>"},"content":{"rendered":"<div class=\"basic-description\">\n<p><span><strong>WALK-IN EASY pevn\u00e1 st\u011bna samostatn\u00e1 s vyrovn\u00e1vac\u00edm profilem se sklem Loft 69 (\u010dern\u00fd s\u00edtotisk na p\u0159edn\u00ed stran\u011b skla).&nbsp;<\/strong><\/span><\/p>\n<p><span>8mm bezpe\u010dnostn\u00ed sklo s antiplakovou \u00fapravou Aquaperle. Standardn\u00ed v\u00fd\u0161ka 2000 mm.<\/span><\/p>\n<p><span>V\u010detn\u011b vodorovn\u00e9 vzp\u011bry 1250 mm (lze zkr\u00e1tit).&nbsp;<strong>Celkov\u00e1 v\u00fd\u0161ka v\u010d. vzp\u011bry 2017 mm.<\/strong><\/span><\/p>\n<p><span>V p\u0159\u00edpad\u011b pot\u0159eby lze dokoupit stropn\u00ed vzp\u011bru SD8 (max. v\u00fd\u0161ka stropu 3000 mm).<\/span><\/p>\n<p><span>Lze namontovat vpravo i vlevo.<\/span><\/p>\n<p><span>Spojovac\u00ed d\u00edly pro kombinaci dvou pevn\u00fdch st\u011bn STR4P: VT90 (pro spojen\u00ed vodorovn\u00fdch vzp\u011br) nebo WPE (pro L-mont\u00e1\u017e).<\/span><\/p>\n<p><span>P\u0159estavn\u00e1 \u0161\u00ed\u0159ka (\u0161\u00ed\u0159ka od zdi k vn\u011bj\u0161\u00ed hran\u011b skla): -18\/+7 mm.<\/span><\/p>\n<p><span>Z\u00e1st\u011bna Walk-in EASY je dod\u00e1v\u00e1na v\u010detn\u011b spodn\u00edho profilu v p\u0159\u00edslu\u0161n\u00e9 barv\u011b, pro zjednodu\u0161enou mont\u00e1\u017e i jako ochrana hrany.&nbsp;<\/span><\/p>\n<\/p>\n<\/p><\/div>\n<\/p><\/div>\n<\/p><\/div>\n","protected":false},"excerpt":{"rendered":"<p>WALK-IN EASY pevn\u00e1 st\u011bna samostatn\u00e1 s vyrovn\u00e1vac\u00edm profilem se sklem Loft 69 (\u010dern\u00fd s\u00edtotisk na p\u0159edn\u00ed stran\u011b skla).&nbsp; 8mm bezpe\u010dnostn\u00ed sklo s antiplakovou \u00fapravou Aquaperle. Standardn\u00ed v\u00fd\u0161ka 2000 mm. V\u010detn\u011b vodorovn\u00e9 vzp\u011bry 1250 mm (lze zkr\u00e1tit).&nbsp;Celkov\u00e1 v\u00fd\u0161ka v\u010d. vzp\u011bry 2017 mm. V p\u0159\u00edpad\u011b pot\u0159eby lze dokoupit stropn\u00ed vzp\u011bru SD8 (max. v\u00fd\u0161ka stropu 3000 mm). Lze [&hellip;]<\/p>\n","protected":false},"featured_media":47826,"comment_status":"open","ping_status":"open","template":"","meta":[],"product_brand":[],"product_cat":[170],"product_tag":[],"class_list":{"0":"post-47726","1":"product","2":"type-product","3":"status-publish","4":"has-post-thumbnail","6":"product_cat-sprchove-kouty-vanicky-a-zlaby","8":"first","9":"instock","10":"sale","11":"shipping-taxable","12":"purchasable","13":"product-type-simple"},"yoast_head":"<!-- This site is optimized with the Yoast SEO plugin v26.8 - https:\/\/yoast.com\/product\/yoast-seo-wordpress\/ -->\n<title>N\u00edzk\u00e1 Cena Ronal, WALK-IN EASY pevn\u00e1 st\u011bna samostatn\u00e1 s vyrovn\u00e1vac\u00edm profilem STR4P, sklo: Loft 69  + doprava zdarma + p\u0159i platb\u011b p\u0159evodem sleva -<\/title>\n<meta name=\"robots\" content=\"index, follow, max-snippet:-1, max-image-preview:large, max-video-preview:-1\" \/>\n<link rel=\"canonical\" href=\"https:\/\/www.domtechnikpro.com\/index.php\/produkt\/nizka-cena-ronal-walk-in-easy-pevna-stena-samostatna-s-vyrovnavacim-profilem-str4p-sklo-loft-69-span-class-product-appendix-doprava-zdarma-pri-platbe-prevodem-sleva-span-47726\/\" \/>\n<meta property=\"og:locale\" content=\"cs_CZ\" \/>\n<meta property=\"og:type\" content=\"article\" \/>\n<meta property=\"og:title\" content=\"N\u00edzk\u00e1 Cena Ronal, WALK-IN EASY pevn\u00e1 st\u011bna samostatn\u00e1 s vyrovn\u00e1vac\u00edm profilem STR4P, sklo: Loft 69  + doprava zdarma + p\u0159i platb\u011b p\u0159evodem sleva -\" \/>\n<meta property=\"og:description\" content=\"WALK-IN EASY pevn\u00e1 st\u011bna samostatn\u00e1 s vyrovn\u00e1vac\u00edm profilem se sklem Loft 69 (\u010dern\u00fd s\u00edtotisk na p\u0159edn\u00ed stran\u011b skla).&nbsp; 8mm bezpe\u010dnostn\u00ed sklo s antiplakovou \u00fapravou Aquaperle. Standardn\u00ed v\u00fd\u0161ka 2000 mm. V\u010detn\u011b vodorovn\u00e9 vzp\u011bry 1250 mm (lze zkr\u00e1tit).&nbsp;Celkov\u00e1 v\u00fd\u0161ka v\u010d. vzp\u011bry 2017 mm. V p\u0159\u00edpad\u011b pot\u0159eby lze dokoupit stropn\u00ed vzp\u011bru SD8 (max. v\u00fd\u0161ka stropu 3000 mm). Lze [&hellip;]\" \/>\n<meta property=\"og:url\" content=\"https:\/\/www.domtechnikpro.com\/index.php\/produkt\/nizka-cena-ronal-walk-in-easy-pevna-stena-samostatna-s-vyrovnavacim-profilem-str4p-sklo-loft-69-span-class-product-appendix-doprava-zdarma-pri-platbe-prevodem-sleva-span-47726\/\" \/>\n<meta property=\"og:image\" content=\"https:\/\/www.domtechnikpro.com\/wp-content\/uploads\/2026\/SK0001475-CZ20260425-092706-0-1777080427-60455-7_sanswiss-walk-in-easy-str4p-loft-69-140cm-pevna-spr.webp\" \/>\n\t<meta property=\"og:image:width\" content=\"533\" \/>\n\t<meta property=\"og:image:height\" content=\"800\" \/>\n\t<meta property=\"og:image:type\" content=\"image\/webp\" \/>\n<meta name=\"twitter:card\" content=\"summary_large_image\" \/>\n<meta name=\"twitter:label1\" content=\"Odhadovan\u00e1 doba \u010dten\u00ed\" \/>\n\t<meta name=\"twitter:data1\" content=\"1 minuta\" \/>\n<script type=\"application\/ld+json\" class=\"yoast-schema-graph\">{\"@context\":\"https:\/\/schema.org\",\"@graph\":[{\"@type\":\"WebPage\",\"@id\":\"https:\/\/www.domtechnikpro.com\/index.php\/produkt\/nizka-cena-ronal-walk-in-easy-pevna-stena-samostatna-s-vyrovnavacim-profilem-str4p-sklo-loft-69-span-class-product-appendix-doprava-zdarma-pri-platbe-prevodem-sleva-span-47726\/\",\"url\":\"https:\/\/www.domtechnikpro.com\/index.php\/produkt\/nizka-cena-ronal-walk-in-easy-pevna-stena-samostatna-s-vyrovnavacim-profilem-str4p-sklo-loft-69-span-class-product-appendix-doprava-zdarma-pri-platbe-prevodem-sleva-span-47726\/\",\"name\":\"N\u00edzk\u00e1 Cena Ronal, WALK-IN EASY pevn\u00e1 st\u011bna samostatn\u00e1 s vyrovn\u00e1vac\u00edm profilem STR4P, sklo: Loft 69 + doprava zdarma + p\u0159i platb\u011b p\u0159evodem sleva -\",\"isPartOf\":{\"@id\":\"https:\/\/www.domtechnikpro.com\/#website\"},\"primaryImageOfPage\":{\"@id\":\"https:\/\/www.domtechnikpro.com\/index.php\/produkt\/nizka-cena-ronal-walk-in-easy-pevna-stena-samostatna-s-vyrovnavacim-profilem-str4p-sklo-loft-69-span-class-product-appendix-doprava-zdarma-pri-platbe-prevodem-sleva-span-47726\/#primaryimage\"},\"image\":{\"@id\":\"https:\/\/www.domtechnikpro.com\/index.php\/produkt\/nizka-cena-ronal-walk-in-easy-pevna-stena-samostatna-s-vyrovnavacim-profilem-str4p-sklo-loft-69-span-class-product-appendix-doprava-zdarma-pri-platbe-prevodem-sleva-span-47726\/#primaryimage\"},\"thumbnailUrl\":\"https:\/\/www.domtechnikpro.com\/wp-content\/uploads\/2026\/SK0001475-CZ20260425-092706-0-1777080427-60455-7_sanswiss-walk-in-easy-str4p-loft-69-140cm-pevna-spr.webp\",\"datePublished\":\"2026-04-26T09:00:15+00:00\",\"breadcrumb\":{\"@id\":\"https:\/\/www.domtechnikpro.com\/index.php\/produkt\/nizka-cena-ronal-walk-in-easy-pevna-stena-samostatna-s-vyrovnavacim-profilem-str4p-sklo-loft-69-span-class-product-appendix-doprava-zdarma-pri-platbe-prevodem-sleva-span-47726\/#breadcrumb\"},\"inLanguage\":\"cs\",\"potentialAction\":[{\"@type\":\"ReadAction\",\"target\":[\"https:\/\/www.domtechnikpro.com\/index.php\/produkt\/nizka-cena-ronal-walk-in-easy-pevna-stena-samostatna-s-vyrovnavacim-profilem-str4p-sklo-loft-69-span-class-product-appendix-doprava-zdarma-pri-platbe-prevodem-sleva-span-47726\/\"]}]},{\"@type\":\"ImageObject\",\"inLanguage\":\"cs\",\"@id\":\"https:\/\/www.domtechnikpro.com\/index.php\/produkt\/nizka-cena-ronal-walk-in-easy-pevna-stena-samostatna-s-vyrovnavacim-profilem-str4p-sklo-loft-69-span-class-product-appendix-doprava-zdarma-pri-platbe-prevodem-sleva-span-47726\/#primaryimage\",\"url\":\"https:\/\/www.domtechnikpro.com\/wp-content\/uploads\/2026\/SK0001475-CZ20260425-092706-0-1777080427-60455-7_sanswiss-walk-in-easy-str4p-loft-69-140cm-pevna-spr.webp\",\"contentUrl\":\"https:\/\/www.domtechnikpro.com\/wp-content\/uploads\/2026\/SK0001475-CZ20260425-092706-0-1777080427-60455-7_sanswiss-walk-in-easy-str4p-loft-69-140cm-pevna-spr.webp\",\"width\":533,\"height\":800},{\"@type\":\"BreadcrumbList\",\"@id\":\"https:\/\/www.domtechnikpro.com\/index.php\/produkt\/nizka-cena-ronal-walk-in-easy-pevna-stena-samostatna-s-vyrovnavacim-profilem-str4p-sklo-loft-69-span-class-product-appendix-doprava-zdarma-pri-platbe-prevodem-sleva-span-47726\/#breadcrumb\",\"itemListElement\":[{\"@type\":\"ListItem\",\"position\":1,\"name\":\"Home\",\"item\":\"https:\/\/www.domtechnikpro.com\/\"},{\"@type\":\"ListItem\",\"position\":2,\"name\":\"Products\",\"item\":\"https:\/\/www.domtechnikpro.com\/index.php\/products\/\"},{\"@type\":\"ListItem\",\"position\":3,\"name\":\"N\u00edzk\u00e1 Cena Ronal, WALK-IN EASY pevn\u00e1 st\u011bna samostatn\u00e1 s vyrovn\u00e1vac\u00edm profilem STR4P, sklo: Loft 69 + doprava zdarma + p\u0159i platb\u011b p\u0159evodem sleva\"}]},{\"@type\":\"WebSite\",\"@id\":\"https:\/\/www.domtechnikpro.com\/#website\",\"url\":\"https:\/\/www.domtechnikpro.com\/\",\"name\":\"\",\"description\":\"\",\"potentialAction\":[{\"@type\":\"SearchAction\",\"target\":{\"@type\":\"EntryPoint\",\"urlTemplate\":\"https:\/\/www.domtechnikpro.com\/?s={search_term_string}\"},\"query-input\":{\"@type\":\"PropertyValueSpecification\",\"valueRequired\":true,\"valueName\":\"search_term_string\"}}],\"inLanguage\":\"cs\"}]}<\/script>\n<!-- \/ Yoast SEO plugin. -->","yoast_head_json":{"title":"N\u00edzk\u00e1 Cena Ronal, WALK-IN EASY pevn\u00e1 st\u011bna samostatn\u00e1 s vyrovn\u00e1vac\u00edm profilem STR4P, sklo: Loft 69  + doprava zdarma + p\u0159i platb\u011b p\u0159evodem sleva -","robots":{"index":"index","follow":"follow","max-snippet":"max-snippet:-1","max-image-preview":"max-image-preview:large","max-video-preview":"max-video-preview:-1"},"canonical":"https:\/\/www.domtechnikpro.com\/index.php\/produkt\/nizka-cena-ronal-walk-in-easy-pevna-stena-samostatna-s-vyrovnavacim-profilem-str4p-sklo-loft-69-span-class-product-appendix-doprava-zdarma-pri-platbe-prevodem-sleva-span-47726\/","og_locale":"cs_CZ","og_type":"article","og_title":"N\u00edzk\u00e1 Cena Ronal, WALK-IN EASY pevn\u00e1 st\u011bna samostatn\u00e1 s vyrovn\u00e1vac\u00edm profilem STR4P, sklo: Loft 69  + doprava zdarma + p\u0159i platb\u011b p\u0159evodem sleva -","og_description":"WALK-IN EASY pevn\u00e1 st\u011bna samostatn\u00e1 s vyrovn\u00e1vac\u00edm profilem se sklem Loft 69 (\u010dern\u00fd s\u00edtotisk na p\u0159edn\u00ed stran\u011b skla).&nbsp; 8mm bezpe\u010dnostn\u00ed sklo s antiplakovou \u00fapravou Aquaperle. Standardn\u00ed v\u00fd\u0161ka 2000 mm. V\u010detn\u011b vodorovn\u00e9 vzp\u011bry 1250 mm (lze zkr\u00e1tit).&nbsp;Celkov\u00e1 v\u00fd\u0161ka v\u010d. vzp\u011bry 2017 mm. V p\u0159\u00edpad\u011b pot\u0159eby lze dokoupit stropn\u00ed vzp\u011bru SD8 (max. v\u00fd\u0161ka stropu 3000 mm). Lze [&hellip;]","og_url":"https:\/\/www.domtechnikpro.com\/index.php\/produkt\/nizka-cena-ronal-walk-in-easy-pevna-stena-samostatna-s-vyrovnavacim-profilem-str4p-sklo-loft-69-span-class-product-appendix-doprava-zdarma-pri-platbe-prevodem-sleva-span-47726\/","og_image":[{"width":533,"height":800,"url":"https:\/\/www.domtechnikpro.com\/wp-content\/uploads\/2026\/SK0001475-CZ20260425-092706-0-1777080427-60455-7_sanswiss-walk-in-easy-str4p-loft-69-140cm-pevna-spr.webp","type":"image\/webp"}],"twitter_card":"summary_large_image","twitter_misc":{"Odhadovan\u00e1 doba \u010dten\u00ed":"1 minuta"},"schema":{"@context":"https:\/\/schema.org","@graph":[{"@type":"WebPage","@id":"https:\/\/www.domtechnikpro.com\/index.php\/produkt\/nizka-cena-ronal-walk-in-easy-pevna-stena-samostatna-s-vyrovnavacim-profilem-str4p-sklo-loft-69-span-class-product-appendix-doprava-zdarma-pri-platbe-prevodem-sleva-span-47726\/","url":"https:\/\/www.domtechnikpro.com\/index.php\/produkt\/nizka-cena-ronal-walk-in-easy-pevna-stena-samostatna-s-vyrovnavacim-profilem-str4p-sklo-loft-69-span-class-product-appendix-doprava-zdarma-pri-platbe-prevodem-sleva-span-47726\/","name":"N\u00edzk\u00e1 Cena Ronal, WALK-IN EASY pevn\u00e1 st\u011bna samostatn\u00e1 s vyrovn\u00e1vac\u00edm profilem STR4P, sklo: Loft 69 + doprava zdarma + p\u0159i platb\u011b p\u0159evodem sleva -","isPartOf":{"@id":"https:\/\/www.domtechnikpro.com\/#website"},"primaryImageOfPage":{"@id":"https:\/\/www.domtechnikpro.com\/index.php\/produkt\/nizka-cena-ronal-walk-in-easy-pevna-stena-samostatna-s-vyrovnavacim-profilem-str4p-sklo-loft-69-span-class-product-appendix-doprava-zdarma-pri-platbe-prevodem-sleva-span-47726\/#primaryimage"},"image":{"@id":"https:\/\/www.domtechnikpro.com\/index.php\/produkt\/nizka-cena-ronal-walk-in-easy-pevna-stena-samostatna-s-vyrovnavacim-profilem-str4p-sklo-loft-69-span-class-product-appendix-doprava-zdarma-pri-platbe-prevodem-sleva-span-47726\/#primaryimage"},"thumbnailUrl":"https:\/\/www.domtechnikpro.com\/wp-content\/uploads\/2026\/SK0001475-CZ20260425-092706-0-1777080427-60455-7_sanswiss-walk-in-easy-str4p-loft-69-140cm-pevna-spr.webp","datePublished":"2026-04-26T09:00:15+00:00","breadcrumb":{"@id":"https:\/\/www.domtechnikpro.com\/index.php\/produkt\/nizka-cena-ronal-walk-in-easy-pevna-stena-samostatna-s-vyrovnavacim-profilem-str4p-sklo-loft-69-span-class-product-appendix-doprava-zdarma-pri-platbe-prevodem-sleva-span-47726\/#breadcrumb"},"inLanguage":"cs","potentialAction":[{"@type":"ReadAction","target":["https:\/\/www.domtechnikpro.com\/index.php\/produkt\/nizka-cena-ronal-walk-in-easy-pevna-stena-samostatna-s-vyrovnavacim-profilem-str4p-sklo-loft-69-span-class-product-appendix-doprava-zdarma-pri-platbe-prevodem-sleva-span-47726\/"]}]},{"@type":"ImageObject","inLanguage":"cs","@id":"https:\/\/www.domtechnikpro.com\/index.php\/produkt\/nizka-cena-ronal-walk-in-easy-pevna-stena-samostatna-s-vyrovnavacim-profilem-str4p-sklo-loft-69-span-class-product-appendix-doprava-zdarma-pri-platbe-prevodem-sleva-span-47726\/#primaryimage","url":"https:\/\/www.domtechnikpro.com\/wp-content\/uploads\/2026\/SK0001475-CZ20260425-092706-0-1777080427-60455-7_sanswiss-walk-in-easy-str4p-loft-69-140cm-pevna-spr.webp","contentUrl":"https:\/\/www.domtechnikpro.com\/wp-content\/uploads\/2026\/SK0001475-CZ20260425-092706-0-1777080427-60455-7_sanswiss-walk-in-easy-str4p-loft-69-140cm-pevna-spr.webp","width":533,"height":800},{"@type":"BreadcrumbList","@id":"https:\/\/www.domtechnikpro.com\/index.php\/produkt\/nizka-cena-ronal-walk-in-easy-pevna-stena-samostatna-s-vyrovnavacim-profilem-str4p-sklo-loft-69-span-class-product-appendix-doprava-zdarma-pri-platbe-prevodem-sleva-span-47726\/#breadcrumb","itemListElement":[{"@type":"ListItem","position":1,"name":"Home","item":"https:\/\/www.domtechnikpro.com\/"},{"@type":"ListItem","position":2,"name":"Products","item":"https:\/\/www.domtechnikpro.com\/index.php\/products\/"},{"@type":"ListItem","position":3,"name":"N\u00edzk\u00e1 Cena Ronal, WALK-IN EASY pevn\u00e1 st\u011bna samostatn\u00e1 s vyrovn\u00e1vac\u00edm profilem STR4P, sklo: Loft 69 + doprava zdarma + p\u0159i platb\u011b p\u0159evodem sleva"}]},{"@type":"WebSite","@id":"https:\/\/www.domtechnikpro.com\/#website","url":"https:\/\/www.domtechnikpro.com\/","name":"","description":"","potentialAction":[{"@type":"SearchAction","target":{"@type":"EntryPoint","urlTemplate":"https:\/\/www.domtechnikpro.com\/?s={search_term_string}"},"query-input":{"@type":"PropertyValueSpecification","valueRequired":true,"valueName":"search_term_string"}}],"inLanguage":"cs"}]}},"_links":{"self":[{"href":"https:\/\/www.domtechnikpro.com\/index.php\/wp-json\/wp\/v2\/product\/47726","targetHints":{"allow":["GET"]}}],"collection":[{"href":"https:\/\/www.domtechnikpro.com\/index.php\/wp-json\/wp\/v2\/product"}],"about":[{"href":"https:\/\/www.domtechnikpro.com\/index.php\/wp-json\/wp\/v2\/types\/product"}],"replies":[{"embeddable":true,"href":"https:\/\/www.domtechnikpro.com\/index.php\/wp-json\/wp\/v2\/comments?post=47726"}],"wp:featuredmedia":[{"embeddable":true,"href":"https:\/\/www.domtechnikpro.com\/index.php\/wp-json\/wp\/v2\/media\/47826"}],"wp:attachment":[{"href":"https:\/\/www.domtechnikpro.com\/index.php\/wp-json\/wp\/v2\/media?parent=47726"}],"wp:term":[{"taxonomy":"product_brand","embeddable":true,"href":"https:\/\/www.domtechnikpro.com\/index.php\/wp-json\/wp\/v2\/product_brand?post=47726"},{"taxonomy":"product_cat","embeddable":true,"href":"https:\/\/www.domtechnikpro.com\/index.php\/wp-json\/wp\/v2\/product_cat?post=47726"},{"taxonomy":"product_tag","embeddable":true,"href":"https:\/\/www.domtechnikpro.com\/index.php\/wp-json\/wp\/v2\/product_tag?post=47726"}],"curies":[{"name":"wp","href":"https:\/\/api.w.org\/{rel}","templated":true}]}}