{"id":4761,"date":"2026-04-26T08:52:00","date_gmt":"2026-04-26T08:52:00","guid":{"rendered":""},"modified":"2026-04-26T08:52:00","modified_gmt":"2026-04-26T08:52:00","slug":"pce-0142-6-vidlice-na-kabel-16a-400v-4-polova-ip67-nova-kolekce-4761","status":"publish","type":"product","link":"https:\/\/www.domtechnikpro.com\/index.php\/produkt\/pce-0142-6-vidlice-na-kabel-16a-400v-4-polova-ip67-nova-kolekce-4761\/","title":{"rendered":"PCE 0142-6 vidlice na kabel 16A 400V 4-p\u00f3lov\u00e1 IP67 Nov\u00e1 Kolekce"},"content":{"rendered":"<div id=\"e8948903\" class=\"pages\">\n<div id=\"PDDescription\" class=\"UserContentView userContent v1a v1 bs-view dcon dc150 PDDescription\" >\n<h2><span style=\"color: #008080;\">PCE 0142-6 vidlice na kabel 16A 400V 4-p\u00f3lov\u00e1 IP67<\/span><\/h2>\n<p>\u00a0<\/p>\n<p>\u00a0<\/p>\n<h2><span style=\"color: #008080;\">Parametry<\/span><\/h2>\n<p>\u00a0<\/p>\n<table>\n<tbody>\n<tr>\n<th>Velikost proudu IEC<\/th>\n<td>16\u00a0A<\/td>\n<\/tr>\n<tr>\n<th>Po\u010det p\u00f3l\u016f<\/th>\n<td>4\u00a0<\/td>\n<\/tr>\n<tr>\n<th>Nap\u011bt\u00ed dle EN 60309-2<\/th>\n<td>400 V (50+60 Hz) \u010derven\u00e1<\/td>\n<\/tr>\n<tr>\n<th>Hodinov\u00fd \u00fahel<\/th>\n<td>6\u00a0h<\/td>\n<\/tr>\n<tr>\n<th>Identifika\u010dn\u00ed barva<\/th>\n<td>\u010cerven\u00e1<\/td>\n<\/tr>\n<tr>\n<th>M\u011bni\u010d f\u00e1z\u00ed<\/th>\n<td>Ne<\/td>\n<\/tr>\n<tr>\n<th>Kryt\u00ed (IP)<\/th>\n<td>IP67<\/td>\n<\/tr>\n<tr>\n<th>P\u0159ipojovac\u00ed technika<\/th>\n<td>\u0160roubov\u00e1 svorka<\/td>\n<\/tr>\n<tr>\n<th>Otvor pro zaveden\u00ed kabelu<\/th>\n<td>V\u00fdvodkov\u00e1 matice<\/td>\n<\/tr>\n<tr>\n<th>\u00dahel vidlice<\/th>\n<td>Rovn\u00e9<\/td>\n<\/tr>\n<tr>\n<th>Materi\u00e1l<\/th>\n<td>Plast<\/td>\n<\/tr>\n<tr>\n<th>Vojensk\u00e9 proveden\u00ed<\/th>\n<td>Ne<\/td>\n<\/tr>\n<tr>\n<th>Hmotnost<\/th>\n<td>0,154 kg<\/td>\n<\/tr>\n<\/tbody>\n<\/table>\n<p><span style=\"color: #008080;\">\u00a0<\/span><\/p>\n<p>\u00a0<\/p>\n<p>\u00a0<\/p>\n<div id=\"PDTable3\" class=\"ProductDetailTableView v3a v3 bs-view dcon dc175 PDTable3\" >\n<table>\n<thead><\/thead>\n<tbody>\n<tr class=\"attribute attr_bsshop_maker\">\n<td class=\"caption\">V\u00fdrobce<\/td>\n<td class=\"value\">PCE<\/td>\n<\/tr>\n<\/tbody>\n<\/table><\/div>\n<\/div>\n<\/div>\n<div id=\"e8948904\" class=\"tabs\">\n","protected":false},"excerpt":{"rendered":"<p>PCE 0142-6 vidlice na kabel 16A 400V 4-p\u00f3lov\u00e1 IP67 \u00a0 \u00a0 Parametry \u00a0 Velikost proudu IEC 16\u00a0A Po\u010det p\u00f3l\u016f 4\u00a0 Nap\u011bt\u00ed dle EN 60309-2 400 V (50+60 Hz) \u010derven\u00e1 Hodinov\u00fd \u00fahel 6\u00a0h Identifika\u010dn\u00ed barva \u010cerven\u00e1 M\u011bni\u010d f\u00e1z\u00ed Ne Kryt\u00ed (IP) IP67 P\u0159ipojovac\u00ed technika \u0160roubov\u00e1 svorka Otvor pro zaveden\u00ed kabelu V\u00fdvodkov\u00e1 matice \u00dahel vidlice Rovn\u00e9 Materi\u00e1l [&hellip;]<\/p>\n","protected":false},"featured_media":4861,"comment_status":"open","ping_status":"open","template":"","meta":[],"product_brand":[],"product_cat":[43],"product_tag":[],"class_list":{"0":"post-4761","1":"product","2":"type-product","3":"status-publish","4":"has-post-thumbnail","6":"product_cat-vyp-237-nace-a-z-225-suvky","8":"first","9":"instock","10":"sale","11":"shipping-taxable","12":"purchasable","13":"product-type-simple"},"yoast_head":"<!-- This site is optimized with the Yoast SEO plugin v26.8 - https:\/\/yoast.com\/product\/yoast-seo-wordpress\/ -->\n<title>PCE 0142-6 vidlice na kabel 16A 400V 4-p\u00f3lov\u00e1 IP67 Nov\u00e1 Kolekce -<\/title>\n<meta name=\"robots\" content=\"index, follow, max-snippet:-1, max-image-preview:large, max-video-preview:-1\" \/>\n<link rel=\"canonical\" href=\"https:\/\/www.domtechnikpro.com\/index.php\/produkt\/pce-0142-6-vidlice-na-kabel-16a-400v-4-polova-ip67-nova-kolekce-4761\/\" \/>\n<meta property=\"og:locale\" content=\"cs_CZ\" \/>\n<meta property=\"og:type\" content=\"article\" \/>\n<meta property=\"og:title\" content=\"PCE 0142-6 vidlice na kabel 16A 400V 4-p\u00f3lov\u00e1 IP67 Nov\u00e1 Kolekce -\" \/>\n<meta property=\"og:description\" content=\"PCE 0142-6 vidlice na kabel 16A 400V 4-p\u00f3lov\u00e1 IP67 \u00a0 \u00a0 Parametry \u00a0 Velikost proudu IEC 16\u00a0A Po\u010det p\u00f3l\u016f 4\u00a0 Nap\u011bt\u00ed dle EN 60309-2 400 V (50+60 Hz) \u010derven\u00e1 Hodinov\u00fd \u00fahel 6\u00a0h Identifika\u010dn\u00ed barva \u010cerven\u00e1 M\u011bni\u010d f\u00e1z\u00ed Ne Kryt\u00ed (IP) IP67 P\u0159ipojovac\u00ed technika \u0160roubov\u00e1 svorka Otvor pro zaveden\u00ed kabelu V\u00fdvodkov\u00e1 matice \u00dahel vidlice Rovn\u00e9 Materi\u00e1l [&hellip;]\" \/>\n<meta property=\"og:url\" content=\"https:\/\/www.domtechnikpro.com\/index.php\/produkt\/pce-0142-6-vidlice-na-kabel-16a-400v-4-polova-ip67-nova-kolekce-4761\/\" \/>\n<meta property=\"og:image\" content=\"https:\/\/www.domtechnikpro.com\/wp-content\/uploads\/2026\/SK0001882-CZ20260425-091623-0-1777079785-pce-0142-6-vidlice-na-kabel-16a-400v-4-polova-ip67.webp\" \/>\n\t<meta property=\"og:image:width\" content=\"1000\" \/>\n\t<meta property=\"og:image:height\" content=\"525\" \/>\n\t<meta property=\"og:image:type\" content=\"image\/webp\" \/>\n<meta name=\"twitter:card\" content=\"summary_large_image\" \/>\n<script type=\"application\/ld+json\" class=\"yoast-schema-graph\">{\"@context\":\"https:\/\/schema.org\",\"@graph\":[{\"@type\":\"WebPage\",\"@id\":\"https:\/\/www.domtechnikpro.com\/index.php\/produkt\/pce-0142-6-vidlice-na-kabel-16a-400v-4-polova-ip67-nova-kolekce-4761\/\",\"url\":\"https:\/\/www.domtechnikpro.com\/index.php\/produkt\/pce-0142-6-vidlice-na-kabel-16a-400v-4-polova-ip67-nova-kolekce-4761\/\",\"name\":\"PCE 0142-6 vidlice na kabel 16A 400V 4-p\u00f3lov\u00e1 IP67 Nov\u00e1 Kolekce -\",\"isPartOf\":{\"@id\":\"https:\/\/www.domtechnikpro.com\/#website\"},\"primaryImageOfPage\":{\"@id\":\"https:\/\/www.domtechnikpro.com\/index.php\/produkt\/pce-0142-6-vidlice-na-kabel-16a-400v-4-polova-ip67-nova-kolekce-4761\/#primaryimage\"},\"image\":{\"@id\":\"https:\/\/www.domtechnikpro.com\/index.php\/produkt\/pce-0142-6-vidlice-na-kabel-16a-400v-4-polova-ip67-nova-kolekce-4761\/#primaryimage\"},\"thumbnailUrl\":\"https:\/\/www.domtechnikpro.com\/wp-content\/uploads\/2026\/SK0001882-CZ20260425-091623-0-1777079785-pce-0142-6-vidlice-na-kabel-16a-400v-4-polova-ip67.webp\",\"datePublished\":\"2026-04-26T08:52:00+00:00\",\"breadcrumb\":{\"@id\":\"https:\/\/www.domtechnikpro.com\/index.php\/produkt\/pce-0142-6-vidlice-na-kabel-16a-400v-4-polova-ip67-nova-kolekce-4761\/#breadcrumb\"},\"inLanguage\":\"cs\",\"potentialAction\":[{\"@type\":\"ReadAction\",\"target\":[\"https:\/\/www.domtechnikpro.com\/index.php\/produkt\/pce-0142-6-vidlice-na-kabel-16a-400v-4-polova-ip67-nova-kolekce-4761\/\"]}]},{\"@type\":\"ImageObject\",\"inLanguage\":\"cs\",\"@id\":\"https:\/\/www.domtechnikpro.com\/index.php\/produkt\/pce-0142-6-vidlice-na-kabel-16a-400v-4-polova-ip67-nova-kolekce-4761\/#primaryimage\",\"url\":\"https:\/\/www.domtechnikpro.com\/wp-content\/uploads\/2026\/SK0001882-CZ20260425-091623-0-1777079785-pce-0142-6-vidlice-na-kabel-16a-400v-4-polova-ip67.webp\",\"contentUrl\":\"https:\/\/www.domtechnikpro.com\/wp-content\/uploads\/2026\/SK0001882-CZ20260425-091623-0-1777079785-pce-0142-6-vidlice-na-kabel-16a-400v-4-polova-ip67.webp\",\"width\":1000,\"height\":525},{\"@type\":\"BreadcrumbList\",\"@id\":\"https:\/\/www.domtechnikpro.com\/index.php\/produkt\/pce-0142-6-vidlice-na-kabel-16a-400v-4-polova-ip67-nova-kolekce-4761\/#breadcrumb\",\"itemListElement\":[{\"@type\":\"ListItem\",\"position\":1,\"name\":\"Home\",\"item\":\"https:\/\/www.domtechnikpro.com\/\"},{\"@type\":\"ListItem\",\"position\":2,\"name\":\"Products\",\"item\":\"https:\/\/www.domtechnikpro.com\/index.php\/products\/\"},{\"@type\":\"ListItem\",\"position\":3,\"name\":\"PCE 0142-6 vidlice na kabel 16A 400V 4-p\u00f3lov\u00e1 IP67 Nov\u00e1 Kolekce\"}]},{\"@type\":\"WebSite\",\"@id\":\"https:\/\/www.domtechnikpro.com\/#website\",\"url\":\"https:\/\/www.domtechnikpro.com\/\",\"name\":\"\",\"description\":\"\",\"potentialAction\":[{\"@type\":\"SearchAction\",\"target\":{\"@type\":\"EntryPoint\",\"urlTemplate\":\"https:\/\/www.domtechnikpro.com\/?s={search_term_string}\"},\"query-input\":{\"@type\":\"PropertyValueSpecification\",\"valueRequired\":true,\"valueName\":\"search_term_string\"}}],\"inLanguage\":\"cs\"}]}<\/script>\n<!-- \/ Yoast SEO plugin. -->","yoast_head_json":{"title":"PCE 0142-6 vidlice na kabel 16A 400V 4-p\u00f3lov\u00e1 IP67 Nov\u00e1 Kolekce -","robots":{"index":"index","follow":"follow","max-snippet":"max-snippet:-1","max-image-preview":"max-image-preview:large","max-video-preview":"max-video-preview:-1"},"canonical":"https:\/\/www.domtechnikpro.com\/index.php\/produkt\/pce-0142-6-vidlice-na-kabel-16a-400v-4-polova-ip67-nova-kolekce-4761\/","og_locale":"cs_CZ","og_type":"article","og_title":"PCE 0142-6 vidlice na kabel 16A 400V 4-p\u00f3lov\u00e1 IP67 Nov\u00e1 Kolekce -","og_description":"PCE 0142-6 vidlice na kabel 16A 400V 4-p\u00f3lov\u00e1 IP67 \u00a0 \u00a0 Parametry \u00a0 Velikost proudu IEC 16\u00a0A Po\u010det p\u00f3l\u016f 4\u00a0 Nap\u011bt\u00ed dle EN 60309-2 400 V (50+60 Hz) \u010derven\u00e1 Hodinov\u00fd \u00fahel 6\u00a0h Identifika\u010dn\u00ed barva \u010cerven\u00e1 M\u011bni\u010d f\u00e1z\u00ed Ne Kryt\u00ed (IP) IP67 P\u0159ipojovac\u00ed technika \u0160roubov\u00e1 svorka Otvor pro zaveden\u00ed kabelu V\u00fdvodkov\u00e1 matice \u00dahel vidlice Rovn\u00e9 Materi\u00e1l [&hellip;]","og_url":"https:\/\/www.domtechnikpro.com\/index.php\/produkt\/pce-0142-6-vidlice-na-kabel-16a-400v-4-polova-ip67-nova-kolekce-4761\/","og_image":[{"width":1000,"height":525,"url":"https:\/\/www.domtechnikpro.com\/wp-content\/uploads\/2026\/SK0001882-CZ20260425-091623-0-1777079785-pce-0142-6-vidlice-na-kabel-16a-400v-4-polova-ip67.webp","type":"image\/webp"}],"twitter_card":"summary_large_image","schema":{"@context":"https:\/\/schema.org","@graph":[{"@type":"WebPage","@id":"https:\/\/www.domtechnikpro.com\/index.php\/produkt\/pce-0142-6-vidlice-na-kabel-16a-400v-4-polova-ip67-nova-kolekce-4761\/","url":"https:\/\/www.domtechnikpro.com\/index.php\/produkt\/pce-0142-6-vidlice-na-kabel-16a-400v-4-polova-ip67-nova-kolekce-4761\/","name":"PCE 0142-6 vidlice na kabel 16A 400V 4-p\u00f3lov\u00e1 IP67 Nov\u00e1 Kolekce -","isPartOf":{"@id":"https:\/\/www.domtechnikpro.com\/#website"},"primaryImageOfPage":{"@id":"https:\/\/www.domtechnikpro.com\/index.php\/produkt\/pce-0142-6-vidlice-na-kabel-16a-400v-4-polova-ip67-nova-kolekce-4761\/#primaryimage"},"image":{"@id":"https:\/\/www.domtechnikpro.com\/index.php\/produkt\/pce-0142-6-vidlice-na-kabel-16a-400v-4-polova-ip67-nova-kolekce-4761\/#primaryimage"},"thumbnailUrl":"https:\/\/www.domtechnikpro.com\/wp-content\/uploads\/2026\/SK0001882-CZ20260425-091623-0-1777079785-pce-0142-6-vidlice-na-kabel-16a-400v-4-polova-ip67.webp","datePublished":"2026-04-26T08:52:00+00:00","breadcrumb":{"@id":"https:\/\/www.domtechnikpro.com\/index.php\/produkt\/pce-0142-6-vidlice-na-kabel-16a-400v-4-polova-ip67-nova-kolekce-4761\/#breadcrumb"},"inLanguage":"cs","potentialAction":[{"@type":"ReadAction","target":["https:\/\/www.domtechnikpro.com\/index.php\/produkt\/pce-0142-6-vidlice-na-kabel-16a-400v-4-polova-ip67-nova-kolekce-4761\/"]}]},{"@type":"ImageObject","inLanguage":"cs","@id":"https:\/\/www.domtechnikpro.com\/index.php\/produkt\/pce-0142-6-vidlice-na-kabel-16a-400v-4-polova-ip67-nova-kolekce-4761\/#primaryimage","url":"https:\/\/www.domtechnikpro.com\/wp-content\/uploads\/2026\/SK0001882-CZ20260425-091623-0-1777079785-pce-0142-6-vidlice-na-kabel-16a-400v-4-polova-ip67.webp","contentUrl":"https:\/\/www.domtechnikpro.com\/wp-content\/uploads\/2026\/SK0001882-CZ20260425-091623-0-1777079785-pce-0142-6-vidlice-na-kabel-16a-400v-4-polova-ip67.webp","width":1000,"height":525},{"@type":"BreadcrumbList","@id":"https:\/\/www.domtechnikpro.com\/index.php\/produkt\/pce-0142-6-vidlice-na-kabel-16a-400v-4-polova-ip67-nova-kolekce-4761\/#breadcrumb","itemListElement":[{"@type":"ListItem","position":1,"name":"Home","item":"https:\/\/www.domtechnikpro.com\/"},{"@type":"ListItem","position":2,"name":"Products","item":"https:\/\/www.domtechnikpro.com\/index.php\/products\/"},{"@type":"ListItem","position":3,"name":"PCE 0142-6 vidlice na kabel 16A 400V 4-p\u00f3lov\u00e1 IP67 Nov\u00e1 Kolekce"}]},{"@type":"WebSite","@id":"https:\/\/www.domtechnikpro.com\/#website","url":"https:\/\/www.domtechnikpro.com\/","name":"","description":"","potentialAction":[{"@type":"SearchAction","target":{"@type":"EntryPoint","urlTemplate":"https:\/\/www.domtechnikpro.com\/?s={search_term_string}"},"query-input":{"@type":"PropertyValueSpecification","valueRequired":true,"valueName":"search_term_string"}}],"inLanguage":"cs"}]}},"_links":{"self":[{"href":"https:\/\/www.domtechnikpro.com\/index.php\/wp-json\/wp\/v2\/product\/4761","targetHints":{"allow":["GET"]}}],"collection":[{"href":"https:\/\/www.domtechnikpro.com\/index.php\/wp-json\/wp\/v2\/product"}],"about":[{"href":"https:\/\/www.domtechnikpro.com\/index.php\/wp-json\/wp\/v2\/types\/product"}],"replies":[{"embeddable":true,"href":"https:\/\/www.domtechnikpro.com\/index.php\/wp-json\/wp\/v2\/comments?post=4761"}],"wp:featuredmedia":[{"embeddable":true,"href":"https:\/\/www.domtechnikpro.com\/index.php\/wp-json\/wp\/v2\/media\/4861"}],"wp:attachment":[{"href":"https:\/\/www.domtechnikpro.com\/index.php\/wp-json\/wp\/v2\/media?parent=4761"}],"wp:term":[{"taxonomy":"product_brand","embeddable":true,"href":"https:\/\/www.domtechnikpro.com\/index.php\/wp-json\/wp\/v2\/product_brand?post=4761"},{"taxonomy":"product_cat","embeddable":true,"href":"https:\/\/www.domtechnikpro.com\/index.php\/wp-json\/wp\/v2\/product_cat?post=4761"},{"taxonomy":"product_tag","embeddable":true,"href":"https:\/\/www.domtechnikpro.com\/index.php\/wp-json\/wp\/v2\/product_tag?post=4761"}],"curies":[{"name":"wp","href":"https:\/\/api.w.org\/{rel}","templated":true}]}}