{"id":4759,"date":"2026-04-26T08:52:00","date_gmt":"2026-04-26T08:52:00","guid":{"rendered":""},"modified":"2026-04-26T08:52:00","modified_gmt":"2026-04-26T08:52:00","slug":"objednat-nyni-pce-0132-6-vidlice-na-kabel-230v-16a-3polova-ip67-4759","status":"publish","type":"product","link":"https:\/\/www.domtechnikpro.com\/index.php\/produkt\/objednat-nyni-pce-0132-6-vidlice-na-kabel-230v-16a-3polova-ip67-4759\/","title":{"rendered":"Objednat Nyn\u00ed PCE 0132-6 vidlice na kabel 230V 16A 3p\u00f3lov\u00e1 IP67"},"content":{"rendered":"<div id=\"e8948704\" class=\"pages\">\n<div id=\"PDDescription\" class=\"UserContentView userContent v1a v1 bs-view dcon dc150 PDDescription\" >\n<h2><span style=\"color: #008080;\">PCE 0132-6 vidlice na kabel 230V 16A 3p\u00f3lov\u00e1 IP67<\/span><\/h2>\n<p><span style=\"color: #000000;\">Pr\u016fmyslov\u00e9 vidlice na kabel pro t\u0159\u00edf\u00e1zov\u00e9 pr\u016fmyslov\u00e9 bezpe\u010dn\u00e9 p\u0159ipojen\u00ed spot\u0159ebi\u010d\u016f v kuchyni nebo na stavb\u011b. Koncovky se pou\u017e\u00edvaj\u00ed na p\u0159ipojen\u00ed t\u0159\u00edf\u00e1zov\u00e9ho proudu ve vlhk\u00e9m a pra\u0161n\u00e9m prost\u0159ed\u00ed. Koncovkou se d\u00e1 p\u0159ipojit od stavebn\u00edch stroj\u016f po kompresory, sn\u011b\u017en\u00e9 d\u011bla, nebo konvektomaty v kuchyni. Pou\u017eit\u00ed je \u0161irok\u00e9.<\/span><\/p>\n<p>\u00a0<\/p>\n<p><span style=\"color: #007980;\"><strong>Parametry:<\/strong><\/span><\/p>\n<p><span style=\"color: #000000;\">Velikost proudu IEC: 16 A<br \/>Po\u010det p\u00f3l\u016f: 3<br \/>Nap\u011bt\u00ed dle EN 60309-2: 230 V (50+60 Hz) modr\u00e9<br \/>Hodinov\u00fd \u00fahel: 6 h<br \/>Identifika\u010dn\u00ed barva: Modr\u00e1<br \/>P\u0159ibli\u017en\u00e1 barva RAL: 5015<br \/>M\u011bni\u010d f\u00e1z\u00ed: Ne<br \/>Kryt\u00ed (IP): IP67<br \/>P\u0159ipojovac\u00ed svorka pro vodi\u010de: \u0160roubov\u00e1 svorka<br \/>Otvor pro zaveden\u00ed kabelu:\u0160rouben\u00ed<br \/>Sm\u011br zasunut\u00ed: Rovn\u00e9<br \/>Materi\u00e1l: Plast<\/span><\/p>\n<p>\u00a0<\/p>\n<p>\u00a0<\/p>\n<p>\u00a0<\/p>\n<p>\u00a0<\/p>\n<div id=\"PDTable3\" class=\"ProductDetailTableView v3a v3 bs-view dcon dc175 PDTable3\" >\n<table>\n<thead><\/thead>\n<tbody>\n<tr class=\"attribute attr_bsshop_maker\">\n<td class=\"caption\">V\u00fdrobce<\/td>\n<td class=\"value\">PCE<\/td>\n<\/tr>\n<\/tbody>\n<\/table><\/div>\n<\/div>\n<\/div>\n<div id=\"e8948705\" class=\"tabs\">\n","protected":false},"excerpt":{"rendered":"<p>PCE 0132-6 vidlice na kabel 230V 16A 3p\u00f3lov\u00e1 IP67 Pr\u016fmyslov\u00e9 vidlice na kabel pro t\u0159\u00edf\u00e1zov\u00e9 pr\u016fmyslov\u00e9 bezpe\u010dn\u00e9 p\u0159ipojen\u00ed spot\u0159ebi\u010d\u016f v kuchyni nebo na stavb\u011b. Koncovky se pou\u017e\u00edvaj\u00ed na p\u0159ipojen\u00ed t\u0159\u00edf\u00e1zov\u00e9ho proudu ve vlhk\u00e9m a pra\u0161n\u00e9m prost\u0159ed\u00ed. Koncovkou se d\u00e1 p\u0159ipojit od stavebn\u00edch stroj\u016f po kompresory, sn\u011b\u017en\u00e9 d\u011bla, nebo konvektomaty v kuchyni. Pou\u017eit\u00ed je \u0161irok\u00e9. \u00a0 [&hellip;]<\/p>\n","protected":false},"featured_media":4859,"comment_status":"open","ping_status":"open","template":"","meta":[],"product_brand":[],"product_cat":[43],"product_tag":[],"class_list":{"0":"post-4759","1":"product","2":"type-product","3":"status-publish","4":"has-post-thumbnail","6":"product_cat-vyp-237-nace-a-z-225-suvky","8":"first","9":"instock","10":"sale","11":"shipping-taxable","12":"purchasable","13":"product-type-simple"},"yoast_head":"<!-- This site is optimized with the Yoast SEO plugin v26.8 - https:\/\/yoast.com\/product\/yoast-seo-wordpress\/ -->\n<title>Objednat Nyn\u00ed PCE 0132-6 vidlice na kabel 230V 16A 3p\u00f3lov\u00e1 IP67 -<\/title>\n<meta name=\"robots\" content=\"index, follow, max-snippet:-1, max-image-preview:large, max-video-preview:-1\" \/>\n<link rel=\"canonical\" href=\"https:\/\/www.domtechnikpro.com\/index.php\/produkt\/objednat-nyni-pce-0132-6-vidlice-na-kabel-230v-16a-3polova-ip67-4759\/\" \/>\n<meta property=\"og:locale\" content=\"cs_CZ\" \/>\n<meta property=\"og:type\" content=\"article\" \/>\n<meta property=\"og:title\" content=\"Objednat Nyn\u00ed PCE 0132-6 vidlice na kabel 230V 16A 3p\u00f3lov\u00e1 IP67 -\" \/>\n<meta property=\"og:description\" content=\"PCE 0132-6 vidlice na kabel 230V 16A 3p\u00f3lov\u00e1 IP67 Pr\u016fmyslov\u00e9 vidlice na kabel pro t\u0159\u00edf\u00e1zov\u00e9 pr\u016fmyslov\u00e9 bezpe\u010dn\u00e9 p\u0159ipojen\u00ed spot\u0159ebi\u010d\u016f v kuchyni nebo na stavb\u011b. Koncovky se pou\u017e\u00edvaj\u00ed na p\u0159ipojen\u00ed t\u0159\u00edf\u00e1zov\u00e9ho proudu ve vlhk\u00e9m a pra\u0161n\u00e9m prost\u0159ed\u00ed. Koncovkou se d\u00e1 p\u0159ipojit od stavebn\u00edch stroj\u016f po kompresory, sn\u011b\u017en\u00e9 d\u011bla, nebo konvektomaty v kuchyni. Pou\u017eit\u00ed je \u0161irok\u00e9. \u00a0 [&hellip;]\" \/>\n<meta property=\"og:url\" content=\"https:\/\/www.domtechnikpro.com\/index.php\/produkt\/objednat-nyni-pce-0132-6-vidlice-na-kabel-230v-16a-3polova-ip67-4759\/\" \/>\n<meta property=\"og:image\" content=\"https:\/\/www.domtechnikpro.com\/wp-content\/uploads\/2026\/SK0001880-CZ20260425-091623-0-1777079785-pce-0132-6-vidlice-na-kabel-230v-16a-3polova-ip67.webp\" \/>\n\t<meta property=\"og:image:width\" content=\"1000\" \/>\n\t<meta property=\"og:image:height\" content=\"525\" \/>\n\t<meta property=\"og:image:type\" content=\"image\/webp\" \/>\n<meta name=\"twitter:card\" content=\"summary_large_image\" \/>\n<meta name=\"twitter:label1\" content=\"Odhadovan\u00e1 doba \u010dten\u00ed\" \/>\n\t<meta name=\"twitter:data1\" content=\"1 minuta\" \/>\n<script type=\"application\/ld+json\" class=\"yoast-schema-graph\">{\"@context\":\"https:\/\/schema.org\",\"@graph\":[{\"@type\":\"WebPage\",\"@id\":\"https:\/\/www.domtechnikpro.com\/index.php\/produkt\/objednat-nyni-pce-0132-6-vidlice-na-kabel-230v-16a-3polova-ip67-4759\/\",\"url\":\"https:\/\/www.domtechnikpro.com\/index.php\/produkt\/objednat-nyni-pce-0132-6-vidlice-na-kabel-230v-16a-3polova-ip67-4759\/\",\"name\":\"Objednat Nyn\u00ed PCE 0132-6 vidlice na kabel 230V 16A 3p\u00f3lov\u00e1 IP67 -\",\"isPartOf\":{\"@id\":\"https:\/\/www.domtechnikpro.com\/#website\"},\"primaryImageOfPage\":{\"@id\":\"https:\/\/www.domtechnikpro.com\/index.php\/produkt\/objednat-nyni-pce-0132-6-vidlice-na-kabel-230v-16a-3polova-ip67-4759\/#primaryimage\"},\"image\":{\"@id\":\"https:\/\/www.domtechnikpro.com\/index.php\/produkt\/objednat-nyni-pce-0132-6-vidlice-na-kabel-230v-16a-3polova-ip67-4759\/#primaryimage\"},\"thumbnailUrl\":\"https:\/\/www.domtechnikpro.com\/wp-content\/uploads\/2026\/SK0001880-CZ20260425-091623-0-1777079785-pce-0132-6-vidlice-na-kabel-230v-16a-3polova-ip67.webp\",\"datePublished\":\"2026-04-26T08:52:00+00:00\",\"breadcrumb\":{\"@id\":\"https:\/\/www.domtechnikpro.com\/index.php\/produkt\/objednat-nyni-pce-0132-6-vidlice-na-kabel-230v-16a-3polova-ip67-4759\/#breadcrumb\"},\"inLanguage\":\"cs\",\"potentialAction\":[{\"@type\":\"ReadAction\",\"target\":[\"https:\/\/www.domtechnikpro.com\/index.php\/produkt\/objednat-nyni-pce-0132-6-vidlice-na-kabel-230v-16a-3polova-ip67-4759\/\"]}]},{\"@type\":\"ImageObject\",\"inLanguage\":\"cs\",\"@id\":\"https:\/\/www.domtechnikpro.com\/index.php\/produkt\/objednat-nyni-pce-0132-6-vidlice-na-kabel-230v-16a-3polova-ip67-4759\/#primaryimage\",\"url\":\"https:\/\/www.domtechnikpro.com\/wp-content\/uploads\/2026\/SK0001880-CZ20260425-091623-0-1777079785-pce-0132-6-vidlice-na-kabel-230v-16a-3polova-ip67.webp\",\"contentUrl\":\"https:\/\/www.domtechnikpro.com\/wp-content\/uploads\/2026\/SK0001880-CZ20260425-091623-0-1777079785-pce-0132-6-vidlice-na-kabel-230v-16a-3polova-ip67.webp\",\"width\":1000,\"height\":525},{\"@type\":\"BreadcrumbList\",\"@id\":\"https:\/\/www.domtechnikpro.com\/index.php\/produkt\/objednat-nyni-pce-0132-6-vidlice-na-kabel-230v-16a-3polova-ip67-4759\/#breadcrumb\",\"itemListElement\":[{\"@type\":\"ListItem\",\"position\":1,\"name\":\"Home\",\"item\":\"https:\/\/www.domtechnikpro.com\/\"},{\"@type\":\"ListItem\",\"position\":2,\"name\":\"Products\",\"item\":\"https:\/\/www.domtechnikpro.com\/index.php\/products\/\"},{\"@type\":\"ListItem\",\"position\":3,\"name\":\"Objednat Nyn\u00ed PCE 0132-6 vidlice na kabel 230V 16A 3p\u00f3lov\u00e1 IP67\"}]},{\"@type\":\"WebSite\",\"@id\":\"https:\/\/www.domtechnikpro.com\/#website\",\"url\":\"https:\/\/www.domtechnikpro.com\/\",\"name\":\"\",\"description\":\"\",\"potentialAction\":[{\"@type\":\"SearchAction\",\"target\":{\"@type\":\"EntryPoint\",\"urlTemplate\":\"https:\/\/www.domtechnikpro.com\/?s={search_term_string}\"},\"query-input\":{\"@type\":\"PropertyValueSpecification\",\"valueRequired\":true,\"valueName\":\"search_term_string\"}}],\"inLanguage\":\"cs\"}]}<\/script>\n<!-- \/ Yoast SEO plugin. -->","yoast_head_json":{"title":"Objednat Nyn\u00ed PCE 0132-6 vidlice na kabel 230V 16A 3p\u00f3lov\u00e1 IP67 -","robots":{"index":"index","follow":"follow","max-snippet":"max-snippet:-1","max-image-preview":"max-image-preview:large","max-video-preview":"max-video-preview:-1"},"canonical":"https:\/\/www.domtechnikpro.com\/index.php\/produkt\/objednat-nyni-pce-0132-6-vidlice-na-kabel-230v-16a-3polova-ip67-4759\/","og_locale":"cs_CZ","og_type":"article","og_title":"Objednat Nyn\u00ed PCE 0132-6 vidlice na kabel 230V 16A 3p\u00f3lov\u00e1 IP67 -","og_description":"PCE 0132-6 vidlice na kabel 230V 16A 3p\u00f3lov\u00e1 IP67 Pr\u016fmyslov\u00e9 vidlice na kabel pro t\u0159\u00edf\u00e1zov\u00e9 pr\u016fmyslov\u00e9 bezpe\u010dn\u00e9 p\u0159ipojen\u00ed spot\u0159ebi\u010d\u016f v kuchyni nebo na stavb\u011b. Koncovky se pou\u017e\u00edvaj\u00ed na p\u0159ipojen\u00ed t\u0159\u00edf\u00e1zov\u00e9ho proudu ve vlhk\u00e9m a pra\u0161n\u00e9m prost\u0159ed\u00ed. Koncovkou se d\u00e1 p\u0159ipojit od stavebn\u00edch stroj\u016f po kompresory, sn\u011b\u017en\u00e9 d\u011bla, nebo konvektomaty v kuchyni. Pou\u017eit\u00ed je \u0161irok\u00e9. \u00a0 [&hellip;]","og_url":"https:\/\/www.domtechnikpro.com\/index.php\/produkt\/objednat-nyni-pce-0132-6-vidlice-na-kabel-230v-16a-3polova-ip67-4759\/","og_image":[{"width":1000,"height":525,"url":"https:\/\/www.domtechnikpro.com\/wp-content\/uploads\/2026\/SK0001880-CZ20260425-091623-0-1777079785-pce-0132-6-vidlice-na-kabel-230v-16a-3polova-ip67.webp","type":"image\/webp"}],"twitter_card":"summary_large_image","twitter_misc":{"Odhadovan\u00e1 doba \u010dten\u00ed":"1 minuta"},"schema":{"@context":"https:\/\/schema.org","@graph":[{"@type":"WebPage","@id":"https:\/\/www.domtechnikpro.com\/index.php\/produkt\/objednat-nyni-pce-0132-6-vidlice-na-kabel-230v-16a-3polova-ip67-4759\/","url":"https:\/\/www.domtechnikpro.com\/index.php\/produkt\/objednat-nyni-pce-0132-6-vidlice-na-kabel-230v-16a-3polova-ip67-4759\/","name":"Objednat Nyn\u00ed PCE 0132-6 vidlice na kabel 230V 16A 3p\u00f3lov\u00e1 IP67 -","isPartOf":{"@id":"https:\/\/www.domtechnikpro.com\/#website"},"primaryImageOfPage":{"@id":"https:\/\/www.domtechnikpro.com\/index.php\/produkt\/objednat-nyni-pce-0132-6-vidlice-na-kabel-230v-16a-3polova-ip67-4759\/#primaryimage"},"image":{"@id":"https:\/\/www.domtechnikpro.com\/index.php\/produkt\/objednat-nyni-pce-0132-6-vidlice-na-kabel-230v-16a-3polova-ip67-4759\/#primaryimage"},"thumbnailUrl":"https:\/\/www.domtechnikpro.com\/wp-content\/uploads\/2026\/SK0001880-CZ20260425-091623-0-1777079785-pce-0132-6-vidlice-na-kabel-230v-16a-3polova-ip67.webp","datePublished":"2026-04-26T08:52:00+00:00","breadcrumb":{"@id":"https:\/\/www.domtechnikpro.com\/index.php\/produkt\/objednat-nyni-pce-0132-6-vidlice-na-kabel-230v-16a-3polova-ip67-4759\/#breadcrumb"},"inLanguage":"cs","potentialAction":[{"@type":"ReadAction","target":["https:\/\/www.domtechnikpro.com\/index.php\/produkt\/objednat-nyni-pce-0132-6-vidlice-na-kabel-230v-16a-3polova-ip67-4759\/"]}]},{"@type":"ImageObject","inLanguage":"cs","@id":"https:\/\/www.domtechnikpro.com\/index.php\/produkt\/objednat-nyni-pce-0132-6-vidlice-na-kabel-230v-16a-3polova-ip67-4759\/#primaryimage","url":"https:\/\/www.domtechnikpro.com\/wp-content\/uploads\/2026\/SK0001880-CZ20260425-091623-0-1777079785-pce-0132-6-vidlice-na-kabel-230v-16a-3polova-ip67.webp","contentUrl":"https:\/\/www.domtechnikpro.com\/wp-content\/uploads\/2026\/SK0001880-CZ20260425-091623-0-1777079785-pce-0132-6-vidlice-na-kabel-230v-16a-3polova-ip67.webp","width":1000,"height":525},{"@type":"BreadcrumbList","@id":"https:\/\/www.domtechnikpro.com\/index.php\/produkt\/objednat-nyni-pce-0132-6-vidlice-na-kabel-230v-16a-3polova-ip67-4759\/#breadcrumb","itemListElement":[{"@type":"ListItem","position":1,"name":"Home","item":"https:\/\/www.domtechnikpro.com\/"},{"@type":"ListItem","position":2,"name":"Products","item":"https:\/\/www.domtechnikpro.com\/index.php\/products\/"},{"@type":"ListItem","position":3,"name":"Objednat Nyn\u00ed PCE 0132-6 vidlice na kabel 230V 16A 3p\u00f3lov\u00e1 IP67"}]},{"@type":"WebSite","@id":"https:\/\/www.domtechnikpro.com\/#website","url":"https:\/\/www.domtechnikpro.com\/","name":"","description":"","potentialAction":[{"@type":"SearchAction","target":{"@type":"EntryPoint","urlTemplate":"https:\/\/www.domtechnikpro.com\/?s={search_term_string}"},"query-input":{"@type":"PropertyValueSpecification","valueRequired":true,"valueName":"search_term_string"}}],"inLanguage":"cs"}]}},"_links":{"self":[{"href":"https:\/\/www.domtechnikpro.com\/index.php\/wp-json\/wp\/v2\/product\/4759","targetHints":{"allow":["GET"]}}],"collection":[{"href":"https:\/\/www.domtechnikpro.com\/index.php\/wp-json\/wp\/v2\/product"}],"about":[{"href":"https:\/\/www.domtechnikpro.com\/index.php\/wp-json\/wp\/v2\/types\/product"}],"replies":[{"embeddable":true,"href":"https:\/\/www.domtechnikpro.com\/index.php\/wp-json\/wp\/v2\/comments?post=4759"}],"wp:featuredmedia":[{"embeddable":true,"href":"https:\/\/www.domtechnikpro.com\/index.php\/wp-json\/wp\/v2\/media\/4859"}],"wp:attachment":[{"href":"https:\/\/www.domtechnikpro.com\/index.php\/wp-json\/wp\/v2\/media?parent=4759"}],"wp:term":[{"taxonomy":"product_brand","embeddable":true,"href":"https:\/\/www.domtechnikpro.com\/index.php\/wp-json\/wp\/v2\/product_brand?post=4759"},{"taxonomy":"product_cat","embeddable":true,"href":"https:\/\/www.domtechnikpro.com\/index.php\/wp-json\/wp\/v2\/product_cat?post=4759"},{"taxonomy":"product_tag","embeddable":true,"href":"https:\/\/www.domtechnikpro.com\/index.php\/wp-json\/wp\/v2\/product_tag?post=4759"}],"curies":[{"name":"wp","href":"https:\/\/api.w.org\/{rel}","templated":true}]}}