{"id":4722,"date":"2026-04-26T08:52:00","date_gmt":"2026-04-26T08:52:00","guid":{"rendered":""},"modified":"2026-04-26T08:52:00","modified_gmt":"2026-04-26T08:52:00","slug":"rychle-dodani-geti-ef1-casovac-tydenni-digitalni-do-zasuvky-casove-spinana-zasuvka-4722","status":"publish","type":"product","link":"https:\/\/www.domtechnikpro.com\/index.php\/produkt\/rychle-dodani-geti-ef1-casovac-tydenni-digitalni-do-zasuvky-casove-spinana-zasuvka-4722\/","title":{"rendered":"Rychl\u00e9 Dod\u00e1n\u00ed GETI EF1 \u010dasova\u010d t\u00fddenn\u00ed digit\u00e1ln\u00ed do z\u00e1suvky &#8211; \u010dasov\u011b sp\u00ednan\u00e1 z\u00e1suvka"},"content":{"rendered":"<div id=\"e8944224\" class=\"pages\">\n<div id=\"PDDescription\" class=\"UserContentView userContent v1a v1 bs-view dcon dc150 PDDescription\" >\n<h2><span style=\"color: #007980;\">GETI EF1 \u010dasova\u010d t\u00fddenn\u00ed digit\u00e1ln\u00ed do z\u00e1suvky &#8211; \u010dasov\u011b sp\u00ednan\u00e1 z\u00e1suvka<\/span><\/h2>\n<p>Pomoc\u00ed t\u00e9to digit\u00e1ln\u00ed sp\u00ednac\u00ed z\u00e1suvky m\u016f\u017eete v nastaven\u00fdch \u010dasech vyp\u00ednat a zap\u00ednat s\u00ed\u0165ov\u00e9 spot\u0159ebi\u010de. Z\u00e1suvka m\u00e1 denn\u00ed i t\u00fddenn\u00ed sp\u00ednac\u00ed cyklus, velmi jednoduch\u00e9 ovl\u00e1d\u00e1n\u00ed a vestav\u011bn\u00e9 funkce SUMMERTIME a RANDOM. Mo\u017enost v\u00fdb\u011bru z 16 p\u0159ednastaven\u00fdch skupin dn\u016f v t\u00fddnu. Max. sp\u00ednan\u00fd v\u00fdkon \u010dasov\u00e9ho sp\u00edna\u010de je 3500W.<\/p>\n<p>Pln\u011b programovateln\u00e1 sp\u00ednac\u00ed z\u00e1suvka s t\u00fddenn\u00edm i denn\u00edm cyklem sp\u00edn\u00e1n\u00ed. Tyto sp\u00ednac\u00ed hodiny mohou i ve Va\u0161\u00ed nep\u0159\u00edtomnosti opakovan\u011b sp\u00ednat a vyp\u00ednat nap\u0159\u00edklad topen\u00ed, lampu nebo r\u00e1dio. Programov\u00e1n\u00ed je velmi jednoduch\u00e9, tak\u017ee hodiny jsou vhodn\u00e9 i pro lidi se z\u00e1porn\u00fdm vztahem k technice. Dal\u0161\u00ed p\u0159\u00edklady pou\u017eit\u00ed: topen\u00ed r\u00e1no pro vst\u00e1v\u00e1n\u00ed, omezen\u00ed \u010dasu sledov\u00e1n\u00ed televize d\u011btmi, vyh\u0159\u00e1t\u00ed gar\u00e1\u017ee p\u0159ed t\u00edm, ne\u017e byste jinak museli sednout do &#8222;vymrzl\u00e9ho auta&#8220; a nav\u00edc nemohli pro zimu po\u0159\u00e1dn\u011b nastartovat. Nejlep\u0161\u00ed ochrana proti zlod\u011bj\u016fm je, kdy\u017e si mysl\u00ed, \u017ee jste doma. Tyto hodiny mohou ve va\u0161\u00ed nep\u0159\u00edtomnosti sp\u00ednat lampu nebo r\u00e1dio, a t\u00edm navodit dojem p\u0159\u00edtomnosti osoby v byt\u011b, \u010di dom\u011b.<\/p>\n<p><strong><span style=\"color: #007980;\">Technick\u00e9 \u00fadaje:<\/span><\/strong><br \/>&#8211; mo\u017enost nastaven\u00ed r\u016fzn\u00fdch program\u016f na ka\u017ed\u00fd den v t\u00fddnu<br \/>&#8211; celkem 8 program\u016f<br \/>&#8211; je mo\u017en\u00e9 pou\u017e\u00edvat 16 p\u0159ednastaven\u00fdch kombinac\u00ed dn\u016f, nebo skupin dn\u016f (jedna kombinace se po\u010d\u00edt\u00e1 pouze jako jeden program!), tedy platnost programu nap\u0159. pouze pro pracovn\u00ed dny nebo pouze pro v\u00edkend nebo pro p\u00e1tek a\u017e ned\u011bli , pond\u011bl\u00ed a\u017e sobota atd.<br \/>&#8211; funkce SUMMERTIME pro snadn\u00fd p\u0159echod na ze zimn\u00edho \u010dasu na letn\u00ed a naopak<br \/>&#8211; funkce RANDOM pro sp\u00edn\u00e1n\u00ed v n\u00e1hodn\u00fdch intervalech (sp\u00edn\u00e1n\u00ed nap\u0159. sv\u011btla v dob\u011b nep\u0159\u00edtomnosti &#8211; ochrana proti zlod\u011bj\u016fm)<br \/>&#8211; volba form\u00e1tu zobrazen\u00ed \u010dasu 12\/24<br \/>&#8211; vestav\u011bn\u00e1 z\u00e1lo\u017en\u00ed baterie pro nap\u00e1jen\u00ed hodin udr\u017e\u00ed nastaven\u00e9 programy v pam\u011bti i p\u0159i v\u00fdpadku nap\u011bt\u00ed v s\u00edti<br \/>&#8211; mo\u017enost zapnut\u00ed, nebo vypnut\u00ed spot\u0159ebi\u010de i manu\u00e1ln\u011b (stiskem tla\u010d\u00edtka)<br \/>&#8211; nap\u011bt\u00ed \/ proud: 230 V~AC \/ 16 A max.<br \/>&#8211; max. sp\u00ednan\u00fd v\u00fdkon: 3500 W<br \/>&#8211; max. proud z\u00e1t\u011b\u017ee: 16 A<br \/>&#8211; max. proud p\u0159i induk\u010dn\u00ed z\u00e1t\u011b\u017ei (motory apod.) 3 A<br \/>&#8211; bezpe\u010dnostn\u00ed z\u00e1suvka<br \/>&#8211; sp\u00edna\u010d ON\/OFF<br \/>&#8211; provozn\u00ed teplota: &#8211; 10\u00b0C a\u017e 40\u00b0C<\/p>\n<p>\u00a0<\/p>\n<p>\u00a0<\/p>\n<p><span style=\"font: 13px\/19.2px Calibri, sans-serif; color: #212121; text-transform: none; text-indent: 0px; letter-spacing: normal; word-spacing: 0px; float: none; display: inline !important; white-space: normal; background-color: #ffffff; -webkit-text-stroke-width: 0px;\"><\/span><\/p>\n<\/p>\n<div id=\"PDTable3\" class=\"ProductDetailTableView v3a v3 bs-view dcon dc175 PDTable3\" >\n<table>\n<thead><\/thead>\n<tbody>\n<tr class=\"attribute attr_bsshop_maker\">\n<td class=\"caption\">V\u00fdrobce<\/td>\n<td class=\"value\">GETI<\/td>\n<\/tr>\n<\/tbody>\n<\/table><\/div>\n<\/div>\n<\/div>\n<div id=\"e8944225\" class=\"tabs\">\n","protected":false},"excerpt":{"rendered":"<p>GETI EF1 \u010dasova\u010d t\u00fddenn\u00ed digit\u00e1ln\u00ed do z\u00e1suvky &#8211; \u010dasov\u011b sp\u00ednan\u00e1 z\u00e1suvka Pomoc\u00ed t\u00e9to digit\u00e1ln\u00ed sp\u00ednac\u00ed z\u00e1suvky m\u016f\u017eete v nastaven\u00fdch \u010dasech vyp\u00ednat a zap\u00ednat s\u00ed\u0165ov\u00e9 spot\u0159ebi\u010de. Z\u00e1suvka m\u00e1 denn\u00ed i t\u00fddenn\u00ed sp\u00ednac\u00ed cyklus, velmi jednoduch\u00e9 ovl\u00e1d\u00e1n\u00ed a vestav\u011bn\u00e9 funkce SUMMERTIME a RANDOM. Mo\u017enost v\u00fdb\u011bru z 16 p\u0159ednastaven\u00fdch skupin dn\u016f v t\u00fddnu. Max. sp\u00ednan\u00fd v\u00fdkon \u010dasov\u00e9ho sp\u00edna\u010de [&hellip;]<\/p>\n","protected":false},"featured_media":4822,"comment_status":"open","ping_status":"open","template":"","meta":[],"product_brand":[],"product_cat":[43],"product_tag":[],"class_list":{"0":"post-4722","1":"product","2":"type-product","3":"status-publish","4":"has-post-thumbnail","6":"product_cat-vyp-237-nace-a-z-225-suvky","8":"first","9":"instock","10":"sale","11":"shipping-taxable","12":"purchasable","13":"product-type-simple"},"yoast_head":"<!-- This site is optimized with the Yoast SEO plugin v26.8 - https:\/\/yoast.com\/product\/yoast-seo-wordpress\/ -->\n<title>Rychl\u00e9 Dod\u00e1n\u00ed GETI EF1 \u010dasova\u010d t\u00fddenn\u00ed digit\u00e1ln\u00ed do z\u00e1suvky - \u010dasov\u011b sp\u00ednan\u00e1 z\u00e1suvka -<\/title>\n<meta name=\"robots\" content=\"index, follow, max-snippet:-1, max-image-preview:large, max-video-preview:-1\" \/>\n<link rel=\"canonical\" href=\"https:\/\/www.domtechnikpro.com\/index.php\/produkt\/rychle-dodani-geti-ef1-casovac-tydenni-digitalni-do-zasuvky-casove-spinana-zasuvka-4722\/\" \/>\n<meta property=\"og:locale\" content=\"cs_CZ\" \/>\n<meta property=\"og:type\" content=\"article\" \/>\n<meta property=\"og:title\" content=\"Rychl\u00e9 Dod\u00e1n\u00ed GETI EF1 \u010dasova\u010d t\u00fddenn\u00ed digit\u00e1ln\u00ed do z\u00e1suvky - \u010dasov\u011b sp\u00ednan\u00e1 z\u00e1suvka -\" \/>\n<meta property=\"og:description\" content=\"GETI EF1 \u010dasova\u010d t\u00fddenn\u00ed digit\u00e1ln\u00ed do z\u00e1suvky &#8211; \u010dasov\u011b sp\u00ednan\u00e1 z\u00e1suvka Pomoc\u00ed t\u00e9to digit\u00e1ln\u00ed sp\u00ednac\u00ed z\u00e1suvky m\u016f\u017eete v nastaven\u00fdch \u010dasech vyp\u00ednat a zap\u00ednat s\u00ed\u0165ov\u00e9 spot\u0159ebi\u010de. Z\u00e1suvka m\u00e1 denn\u00ed i t\u00fddenn\u00ed sp\u00ednac\u00ed cyklus, velmi jednoduch\u00e9 ovl\u00e1d\u00e1n\u00ed a vestav\u011bn\u00e9 funkce SUMMERTIME a RANDOM. Mo\u017enost v\u00fdb\u011bru z 16 p\u0159ednastaven\u00fdch skupin dn\u016f v t\u00fddnu. Max. sp\u00ednan\u00fd v\u00fdkon \u010dasov\u00e9ho sp\u00edna\u010de [&hellip;]\" \/>\n<meta property=\"og:url\" content=\"https:\/\/www.domtechnikpro.com\/index.php\/produkt\/rychle-dodani-geti-ef1-casovac-tydenni-digitalni-do-zasuvky-casove-spinana-zasuvka-4722\/\" \/>\n<meta property=\"og:image\" content=\"https:\/\/www.domtechnikpro.com\/wp-content\/uploads\/2026\/SK0001843-CZ20260425-091623-0-1777079785-geti-ef1-casovac-tydenni-digitalni-do-zasuvky-casove-spinan.webp\" \/>\n\t<meta property=\"og:image:width\" content=\"1000\" \/>\n\t<meta property=\"og:image:height\" content=\"525\" \/>\n\t<meta property=\"og:image:type\" content=\"image\/webp\" \/>\n<meta name=\"twitter:card\" content=\"summary_large_image\" \/>\n<meta name=\"twitter:label1\" content=\"Odhadovan\u00e1 doba \u010dten\u00ed\" \/>\n\t<meta name=\"twitter:data1\" content=\"2 minuty\" \/>\n<script type=\"application\/ld+json\" class=\"yoast-schema-graph\">{\"@context\":\"https:\/\/schema.org\",\"@graph\":[{\"@type\":\"WebPage\",\"@id\":\"https:\/\/www.domtechnikpro.com\/index.php\/produkt\/rychle-dodani-geti-ef1-casovac-tydenni-digitalni-do-zasuvky-casove-spinana-zasuvka-4722\/\",\"url\":\"https:\/\/www.domtechnikpro.com\/index.php\/produkt\/rychle-dodani-geti-ef1-casovac-tydenni-digitalni-do-zasuvky-casove-spinana-zasuvka-4722\/\",\"name\":\"Rychl\u00e9 Dod\u00e1n\u00ed GETI EF1 \u010dasova\u010d t\u00fddenn\u00ed digit\u00e1ln\u00ed do z\u00e1suvky - \u010dasov\u011b sp\u00ednan\u00e1 z\u00e1suvka -\",\"isPartOf\":{\"@id\":\"https:\/\/www.domtechnikpro.com\/#website\"},\"primaryImageOfPage\":{\"@id\":\"https:\/\/www.domtechnikpro.com\/index.php\/produkt\/rychle-dodani-geti-ef1-casovac-tydenni-digitalni-do-zasuvky-casove-spinana-zasuvka-4722\/#primaryimage\"},\"image\":{\"@id\":\"https:\/\/www.domtechnikpro.com\/index.php\/produkt\/rychle-dodani-geti-ef1-casovac-tydenni-digitalni-do-zasuvky-casove-spinana-zasuvka-4722\/#primaryimage\"},\"thumbnailUrl\":\"https:\/\/www.domtechnikpro.com\/wp-content\/uploads\/2026\/SK0001843-CZ20260425-091623-0-1777079785-geti-ef1-casovac-tydenni-digitalni-do-zasuvky-casove-spinan.webp\",\"datePublished\":\"2026-04-26T08:52:00+00:00\",\"breadcrumb\":{\"@id\":\"https:\/\/www.domtechnikpro.com\/index.php\/produkt\/rychle-dodani-geti-ef1-casovac-tydenni-digitalni-do-zasuvky-casove-spinana-zasuvka-4722\/#breadcrumb\"},\"inLanguage\":\"cs\",\"potentialAction\":[{\"@type\":\"ReadAction\",\"target\":[\"https:\/\/www.domtechnikpro.com\/index.php\/produkt\/rychle-dodani-geti-ef1-casovac-tydenni-digitalni-do-zasuvky-casove-spinana-zasuvka-4722\/\"]}]},{\"@type\":\"ImageObject\",\"inLanguage\":\"cs\",\"@id\":\"https:\/\/www.domtechnikpro.com\/index.php\/produkt\/rychle-dodani-geti-ef1-casovac-tydenni-digitalni-do-zasuvky-casove-spinana-zasuvka-4722\/#primaryimage\",\"url\":\"https:\/\/www.domtechnikpro.com\/wp-content\/uploads\/2026\/SK0001843-CZ20260425-091623-0-1777079785-geti-ef1-casovac-tydenni-digitalni-do-zasuvky-casove-spinan.webp\",\"contentUrl\":\"https:\/\/www.domtechnikpro.com\/wp-content\/uploads\/2026\/SK0001843-CZ20260425-091623-0-1777079785-geti-ef1-casovac-tydenni-digitalni-do-zasuvky-casove-spinan.webp\",\"width\":1000,\"height\":525},{\"@type\":\"BreadcrumbList\",\"@id\":\"https:\/\/www.domtechnikpro.com\/index.php\/produkt\/rychle-dodani-geti-ef1-casovac-tydenni-digitalni-do-zasuvky-casove-spinana-zasuvka-4722\/#breadcrumb\",\"itemListElement\":[{\"@type\":\"ListItem\",\"position\":1,\"name\":\"Home\",\"item\":\"https:\/\/www.domtechnikpro.com\/\"},{\"@type\":\"ListItem\",\"position\":2,\"name\":\"Products\",\"item\":\"https:\/\/www.domtechnikpro.com\/index.php\/products\/\"},{\"@type\":\"ListItem\",\"position\":3,\"name\":\"Rychl\u00e9 Dod\u00e1n\u00ed GETI EF1 \u010dasova\u010d t\u00fddenn\u00ed digit\u00e1ln\u00ed do z\u00e1suvky &#8211; \u010dasov\u011b sp\u00ednan\u00e1 z\u00e1suvka\"}]},{\"@type\":\"WebSite\",\"@id\":\"https:\/\/www.domtechnikpro.com\/#website\",\"url\":\"https:\/\/www.domtechnikpro.com\/\",\"name\":\"\",\"description\":\"\",\"potentialAction\":[{\"@type\":\"SearchAction\",\"target\":{\"@type\":\"EntryPoint\",\"urlTemplate\":\"https:\/\/www.domtechnikpro.com\/?s={search_term_string}\"},\"query-input\":{\"@type\":\"PropertyValueSpecification\",\"valueRequired\":true,\"valueName\":\"search_term_string\"}}],\"inLanguage\":\"cs\"}]}<\/script>\n<!-- \/ Yoast SEO plugin. -->","yoast_head_json":{"title":"Rychl\u00e9 Dod\u00e1n\u00ed GETI EF1 \u010dasova\u010d t\u00fddenn\u00ed digit\u00e1ln\u00ed do z\u00e1suvky - \u010dasov\u011b sp\u00ednan\u00e1 z\u00e1suvka -","robots":{"index":"index","follow":"follow","max-snippet":"max-snippet:-1","max-image-preview":"max-image-preview:large","max-video-preview":"max-video-preview:-1"},"canonical":"https:\/\/www.domtechnikpro.com\/index.php\/produkt\/rychle-dodani-geti-ef1-casovac-tydenni-digitalni-do-zasuvky-casove-spinana-zasuvka-4722\/","og_locale":"cs_CZ","og_type":"article","og_title":"Rychl\u00e9 Dod\u00e1n\u00ed GETI EF1 \u010dasova\u010d t\u00fddenn\u00ed digit\u00e1ln\u00ed do z\u00e1suvky - \u010dasov\u011b sp\u00ednan\u00e1 z\u00e1suvka -","og_description":"GETI EF1 \u010dasova\u010d t\u00fddenn\u00ed digit\u00e1ln\u00ed do z\u00e1suvky &#8211; \u010dasov\u011b sp\u00ednan\u00e1 z\u00e1suvka Pomoc\u00ed t\u00e9to digit\u00e1ln\u00ed sp\u00ednac\u00ed z\u00e1suvky m\u016f\u017eete v nastaven\u00fdch \u010dasech vyp\u00ednat a zap\u00ednat s\u00ed\u0165ov\u00e9 spot\u0159ebi\u010de. Z\u00e1suvka m\u00e1 denn\u00ed i t\u00fddenn\u00ed sp\u00ednac\u00ed cyklus, velmi jednoduch\u00e9 ovl\u00e1d\u00e1n\u00ed a vestav\u011bn\u00e9 funkce SUMMERTIME a RANDOM. Mo\u017enost v\u00fdb\u011bru z 16 p\u0159ednastaven\u00fdch skupin dn\u016f v t\u00fddnu. Max. sp\u00ednan\u00fd v\u00fdkon \u010dasov\u00e9ho sp\u00edna\u010de [&hellip;]","og_url":"https:\/\/www.domtechnikpro.com\/index.php\/produkt\/rychle-dodani-geti-ef1-casovac-tydenni-digitalni-do-zasuvky-casove-spinana-zasuvka-4722\/","og_image":[{"width":1000,"height":525,"url":"https:\/\/www.domtechnikpro.com\/wp-content\/uploads\/2026\/SK0001843-CZ20260425-091623-0-1777079785-geti-ef1-casovac-tydenni-digitalni-do-zasuvky-casove-spinan.webp","type":"image\/webp"}],"twitter_card":"summary_large_image","twitter_misc":{"Odhadovan\u00e1 doba \u010dten\u00ed":"2 minuty"},"schema":{"@context":"https:\/\/schema.org","@graph":[{"@type":"WebPage","@id":"https:\/\/www.domtechnikpro.com\/index.php\/produkt\/rychle-dodani-geti-ef1-casovac-tydenni-digitalni-do-zasuvky-casove-spinana-zasuvka-4722\/","url":"https:\/\/www.domtechnikpro.com\/index.php\/produkt\/rychle-dodani-geti-ef1-casovac-tydenni-digitalni-do-zasuvky-casove-spinana-zasuvka-4722\/","name":"Rychl\u00e9 Dod\u00e1n\u00ed GETI EF1 \u010dasova\u010d t\u00fddenn\u00ed digit\u00e1ln\u00ed do z\u00e1suvky - \u010dasov\u011b sp\u00ednan\u00e1 z\u00e1suvka -","isPartOf":{"@id":"https:\/\/www.domtechnikpro.com\/#website"},"primaryImageOfPage":{"@id":"https:\/\/www.domtechnikpro.com\/index.php\/produkt\/rychle-dodani-geti-ef1-casovac-tydenni-digitalni-do-zasuvky-casove-spinana-zasuvka-4722\/#primaryimage"},"image":{"@id":"https:\/\/www.domtechnikpro.com\/index.php\/produkt\/rychle-dodani-geti-ef1-casovac-tydenni-digitalni-do-zasuvky-casove-spinana-zasuvka-4722\/#primaryimage"},"thumbnailUrl":"https:\/\/www.domtechnikpro.com\/wp-content\/uploads\/2026\/SK0001843-CZ20260425-091623-0-1777079785-geti-ef1-casovac-tydenni-digitalni-do-zasuvky-casove-spinan.webp","datePublished":"2026-04-26T08:52:00+00:00","breadcrumb":{"@id":"https:\/\/www.domtechnikpro.com\/index.php\/produkt\/rychle-dodani-geti-ef1-casovac-tydenni-digitalni-do-zasuvky-casove-spinana-zasuvka-4722\/#breadcrumb"},"inLanguage":"cs","potentialAction":[{"@type":"ReadAction","target":["https:\/\/www.domtechnikpro.com\/index.php\/produkt\/rychle-dodani-geti-ef1-casovac-tydenni-digitalni-do-zasuvky-casove-spinana-zasuvka-4722\/"]}]},{"@type":"ImageObject","inLanguage":"cs","@id":"https:\/\/www.domtechnikpro.com\/index.php\/produkt\/rychle-dodani-geti-ef1-casovac-tydenni-digitalni-do-zasuvky-casove-spinana-zasuvka-4722\/#primaryimage","url":"https:\/\/www.domtechnikpro.com\/wp-content\/uploads\/2026\/SK0001843-CZ20260425-091623-0-1777079785-geti-ef1-casovac-tydenni-digitalni-do-zasuvky-casove-spinan.webp","contentUrl":"https:\/\/www.domtechnikpro.com\/wp-content\/uploads\/2026\/SK0001843-CZ20260425-091623-0-1777079785-geti-ef1-casovac-tydenni-digitalni-do-zasuvky-casove-spinan.webp","width":1000,"height":525},{"@type":"BreadcrumbList","@id":"https:\/\/www.domtechnikpro.com\/index.php\/produkt\/rychle-dodani-geti-ef1-casovac-tydenni-digitalni-do-zasuvky-casove-spinana-zasuvka-4722\/#breadcrumb","itemListElement":[{"@type":"ListItem","position":1,"name":"Home","item":"https:\/\/www.domtechnikpro.com\/"},{"@type":"ListItem","position":2,"name":"Products","item":"https:\/\/www.domtechnikpro.com\/index.php\/products\/"},{"@type":"ListItem","position":3,"name":"Rychl\u00e9 Dod\u00e1n\u00ed GETI EF1 \u010dasova\u010d t\u00fddenn\u00ed digit\u00e1ln\u00ed do z\u00e1suvky &#8211; \u010dasov\u011b sp\u00ednan\u00e1 z\u00e1suvka"}]},{"@type":"WebSite","@id":"https:\/\/www.domtechnikpro.com\/#website","url":"https:\/\/www.domtechnikpro.com\/","name":"","description":"","potentialAction":[{"@type":"SearchAction","target":{"@type":"EntryPoint","urlTemplate":"https:\/\/www.domtechnikpro.com\/?s={search_term_string}"},"query-input":{"@type":"PropertyValueSpecification","valueRequired":true,"valueName":"search_term_string"}}],"inLanguage":"cs"}]}},"_links":{"self":[{"href":"https:\/\/www.domtechnikpro.com\/index.php\/wp-json\/wp\/v2\/product\/4722","targetHints":{"allow":["GET"]}}],"collection":[{"href":"https:\/\/www.domtechnikpro.com\/index.php\/wp-json\/wp\/v2\/product"}],"about":[{"href":"https:\/\/www.domtechnikpro.com\/index.php\/wp-json\/wp\/v2\/types\/product"}],"replies":[{"embeddable":true,"href":"https:\/\/www.domtechnikpro.com\/index.php\/wp-json\/wp\/v2\/comments?post=4722"}],"wp:featuredmedia":[{"embeddable":true,"href":"https:\/\/www.domtechnikpro.com\/index.php\/wp-json\/wp\/v2\/media\/4822"}],"wp:attachment":[{"href":"https:\/\/www.domtechnikpro.com\/index.php\/wp-json\/wp\/v2\/media?parent=4722"}],"wp:term":[{"taxonomy":"product_brand","embeddable":true,"href":"https:\/\/www.domtechnikpro.com\/index.php\/wp-json\/wp\/v2\/product_brand?post=4722"},{"taxonomy":"product_cat","embeddable":true,"href":"https:\/\/www.domtechnikpro.com\/index.php\/wp-json\/wp\/v2\/product_cat?post=4722"},{"taxonomy":"product_tag","embeddable":true,"href":"https:\/\/www.domtechnikpro.com\/index.php\/wp-json\/wp\/v2\/product_tag?post=4722"}],"curies":[{"name":"wp","href":"https:\/\/api.w.org\/{rel}","templated":true}]}}