{"id":4720,"date":"2026-04-26T08:52:00","date_gmt":"2026-04-26T08:52:00","guid":{"rendered":""},"modified":"2026-04-26T08:52:00","modified_gmt":"2026-04-26T08:52:00","slug":"posledni-sance-geti-mf1-casovac-denni-s-vypinacem-do-zasuvky-ts-md3-p5502-4720","status":"publish","type":"product","link":"https:\/\/www.domtechnikpro.com\/index.php\/produkt\/posledni-sance-geti-mf1-casovac-denni-s-vypinacem-do-zasuvky-ts-md3-p5502-4720\/","title":{"rendered":"Posledn\u00ed \u0160ance GETI MF1 \u010dasova\u010d denn\u00ed s vyp\u00edna\u010dem do z\u00e1suvky (TS-MD3 *P5502)"},"content":{"rendered":"<div id=\"e8943935\" class=\"pages\">\n<div id=\"PDDescription\" class=\"UserContentView userContent v1a v1 bs-view dcon dc150 PDDescription\" >\n<h2><span style=\"color: #008080;\">GETI MF1 \u010dasova\u010d denn\u00ed s vyp\u00edna\u010dem do z\u00e1suvky (TS-MD3 *P5502, DT01)<\/span><\/h2>\n<p style=\"font: 11px\/normal Tahoma; margin: 0px; padding: 0px; color: #0c172d; text-transform: none; text-indent: 0px; letter-spacing: normal; word-spacing: 0px; white-space: normal; background-color: #ffffff; -webkit-text-stroke-width: 0px;\"><span style=\"font-size: larger;\"><span style=\"font-family: Tahoma;\"><span style=\"color: #666666;\"><br \/><\/span><\/span><\/span><span style=\"color: #333333;\"><span style=\"font-family: Tahoma;\"><span style=\"font-size: larger;\">&#8211; rozp\u011bt\u00ed 24hod., min. \u010dasov\u00fd \u00fasek 15min.<br style=\"color: #666666; font-family: Arial, Helvetica, sans-serif;\">&#8211; vyp\u00edna\u010d<br style=\"color: #666666; font-family: Arial, Helvetica, sans-serif;\">&#8211; mechanick\u00fd<br style=\"color: #666666; font-family: Arial, Helvetica, sans-serif;\">&#8211; d\u011btsk\u00e1 pojistka<br style=\"color: #666666; font-family: Arial, Helvetica, sans-serif;\">&#8211; 230V\/16A, 50Hz<\/span><\/span><\/span><\/p>\n<p style=\"font: 11px\/normal Tahoma; margin: 0px; padding: 0px; color: #0c172d; text-transform: none; text-indent: 0px; letter-spacing: normal; word-spacing: 0px; white-space: normal; background-color: #ffffff; -webkit-text-stroke-width: 0px;\"><span style=\"color: #333333;\"><span style=\"font-family: Tahoma;\"><span style=\"font-size: larger;\"><span style=\"color: #212121; font-family: Calibri; font-size: small;\">\u00a0&#8211; Sepne a\u017e 3500W<\/span><\/p>\n<p>\u010casov\u00fd sp\u00edna\u010d zasunete do z\u00e1suvky, do n\u011bj pak spot\u0159ebi\u010d, kter\u00fd chcete spustit v ur\u010ditou hodinu, minutu&#8230; nap\u0159. v\u00e1no\u010dn\u00ed strome\u010dek, el. hrnec na va\u0159en\u00ed, lampu, r\u00e1dio, apod.<\/span><\/span><\/span><\/p>\n<p style=\"font: 11px\/normal Tahoma; margin: 0px; padding: 0px; color: #0c172d; text-transform: none; text-indent: 0px; letter-spacing: normal; word-spacing: 0px; white-space: normal; background-color: #ffffff; -webkit-text-stroke-width: 0px;\">\u00a0<\/p>\n<p style=\"font: 11px\/normal Tahoma; margin: 0px; padding: 0px; color: #0c172d; text-transform: none; text-indent: 0px; letter-spacing: normal; word-spacing: 0px; white-space: normal; background-color: #ffffff; -webkit-text-stroke-width: 0px;\"><span style=\"color: #333333;\"><span style=\"font-family: Tahoma;\"><span style=\"font-size: larger;\"><\/span><\/span><\/span><\/p>\n<p style=\"font: 11px\/normal Tahoma; margin: 0px; padding: 0px; color: #0c172d; text-transform: none; text-indent: 0px; letter-spacing: normal; word-spacing: 0px; white-space: normal; background-color: #ffffff; -webkit-text-stroke-width: 0px;\">\u00a0<\/p>\n<p style=\"font: 11px\/normal Tahoma; margin: 0px; padding: 0px; color: #0c172d; text-transform: none; text-indent: 0px; letter-spacing: normal; word-spacing: 0px; white-space: normal; background-color: #ffffff; -webkit-text-stroke-width: 0px;\">Foto detailu p\u0159ep\u00edna\u010de<\/p>\n<p style=\"font: 11px\/normal Tahoma; margin: 0px; padding: 0px; color: #0c172d; text-transform: none; text-indent: 0px; letter-spacing: normal; word-spacing: 0px; white-space: normal; background-color: #ffffff; -webkit-text-stroke-width: 0px;\">\u00a0<\/p>\n<p style=\"font: 11px\/normal Tahoma; margin: 0px; padding: 0px; color: #0c172d; text-transform: none; text-indent: 0px; letter-spacing: normal; word-spacing: 0px; white-space: normal; background-color: #ffffff; -webkit-text-stroke-width: 0px;\">\n<p style=\"font: 11px\/normal Tahoma; margin: 0px; padding: 0px; color: #0c172d; text-transform: none; text-indent: 0px; letter-spacing: normal; word-spacing: 0px; white-space: normal; background-color: #ffffff; -webkit-text-stroke-width: 0px;\">\u00a0<\/p>\n<p style=\"font: 11px\/normal Tahoma; margin: 0px; padding: 0px; color: #0c172d; text-transform: none; text-indent: 0px; letter-spacing: normal; word-spacing: 0px; white-space: normal; background-color: #ffffff; -webkit-text-stroke-width: 0px;\">\u00a0<\/p>\n<p style=\"font: 11px\/normal Tahoma; margin: 0px; padding: 0px; color: #0c172d; text-transform: none; text-indent: 0px; letter-spacing: normal; word-spacing: 0px; white-space: normal; background-color: #ffffff; -webkit-text-stroke-width: 0px;\">\u00a0<\/p>\n<p style=\"font: 11px\/normal Tahoma; margin: 0px; padding: 0px; color: #0c172d; text-transform: none; text-indent: 0px; letter-spacing: normal; word-spacing: 0px; white-space: normal; background-color: #ffffff; -webkit-text-stroke-width: 0px;\">\u00a0<\/p>\n<p style=\"font: 11px\/normal Tahoma; margin: 0px; padding: 0px; color: #0c172d; text-transform: none; text-indent: 0px; letter-spacing: normal; word-spacing: 0px; white-space: normal; background-color: #ffffff; -webkit-text-stroke-width: 0px;\">\u00a0<\/p>\n<p style=\"font: 11px\/normal Tahoma; margin: 0px; padding: 0px; color: #0c172d; text-transform: none; text-indent: 0px; letter-spacing: normal; word-spacing: 0px; white-space: normal; background-color: #ffffff; -webkit-text-stroke-width: 0px;\">\u00a0<\/p>\n<p style=\"font: 11px\/normal Tahoma; margin: 0px; padding: 0px; color: #0c172d; text-transform: none; text-indent: 0px; letter-spacing: normal; word-spacing: 0px; white-space: normal; background-color: #ffffff; -webkit-text-stroke-width: 0px;\">\u00a0<\/p>\n<p style=\"font: 11px\/normal Tahoma; margin: 0px; padding: 0px; color: #0c172d; text-transform: none; text-indent: 0px; letter-spacing: normal; word-spacing: 0px; white-space: normal; background-color: #ffffff; -webkit-text-stroke-width: 0px;\">\u00a0<\/p>\n<p style=\"font: 11px\/normal Tahoma; margin: 0px; padding: 0px; color: #0c172d; text-transform: none; text-indent: 0px; letter-spacing: normal; word-spacing: 0px; white-space: normal; background-color: #ffffff; -webkit-text-stroke-width: 0px;\">\u00a0<\/p>\n<p style=\"font: 11px\/normal Tahoma; margin: 0px; padding: 0px; color: #0c172d; text-transform: none; text-indent: 0px; letter-spacing: normal; word-spacing: 0px; white-space: normal; background-color: #ffffff; -webkit-text-stroke-width: 0px;\">\u00a0<\/p>\n<p style=\"font: 11px\/normal Tahoma; margin: 0px; padding: 0px; color: #0c172d; text-transform: none; text-indent: 0px; letter-spacing: normal; word-spacing: 0px; white-space: normal; background-color: #ffffff; -webkit-text-stroke-width: 0px;\">\u00a0<\/p>\n<p style=\"font: 11px\/normal Tahoma; margin: 0px; padding: 0px; color: #0c172d; text-transform: none; text-indent: 0px; letter-spacing: normal; word-spacing: 0px; white-space: normal; background-color: #ffffff; -webkit-text-stroke-width: 0px;\">\u00a0<\/p>\n<div id=\"PDTable3\" class=\"ProductDetailTableView v3a v3 bs-view dcon dc175 PDTable3\" >\n<table>\n<thead><\/thead>\n<tbody>\n<tr class=\"attribute attr_bsshop_maker\">\n<td class=\"caption\">V\u00fdrobce<\/td>\n<td class=\"value\">GETI<\/td>\n<\/tr>\n<\/tbody>\n<\/table><\/div>\n<\/div>\n<\/div>\n<div id=\"e8943936\" class=\"tabs\">\n","protected":false},"excerpt":{"rendered":"<p>GETI MF1 \u010dasova\u010d denn\u00ed s vyp\u00edna\u010dem do z\u00e1suvky (TS-MD3 *P5502, DT01) &#8211; rozp\u011bt\u00ed 24hod., min. \u010dasov\u00fd \u00fasek 15min.&#8211; vyp\u00edna\u010d&#8211; mechanick\u00fd&#8211; d\u011btsk\u00e1 pojistka&#8211; 230V\/16A, 50Hz \u00a0&#8211; Sepne a\u017e 3500W \u010casov\u00fd sp\u00edna\u010d zasunete do z\u00e1suvky, do n\u011bj pak spot\u0159ebi\u010d, kter\u00fd chcete spustit v ur\u010ditou hodinu, minutu&#8230; nap\u0159. v\u00e1no\u010dn\u00ed strome\u010dek, el. hrnec na va\u0159en\u00ed, lampu, r\u00e1dio, apod. \u00a0 [&hellip;]<\/p>\n","protected":false},"featured_media":4820,"comment_status":"open","ping_status":"open","template":"","meta":[],"product_brand":[],"product_cat":[43],"product_tag":[],"class_list":{"0":"post-4720","1":"product","2":"type-product","3":"status-publish","4":"has-post-thumbnail","6":"product_cat-vyp-237-nace-a-z-225-suvky","8":"first","9":"instock","10":"sale","11":"shipping-taxable","12":"purchasable","13":"product-type-simple"},"yoast_head":"<!-- This site is optimized with the Yoast SEO plugin v26.8 - https:\/\/yoast.com\/product\/yoast-seo-wordpress\/ -->\n<title>Posledn\u00ed \u0160ance GETI MF1 \u010dasova\u010d denn\u00ed s vyp\u00edna\u010dem do z\u00e1suvky (TS-MD3 *P5502) -<\/title>\n<meta name=\"robots\" content=\"index, follow, max-snippet:-1, max-image-preview:large, max-video-preview:-1\" \/>\n<link rel=\"canonical\" href=\"https:\/\/www.domtechnikpro.com\/index.php\/produkt\/posledni-sance-geti-mf1-casovac-denni-s-vypinacem-do-zasuvky-ts-md3-p5502-4720\/\" \/>\n<meta property=\"og:locale\" content=\"cs_CZ\" \/>\n<meta property=\"og:type\" content=\"article\" \/>\n<meta property=\"og:title\" content=\"Posledn\u00ed \u0160ance GETI MF1 \u010dasova\u010d denn\u00ed s vyp\u00edna\u010dem do z\u00e1suvky (TS-MD3 *P5502) -\" \/>\n<meta property=\"og:description\" content=\"GETI MF1 \u010dasova\u010d denn\u00ed s vyp\u00edna\u010dem do z\u00e1suvky (TS-MD3 *P5502, DT01) &#8211; rozp\u011bt\u00ed 24hod., min. \u010dasov\u00fd \u00fasek 15min.&#8211; vyp\u00edna\u010d&#8211; mechanick\u00fd&#8211; d\u011btsk\u00e1 pojistka&#8211; 230V\/16A, 50Hz \u00a0&#8211; Sepne a\u017e 3500W \u010casov\u00fd sp\u00edna\u010d zasunete do z\u00e1suvky, do n\u011bj pak spot\u0159ebi\u010d, kter\u00fd chcete spustit v ur\u010ditou hodinu, minutu&#8230; nap\u0159. v\u00e1no\u010dn\u00ed strome\u010dek, el. hrnec na va\u0159en\u00ed, lampu, r\u00e1dio, apod. \u00a0 [&hellip;]\" \/>\n<meta property=\"og:url\" content=\"https:\/\/www.domtechnikpro.com\/index.php\/produkt\/posledni-sance-geti-mf1-casovac-denni-s-vypinacem-do-zasuvky-ts-md3-p5502-4720\/\" \/>\n<meta property=\"og:image\" content=\"https:\/\/www.domtechnikpro.com\/wp-content\/uploads\/2026\/SK0001841-CZ20260425-091623-0-1777079785-geti-mf1-casovac-denni-s-vypinacem-do-zasuvky-ts-md3-p5502..webp\" \/>\n\t<meta property=\"og:image:width\" content=\"1000\" \/>\n\t<meta property=\"og:image:height\" content=\"525\" \/>\n\t<meta property=\"og:image:type\" content=\"image\/webp\" \/>\n<meta name=\"twitter:card\" content=\"summary_large_image\" \/>\n<script type=\"application\/ld+json\" class=\"yoast-schema-graph\">{\"@context\":\"https:\/\/schema.org\",\"@graph\":[{\"@type\":\"WebPage\",\"@id\":\"https:\/\/www.domtechnikpro.com\/index.php\/produkt\/posledni-sance-geti-mf1-casovac-denni-s-vypinacem-do-zasuvky-ts-md3-p5502-4720\/\",\"url\":\"https:\/\/www.domtechnikpro.com\/index.php\/produkt\/posledni-sance-geti-mf1-casovac-denni-s-vypinacem-do-zasuvky-ts-md3-p5502-4720\/\",\"name\":\"Posledn\u00ed \u0160ance GETI MF1 \u010dasova\u010d denn\u00ed s vyp\u00edna\u010dem do z\u00e1suvky (TS-MD3 *P5502) -\",\"isPartOf\":{\"@id\":\"https:\/\/www.domtechnikpro.com\/#website\"},\"primaryImageOfPage\":{\"@id\":\"https:\/\/www.domtechnikpro.com\/index.php\/produkt\/posledni-sance-geti-mf1-casovac-denni-s-vypinacem-do-zasuvky-ts-md3-p5502-4720\/#primaryimage\"},\"image\":{\"@id\":\"https:\/\/www.domtechnikpro.com\/index.php\/produkt\/posledni-sance-geti-mf1-casovac-denni-s-vypinacem-do-zasuvky-ts-md3-p5502-4720\/#primaryimage\"},\"thumbnailUrl\":\"https:\/\/www.domtechnikpro.com\/wp-content\/uploads\/2026\/SK0001841-CZ20260425-091623-0-1777079785-geti-mf1-casovac-denni-s-vypinacem-do-zasuvky-ts-md3-p5502..webp\",\"datePublished\":\"2026-04-26T08:52:00+00:00\",\"breadcrumb\":{\"@id\":\"https:\/\/www.domtechnikpro.com\/index.php\/produkt\/posledni-sance-geti-mf1-casovac-denni-s-vypinacem-do-zasuvky-ts-md3-p5502-4720\/#breadcrumb\"},\"inLanguage\":\"cs\",\"potentialAction\":[{\"@type\":\"ReadAction\",\"target\":[\"https:\/\/www.domtechnikpro.com\/index.php\/produkt\/posledni-sance-geti-mf1-casovac-denni-s-vypinacem-do-zasuvky-ts-md3-p5502-4720\/\"]}]},{\"@type\":\"ImageObject\",\"inLanguage\":\"cs\",\"@id\":\"https:\/\/www.domtechnikpro.com\/index.php\/produkt\/posledni-sance-geti-mf1-casovac-denni-s-vypinacem-do-zasuvky-ts-md3-p5502-4720\/#primaryimage\",\"url\":\"https:\/\/www.domtechnikpro.com\/wp-content\/uploads\/2026\/SK0001841-CZ20260425-091623-0-1777079785-geti-mf1-casovac-denni-s-vypinacem-do-zasuvky-ts-md3-p5502..webp\",\"contentUrl\":\"https:\/\/www.domtechnikpro.com\/wp-content\/uploads\/2026\/SK0001841-CZ20260425-091623-0-1777079785-geti-mf1-casovac-denni-s-vypinacem-do-zasuvky-ts-md3-p5502..webp\",\"width\":1000,\"height\":525},{\"@type\":\"BreadcrumbList\",\"@id\":\"https:\/\/www.domtechnikpro.com\/index.php\/produkt\/posledni-sance-geti-mf1-casovac-denni-s-vypinacem-do-zasuvky-ts-md3-p5502-4720\/#breadcrumb\",\"itemListElement\":[{\"@type\":\"ListItem\",\"position\":1,\"name\":\"Home\",\"item\":\"https:\/\/www.domtechnikpro.com\/\"},{\"@type\":\"ListItem\",\"position\":2,\"name\":\"Products\",\"item\":\"https:\/\/www.domtechnikpro.com\/index.php\/products\/\"},{\"@type\":\"ListItem\",\"position\":3,\"name\":\"Posledn\u00ed \u0160ance GETI MF1 \u010dasova\u010d denn\u00ed s vyp\u00edna\u010dem do z\u00e1suvky (TS-MD3 *P5502)\"}]},{\"@type\":\"WebSite\",\"@id\":\"https:\/\/www.domtechnikpro.com\/#website\",\"url\":\"https:\/\/www.domtechnikpro.com\/\",\"name\":\"\",\"description\":\"\",\"potentialAction\":[{\"@type\":\"SearchAction\",\"target\":{\"@type\":\"EntryPoint\",\"urlTemplate\":\"https:\/\/www.domtechnikpro.com\/?s={search_term_string}\"},\"query-input\":{\"@type\":\"PropertyValueSpecification\",\"valueRequired\":true,\"valueName\":\"search_term_string\"}}],\"inLanguage\":\"cs\"}]}<\/script>\n<!-- \/ Yoast SEO plugin. -->","yoast_head_json":{"title":"Posledn\u00ed \u0160ance GETI MF1 \u010dasova\u010d denn\u00ed s vyp\u00edna\u010dem do z\u00e1suvky (TS-MD3 *P5502) -","robots":{"index":"index","follow":"follow","max-snippet":"max-snippet:-1","max-image-preview":"max-image-preview:large","max-video-preview":"max-video-preview:-1"},"canonical":"https:\/\/www.domtechnikpro.com\/index.php\/produkt\/posledni-sance-geti-mf1-casovac-denni-s-vypinacem-do-zasuvky-ts-md3-p5502-4720\/","og_locale":"cs_CZ","og_type":"article","og_title":"Posledn\u00ed \u0160ance GETI MF1 \u010dasova\u010d denn\u00ed s vyp\u00edna\u010dem do z\u00e1suvky (TS-MD3 *P5502) -","og_description":"GETI MF1 \u010dasova\u010d denn\u00ed s vyp\u00edna\u010dem do z\u00e1suvky (TS-MD3 *P5502, DT01) &#8211; rozp\u011bt\u00ed 24hod., min. \u010dasov\u00fd \u00fasek 15min.&#8211; vyp\u00edna\u010d&#8211; mechanick\u00fd&#8211; d\u011btsk\u00e1 pojistka&#8211; 230V\/16A, 50Hz \u00a0&#8211; Sepne a\u017e 3500W \u010casov\u00fd sp\u00edna\u010d zasunete do z\u00e1suvky, do n\u011bj pak spot\u0159ebi\u010d, kter\u00fd chcete spustit v ur\u010ditou hodinu, minutu&#8230; nap\u0159. v\u00e1no\u010dn\u00ed strome\u010dek, el. hrnec na va\u0159en\u00ed, lampu, r\u00e1dio, apod. \u00a0 [&hellip;]","og_url":"https:\/\/www.domtechnikpro.com\/index.php\/produkt\/posledni-sance-geti-mf1-casovac-denni-s-vypinacem-do-zasuvky-ts-md3-p5502-4720\/","og_image":[{"width":1000,"height":525,"url":"https:\/\/www.domtechnikpro.com\/wp-content\/uploads\/2026\/SK0001841-CZ20260425-091623-0-1777079785-geti-mf1-casovac-denni-s-vypinacem-do-zasuvky-ts-md3-p5502..webp","type":"image\/webp"}],"twitter_card":"summary_large_image","schema":{"@context":"https:\/\/schema.org","@graph":[{"@type":"WebPage","@id":"https:\/\/www.domtechnikpro.com\/index.php\/produkt\/posledni-sance-geti-mf1-casovac-denni-s-vypinacem-do-zasuvky-ts-md3-p5502-4720\/","url":"https:\/\/www.domtechnikpro.com\/index.php\/produkt\/posledni-sance-geti-mf1-casovac-denni-s-vypinacem-do-zasuvky-ts-md3-p5502-4720\/","name":"Posledn\u00ed \u0160ance GETI MF1 \u010dasova\u010d denn\u00ed s vyp\u00edna\u010dem do z\u00e1suvky (TS-MD3 *P5502) -","isPartOf":{"@id":"https:\/\/www.domtechnikpro.com\/#website"},"primaryImageOfPage":{"@id":"https:\/\/www.domtechnikpro.com\/index.php\/produkt\/posledni-sance-geti-mf1-casovac-denni-s-vypinacem-do-zasuvky-ts-md3-p5502-4720\/#primaryimage"},"image":{"@id":"https:\/\/www.domtechnikpro.com\/index.php\/produkt\/posledni-sance-geti-mf1-casovac-denni-s-vypinacem-do-zasuvky-ts-md3-p5502-4720\/#primaryimage"},"thumbnailUrl":"https:\/\/www.domtechnikpro.com\/wp-content\/uploads\/2026\/SK0001841-CZ20260425-091623-0-1777079785-geti-mf1-casovac-denni-s-vypinacem-do-zasuvky-ts-md3-p5502..webp","datePublished":"2026-04-26T08:52:00+00:00","breadcrumb":{"@id":"https:\/\/www.domtechnikpro.com\/index.php\/produkt\/posledni-sance-geti-mf1-casovac-denni-s-vypinacem-do-zasuvky-ts-md3-p5502-4720\/#breadcrumb"},"inLanguage":"cs","potentialAction":[{"@type":"ReadAction","target":["https:\/\/www.domtechnikpro.com\/index.php\/produkt\/posledni-sance-geti-mf1-casovac-denni-s-vypinacem-do-zasuvky-ts-md3-p5502-4720\/"]}]},{"@type":"ImageObject","inLanguage":"cs","@id":"https:\/\/www.domtechnikpro.com\/index.php\/produkt\/posledni-sance-geti-mf1-casovac-denni-s-vypinacem-do-zasuvky-ts-md3-p5502-4720\/#primaryimage","url":"https:\/\/www.domtechnikpro.com\/wp-content\/uploads\/2026\/SK0001841-CZ20260425-091623-0-1777079785-geti-mf1-casovac-denni-s-vypinacem-do-zasuvky-ts-md3-p5502..webp","contentUrl":"https:\/\/www.domtechnikpro.com\/wp-content\/uploads\/2026\/SK0001841-CZ20260425-091623-0-1777079785-geti-mf1-casovac-denni-s-vypinacem-do-zasuvky-ts-md3-p5502..webp","width":1000,"height":525},{"@type":"BreadcrumbList","@id":"https:\/\/www.domtechnikpro.com\/index.php\/produkt\/posledni-sance-geti-mf1-casovac-denni-s-vypinacem-do-zasuvky-ts-md3-p5502-4720\/#breadcrumb","itemListElement":[{"@type":"ListItem","position":1,"name":"Home","item":"https:\/\/www.domtechnikpro.com\/"},{"@type":"ListItem","position":2,"name":"Products","item":"https:\/\/www.domtechnikpro.com\/index.php\/products\/"},{"@type":"ListItem","position":3,"name":"Posledn\u00ed \u0160ance GETI MF1 \u010dasova\u010d denn\u00ed s vyp\u00edna\u010dem do z\u00e1suvky (TS-MD3 *P5502)"}]},{"@type":"WebSite","@id":"https:\/\/www.domtechnikpro.com\/#website","url":"https:\/\/www.domtechnikpro.com\/","name":"","description":"","potentialAction":[{"@type":"SearchAction","target":{"@type":"EntryPoint","urlTemplate":"https:\/\/www.domtechnikpro.com\/?s={search_term_string}"},"query-input":{"@type":"PropertyValueSpecification","valueRequired":true,"valueName":"search_term_string"}}],"inLanguage":"cs"}]}},"_links":{"self":[{"href":"https:\/\/www.domtechnikpro.com\/index.php\/wp-json\/wp\/v2\/product\/4720","targetHints":{"allow":["GET"]}}],"collection":[{"href":"https:\/\/www.domtechnikpro.com\/index.php\/wp-json\/wp\/v2\/product"}],"about":[{"href":"https:\/\/www.domtechnikpro.com\/index.php\/wp-json\/wp\/v2\/types\/product"}],"replies":[{"embeddable":true,"href":"https:\/\/www.domtechnikpro.com\/index.php\/wp-json\/wp\/v2\/comments?post=4720"}],"wp:featuredmedia":[{"embeddable":true,"href":"https:\/\/www.domtechnikpro.com\/index.php\/wp-json\/wp\/v2\/media\/4820"}],"wp:attachment":[{"href":"https:\/\/www.domtechnikpro.com\/index.php\/wp-json\/wp\/v2\/media?parent=4720"}],"wp:term":[{"taxonomy":"product_brand","embeddable":true,"href":"https:\/\/www.domtechnikpro.com\/index.php\/wp-json\/wp\/v2\/product_brand?post=4720"},{"taxonomy":"product_cat","embeddable":true,"href":"https:\/\/www.domtechnikpro.com\/index.php\/wp-json\/wp\/v2\/product_cat?post=4720"},{"taxonomy":"product_tag","embeddable":true,"href":"https:\/\/www.domtechnikpro.com\/index.php\/wp-json\/wp\/v2\/product_tag?post=4720"}],"curies":[{"name":"wp","href":"https:\/\/api.w.org\/{rel}","templated":true}]}}