{"id":4711,"date":"2026-04-26T08:52:00","date_gmt":"2026-04-26T08:52:00","guid":{"rendered":""},"modified":"2026-04-26T08:52:00","modified_gmt":"2026-04-26T08:52:00","slug":"legrand-50445-vidlice-gumova-venkovni-nahrada-za-50245-doprava-zdarma-4711","status":"publish","type":"product","link":"https:\/\/www.domtechnikpro.com\/index.php\/produkt\/legrand-50445-vidlice-gumova-venkovni-nahrada-za-50245-doprava-zdarma-4711\/","title":{"rendered":"LEGRAND 50445 vidlice gumov\u00e1 venkovn\u00ed \/n\u00e1hrada za 50245\/ Doprava Zdarma"},"content":{"rendered":"<div id=\"e8942917\" class=\"pages\">\n<div id=\"PDDescription\" class=\"UserContentView userContent v1a v1 bs-view dcon dc150 PDDescription\" >\n<h2><span style=\"color: #007980;\"><strong>LEGRAND 50445 vidlice gumov\u00e1 venkovn\u00ed \/n\u00e1hrada za 50245\/<\/strong><\/span><\/h2>\n<p><span style=\"color: #000000;\">\u010cern\u00e1 gumov\u00e1 vidlice od spolehliv\u00e9ho v\u00fdrobce Legrand. Ide\u00e1ln\u00ed na pou\u017eit\u00ed nap\u0159. na stavb\u00e1ch, v diln\u00e1ch atp. Je ur\u010dena k propojen\u00ed s kabelem 3&#215;2,5. Vidlice je opat\u0159ena membr\u00e1novou kabelovou pr\u016fchodkou s kabelovou p\u0159\u00edchytkou.<\/span><\/p>\n<p><span style=\"color: #000000;\">Odoln\u00e9 proti n\u00e1raz\u016fm<\/span><\/p>\n<p><span style=\"color: #000000;\">Materi\u00e1l &#8211; pry\u017e<\/span><\/p>\n<p><span style=\"color: #000000;\">P\u0159i spojen\u00ed vidlice se z\u00e1suvkou 050446 je zaru\u010deno kryt\u00ed IP44.<\/span><\/p>\n<p>\u00a0<\/p>\n<p>\u00a0<\/p>\n<p>\u00a0<\/p>\n<p>\u00a0<\/p>\n<p>\u00a0<\/p>\n<p>\u00a0<\/p>\n<div id=\"PDTable3\" class=\"ProductDetailTableView v3a v3 bs-view dcon dc175 PDTable3\" >\n<table>\n<thead><\/thead>\n<tbody>\n<tr class=\"attribute attr_bsshop_maker\">\n<td class=\"caption\">V\u00fdrobce<\/td>\n<td class=\"value\">LEGRAND<\/td>\n<\/tr>\n<\/tbody>\n<\/table><\/div>\n<\/div>\n<\/div>\n<div id=\"e8942918\" class=\"tabs\">\n","protected":false},"excerpt":{"rendered":"<p>LEGRAND 50445 vidlice gumov\u00e1 venkovn\u00ed \/n\u00e1hrada za 50245\/ \u010cern\u00e1 gumov\u00e1 vidlice od spolehliv\u00e9ho v\u00fdrobce Legrand. Ide\u00e1ln\u00ed na pou\u017eit\u00ed nap\u0159. na stavb\u00e1ch, v diln\u00e1ch atp. Je ur\u010dena k propojen\u00ed s kabelem 3&#215;2,5. Vidlice je opat\u0159ena membr\u00e1novou kabelovou pr\u016fchodkou s kabelovou p\u0159\u00edchytkou. Odoln\u00e9 proti n\u00e1raz\u016fm Materi\u00e1l &#8211; pry\u017e P\u0159i spojen\u00ed vidlice se z\u00e1suvkou 050446 je zaru\u010deno kryt\u00ed [&hellip;]<\/p>\n","protected":false},"featured_media":4811,"comment_status":"open","ping_status":"open","template":"","meta":[],"product_brand":[],"product_cat":[43],"product_tag":[],"class_list":{"0":"post-4711","1":"product","2":"type-product","3":"status-publish","4":"has-post-thumbnail","6":"product_cat-vyp-237-nace-a-z-225-suvky","8":"first","9":"instock","10":"sale","11":"shipping-taxable","12":"purchasable","13":"product-type-simple"},"yoast_head":"<!-- This site is optimized with the Yoast SEO plugin v26.8 - https:\/\/yoast.com\/product\/yoast-seo-wordpress\/ -->\n<title>LEGRAND 50445 vidlice gumov\u00e1 venkovn\u00ed \/n\u00e1hrada za 50245\/ Doprava Zdarma -<\/title>\n<meta name=\"robots\" content=\"index, follow, max-snippet:-1, max-image-preview:large, max-video-preview:-1\" \/>\n<link rel=\"canonical\" href=\"https:\/\/www.domtechnikpro.com\/index.php\/produkt\/legrand-50445-vidlice-gumova-venkovni-nahrada-za-50245-doprava-zdarma-4711\/\" \/>\n<meta property=\"og:locale\" content=\"cs_CZ\" \/>\n<meta property=\"og:type\" content=\"article\" \/>\n<meta property=\"og:title\" content=\"LEGRAND 50445 vidlice gumov\u00e1 venkovn\u00ed \/n\u00e1hrada za 50245\/ Doprava Zdarma -\" \/>\n<meta property=\"og:description\" content=\"LEGRAND 50445 vidlice gumov\u00e1 venkovn\u00ed \/n\u00e1hrada za 50245\/ \u010cern\u00e1 gumov\u00e1 vidlice od spolehliv\u00e9ho v\u00fdrobce Legrand. Ide\u00e1ln\u00ed na pou\u017eit\u00ed nap\u0159. na stavb\u00e1ch, v diln\u00e1ch atp. Je ur\u010dena k propojen\u00ed s kabelem 3&#215;2,5. Vidlice je opat\u0159ena membr\u00e1novou kabelovou pr\u016fchodkou s kabelovou p\u0159\u00edchytkou. Odoln\u00e9 proti n\u00e1raz\u016fm Materi\u00e1l &#8211; pry\u017e P\u0159i spojen\u00ed vidlice se z\u00e1suvkou 050446 je zaru\u010deno kryt\u00ed [&hellip;]\" \/>\n<meta property=\"og:url\" content=\"https:\/\/www.domtechnikpro.com\/index.php\/produkt\/legrand-50445-vidlice-gumova-venkovni-nahrada-za-50245-doprava-zdarma-4711\/\" \/>\n<meta property=\"og:image\" content=\"https:\/\/www.domtechnikpro.com\/wp-content\/uploads\/2026\/SK0001832-CZ20260425-091623-0-1777079785-legrand-50445-vidlice-gumova-venkovni-nahrada-za-50245.webp\" \/>\n\t<meta property=\"og:image:width\" content=\"1000\" \/>\n\t<meta property=\"og:image:height\" content=\"525\" \/>\n\t<meta property=\"og:image:type\" content=\"image\/webp\" \/>\n<meta name=\"twitter:card\" content=\"summary_large_image\" \/>\n<script type=\"application\/ld+json\" class=\"yoast-schema-graph\">{\"@context\":\"https:\/\/schema.org\",\"@graph\":[{\"@type\":\"WebPage\",\"@id\":\"https:\/\/www.domtechnikpro.com\/index.php\/produkt\/legrand-50445-vidlice-gumova-venkovni-nahrada-za-50245-doprava-zdarma-4711\/\",\"url\":\"https:\/\/www.domtechnikpro.com\/index.php\/produkt\/legrand-50445-vidlice-gumova-venkovni-nahrada-za-50245-doprava-zdarma-4711\/\",\"name\":\"LEGRAND 50445 vidlice gumov\u00e1 venkovn\u00ed \/n\u00e1hrada za 50245\/ Doprava Zdarma -\",\"isPartOf\":{\"@id\":\"https:\/\/www.domtechnikpro.com\/#website\"},\"primaryImageOfPage\":{\"@id\":\"https:\/\/www.domtechnikpro.com\/index.php\/produkt\/legrand-50445-vidlice-gumova-venkovni-nahrada-za-50245-doprava-zdarma-4711\/#primaryimage\"},\"image\":{\"@id\":\"https:\/\/www.domtechnikpro.com\/index.php\/produkt\/legrand-50445-vidlice-gumova-venkovni-nahrada-za-50245-doprava-zdarma-4711\/#primaryimage\"},\"thumbnailUrl\":\"https:\/\/www.domtechnikpro.com\/wp-content\/uploads\/2026\/SK0001832-CZ20260425-091623-0-1777079785-legrand-50445-vidlice-gumova-venkovni-nahrada-za-50245.webp\",\"datePublished\":\"2026-04-26T08:52:00+00:00\",\"breadcrumb\":{\"@id\":\"https:\/\/www.domtechnikpro.com\/index.php\/produkt\/legrand-50445-vidlice-gumova-venkovni-nahrada-za-50245-doprava-zdarma-4711\/#breadcrumb\"},\"inLanguage\":\"cs\",\"potentialAction\":[{\"@type\":\"ReadAction\",\"target\":[\"https:\/\/www.domtechnikpro.com\/index.php\/produkt\/legrand-50445-vidlice-gumova-venkovni-nahrada-za-50245-doprava-zdarma-4711\/\"]}]},{\"@type\":\"ImageObject\",\"inLanguage\":\"cs\",\"@id\":\"https:\/\/www.domtechnikpro.com\/index.php\/produkt\/legrand-50445-vidlice-gumova-venkovni-nahrada-za-50245-doprava-zdarma-4711\/#primaryimage\",\"url\":\"https:\/\/www.domtechnikpro.com\/wp-content\/uploads\/2026\/SK0001832-CZ20260425-091623-0-1777079785-legrand-50445-vidlice-gumova-venkovni-nahrada-za-50245.webp\",\"contentUrl\":\"https:\/\/www.domtechnikpro.com\/wp-content\/uploads\/2026\/SK0001832-CZ20260425-091623-0-1777079785-legrand-50445-vidlice-gumova-venkovni-nahrada-za-50245.webp\",\"width\":1000,\"height\":525},{\"@type\":\"BreadcrumbList\",\"@id\":\"https:\/\/www.domtechnikpro.com\/index.php\/produkt\/legrand-50445-vidlice-gumova-venkovni-nahrada-za-50245-doprava-zdarma-4711\/#breadcrumb\",\"itemListElement\":[{\"@type\":\"ListItem\",\"position\":1,\"name\":\"Home\",\"item\":\"https:\/\/www.domtechnikpro.com\/\"},{\"@type\":\"ListItem\",\"position\":2,\"name\":\"Products\",\"item\":\"https:\/\/www.domtechnikpro.com\/index.php\/products\/\"},{\"@type\":\"ListItem\",\"position\":3,\"name\":\"LEGRAND 50445 vidlice gumov\u00e1 venkovn\u00ed \/n\u00e1hrada za 50245\/ Doprava Zdarma\"}]},{\"@type\":\"WebSite\",\"@id\":\"https:\/\/www.domtechnikpro.com\/#website\",\"url\":\"https:\/\/www.domtechnikpro.com\/\",\"name\":\"\",\"description\":\"\",\"potentialAction\":[{\"@type\":\"SearchAction\",\"target\":{\"@type\":\"EntryPoint\",\"urlTemplate\":\"https:\/\/www.domtechnikpro.com\/?s={search_term_string}\"},\"query-input\":{\"@type\":\"PropertyValueSpecification\",\"valueRequired\":true,\"valueName\":\"search_term_string\"}}],\"inLanguage\":\"cs\"}]}<\/script>\n<!-- \/ Yoast SEO plugin. -->","yoast_head_json":{"title":"LEGRAND 50445 vidlice gumov\u00e1 venkovn\u00ed \/n\u00e1hrada za 50245\/ Doprava Zdarma -","robots":{"index":"index","follow":"follow","max-snippet":"max-snippet:-1","max-image-preview":"max-image-preview:large","max-video-preview":"max-video-preview:-1"},"canonical":"https:\/\/www.domtechnikpro.com\/index.php\/produkt\/legrand-50445-vidlice-gumova-venkovni-nahrada-za-50245-doprava-zdarma-4711\/","og_locale":"cs_CZ","og_type":"article","og_title":"LEGRAND 50445 vidlice gumov\u00e1 venkovn\u00ed \/n\u00e1hrada za 50245\/ Doprava Zdarma -","og_description":"LEGRAND 50445 vidlice gumov\u00e1 venkovn\u00ed \/n\u00e1hrada za 50245\/ \u010cern\u00e1 gumov\u00e1 vidlice od spolehliv\u00e9ho v\u00fdrobce Legrand. Ide\u00e1ln\u00ed na pou\u017eit\u00ed nap\u0159. na stavb\u00e1ch, v diln\u00e1ch atp. Je ur\u010dena k propojen\u00ed s kabelem 3&#215;2,5. Vidlice je opat\u0159ena membr\u00e1novou kabelovou pr\u016fchodkou s kabelovou p\u0159\u00edchytkou. Odoln\u00e9 proti n\u00e1raz\u016fm Materi\u00e1l &#8211; pry\u017e P\u0159i spojen\u00ed vidlice se z\u00e1suvkou 050446 je zaru\u010deno kryt\u00ed [&hellip;]","og_url":"https:\/\/www.domtechnikpro.com\/index.php\/produkt\/legrand-50445-vidlice-gumova-venkovni-nahrada-za-50245-doprava-zdarma-4711\/","og_image":[{"width":1000,"height":525,"url":"https:\/\/www.domtechnikpro.com\/wp-content\/uploads\/2026\/SK0001832-CZ20260425-091623-0-1777079785-legrand-50445-vidlice-gumova-venkovni-nahrada-za-50245.webp","type":"image\/webp"}],"twitter_card":"summary_large_image","schema":{"@context":"https:\/\/schema.org","@graph":[{"@type":"WebPage","@id":"https:\/\/www.domtechnikpro.com\/index.php\/produkt\/legrand-50445-vidlice-gumova-venkovni-nahrada-za-50245-doprava-zdarma-4711\/","url":"https:\/\/www.domtechnikpro.com\/index.php\/produkt\/legrand-50445-vidlice-gumova-venkovni-nahrada-za-50245-doprava-zdarma-4711\/","name":"LEGRAND 50445 vidlice gumov\u00e1 venkovn\u00ed \/n\u00e1hrada za 50245\/ Doprava Zdarma -","isPartOf":{"@id":"https:\/\/www.domtechnikpro.com\/#website"},"primaryImageOfPage":{"@id":"https:\/\/www.domtechnikpro.com\/index.php\/produkt\/legrand-50445-vidlice-gumova-venkovni-nahrada-za-50245-doprava-zdarma-4711\/#primaryimage"},"image":{"@id":"https:\/\/www.domtechnikpro.com\/index.php\/produkt\/legrand-50445-vidlice-gumova-venkovni-nahrada-za-50245-doprava-zdarma-4711\/#primaryimage"},"thumbnailUrl":"https:\/\/www.domtechnikpro.com\/wp-content\/uploads\/2026\/SK0001832-CZ20260425-091623-0-1777079785-legrand-50445-vidlice-gumova-venkovni-nahrada-za-50245.webp","datePublished":"2026-04-26T08:52:00+00:00","breadcrumb":{"@id":"https:\/\/www.domtechnikpro.com\/index.php\/produkt\/legrand-50445-vidlice-gumova-venkovni-nahrada-za-50245-doprava-zdarma-4711\/#breadcrumb"},"inLanguage":"cs","potentialAction":[{"@type":"ReadAction","target":["https:\/\/www.domtechnikpro.com\/index.php\/produkt\/legrand-50445-vidlice-gumova-venkovni-nahrada-za-50245-doprava-zdarma-4711\/"]}]},{"@type":"ImageObject","inLanguage":"cs","@id":"https:\/\/www.domtechnikpro.com\/index.php\/produkt\/legrand-50445-vidlice-gumova-venkovni-nahrada-za-50245-doprava-zdarma-4711\/#primaryimage","url":"https:\/\/www.domtechnikpro.com\/wp-content\/uploads\/2026\/SK0001832-CZ20260425-091623-0-1777079785-legrand-50445-vidlice-gumova-venkovni-nahrada-za-50245.webp","contentUrl":"https:\/\/www.domtechnikpro.com\/wp-content\/uploads\/2026\/SK0001832-CZ20260425-091623-0-1777079785-legrand-50445-vidlice-gumova-venkovni-nahrada-za-50245.webp","width":1000,"height":525},{"@type":"BreadcrumbList","@id":"https:\/\/www.domtechnikpro.com\/index.php\/produkt\/legrand-50445-vidlice-gumova-venkovni-nahrada-za-50245-doprava-zdarma-4711\/#breadcrumb","itemListElement":[{"@type":"ListItem","position":1,"name":"Home","item":"https:\/\/www.domtechnikpro.com\/"},{"@type":"ListItem","position":2,"name":"Products","item":"https:\/\/www.domtechnikpro.com\/index.php\/products\/"},{"@type":"ListItem","position":3,"name":"LEGRAND 50445 vidlice gumov\u00e1 venkovn\u00ed \/n\u00e1hrada za 50245\/ Doprava Zdarma"}]},{"@type":"WebSite","@id":"https:\/\/www.domtechnikpro.com\/#website","url":"https:\/\/www.domtechnikpro.com\/","name":"","description":"","potentialAction":[{"@type":"SearchAction","target":{"@type":"EntryPoint","urlTemplate":"https:\/\/www.domtechnikpro.com\/?s={search_term_string}"},"query-input":{"@type":"PropertyValueSpecification","valueRequired":true,"valueName":"search_term_string"}}],"inLanguage":"cs"}]}},"_links":{"self":[{"href":"https:\/\/www.domtechnikpro.com\/index.php\/wp-json\/wp\/v2\/product\/4711","targetHints":{"allow":["GET"]}}],"collection":[{"href":"https:\/\/www.domtechnikpro.com\/index.php\/wp-json\/wp\/v2\/product"}],"about":[{"href":"https:\/\/www.domtechnikpro.com\/index.php\/wp-json\/wp\/v2\/types\/product"}],"replies":[{"embeddable":true,"href":"https:\/\/www.domtechnikpro.com\/index.php\/wp-json\/wp\/v2\/comments?post=4711"}],"wp:featuredmedia":[{"embeddable":true,"href":"https:\/\/www.domtechnikpro.com\/index.php\/wp-json\/wp\/v2\/media\/4811"}],"wp:attachment":[{"href":"https:\/\/www.domtechnikpro.com\/index.php\/wp-json\/wp\/v2\/media?parent=4711"}],"wp:term":[{"taxonomy":"product_brand","embeddable":true,"href":"https:\/\/www.domtechnikpro.com\/index.php\/wp-json\/wp\/v2\/product_brand?post=4711"},{"taxonomy":"product_cat","embeddable":true,"href":"https:\/\/www.domtechnikpro.com\/index.php\/wp-json\/wp\/v2\/product_cat?post=4711"},{"taxonomy":"product_tag","embeddable":true,"href":"https:\/\/www.domtechnikpro.com\/index.php\/wp-json\/wp\/v2\/product_tag?post=4711"}],"curies":[{"name":"wp","href":"https:\/\/api.w.org\/{rel}","templated":true}]}}