{"id":46921,"date":"2026-04-26T09:00:06","date_gmt":"2026-04-26T09:00:06","guid":{"rendered":""},"modified":"2026-04-26T09:00:06","modified_gmt":"2026-04-26T09:00:06","slug":"znackovy-ravak-sprchova-vanicka-ctvercova-90x90cm-perseus-pro-flat-lity-mramor-46921","status":"publish","type":"product","link":"https:\/\/www.domtechnikpro.com\/index.php\/produkt\/znackovy-ravak-sprchova-vanicka-ctvercova-90x90cm-perseus-pro-flat-lity-mramor-46921\/","title":{"rendered":"Zna\u010dkov\u00fd Ravak Sprchov\u00e1 vani\u010dka \u010dtvercov\u00e1 90x90cm Perseus Pro Flat lit\u00fd mramor"},"content":{"rendered":"<div class=\"ProductDetail-content NoFixImageContainer\" id=\"productDescription\">\n<div class=\"Heading\">\n<h2 class=\"Heading-title\">Popis produktu <span class=''>Ravak Sprchov\u00e1 vani\u010dka \u010dtvercov\u00e1 90x90cm Perseus Pro Flat lit\u00fd mramor<\/span><\/h2>\n<\/p><\/div>\n<div class=\"ProductDetailContent\">\n<p><span style=\"font-size:16px\"><span style=\"font-family:arial,helvetica,sans-serif\"><strong>\u010ctvercov&aacute; sprchov&aacute; vani\u010dka<\/strong><\/span><\/span><\/p>\n<p><span style=\"color:rgb(62, 62, 62); font-family:open sans,sans-serif; font-size:16px\">Vysoce estetick&yacute; dopln\u011bk va&scaron;eho sprchov&eacute;ho koutu. N&iacute;zk&aacute; vani\u010dka s&nbsp;hladk&yacute;m dnem pro snadnou &uacute;dr\u017ebu. Velmi kvalitn&iacute; kompozitn&iacute; materi&aacute;l pro dlouhodobou \u017eivotnost a nov&yacute; pocit ze sprchov&aacute;n&iacute;.<\/span><\/p>\n<ul>\n<li><span style=\"font-size:16px\"><span style=\"font-family:arial,helvetica,sans-serif\">v rozm\u011bru 90 x 90 x 1,5 cm<\/span><\/span><\/li>\n<li><span style=\"font-size:16px\"><span style=\"font-family:arial,helvetica,sans-serif\">sifon pr\u016fm\u011br 90 mm<\/span><\/span><\/li>\n<li><span style=\"font-size:16px\"><span style=\"font-family:arial,helvetica,sans-serif\">mont&aacute;\u017en&iacute; v&yacute;&scaron;ka 3 cm<\/span><\/span><\/li>\n<li><span style=\"font-size:16px\"><span style=\"font-family:arial,helvetica,sans-serif\">hladk&yacute; povrch (bez protiskluzu)<\/span><\/span><\/li>\n<\/ul>\n<p><span style=\"font-size:16px\"><span style=\"font-family:arial,helvetica,sans-serif\">Ob\u011b proveden&iacute; je mo\u017eno zapustit do podlahy (bezbari&eacute;rov&eacute; \u0159e&scaron;en&iacute;) nebo lepit na oblo\u017eenou podlahu.&nbsp;<br \/>Rovn\u011b\u017e je mo\u017en&eacute; p\u0159ikoupit no\u017ei\u010dky Base Galaxy Pro i \u010deln&iacute; panel s p\u0159&iacute;chytkami &ndash; SET.<\/span><\/span><\/p>\n<p><span style=\"font-size:16px\"><span style=\"font-family:arial,helvetica,sans-serif\"><em>Vani\u010dka Perseus Pro (FLAT) je vhodn&aacute; pro sprchov&eacute; kouty SRV2-S SRV2-S, ASRV3 ASRV3, BLRV2, NRKRV2, ESKR2, ESKPS, BSRV4, BSDPS, a pro sprchovac&iacute; prostory \u0159e&scaron;en&eacute; sprchov&yacute;mi dve\u0159mi ASDP3, SDZ3, SDOP, PDOP1, PDOP2, ESD1, BSD2. Doporu\u010dujeme doplnit vani\u010dkov&yacute;m sifonem RAVAK Professional.<\/em><\/span><\/span><\/p>\n<\/p><\/div>\n<div class=\"ProductDetailContent\">\n<div class=\"ProductDetailContent-item\">\n<div style=\"background-color:#f9f9f9; border-left:5px solid #4caf50; border-radius:8px; box-shadow:0 4px 12px rgba(0,0,0,0.1); font-family:Arial,sans-serif; padding:25px 20px 20px 20px; position:relative\"><!-- Ikona info v lev\u00e9m horn\u00edm rohu --><\/p>\n<div style=\"align-items:center; background-color:#4caf50; border-radius:50%; color:#ffffff; display:flex; font-size:18px; font-weight:bold; height:30px; justify-content:center; left:-10px; position:absolute; top:-10px; width:30px\">i<\/div>\n<h3 style=\"margin-left:15px\">Sprchov\u00e9 vani\u010dky z lit\u00e9ho mramoru \u2013 luxusn\u00ed vzhled, odolnost a komfort<\/h3>\n<p><strong>Sprchov\u00e9 vani\u010dky z lit\u00e9ho mramoru<\/strong> jsou synonymem pro kvalitu, eleganci a dlouhou \u017eivotnost. D\u00edky precizn\u00edmu zpracov\u00e1n\u00ed a pevn\u00e9mu materi\u00e1lu poskytuj\u00ed stabilitu, vysokou odolnost a p\u0159\u00edjemn\u00fd pocit p\u0159i ka\u017edodenn\u00edm pou\u017e\u00edv\u00e1n\u00ed.<\/p>\n<h3>Pro\u010d zvolit sprchovou vani\u010dku z lit\u00e9ho mramoru?<\/h3>\n<p>\u2714 <strong>Luxusn\u00ed design<\/strong> \u2013 modern\u00ed a elegantn\u00ed vzhled, kter\u00fd pozvedne vzhled ka\u017ed\u00e9 koupelny.<br \/>\u2714 <strong>Vysok\u00e1 odolnost<\/strong> \u2013 pevn\u00fd materi\u00e1l odol\u00e1v\u00e1 n\u00e1raz\u016fm, po\u0161kr\u00e1b\u00e1n\u00ed i vlhk\u00e9mu prost\u0159ed\u00ed.<br \/>\u2714 <strong>N\u00edzk\u00e1 v\u00fd\u0161ka<\/strong> \u2013 ide\u00e1ln\u00ed pro modern\u00ed bezbari\u00e9rov\u00e9 <strong>sprchov\u00e9 z\u00e1st\u011bny<\/strong>.<br \/>\u2714 <strong>Snadn\u00e1 \u00fadr\u017eba<\/strong> \u2013 hladk\u00fd nepor\u00e9zn\u00ed povrch usnad\u0148uje \u010di\u0161t\u011bn\u00ed a zabra\u0148uje usazov\u00e1n\u00ed ne\u010distot.<\/p>\n<p><strong>Sprchov\u00e9 vani\u010dky z lit\u00e9ho mramoru<\/strong> jsou dostupn\u00e9 v r\u016fzn\u00fdch tvarech, velikostech i barevn\u00fdch proveden\u00edch, tak\u017ee snadno zapadnou do jak\u00e9hokoliv koupelnov\u00e9ho interi\u00e9ru. D\u00edky sv\u00e9 <strong>pevnosti<\/strong> a <strong>dlouh\u00e9 \u017eivotnosti<\/strong> jsou ide\u00e1ln\u00ed investic\u00ed do komfortn\u00edho a stylov\u00e9ho sprchov\u00e9ho prostoru.<\/p>\n<\/div><\/div>\n<\/p><\/div>\n<\/p><\/div>\n<\/p><\/div>\n<\/p><\/div>\n","protected":false},"excerpt":{"rendered":"<p>Popis produktu Ravak Sprchov\u00e1 vani\u010dka \u010dtvercov\u00e1 90x90cm Perseus Pro Flat lit\u00fd mramor \u010ctvercov&aacute; sprchov&aacute; vani\u010dka Vysoce estetick&yacute; dopln\u011bk va&scaron;eho sprchov&eacute;ho koutu. N&iacute;zk&aacute; vani\u010dka s&nbsp;hladk&yacute;m dnem pro snadnou &uacute;dr\u017ebu. Velmi kvalitn&iacute; kompozitn&iacute; materi&aacute;l pro dlouhodobou \u017eivotnost a nov&yacute; pocit ze sprchov&aacute;n&iacute;. v rozm\u011bru 90 x 90 x 1,5 cm sifon pr\u016fm\u011br 90 mm mont&aacute;\u017en&iacute; v&yacute;&scaron;ka 3 [&hellip;]<\/p>\n","protected":false},"featured_media":47021,"comment_status":"open","ping_status":"open","template":"","meta":[],"product_brand":[],"product_cat":[162],"product_tag":[],"class_list":{"0":"post-46921","1":"product","2":"type-product","3":"status-publish","4":"has-post-thumbnail","6":"product_cat-koupelny","8":"first","9":"instock","10":"sale","11":"shipping-taxable","12":"purchasable","13":"product-type-simple"},"yoast_head":"<!-- This site is optimized with the Yoast SEO plugin v26.8 - https:\/\/yoast.com\/product\/yoast-seo-wordpress\/ -->\n<title>Zna\u010dkov\u00fd Ravak Sprchov\u00e1 vani\u010dka \u010dtvercov\u00e1 90x90cm Perseus Pro Flat lit\u00fd mramor -<\/title>\n<meta name=\"robots\" content=\"index, follow, max-snippet:-1, max-image-preview:large, max-video-preview:-1\" \/>\n<link rel=\"canonical\" href=\"https:\/\/www.domtechnikpro.com\/index.php\/produkt\/znackovy-ravak-sprchova-vanicka-ctvercova-90x90cm-perseus-pro-flat-lity-mramor-46921\/\" \/>\n<meta property=\"og:locale\" content=\"cs_CZ\" \/>\n<meta property=\"og:type\" content=\"article\" \/>\n<meta property=\"og:title\" content=\"Zna\u010dkov\u00fd Ravak Sprchov\u00e1 vani\u010dka \u010dtvercov\u00e1 90x90cm Perseus Pro Flat lit\u00fd mramor -\" \/>\n<meta property=\"og:description\" content=\"Popis produktu Ravak Sprchov\u00e1 vani\u010dka \u010dtvercov\u00e1 90x90cm Perseus Pro Flat lit\u00fd mramor \u010ctvercov&aacute; sprchov&aacute; vani\u010dka Vysoce estetick&yacute; dopln\u011bk va&scaron;eho sprchov&eacute;ho koutu. N&iacute;zk&aacute; vani\u010dka s&nbsp;hladk&yacute;m dnem pro snadnou &uacute;dr\u017ebu. Velmi kvalitn&iacute; kompozitn&iacute; materi&aacute;l pro dlouhodobou \u017eivotnost a nov&yacute; pocit ze sprchov&aacute;n&iacute;. v rozm\u011bru 90 x 90 x 1,5 cm sifon pr\u016fm\u011br 90 mm mont&aacute;\u017en&iacute; v&yacute;&scaron;ka 3 [&hellip;]\" \/>\n<meta property=\"og:url\" content=\"https:\/\/www.domtechnikpro.com\/index.php\/produkt\/znackovy-ravak-sprchova-vanicka-ctvercova-90x90cm-perseus-pro-flat-lity-mramor-46921\/\" \/>\n<meta property=\"og:image\" content=\"https:\/\/www.domtechnikpro.com\/wp-content\/uploads\/2026\/SK0002444-CZ20260425-092632-0-1777080397-ravak-sprchova-vanicka-ctvercova-90x90cm-perseus-pro-flat-l.webp\" \/>\n\t<meta property=\"og:image:width\" content=\"600\" \/>\n\t<meta property=\"og:image:height\" content=\"400\" \/>\n\t<meta property=\"og:image:type\" content=\"image\/webp\" \/>\n<meta name=\"twitter:card\" content=\"summary_large_image\" \/>\n<meta name=\"twitter:label1\" content=\"Odhadovan\u00e1 doba \u010dten\u00ed\" \/>\n\t<meta name=\"twitter:data1\" content=\"2 minuty\" \/>\n<script type=\"application\/ld+json\" class=\"yoast-schema-graph\">{\"@context\":\"https:\/\/schema.org\",\"@graph\":[{\"@type\":\"WebPage\",\"@id\":\"https:\/\/www.domtechnikpro.com\/index.php\/produkt\/znackovy-ravak-sprchova-vanicka-ctvercova-90x90cm-perseus-pro-flat-lity-mramor-46921\/\",\"url\":\"https:\/\/www.domtechnikpro.com\/index.php\/produkt\/znackovy-ravak-sprchova-vanicka-ctvercova-90x90cm-perseus-pro-flat-lity-mramor-46921\/\",\"name\":\"Zna\u010dkov\u00fd Ravak Sprchov\u00e1 vani\u010dka \u010dtvercov\u00e1 90x90cm Perseus Pro Flat lit\u00fd mramor -\",\"isPartOf\":{\"@id\":\"https:\/\/www.domtechnikpro.com\/#website\"},\"primaryImageOfPage\":{\"@id\":\"https:\/\/www.domtechnikpro.com\/index.php\/produkt\/znackovy-ravak-sprchova-vanicka-ctvercova-90x90cm-perseus-pro-flat-lity-mramor-46921\/#primaryimage\"},\"image\":{\"@id\":\"https:\/\/www.domtechnikpro.com\/index.php\/produkt\/znackovy-ravak-sprchova-vanicka-ctvercova-90x90cm-perseus-pro-flat-lity-mramor-46921\/#primaryimage\"},\"thumbnailUrl\":\"https:\/\/www.domtechnikpro.com\/wp-content\/uploads\/2026\/SK0002444-CZ20260425-092632-0-1777080397-ravak-sprchova-vanicka-ctvercova-90x90cm-perseus-pro-flat-l.webp\",\"datePublished\":\"2026-04-26T09:00:06+00:00\",\"breadcrumb\":{\"@id\":\"https:\/\/www.domtechnikpro.com\/index.php\/produkt\/znackovy-ravak-sprchova-vanicka-ctvercova-90x90cm-perseus-pro-flat-lity-mramor-46921\/#breadcrumb\"},\"inLanguage\":\"cs\",\"potentialAction\":[{\"@type\":\"ReadAction\",\"target\":[\"https:\/\/www.domtechnikpro.com\/index.php\/produkt\/znackovy-ravak-sprchova-vanicka-ctvercova-90x90cm-perseus-pro-flat-lity-mramor-46921\/\"]}]},{\"@type\":\"ImageObject\",\"inLanguage\":\"cs\",\"@id\":\"https:\/\/www.domtechnikpro.com\/index.php\/produkt\/znackovy-ravak-sprchova-vanicka-ctvercova-90x90cm-perseus-pro-flat-lity-mramor-46921\/#primaryimage\",\"url\":\"https:\/\/www.domtechnikpro.com\/wp-content\/uploads\/2026\/SK0002444-CZ20260425-092632-0-1777080397-ravak-sprchova-vanicka-ctvercova-90x90cm-perseus-pro-flat-l.webp\",\"contentUrl\":\"https:\/\/www.domtechnikpro.com\/wp-content\/uploads\/2026\/SK0002444-CZ20260425-092632-0-1777080397-ravak-sprchova-vanicka-ctvercova-90x90cm-perseus-pro-flat-l.webp\",\"width\":600,\"height\":400},{\"@type\":\"BreadcrumbList\",\"@id\":\"https:\/\/www.domtechnikpro.com\/index.php\/produkt\/znackovy-ravak-sprchova-vanicka-ctvercova-90x90cm-perseus-pro-flat-lity-mramor-46921\/#breadcrumb\",\"itemListElement\":[{\"@type\":\"ListItem\",\"position\":1,\"name\":\"Home\",\"item\":\"https:\/\/www.domtechnikpro.com\/\"},{\"@type\":\"ListItem\",\"position\":2,\"name\":\"Products\",\"item\":\"https:\/\/www.domtechnikpro.com\/index.php\/products\/\"},{\"@type\":\"ListItem\",\"position\":3,\"name\":\"Zna\u010dkov\u00fd Ravak Sprchov\u00e1 vani\u010dka \u010dtvercov\u00e1 90x90cm Perseus Pro Flat lit\u00fd mramor\"}]},{\"@type\":\"WebSite\",\"@id\":\"https:\/\/www.domtechnikpro.com\/#website\",\"url\":\"https:\/\/www.domtechnikpro.com\/\",\"name\":\"\",\"description\":\"\",\"potentialAction\":[{\"@type\":\"SearchAction\",\"target\":{\"@type\":\"EntryPoint\",\"urlTemplate\":\"https:\/\/www.domtechnikpro.com\/?s={search_term_string}\"},\"query-input\":{\"@type\":\"PropertyValueSpecification\",\"valueRequired\":true,\"valueName\":\"search_term_string\"}}],\"inLanguage\":\"cs\"}]}<\/script>\n<!-- \/ Yoast SEO plugin. -->","yoast_head_json":{"title":"Zna\u010dkov\u00fd Ravak Sprchov\u00e1 vani\u010dka \u010dtvercov\u00e1 90x90cm Perseus Pro Flat lit\u00fd mramor -","robots":{"index":"index","follow":"follow","max-snippet":"max-snippet:-1","max-image-preview":"max-image-preview:large","max-video-preview":"max-video-preview:-1"},"canonical":"https:\/\/www.domtechnikpro.com\/index.php\/produkt\/znackovy-ravak-sprchova-vanicka-ctvercova-90x90cm-perseus-pro-flat-lity-mramor-46921\/","og_locale":"cs_CZ","og_type":"article","og_title":"Zna\u010dkov\u00fd Ravak Sprchov\u00e1 vani\u010dka \u010dtvercov\u00e1 90x90cm Perseus Pro Flat lit\u00fd mramor -","og_description":"Popis produktu Ravak Sprchov\u00e1 vani\u010dka \u010dtvercov\u00e1 90x90cm Perseus Pro Flat lit\u00fd mramor \u010ctvercov&aacute; sprchov&aacute; vani\u010dka Vysoce estetick&yacute; dopln\u011bk va&scaron;eho sprchov&eacute;ho koutu. N&iacute;zk&aacute; vani\u010dka s&nbsp;hladk&yacute;m dnem pro snadnou &uacute;dr\u017ebu. Velmi kvalitn&iacute; kompozitn&iacute; materi&aacute;l pro dlouhodobou \u017eivotnost a nov&yacute; pocit ze sprchov&aacute;n&iacute;. v rozm\u011bru 90 x 90 x 1,5 cm sifon pr\u016fm\u011br 90 mm mont&aacute;\u017en&iacute; v&yacute;&scaron;ka 3 [&hellip;]","og_url":"https:\/\/www.domtechnikpro.com\/index.php\/produkt\/znackovy-ravak-sprchova-vanicka-ctvercova-90x90cm-perseus-pro-flat-lity-mramor-46921\/","og_image":[{"width":600,"height":400,"url":"https:\/\/www.domtechnikpro.com\/wp-content\/uploads\/2026\/SK0002444-CZ20260425-092632-0-1777080397-ravak-sprchova-vanicka-ctvercova-90x90cm-perseus-pro-flat-l.webp","type":"image\/webp"}],"twitter_card":"summary_large_image","twitter_misc":{"Odhadovan\u00e1 doba \u010dten\u00ed":"2 minuty"},"schema":{"@context":"https:\/\/schema.org","@graph":[{"@type":"WebPage","@id":"https:\/\/www.domtechnikpro.com\/index.php\/produkt\/znackovy-ravak-sprchova-vanicka-ctvercova-90x90cm-perseus-pro-flat-lity-mramor-46921\/","url":"https:\/\/www.domtechnikpro.com\/index.php\/produkt\/znackovy-ravak-sprchova-vanicka-ctvercova-90x90cm-perseus-pro-flat-lity-mramor-46921\/","name":"Zna\u010dkov\u00fd Ravak Sprchov\u00e1 vani\u010dka \u010dtvercov\u00e1 90x90cm Perseus Pro Flat lit\u00fd mramor -","isPartOf":{"@id":"https:\/\/www.domtechnikpro.com\/#website"},"primaryImageOfPage":{"@id":"https:\/\/www.domtechnikpro.com\/index.php\/produkt\/znackovy-ravak-sprchova-vanicka-ctvercova-90x90cm-perseus-pro-flat-lity-mramor-46921\/#primaryimage"},"image":{"@id":"https:\/\/www.domtechnikpro.com\/index.php\/produkt\/znackovy-ravak-sprchova-vanicka-ctvercova-90x90cm-perseus-pro-flat-lity-mramor-46921\/#primaryimage"},"thumbnailUrl":"https:\/\/www.domtechnikpro.com\/wp-content\/uploads\/2026\/SK0002444-CZ20260425-092632-0-1777080397-ravak-sprchova-vanicka-ctvercova-90x90cm-perseus-pro-flat-l.webp","datePublished":"2026-04-26T09:00:06+00:00","breadcrumb":{"@id":"https:\/\/www.domtechnikpro.com\/index.php\/produkt\/znackovy-ravak-sprchova-vanicka-ctvercova-90x90cm-perseus-pro-flat-lity-mramor-46921\/#breadcrumb"},"inLanguage":"cs","potentialAction":[{"@type":"ReadAction","target":["https:\/\/www.domtechnikpro.com\/index.php\/produkt\/znackovy-ravak-sprchova-vanicka-ctvercova-90x90cm-perseus-pro-flat-lity-mramor-46921\/"]}]},{"@type":"ImageObject","inLanguage":"cs","@id":"https:\/\/www.domtechnikpro.com\/index.php\/produkt\/znackovy-ravak-sprchova-vanicka-ctvercova-90x90cm-perseus-pro-flat-lity-mramor-46921\/#primaryimage","url":"https:\/\/www.domtechnikpro.com\/wp-content\/uploads\/2026\/SK0002444-CZ20260425-092632-0-1777080397-ravak-sprchova-vanicka-ctvercova-90x90cm-perseus-pro-flat-l.webp","contentUrl":"https:\/\/www.domtechnikpro.com\/wp-content\/uploads\/2026\/SK0002444-CZ20260425-092632-0-1777080397-ravak-sprchova-vanicka-ctvercova-90x90cm-perseus-pro-flat-l.webp","width":600,"height":400},{"@type":"BreadcrumbList","@id":"https:\/\/www.domtechnikpro.com\/index.php\/produkt\/znackovy-ravak-sprchova-vanicka-ctvercova-90x90cm-perseus-pro-flat-lity-mramor-46921\/#breadcrumb","itemListElement":[{"@type":"ListItem","position":1,"name":"Home","item":"https:\/\/www.domtechnikpro.com\/"},{"@type":"ListItem","position":2,"name":"Products","item":"https:\/\/www.domtechnikpro.com\/index.php\/products\/"},{"@type":"ListItem","position":3,"name":"Zna\u010dkov\u00fd Ravak Sprchov\u00e1 vani\u010dka \u010dtvercov\u00e1 90x90cm Perseus Pro Flat lit\u00fd mramor"}]},{"@type":"WebSite","@id":"https:\/\/www.domtechnikpro.com\/#website","url":"https:\/\/www.domtechnikpro.com\/","name":"","description":"","potentialAction":[{"@type":"SearchAction","target":{"@type":"EntryPoint","urlTemplate":"https:\/\/www.domtechnikpro.com\/?s={search_term_string}"},"query-input":{"@type":"PropertyValueSpecification","valueRequired":true,"valueName":"search_term_string"}}],"inLanguage":"cs"}]}},"_links":{"self":[{"href":"https:\/\/www.domtechnikpro.com\/index.php\/wp-json\/wp\/v2\/product\/46921","targetHints":{"allow":["GET"]}}],"collection":[{"href":"https:\/\/www.domtechnikpro.com\/index.php\/wp-json\/wp\/v2\/product"}],"about":[{"href":"https:\/\/www.domtechnikpro.com\/index.php\/wp-json\/wp\/v2\/types\/product"}],"replies":[{"embeddable":true,"href":"https:\/\/www.domtechnikpro.com\/index.php\/wp-json\/wp\/v2\/comments?post=46921"}],"wp:featuredmedia":[{"embeddable":true,"href":"https:\/\/www.domtechnikpro.com\/index.php\/wp-json\/wp\/v2\/media\/47021"}],"wp:attachment":[{"href":"https:\/\/www.domtechnikpro.com\/index.php\/wp-json\/wp\/v2\/media?parent=46921"}],"wp:term":[{"taxonomy":"product_brand","embeddable":true,"href":"https:\/\/www.domtechnikpro.com\/index.php\/wp-json\/wp\/v2\/product_brand?post=46921"},{"taxonomy":"product_cat","embeddable":true,"href":"https:\/\/www.domtechnikpro.com\/index.php\/wp-json\/wp\/v2\/product_cat?post=46921"},{"taxonomy":"product_tag","embeddable":true,"href":"https:\/\/www.domtechnikpro.com\/index.php\/wp-json\/wp\/v2\/product_tag?post=46921"}],"curies":[{"name":"wp","href":"https:\/\/api.w.org\/{rel}","templated":true}]}}