{"id":46789,"date":"2026-04-26T09:00:04","date_gmt":"2026-04-26T09:00:04","guid":{"rendered":""},"modified":"2026-04-26T09:00:04","modified_gmt":"2026-04-26T09:00:04","slug":"zrcadlova-skrinka-olsen-spa-triga-ii-60x55x15-cm-posledni-sance-46789","status":"publish","type":"product","link":"https:\/\/www.domtechnikpro.com\/index.php\/produkt\/zrcadlova-skrinka-olsen-spa-triga-ii-60x55x15-cm-posledni-sance-46789\/","title":{"rendered":"Zrcadlov\u00e1 sk\u0159\u00ed\u0148ka Olsen-Spa Triga II, 60x55x15 cm Posledn\u00ed \u0160ance"},"content":{"rendered":"<div class=\"ProductDetail-content NoFixImageContainer\" id=\"productDescription\">\n<div class=\"Heading\">\n<h2 class=\"Heading-title\">Popis produktu <span class=''>Zrcadlov\u00e1 sk\u0159\u00ed\u0148ka Olsen-Spa Triga II, 60x55x15 cm<\/span><\/h2>\n<\/p><\/div>\n<div class=\"ProductDetailContent\">\n<p><span style=\"color:#000000\"><span style=\"font-size:16px\">Z&aacute;v\u011bsn&aacute; sk\u0159&iacute;\u0148ka Olsen Spa Triga II&nbsp;<span style=\"font-family:arial,helvetica,sans-serif\">p\u0159edstavuje&nbsp;dokonal&yacute; dopln\u011bk do va&scaron;&iacute; koupelny. T\u0159i k\u0159&iacute;dla osazen&aacute; zrcadly<\/span>&nbsp;dodaj&iacute; prostoru v&iacute;ce sv\u011btla<span style=\"font-family:arial,helvetica,sans-serif\">&nbsp;a zp\u0159&iacute;jemn&iacute; jej&iacute; celkovou atmosf&eacute;ru.&nbsp;Vysoce&nbsp;<\/span>kvalitn&iacute; antikorozn&iacute; povrchov&aacute; &uacute;prava<span style=\"font-family:arial,helvetica,sans-serif\">&nbsp;v b&iacute;l&eacute; barv\u011b, garantuj&iacute;&nbsp;jej&iacute;&nbsp;<\/span>dlouhodobou \u017eivotnost<span style=\"font-family:arial,helvetica,sans-serif\">.&nbsp;<\/span><\/span><\/span><span style=\"color:rgb(0, 0, 0); font-size:16px\">Z&aacute;v\u011bsn&aacute; kovov&aacute; sk\u0159&iacute;\u0148ka Olsen Spa&nbsp;Triga II&nbsp;vynik&aacute; vysoce kvalitn&iacute;m zpracov&aacute;n&iacute;m a spolehlivou funk\u010dnost&iacute; v&scaron;ech sou\u010d&aacute;st&iacute; a materi&aacute;l\u016f.&nbsp;<\/span><\/p>\n<p><strong><span style=\"color:#000000\"><span style=\"font-size:16px\">P\u0159ednosti z&aacute;v\u011bsn&eacute; sk\u0159&iacute;\u0148ky Olsen Spa&nbsp;Triga II<\/span><\/span><\/strong><\/p>\n<ul>\n<li><span style=\"color:#000000\"><span style=\"font-size:16px\">zrcadlov&aacute; t\u0159&iacute;k\u0159&iacute;dl&aacute;&nbsp;sk\u0159&iacute;\u0148ka bez osv\u011btlen&iacute;<\/span><\/span><\/li>\n<li><span style=\"color:#000000\"><span style=\"font-size:16px\">povrchov&aacute; &uacute;prava: kovov&eacute; proveden&iacute; s&nbsp;antikorozn&iacute; ochranou, b&iacute;l&aacute; barva<\/span><\/span><\/li>\n<li><span style=\"color:#000000\"><span style=\"font-size:16px\">&scaron;pi\u010dkov&aacute; povrchov&aacute; &uacute;prava =&nbsp;velmi snadn&aacute; &uacute;dr\u017eba<\/span><\/span><\/li>\n<\/ul>\n<p><strong><span style=\"color:#000000\"><span style=\"font-size:16px\">Rozm\u011bry:&nbsp;<\/span><\/span><\/strong><\/p>\n<ul>\n<li><span style=\"color:#000000\"><span style=\"font-size:16px\">60 &times; 55 &times; 15 cm<\/span><\/span><\/li>\n<\/ul><\/div>\n<div class=\"ProductDetailContent\">                                                                    <\/div>\n<\/p><\/div>\n<\/p><\/div>\n<\/p><\/div>\n","protected":false},"excerpt":{"rendered":"<p>Popis produktu Zrcadlov\u00e1 sk\u0159\u00ed\u0148ka Olsen-Spa Triga II, 60x55x15 cm Z&aacute;v\u011bsn&aacute; sk\u0159&iacute;\u0148ka Olsen Spa Triga II&nbsp;p\u0159edstavuje&nbsp;dokonal&yacute; dopln\u011bk do va&scaron;&iacute; koupelny. T\u0159i k\u0159&iacute;dla osazen&aacute; zrcadly&nbsp;dodaj&iacute; prostoru v&iacute;ce sv\u011btla&nbsp;a zp\u0159&iacute;jemn&iacute; jej&iacute; celkovou atmosf&eacute;ru.&nbsp;Vysoce&nbsp;kvalitn&iacute; antikorozn&iacute; povrchov&aacute; &uacute;prava&nbsp;v b&iacute;l&eacute; barv\u011b, garantuj&iacute;&nbsp;jej&iacute;&nbsp;dlouhodobou \u017eivotnost.&nbsp;Z&aacute;v\u011bsn&aacute; kovov&aacute; sk\u0159&iacute;\u0148ka Olsen Spa&nbsp;Triga II&nbsp;vynik&aacute; vysoce kvalitn&iacute;m zpracov&aacute;n&iacute;m a spolehlivou funk\u010dnost&iacute; v&scaron;ech sou\u010d&aacute;st&iacute; a materi&aacute;l\u016f.&nbsp; P\u0159ednosti z&aacute;v\u011bsn&eacute; sk\u0159&iacute;\u0148ky [&hellip;]<\/p>\n","protected":false},"featured_media":46889,"comment_status":"open","ping_status":"open","template":"","meta":[],"product_brand":[],"product_cat":[162],"product_tag":[],"class_list":{"0":"post-46789","1":"product","2":"type-product","3":"status-publish","4":"has-post-thumbnail","6":"product_cat-koupelny","8":"first","9":"instock","10":"sale","11":"shipping-taxable","12":"purchasable","13":"product-type-simple"},"yoast_head":"<!-- This site is optimized with the Yoast SEO plugin v26.8 - https:\/\/yoast.com\/product\/yoast-seo-wordpress\/ -->\n<title>Zrcadlov\u00e1 sk\u0159\u00ed\u0148ka Olsen-Spa Triga II, 60x55x15 cm Posledn\u00ed \u0160ance -<\/title>\n<meta name=\"robots\" content=\"index, follow, max-snippet:-1, max-image-preview:large, max-video-preview:-1\" \/>\n<link rel=\"canonical\" href=\"https:\/\/www.domtechnikpro.com\/index.php\/produkt\/zrcadlova-skrinka-olsen-spa-triga-ii-60x55x15-cm-posledni-sance-46789\/\" \/>\n<meta property=\"og:locale\" content=\"cs_CZ\" \/>\n<meta property=\"og:type\" content=\"article\" \/>\n<meta property=\"og:title\" content=\"Zrcadlov\u00e1 sk\u0159\u00ed\u0148ka Olsen-Spa Triga II, 60x55x15 cm Posledn\u00ed \u0160ance -\" \/>\n<meta property=\"og:description\" content=\"Popis produktu Zrcadlov\u00e1 sk\u0159\u00ed\u0148ka Olsen-Spa Triga II, 60x55x15 cm Z&aacute;v\u011bsn&aacute; sk\u0159&iacute;\u0148ka Olsen Spa Triga II&nbsp;p\u0159edstavuje&nbsp;dokonal&yacute; dopln\u011bk do va&scaron;&iacute; koupelny. T\u0159i k\u0159&iacute;dla osazen&aacute; zrcadly&nbsp;dodaj&iacute; prostoru v&iacute;ce sv\u011btla&nbsp;a zp\u0159&iacute;jemn&iacute; jej&iacute; celkovou atmosf&eacute;ru.&nbsp;Vysoce&nbsp;kvalitn&iacute; antikorozn&iacute; povrchov&aacute; &uacute;prava&nbsp;v b&iacute;l&eacute; barv\u011b, garantuj&iacute;&nbsp;jej&iacute;&nbsp;dlouhodobou \u017eivotnost.&nbsp;Z&aacute;v\u011bsn&aacute; kovov&aacute; sk\u0159&iacute;\u0148ka Olsen Spa&nbsp;Triga II&nbsp;vynik&aacute; vysoce kvalitn&iacute;m zpracov&aacute;n&iacute;m a spolehlivou funk\u010dnost&iacute; v&scaron;ech sou\u010d&aacute;st&iacute; a materi&aacute;l\u016f.&nbsp; P\u0159ednosti z&aacute;v\u011bsn&eacute; sk\u0159&iacute;\u0148ky [&hellip;]\" \/>\n<meta property=\"og:url\" content=\"https:\/\/www.domtechnikpro.com\/index.php\/produkt\/zrcadlova-skrinka-olsen-spa-triga-ii-60x55x15-cm-posledni-sance-46789\/\" \/>\n<meta property=\"og:image\" content=\"https:\/\/www.domtechnikpro.com\/wp-content\/uploads\/2026\/SK0002408-CZ20260425-092632-0-1777080397-zrcadlova-skrinka-olsen-spa-triga-ii-60x55x15-cm-1289817.jp.webp\" \/>\n\t<meta property=\"og:image:width\" content=\"600\" \/>\n\t<meta property=\"og:image:height\" content=\"494\" \/>\n\t<meta property=\"og:image:type\" content=\"image\/webp\" \/>\n<meta name=\"twitter:card\" content=\"summary_large_image\" \/>\n<meta name=\"twitter:label1\" content=\"Odhadovan\u00e1 doba \u010dten\u00ed\" \/>\n\t<meta name=\"twitter:data1\" content=\"1 minuta\" \/>\n<script type=\"application\/ld+json\" class=\"yoast-schema-graph\">{\"@context\":\"https:\/\/schema.org\",\"@graph\":[{\"@type\":\"WebPage\",\"@id\":\"https:\/\/www.domtechnikpro.com\/index.php\/produkt\/zrcadlova-skrinka-olsen-spa-triga-ii-60x55x15-cm-posledni-sance-46789\/\",\"url\":\"https:\/\/www.domtechnikpro.com\/index.php\/produkt\/zrcadlova-skrinka-olsen-spa-triga-ii-60x55x15-cm-posledni-sance-46789\/\",\"name\":\"Zrcadlov\u00e1 sk\u0159\u00ed\u0148ka Olsen-Spa Triga II, 60x55x15 cm Posledn\u00ed \u0160ance -\",\"isPartOf\":{\"@id\":\"https:\/\/www.domtechnikpro.com\/#website\"},\"primaryImageOfPage\":{\"@id\":\"https:\/\/www.domtechnikpro.com\/index.php\/produkt\/zrcadlova-skrinka-olsen-spa-triga-ii-60x55x15-cm-posledni-sance-46789\/#primaryimage\"},\"image\":{\"@id\":\"https:\/\/www.domtechnikpro.com\/index.php\/produkt\/zrcadlova-skrinka-olsen-spa-triga-ii-60x55x15-cm-posledni-sance-46789\/#primaryimage\"},\"thumbnailUrl\":\"https:\/\/www.domtechnikpro.com\/wp-content\/uploads\/2026\/SK0002408-CZ20260425-092632-0-1777080397-zrcadlova-skrinka-olsen-spa-triga-ii-60x55x15-cm-1289817.jp.webp\",\"datePublished\":\"2026-04-26T09:00:04+00:00\",\"breadcrumb\":{\"@id\":\"https:\/\/www.domtechnikpro.com\/index.php\/produkt\/zrcadlova-skrinka-olsen-spa-triga-ii-60x55x15-cm-posledni-sance-46789\/#breadcrumb\"},\"inLanguage\":\"cs\",\"potentialAction\":[{\"@type\":\"ReadAction\",\"target\":[\"https:\/\/www.domtechnikpro.com\/index.php\/produkt\/zrcadlova-skrinka-olsen-spa-triga-ii-60x55x15-cm-posledni-sance-46789\/\"]}]},{\"@type\":\"ImageObject\",\"inLanguage\":\"cs\",\"@id\":\"https:\/\/www.domtechnikpro.com\/index.php\/produkt\/zrcadlova-skrinka-olsen-spa-triga-ii-60x55x15-cm-posledni-sance-46789\/#primaryimage\",\"url\":\"https:\/\/www.domtechnikpro.com\/wp-content\/uploads\/2026\/SK0002408-CZ20260425-092632-0-1777080397-zrcadlova-skrinka-olsen-spa-triga-ii-60x55x15-cm-1289817.jp.webp\",\"contentUrl\":\"https:\/\/www.domtechnikpro.com\/wp-content\/uploads\/2026\/SK0002408-CZ20260425-092632-0-1777080397-zrcadlova-skrinka-olsen-spa-triga-ii-60x55x15-cm-1289817.jp.webp\",\"width\":600,\"height\":494},{\"@type\":\"BreadcrumbList\",\"@id\":\"https:\/\/www.domtechnikpro.com\/index.php\/produkt\/zrcadlova-skrinka-olsen-spa-triga-ii-60x55x15-cm-posledni-sance-46789\/#breadcrumb\",\"itemListElement\":[{\"@type\":\"ListItem\",\"position\":1,\"name\":\"Home\",\"item\":\"https:\/\/www.domtechnikpro.com\/\"},{\"@type\":\"ListItem\",\"position\":2,\"name\":\"Products\",\"item\":\"https:\/\/www.domtechnikpro.com\/index.php\/products\/\"},{\"@type\":\"ListItem\",\"position\":3,\"name\":\"Zrcadlov\u00e1 sk\u0159\u00ed\u0148ka Olsen-Spa Triga II, 60x55x15 cm Posledn\u00ed \u0160ance\"}]},{\"@type\":\"WebSite\",\"@id\":\"https:\/\/www.domtechnikpro.com\/#website\",\"url\":\"https:\/\/www.domtechnikpro.com\/\",\"name\":\"\",\"description\":\"\",\"potentialAction\":[{\"@type\":\"SearchAction\",\"target\":{\"@type\":\"EntryPoint\",\"urlTemplate\":\"https:\/\/www.domtechnikpro.com\/?s={search_term_string}\"},\"query-input\":{\"@type\":\"PropertyValueSpecification\",\"valueRequired\":true,\"valueName\":\"search_term_string\"}}],\"inLanguage\":\"cs\"}]}<\/script>\n<!-- \/ Yoast SEO plugin. -->","yoast_head_json":{"title":"Zrcadlov\u00e1 sk\u0159\u00ed\u0148ka Olsen-Spa Triga II, 60x55x15 cm Posledn\u00ed \u0160ance -","robots":{"index":"index","follow":"follow","max-snippet":"max-snippet:-1","max-image-preview":"max-image-preview:large","max-video-preview":"max-video-preview:-1"},"canonical":"https:\/\/www.domtechnikpro.com\/index.php\/produkt\/zrcadlova-skrinka-olsen-spa-triga-ii-60x55x15-cm-posledni-sance-46789\/","og_locale":"cs_CZ","og_type":"article","og_title":"Zrcadlov\u00e1 sk\u0159\u00ed\u0148ka Olsen-Spa Triga II, 60x55x15 cm Posledn\u00ed \u0160ance -","og_description":"Popis produktu Zrcadlov\u00e1 sk\u0159\u00ed\u0148ka Olsen-Spa Triga II, 60x55x15 cm Z&aacute;v\u011bsn&aacute; sk\u0159&iacute;\u0148ka Olsen Spa Triga II&nbsp;p\u0159edstavuje&nbsp;dokonal&yacute; dopln\u011bk do va&scaron;&iacute; koupelny. T\u0159i k\u0159&iacute;dla osazen&aacute; zrcadly&nbsp;dodaj&iacute; prostoru v&iacute;ce sv\u011btla&nbsp;a zp\u0159&iacute;jemn&iacute; jej&iacute; celkovou atmosf&eacute;ru.&nbsp;Vysoce&nbsp;kvalitn&iacute; antikorozn&iacute; povrchov&aacute; &uacute;prava&nbsp;v b&iacute;l&eacute; barv\u011b, garantuj&iacute;&nbsp;jej&iacute;&nbsp;dlouhodobou \u017eivotnost.&nbsp;Z&aacute;v\u011bsn&aacute; kovov&aacute; sk\u0159&iacute;\u0148ka Olsen Spa&nbsp;Triga II&nbsp;vynik&aacute; vysoce kvalitn&iacute;m zpracov&aacute;n&iacute;m a spolehlivou funk\u010dnost&iacute; v&scaron;ech sou\u010d&aacute;st&iacute; a materi&aacute;l\u016f.&nbsp; P\u0159ednosti z&aacute;v\u011bsn&eacute; sk\u0159&iacute;\u0148ky [&hellip;]","og_url":"https:\/\/www.domtechnikpro.com\/index.php\/produkt\/zrcadlova-skrinka-olsen-spa-triga-ii-60x55x15-cm-posledni-sance-46789\/","og_image":[{"width":600,"height":494,"url":"https:\/\/www.domtechnikpro.com\/wp-content\/uploads\/2026\/SK0002408-CZ20260425-092632-0-1777080397-zrcadlova-skrinka-olsen-spa-triga-ii-60x55x15-cm-1289817.jp.webp","type":"image\/webp"}],"twitter_card":"summary_large_image","twitter_misc":{"Odhadovan\u00e1 doba \u010dten\u00ed":"1 minuta"},"schema":{"@context":"https:\/\/schema.org","@graph":[{"@type":"WebPage","@id":"https:\/\/www.domtechnikpro.com\/index.php\/produkt\/zrcadlova-skrinka-olsen-spa-triga-ii-60x55x15-cm-posledni-sance-46789\/","url":"https:\/\/www.domtechnikpro.com\/index.php\/produkt\/zrcadlova-skrinka-olsen-spa-triga-ii-60x55x15-cm-posledni-sance-46789\/","name":"Zrcadlov\u00e1 sk\u0159\u00ed\u0148ka Olsen-Spa Triga II, 60x55x15 cm Posledn\u00ed \u0160ance -","isPartOf":{"@id":"https:\/\/www.domtechnikpro.com\/#website"},"primaryImageOfPage":{"@id":"https:\/\/www.domtechnikpro.com\/index.php\/produkt\/zrcadlova-skrinka-olsen-spa-triga-ii-60x55x15-cm-posledni-sance-46789\/#primaryimage"},"image":{"@id":"https:\/\/www.domtechnikpro.com\/index.php\/produkt\/zrcadlova-skrinka-olsen-spa-triga-ii-60x55x15-cm-posledni-sance-46789\/#primaryimage"},"thumbnailUrl":"https:\/\/www.domtechnikpro.com\/wp-content\/uploads\/2026\/SK0002408-CZ20260425-092632-0-1777080397-zrcadlova-skrinka-olsen-spa-triga-ii-60x55x15-cm-1289817.jp.webp","datePublished":"2026-04-26T09:00:04+00:00","breadcrumb":{"@id":"https:\/\/www.domtechnikpro.com\/index.php\/produkt\/zrcadlova-skrinka-olsen-spa-triga-ii-60x55x15-cm-posledni-sance-46789\/#breadcrumb"},"inLanguage":"cs","potentialAction":[{"@type":"ReadAction","target":["https:\/\/www.domtechnikpro.com\/index.php\/produkt\/zrcadlova-skrinka-olsen-spa-triga-ii-60x55x15-cm-posledni-sance-46789\/"]}]},{"@type":"ImageObject","inLanguage":"cs","@id":"https:\/\/www.domtechnikpro.com\/index.php\/produkt\/zrcadlova-skrinka-olsen-spa-triga-ii-60x55x15-cm-posledni-sance-46789\/#primaryimage","url":"https:\/\/www.domtechnikpro.com\/wp-content\/uploads\/2026\/SK0002408-CZ20260425-092632-0-1777080397-zrcadlova-skrinka-olsen-spa-triga-ii-60x55x15-cm-1289817.jp.webp","contentUrl":"https:\/\/www.domtechnikpro.com\/wp-content\/uploads\/2026\/SK0002408-CZ20260425-092632-0-1777080397-zrcadlova-skrinka-olsen-spa-triga-ii-60x55x15-cm-1289817.jp.webp","width":600,"height":494},{"@type":"BreadcrumbList","@id":"https:\/\/www.domtechnikpro.com\/index.php\/produkt\/zrcadlova-skrinka-olsen-spa-triga-ii-60x55x15-cm-posledni-sance-46789\/#breadcrumb","itemListElement":[{"@type":"ListItem","position":1,"name":"Home","item":"https:\/\/www.domtechnikpro.com\/"},{"@type":"ListItem","position":2,"name":"Products","item":"https:\/\/www.domtechnikpro.com\/index.php\/products\/"},{"@type":"ListItem","position":3,"name":"Zrcadlov\u00e1 sk\u0159\u00ed\u0148ka Olsen-Spa Triga II, 60x55x15 cm Posledn\u00ed \u0160ance"}]},{"@type":"WebSite","@id":"https:\/\/www.domtechnikpro.com\/#website","url":"https:\/\/www.domtechnikpro.com\/","name":"","description":"","potentialAction":[{"@type":"SearchAction","target":{"@type":"EntryPoint","urlTemplate":"https:\/\/www.domtechnikpro.com\/?s={search_term_string}"},"query-input":{"@type":"PropertyValueSpecification","valueRequired":true,"valueName":"search_term_string"}}],"inLanguage":"cs"}]}},"_links":{"self":[{"href":"https:\/\/www.domtechnikpro.com\/index.php\/wp-json\/wp\/v2\/product\/46789","targetHints":{"allow":["GET"]}}],"collection":[{"href":"https:\/\/www.domtechnikpro.com\/index.php\/wp-json\/wp\/v2\/product"}],"about":[{"href":"https:\/\/www.domtechnikpro.com\/index.php\/wp-json\/wp\/v2\/types\/product"}],"replies":[{"embeddable":true,"href":"https:\/\/www.domtechnikpro.com\/index.php\/wp-json\/wp\/v2\/comments?post=46789"}],"wp:featuredmedia":[{"embeddable":true,"href":"https:\/\/www.domtechnikpro.com\/index.php\/wp-json\/wp\/v2\/media\/46889"}],"wp:attachment":[{"href":"https:\/\/www.domtechnikpro.com\/index.php\/wp-json\/wp\/v2\/media?parent=46789"}],"wp:term":[{"taxonomy":"product_brand","embeddable":true,"href":"https:\/\/www.domtechnikpro.com\/index.php\/wp-json\/wp\/v2\/product_brand?post=46789"},{"taxonomy":"product_cat","embeddable":true,"href":"https:\/\/www.domtechnikpro.com\/index.php\/wp-json\/wp\/v2\/product_cat?post=46789"},{"taxonomy":"product_tag","embeddable":true,"href":"https:\/\/www.domtechnikpro.com\/index.php\/wp-json\/wp\/v2\/product_tag?post=46789"}],"curies":[{"name":"wp","href":"https:\/\/api.w.org\/{rel}","templated":true}]}}