{"id":46509,"date":"2026-04-26T09:00:02","date_gmt":"2026-04-26T09:00:02","guid":{"rendered":""},"modified":"2026-04-26T09:00:02","modified_gmt":"2026-04-26T09:00:02","slug":"znackovy-ravak-912-50-sprchova-hadice-150-cm-z-odolneho-plastu-46509","status":"publish","type":"product","link":"https:\/\/www.domtechnikpro.com\/index.php\/produkt\/znackovy-ravak-912-50-sprchova-hadice-150-cm-z-odolneho-plastu-46509\/","title":{"rendered":"Zna\u010dkov\u00fd Ravak 912.50 Sprchov\u00e1 hadice 150 cm z odoln\u00e9ho plastu"},"content":{"rendered":"<div class=\"ProductDetail-content NoFixImageContainer\" id=\"productDescription\">\n<div class=\"Heading\">\n<h2 class=\"Heading-title\">Popis produktu <span class=''>Ravak 912.50 Sprchov\u00e1 hadice 150 cm z odoln\u00e9ho plastu<\/span><\/h2>\n<\/p><\/div>\n<div class=\"ProductDetailContent\">\n<div id=\"p-info\">\n<p>912.50<\/p>\n<p>z odoln&eacute;ho plastu<br \/>chr&aacute;n&iacute; proti po&scaron;kr&aacute;b&aacute;n&iacute;,<br \/>v d&eacute;lce150 cm<br \/>funkce EasyTwist zabra\u0148uje p\u0159ekroucen&iacute; hadice t&iacute;m, \u017ee umo\u017e\u0148uje voln&eacute; prot&aacute;\u010den&iacute; sprchov&eacute; r\u016f\u017eice<\/p>\n<p>vhodn&aacute; ke sprchov&yacute;m, vanov&yacute;m, podom&iacute;tkov&yacute;m bateri&iacute;m, k termostatick&eacute; baterii a ke sprchov&yacute;m r\u016f\u017eic&iacute;m RAVAK<\/p>\n<p><em>Sprchov&aacute; hadice lze sp&aacute;rovat s b\u011b\u017en\u011b dostupn&yacute;m p\u0159&iacute;slu&scaron;enstv&iacute;m. Na vn\u011bj&scaron;&iacute; \u010di&scaron;t\u011bn&iacute; doporu\u010dujeme pou\u017e&iacute;vat p\u0159&iacute;pravek RAVAK Cleaner Chrome.<\/em><\/p>\n<\/div>\n<p>&nbsp;<\/p>\n<\/p><\/div>\n<div class=\"ProductDetailContent\">                                                                    <\/div>\n<\/p><\/div>\n<\/p><\/div>\n<\/p><\/div>\n","protected":false},"excerpt":{"rendered":"<p>Popis produktu Ravak 912.50 Sprchov\u00e1 hadice 150 cm z odoln\u00e9ho plastu 912.50 z odoln&eacute;ho plastuchr&aacute;n&iacute; proti po&scaron;kr&aacute;b&aacute;n&iacute;,v d&eacute;lce150 cmfunkce EasyTwist zabra\u0148uje p\u0159ekroucen&iacute; hadice t&iacute;m, \u017ee umo\u017e\u0148uje voln&eacute; prot&aacute;\u010den&iacute; sprchov&eacute; r\u016f\u017eice vhodn&aacute; ke sprchov&yacute;m, vanov&yacute;m, podom&iacute;tkov&yacute;m bateri&iacute;m, k termostatick&eacute; baterii a ke sprchov&yacute;m r\u016f\u017eic&iacute;m RAVAK Sprchov&aacute; hadice lze sp&aacute;rovat s b\u011b\u017en\u011b dostupn&yacute;m p\u0159&iacute;slu&scaron;enstv&iacute;m. Na vn\u011bj&scaron;&iacute; \u010di&scaron;t\u011bn&iacute; [&hellip;]<\/p>\n","protected":false},"featured_media":46609,"comment_status":"open","ping_status":"open","template":"","meta":[],"product_brand":[],"product_cat":[162],"product_tag":[],"class_list":{"0":"post-46509","1":"product","2":"type-product","3":"status-publish","4":"has-post-thumbnail","6":"product_cat-koupelny","8":"first","9":"instock","10":"sale","11":"shipping-taxable","12":"purchasable","13":"product-type-simple"},"yoast_head":"<!-- This site is optimized with the Yoast SEO plugin v26.8 - https:\/\/yoast.com\/product\/yoast-seo-wordpress\/ -->\n<title>Zna\u010dkov\u00fd Ravak 912.50 Sprchov\u00e1 hadice 150 cm z odoln\u00e9ho plastu -<\/title>\n<meta name=\"robots\" content=\"index, follow, max-snippet:-1, max-image-preview:large, max-video-preview:-1\" \/>\n<link rel=\"canonical\" href=\"https:\/\/www.domtechnikpro.com\/index.php\/produkt\/znackovy-ravak-912-50-sprchova-hadice-150-cm-z-odolneho-plastu-46509\/\" \/>\n<meta property=\"og:locale\" content=\"cs_CZ\" \/>\n<meta property=\"og:type\" content=\"article\" \/>\n<meta property=\"og:title\" content=\"Zna\u010dkov\u00fd Ravak 912.50 Sprchov\u00e1 hadice 150 cm z odoln\u00e9ho plastu -\" \/>\n<meta property=\"og:description\" content=\"Popis produktu Ravak 912.50 Sprchov\u00e1 hadice 150 cm z odoln\u00e9ho plastu 912.50 z odoln&eacute;ho plastuchr&aacute;n&iacute; proti po&scaron;kr&aacute;b&aacute;n&iacute;,v d&eacute;lce150 cmfunkce EasyTwist zabra\u0148uje p\u0159ekroucen&iacute; hadice t&iacute;m, \u017ee umo\u017e\u0148uje voln&eacute; prot&aacute;\u010den&iacute; sprchov&eacute; r\u016f\u017eice vhodn&aacute; ke sprchov&yacute;m, vanov&yacute;m, podom&iacute;tkov&yacute;m bateri&iacute;m, k termostatick&eacute; baterii a ke sprchov&yacute;m r\u016f\u017eic&iacute;m RAVAK Sprchov&aacute; hadice lze sp&aacute;rovat s b\u011b\u017en\u011b dostupn&yacute;m p\u0159&iacute;slu&scaron;enstv&iacute;m. Na vn\u011bj&scaron;&iacute; \u010di&scaron;t\u011bn&iacute; [&hellip;]\" \/>\n<meta property=\"og:url\" content=\"https:\/\/www.domtechnikpro.com\/index.php\/produkt\/znackovy-ravak-912-50-sprchova-hadice-150-cm-z-odolneho-plastu-46509\/\" \/>\n<meta property=\"og:image\" content=\"https:\/\/www.domtechnikpro.com\/wp-content\/uploads\/2026\/SK0002214-CZ20260425-092632-0-1777080397-ravak-912-50-sprchova-hadice-150-cm-z-odolneho-plastu-39536.webp\" \/>\n\t<meta property=\"og:image:width\" content=\"600\" \/>\n\t<meta property=\"og:image:height\" content=\"599\" \/>\n\t<meta property=\"og:image:type\" content=\"image\/webp\" \/>\n<meta name=\"twitter:card\" content=\"summary_large_image\" \/>\n<meta name=\"twitter:label1\" content=\"Odhadovan\u00e1 doba \u010dten\u00ed\" \/>\n\t<meta name=\"twitter:data1\" content=\"1 minuta\" \/>\n<script type=\"application\/ld+json\" class=\"yoast-schema-graph\">{\"@context\":\"https:\/\/schema.org\",\"@graph\":[{\"@type\":\"WebPage\",\"@id\":\"https:\/\/www.domtechnikpro.com\/index.php\/produkt\/znackovy-ravak-912-50-sprchova-hadice-150-cm-z-odolneho-plastu-46509\/\",\"url\":\"https:\/\/www.domtechnikpro.com\/index.php\/produkt\/znackovy-ravak-912-50-sprchova-hadice-150-cm-z-odolneho-plastu-46509\/\",\"name\":\"Zna\u010dkov\u00fd Ravak 912.50 Sprchov\u00e1 hadice 150 cm z odoln\u00e9ho plastu -\",\"isPartOf\":{\"@id\":\"https:\/\/www.domtechnikpro.com\/#website\"},\"primaryImageOfPage\":{\"@id\":\"https:\/\/www.domtechnikpro.com\/index.php\/produkt\/znackovy-ravak-912-50-sprchova-hadice-150-cm-z-odolneho-plastu-46509\/#primaryimage\"},\"image\":{\"@id\":\"https:\/\/www.domtechnikpro.com\/index.php\/produkt\/znackovy-ravak-912-50-sprchova-hadice-150-cm-z-odolneho-plastu-46509\/#primaryimage\"},\"thumbnailUrl\":\"https:\/\/www.domtechnikpro.com\/wp-content\/uploads\/2026\/SK0002214-CZ20260425-092632-0-1777080397-ravak-912-50-sprchova-hadice-150-cm-z-odolneho-plastu-39536.webp\",\"datePublished\":\"2026-04-26T09:00:02+00:00\",\"breadcrumb\":{\"@id\":\"https:\/\/www.domtechnikpro.com\/index.php\/produkt\/znackovy-ravak-912-50-sprchova-hadice-150-cm-z-odolneho-plastu-46509\/#breadcrumb\"},\"inLanguage\":\"cs\",\"potentialAction\":[{\"@type\":\"ReadAction\",\"target\":[\"https:\/\/www.domtechnikpro.com\/index.php\/produkt\/znackovy-ravak-912-50-sprchova-hadice-150-cm-z-odolneho-plastu-46509\/\"]}]},{\"@type\":\"ImageObject\",\"inLanguage\":\"cs\",\"@id\":\"https:\/\/www.domtechnikpro.com\/index.php\/produkt\/znackovy-ravak-912-50-sprchova-hadice-150-cm-z-odolneho-plastu-46509\/#primaryimage\",\"url\":\"https:\/\/www.domtechnikpro.com\/wp-content\/uploads\/2026\/SK0002214-CZ20260425-092632-0-1777080397-ravak-912-50-sprchova-hadice-150-cm-z-odolneho-plastu-39536.webp\",\"contentUrl\":\"https:\/\/www.domtechnikpro.com\/wp-content\/uploads\/2026\/SK0002214-CZ20260425-092632-0-1777080397-ravak-912-50-sprchova-hadice-150-cm-z-odolneho-plastu-39536.webp\",\"width\":600,\"height\":599},{\"@type\":\"BreadcrumbList\",\"@id\":\"https:\/\/www.domtechnikpro.com\/index.php\/produkt\/znackovy-ravak-912-50-sprchova-hadice-150-cm-z-odolneho-plastu-46509\/#breadcrumb\",\"itemListElement\":[{\"@type\":\"ListItem\",\"position\":1,\"name\":\"Home\",\"item\":\"https:\/\/www.domtechnikpro.com\/\"},{\"@type\":\"ListItem\",\"position\":2,\"name\":\"Products\",\"item\":\"https:\/\/www.domtechnikpro.com\/index.php\/products\/\"},{\"@type\":\"ListItem\",\"position\":3,\"name\":\"Zna\u010dkov\u00fd Ravak 912.50 Sprchov\u00e1 hadice 150 cm z odoln\u00e9ho plastu\"}]},{\"@type\":\"WebSite\",\"@id\":\"https:\/\/www.domtechnikpro.com\/#website\",\"url\":\"https:\/\/www.domtechnikpro.com\/\",\"name\":\"\",\"description\":\"\",\"potentialAction\":[{\"@type\":\"SearchAction\",\"target\":{\"@type\":\"EntryPoint\",\"urlTemplate\":\"https:\/\/www.domtechnikpro.com\/?s={search_term_string}\"},\"query-input\":{\"@type\":\"PropertyValueSpecification\",\"valueRequired\":true,\"valueName\":\"search_term_string\"}}],\"inLanguage\":\"cs\"}]}<\/script>\n<!-- \/ Yoast SEO plugin. -->","yoast_head_json":{"title":"Zna\u010dkov\u00fd Ravak 912.50 Sprchov\u00e1 hadice 150 cm z odoln\u00e9ho plastu -","robots":{"index":"index","follow":"follow","max-snippet":"max-snippet:-1","max-image-preview":"max-image-preview:large","max-video-preview":"max-video-preview:-1"},"canonical":"https:\/\/www.domtechnikpro.com\/index.php\/produkt\/znackovy-ravak-912-50-sprchova-hadice-150-cm-z-odolneho-plastu-46509\/","og_locale":"cs_CZ","og_type":"article","og_title":"Zna\u010dkov\u00fd Ravak 912.50 Sprchov\u00e1 hadice 150 cm z odoln\u00e9ho plastu -","og_description":"Popis produktu Ravak 912.50 Sprchov\u00e1 hadice 150 cm z odoln\u00e9ho plastu 912.50 z odoln&eacute;ho plastuchr&aacute;n&iacute; proti po&scaron;kr&aacute;b&aacute;n&iacute;,v d&eacute;lce150 cmfunkce EasyTwist zabra\u0148uje p\u0159ekroucen&iacute; hadice t&iacute;m, \u017ee umo\u017e\u0148uje voln&eacute; prot&aacute;\u010den&iacute; sprchov&eacute; r\u016f\u017eice vhodn&aacute; ke sprchov&yacute;m, vanov&yacute;m, podom&iacute;tkov&yacute;m bateri&iacute;m, k termostatick&eacute; baterii a ke sprchov&yacute;m r\u016f\u017eic&iacute;m RAVAK Sprchov&aacute; hadice lze sp&aacute;rovat s b\u011b\u017en\u011b dostupn&yacute;m p\u0159&iacute;slu&scaron;enstv&iacute;m. Na vn\u011bj&scaron;&iacute; \u010di&scaron;t\u011bn&iacute; [&hellip;]","og_url":"https:\/\/www.domtechnikpro.com\/index.php\/produkt\/znackovy-ravak-912-50-sprchova-hadice-150-cm-z-odolneho-plastu-46509\/","og_image":[{"width":600,"height":599,"url":"https:\/\/www.domtechnikpro.com\/wp-content\/uploads\/2026\/SK0002214-CZ20260425-092632-0-1777080397-ravak-912-50-sprchova-hadice-150-cm-z-odolneho-plastu-39536.webp","type":"image\/webp"}],"twitter_card":"summary_large_image","twitter_misc":{"Odhadovan\u00e1 doba \u010dten\u00ed":"1 minuta"},"schema":{"@context":"https:\/\/schema.org","@graph":[{"@type":"WebPage","@id":"https:\/\/www.domtechnikpro.com\/index.php\/produkt\/znackovy-ravak-912-50-sprchova-hadice-150-cm-z-odolneho-plastu-46509\/","url":"https:\/\/www.domtechnikpro.com\/index.php\/produkt\/znackovy-ravak-912-50-sprchova-hadice-150-cm-z-odolneho-plastu-46509\/","name":"Zna\u010dkov\u00fd Ravak 912.50 Sprchov\u00e1 hadice 150 cm z odoln\u00e9ho plastu -","isPartOf":{"@id":"https:\/\/www.domtechnikpro.com\/#website"},"primaryImageOfPage":{"@id":"https:\/\/www.domtechnikpro.com\/index.php\/produkt\/znackovy-ravak-912-50-sprchova-hadice-150-cm-z-odolneho-plastu-46509\/#primaryimage"},"image":{"@id":"https:\/\/www.domtechnikpro.com\/index.php\/produkt\/znackovy-ravak-912-50-sprchova-hadice-150-cm-z-odolneho-plastu-46509\/#primaryimage"},"thumbnailUrl":"https:\/\/www.domtechnikpro.com\/wp-content\/uploads\/2026\/SK0002214-CZ20260425-092632-0-1777080397-ravak-912-50-sprchova-hadice-150-cm-z-odolneho-plastu-39536.webp","datePublished":"2026-04-26T09:00:02+00:00","breadcrumb":{"@id":"https:\/\/www.domtechnikpro.com\/index.php\/produkt\/znackovy-ravak-912-50-sprchova-hadice-150-cm-z-odolneho-plastu-46509\/#breadcrumb"},"inLanguage":"cs","potentialAction":[{"@type":"ReadAction","target":["https:\/\/www.domtechnikpro.com\/index.php\/produkt\/znackovy-ravak-912-50-sprchova-hadice-150-cm-z-odolneho-plastu-46509\/"]}]},{"@type":"ImageObject","inLanguage":"cs","@id":"https:\/\/www.domtechnikpro.com\/index.php\/produkt\/znackovy-ravak-912-50-sprchova-hadice-150-cm-z-odolneho-plastu-46509\/#primaryimage","url":"https:\/\/www.domtechnikpro.com\/wp-content\/uploads\/2026\/SK0002214-CZ20260425-092632-0-1777080397-ravak-912-50-sprchova-hadice-150-cm-z-odolneho-plastu-39536.webp","contentUrl":"https:\/\/www.domtechnikpro.com\/wp-content\/uploads\/2026\/SK0002214-CZ20260425-092632-0-1777080397-ravak-912-50-sprchova-hadice-150-cm-z-odolneho-plastu-39536.webp","width":600,"height":599},{"@type":"BreadcrumbList","@id":"https:\/\/www.domtechnikpro.com\/index.php\/produkt\/znackovy-ravak-912-50-sprchova-hadice-150-cm-z-odolneho-plastu-46509\/#breadcrumb","itemListElement":[{"@type":"ListItem","position":1,"name":"Home","item":"https:\/\/www.domtechnikpro.com\/"},{"@type":"ListItem","position":2,"name":"Products","item":"https:\/\/www.domtechnikpro.com\/index.php\/products\/"},{"@type":"ListItem","position":3,"name":"Zna\u010dkov\u00fd Ravak 912.50 Sprchov\u00e1 hadice 150 cm z odoln\u00e9ho plastu"}]},{"@type":"WebSite","@id":"https:\/\/www.domtechnikpro.com\/#website","url":"https:\/\/www.domtechnikpro.com\/","name":"","description":"","potentialAction":[{"@type":"SearchAction","target":{"@type":"EntryPoint","urlTemplate":"https:\/\/www.domtechnikpro.com\/?s={search_term_string}"},"query-input":{"@type":"PropertyValueSpecification","valueRequired":true,"valueName":"search_term_string"}}],"inLanguage":"cs"}]}},"_links":{"self":[{"href":"https:\/\/www.domtechnikpro.com\/index.php\/wp-json\/wp\/v2\/product\/46509","targetHints":{"allow":["GET"]}}],"collection":[{"href":"https:\/\/www.domtechnikpro.com\/index.php\/wp-json\/wp\/v2\/product"}],"about":[{"href":"https:\/\/www.domtechnikpro.com\/index.php\/wp-json\/wp\/v2\/types\/product"}],"replies":[{"embeddable":true,"href":"https:\/\/www.domtechnikpro.com\/index.php\/wp-json\/wp\/v2\/comments?post=46509"}],"wp:featuredmedia":[{"embeddable":true,"href":"https:\/\/www.domtechnikpro.com\/index.php\/wp-json\/wp\/v2\/media\/46609"}],"wp:attachment":[{"href":"https:\/\/www.domtechnikpro.com\/index.php\/wp-json\/wp\/v2\/media?parent=46509"}],"wp:term":[{"taxonomy":"product_brand","embeddable":true,"href":"https:\/\/www.domtechnikpro.com\/index.php\/wp-json\/wp\/v2\/product_brand?post=46509"},{"taxonomy":"product_cat","embeddable":true,"href":"https:\/\/www.domtechnikpro.com\/index.php\/wp-json\/wp\/v2\/product_cat?post=46509"},{"taxonomy":"product_tag","embeddable":true,"href":"https:\/\/www.domtechnikpro.com\/index.php\/wp-json\/wp\/v2\/product_tag?post=46509"}],"curies":[{"name":"wp","href":"https:\/\/api.w.org\/{rel}","templated":true}]}}