{"id":45170,"date":"2026-04-26T08:59:46","date_gmt":"2026-04-26T08:59:46","guid":{"rendered":""},"modified":"2026-04-26T08:59:46","modified_gmt":"2026-04-26T08:59:46","slug":"novaservis-metalia-55-sprchova-baterie-horni-vyvod-100-mm-chrom-55066-1-0-originalni-45170","status":"publish","type":"product","link":"https:\/\/www.domtechnikpro.com\/index.php\/produkt\/novaservis-metalia-55-sprchova-baterie-horni-vyvod-100-mm-chrom-55066-1-0-originalni-45170\/","title":{"rendered":"Novaservis Metalia 55 Sprchov\u00e1 baterie horn\u00ed v\u00fdvod 100 mm chrom 55066\/1,0 Origin\u00e1ln\u00ed"},"content":{"rendered":"<div class=\"ProductDetail-content NoFixImageContainer\" id=\"productDescription\">\n<div class=\"Heading\">\n<h2 class=\"Heading-title\">Popis produktu <span class=''>Novaservis Metalia 55 Sprchov\u00e1 baterie horn\u00ed v\u00fdvod 100 mm chrom 55066\/1,0<\/span><\/h2>\n<\/p><\/div>\n<div class=\"ProductDetailContent\">                                                                    <\/div>\n<div class=\"ProductDetailContent\">\n<div class=\"ProductDetailContent-item\">                                            Kvalitn\u00ed a odoln\u00e1 keramick\u00e1 kartu\u0161e KEROX 35 mm <b>s\u00a0prodlou\u017eenou z\u00e1rukou\u00a07\u00a0let<\/b>. Prvot\u0159\u00eddn\u00ed chromov\u00e9 proveden\u00ed. Sprchov\u00e1 n\u00e1st\u011bnn\u00e1 baterie s horn\u00edm v\u00fdvodem vody s rozte\u010d\u00ed 100 mm.                                        <\/div>\n<div class=\"ProductDetailContent-item\">\n<ul>\n<li>Hloubka krabice [mm]: <strong>232 mm<\/strong><\/li>\n<li>\u0160\u00ed\u0159ka krabice [mm]: <strong>175 mm<\/strong><\/li>\n<li>V\u00fd\u0161ka krabice [mm]: <strong>170 mm<\/strong><\/li>\n<li>Proveden\u00ed: <strong>chrom<\/strong><\/li>\n<li>V\u00fd\u0161ka [mm]: <strong>165 mm<\/strong><\/li>\n<li>\u0160\u00ed\u0159ka [mm]: <strong>175 mm<\/strong><\/li>\n<li>Hloubka [mm]: <strong>230 mm<\/strong><\/li>\n<li>Z\u00e1ruka na t\u011bsnost kartu\u0161e [rok]: <strong>7 rok<\/strong><\/li>\n<li>Rozte\u010d baterie [mm]: <strong>100 mm<\/strong><\/li>\n<li>Typ kartu\u0161e: <strong>35 mm<\/strong><\/li>\n<li>P\u0159\u00edslu\u0161enstv\u00ed: <strong>bez sprchov\u00e9 soupravy<\/strong><\/li>\n<li>Typ p\u0159ipojen\u00ed: <strong>3\/4&#8243;<\/strong><\/li>\n<\/ul><\/div>\n<div class=\"ProductDetailContent-item\">                                            Jedna z dlouhodob\u011b nejobl\u00edben\u011bj\u0161\u00edch \u0159ad vodovodn\u00edch bateri\u00ed v jednoduch\u00e9m a nad\u010dasov\u00e9m designu si najde sv\u00e9 m\u00edsto v jak\u00e9mkoliv interi\u00e9ru. S\u00e9rie METALIA 55 v\u00e1m nab\u00edz\u00ed mno\u017estv\u00ed variabilit jak pro koupelny, tak pro kuchyn\u011b v zaru\u010den\u00e9 kvalit\u011b a vysok\u00e9m u\u017eivatelsk\u00e9m komfortu. <b>Nejprod\u00e1van\u011bj\u0161\u00ed \u010desk\u00e9 vodovodn\u00ed baterie METALIA<\/b>. Tuto zna\u010dku rozhodn\u011b vystihuje &#8211; vysok\u00e1 kvalita, modern\u00ed design, funk\u010dnost a u\u017eivatelsk\u00fd komfort. <\/p><\/div>\n<div class=\"ProductDetailContent-item\">\n<div style=\"background-color:#f9f9f9; border-left:5px solid #2196f3; border-radius:8px; box-shadow:0 4px 12px rgba(0,0,0,0.1); font-family:Arial,sans-serif; padding:25px 20px 20px 20px; position:relative\"><!-- Ikona FAQ v lev\u00e9m horn\u00edm rohu --><\/p>\n<div style=\"align-items:center; background-color:#2196f3; border-radius:50%; color:#ffffff; display:flex; font-size:14px; font-weight:bold; height:30px; justify-content:center; left:-10px; position:absolute; top:-10px; width:50px\">FAQ<\/div>\n<h3 style=\"margin-left:15px\">V\u00fdhody sprchov\u00fdch bateri\u00ed<\/h3>\n<ul>\n<li><strong>Precizn\u00ed ovl\u00e1d\u00e1n\u00ed vody:<\/strong> Nastaven\u00ed teploty a pr\u016ftoku pro komfortn\u00ed sprchov\u00e1n\u00ed.<\/li>\n<li><strong>Flexibilita:<\/strong>&nbsp;Ru\u010dn\u00ed sprcha s hadic\u00ed umo\u017e\u0148uje sprchov\u00e1n\u00ed a \u010di\u0161t\u011bn\u00ed sprchov\u00e9ho koutu.<\/li>\n<li><strong>Modern\u00ed, klasick\u00fd i retro design:<\/strong> Hod\u00ed se do v\u0161ech koupelen a sprchov\u00fdch kout\u016f.<\/li>\n<li><strong>Odoln\u00e9 materi\u00e1ly:<\/strong> Mosaz, nerez a keramick\u00e1 kartu\u0161 zaji\u0161\u0165uj\u00ed dlouhou \u017eivotnost.<\/li>\n<li><strong>Snadn\u00e1 mont\u00e1\u017e:<\/strong>&nbsp;Pro klasick\u00e9 n\u00e1st\u011bnn\u00e9 instalace v rozte\u010di 150 a 100 mm.<\/li>\n<\/ul>\n<h3>Nej\u010dast\u011bj\u0161\u00ed dotazy:<\/h3>\n<ol>\n<li><strong>Co je sprchov\u00e1 baterie?&nbsp;<\/strong>Baterie ur\u010den\u00e1 pro sprchov\u00fd prostor, kter\u00e1 umo\u017e\u0148uje ovl\u00e1dat teplotu a pr\u016ftok vody.<\/li>\n<li><strong>Jak vybrat spr\u00e1vnou sprchovou baterii?&nbsp;<\/strong>Zohledn\u011bte typ (p\u00e1kov\u00e1, termostatick\u00e1) a zp\u016fsob instalace (n\u00e1st\u011bnn\u00e1 \u010di podom\u00edtkov\u00e1).<\/li>\n<li><strong>Jak se sprchov\u00e1 baterie instaluje?&nbsp;<\/strong>N\u00e1st\u011bnn\u00e9 baterie se instaluj\u00ed na standardn\u00ed vodovodn\u00ed p\u0159\u00edpojky s rozte\u010d\u00ed 100 nebo 150 mm.<\/li>\n<li><strong>Jak se baterie udr\u017euje?&nbsp;<\/strong>Ot\u00edrejte povrch m\u011bkkou vlhkou ut\u011brkou, pravideln\u011b odstra\u0148ujte vodn\u00ed k\u00e1men z perl\u00e1toru.<\/li>\n<li><strong>Jak dlouho baterie vydr\u017e\u00ed?&nbsp;<\/strong>Kvalitn\u00ed sprchov\u00e9 baterie s keramickou kartu\u0161\u00ed a nerez\/mosaznou konstrukc\u00ed vydr\u017e\u00ed b\u011b\u017en\u011b 10\u201315 let.<\/li>\n<\/ol>\n<p>P\u0159e\u010dt\u011bte si n\u00e1\u0161 kompletn\u00ed n\u00e1vod <strong>Jak vybrat sprchovou baterii<\/strong><\/p>\n<\/div><\/div>\n<\/p><\/div>\n<\/p><\/div>\n<\/p><\/div>\n<\/p><\/div>\n","protected":false},"excerpt":{"rendered":"<p>Popis produktu Novaservis Metalia 55 Sprchov\u00e1 baterie horn\u00ed v\u00fdvod 100 mm chrom 55066\/1,0 Kvalitn\u00ed a odoln\u00e1 keramick\u00e1 kartu\u0161e KEROX 35 mm s\u00a0prodlou\u017eenou z\u00e1rukou\u00a07\u00a0let. Prvot\u0159\u00eddn\u00ed chromov\u00e9 proveden\u00ed. Sprchov\u00e1 n\u00e1st\u011bnn\u00e1 baterie s horn\u00edm v\u00fdvodem vody s rozte\u010d\u00ed 100 mm. Hloubka krabice [mm]: 232 mm \u0160\u00ed\u0159ka krabice [mm]: 175 mm V\u00fd\u0161ka krabice [mm]: 170 mm Proveden\u00ed: chrom V\u00fd\u0161ka [&hellip;]<\/p>\n","protected":false},"featured_media":45270,"comment_status":"open","ping_status":"open","template":"","meta":[],"product_brand":[],"product_cat":[162],"product_tag":[],"class_list":{"0":"post-45170","1":"product","2":"type-product","3":"status-publish","4":"has-post-thumbnail","6":"product_cat-koupelny","8":"first","9":"instock","10":"sale","11":"shipping-taxable","12":"purchasable","13":"product-type-simple"},"yoast_head":"<!-- This site is optimized with the Yoast SEO plugin v26.8 - https:\/\/yoast.com\/product\/yoast-seo-wordpress\/ -->\n<title>Novaservis Metalia 55 Sprchov\u00e1 baterie horn\u00ed v\u00fdvod 100 mm chrom 55066\/1,0 Origin\u00e1ln\u00ed -<\/title>\n<meta name=\"robots\" content=\"index, follow, max-snippet:-1, max-image-preview:large, max-video-preview:-1\" \/>\n<link rel=\"canonical\" href=\"https:\/\/www.domtechnikpro.com\/index.php\/produkt\/novaservis-metalia-55-sprchova-baterie-horni-vyvod-100-mm-chrom-55066-1-0-originalni-45170\/\" \/>\n<meta property=\"og:locale\" content=\"cs_CZ\" \/>\n<meta property=\"og:type\" content=\"article\" \/>\n<meta property=\"og:title\" content=\"Novaservis Metalia 55 Sprchov\u00e1 baterie horn\u00ed v\u00fdvod 100 mm chrom 55066\/1,0 Origin\u00e1ln\u00ed -\" \/>\n<meta property=\"og:description\" content=\"Popis produktu Novaservis Metalia 55 Sprchov\u00e1 baterie horn\u00ed v\u00fdvod 100 mm chrom 55066\/1,0 Kvalitn\u00ed a odoln\u00e1 keramick\u00e1 kartu\u0161e KEROX 35 mm s\u00a0prodlou\u017eenou z\u00e1rukou\u00a07\u00a0let. Prvot\u0159\u00eddn\u00ed chromov\u00e9 proveden\u00ed. Sprchov\u00e1 n\u00e1st\u011bnn\u00e1 baterie s horn\u00edm v\u00fdvodem vody s rozte\u010d\u00ed 100 mm. Hloubka krabice [mm]: 232 mm \u0160\u00ed\u0159ka krabice [mm]: 175 mm V\u00fd\u0161ka krabice [mm]: 170 mm Proveden\u00ed: chrom V\u00fd\u0161ka [&hellip;]\" \/>\n<meta property=\"og:url\" content=\"https:\/\/www.domtechnikpro.com\/index.php\/produkt\/novaservis-metalia-55-sprchova-baterie-horni-vyvod-100-mm-chrom-55066-1-0-originalni-45170\/\" \/>\n<meta property=\"og:image\" content=\"https:\/\/www.domtechnikpro.com\/wp-content\/uploads\/2026\/SK0001564-CZ20260425-092632-0-1777080397-novaservis-metalia-55-sprchova-baterie-horni-vyvod-100-mm-c.webp\" \/>\n\t<meta property=\"og:image:width\" content=\"600\" \/>\n\t<meta property=\"og:image:height\" content=\"526\" \/>\n\t<meta property=\"og:image:type\" content=\"image\/webp\" \/>\n<meta name=\"twitter:card\" content=\"summary_large_image\" \/>\n<meta name=\"twitter:label1\" content=\"Odhadovan\u00e1 doba \u010dten\u00ed\" \/>\n\t<meta name=\"twitter:data1\" content=\"2 minuty\" \/>\n<script type=\"application\/ld+json\" class=\"yoast-schema-graph\">{\"@context\":\"https:\/\/schema.org\",\"@graph\":[{\"@type\":\"WebPage\",\"@id\":\"https:\/\/www.domtechnikpro.com\/index.php\/produkt\/novaservis-metalia-55-sprchova-baterie-horni-vyvod-100-mm-chrom-55066-1-0-originalni-45170\/\",\"url\":\"https:\/\/www.domtechnikpro.com\/index.php\/produkt\/novaservis-metalia-55-sprchova-baterie-horni-vyvod-100-mm-chrom-55066-1-0-originalni-45170\/\",\"name\":\"Novaservis Metalia 55 Sprchov\u00e1 baterie horn\u00ed v\u00fdvod 100 mm chrom 55066\/1,0 Origin\u00e1ln\u00ed -\",\"isPartOf\":{\"@id\":\"https:\/\/www.domtechnikpro.com\/#website\"},\"primaryImageOfPage\":{\"@id\":\"https:\/\/www.domtechnikpro.com\/index.php\/produkt\/novaservis-metalia-55-sprchova-baterie-horni-vyvod-100-mm-chrom-55066-1-0-originalni-45170\/#primaryimage\"},\"image\":{\"@id\":\"https:\/\/www.domtechnikpro.com\/index.php\/produkt\/novaservis-metalia-55-sprchova-baterie-horni-vyvod-100-mm-chrom-55066-1-0-originalni-45170\/#primaryimage\"},\"thumbnailUrl\":\"https:\/\/www.domtechnikpro.com\/wp-content\/uploads\/2026\/SK0001564-CZ20260425-092632-0-1777080397-novaservis-metalia-55-sprchova-baterie-horni-vyvod-100-mm-c.webp\",\"datePublished\":\"2026-04-26T08:59:46+00:00\",\"breadcrumb\":{\"@id\":\"https:\/\/www.domtechnikpro.com\/index.php\/produkt\/novaservis-metalia-55-sprchova-baterie-horni-vyvod-100-mm-chrom-55066-1-0-originalni-45170\/#breadcrumb\"},\"inLanguage\":\"cs\",\"potentialAction\":[{\"@type\":\"ReadAction\",\"target\":[\"https:\/\/www.domtechnikpro.com\/index.php\/produkt\/novaservis-metalia-55-sprchova-baterie-horni-vyvod-100-mm-chrom-55066-1-0-originalni-45170\/\"]}]},{\"@type\":\"ImageObject\",\"inLanguage\":\"cs\",\"@id\":\"https:\/\/www.domtechnikpro.com\/index.php\/produkt\/novaservis-metalia-55-sprchova-baterie-horni-vyvod-100-mm-chrom-55066-1-0-originalni-45170\/#primaryimage\",\"url\":\"https:\/\/www.domtechnikpro.com\/wp-content\/uploads\/2026\/SK0001564-CZ20260425-092632-0-1777080397-novaservis-metalia-55-sprchova-baterie-horni-vyvod-100-mm-c.webp\",\"contentUrl\":\"https:\/\/www.domtechnikpro.com\/wp-content\/uploads\/2026\/SK0001564-CZ20260425-092632-0-1777080397-novaservis-metalia-55-sprchova-baterie-horni-vyvod-100-mm-c.webp\",\"width\":600,\"height\":526},{\"@type\":\"BreadcrumbList\",\"@id\":\"https:\/\/www.domtechnikpro.com\/index.php\/produkt\/novaservis-metalia-55-sprchova-baterie-horni-vyvod-100-mm-chrom-55066-1-0-originalni-45170\/#breadcrumb\",\"itemListElement\":[{\"@type\":\"ListItem\",\"position\":1,\"name\":\"Home\",\"item\":\"https:\/\/www.domtechnikpro.com\/\"},{\"@type\":\"ListItem\",\"position\":2,\"name\":\"Products\",\"item\":\"https:\/\/www.domtechnikpro.com\/index.php\/products\/\"},{\"@type\":\"ListItem\",\"position\":3,\"name\":\"Novaservis Metalia 55 Sprchov\u00e1 baterie horn\u00ed v\u00fdvod 100 mm chrom 55066\/1,0 Origin\u00e1ln\u00ed\"}]},{\"@type\":\"WebSite\",\"@id\":\"https:\/\/www.domtechnikpro.com\/#website\",\"url\":\"https:\/\/www.domtechnikpro.com\/\",\"name\":\"\",\"description\":\"\",\"potentialAction\":[{\"@type\":\"SearchAction\",\"target\":{\"@type\":\"EntryPoint\",\"urlTemplate\":\"https:\/\/www.domtechnikpro.com\/?s={search_term_string}\"},\"query-input\":{\"@type\":\"PropertyValueSpecification\",\"valueRequired\":true,\"valueName\":\"search_term_string\"}}],\"inLanguage\":\"cs\"}]}<\/script>\n<!-- \/ Yoast SEO plugin. -->","yoast_head_json":{"title":"Novaservis Metalia 55 Sprchov\u00e1 baterie horn\u00ed v\u00fdvod 100 mm chrom 55066\/1,0 Origin\u00e1ln\u00ed -","robots":{"index":"index","follow":"follow","max-snippet":"max-snippet:-1","max-image-preview":"max-image-preview:large","max-video-preview":"max-video-preview:-1"},"canonical":"https:\/\/www.domtechnikpro.com\/index.php\/produkt\/novaservis-metalia-55-sprchova-baterie-horni-vyvod-100-mm-chrom-55066-1-0-originalni-45170\/","og_locale":"cs_CZ","og_type":"article","og_title":"Novaservis Metalia 55 Sprchov\u00e1 baterie horn\u00ed v\u00fdvod 100 mm chrom 55066\/1,0 Origin\u00e1ln\u00ed -","og_description":"Popis produktu Novaservis Metalia 55 Sprchov\u00e1 baterie horn\u00ed v\u00fdvod 100 mm chrom 55066\/1,0 Kvalitn\u00ed a odoln\u00e1 keramick\u00e1 kartu\u0161e KEROX 35 mm s\u00a0prodlou\u017eenou z\u00e1rukou\u00a07\u00a0let. Prvot\u0159\u00eddn\u00ed chromov\u00e9 proveden\u00ed. Sprchov\u00e1 n\u00e1st\u011bnn\u00e1 baterie s horn\u00edm v\u00fdvodem vody s rozte\u010d\u00ed 100 mm. Hloubka krabice [mm]: 232 mm \u0160\u00ed\u0159ka krabice [mm]: 175 mm V\u00fd\u0161ka krabice [mm]: 170 mm Proveden\u00ed: chrom V\u00fd\u0161ka [&hellip;]","og_url":"https:\/\/www.domtechnikpro.com\/index.php\/produkt\/novaservis-metalia-55-sprchova-baterie-horni-vyvod-100-mm-chrom-55066-1-0-originalni-45170\/","og_image":[{"width":600,"height":526,"url":"https:\/\/www.domtechnikpro.com\/wp-content\/uploads\/2026\/SK0001564-CZ20260425-092632-0-1777080397-novaservis-metalia-55-sprchova-baterie-horni-vyvod-100-mm-c.webp","type":"image\/webp"}],"twitter_card":"summary_large_image","twitter_misc":{"Odhadovan\u00e1 doba \u010dten\u00ed":"2 minuty"},"schema":{"@context":"https:\/\/schema.org","@graph":[{"@type":"WebPage","@id":"https:\/\/www.domtechnikpro.com\/index.php\/produkt\/novaservis-metalia-55-sprchova-baterie-horni-vyvod-100-mm-chrom-55066-1-0-originalni-45170\/","url":"https:\/\/www.domtechnikpro.com\/index.php\/produkt\/novaservis-metalia-55-sprchova-baterie-horni-vyvod-100-mm-chrom-55066-1-0-originalni-45170\/","name":"Novaservis Metalia 55 Sprchov\u00e1 baterie horn\u00ed v\u00fdvod 100 mm chrom 55066\/1,0 Origin\u00e1ln\u00ed -","isPartOf":{"@id":"https:\/\/www.domtechnikpro.com\/#website"},"primaryImageOfPage":{"@id":"https:\/\/www.domtechnikpro.com\/index.php\/produkt\/novaservis-metalia-55-sprchova-baterie-horni-vyvod-100-mm-chrom-55066-1-0-originalni-45170\/#primaryimage"},"image":{"@id":"https:\/\/www.domtechnikpro.com\/index.php\/produkt\/novaservis-metalia-55-sprchova-baterie-horni-vyvod-100-mm-chrom-55066-1-0-originalni-45170\/#primaryimage"},"thumbnailUrl":"https:\/\/www.domtechnikpro.com\/wp-content\/uploads\/2026\/SK0001564-CZ20260425-092632-0-1777080397-novaservis-metalia-55-sprchova-baterie-horni-vyvod-100-mm-c.webp","datePublished":"2026-04-26T08:59:46+00:00","breadcrumb":{"@id":"https:\/\/www.domtechnikpro.com\/index.php\/produkt\/novaservis-metalia-55-sprchova-baterie-horni-vyvod-100-mm-chrom-55066-1-0-originalni-45170\/#breadcrumb"},"inLanguage":"cs","potentialAction":[{"@type":"ReadAction","target":["https:\/\/www.domtechnikpro.com\/index.php\/produkt\/novaservis-metalia-55-sprchova-baterie-horni-vyvod-100-mm-chrom-55066-1-0-originalni-45170\/"]}]},{"@type":"ImageObject","inLanguage":"cs","@id":"https:\/\/www.domtechnikpro.com\/index.php\/produkt\/novaservis-metalia-55-sprchova-baterie-horni-vyvod-100-mm-chrom-55066-1-0-originalni-45170\/#primaryimage","url":"https:\/\/www.domtechnikpro.com\/wp-content\/uploads\/2026\/SK0001564-CZ20260425-092632-0-1777080397-novaservis-metalia-55-sprchova-baterie-horni-vyvod-100-mm-c.webp","contentUrl":"https:\/\/www.domtechnikpro.com\/wp-content\/uploads\/2026\/SK0001564-CZ20260425-092632-0-1777080397-novaservis-metalia-55-sprchova-baterie-horni-vyvod-100-mm-c.webp","width":600,"height":526},{"@type":"BreadcrumbList","@id":"https:\/\/www.domtechnikpro.com\/index.php\/produkt\/novaservis-metalia-55-sprchova-baterie-horni-vyvod-100-mm-chrom-55066-1-0-originalni-45170\/#breadcrumb","itemListElement":[{"@type":"ListItem","position":1,"name":"Home","item":"https:\/\/www.domtechnikpro.com\/"},{"@type":"ListItem","position":2,"name":"Products","item":"https:\/\/www.domtechnikpro.com\/index.php\/products\/"},{"@type":"ListItem","position":3,"name":"Novaservis Metalia 55 Sprchov\u00e1 baterie horn\u00ed v\u00fdvod 100 mm chrom 55066\/1,0 Origin\u00e1ln\u00ed"}]},{"@type":"WebSite","@id":"https:\/\/www.domtechnikpro.com\/#website","url":"https:\/\/www.domtechnikpro.com\/","name":"","description":"","potentialAction":[{"@type":"SearchAction","target":{"@type":"EntryPoint","urlTemplate":"https:\/\/www.domtechnikpro.com\/?s={search_term_string}"},"query-input":{"@type":"PropertyValueSpecification","valueRequired":true,"valueName":"search_term_string"}}],"inLanguage":"cs"}]}},"_links":{"self":[{"href":"https:\/\/www.domtechnikpro.com\/index.php\/wp-json\/wp\/v2\/product\/45170","targetHints":{"allow":["GET"]}}],"collection":[{"href":"https:\/\/www.domtechnikpro.com\/index.php\/wp-json\/wp\/v2\/product"}],"about":[{"href":"https:\/\/www.domtechnikpro.com\/index.php\/wp-json\/wp\/v2\/types\/product"}],"replies":[{"embeddable":true,"href":"https:\/\/www.domtechnikpro.com\/index.php\/wp-json\/wp\/v2\/comments?post=45170"}],"wp:featuredmedia":[{"embeddable":true,"href":"https:\/\/www.domtechnikpro.com\/index.php\/wp-json\/wp\/v2\/media\/45270"}],"wp:attachment":[{"href":"https:\/\/www.domtechnikpro.com\/index.php\/wp-json\/wp\/v2\/media?parent=45170"}],"wp:term":[{"taxonomy":"product_brand","embeddable":true,"href":"https:\/\/www.domtechnikpro.com\/index.php\/wp-json\/wp\/v2\/product_brand?post=45170"},{"taxonomy":"product_cat","embeddable":true,"href":"https:\/\/www.domtechnikpro.com\/index.php\/wp-json\/wp\/v2\/product_cat?post=45170"},{"taxonomy":"product_tag","embeddable":true,"href":"https:\/\/www.domtechnikpro.com\/index.php\/wp-json\/wp\/v2\/product_tag?post=45170"}],"curies":[{"name":"wp","href":"https:\/\/api.w.org\/{rel}","templated":true}]}}