{"id":45166,"date":"2026-04-26T08:59:46","date_gmt":"2026-04-26T08:59:46","guid":{"rendered":""},"modified":"2026-04-26T08:59:46","modified_gmt":"2026-04-26T08:59:46","slug":"novaservis-metalia-55-vanova-baterie-bez-prislusenstvi-100-mm-chrom-55024-1-0-aktualni-45166","status":"publish","type":"product","link":"https:\/\/www.domtechnikpro.com\/index.php\/produkt\/novaservis-metalia-55-vanova-baterie-bez-prislusenstvi-100-mm-chrom-55024-1-0-aktualni-45166\/","title":{"rendered":"Novaservis Metalia 55 Vanov\u00e1 baterie bez p\u0159\u00edslu\u0161enstv\u00ed 100 mm chrom 55024\/1,0 Aktu\u00e1ln\u00ed"},"content":{"rendered":"<div class=\"ProductDetail-content NoFixImageContainer\" id=\"productDescription\">\n<div class=\"Heading\">\n<h2 class=\"Heading-title\">Popis produktu <span class=''>Novaservis Metalia 55 Vanov\u00e1 baterie bez p\u0159\u00edslu\u0161enstv\u00ed 100 mm chrom 55024\/1,0<\/span><\/h2>\n<\/p><\/div>\n<div class=\"ProductDetailContent\">                                                                    <\/div>\n<div class=\"ProductDetailContent\">\n<div class=\"ProductDetailContent-item\">                                            Kvalitn\u00ed a odoln\u00e1 keramick\u00e1 kartu\u0161e KEROX 35 mm <b>s\u00a0prodlou\u017eenou z\u00e1rukou\u00a07\u00a0let<\/b>. Prvot\u0159\u00eddn\u00ed chromov\u00e9 proveden\u00ed. Vanov\u00e1 n\u00e1st\u011bnn\u00e1 baterie s rozte\u010d\u00ed 100 mm a areta\u010dn\u00edm p\u0159ep\u00edna\u010dem.                                        <\/div>\n<div class=\"ProductDetailContent-item\">\n<ul>\n<li>Hloubka krabice [mm]: <strong>232 mm<\/strong><\/li>\n<li>\u0160\u00ed\u0159ka krabice [mm]: <strong>175 mm<\/strong><\/li>\n<li>V\u00fd\u0161ka krabice [mm]: <strong>170 mm<\/strong><\/li>\n<li>Proveden\u00ed: <strong>chrom<\/strong><\/li>\n<li>V\u00fd\u0161ka [mm]: <strong>140 mm<\/strong><\/li>\n<li>\u0160\u00ed\u0159ka [mm]: <strong>130 mm<\/strong><\/li>\n<li>Hloubka [mm]: <strong>150 mm<\/strong><\/li>\n<li>Z\u00e1ruka na t\u011bsnost kartu\u0161e [rok]: <strong>7 rok<\/strong><\/li>\n<li>Rozte\u010d baterie [mm]: <strong>100 mm<\/strong><\/li>\n<li>Typ kartu\u0161e: <strong>35 mm<\/strong><\/li>\n<li>P\u0159\u00edslu\u0161enstv\u00ed: <strong>bez sprchov\u00e9 soupravy<\/strong><\/li>\n<li>Typ p\u0159ipojen\u00ed: <strong>3\/4&#8243;<\/strong><\/li>\n<\/ul><\/div>\n<div class=\"ProductDetailContent-item\">                                            Jedna z dlouhodob\u011b nejobl\u00edben\u011bj\u0161\u00edch \u0159ad vodovodn\u00edch bateri\u00ed v jednoduch\u00e9m a nad\u010dasov\u00e9m designu si najde sv\u00e9 m\u00edsto v jak\u00e9mkoliv interi\u00e9ru. S\u00e9rie METALIA 55 v\u00e1m nab\u00edz\u00ed mno\u017estv\u00ed variabilit jak pro koupelny, tak pro kuchyn\u011b v zaru\u010den\u00e9 kvalit\u011b a vysok\u00e9m u\u017eivatelsk\u00e9m komfortu. <b>Nejprod\u00e1van\u011bj\u0161\u00ed \u010desk\u00e9 vodovodn\u00ed baterie METALIA<\/b>. Tuto zna\u010dku rozhodn\u011b vystihuje &#8211; vysok\u00e1 kvalita, modern\u00ed design, funk\u010dnost a u\u017eivatelsk\u00fd komfort. <\/p><\/div>\n<\/p><\/div>\n<\/p><\/div>\n<\/p><\/div>\n<\/p><\/div>\n","protected":false},"excerpt":{"rendered":"<p>Popis produktu Novaservis Metalia 55 Vanov\u00e1 baterie bez p\u0159\u00edslu\u0161enstv\u00ed 100 mm chrom 55024\/1,0 Kvalitn\u00ed a odoln\u00e1 keramick\u00e1 kartu\u0161e KEROX 35 mm s\u00a0prodlou\u017eenou z\u00e1rukou\u00a07\u00a0let. Prvot\u0159\u00eddn\u00ed chromov\u00e9 proveden\u00ed. Vanov\u00e1 n\u00e1st\u011bnn\u00e1 baterie s rozte\u010d\u00ed 100 mm a areta\u010dn\u00edm p\u0159ep\u00edna\u010dem. Hloubka krabice [mm]: 232 mm \u0160\u00ed\u0159ka krabice [mm]: 175 mm V\u00fd\u0161ka krabice [mm]: 170 mm Proveden\u00ed: chrom V\u00fd\u0161ka [mm]: [&hellip;]<\/p>\n","protected":false},"featured_media":45266,"comment_status":"open","ping_status":"open","template":"","meta":[],"product_brand":[],"product_cat":[162],"product_tag":[],"class_list":{"0":"post-45166","1":"product","2":"type-product","3":"status-publish","4":"has-post-thumbnail","6":"product_cat-koupelny","8":"first","9":"instock","10":"sale","11":"shipping-taxable","12":"purchasable","13":"product-type-simple"},"yoast_head":"<!-- This site is optimized with the Yoast SEO plugin v26.8 - https:\/\/yoast.com\/product\/yoast-seo-wordpress\/ -->\n<title>Novaservis Metalia 55 Vanov\u00e1 baterie bez p\u0159\u00edslu\u0161enstv\u00ed 100 mm chrom 55024\/1,0 Aktu\u00e1ln\u00ed -<\/title>\n<meta name=\"robots\" content=\"index, follow, max-snippet:-1, max-image-preview:large, max-video-preview:-1\" \/>\n<link rel=\"canonical\" href=\"https:\/\/www.domtechnikpro.com\/index.php\/produkt\/novaservis-metalia-55-vanova-baterie-bez-prislusenstvi-100-mm-chrom-55024-1-0-aktualni-45166\/\" \/>\n<meta property=\"og:locale\" content=\"cs_CZ\" \/>\n<meta property=\"og:type\" content=\"article\" \/>\n<meta property=\"og:title\" content=\"Novaservis Metalia 55 Vanov\u00e1 baterie bez p\u0159\u00edslu\u0161enstv\u00ed 100 mm chrom 55024\/1,0 Aktu\u00e1ln\u00ed -\" \/>\n<meta property=\"og:description\" content=\"Popis produktu Novaservis Metalia 55 Vanov\u00e1 baterie bez p\u0159\u00edslu\u0161enstv\u00ed 100 mm chrom 55024\/1,0 Kvalitn\u00ed a odoln\u00e1 keramick\u00e1 kartu\u0161e KEROX 35 mm s\u00a0prodlou\u017eenou z\u00e1rukou\u00a07\u00a0let. Prvot\u0159\u00eddn\u00ed chromov\u00e9 proveden\u00ed. Vanov\u00e1 n\u00e1st\u011bnn\u00e1 baterie s rozte\u010d\u00ed 100 mm a areta\u010dn\u00edm p\u0159ep\u00edna\u010dem. Hloubka krabice [mm]: 232 mm \u0160\u00ed\u0159ka krabice [mm]: 175 mm V\u00fd\u0161ka krabice [mm]: 170 mm Proveden\u00ed: chrom V\u00fd\u0161ka [mm]: [&hellip;]\" \/>\n<meta property=\"og:url\" content=\"https:\/\/www.domtechnikpro.com\/index.php\/produkt\/novaservis-metalia-55-vanova-baterie-bez-prislusenstvi-100-mm-chrom-55024-1-0-aktualni-45166\/\" \/>\n<meta property=\"og:image\" content=\"https:\/\/www.domtechnikpro.com\/wp-content\/uploads\/2026\/SK0001560-CZ20260425-092632-0-1777080397-novaservis-metalia-55-vanova-baterie-bez-prislusenstvi-100-.webp\" \/>\n\t<meta property=\"og:image:width\" content=\"175\" \/>\n\t<meta property=\"og:image:height\" content=\"152\" \/>\n\t<meta property=\"og:image:type\" content=\"image\/webp\" \/>\n<meta name=\"twitter:card\" content=\"summary_large_image\" \/>\n<meta name=\"twitter:label1\" content=\"Odhadovan\u00e1 doba \u010dten\u00ed\" \/>\n\t<meta name=\"twitter:data1\" content=\"1 minuta\" \/>\n<script type=\"application\/ld+json\" class=\"yoast-schema-graph\">{\"@context\":\"https:\/\/schema.org\",\"@graph\":[{\"@type\":\"WebPage\",\"@id\":\"https:\/\/www.domtechnikpro.com\/index.php\/produkt\/novaservis-metalia-55-vanova-baterie-bez-prislusenstvi-100-mm-chrom-55024-1-0-aktualni-45166\/\",\"url\":\"https:\/\/www.domtechnikpro.com\/index.php\/produkt\/novaservis-metalia-55-vanova-baterie-bez-prislusenstvi-100-mm-chrom-55024-1-0-aktualni-45166\/\",\"name\":\"Novaservis Metalia 55 Vanov\u00e1 baterie bez p\u0159\u00edslu\u0161enstv\u00ed 100 mm chrom 55024\/1,0 Aktu\u00e1ln\u00ed -\",\"isPartOf\":{\"@id\":\"https:\/\/www.domtechnikpro.com\/#website\"},\"primaryImageOfPage\":{\"@id\":\"https:\/\/www.domtechnikpro.com\/index.php\/produkt\/novaservis-metalia-55-vanova-baterie-bez-prislusenstvi-100-mm-chrom-55024-1-0-aktualni-45166\/#primaryimage\"},\"image\":{\"@id\":\"https:\/\/www.domtechnikpro.com\/index.php\/produkt\/novaservis-metalia-55-vanova-baterie-bez-prislusenstvi-100-mm-chrom-55024-1-0-aktualni-45166\/#primaryimage\"},\"thumbnailUrl\":\"https:\/\/www.domtechnikpro.com\/wp-content\/uploads\/2026\/SK0001560-CZ20260425-092632-0-1777080397-novaservis-metalia-55-vanova-baterie-bez-prislusenstvi-100-.webp\",\"datePublished\":\"2026-04-26T08:59:46+00:00\",\"breadcrumb\":{\"@id\":\"https:\/\/www.domtechnikpro.com\/index.php\/produkt\/novaservis-metalia-55-vanova-baterie-bez-prislusenstvi-100-mm-chrom-55024-1-0-aktualni-45166\/#breadcrumb\"},\"inLanguage\":\"cs\",\"potentialAction\":[{\"@type\":\"ReadAction\",\"target\":[\"https:\/\/www.domtechnikpro.com\/index.php\/produkt\/novaservis-metalia-55-vanova-baterie-bez-prislusenstvi-100-mm-chrom-55024-1-0-aktualni-45166\/\"]}]},{\"@type\":\"ImageObject\",\"inLanguage\":\"cs\",\"@id\":\"https:\/\/www.domtechnikpro.com\/index.php\/produkt\/novaservis-metalia-55-vanova-baterie-bez-prislusenstvi-100-mm-chrom-55024-1-0-aktualni-45166\/#primaryimage\",\"url\":\"https:\/\/www.domtechnikpro.com\/wp-content\/uploads\/2026\/SK0001560-CZ20260425-092632-0-1777080397-novaservis-metalia-55-vanova-baterie-bez-prislusenstvi-100-.webp\",\"contentUrl\":\"https:\/\/www.domtechnikpro.com\/wp-content\/uploads\/2026\/SK0001560-CZ20260425-092632-0-1777080397-novaservis-metalia-55-vanova-baterie-bez-prislusenstvi-100-.webp\",\"width\":175,\"height\":152},{\"@type\":\"BreadcrumbList\",\"@id\":\"https:\/\/www.domtechnikpro.com\/index.php\/produkt\/novaservis-metalia-55-vanova-baterie-bez-prislusenstvi-100-mm-chrom-55024-1-0-aktualni-45166\/#breadcrumb\",\"itemListElement\":[{\"@type\":\"ListItem\",\"position\":1,\"name\":\"Home\",\"item\":\"https:\/\/www.domtechnikpro.com\/\"},{\"@type\":\"ListItem\",\"position\":2,\"name\":\"Products\",\"item\":\"https:\/\/www.domtechnikpro.com\/index.php\/products\/\"},{\"@type\":\"ListItem\",\"position\":3,\"name\":\"Novaservis Metalia 55 Vanov\u00e1 baterie bez p\u0159\u00edslu\u0161enstv\u00ed 100 mm chrom 55024\/1,0 Aktu\u00e1ln\u00ed\"}]},{\"@type\":\"WebSite\",\"@id\":\"https:\/\/www.domtechnikpro.com\/#website\",\"url\":\"https:\/\/www.domtechnikpro.com\/\",\"name\":\"\",\"description\":\"\",\"potentialAction\":[{\"@type\":\"SearchAction\",\"target\":{\"@type\":\"EntryPoint\",\"urlTemplate\":\"https:\/\/www.domtechnikpro.com\/?s={search_term_string}\"},\"query-input\":{\"@type\":\"PropertyValueSpecification\",\"valueRequired\":true,\"valueName\":\"search_term_string\"}}],\"inLanguage\":\"cs\"}]}<\/script>\n<!-- \/ Yoast SEO plugin. -->","yoast_head_json":{"title":"Novaservis Metalia 55 Vanov\u00e1 baterie bez p\u0159\u00edslu\u0161enstv\u00ed 100 mm chrom 55024\/1,0 Aktu\u00e1ln\u00ed -","robots":{"index":"index","follow":"follow","max-snippet":"max-snippet:-1","max-image-preview":"max-image-preview:large","max-video-preview":"max-video-preview:-1"},"canonical":"https:\/\/www.domtechnikpro.com\/index.php\/produkt\/novaservis-metalia-55-vanova-baterie-bez-prislusenstvi-100-mm-chrom-55024-1-0-aktualni-45166\/","og_locale":"cs_CZ","og_type":"article","og_title":"Novaservis Metalia 55 Vanov\u00e1 baterie bez p\u0159\u00edslu\u0161enstv\u00ed 100 mm chrom 55024\/1,0 Aktu\u00e1ln\u00ed -","og_description":"Popis produktu Novaservis Metalia 55 Vanov\u00e1 baterie bez p\u0159\u00edslu\u0161enstv\u00ed 100 mm chrom 55024\/1,0 Kvalitn\u00ed a odoln\u00e1 keramick\u00e1 kartu\u0161e KEROX 35 mm s\u00a0prodlou\u017eenou z\u00e1rukou\u00a07\u00a0let. Prvot\u0159\u00eddn\u00ed chromov\u00e9 proveden\u00ed. Vanov\u00e1 n\u00e1st\u011bnn\u00e1 baterie s rozte\u010d\u00ed 100 mm a areta\u010dn\u00edm p\u0159ep\u00edna\u010dem. Hloubka krabice [mm]: 232 mm \u0160\u00ed\u0159ka krabice [mm]: 175 mm V\u00fd\u0161ka krabice [mm]: 170 mm Proveden\u00ed: chrom V\u00fd\u0161ka [mm]: [&hellip;]","og_url":"https:\/\/www.domtechnikpro.com\/index.php\/produkt\/novaservis-metalia-55-vanova-baterie-bez-prislusenstvi-100-mm-chrom-55024-1-0-aktualni-45166\/","og_image":[{"width":175,"height":152,"url":"https:\/\/www.domtechnikpro.com\/wp-content\/uploads\/2026\/SK0001560-CZ20260425-092632-0-1777080397-novaservis-metalia-55-vanova-baterie-bez-prislusenstvi-100-.webp","type":"image\/webp"}],"twitter_card":"summary_large_image","twitter_misc":{"Odhadovan\u00e1 doba \u010dten\u00ed":"1 minuta"},"schema":{"@context":"https:\/\/schema.org","@graph":[{"@type":"WebPage","@id":"https:\/\/www.domtechnikpro.com\/index.php\/produkt\/novaservis-metalia-55-vanova-baterie-bez-prislusenstvi-100-mm-chrom-55024-1-0-aktualni-45166\/","url":"https:\/\/www.domtechnikpro.com\/index.php\/produkt\/novaservis-metalia-55-vanova-baterie-bez-prislusenstvi-100-mm-chrom-55024-1-0-aktualni-45166\/","name":"Novaservis Metalia 55 Vanov\u00e1 baterie bez p\u0159\u00edslu\u0161enstv\u00ed 100 mm chrom 55024\/1,0 Aktu\u00e1ln\u00ed -","isPartOf":{"@id":"https:\/\/www.domtechnikpro.com\/#website"},"primaryImageOfPage":{"@id":"https:\/\/www.domtechnikpro.com\/index.php\/produkt\/novaservis-metalia-55-vanova-baterie-bez-prislusenstvi-100-mm-chrom-55024-1-0-aktualni-45166\/#primaryimage"},"image":{"@id":"https:\/\/www.domtechnikpro.com\/index.php\/produkt\/novaservis-metalia-55-vanova-baterie-bez-prislusenstvi-100-mm-chrom-55024-1-0-aktualni-45166\/#primaryimage"},"thumbnailUrl":"https:\/\/www.domtechnikpro.com\/wp-content\/uploads\/2026\/SK0001560-CZ20260425-092632-0-1777080397-novaservis-metalia-55-vanova-baterie-bez-prislusenstvi-100-.webp","datePublished":"2026-04-26T08:59:46+00:00","breadcrumb":{"@id":"https:\/\/www.domtechnikpro.com\/index.php\/produkt\/novaservis-metalia-55-vanova-baterie-bez-prislusenstvi-100-mm-chrom-55024-1-0-aktualni-45166\/#breadcrumb"},"inLanguage":"cs","potentialAction":[{"@type":"ReadAction","target":["https:\/\/www.domtechnikpro.com\/index.php\/produkt\/novaservis-metalia-55-vanova-baterie-bez-prislusenstvi-100-mm-chrom-55024-1-0-aktualni-45166\/"]}]},{"@type":"ImageObject","inLanguage":"cs","@id":"https:\/\/www.domtechnikpro.com\/index.php\/produkt\/novaservis-metalia-55-vanova-baterie-bez-prislusenstvi-100-mm-chrom-55024-1-0-aktualni-45166\/#primaryimage","url":"https:\/\/www.domtechnikpro.com\/wp-content\/uploads\/2026\/SK0001560-CZ20260425-092632-0-1777080397-novaservis-metalia-55-vanova-baterie-bez-prislusenstvi-100-.webp","contentUrl":"https:\/\/www.domtechnikpro.com\/wp-content\/uploads\/2026\/SK0001560-CZ20260425-092632-0-1777080397-novaservis-metalia-55-vanova-baterie-bez-prislusenstvi-100-.webp","width":175,"height":152},{"@type":"BreadcrumbList","@id":"https:\/\/www.domtechnikpro.com\/index.php\/produkt\/novaservis-metalia-55-vanova-baterie-bez-prislusenstvi-100-mm-chrom-55024-1-0-aktualni-45166\/#breadcrumb","itemListElement":[{"@type":"ListItem","position":1,"name":"Home","item":"https:\/\/www.domtechnikpro.com\/"},{"@type":"ListItem","position":2,"name":"Products","item":"https:\/\/www.domtechnikpro.com\/index.php\/products\/"},{"@type":"ListItem","position":3,"name":"Novaservis Metalia 55 Vanov\u00e1 baterie bez p\u0159\u00edslu\u0161enstv\u00ed 100 mm chrom 55024\/1,0 Aktu\u00e1ln\u00ed"}]},{"@type":"WebSite","@id":"https:\/\/www.domtechnikpro.com\/#website","url":"https:\/\/www.domtechnikpro.com\/","name":"","description":"","potentialAction":[{"@type":"SearchAction","target":{"@type":"EntryPoint","urlTemplate":"https:\/\/www.domtechnikpro.com\/?s={search_term_string}"},"query-input":{"@type":"PropertyValueSpecification","valueRequired":true,"valueName":"search_term_string"}}],"inLanguage":"cs"}]}},"_links":{"self":[{"href":"https:\/\/www.domtechnikpro.com\/index.php\/wp-json\/wp\/v2\/product\/45166","targetHints":{"allow":["GET"]}}],"collection":[{"href":"https:\/\/www.domtechnikpro.com\/index.php\/wp-json\/wp\/v2\/product"}],"about":[{"href":"https:\/\/www.domtechnikpro.com\/index.php\/wp-json\/wp\/v2\/types\/product"}],"replies":[{"embeddable":true,"href":"https:\/\/www.domtechnikpro.com\/index.php\/wp-json\/wp\/v2\/comments?post=45166"}],"wp:featuredmedia":[{"embeddable":true,"href":"https:\/\/www.domtechnikpro.com\/index.php\/wp-json\/wp\/v2\/media\/45266"}],"wp:attachment":[{"href":"https:\/\/www.domtechnikpro.com\/index.php\/wp-json\/wp\/v2\/media?parent=45166"}],"wp:term":[{"taxonomy":"product_brand","embeddable":true,"href":"https:\/\/www.domtechnikpro.com\/index.php\/wp-json\/wp\/v2\/product_brand?post=45166"},{"taxonomy":"product_cat","embeddable":true,"href":"https:\/\/www.domtechnikpro.com\/index.php\/wp-json\/wp\/v2\/product_cat?post=45166"},{"taxonomy":"product_tag","embeddable":true,"href":"https:\/\/www.domtechnikpro.com\/index.php\/wp-json\/wp\/v2\/product_tag?post=45166"}],"curies":[{"name":"wp","href":"https:\/\/api.w.org\/{rel}","templated":true}]}}