{"id":45112,"date":"2026-04-26T08:59:46","date_gmt":"2026-04-26T08:59:46","guid":{"rendered":""},"modified":"2026-04-26T08:59:46","modified_gmt":"2026-04-26T08:59:46","slug":"ravak-newday-rohova-akrylatova-vana-150x150-cm-nizka-cena-45112","status":"publish","type":"product","link":"https:\/\/www.domtechnikpro.com\/index.php\/produkt\/ravak-newday-rohova-akrylatova-vana-150x150-cm-nizka-cena-45112\/","title":{"rendered":"Ravak NewDay Rohov\u00e1 akryl\u00e1tov\u00e1 vana 150&#215;150 cm N\u00edzk\u00e1 Cena"},"content":{"rendered":"<div class=\"ProductDetail-content NoFixImageContainer\" id=\"productDescription\">\n<div class=\"Heading\">\n<h2 class=\"Heading-title\">Popis produktu <span class=''>Ravak NewDay Rohov\u00e1 akryl\u00e1tov\u00e1 vana 150&#215;150 cm<\/span><\/h2>\n<\/p><\/div>\n<div class=\"ProductDetailContent\">\n<p><span style=\"color:#3e3e3e; font-family:open sans,sans-serif; font-size:16px\">Modern\u00ed a \u010dist\u00e9 linie. Vychutnejte si pohodln\u00e9 koup\u00e1n\u00ed ve dvou d\u00edky pozvoln\u00e9mu sklonu z\u00e1dov\u00e9 \u010d\u00e1sti a odtoku um\u00edst\u011bn\u00e9mu uprost\u0159ed. \u0160ir\u0161\u00ed lemy i&nbsp;sed\u00e1tko nad hladinou vody poskytuj\u00ed m\u00edsto pot\u0159ebn\u00e9 pro polo\u017een\u00ed rukou \u010di odlo\u017een\u00ed kosmetiky. V\u0161echno m\u016f\u017eete m\u00edt po ruce. Rohov\u00e9 vany RAVAK jsou koncipov\u00e1ny tak, aby pohodln\u011b usadily i&nbsp;dva koupaj\u00edc\u00ed se proti sob\u011b. Vana NewDay m\u00e1 jednoduch\u00e9 \u010dist\u00e9 tvary promy\u0161len\u00e9 tak, aby byl pobyt ve van\u011b maxim\u00e1n\u011b pohodln\u00fd p\u0159i ka\u017ed\u00e9 pozici.<\/span><\/p>\n<ul>\n<li><span style=\"font-size:16px\">v rozm\u011brech 150 x 150, 140 x 140 cm<\/span><\/li>\n<li><span style=\"font-size:16px\">standardn\u00ed z\u00e1ruka 10 let<\/span><\/li>\n<\/ul>\n<p><span style=\"font-size:16px\">S vanou NewDay m\u016f\u017eete za\u010d\u00edt nov\u00fd den pln\u00ed energie.&nbsp;Pro romantick\u00e9 ve\u010dery ve dvou doporu\u010dujeme doplnit vanu novou chromtoerapi\u00ed H<sub>2<\/sub>O Color s&nbsp;funkc\u00ed MoonLight.&nbsp;Vana disponuje prostorn\u00fdm sed\u00e1tkem nad hladinou vody, kter\u00e9 lze vyu\u017e\u00edt i&nbsp;jako odkl\u00e1dac\u00ed plochu. V\u00edce odkl\u00e1dac\u00edch ploch se nach\u00e1z\u00ed tak\u00e9 na \u0161irok\u00fdch lemech vany. K&nbsp;van\u011b lze po\u0159\u00eddit p\u0159\u00edslu\u0161enstv\u00ed (podporu, vanov\u00fd odtokov\u00fd komplet s&nbsp;p\u0159epadem) nebo praktick\u00e9 dopl\u0148ky \u2013 \u010deln\u00ed panel, podhlavn\u00edky. Mo\u017enost osazen\u00ed hydromas\u00e1\u017en\u00edm syst\u00e9mem.<\/span><\/p>\n<\/p><\/div>\n<div class=\"ProductDetailContent\">\n<div class=\"ProductDetailContent-item\">\n<div style=\"background-color:#f9f9f9; border-left:5px solid #4caf50; border-radius:8px; box-shadow:0 4px 12px rgba(0,0,0,0.1); font-family:Arial,sans-serif; margin-bottom:20px; padding:25px 20px 20px 20px; position:relative\"><!-- Ikona info v lev\u00e9m horn\u00edm rohu --><\/p>\n<div style=\"align-items:center; background-color:#4caf50; border-radius:50%; color:#ffffff; display:flex; font-size:18px; font-weight:bold; height:30px; justify-content:center; left:-10px; position:absolute; top:-10px; width:30px\">i<\/div>\n<h3 style=\"margin-left:15px\">\u2705 Kvalitn\u00ed mont\u00e1\u017e vany je z\u00e1klad pohodln\u00e9ho koup\u00e1n\u00ed \u2013 nechte to na n\u00e1s<\/h3>\n<p>Spr\u00e1vn\u00e1 mont\u00e1\u017e <strong>vany<\/strong> je kl\u00ed\u010dem k jej\u00ed dlouh\u00e9 \u017eivotnosti, bezpe\u010dnosti i bezprobl\u00e9mov\u00e9mu provozu. A\u0165 u\u017e se jedn\u00e1 o klasickou <strong>obd\u00e9ln\u00edkovou vanu<\/strong>, <strong>rohovou<\/strong>, <strong>asymetrickou<\/strong> \u010di <strong>voln\u011b stoj\u00edc\u00ed<\/strong>, je v\u017edy d\u016fle\u017eit\u00e9 zajistit precizn\u00ed usazen\u00ed, stabilitu a pe\u010dliv\u00e9 ut\u011bsn\u011bn\u00ed v\u0161ech napojen\u00ed.<\/p>\n<p><strong>Nab\u00edz\u00edme odbornou mont\u00e1\u017e van v\u0161ech typ\u016f i zna\u010dek<\/strong>. Postar\u00e1me se o p\u0159esn\u00e9 zam\u011b\u0159en\u00ed, demont\u00e1\u017e p\u016fvodn\u00ed vany, p\u0159\u00edpravu prostoru, instalaci vany v\u010detn\u011b napojen\u00ed na odpad a vodu, i osazen\u00ed <strong>vanov\u00e9 baterie<\/strong> nebo <strong>vanov\u00e9 z\u00e1st\u011bny<\/strong>. Po dokon\u010den\u00ed v\u017edy d\u016fsledn\u011b otestujeme funk\u010dnost a db\u00e1me na \u010dist\u00fd a profesion\u00e1ln\u00ed v\u00fdstup.<\/p>\n<p><strong>Mont\u00e1\u017e vany p\u0159enechte zku\u0161en\u00fdm odborn\u00edk\u016fm<\/strong>, vyhnete se nep\u0159esnostem, net\u011bsnostem nebo probl\u00e9m\u016fm s podlahou a izolac\u00ed. Pracujeme rychle, pe\u010dliv\u011b a s respektem k va\u0161emu interi\u00e9ru.<\/p>\n<\/div><\/div>\n<\/p><\/div>\n<\/p><\/div>\n<\/p><\/div>\n<\/p><\/div>\n","protected":false},"excerpt":{"rendered":"<p>Popis produktu Ravak NewDay Rohov\u00e1 akryl\u00e1tov\u00e1 vana 150&#215;150 cm Modern\u00ed a \u010dist\u00e9 linie. Vychutnejte si pohodln\u00e9 koup\u00e1n\u00ed ve dvou d\u00edky pozvoln\u00e9mu sklonu z\u00e1dov\u00e9 \u010d\u00e1sti a odtoku um\u00edst\u011bn\u00e9mu uprost\u0159ed. \u0160ir\u0161\u00ed lemy i&nbsp;sed\u00e1tko nad hladinou vody poskytuj\u00ed m\u00edsto pot\u0159ebn\u00e9 pro polo\u017een\u00ed rukou \u010di odlo\u017een\u00ed kosmetiky. V\u0161echno m\u016f\u017eete m\u00edt po ruce. Rohov\u00e9 vany RAVAK jsou koncipov\u00e1ny tak, aby [&hellip;]<\/p>\n","protected":false},"featured_media":45212,"comment_status":"open","ping_status":"open","template":"","meta":[],"product_brand":[],"product_cat":[162],"product_tag":[],"class_list":{"0":"post-45112","1":"product","2":"type-product","3":"status-publish","4":"has-post-thumbnail","6":"product_cat-koupelny","8":"first","9":"instock","10":"sale","11":"shipping-taxable","12":"purchasable","13":"product-type-simple"},"yoast_head":"<!-- This site is optimized with the Yoast SEO plugin v26.8 - https:\/\/yoast.com\/product\/yoast-seo-wordpress\/ -->\n<title>Ravak NewDay Rohov\u00e1 akryl\u00e1tov\u00e1 vana 150x150 cm N\u00edzk\u00e1 Cena -<\/title>\n<meta name=\"robots\" content=\"index, follow, max-snippet:-1, max-image-preview:large, max-video-preview:-1\" \/>\n<link rel=\"canonical\" href=\"https:\/\/www.domtechnikpro.com\/index.php\/produkt\/ravak-newday-rohova-akrylatova-vana-150x150-cm-nizka-cena-45112\/\" \/>\n<meta property=\"og:locale\" content=\"cs_CZ\" \/>\n<meta property=\"og:type\" content=\"article\" \/>\n<meta property=\"og:title\" content=\"Ravak NewDay Rohov\u00e1 akryl\u00e1tov\u00e1 vana 150x150 cm N\u00edzk\u00e1 Cena -\" \/>\n<meta property=\"og:description\" content=\"Popis produktu Ravak NewDay Rohov\u00e1 akryl\u00e1tov\u00e1 vana 150&#215;150 cm Modern\u00ed a \u010dist\u00e9 linie. Vychutnejte si pohodln\u00e9 koup\u00e1n\u00ed ve dvou d\u00edky pozvoln\u00e9mu sklonu z\u00e1dov\u00e9 \u010d\u00e1sti a odtoku um\u00edst\u011bn\u00e9mu uprost\u0159ed. \u0160ir\u0161\u00ed lemy i&nbsp;sed\u00e1tko nad hladinou vody poskytuj\u00ed m\u00edsto pot\u0159ebn\u00e9 pro polo\u017een\u00ed rukou \u010di odlo\u017een\u00ed kosmetiky. V\u0161echno m\u016f\u017eete m\u00edt po ruce. Rohov\u00e9 vany RAVAK jsou koncipov\u00e1ny tak, aby [&hellip;]\" \/>\n<meta property=\"og:url\" content=\"https:\/\/www.domtechnikpro.com\/index.php\/produkt\/ravak-newday-rohova-akrylatova-vana-150x150-cm-nizka-cena-45112\/\" \/>\n<meta property=\"og:image\" content=\"https:\/\/www.domtechnikpro.com\/wp-content\/uploads\/2026\/SK0001485-CZ20260425-092632-0-1777080397-ravak-newday-rohova-akrylatova-vana-150x150-cm-38881.webp\" \/>\n\t<meta property=\"og:image:width\" content=\"598\" \/>\n\t<meta property=\"og:image:height\" content=\"600\" \/>\n\t<meta property=\"og:image:type\" content=\"image\/webp\" \/>\n<meta name=\"twitter:card\" content=\"summary_large_image\" \/>\n<meta name=\"twitter:label1\" content=\"Odhadovan\u00e1 doba \u010dten\u00ed\" \/>\n\t<meta name=\"twitter:data1\" content=\"2 minuty\" \/>\n<script type=\"application\/ld+json\" class=\"yoast-schema-graph\">{\"@context\":\"https:\/\/schema.org\",\"@graph\":[{\"@type\":\"WebPage\",\"@id\":\"https:\/\/www.domtechnikpro.com\/index.php\/produkt\/ravak-newday-rohova-akrylatova-vana-150x150-cm-nizka-cena-45112\/\",\"url\":\"https:\/\/www.domtechnikpro.com\/index.php\/produkt\/ravak-newday-rohova-akrylatova-vana-150x150-cm-nizka-cena-45112\/\",\"name\":\"Ravak NewDay Rohov\u00e1 akryl\u00e1tov\u00e1 vana 150x150 cm N\u00edzk\u00e1 Cena -\",\"isPartOf\":{\"@id\":\"https:\/\/www.domtechnikpro.com\/#website\"},\"primaryImageOfPage\":{\"@id\":\"https:\/\/www.domtechnikpro.com\/index.php\/produkt\/ravak-newday-rohova-akrylatova-vana-150x150-cm-nizka-cena-45112\/#primaryimage\"},\"image\":{\"@id\":\"https:\/\/www.domtechnikpro.com\/index.php\/produkt\/ravak-newday-rohova-akrylatova-vana-150x150-cm-nizka-cena-45112\/#primaryimage\"},\"thumbnailUrl\":\"https:\/\/www.domtechnikpro.com\/wp-content\/uploads\/2026\/SK0001485-CZ20260425-092632-0-1777080397-ravak-newday-rohova-akrylatova-vana-150x150-cm-38881.webp\",\"datePublished\":\"2026-04-26T08:59:46+00:00\",\"breadcrumb\":{\"@id\":\"https:\/\/www.domtechnikpro.com\/index.php\/produkt\/ravak-newday-rohova-akrylatova-vana-150x150-cm-nizka-cena-45112\/#breadcrumb\"},\"inLanguage\":\"cs\",\"potentialAction\":[{\"@type\":\"ReadAction\",\"target\":[\"https:\/\/www.domtechnikpro.com\/index.php\/produkt\/ravak-newday-rohova-akrylatova-vana-150x150-cm-nizka-cena-45112\/\"]}]},{\"@type\":\"ImageObject\",\"inLanguage\":\"cs\",\"@id\":\"https:\/\/www.domtechnikpro.com\/index.php\/produkt\/ravak-newday-rohova-akrylatova-vana-150x150-cm-nizka-cena-45112\/#primaryimage\",\"url\":\"https:\/\/www.domtechnikpro.com\/wp-content\/uploads\/2026\/SK0001485-CZ20260425-092632-0-1777080397-ravak-newday-rohova-akrylatova-vana-150x150-cm-38881.webp\",\"contentUrl\":\"https:\/\/www.domtechnikpro.com\/wp-content\/uploads\/2026\/SK0001485-CZ20260425-092632-0-1777080397-ravak-newday-rohova-akrylatova-vana-150x150-cm-38881.webp\",\"width\":598,\"height\":600},{\"@type\":\"BreadcrumbList\",\"@id\":\"https:\/\/www.domtechnikpro.com\/index.php\/produkt\/ravak-newday-rohova-akrylatova-vana-150x150-cm-nizka-cena-45112\/#breadcrumb\",\"itemListElement\":[{\"@type\":\"ListItem\",\"position\":1,\"name\":\"Home\",\"item\":\"https:\/\/www.domtechnikpro.com\/\"},{\"@type\":\"ListItem\",\"position\":2,\"name\":\"Products\",\"item\":\"https:\/\/www.domtechnikpro.com\/index.php\/products\/\"},{\"@type\":\"ListItem\",\"position\":3,\"name\":\"Ravak NewDay Rohov\u00e1 akryl\u00e1tov\u00e1 vana 150&#215;150 cm N\u00edzk\u00e1 Cena\"}]},{\"@type\":\"WebSite\",\"@id\":\"https:\/\/www.domtechnikpro.com\/#website\",\"url\":\"https:\/\/www.domtechnikpro.com\/\",\"name\":\"\",\"description\":\"\",\"potentialAction\":[{\"@type\":\"SearchAction\",\"target\":{\"@type\":\"EntryPoint\",\"urlTemplate\":\"https:\/\/www.domtechnikpro.com\/?s={search_term_string}\"},\"query-input\":{\"@type\":\"PropertyValueSpecification\",\"valueRequired\":true,\"valueName\":\"search_term_string\"}}],\"inLanguage\":\"cs\"}]}<\/script>\n<!-- \/ Yoast SEO plugin. -->","yoast_head_json":{"title":"Ravak NewDay Rohov\u00e1 akryl\u00e1tov\u00e1 vana 150x150 cm N\u00edzk\u00e1 Cena -","robots":{"index":"index","follow":"follow","max-snippet":"max-snippet:-1","max-image-preview":"max-image-preview:large","max-video-preview":"max-video-preview:-1"},"canonical":"https:\/\/www.domtechnikpro.com\/index.php\/produkt\/ravak-newday-rohova-akrylatova-vana-150x150-cm-nizka-cena-45112\/","og_locale":"cs_CZ","og_type":"article","og_title":"Ravak NewDay Rohov\u00e1 akryl\u00e1tov\u00e1 vana 150x150 cm N\u00edzk\u00e1 Cena -","og_description":"Popis produktu Ravak NewDay Rohov\u00e1 akryl\u00e1tov\u00e1 vana 150&#215;150 cm Modern\u00ed a \u010dist\u00e9 linie. Vychutnejte si pohodln\u00e9 koup\u00e1n\u00ed ve dvou d\u00edky pozvoln\u00e9mu sklonu z\u00e1dov\u00e9 \u010d\u00e1sti a odtoku um\u00edst\u011bn\u00e9mu uprost\u0159ed. \u0160ir\u0161\u00ed lemy i&nbsp;sed\u00e1tko nad hladinou vody poskytuj\u00ed m\u00edsto pot\u0159ebn\u00e9 pro polo\u017een\u00ed rukou \u010di odlo\u017een\u00ed kosmetiky. V\u0161echno m\u016f\u017eete m\u00edt po ruce. Rohov\u00e9 vany RAVAK jsou koncipov\u00e1ny tak, aby [&hellip;]","og_url":"https:\/\/www.domtechnikpro.com\/index.php\/produkt\/ravak-newday-rohova-akrylatova-vana-150x150-cm-nizka-cena-45112\/","og_image":[{"width":598,"height":600,"url":"https:\/\/www.domtechnikpro.com\/wp-content\/uploads\/2026\/SK0001485-CZ20260425-092632-0-1777080397-ravak-newday-rohova-akrylatova-vana-150x150-cm-38881.webp","type":"image\/webp"}],"twitter_card":"summary_large_image","twitter_misc":{"Odhadovan\u00e1 doba \u010dten\u00ed":"2 minuty"},"schema":{"@context":"https:\/\/schema.org","@graph":[{"@type":"WebPage","@id":"https:\/\/www.domtechnikpro.com\/index.php\/produkt\/ravak-newday-rohova-akrylatova-vana-150x150-cm-nizka-cena-45112\/","url":"https:\/\/www.domtechnikpro.com\/index.php\/produkt\/ravak-newday-rohova-akrylatova-vana-150x150-cm-nizka-cena-45112\/","name":"Ravak NewDay Rohov\u00e1 akryl\u00e1tov\u00e1 vana 150x150 cm N\u00edzk\u00e1 Cena -","isPartOf":{"@id":"https:\/\/www.domtechnikpro.com\/#website"},"primaryImageOfPage":{"@id":"https:\/\/www.domtechnikpro.com\/index.php\/produkt\/ravak-newday-rohova-akrylatova-vana-150x150-cm-nizka-cena-45112\/#primaryimage"},"image":{"@id":"https:\/\/www.domtechnikpro.com\/index.php\/produkt\/ravak-newday-rohova-akrylatova-vana-150x150-cm-nizka-cena-45112\/#primaryimage"},"thumbnailUrl":"https:\/\/www.domtechnikpro.com\/wp-content\/uploads\/2026\/SK0001485-CZ20260425-092632-0-1777080397-ravak-newday-rohova-akrylatova-vana-150x150-cm-38881.webp","datePublished":"2026-04-26T08:59:46+00:00","breadcrumb":{"@id":"https:\/\/www.domtechnikpro.com\/index.php\/produkt\/ravak-newday-rohova-akrylatova-vana-150x150-cm-nizka-cena-45112\/#breadcrumb"},"inLanguage":"cs","potentialAction":[{"@type":"ReadAction","target":["https:\/\/www.domtechnikpro.com\/index.php\/produkt\/ravak-newday-rohova-akrylatova-vana-150x150-cm-nizka-cena-45112\/"]}]},{"@type":"ImageObject","inLanguage":"cs","@id":"https:\/\/www.domtechnikpro.com\/index.php\/produkt\/ravak-newday-rohova-akrylatova-vana-150x150-cm-nizka-cena-45112\/#primaryimage","url":"https:\/\/www.domtechnikpro.com\/wp-content\/uploads\/2026\/SK0001485-CZ20260425-092632-0-1777080397-ravak-newday-rohova-akrylatova-vana-150x150-cm-38881.webp","contentUrl":"https:\/\/www.domtechnikpro.com\/wp-content\/uploads\/2026\/SK0001485-CZ20260425-092632-0-1777080397-ravak-newday-rohova-akrylatova-vana-150x150-cm-38881.webp","width":598,"height":600},{"@type":"BreadcrumbList","@id":"https:\/\/www.domtechnikpro.com\/index.php\/produkt\/ravak-newday-rohova-akrylatova-vana-150x150-cm-nizka-cena-45112\/#breadcrumb","itemListElement":[{"@type":"ListItem","position":1,"name":"Home","item":"https:\/\/www.domtechnikpro.com\/"},{"@type":"ListItem","position":2,"name":"Products","item":"https:\/\/www.domtechnikpro.com\/index.php\/products\/"},{"@type":"ListItem","position":3,"name":"Ravak NewDay Rohov\u00e1 akryl\u00e1tov\u00e1 vana 150&#215;150 cm N\u00edzk\u00e1 Cena"}]},{"@type":"WebSite","@id":"https:\/\/www.domtechnikpro.com\/#website","url":"https:\/\/www.domtechnikpro.com\/","name":"","description":"","potentialAction":[{"@type":"SearchAction","target":{"@type":"EntryPoint","urlTemplate":"https:\/\/www.domtechnikpro.com\/?s={search_term_string}"},"query-input":{"@type":"PropertyValueSpecification","valueRequired":true,"valueName":"search_term_string"}}],"inLanguage":"cs"}]}},"_links":{"self":[{"href":"https:\/\/www.domtechnikpro.com\/index.php\/wp-json\/wp\/v2\/product\/45112","targetHints":{"allow":["GET"]}}],"collection":[{"href":"https:\/\/www.domtechnikpro.com\/index.php\/wp-json\/wp\/v2\/product"}],"about":[{"href":"https:\/\/www.domtechnikpro.com\/index.php\/wp-json\/wp\/v2\/types\/product"}],"replies":[{"embeddable":true,"href":"https:\/\/www.domtechnikpro.com\/index.php\/wp-json\/wp\/v2\/comments?post=45112"}],"wp:featuredmedia":[{"embeddable":true,"href":"https:\/\/www.domtechnikpro.com\/index.php\/wp-json\/wp\/v2\/media\/45212"}],"wp:attachment":[{"href":"https:\/\/www.domtechnikpro.com\/index.php\/wp-json\/wp\/v2\/media?parent=45112"}],"wp:term":[{"taxonomy":"product_brand","embeddable":true,"href":"https:\/\/www.domtechnikpro.com\/index.php\/wp-json\/wp\/v2\/product_brand?post=45112"},{"taxonomy":"product_cat","embeddable":true,"href":"https:\/\/www.domtechnikpro.com\/index.php\/wp-json\/wp\/v2\/product_cat?post=45112"},{"taxonomy":"product_tag","embeddable":true,"href":"https:\/\/www.domtechnikpro.com\/index.php\/wp-json\/wp\/v2\/product_tag?post=45112"}],"curies":[{"name":"wp","href":"https:\/\/api.w.org\/{rel}","templated":true}]}}