{"id":45092,"date":"2026-04-26T08:59:46","date_gmt":"2026-04-26T08:59:46","guid":{"rendered":""},"modified":"2026-04-26T08:59:46","modified_gmt":"2026-04-26T08:59:46","slug":"alca-a104-850-montazni-ram-pro-umyvadlo-stavebni-vyska-0-85-m-akcni-cena-45092","status":"publish","type":"product","link":"https:\/\/www.domtechnikpro.com\/index.php\/produkt\/alca-a104-850-montazni-ram-pro-umyvadlo-stavebni-vyska-0-85-m-akcni-cena-45092\/","title":{"rendered":"ALCA A104\/850 Mont\u00e1\u017en\u00ed r\u00e1m pro umyvadlo &#8211; stavebn\u00ed v\u00fd\u0161ka 0,85 m Ak\u010dn\u00ed Cena"},"content":{"rendered":"<div class=\"ProductDetail-content NoFixImageContainer\" id=\"productDescription\">\n<div class=\"Heading\">\n<h2 class=\"Heading-title\">Popis produktu <span class=''>ALCA A104\/850 Mont\u00e1\u017en\u00ed r\u00e1m pro umyvadlo &#8211; stavebn\u00ed v\u00fd\u0161ka 0,85 m<\/span><\/h2>\n<\/p><\/div>\n<div class=\"ProductDetailContent\">\n<h3><span style=\"font-size:16px\"><span style=\"font-family:arial,helvetica,sans-serif\">Mont&aacute;\u017en&iacute; r&aacute;m pro umyvadlo<\/span><\/span><\/h3>\n<p><strong><span style=\"font-size:16px\">Pou\u017eit&iacute;<\/span><\/strong><\/p>\n<ul>\n<li><span style=\"font-size:16px\">Pro z&aacute;v\u011bsn&eacute; umyvadlo<\/span><\/li>\n<li><span style=\"font-size:16px\">Pro mont&aacute;\u017e stoj&aacute;nkov&eacute; armatury<\/span><\/li>\n<li><span style=\"font-size:16px\">Pro mont&aacute;\u017e p\u0159ed nosnou st\u011bnu nebo do s&aacute;drokartonov&eacute; konstrukce<\/span><\/li>\n<\/ul>\n<p><strong><span style=\"font-size:16px\">Technick&eacute; parametry<\/span><\/strong><\/p>\n<ul>\n<li><span style=\"font-size:16px\">Z&aacute;t\u011b\u017eov&aacute; zkou&scaron;ka 150 kg<\/span><\/li>\n<\/ul>\n<p><strong><span style=\"font-size:16px\">Vlastnosti<\/span><\/strong><\/p>\n<ul>\n<li><span style=\"font-size:16px\">Samonosn&yacute; r&aacute;m s C-profilem<\/span><\/li>\n<li><span style=\"font-size:16px\">V&yacute;&scaron;kov\u011b staviteln&eacute; p\u0159&iacute;\u010dky<\/span><\/li>\n<li><span style=\"font-size:16px\">Nastaviteln&eacute; v&yacute;suvn&eacute; nohy v rozmez&iacute; 0&ndash;200 mm<\/span><\/li>\n<li><span style=\"font-size:16px\">Rozte\u010d upevn\u011bn&iacute; umyvadla 80&ndash;280 mm<\/span><\/li>\n<li><span style=\"font-size:16px\">Rozte\u010d p\u0159&iacute;vodu vody 65&ndash;150 mm<\/span><\/li>\n<li><span style=\"font-size:16px\">Materi&aacute;l: kov o&scaron;et\u0159en&yacute; pr&aacute;&scaron;kovou barvou<\/span><\/li>\n<\/ul>\n<p><strong><span style=\"font-size:16px\">Rozsah dod&aacute;vky<\/span><\/strong><\/p>\n<ul>\n<li><span style=\"font-size:16px\">R&aacute;m<\/span><\/li>\n<li><span style=\"font-size:16px\">Fixa\u010dn&iacute; set: vrut &Oslash;8&times;60 &ndash; 4 ks, hmo\u017edinka &Oslash;12 &ndash; 4 ks<\/span><\/li>\n<li><span style=\"font-size:16px\">Fixa\u010dn&iacute; set pro uchycen&iacute; umyvadla: &scaron;roub M10&times;100 &ndash; 2 ks<\/span><\/li>\n<li><span style=\"font-size:16px\">Krytky fixa\u010dn&iacute;ho materi&aacute;lu<\/span><\/li>\n<li><span style=\"font-size:16px\">P\u0159ipojovac&iacute; &scaron;rouben&iacute; G1\/2&quot;&ndash;G1\/2&quot;<\/span><\/li>\n<li><span style=\"font-size:16px\">Odpadn&iacute; koleno HT50 s t\u011bsn\u011bn&iacute;m<\/span><\/li>\n<\/ul><\/div>\n<div class=\"ProductDetailContent\">                                                                    <\/div>\n<\/p><\/div>\n<\/p><\/div>\n<\/p><\/div>\n","protected":false},"excerpt":{"rendered":"<p>Popis produktu ALCA A104\/850 Mont\u00e1\u017en\u00ed r\u00e1m pro umyvadlo &#8211; stavebn\u00ed v\u00fd\u0161ka 0,85 m Mont&aacute;\u017en&iacute; r&aacute;m pro umyvadlo Pou\u017eit&iacute; Pro z&aacute;v\u011bsn&eacute; umyvadlo Pro mont&aacute;\u017e stoj&aacute;nkov&eacute; armatury Pro mont&aacute;\u017e p\u0159ed nosnou st\u011bnu nebo do s&aacute;drokartonov&eacute; konstrukce Technick&eacute; parametry Z&aacute;t\u011b\u017eov&aacute; zkou&scaron;ka 150 kg Vlastnosti Samonosn&yacute; r&aacute;m s C-profilem V&yacute;&scaron;kov\u011b staviteln&eacute; p\u0159&iacute;\u010dky Nastaviteln&eacute; v&yacute;suvn&eacute; nohy v rozmez&iacute; 0&ndash;200 mm [&hellip;]<\/p>\n","protected":false},"featured_media":45192,"comment_status":"open","ping_status":"open","template":"","meta":[],"product_brand":[],"product_cat":[162],"product_tag":[],"class_list":{"0":"post-45092","1":"product","2":"type-product","3":"status-publish","4":"has-post-thumbnail","6":"product_cat-koupelny","8":"first","9":"instock","10":"sale","11":"shipping-taxable","12":"purchasable","13":"product-type-simple"},"yoast_head":"<!-- This site is optimized with the Yoast SEO plugin v26.8 - https:\/\/yoast.com\/product\/yoast-seo-wordpress\/ -->\n<title>ALCA A104\/850 Mont\u00e1\u017en\u00ed r\u00e1m pro umyvadlo - stavebn\u00ed v\u00fd\u0161ka 0,85 m Ak\u010dn\u00ed Cena -<\/title>\n<meta name=\"robots\" content=\"index, follow, max-snippet:-1, max-image-preview:large, max-video-preview:-1\" \/>\n<link rel=\"canonical\" href=\"https:\/\/www.domtechnikpro.com\/index.php\/produkt\/alca-a104-850-montazni-ram-pro-umyvadlo-stavebni-vyska-0-85-m-akcni-cena-45092\/\" \/>\n<meta property=\"og:locale\" content=\"cs_CZ\" \/>\n<meta property=\"og:type\" content=\"article\" \/>\n<meta property=\"og:title\" content=\"ALCA A104\/850 Mont\u00e1\u017en\u00ed r\u00e1m pro umyvadlo - stavebn\u00ed v\u00fd\u0161ka 0,85 m Ak\u010dn\u00ed Cena -\" \/>\n<meta property=\"og:description\" content=\"Popis produktu ALCA A104\/850 Mont\u00e1\u017en\u00ed r\u00e1m pro umyvadlo &#8211; stavebn\u00ed v\u00fd\u0161ka 0,85 m Mont&aacute;\u017en&iacute; r&aacute;m pro umyvadlo Pou\u017eit&iacute; Pro z&aacute;v\u011bsn&eacute; umyvadlo Pro mont&aacute;\u017e stoj&aacute;nkov&eacute; armatury Pro mont&aacute;\u017e p\u0159ed nosnou st\u011bnu nebo do s&aacute;drokartonov&eacute; konstrukce Technick&eacute; parametry Z&aacute;t\u011b\u017eov&aacute; zkou&scaron;ka 150 kg Vlastnosti Samonosn&yacute; r&aacute;m s C-profilem V&yacute;&scaron;kov\u011b staviteln&eacute; p\u0159&iacute;\u010dky Nastaviteln&eacute; v&yacute;suvn&eacute; nohy v rozmez&iacute; 0&ndash;200 mm [&hellip;]\" \/>\n<meta property=\"og:url\" content=\"https:\/\/www.domtechnikpro.com\/index.php\/produkt\/alca-a104-850-montazni-ram-pro-umyvadlo-stavebni-vyska-0-85-m-akcni-cena-45092\/\" \/>\n<meta property=\"og:image\" content=\"https:\/\/www.domtechnikpro.com\/wp-content\/uploads\/2026\/SK0001436-CZ20260425-092632-0-1777080397-alca-a104-850-montazni-ram-pro-umyvadlo-stavebni-vyska-0-85.webp\" \/>\n\t<meta property=\"og:image:width\" content=\"317\" \/>\n\t<meta property=\"og:image:height\" content=\"600\" \/>\n\t<meta property=\"og:image:type\" content=\"image\/webp\" \/>\n<meta name=\"twitter:card\" content=\"summary_large_image\" \/>\n<meta name=\"twitter:label1\" content=\"Odhadovan\u00e1 doba \u010dten\u00ed\" \/>\n\t<meta name=\"twitter:data1\" content=\"1 minuta\" \/>\n<script type=\"application\/ld+json\" class=\"yoast-schema-graph\">{\"@context\":\"https:\/\/schema.org\",\"@graph\":[{\"@type\":\"WebPage\",\"@id\":\"https:\/\/www.domtechnikpro.com\/index.php\/produkt\/alca-a104-850-montazni-ram-pro-umyvadlo-stavebni-vyska-0-85-m-akcni-cena-45092\/\",\"url\":\"https:\/\/www.domtechnikpro.com\/index.php\/produkt\/alca-a104-850-montazni-ram-pro-umyvadlo-stavebni-vyska-0-85-m-akcni-cena-45092\/\",\"name\":\"ALCA A104\/850 Mont\u00e1\u017en\u00ed r\u00e1m pro umyvadlo - stavebn\u00ed v\u00fd\u0161ka 0,85 m Ak\u010dn\u00ed Cena -\",\"isPartOf\":{\"@id\":\"https:\/\/www.domtechnikpro.com\/#website\"},\"primaryImageOfPage\":{\"@id\":\"https:\/\/www.domtechnikpro.com\/index.php\/produkt\/alca-a104-850-montazni-ram-pro-umyvadlo-stavebni-vyska-0-85-m-akcni-cena-45092\/#primaryimage\"},\"image\":{\"@id\":\"https:\/\/www.domtechnikpro.com\/index.php\/produkt\/alca-a104-850-montazni-ram-pro-umyvadlo-stavebni-vyska-0-85-m-akcni-cena-45092\/#primaryimage\"},\"thumbnailUrl\":\"https:\/\/www.domtechnikpro.com\/wp-content\/uploads\/2026\/SK0001436-CZ20260425-092632-0-1777080397-alca-a104-850-montazni-ram-pro-umyvadlo-stavebni-vyska-0-85.webp\",\"datePublished\":\"2026-04-26T08:59:46+00:00\",\"breadcrumb\":{\"@id\":\"https:\/\/www.domtechnikpro.com\/index.php\/produkt\/alca-a104-850-montazni-ram-pro-umyvadlo-stavebni-vyska-0-85-m-akcni-cena-45092\/#breadcrumb\"},\"inLanguage\":\"cs\",\"potentialAction\":[{\"@type\":\"ReadAction\",\"target\":[\"https:\/\/www.domtechnikpro.com\/index.php\/produkt\/alca-a104-850-montazni-ram-pro-umyvadlo-stavebni-vyska-0-85-m-akcni-cena-45092\/\"]}]},{\"@type\":\"ImageObject\",\"inLanguage\":\"cs\",\"@id\":\"https:\/\/www.domtechnikpro.com\/index.php\/produkt\/alca-a104-850-montazni-ram-pro-umyvadlo-stavebni-vyska-0-85-m-akcni-cena-45092\/#primaryimage\",\"url\":\"https:\/\/www.domtechnikpro.com\/wp-content\/uploads\/2026\/SK0001436-CZ20260425-092632-0-1777080397-alca-a104-850-montazni-ram-pro-umyvadlo-stavebni-vyska-0-85.webp\",\"contentUrl\":\"https:\/\/www.domtechnikpro.com\/wp-content\/uploads\/2026\/SK0001436-CZ20260425-092632-0-1777080397-alca-a104-850-montazni-ram-pro-umyvadlo-stavebni-vyska-0-85.webp\",\"width\":317,\"height\":600},{\"@type\":\"BreadcrumbList\",\"@id\":\"https:\/\/www.domtechnikpro.com\/index.php\/produkt\/alca-a104-850-montazni-ram-pro-umyvadlo-stavebni-vyska-0-85-m-akcni-cena-45092\/#breadcrumb\",\"itemListElement\":[{\"@type\":\"ListItem\",\"position\":1,\"name\":\"Home\",\"item\":\"https:\/\/www.domtechnikpro.com\/\"},{\"@type\":\"ListItem\",\"position\":2,\"name\":\"Products\",\"item\":\"https:\/\/www.domtechnikpro.com\/index.php\/products\/\"},{\"@type\":\"ListItem\",\"position\":3,\"name\":\"ALCA A104\/850 Mont\u00e1\u017en\u00ed r\u00e1m pro umyvadlo &#8211; stavebn\u00ed v\u00fd\u0161ka 0,85 m Ak\u010dn\u00ed Cena\"}]},{\"@type\":\"WebSite\",\"@id\":\"https:\/\/www.domtechnikpro.com\/#website\",\"url\":\"https:\/\/www.domtechnikpro.com\/\",\"name\":\"\",\"description\":\"\",\"potentialAction\":[{\"@type\":\"SearchAction\",\"target\":{\"@type\":\"EntryPoint\",\"urlTemplate\":\"https:\/\/www.domtechnikpro.com\/?s={search_term_string}\"},\"query-input\":{\"@type\":\"PropertyValueSpecification\",\"valueRequired\":true,\"valueName\":\"search_term_string\"}}],\"inLanguage\":\"cs\"}]}<\/script>\n<!-- \/ Yoast SEO plugin. -->","yoast_head_json":{"title":"ALCA A104\/850 Mont\u00e1\u017en\u00ed r\u00e1m pro umyvadlo - stavebn\u00ed v\u00fd\u0161ka 0,85 m Ak\u010dn\u00ed Cena -","robots":{"index":"index","follow":"follow","max-snippet":"max-snippet:-1","max-image-preview":"max-image-preview:large","max-video-preview":"max-video-preview:-1"},"canonical":"https:\/\/www.domtechnikpro.com\/index.php\/produkt\/alca-a104-850-montazni-ram-pro-umyvadlo-stavebni-vyska-0-85-m-akcni-cena-45092\/","og_locale":"cs_CZ","og_type":"article","og_title":"ALCA A104\/850 Mont\u00e1\u017en\u00ed r\u00e1m pro umyvadlo - stavebn\u00ed v\u00fd\u0161ka 0,85 m Ak\u010dn\u00ed Cena -","og_description":"Popis produktu ALCA A104\/850 Mont\u00e1\u017en\u00ed r\u00e1m pro umyvadlo &#8211; stavebn\u00ed v\u00fd\u0161ka 0,85 m Mont&aacute;\u017en&iacute; r&aacute;m pro umyvadlo Pou\u017eit&iacute; Pro z&aacute;v\u011bsn&eacute; umyvadlo Pro mont&aacute;\u017e stoj&aacute;nkov&eacute; armatury Pro mont&aacute;\u017e p\u0159ed nosnou st\u011bnu nebo do s&aacute;drokartonov&eacute; konstrukce Technick&eacute; parametry Z&aacute;t\u011b\u017eov&aacute; zkou&scaron;ka 150 kg Vlastnosti Samonosn&yacute; r&aacute;m s C-profilem V&yacute;&scaron;kov\u011b staviteln&eacute; p\u0159&iacute;\u010dky Nastaviteln&eacute; v&yacute;suvn&eacute; nohy v rozmez&iacute; 0&ndash;200 mm [&hellip;]","og_url":"https:\/\/www.domtechnikpro.com\/index.php\/produkt\/alca-a104-850-montazni-ram-pro-umyvadlo-stavebni-vyska-0-85-m-akcni-cena-45092\/","og_image":[{"width":317,"height":600,"url":"https:\/\/www.domtechnikpro.com\/wp-content\/uploads\/2026\/SK0001436-CZ20260425-092632-0-1777080397-alca-a104-850-montazni-ram-pro-umyvadlo-stavebni-vyska-0-85.webp","type":"image\/webp"}],"twitter_card":"summary_large_image","twitter_misc":{"Odhadovan\u00e1 doba \u010dten\u00ed":"1 minuta"},"schema":{"@context":"https:\/\/schema.org","@graph":[{"@type":"WebPage","@id":"https:\/\/www.domtechnikpro.com\/index.php\/produkt\/alca-a104-850-montazni-ram-pro-umyvadlo-stavebni-vyska-0-85-m-akcni-cena-45092\/","url":"https:\/\/www.domtechnikpro.com\/index.php\/produkt\/alca-a104-850-montazni-ram-pro-umyvadlo-stavebni-vyska-0-85-m-akcni-cena-45092\/","name":"ALCA A104\/850 Mont\u00e1\u017en\u00ed r\u00e1m pro umyvadlo - stavebn\u00ed v\u00fd\u0161ka 0,85 m Ak\u010dn\u00ed Cena -","isPartOf":{"@id":"https:\/\/www.domtechnikpro.com\/#website"},"primaryImageOfPage":{"@id":"https:\/\/www.domtechnikpro.com\/index.php\/produkt\/alca-a104-850-montazni-ram-pro-umyvadlo-stavebni-vyska-0-85-m-akcni-cena-45092\/#primaryimage"},"image":{"@id":"https:\/\/www.domtechnikpro.com\/index.php\/produkt\/alca-a104-850-montazni-ram-pro-umyvadlo-stavebni-vyska-0-85-m-akcni-cena-45092\/#primaryimage"},"thumbnailUrl":"https:\/\/www.domtechnikpro.com\/wp-content\/uploads\/2026\/SK0001436-CZ20260425-092632-0-1777080397-alca-a104-850-montazni-ram-pro-umyvadlo-stavebni-vyska-0-85.webp","datePublished":"2026-04-26T08:59:46+00:00","breadcrumb":{"@id":"https:\/\/www.domtechnikpro.com\/index.php\/produkt\/alca-a104-850-montazni-ram-pro-umyvadlo-stavebni-vyska-0-85-m-akcni-cena-45092\/#breadcrumb"},"inLanguage":"cs","potentialAction":[{"@type":"ReadAction","target":["https:\/\/www.domtechnikpro.com\/index.php\/produkt\/alca-a104-850-montazni-ram-pro-umyvadlo-stavebni-vyska-0-85-m-akcni-cena-45092\/"]}]},{"@type":"ImageObject","inLanguage":"cs","@id":"https:\/\/www.domtechnikpro.com\/index.php\/produkt\/alca-a104-850-montazni-ram-pro-umyvadlo-stavebni-vyska-0-85-m-akcni-cena-45092\/#primaryimage","url":"https:\/\/www.domtechnikpro.com\/wp-content\/uploads\/2026\/SK0001436-CZ20260425-092632-0-1777080397-alca-a104-850-montazni-ram-pro-umyvadlo-stavebni-vyska-0-85.webp","contentUrl":"https:\/\/www.domtechnikpro.com\/wp-content\/uploads\/2026\/SK0001436-CZ20260425-092632-0-1777080397-alca-a104-850-montazni-ram-pro-umyvadlo-stavebni-vyska-0-85.webp","width":317,"height":600},{"@type":"BreadcrumbList","@id":"https:\/\/www.domtechnikpro.com\/index.php\/produkt\/alca-a104-850-montazni-ram-pro-umyvadlo-stavebni-vyska-0-85-m-akcni-cena-45092\/#breadcrumb","itemListElement":[{"@type":"ListItem","position":1,"name":"Home","item":"https:\/\/www.domtechnikpro.com\/"},{"@type":"ListItem","position":2,"name":"Products","item":"https:\/\/www.domtechnikpro.com\/index.php\/products\/"},{"@type":"ListItem","position":3,"name":"ALCA A104\/850 Mont\u00e1\u017en\u00ed r\u00e1m pro umyvadlo &#8211; stavebn\u00ed v\u00fd\u0161ka 0,85 m Ak\u010dn\u00ed Cena"}]},{"@type":"WebSite","@id":"https:\/\/www.domtechnikpro.com\/#website","url":"https:\/\/www.domtechnikpro.com\/","name":"","description":"","potentialAction":[{"@type":"SearchAction","target":{"@type":"EntryPoint","urlTemplate":"https:\/\/www.domtechnikpro.com\/?s={search_term_string}"},"query-input":{"@type":"PropertyValueSpecification","valueRequired":true,"valueName":"search_term_string"}}],"inLanguage":"cs"}]}},"_links":{"self":[{"href":"https:\/\/www.domtechnikpro.com\/index.php\/wp-json\/wp\/v2\/product\/45092","targetHints":{"allow":["GET"]}}],"collection":[{"href":"https:\/\/www.domtechnikpro.com\/index.php\/wp-json\/wp\/v2\/product"}],"about":[{"href":"https:\/\/www.domtechnikpro.com\/index.php\/wp-json\/wp\/v2\/types\/product"}],"replies":[{"embeddable":true,"href":"https:\/\/www.domtechnikpro.com\/index.php\/wp-json\/wp\/v2\/comments?post=45092"}],"wp:featuredmedia":[{"embeddable":true,"href":"https:\/\/www.domtechnikpro.com\/index.php\/wp-json\/wp\/v2\/media\/45192"}],"wp:attachment":[{"href":"https:\/\/www.domtechnikpro.com\/index.php\/wp-json\/wp\/v2\/media?parent=45092"}],"wp:term":[{"taxonomy":"product_brand","embeddable":true,"href":"https:\/\/www.domtechnikpro.com\/index.php\/wp-json\/wp\/v2\/product_brand?post=45092"},{"taxonomy":"product_cat","embeddable":true,"href":"https:\/\/www.domtechnikpro.com\/index.php\/wp-json\/wp\/v2\/product_cat?post=45092"},{"taxonomy":"product_tag","embeddable":true,"href":"https:\/\/www.domtechnikpro.com\/index.php\/wp-json\/wp\/v2\/product_tag?post=45092"}],"curies":[{"name":"wp","href":"https:\/\/api.w.org\/{rel}","templated":true}]}}