{"id":45091,"date":"2026-04-26T08:59:46","date_gmt":"2026-04-26T08:59:46","guid":{"rendered":""},"modified":"2026-04-26T08:59:46","modified_gmt":"2026-04-26T08:59:46","slug":"hit-sezony-alca-ovladaci-tlacitko-pro-predstenove-instalacni-systemy-chrom-lesk-se-senzorem-m371s-45091","status":"publish","type":"product","link":"https:\/\/www.domtechnikpro.com\/index.php\/produkt\/hit-sezony-alca-ovladaci-tlacitko-pro-predstenove-instalacni-systemy-chrom-lesk-se-senzorem-m371s-45091\/","title":{"rendered":"Hit Sez\u00f3ny ALCA Ovl\u00e1dac\u00ed tla\u010d\u00edtko pro p\u0159edst\u011bnov\u00e9 instala\u010dn\u00ed syst\u00e9my chrom &#8211; lesk se senzorem &#8211; M371S"},"content":{"rendered":"<div class=\"ProductDetail-content NoFixImageContainer\" id=\"productDescription\">\n<div class=\"Heading\">\n<h2 class=\"Heading-title\">Popis produktu <span class=''>ALCA Ovl\u00e1dac\u00ed tla\u010d\u00edtko pro p\u0159edst\u011bnov\u00e9 instala\u010dn\u00ed syst\u00e9my chrom &#8211; lesk se senzorem &#8211; M371S<\/span><\/h2>\n<\/p><\/div>\n<div class=\"ProductDetailContent\">\n<table cellpadding=\"1\" cellspacing=\"1\" style=\"border-collapse:collapse; color:rgb(0, 0, 0); font-family:verdana,arial,sans-serif; font-size:11px; line-height:16.5px; margin:0px 0px 1.5em; width:440px\">\n<tbody>\n<tr>\n<td colspan=\"2\">\n<table cellpadding=\"1\" cellspacing=\"1\" class=\"product-params\" style=\"border-collapse:collapse; margin:2em 0px 1.5em; width:438px\">\n<tbody>\n<tr>\n<td style=\"vertical-align:top\"><span style=\"font-size:16px\">Balen&iacute; &ndash; karton<\/span><\/td>\n<td style=\"text-align:right; vertical-align:top\"><span style=\"font-size:16px\">1 ks<\/span><\/td>\n<\/tr>\n<tr>\n<td style=\"vertical-align:top\"><span style=\"font-size:16px\">Rozm\u011br &ndash; karton<\/span><\/td>\n<td style=\"text-align:right; vertical-align:top\"><span style=\"font-size:16px\">290&times;210&times;110 mm<\/span><\/td>\n<\/tr>\n<tr>\n<td style=\"vertical-align:top\"><span style=\"font-size:16px\">Hmotnost &ndash; karton<\/span><\/td>\n<td style=\"text-align:right; vertical-align:top\"><span style=\"font-size:16px\">1,1 kg<\/span><\/td>\n<\/tr>\n<\/tbody>\n<\/table>\n<\/td>\n<\/tr>\n<\/tbody>\n<\/table>\n<hr \/>\n<ul>\n<li><span style=\"font-size:16px\">Objem spl&aacute;chnut&iacute; pomoc&iacute; senzoru &#8211; 6l<\/span><\/li>\n<li><span style=\"font-size:16px\">Manu&aacute;ln&iacute; spl&aacute;chnut&iacute; &ndash; 6l<\/span><\/li>\n<li><span style=\"font-size:16px\">Plastov&eacute; tla\u010d&iacute;tko s&nbsp;chromovou povrchovou &uacute;pravou<\/span><\/li>\n<li><span style=\"font-size:16px\">Mo\u017enost p\u0159ikoupit d&aacute;lkov&eacute; ovl&aacute;d&aacute;n&iacute; k nastaven&iacute; citlivosti senzoru<\/span><\/li>\n<li><span style=\"font-size:16px\">Nap&aacute;jen&iacute; ze s&iacute;t\u011b<\/span><\/li>\n<li><span style=\"font-size:16px\">Pln\u011b manu&aacute;ln\u011b nastaviteln&yacute;<\/span><\/li>\n<li><span style=\"font-size:16px\">Magnetick&yacute; sp&iacute;na\u010d pro servisn&iacute; nastaven&iacute; a &uacute;klid<\/span><\/li>\n<li><span style=\"font-size:16px\">P\u0159ipraveno pro servisn&iacute; rozhran&iacute; p\u0159es PC (v p\u0159&iacute;pad\u011b p\u0159enastaven&iacute; servisn&iacute;ch parametr\u016f, identifikace v&yacute;robn&iacute;ho \u010didla, po\u010dtu dosavadn&iacute;ch spl&aacute;chnut&iacute;&hellip;)<\/span><\/li>\n<li><span style=\"font-size:16px\">Mo\u017enost nastaven&iacute; hygienick&eacute;ho oplachu po 24h ne\u010dinnosti<\/span><\/li>\n<li><span style=\"font-size:16px\">Nutno dokoupit zdroj (12V DC min 1A) &ndash; doporu\u010den&yacute; AEZ310<\/span><\/li>\n<\/ul><\/div>\n<div class=\"ProductDetailContent\">                                                                    <\/div>\n<\/p><\/div>\n<\/p><\/div>\n<\/p><\/div>\n","protected":false},"excerpt":{"rendered":"<p>Popis produktu ALCA Ovl\u00e1dac\u00ed tla\u010d\u00edtko pro p\u0159edst\u011bnov\u00e9 instala\u010dn\u00ed syst\u00e9my chrom &#8211; lesk se senzorem &#8211; M371S Balen&iacute; &ndash; karton 1 ks Rozm\u011br &ndash; karton 290&times;210&times;110 mm Hmotnost &ndash; karton 1,1 kg Objem spl&aacute;chnut&iacute; pomoc&iacute; senzoru &#8211; 6l Manu&aacute;ln&iacute; spl&aacute;chnut&iacute; &ndash; 6l Plastov&eacute; tla\u010d&iacute;tko s&nbsp;chromovou povrchovou &uacute;pravou Mo\u017enost p\u0159ikoupit d&aacute;lkov&eacute; ovl&aacute;d&aacute;n&iacute; k nastaven&iacute; citlivosti senzoru Nap&aacute;jen&iacute; [&hellip;]<\/p>\n","protected":false},"featured_media":45191,"comment_status":"open","ping_status":"open","template":"","meta":[],"product_brand":[],"product_cat":[162],"product_tag":[],"class_list":{"0":"post-45091","1":"product","2":"type-product","3":"status-publish","4":"has-post-thumbnail","6":"product_cat-koupelny","8":"first","9":"instock","10":"sale","11":"shipping-taxable","12":"purchasable","13":"product-type-simple"},"yoast_head":"<!-- This site is optimized with the Yoast SEO plugin v26.8 - https:\/\/yoast.com\/product\/yoast-seo-wordpress\/ -->\n<title>Hit Sez\u00f3ny ALCA Ovl\u00e1dac\u00ed tla\u010d\u00edtko pro p\u0159edst\u011bnov\u00e9 instala\u010dn\u00ed syst\u00e9my chrom - lesk se senzorem - M371S -<\/title>\n<meta name=\"robots\" content=\"index, follow, max-snippet:-1, max-image-preview:large, max-video-preview:-1\" \/>\n<link rel=\"canonical\" href=\"https:\/\/www.domtechnikpro.com\/index.php\/produkt\/hit-sezony-alca-ovladaci-tlacitko-pro-predstenove-instalacni-systemy-chrom-lesk-se-senzorem-m371s-45091\/\" \/>\n<meta property=\"og:locale\" content=\"cs_CZ\" \/>\n<meta property=\"og:type\" content=\"article\" \/>\n<meta property=\"og:title\" content=\"Hit Sez\u00f3ny ALCA Ovl\u00e1dac\u00ed tla\u010d\u00edtko pro p\u0159edst\u011bnov\u00e9 instala\u010dn\u00ed syst\u00e9my chrom - lesk se senzorem - M371S -\" \/>\n<meta property=\"og:description\" content=\"Popis produktu ALCA Ovl\u00e1dac\u00ed tla\u010d\u00edtko pro p\u0159edst\u011bnov\u00e9 instala\u010dn\u00ed syst\u00e9my chrom &#8211; lesk se senzorem &#8211; M371S Balen&iacute; &ndash; karton 1 ks Rozm\u011br &ndash; karton 290&times;210&times;110 mm Hmotnost &ndash; karton 1,1 kg Objem spl&aacute;chnut&iacute; pomoc&iacute; senzoru &#8211; 6l Manu&aacute;ln&iacute; spl&aacute;chnut&iacute; &ndash; 6l Plastov&eacute; tla\u010d&iacute;tko s&nbsp;chromovou povrchovou &uacute;pravou Mo\u017enost p\u0159ikoupit d&aacute;lkov&eacute; ovl&aacute;d&aacute;n&iacute; k nastaven&iacute; citlivosti senzoru Nap&aacute;jen&iacute; [&hellip;]\" \/>\n<meta property=\"og:url\" content=\"https:\/\/www.domtechnikpro.com\/index.php\/produkt\/hit-sezony-alca-ovladaci-tlacitko-pro-predstenove-instalacni-systemy-chrom-lesk-se-senzorem-m371s-45091\/\" \/>\n<meta property=\"og:image\" content=\"https:\/\/www.domtechnikpro.com\/wp-content\/uploads\/2026\/SK0001434-CZ20260425-092632-0-1777080397-alca-ovladaci-tlacitko-pro-predstenove-instalacni-systemy-c.webp\" \/>\n\t<meta property=\"og:image:width\" content=\"536\" \/>\n\t<meta property=\"og:image:height\" content=\"365\" \/>\n\t<meta property=\"og:image:type\" content=\"image\/webp\" \/>\n<meta name=\"twitter:card\" content=\"summary_large_image\" \/>\n<meta name=\"twitter:label1\" content=\"Odhadovan\u00e1 doba \u010dten\u00ed\" \/>\n\t<meta name=\"twitter:data1\" content=\"1 minuta\" \/>\n<script type=\"application\/ld+json\" class=\"yoast-schema-graph\">{\"@context\":\"https:\/\/schema.org\",\"@graph\":[{\"@type\":\"WebPage\",\"@id\":\"https:\/\/www.domtechnikpro.com\/index.php\/produkt\/hit-sezony-alca-ovladaci-tlacitko-pro-predstenove-instalacni-systemy-chrom-lesk-se-senzorem-m371s-45091\/\",\"url\":\"https:\/\/www.domtechnikpro.com\/index.php\/produkt\/hit-sezony-alca-ovladaci-tlacitko-pro-predstenove-instalacni-systemy-chrom-lesk-se-senzorem-m371s-45091\/\",\"name\":\"Hit Sez\u00f3ny ALCA Ovl\u00e1dac\u00ed tla\u010d\u00edtko pro p\u0159edst\u011bnov\u00e9 instala\u010dn\u00ed syst\u00e9my chrom - lesk se senzorem - M371S -\",\"isPartOf\":{\"@id\":\"https:\/\/www.domtechnikpro.com\/#website\"},\"primaryImageOfPage\":{\"@id\":\"https:\/\/www.domtechnikpro.com\/index.php\/produkt\/hit-sezony-alca-ovladaci-tlacitko-pro-predstenove-instalacni-systemy-chrom-lesk-se-senzorem-m371s-45091\/#primaryimage\"},\"image\":{\"@id\":\"https:\/\/www.domtechnikpro.com\/index.php\/produkt\/hit-sezony-alca-ovladaci-tlacitko-pro-predstenove-instalacni-systemy-chrom-lesk-se-senzorem-m371s-45091\/#primaryimage\"},\"thumbnailUrl\":\"https:\/\/www.domtechnikpro.com\/wp-content\/uploads\/2026\/SK0001434-CZ20260425-092632-0-1777080397-alca-ovladaci-tlacitko-pro-predstenove-instalacni-systemy-c.webp\",\"datePublished\":\"2026-04-26T08:59:46+00:00\",\"breadcrumb\":{\"@id\":\"https:\/\/www.domtechnikpro.com\/index.php\/produkt\/hit-sezony-alca-ovladaci-tlacitko-pro-predstenove-instalacni-systemy-chrom-lesk-se-senzorem-m371s-45091\/#breadcrumb\"},\"inLanguage\":\"cs\",\"potentialAction\":[{\"@type\":\"ReadAction\",\"target\":[\"https:\/\/www.domtechnikpro.com\/index.php\/produkt\/hit-sezony-alca-ovladaci-tlacitko-pro-predstenove-instalacni-systemy-chrom-lesk-se-senzorem-m371s-45091\/\"]}]},{\"@type\":\"ImageObject\",\"inLanguage\":\"cs\",\"@id\":\"https:\/\/www.domtechnikpro.com\/index.php\/produkt\/hit-sezony-alca-ovladaci-tlacitko-pro-predstenove-instalacni-systemy-chrom-lesk-se-senzorem-m371s-45091\/#primaryimage\",\"url\":\"https:\/\/www.domtechnikpro.com\/wp-content\/uploads\/2026\/SK0001434-CZ20260425-092632-0-1777080397-alca-ovladaci-tlacitko-pro-predstenove-instalacni-systemy-c.webp\",\"contentUrl\":\"https:\/\/www.domtechnikpro.com\/wp-content\/uploads\/2026\/SK0001434-CZ20260425-092632-0-1777080397-alca-ovladaci-tlacitko-pro-predstenove-instalacni-systemy-c.webp\",\"width\":536,\"height\":365},{\"@type\":\"BreadcrumbList\",\"@id\":\"https:\/\/www.domtechnikpro.com\/index.php\/produkt\/hit-sezony-alca-ovladaci-tlacitko-pro-predstenove-instalacni-systemy-chrom-lesk-se-senzorem-m371s-45091\/#breadcrumb\",\"itemListElement\":[{\"@type\":\"ListItem\",\"position\":1,\"name\":\"Home\",\"item\":\"https:\/\/www.domtechnikpro.com\/\"},{\"@type\":\"ListItem\",\"position\":2,\"name\":\"Products\",\"item\":\"https:\/\/www.domtechnikpro.com\/index.php\/products\/\"},{\"@type\":\"ListItem\",\"position\":3,\"name\":\"Hit Sez\u00f3ny ALCA Ovl\u00e1dac\u00ed tla\u010d\u00edtko pro p\u0159edst\u011bnov\u00e9 instala\u010dn\u00ed syst\u00e9my chrom &#8211; lesk se senzorem &#8211; M371S\"}]},{\"@type\":\"WebSite\",\"@id\":\"https:\/\/www.domtechnikpro.com\/#website\",\"url\":\"https:\/\/www.domtechnikpro.com\/\",\"name\":\"\",\"description\":\"\",\"potentialAction\":[{\"@type\":\"SearchAction\",\"target\":{\"@type\":\"EntryPoint\",\"urlTemplate\":\"https:\/\/www.domtechnikpro.com\/?s={search_term_string}\"},\"query-input\":{\"@type\":\"PropertyValueSpecification\",\"valueRequired\":true,\"valueName\":\"search_term_string\"}}],\"inLanguage\":\"cs\"}]}<\/script>\n<!-- \/ Yoast SEO plugin. -->","yoast_head_json":{"title":"Hit Sez\u00f3ny ALCA Ovl\u00e1dac\u00ed tla\u010d\u00edtko pro p\u0159edst\u011bnov\u00e9 instala\u010dn\u00ed syst\u00e9my chrom - lesk se senzorem - M371S -","robots":{"index":"index","follow":"follow","max-snippet":"max-snippet:-1","max-image-preview":"max-image-preview:large","max-video-preview":"max-video-preview:-1"},"canonical":"https:\/\/www.domtechnikpro.com\/index.php\/produkt\/hit-sezony-alca-ovladaci-tlacitko-pro-predstenove-instalacni-systemy-chrom-lesk-se-senzorem-m371s-45091\/","og_locale":"cs_CZ","og_type":"article","og_title":"Hit Sez\u00f3ny ALCA Ovl\u00e1dac\u00ed tla\u010d\u00edtko pro p\u0159edst\u011bnov\u00e9 instala\u010dn\u00ed syst\u00e9my chrom - lesk se senzorem - M371S -","og_description":"Popis produktu ALCA Ovl\u00e1dac\u00ed tla\u010d\u00edtko pro p\u0159edst\u011bnov\u00e9 instala\u010dn\u00ed syst\u00e9my chrom &#8211; lesk se senzorem &#8211; M371S Balen&iacute; &ndash; karton 1 ks Rozm\u011br &ndash; karton 290&times;210&times;110 mm Hmotnost &ndash; karton 1,1 kg Objem spl&aacute;chnut&iacute; pomoc&iacute; senzoru &#8211; 6l Manu&aacute;ln&iacute; spl&aacute;chnut&iacute; &ndash; 6l Plastov&eacute; tla\u010d&iacute;tko s&nbsp;chromovou povrchovou &uacute;pravou Mo\u017enost p\u0159ikoupit d&aacute;lkov&eacute; ovl&aacute;d&aacute;n&iacute; k nastaven&iacute; citlivosti senzoru Nap&aacute;jen&iacute; [&hellip;]","og_url":"https:\/\/www.domtechnikpro.com\/index.php\/produkt\/hit-sezony-alca-ovladaci-tlacitko-pro-predstenove-instalacni-systemy-chrom-lesk-se-senzorem-m371s-45091\/","og_image":[{"width":536,"height":365,"url":"https:\/\/www.domtechnikpro.com\/wp-content\/uploads\/2026\/SK0001434-CZ20260425-092632-0-1777080397-alca-ovladaci-tlacitko-pro-predstenove-instalacni-systemy-c.webp","type":"image\/webp"}],"twitter_card":"summary_large_image","twitter_misc":{"Odhadovan\u00e1 doba \u010dten\u00ed":"1 minuta"},"schema":{"@context":"https:\/\/schema.org","@graph":[{"@type":"WebPage","@id":"https:\/\/www.domtechnikpro.com\/index.php\/produkt\/hit-sezony-alca-ovladaci-tlacitko-pro-predstenove-instalacni-systemy-chrom-lesk-se-senzorem-m371s-45091\/","url":"https:\/\/www.domtechnikpro.com\/index.php\/produkt\/hit-sezony-alca-ovladaci-tlacitko-pro-predstenove-instalacni-systemy-chrom-lesk-se-senzorem-m371s-45091\/","name":"Hit Sez\u00f3ny ALCA Ovl\u00e1dac\u00ed tla\u010d\u00edtko pro p\u0159edst\u011bnov\u00e9 instala\u010dn\u00ed syst\u00e9my chrom - lesk se senzorem - M371S -","isPartOf":{"@id":"https:\/\/www.domtechnikpro.com\/#website"},"primaryImageOfPage":{"@id":"https:\/\/www.domtechnikpro.com\/index.php\/produkt\/hit-sezony-alca-ovladaci-tlacitko-pro-predstenove-instalacni-systemy-chrom-lesk-se-senzorem-m371s-45091\/#primaryimage"},"image":{"@id":"https:\/\/www.domtechnikpro.com\/index.php\/produkt\/hit-sezony-alca-ovladaci-tlacitko-pro-predstenove-instalacni-systemy-chrom-lesk-se-senzorem-m371s-45091\/#primaryimage"},"thumbnailUrl":"https:\/\/www.domtechnikpro.com\/wp-content\/uploads\/2026\/SK0001434-CZ20260425-092632-0-1777080397-alca-ovladaci-tlacitko-pro-predstenove-instalacni-systemy-c.webp","datePublished":"2026-04-26T08:59:46+00:00","breadcrumb":{"@id":"https:\/\/www.domtechnikpro.com\/index.php\/produkt\/hit-sezony-alca-ovladaci-tlacitko-pro-predstenove-instalacni-systemy-chrom-lesk-se-senzorem-m371s-45091\/#breadcrumb"},"inLanguage":"cs","potentialAction":[{"@type":"ReadAction","target":["https:\/\/www.domtechnikpro.com\/index.php\/produkt\/hit-sezony-alca-ovladaci-tlacitko-pro-predstenove-instalacni-systemy-chrom-lesk-se-senzorem-m371s-45091\/"]}]},{"@type":"ImageObject","inLanguage":"cs","@id":"https:\/\/www.domtechnikpro.com\/index.php\/produkt\/hit-sezony-alca-ovladaci-tlacitko-pro-predstenove-instalacni-systemy-chrom-lesk-se-senzorem-m371s-45091\/#primaryimage","url":"https:\/\/www.domtechnikpro.com\/wp-content\/uploads\/2026\/SK0001434-CZ20260425-092632-0-1777080397-alca-ovladaci-tlacitko-pro-predstenove-instalacni-systemy-c.webp","contentUrl":"https:\/\/www.domtechnikpro.com\/wp-content\/uploads\/2026\/SK0001434-CZ20260425-092632-0-1777080397-alca-ovladaci-tlacitko-pro-predstenove-instalacni-systemy-c.webp","width":536,"height":365},{"@type":"BreadcrumbList","@id":"https:\/\/www.domtechnikpro.com\/index.php\/produkt\/hit-sezony-alca-ovladaci-tlacitko-pro-predstenove-instalacni-systemy-chrom-lesk-se-senzorem-m371s-45091\/#breadcrumb","itemListElement":[{"@type":"ListItem","position":1,"name":"Home","item":"https:\/\/www.domtechnikpro.com\/"},{"@type":"ListItem","position":2,"name":"Products","item":"https:\/\/www.domtechnikpro.com\/index.php\/products\/"},{"@type":"ListItem","position":3,"name":"Hit Sez\u00f3ny ALCA Ovl\u00e1dac\u00ed tla\u010d\u00edtko pro p\u0159edst\u011bnov\u00e9 instala\u010dn\u00ed syst\u00e9my chrom &#8211; lesk se senzorem &#8211; M371S"}]},{"@type":"WebSite","@id":"https:\/\/www.domtechnikpro.com\/#website","url":"https:\/\/www.domtechnikpro.com\/","name":"","description":"","potentialAction":[{"@type":"SearchAction","target":{"@type":"EntryPoint","urlTemplate":"https:\/\/www.domtechnikpro.com\/?s={search_term_string}"},"query-input":{"@type":"PropertyValueSpecification","valueRequired":true,"valueName":"search_term_string"}}],"inLanguage":"cs"}]}},"_links":{"self":[{"href":"https:\/\/www.domtechnikpro.com\/index.php\/wp-json\/wp\/v2\/product\/45091","targetHints":{"allow":["GET"]}}],"collection":[{"href":"https:\/\/www.domtechnikpro.com\/index.php\/wp-json\/wp\/v2\/product"}],"about":[{"href":"https:\/\/www.domtechnikpro.com\/index.php\/wp-json\/wp\/v2\/types\/product"}],"replies":[{"embeddable":true,"href":"https:\/\/www.domtechnikpro.com\/index.php\/wp-json\/wp\/v2\/comments?post=45091"}],"wp:featuredmedia":[{"embeddable":true,"href":"https:\/\/www.domtechnikpro.com\/index.php\/wp-json\/wp\/v2\/media\/45191"}],"wp:attachment":[{"href":"https:\/\/www.domtechnikpro.com\/index.php\/wp-json\/wp\/v2\/media?parent=45091"}],"wp:term":[{"taxonomy":"product_brand","embeddable":true,"href":"https:\/\/www.domtechnikpro.com\/index.php\/wp-json\/wp\/v2\/product_brand?post=45091"},{"taxonomy":"product_cat","embeddable":true,"href":"https:\/\/www.domtechnikpro.com\/index.php\/wp-json\/wp\/v2\/product_cat?post=45091"},{"taxonomy":"product_tag","embeddable":true,"href":"https:\/\/www.domtechnikpro.com\/index.php\/wp-json\/wp\/v2\/product_tag?post=45091"}],"curies":[{"name":"wp","href":"https:\/\/api.w.org\/{rel}","templated":true}]}}