{"id":44990,"date":"2026-04-26T08:59:44","date_gmt":"2026-04-26T08:59:44","guid":{"rendered":""},"modified":"2026-04-26T08:59:44","modified_gmt":"2026-04-26T08:59:44","slug":"overeny-alca-ovladaci-tlacitko-pro-predstenove-instalacni-systemy-bile-se-senzorem-m370s-44990","status":"publish","type":"product","link":"https:\/\/www.domtechnikpro.com\/index.php\/produkt\/overeny-alca-ovladaci-tlacitko-pro-predstenove-instalacni-systemy-bile-se-senzorem-m370s-44990\/","title":{"rendered":"Ov\u011b\u0159en\u00fd ALCA Ovl\u00e1dac\u00ed tla\u010d\u00edtko pro p\u0159edst\u011bnov\u00e9 instala\u010dn\u00ed syst\u00e9my b\u00edl\u00e9 se senzorem &#8211; M370S"},"content":{"rendered":"<div class=\"ProductDetail-content NoFixImageContainer\" id=\"productDescription\">\n<div class=\"Heading\">\n<h2 class=\"Heading-title\">Popis produktu <span class=''>ALCA Ovl\u00e1dac\u00ed tla\u010d\u00edtko pro p\u0159edst\u011bnov\u00e9 instala\u010dn\u00ed syst\u00e9my b\u00edl\u00e9 se senzorem &#8211; M370S<\/span><\/h2>\n<\/p><\/div>\n<div class=\"ProductDetailContent\">\n<ul>\n<li><span style=\"font-family:arial,helvetica,sans-serif\"><span style=\"font-size:16px\">Objem spl&aacute;chnut&iacute; pomoc&iacute; senzoru &#8211; 6l<\/span><\/span><\/li>\n<li><span style=\"font-family:arial,helvetica,sans-serif\"><span style=\"font-size:16px\">Manu&aacute;ln&iacute; spl&aacute;chnut&iacute; &ndash; 6l<\/span><\/span><\/li>\n<li><span style=\"font-family:arial,helvetica,sans-serif\"><span style=\"font-size:16px\">B&iacute;l&eacute; plastov&eacute; tla\u010d&iacute;tko<\/span><\/span><\/li>\n<li><span style=\"font-family:arial,helvetica,sans-serif\"><span style=\"font-size:16px\">Mo\u017enost p\u0159ikoupit d&aacute;lkov&eacute; ovl&aacute;d&aacute;n&iacute; k nastaven&iacute; citlivosti senzoru<\/span><\/span><\/li>\n<li><span style=\"font-family:arial,helvetica,sans-serif\"><span style=\"font-size:16px\">Nap&aacute;jen&iacute; ze s&iacute;t\u011b<\/span><\/span><\/li>\n<li><span style=\"font-family:arial,helvetica,sans-serif\"><span style=\"font-size:16px\">Pln\u011b manu&aacute;ln\u011b nastaviteln&yacute;<\/span><\/span><\/li>\n<li><span style=\"font-family:arial,helvetica,sans-serif\"><span style=\"font-size:16px\">Magnetick&yacute; sp&iacute;na\u010d pro servisn&iacute; nastaven&iacute; a &uacute;klid<\/span><\/span><\/li>\n<li><span style=\"font-family:arial,helvetica,sans-serif\"><span style=\"font-size:16px\">P\u0159ipraveno pro servisn&iacute; rozhran&iacute; p\u0159es PC (v p\u0159&iacute;pad\u011b p\u0159enastaven&iacute; servisn&iacute;ch parametr\u016f, identifikace v&yacute;robn&iacute;ho \u010didla, po\u010dtu dosavadn&iacute;ch spl&aacute;chnut&iacute;&hellip;)<\/span><\/span><\/li>\n<li><span style=\"font-family:arial,helvetica,sans-serif\"><span style=\"font-size:16px\">Mo\u017enost nastaven&iacute; hygienick&eacute;ho oplachu po 24h ne\u010dinnosti<\/span><\/span><\/li>\n<li><span style=\"font-family:arial,helvetica,sans-serif\"><span style=\"font-size:16px\">Nutno dokoupit zdroj (12V DC min 1A) &ndash; doporu\u010den&yacute; AEZ310<\/span><\/span><\/li>\n<\/ul><\/div>\n<div class=\"ProductDetailContent\">                                                                    <\/div>\n<\/p><\/div>\n<\/p><\/div>\n<\/p><\/div>\n","protected":false},"excerpt":{"rendered":"<p>Popis produktu ALCA Ovl\u00e1dac\u00ed tla\u010d\u00edtko pro p\u0159edst\u011bnov\u00e9 instala\u010dn\u00ed syst\u00e9my b\u00edl\u00e9 se senzorem &#8211; M370S Objem spl&aacute;chnut&iacute; pomoc&iacute; senzoru &#8211; 6l Manu&aacute;ln&iacute; spl&aacute;chnut&iacute; &ndash; 6l B&iacute;l&eacute; plastov&eacute; tla\u010d&iacute;tko Mo\u017enost p\u0159ikoupit d&aacute;lkov&eacute; ovl&aacute;d&aacute;n&iacute; k nastaven&iacute; citlivosti senzoru Nap&aacute;jen&iacute; ze s&iacute;t\u011b Pln\u011b manu&aacute;ln\u011b nastaviteln&yacute; Magnetick&yacute; sp&iacute;na\u010d pro servisn&iacute; nastaven&iacute; a &uacute;klid P\u0159ipraveno pro servisn&iacute; rozhran&iacute; p\u0159es PC (v [&hellip;]<\/p>\n","protected":false},"featured_media":45090,"comment_status":"open","ping_status":"open","template":"","meta":[],"product_brand":[],"product_cat":[162],"product_tag":[],"class_list":{"0":"post-44990","1":"product","2":"type-product","3":"status-publish","4":"has-post-thumbnail","6":"product_cat-koupelny","8":"first","9":"instock","10":"sale","11":"shipping-taxable","12":"purchasable","13":"product-type-simple"},"yoast_head":"<!-- This site is optimized with the Yoast SEO plugin v26.8 - https:\/\/yoast.com\/product\/yoast-seo-wordpress\/ -->\n<title>Ov\u011b\u0159en\u00fd ALCA Ovl\u00e1dac\u00ed tla\u010d\u00edtko pro p\u0159edst\u011bnov\u00e9 instala\u010dn\u00ed syst\u00e9my b\u00edl\u00e9 se senzorem - M370S -<\/title>\n<meta name=\"robots\" content=\"index, follow, max-snippet:-1, max-image-preview:large, max-video-preview:-1\" \/>\n<link rel=\"canonical\" href=\"https:\/\/www.domtechnikpro.com\/index.php\/produkt\/overeny-alca-ovladaci-tlacitko-pro-predstenove-instalacni-systemy-bile-se-senzorem-m370s-44990\/\" \/>\n<meta property=\"og:locale\" content=\"cs_CZ\" \/>\n<meta property=\"og:type\" content=\"article\" \/>\n<meta property=\"og:title\" content=\"Ov\u011b\u0159en\u00fd ALCA Ovl\u00e1dac\u00ed tla\u010d\u00edtko pro p\u0159edst\u011bnov\u00e9 instala\u010dn\u00ed syst\u00e9my b\u00edl\u00e9 se senzorem - M370S -\" \/>\n<meta property=\"og:description\" content=\"Popis produktu ALCA Ovl\u00e1dac\u00ed tla\u010d\u00edtko pro p\u0159edst\u011bnov\u00e9 instala\u010dn\u00ed syst\u00e9my b\u00edl\u00e9 se senzorem &#8211; M370S Objem spl&aacute;chnut&iacute; pomoc&iacute; senzoru &#8211; 6l Manu&aacute;ln&iacute; spl&aacute;chnut&iacute; &ndash; 6l B&iacute;l&eacute; plastov&eacute; tla\u010d&iacute;tko Mo\u017enost p\u0159ikoupit d&aacute;lkov&eacute; ovl&aacute;d&aacute;n&iacute; k nastaven&iacute; citlivosti senzoru Nap&aacute;jen&iacute; ze s&iacute;t\u011b Pln\u011b manu&aacute;ln\u011b nastaviteln&yacute; Magnetick&yacute; sp&iacute;na\u010d pro servisn&iacute; nastaven&iacute; a &uacute;klid P\u0159ipraveno pro servisn&iacute; rozhran&iacute; p\u0159es PC (v [&hellip;]\" \/>\n<meta property=\"og:url\" content=\"https:\/\/www.domtechnikpro.com\/index.php\/produkt\/overeny-alca-ovladaci-tlacitko-pro-predstenove-instalacni-systemy-bile-se-senzorem-m370s-44990\/\" \/>\n<meta property=\"og:image\" content=\"https:\/\/www.domtechnikpro.com\/wp-content\/uploads\/2026\/SK0001432-CZ20260425-092632-0-1777080397-alca-ovladaci-tlacitko-pro-predstenove-instalacni-systemy-b.webp\" \/>\n\t<meta property=\"og:image:width\" content=\"600\" \/>\n\t<meta property=\"og:image:height\" content=\"399\" \/>\n\t<meta property=\"og:image:type\" content=\"image\/webp\" \/>\n<meta name=\"twitter:card\" content=\"summary_large_image\" \/>\n<meta name=\"twitter:label1\" content=\"Odhadovan\u00e1 doba \u010dten\u00ed\" \/>\n\t<meta name=\"twitter:data1\" content=\"1 minuta\" \/>\n<script type=\"application\/ld+json\" class=\"yoast-schema-graph\">{\"@context\":\"https:\/\/schema.org\",\"@graph\":[{\"@type\":\"WebPage\",\"@id\":\"https:\/\/www.domtechnikpro.com\/index.php\/produkt\/overeny-alca-ovladaci-tlacitko-pro-predstenove-instalacni-systemy-bile-se-senzorem-m370s-44990\/\",\"url\":\"https:\/\/www.domtechnikpro.com\/index.php\/produkt\/overeny-alca-ovladaci-tlacitko-pro-predstenove-instalacni-systemy-bile-se-senzorem-m370s-44990\/\",\"name\":\"Ov\u011b\u0159en\u00fd ALCA Ovl\u00e1dac\u00ed tla\u010d\u00edtko pro p\u0159edst\u011bnov\u00e9 instala\u010dn\u00ed syst\u00e9my b\u00edl\u00e9 se senzorem - M370S -\",\"isPartOf\":{\"@id\":\"https:\/\/www.domtechnikpro.com\/#website\"},\"primaryImageOfPage\":{\"@id\":\"https:\/\/www.domtechnikpro.com\/index.php\/produkt\/overeny-alca-ovladaci-tlacitko-pro-predstenove-instalacni-systemy-bile-se-senzorem-m370s-44990\/#primaryimage\"},\"image\":{\"@id\":\"https:\/\/www.domtechnikpro.com\/index.php\/produkt\/overeny-alca-ovladaci-tlacitko-pro-predstenove-instalacni-systemy-bile-se-senzorem-m370s-44990\/#primaryimage\"},\"thumbnailUrl\":\"https:\/\/www.domtechnikpro.com\/wp-content\/uploads\/2026\/SK0001432-CZ20260425-092632-0-1777080397-alca-ovladaci-tlacitko-pro-predstenove-instalacni-systemy-b.webp\",\"datePublished\":\"2026-04-26T08:59:44+00:00\",\"breadcrumb\":{\"@id\":\"https:\/\/www.domtechnikpro.com\/index.php\/produkt\/overeny-alca-ovladaci-tlacitko-pro-predstenove-instalacni-systemy-bile-se-senzorem-m370s-44990\/#breadcrumb\"},\"inLanguage\":\"cs\",\"potentialAction\":[{\"@type\":\"ReadAction\",\"target\":[\"https:\/\/www.domtechnikpro.com\/index.php\/produkt\/overeny-alca-ovladaci-tlacitko-pro-predstenove-instalacni-systemy-bile-se-senzorem-m370s-44990\/\"]}]},{\"@type\":\"ImageObject\",\"inLanguage\":\"cs\",\"@id\":\"https:\/\/www.domtechnikpro.com\/index.php\/produkt\/overeny-alca-ovladaci-tlacitko-pro-predstenove-instalacni-systemy-bile-se-senzorem-m370s-44990\/#primaryimage\",\"url\":\"https:\/\/www.domtechnikpro.com\/wp-content\/uploads\/2026\/SK0001432-CZ20260425-092632-0-1777080397-alca-ovladaci-tlacitko-pro-predstenove-instalacni-systemy-b.webp\",\"contentUrl\":\"https:\/\/www.domtechnikpro.com\/wp-content\/uploads\/2026\/SK0001432-CZ20260425-092632-0-1777080397-alca-ovladaci-tlacitko-pro-predstenove-instalacni-systemy-b.webp\",\"width\":600,\"height\":399},{\"@type\":\"BreadcrumbList\",\"@id\":\"https:\/\/www.domtechnikpro.com\/index.php\/produkt\/overeny-alca-ovladaci-tlacitko-pro-predstenove-instalacni-systemy-bile-se-senzorem-m370s-44990\/#breadcrumb\",\"itemListElement\":[{\"@type\":\"ListItem\",\"position\":1,\"name\":\"Home\",\"item\":\"https:\/\/www.domtechnikpro.com\/\"},{\"@type\":\"ListItem\",\"position\":2,\"name\":\"Products\",\"item\":\"https:\/\/www.domtechnikpro.com\/index.php\/products\/\"},{\"@type\":\"ListItem\",\"position\":3,\"name\":\"Ov\u011b\u0159en\u00fd ALCA Ovl\u00e1dac\u00ed tla\u010d\u00edtko pro p\u0159edst\u011bnov\u00e9 instala\u010dn\u00ed syst\u00e9my b\u00edl\u00e9 se senzorem &#8211; M370S\"}]},{\"@type\":\"WebSite\",\"@id\":\"https:\/\/www.domtechnikpro.com\/#website\",\"url\":\"https:\/\/www.domtechnikpro.com\/\",\"name\":\"\",\"description\":\"\",\"potentialAction\":[{\"@type\":\"SearchAction\",\"target\":{\"@type\":\"EntryPoint\",\"urlTemplate\":\"https:\/\/www.domtechnikpro.com\/?s={search_term_string}\"},\"query-input\":{\"@type\":\"PropertyValueSpecification\",\"valueRequired\":true,\"valueName\":\"search_term_string\"}}],\"inLanguage\":\"cs\"}]}<\/script>\n<!-- \/ Yoast SEO plugin. -->","yoast_head_json":{"title":"Ov\u011b\u0159en\u00fd ALCA Ovl\u00e1dac\u00ed tla\u010d\u00edtko pro p\u0159edst\u011bnov\u00e9 instala\u010dn\u00ed syst\u00e9my b\u00edl\u00e9 se senzorem - M370S -","robots":{"index":"index","follow":"follow","max-snippet":"max-snippet:-1","max-image-preview":"max-image-preview:large","max-video-preview":"max-video-preview:-1"},"canonical":"https:\/\/www.domtechnikpro.com\/index.php\/produkt\/overeny-alca-ovladaci-tlacitko-pro-predstenove-instalacni-systemy-bile-se-senzorem-m370s-44990\/","og_locale":"cs_CZ","og_type":"article","og_title":"Ov\u011b\u0159en\u00fd ALCA Ovl\u00e1dac\u00ed tla\u010d\u00edtko pro p\u0159edst\u011bnov\u00e9 instala\u010dn\u00ed syst\u00e9my b\u00edl\u00e9 se senzorem - M370S -","og_description":"Popis produktu ALCA Ovl\u00e1dac\u00ed tla\u010d\u00edtko pro p\u0159edst\u011bnov\u00e9 instala\u010dn\u00ed syst\u00e9my b\u00edl\u00e9 se senzorem &#8211; M370S Objem spl&aacute;chnut&iacute; pomoc&iacute; senzoru &#8211; 6l Manu&aacute;ln&iacute; spl&aacute;chnut&iacute; &ndash; 6l B&iacute;l&eacute; plastov&eacute; tla\u010d&iacute;tko Mo\u017enost p\u0159ikoupit d&aacute;lkov&eacute; ovl&aacute;d&aacute;n&iacute; k nastaven&iacute; citlivosti senzoru Nap&aacute;jen&iacute; ze s&iacute;t\u011b Pln\u011b manu&aacute;ln\u011b nastaviteln&yacute; Magnetick&yacute; sp&iacute;na\u010d pro servisn&iacute; nastaven&iacute; a &uacute;klid P\u0159ipraveno pro servisn&iacute; rozhran&iacute; p\u0159es PC (v [&hellip;]","og_url":"https:\/\/www.domtechnikpro.com\/index.php\/produkt\/overeny-alca-ovladaci-tlacitko-pro-predstenove-instalacni-systemy-bile-se-senzorem-m370s-44990\/","og_image":[{"width":600,"height":399,"url":"https:\/\/www.domtechnikpro.com\/wp-content\/uploads\/2026\/SK0001432-CZ20260425-092632-0-1777080397-alca-ovladaci-tlacitko-pro-predstenove-instalacni-systemy-b.webp","type":"image\/webp"}],"twitter_card":"summary_large_image","twitter_misc":{"Odhadovan\u00e1 doba \u010dten\u00ed":"1 minuta"},"schema":{"@context":"https:\/\/schema.org","@graph":[{"@type":"WebPage","@id":"https:\/\/www.domtechnikpro.com\/index.php\/produkt\/overeny-alca-ovladaci-tlacitko-pro-predstenove-instalacni-systemy-bile-se-senzorem-m370s-44990\/","url":"https:\/\/www.domtechnikpro.com\/index.php\/produkt\/overeny-alca-ovladaci-tlacitko-pro-predstenove-instalacni-systemy-bile-se-senzorem-m370s-44990\/","name":"Ov\u011b\u0159en\u00fd ALCA Ovl\u00e1dac\u00ed tla\u010d\u00edtko pro p\u0159edst\u011bnov\u00e9 instala\u010dn\u00ed syst\u00e9my b\u00edl\u00e9 se senzorem - M370S -","isPartOf":{"@id":"https:\/\/www.domtechnikpro.com\/#website"},"primaryImageOfPage":{"@id":"https:\/\/www.domtechnikpro.com\/index.php\/produkt\/overeny-alca-ovladaci-tlacitko-pro-predstenove-instalacni-systemy-bile-se-senzorem-m370s-44990\/#primaryimage"},"image":{"@id":"https:\/\/www.domtechnikpro.com\/index.php\/produkt\/overeny-alca-ovladaci-tlacitko-pro-predstenove-instalacni-systemy-bile-se-senzorem-m370s-44990\/#primaryimage"},"thumbnailUrl":"https:\/\/www.domtechnikpro.com\/wp-content\/uploads\/2026\/SK0001432-CZ20260425-092632-0-1777080397-alca-ovladaci-tlacitko-pro-predstenove-instalacni-systemy-b.webp","datePublished":"2026-04-26T08:59:44+00:00","breadcrumb":{"@id":"https:\/\/www.domtechnikpro.com\/index.php\/produkt\/overeny-alca-ovladaci-tlacitko-pro-predstenove-instalacni-systemy-bile-se-senzorem-m370s-44990\/#breadcrumb"},"inLanguage":"cs","potentialAction":[{"@type":"ReadAction","target":["https:\/\/www.domtechnikpro.com\/index.php\/produkt\/overeny-alca-ovladaci-tlacitko-pro-predstenove-instalacni-systemy-bile-se-senzorem-m370s-44990\/"]}]},{"@type":"ImageObject","inLanguage":"cs","@id":"https:\/\/www.domtechnikpro.com\/index.php\/produkt\/overeny-alca-ovladaci-tlacitko-pro-predstenove-instalacni-systemy-bile-se-senzorem-m370s-44990\/#primaryimage","url":"https:\/\/www.domtechnikpro.com\/wp-content\/uploads\/2026\/SK0001432-CZ20260425-092632-0-1777080397-alca-ovladaci-tlacitko-pro-predstenove-instalacni-systemy-b.webp","contentUrl":"https:\/\/www.domtechnikpro.com\/wp-content\/uploads\/2026\/SK0001432-CZ20260425-092632-0-1777080397-alca-ovladaci-tlacitko-pro-predstenove-instalacni-systemy-b.webp","width":600,"height":399},{"@type":"BreadcrumbList","@id":"https:\/\/www.domtechnikpro.com\/index.php\/produkt\/overeny-alca-ovladaci-tlacitko-pro-predstenove-instalacni-systemy-bile-se-senzorem-m370s-44990\/#breadcrumb","itemListElement":[{"@type":"ListItem","position":1,"name":"Home","item":"https:\/\/www.domtechnikpro.com\/"},{"@type":"ListItem","position":2,"name":"Products","item":"https:\/\/www.domtechnikpro.com\/index.php\/products\/"},{"@type":"ListItem","position":3,"name":"Ov\u011b\u0159en\u00fd ALCA Ovl\u00e1dac\u00ed tla\u010d\u00edtko pro p\u0159edst\u011bnov\u00e9 instala\u010dn\u00ed syst\u00e9my b\u00edl\u00e9 se senzorem &#8211; M370S"}]},{"@type":"WebSite","@id":"https:\/\/www.domtechnikpro.com\/#website","url":"https:\/\/www.domtechnikpro.com\/","name":"","description":"","potentialAction":[{"@type":"SearchAction","target":{"@type":"EntryPoint","urlTemplate":"https:\/\/www.domtechnikpro.com\/?s={search_term_string}"},"query-input":{"@type":"PropertyValueSpecification","valueRequired":true,"valueName":"search_term_string"}}],"inLanguage":"cs"}]}},"_links":{"self":[{"href":"https:\/\/www.domtechnikpro.com\/index.php\/wp-json\/wp\/v2\/product\/44990","targetHints":{"allow":["GET"]}}],"collection":[{"href":"https:\/\/www.domtechnikpro.com\/index.php\/wp-json\/wp\/v2\/product"}],"about":[{"href":"https:\/\/www.domtechnikpro.com\/index.php\/wp-json\/wp\/v2\/types\/product"}],"replies":[{"embeddable":true,"href":"https:\/\/www.domtechnikpro.com\/index.php\/wp-json\/wp\/v2\/comments?post=44990"}],"wp:featuredmedia":[{"embeddable":true,"href":"https:\/\/www.domtechnikpro.com\/index.php\/wp-json\/wp\/v2\/media\/45090"}],"wp:attachment":[{"href":"https:\/\/www.domtechnikpro.com\/index.php\/wp-json\/wp\/v2\/media?parent=44990"}],"wp:term":[{"taxonomy":"product_brand","embeddable":true,"href":"https:\/\/www.domtechnikpro.com\/index.php\/wp-json\/wp\/v2\/product_brand?post=44990"},{"taxonomy":"product_cat","embeddable":true,"href":"https:\/\/www.domtechnikpro.com\/index.php\/wp-json\/wp\/v2\/product_cat?post=44990"},{"taxonomy":"product_tag","embeddable":true,"href":"https:\/\/www.domtechnikpro.com\/index.php\/wp-json\/wp\/v2\/product_tag?post=44990"}],"curies":[{"name":"wp","href":"https:\/\/api.w.org\/{rel}","templated":true}]}}