{"id":44988,"date":"2026-04-26T08:59:44","date_gmt":"2026-04-26T08:59:44","guid":{"rendered":""},"modified":"2026-04-26T08:59:44","modified_gmt":"2026-04-26T08:59:44","slug":"roth-project-selma-combi-sprchovy-sloup-s-baterii-4000324-expresni-doruceni-44988","status":"publish","type":"product","link":"https:\/\/www.domtechnikpro.com\/index.php\/produkt\/roth-project-selma-combi-sprchovy-sloup-s-baterii-4000324-expresni-doruceni-44988\/","title":{"rendered":"Roth Project Selma Combi Sprchov\u00fd sloup s bateri\u00ed 4000324 Expresn\u00ed Doru\u010den\u00ed"},"content":{"rendered":"<div class=\"ProductDetail-content NoFixImageContainer\" id=\"productDescription\">\n<div class=\"Heading\">\n<h2 class=\"Heading-title\">Popis produktu <span class=''>Roth Project Selma Combi Sprchov\u00fd sloup s bateri\u00ed 4000324<\/span><\/h2>\n<\/p><\/div>\n<div class=\"ProductDetailContent\">\n<p><span style=\"font-size:16px\">Sprchov&aacute; souprava SELMA COMBI se skl&aacute;d&aacute; ze z&aacute;v\u011bsn&eacute; a ru\u010dn&iacute; sprchov&eacute; hlavy, hadice, ty\u010de s posuvn&yacute;m dr\u017e&aacute;kem a vodovodn&iacute; baterie. Vpus\u0165te do sv&eacute; koupelny \u010dist&eacute; linie a dokonale propracovan&yacute; design!<\/span><\/p>\n<ul>\n<li><span style=\"font-size:16px\">sprchov&aacute; souprava s bateri&iacute; 115 x 25 cm<\/span><\/li>\n<li><span style=\"font-size:16px\">rozte\u010d 150 mm<\/span><\/li>\n<li><span style=\"font-size:16px\">ru\u010dn&iacute; sprcha<\/span><\/li>\n<li><span style=\"font-size:16px\">hlavov&aacute; sprchaty\u010d s posuvn&yacute;m dr\u017e&aacute;kem<\/span><\/li>\n<\/ul>\n<p><span style=\"font-size:16px\">TECHNICK&Eacute; SPECIFIKACE:<\/span><\/p>\n<ul>\n<li><span style=\"font-size:16px\">rozm\u011br pro napojen&iacute; baterie: 1\/2&rdquo;<\/span><\/li>\n<li><span style=\"font-size:16px\">provozn&iacute; tlak: 1,8-3 bar<\/span><\/li>\n<\/ul>\n<p><span style=\"font-size:16px\">Sprchov&aacute; souprava SELMA COMBI v&aacute;s zaujme sv&yacute;m elegantn&iacute;m designem. Chromatick&yacute; lesk a obl&eacute; tvary budou slu&scaron;et ka\u017ed&eacute; koupeln\u011b. Jist\u011b ocen&iacute;te i variabilitu sprchov&eacute;ho setu. D&iacute;ky p\u0159ep&iacute;na\u010di na baterii m\u016f\u017eete snadno p\u0159epnout na tok vody ze sprchy hlavov&eacute; na sprchu ru\u010dn&iacute;.<\/span><\/p>\n<p>&nbsp;<\/p>\n<\/p><\/div>\n<div class=\"ProductDetailContent\">                                                                    <\/div>\n<\/p><\/div>\n<\/p><\/div>\n<\/p><\/div>\n","protected":false},"excerpt":{"rendered":"<p>Popis produktu Roth Project Selma Combi Sprchov\u00fd sloup s bateri\u00ed 4000324 Sprchov&aacute; souprava SELMA COMBI se skl&aacute;d&aacute; ze z&aacute;v\u011bsn&eacute; a ru\u010dn&iacute; sprchov&eacute; hlavy, hadice, ty\u010de s posuvn&yacute;m dr\u017e&aacute;kem a vodovodn&iacute; baterie. Vpus\u0165te do sv&eacute; koupelny \u010dist&eacute; linie a dokonale propracovan&yacute; design! sprchov&aacute; souprava s bateri&iacute; 115 x 25 cm rozte\u010d 150 mm ru\u010dn&iacute; sprcha hlavov&aacute; [&hellip;]<\/p>\n","protected":false},"featured_media":45088,"comment_status":"open","ping_status":"open","template":"","meta":[],"product_brand":[],"product_cat":[162],"product_tag":[],"class_list":{"0":"post-44988","1":"product","2":"type-product","3":"status-publish","4":"has-post-thumbnail","6":"product_cat-koupelny","8":"first","9":"instock","10":"sale","11":"shipping-taxable","12":"purchasable","13":"product-type-simple"},"yoast_head":"<!-- This site is optimized with the Yoast SEO plugin v26.8 - https:\/\/yoast.com\/product\/yoast-seo-wordpress\/ -->\n<title>Roth Project Selma Combi Sprchov\u00fd sloup s bateri\u00ed 4000324 Expresn\u00ed Doru\u010den\u00ed -<\/title>\n<meta name=\"robots\" content=\"index, follow, max-snippet:-1, max-image-preview:large, max-video-preview:-1\" \/>\n<link rel=\"canonical\" href=\"https:\/\/www.domtechnikpro.com\/index.php\/produkt\/roth-project-selma-combi-sprchovy-sloup-s-baterii-4000324-expresni-doruceni-44988\/\" \/>\n<meta property=\"og:locale\" content=\"cs_CZ\" \/>\n<meta property=\"og:type\" content=\"article\" \/>\n<meta property=\"og:title\" content=\"Roth Project Selma Combi Sprchov\u00fd sloup s bateri\u00ed 4000324 Expresn\u00ed Doru\u010den\u00ed -\" \/>\n<meta property=\"og:description\" content=\"Popis produktu Roth Project Selma Combi Sprchov\u00fd sloup s bateri\u00ed 4000324 Sprchov&aacute; souprava SELMA COMBI se skl&aacute;d&aacute; ze z&aacute;v\u011bsn&eacute; a ru\u010dn&iacute; sprchov&eacute; hlavy, hadice, ty\u010de s posuvn&yacute;m dr\u017e&aacute;kem a vodovodn&iacute; baterie. Vpus\u0165te do sv&eacute; koupelny \u010dist&eacute; linie a dokonale propracovan&yacute; design! sprchov&aacute; souprava s bateri&iacute; 115 x 25 cm rozte\u010d 150 mm ru\u010dn&iacute; sprcha hlavov&aacute; [&hellip;]\" \/>\n<meta property=\"og:url\" content=\"https:\/\/www.domtechnikpro.com\/index.php\/produkt\/roth-project-selma-combi-sprchovy-sloup-s-baterii-4000324-expresni-doruceni-44988\/\" \/>\n<meta property=\"og:image\" content=\"https:\/\/www.domtechnikpro.com\/wp-content\/uploads\/2026\/SK0001421-CZ20260425-092632-0-1777080397-roth-project-selma-combi-sprchovy-sloup-s-baterii-4000324-1.webp\" \/>\n\t<meta property=\"og:image:width\" content=\"600\" \/>\n\t<meta property=\"og:image:height\" content=\"600\" \/>\n\t<meta property=\"og:image:type\" content=\"image\/webp\" \/>\n<meta name=\"twitter:card\" content=\"summary_large_image\" \/>\n<meta name=\"twitter:label1\" content=\"Odhadovan\u00e1 doba \u010dten\u00ed\" \/>\n\t<meta name=\"twitter:data1\" content=\"1 minuta\" \/>\n<script type=\"application\/ld+json\" class=\"yoast-schema-graph\">{\"@context\":\"https:\/\/schema.org\",\"@graph\":[{\"@type\":\"WebPage\",\"@id\":\"https:\/\/www.domtechnikpro.com\/index.php\/produkt\/roth-project-selma-combi-sprchovy-sloup-s-baterii-4000324-expresni-doruceni-44988\/\",\"url\":\"https:\/\/www.domtechnikpro.com\/index.php\/produkt\/roth-project-selma-combi-sprchovy-sloup-s-baterii-4000324-expresni-doruceni-44988\/\",\"name\":\"Roth Project Selma Combi Sprchov\u00fd sloup s bateri\u00ed 4000324 Expresn\u00ed Doru\u010den\u00ed -\",\"isPartOf\":{\"@id\":\"https:\/\/www.domtechnikpro.com\/#website\"},\"primaryImageOfPage\":{\"@id\":\"https:\/\/www.domtechnikpro.com\/index.php\/produkt\/roth-project-selma-combi-sprchovy-sloup-s-baterii-4000324-expresni-doruceni-44988\/#primaryimage\"},\"image\":{\"@id\":\"https:\/\/www.domtechnikpro.com\/index.php\/produkt\/roth-project-selma-combi-sprchovy-sloup-s-baterii-4000324-expresni-doruceni-44988\/#primaryimage\"},\"thumbnailUrl\":\"https:\/\/www.domtechnikpro.com\/wp-content\/uploads\/2026\/SK0001421-CZ20260425-092632-0-1777080397-roth-project-selma-combi-sprchovy-sloup-s-baterii-4000324-1.webp\",\"datePublished\":\"2026-04-26T08:59:44+00:00\",\"breadcrumb\":{\"@id\":\"https:\/\/www.domtechnikpro.com\/index.php\/produkt\/roth-project-selma-combi-sprchovy-sloup-s-baterii-4000324-expresni-doruceni-44988\/#breadcrumb\"},\"inLanguage\":\"cs\",\"potentialAction\":[{\"@type\":\"ReadAction\",\"target\":[\"https:\/\/www.domtechnikpro.com\/index.php\/produkt\/roth-project-selma-combi-sprchovy-sloup-s-baterii-4000324-expresni-doruceni-44988\/\"]}]},{\"@type\":\"ImageObject\",\"inLanguage\":\"cs\",\"@id\":\"https:\/\/www.domtechnikpro.com\/index.php\/produkt\/roth-project-selma-combi-sprchovy-sloup-s-baterii-4000324-expresni-doruceni-44988\/#primaryimage\",\"url\":\"https:\/\/www.domtechnikpro.com\/wp-content\/uploads\/2026\/SK0001421-CZ20260425-092632-0-1777080397-roth-project-selma-combi-sprchovy-sloup-s-baterii-4000324-1.webp\",\"contentUrl\":\"https:\/\/www.domtechnikpro.com\/wp-content\/uploads\/2026\/SK0001421-CZ20260425-092632-0-1777080397-roth-project-selma-combi-sprchovy-sloup-s-baterii-4000324-1.webp\",\"width\":600,\"height\":600},{\"@type\":\"BreadcrumbList\",\"@id\":\"https:\/\/www.domtechnikpro.com\/index.php\/produkt\/roth-project-selma-combi-sprchovy-sloup-s-baterii-4000324-expresni-doruceni-44988\/#breadcrumb\",\"itemListElement\":[{\"@type\":\"ListItem\",\"position\":1,\"name\":\"Home\",\"item\":\"https:\/\/www.domtechnikpro.com\/\"},{\"@type\":\"ListItem\",\"position\":2,\"name\":\"Products\",\"item\":\"https:\/\/www.domtechnikpro.com\/index.php\/products\/\"},{\"@type\":\"ListItem\",\"position\":3,\"name\":\"Roth Project Selma Combi Sprchov\u00fd sloup s bateri\u00ed 4000324 Expresn\u00ed Doru\u010den\u00ed\"}]},{\"@type\":\"WebSite\",\"@id\":\"https:\/\/www.domtechnikpro.com\/#website\",\"url\":\"https:\/\/www.domtechnikpro.com\/\",\"name\":\"\",\"description\":\"\",\"potentialAction\":[{\"@type\":\"SearchAction\",\"target\":{\"@type\":\"EntryPoint\",\"urlTemplate\":\"https:\/\/www.domtechnikpro.com\/?s={search_term_string}\"},\"query-input\":{\"@type\":\"PropertyValueSpecification\",\"valueRequired\":true,\"valueName\":\"search_term_string\"}}],\"inLanguage\":\"cs\"}]}<\/script>\n<!-- \/ Yoast SEO plugin. -->","yoast_head_json":{"title":"Roth Project Selma Combi Sprchov\u00fd sloup s bateri\u00ed 4000324 Expresn\u00ed Doru\u010den\u00ed -","robots":{"index":"index","follow":"follow","max-snippet":"max-snippet:-1","max-image-preview":"max-image-preview:large","max-video-preview":"max-video-preview:-1"},"canonical":"https:\/\/www.domtechnikpro.com\/index.php\/produkt\/roth-project-selma-combi-sprchovy-sloup-s-baterii-4000324-expresni-doruceni-44988\/","og_locale":"cs_CZ","og_type":"article","og_title":"Roth Project Selma Combi Sprchov\u00fd sloup s bateri\u00ed 4000324 Expresn\u00ed Doru\u010den\u00ed -","og_description":"Popis produktu Roth Project Selma Combi Sprchov\u00fd sloup s bateri\u00ed 4000324 Sprchov&aacute; souprava SELMA COMBI se skl&aacute;d&aacute; ze z&aacute;v\u011bsn&eacute; a ru\u010dn&iacute; sprchov&eacute; hlavy, hadice, ty\u010de s posuvn&yacute;m dr\u017e&aacute;kem a vodovodn&iacute; baterie. Vpus\u0165te do sv&eacute; koupelny \u010dist&eacute; linie a dokonale propracovan&yacute; design! sprchov&aacute; souprava s bateri&iacute; 115 x 25 cm rozte\u010d 150 mm ru\u010dn&iacute; sprcha hlavov&aacute; [&hellip;]","og_url":"https:\/\/www.domtechnikpro.com\/index.php\/produkt\/roth-project-selma-combi-sprchovy-sloup-s-baterii-4000324-expresni-doruceni-44988\/","og_image":[{"width":600,"height":600,"url":"https:\/\/www.domtechnikpro.com\/wp-content\/uploads\/2026\/SK0001421-CZ20260425-092632-0-1777080397-roth-project-selma-combi-sprchovy-sloup-s-baterii-4000324-1.webp","type":"image\/webp"}],"twitter_card":"summary_large_image","twitter_misc":{"Odhadovan\u00e1 doba \u010dten\u00ed":"1 minuta"},"schema":{"@context":"https:\/\/schema.org","@graph":[{"@type":"WebPage","@id":"https:\/\/www.domtechnikpro.com\/index.php\/produkt\/roth-project-selma-combi-sprchovy-sloup-s-baterii-4000324-expresni-doruceni-44988\/","url":"https:\/\/www.domtechnikpro.com\/index.php\/produkt\/roth-project-selma-combi-sprchovy-sloup-s-baterii-4000324-expresni-doruceni-44988\/","name":"Roth Project Selma Combi Sprchov\u00fd sloup s bateri\u00ed 4000324 Expresn\u00ed Doru\u010den\u00ed -","isPartOf":{"@id":"https:\/\/www.domtechnikpro.com\/#website"},"primaryImageOfPage":{"@id":"https:\/\/www.domtechnikpro.com\/index.php\/produkt\/roth-project-selma-combi-sprchovy-sloup-s-baterii-4000324-expresni-doruceni-44988\/#primaryimage"},"image":{"@id":"https:\/\/www.domtechnikpro.com\/index.php\/produkt\/roth-project-selma-combi-sprchovy-sloup-s-baterii-4000324-expresni-doruceni-44988\/#primaryimage"},"thumbnailUrl":"https:\/\/www.domtechnikpro.com\/wp-content\/uploads\/2026\/SK0001421-CZ20260425-092632-0-1777080397-roth-project-selma-combi-sprchovy-sloup-s-baterii-4000324-1.webp","datePublished":"2026-04-26T08:59:44+00:00","breadcrumb":{"@id":"https:\/\/www.domtechnikpro.com\/index.php\/produkt\/roth-project-selma-combi-sprchovy-sloup-s-baterii-4000324-expresni-doruceni-44988\/#breadcrumb"},"inLanguage":"cs","potentialAction":[{"@type":"ReadAction","target":["https:\/\/www.domtechnikpro.com\/index.php\/produkt\/roth-project-selma-combi-sprchovy-sloup-s-baterii-4000324-expresni-doruceni-44988\/"]}]},{"@type":"ImageObject","inLanguage":"cs","@id":"https:\/\/www.domtechnikpro.com\/index.php\/produkt\/roth-project-selma-combi-sprchovy-sloup-s-baterii-4000324-expresni-doruceni-44988\/#primaryimage","url":"https:\/\/www.domtechnikpro.com\/wp-content\/uploads\/2026\/SK0001421-CZ20260425-092632-0-1777080397-roth-project-selma-combi-sprchovy-sloup-s-baterii-4000324-1.webp","contentUrl":"https:\/\/www.domtechnikpro.com\/wp-content\/uploads\/2026\/SK0001421-CZ20260425-092632-0-1777080397-roth-project-selma-combi-sprchovy-sloup-s-baterii-4000324-1.webp","width":600,"height":600},{"@type":"BreadcrumbList","@id":"https:\/\/www.domtechnikpro.com\/index.php\/produkt\/roth-project-selma-combi-sprchovy-sloup-s-baterii-4000324-expresni-doruceni-44988\/#breadcrumb","itemListElement":[{"@type":"ListItem","position":1,"name":"Home","item":"https:\/\/www.domtechnikpro.com\/"},{"@type":"ListItem","position":2,"name":"Products","item":"https:\/\/www.domtechnikpro.com\/index.php\/products\/"},{"@type":"ListItem","position":3,"name":"Roth Project Selma Combi Sprchov\u00fd sloup s bateri\u00ed 4000324 Expresn\u00ed Doru\u010den\u00ed"}]},{"@type":"WebSite","@id":"https:\/\/www.domtechnikpro.com\/#website","url":"https:\/\/www.domtechnikpro.com\/","name":"","description":"","potentialAction":[{"@type":"SearchAction","target":{"@type":"EntryPoint","urlTemplate":"https:\/\/www.domtechnikpro.com\/?s={search_term_string}"},"query-input":{"@type":"PropertyValueSpecification","valueRequired":true,"valueName":"search_term_string"}}],"inLanguage":"cs"}]}},"_links":{"self":[{"href":"https:\/\/www.domtechnikpro.com\/index.php\/wp-json\/wp\/v2\/product\/44988","targetHints":{"allow":["GET"]}}],"collection":[{"href":"https:\/\/www.domtechnikpro.com\/index.php\/wp-json\/wp\/v2\/product"}],"about":[{"href":"https:\/\/www.domtechnikpro.com\/index.php\/wp-json\/wp\/v2\/types\/product"}],"replies":[{"embeddable":true,"href":"https:\/\/www.domtechnikpro.com\/index.php\/wp-json\/wp\/v2\/comments?post=44988"}],"wp:featuredmedia":[{"embeddable":true,"href":"https:\/\/www.domtechnikpro.com\/index.php\/wp-json\/wp\/v2\/media\/45088"}],"wp:attachment":[{"href":"https:\/\/www.domtechnikpro.com\/index.php\/wp-json\/wp\/v2\/media?parent=44988"}],"wp:term":[{"taxonomy":"product_brand","embeddable":true,"href":"https:\/\/www.domtechnikpro.com\/index.php\/wp-json\/wp\/v2\/product_brand?post=44988"},{"taxonomy":"product_cat","embeddable":true,"href":"https:\/\/www.domtechnikpro.com\/index.php\/wp-json\/wp\/v2\/product_cat?post=44988"},{"taxonomy":"product_tag","embeddable":true,"href":"https:\/\/www.domtechnikpro.com\/index.php\/wp-json\/wp\/v2\/product_tag?post=44988"}],"curies":[{"name":"wp","href":"https:\/\/api.w.org\/{rel}","templated":true}]}}