{"id":44714,"date":"2026-04-26T08:59:41","date_gmt":"2026-04-26T08:59:41","guid":{"rendered":""},"modified":"2026-04-26T08:59:41","modified_gmt":"2026-04-26T08:59:41","slug":"overeny-koupelnovy-set-latus-ix-47-5-dub-stribrny-44714","status":"publish","type":"product","link":"https:\/\/www.domtechnikpro.com\/index.php\/produkt\/overeny-koupelnovy-set-latus-ix-47-5-dub-stribrny-44714\/","title":{"rendered":"Ov\u011b\u0159en\u00fd Koupelnov\u00fd set LATUS IX 47,5, dub st\u0159\u00edbrn\u00fd"},"content":{"rendered":"<div class=\"basic-description\">\n<h3>Detailn\u00ed popis produktu<\/h3>\n<div class=\"product-explanation-item\">\n<h3>Zpomalovac\u00ed panty<\/h3>\n<div style=\"float: left;\"><\/div>\n<p>N\u00e1bytek je vybaven mechanismem zpomalovac\u00edch pant\u016f u dv\u00ed\u0159ek. Dv\u00ed\u0159ka sta\u010d\u00ed jen lehce postr\u010dit a ona se ji\u017e sama dov\u0159ou.<\/p>\n<\/div>\n<div class=\"product-explanation-item\">\n<h3>Ochrana proti korozi<\/h3>\n<div style=\"float: left;\"><\/div>\n<p style=\"text-align: justify;\">Zrcadlo s ochranou proti korozi (neobsahuje m\u011b\u010f).<\/p>\n<p style=\"text-align: justify;\">U b\u011b\u017en\u00fdch zrcadel se po nanesen\u00ed reflexn\u00ed vrstvy nanese ochrann\u00e1 vrstva obsahuj\u00edc\u00ed s\u00edran m\u011b\u010fnat\u00fd. V z\u00e1vislosti na prost\u0159ed\u00ed (typicky zv\u00fd\u0161en\u00e1 vlhkost) m\u016f\u017ee m\u011b\u010f \u010dasem zhn\u011bdnout, co\u017e se projev\u00ed koroz\u00ed v podob\u011b tmav\u00fdch te\u010dek a\u017e map, kter\u00e9 se objev\u00ed p\u0159i okraj\u00edch zrcadla.<\/p>\n<p style=\"text-align: justify;\">Zrcadla bez obsahu m\u011bdi jsou naproti tomu vyr\u00e1b\u011bna procesem chemick\u00e9 sedimentace, kdy se m\u00edsto m\u011bdi pou\u017eije speci\u00e1ln\u00ed kovov\u00fd film a n\u00e1sledn\u011b se nanese vrstva laku pro chemickou a fyzik\u00e1ln\u00ed ochranu. Tato zrcadla jsou 3x odoln\u011bj\u0161\u00ed v\u016f\u010di korozi a d\u00edky absenci \u0161kodliv\u00fdch chemik\u00e1li\u00ed jsou nav\u00edc \u0161etrn\u011bj\u0161\u00ed pro \u017eivotn\u00ed prost\u0159ed\u00ed.<\/p>\n<\/div><\/div>\n<div class=\"extended-description\">\n<h3>Dopl\u0148kov\u00e9 parametry<\/h3>\n<table class=\"detail-parameters\">\n<tbody>\n<tr>\n<th>        <span class=\"row-header-label\">            Kategorie<span class=\"row-header-label-colon\">:<\/span>        <\/span>    <\/th>\n<td>            <\/td>\n<\/tr>\n<tr>\n<th>            <span class=\"row-header-label\">                Z\u00e1ruka<span class=\"row-header-label-colon\">:<\/span>            <\/span>        <\/th>\n<td>            24        <\/td>\n<\/tr>\n<tr>\n<th>            <span class=\"row-header-label\">                Hmotnost<span class=\"row-header-label-colon\">:<\/span>            <\/span>        <\/th>\n<td>            19.69 kg        <\/td>\n<\/tr>\n<tr class=\"productEan\">\n<th>          <span class=\"row-header-label productEan__label\">              EAN<span class=\"row-header-label-colon\">:<\/span>          <\/span>      <\/th>\n<td>          <span class=\"productEan__value\">8590913902567<\/span>      <\/td>\n<\/tr>\n<tr>\n<th>                <span class=\"row-header-label\">                                            Balen\u00ed<span class=\"row-header-label-colon\">:<\/span>                                    <\/span>            <\/th>\n<td>                                                            4 ks                                                <\/td>\n<\/tr>\n<tr>\n<th>                <span class=\"row-header-label\">                                            Barva<span class=\"row-header-label-colon\">:<\/span>                                    <\/span>            <\/th>\n<td>                                                            St\u0159\u00edbrn\u00e1                                                <\/td>\n<\/tr>\n<tr>\n<th>                <span class=\"row-header-label\">                                            Dekor<span class=\"row-header-label-colon\">:<\/span>                                    <\/span>            <\/th>\n<td>                                                            Dub st\u0159\u00edbrn\u00fd                                                <\/td>\n<\/tr>\n<tr>\n<th>                <span class=\"row-header-label\">                                            Dostupnost<span class=\"row-header-label-colon\">:<\/span>                                    <\/span>            <\/th>\n<td>                                                            Dod\u00e1n\u00ed do 10ti t\u00fddn\u016f                                                <\/td>\n<\/tr>\n<tr>\n<th>                <span class=\"row-header-label\">                                            Instalace<span class=\"row-header-label-colon\">:<\/span>                                    <\/span>            <\/th>\n<td>                                                            Z\u00e1v\u011bsn\u00e9 na st\u011bnu                                                <\/td>\n<\/tr>\n<tr>\n<th>                <span class=\"row-header-label\">                                            Materi\u00e1l<span class=\"row-header-label-colon\">:<\/span>                                    <\/span>            <\/th>\n<td>                                                            MDF\/lamino                                                <\/td>\n<\/tr>\n<tr>\n<th>                <span class=\"row-header-label\">                                            \u0160\u00ed\u0159ka<span class=\"row-header-label-colon\">:<\/span>                                    <\/span>            <\/th>\n<td>                                                            475 mm                                                <\/td>\n<\/tr>\n<tr>\n<th>                <span class=\"row-header-label\">                                            Typ sk\u0159\u00ed\u0148ky<span class=\"row-header-label-colon\">:<\/span>                                    <\/span>            <\/th>\n<td>                                                            Dv\u00ed\u0159ka                                                <\/td>\n<\/tr>\n<tr>\n<th>                <span class=\"row-header-label\">                                            Typ umyvadla<span class=\"row-header-label-colon\">:<\/span>                                    <\/span>            <\/th>\n<td>                                                            Klasick\u00e9 umyvadlo                                                <\/td>\n<\/tr>\n<tr>\n<th>                <span class=\"row-header-label\">                                            Typ zrcadla<span class=\"row-header-label-colon\">:<\/span>                                    <\/span>            <\/th>\n<td>                                                            Zrcadla s polic\u00ed                                                <\/td>\n<\/tr>\n<tr>\n<th>                <span class=\"row-header-label\">                                            V\u00fdbava<span class=\"row-header-label-colon\">:<\/span>                                    <\/span>            <\/th>\n<td>                                                            Zpomalovac\u00ed panty;Ochrana proti korozi                                                <\/td>\n<\/tr>\n<tr>\n<th>                <span class=\"row-header-label\">                                            Z\u00e1ruka<span class=\"row-header-label-colon\">:<\/span>                                    <\/span>            <\/th>\n<td>                                                            2 roky                                                <\/td>\n<\/tr>\n<\/tbody>\n<\/table><\/div>\n<\/p><\/div>\n<\/p><\/div>\n","protected":false},"excerpt":{"rendered":"<p>Detailn\u00ed popis produktu Zpomalovac\u00ed panty N\u00e1bytek je vybaven mechanismem zpomalovac\u00edch pant\u016f u dv\u00ed\u0159ek. Dv\u00ed\u0159ka sta\u010d\u00ed jen lehce postr\u010dit a ona se ji\u017e sama dov\u0159ou. Ochrana proti korozi Zrcadlo s ochranou proti korozi (neobsahuje m\u011b\u010f). U b\u011b\u017en\u00fdch zrcadel se po nanesen\u00ed reflexn\u00ed vrstvy nanese ochrann\u00e1 vrstva obsahuj\u00edc\u00ed s\u00edran m\u011b\u010fnat\u00fd. V z\u00e1vislosti na prost\u0159ed\u00ed (typicky zv\u00fd\u0161en\u00e1 vlhkost) [&hellip;]<\/p>\n","protected":false},"featured_media":44814,"comment_status":"open","ping_status":"open","template":"","meta":[],"product_brand":[],"product_cat":[147],"product_tag":[],"class_list":{"0":"post-44714","1":"product","2":"type-product","3":"status-publish","4":"has-post-thumbnail","6":"product_cat-koupelnovy-nabytek","8":"first","9":"instock","10":"sale","11":"shipping-taxable","12":"purchasable","13":"product-type-simple"},"yoast_head":"<!-- This site is optimized with the Yoast SEO plugin v26.8 - https:\/\/yoast.com\/product\/yoast-seo-wordpress\/ -->\n<title>Ov\u011b\u0159en\u00fd Koupelnov\u00fd set LATUS IX 47,5, dub st\u0159\u00edbrn\u00fd -<\/title>\n<meta name=\"robots\" content=\"index, follow, max-snippet:-1, max-image-preview:large, max-video-preview:-1\" \/>\n<link rel=\"canonical\" href=\"https:\/\/www.domtechnikpro.com\/index.php\/produkt\/overeny-koupelnovy-set-latus-ix-47-5-dub-stribrny-44714\/\" \/>\n<meta property=\"og:locale\" content=\"cs_CZ\" \/>\n<meta property=\"og:type\" content=\"article\" \/>\n<meta property=\"og:title\" content=\"Ov\u011b\u0159en\u00fd Koupelnov\u00fd set LATUS IX 47,5, dub st\u0159\u00edbrn\u00fd -\" \/>\n<meta property=\"og:description\" content=\"Detailn\u00ed popis produktu Zpomalovac\u00ed panty N\u00e1bytek je vybaven mechanismem zpomalovac\u00edch pant\u016f u dv\u00ed\u0159ek. Dv\u00ed\u0159ka sta\u010d\u00ed jen lehce postr\u010dit a ona se ji\u017e sama dov\u0159ou. Ochrana proti korozi Zrcadlo s ochranou proti korozi (neobsahuje m\u011b\u010f). U b\u011b\u017en\u00fdch zrcadel se po nanesen\u00ed reflexn\u00ed vrstvy nanese ochrann\u00e1 vrstva obsahuj\u00edc\u00ed s\u00edran m\u011b\u010fnat\u00fd. V z\u00e1vislosti na prost\u0159ed\u00ed (typicky zv\u00fd\u0161en\u00e1 vlhkost) [&hellip;]\" \/>\n<meta property=\"og:url\" content=\"https:\/\/www.domtechnikpro.com\/index.php\/produkt\/overeny-koupelnovy-set-latus-ix-47-5-dub-stribrny-44714\/\" \/>\n<meta property=\"og:image\" content=\"https:\/\/www.domtechnikpro.com\/wp-content\/uploads\/2026\/SK0002610-CZ20260425-092556-0-1777080363-37561_kset-027-214696825192816.webp\" \/>\n\t<meta property=\"og:image:width\" content=\"1000\" \/>\n\t<meta property=\"og:image:height\" content=\"750\" \/>\n\t<meta property=\"og:image:type\" content=\"image\/webp\" \/>\n<meta name=\"twitter:card\" content=\"summary_large_image\" \/>\n<meta name=\"twitter:label1\" content=\"Odhadovan\u00e1 doba \u010dten\u00ed\" \/>\n\t<meta name=\"twitter:data1\" content=\"1 minuta\" \/>\n<script type=\"application\/ld+json\" class=\"yoast-schema-graph\">{\"@context\":\"https:\/\/schema.org\",\"@graph\":[{\"@type\":\"WebPage\",\"@id\":\"https:\/\/www.domtechnikpro.com\/index.php\/produkt\/overeny-koupelnovy-set-latus-ix-47-5-dub-stribrny-44714\/\",\"url\":\"https:\/\/www.domtechnikpro.com\/index.php\/produkt\/overeny-koupelnovy-set-latus-ix-47-5-dub-stribrny-44714\/\",\"name\":\"Ov\u011b\u0159en\u00fd Koupelnov\u00fd set LATUS IX 47,5, dub st\u0159\u00edbrn\u00fd -\",\"isPartOf\":{\"@id\":\"https:\/\/www.domtechnikpro.com\/#website\"},\"primaryImageOfPage\":{\"@id\":\"https:\/\/www.domtechnikpro.com\/index.php\/produkt\/overeny-koupelnovy-set-latus-ix-47-5-dub-stribrny-44714\/#primaryimage\"},\"image\":{\"@id\":\"https:\/\/www.domtechnikpro.com\/index.php\/produkt\/overeny-koupelnovy-set-latus-ix-47-5-dub-stribrny-44714\/#primaryimage\"},\"thumbnailUrl\":\"https:\/\/www.domtechnikpro.com\/wp-content\/uploads\/2026\/SK0002610-CZ20260425-092556-0-1777080363-37561_kset-027-214696825192816.webp\",\"datePublished\":\"2026-04-26T08:59:41+00:00\",\"breadcrumb\":{\"@id\":\"https:\/\/www.domtechnikpro.com\/index.php\/produkt\/overeny-koupelnovy-set-latus-ix-47-5-dub-stribrny-44714\/#breadcrumb\"},\"inLanguage\":\"cs\",\"potentialAction\":[{\"@type\":\"ReadAction\",\"target\":[\"https:\/\/www.domtechnikpro.com\/index.php\/produkt\/overeny-koupelnovy-set-latus-ix-47-5-dub-stribrny-44714\/\"]}]},{\"@type\":\"ImageObject\",\"inLanguage\":\"cs\",\"@id\":\"https:\/\/www.domtechnikpro.com\/index.php\/produkt\/overeny-koupelnovy-set-latus-ix-47-5-dub-stribrny-44714\/#primaryimage\",\"url\":\"https:\/\/www.domtechnikpro.com\/wp-content\/uploads\/2026\/SK0002610-CZ20260425-092556-0-1777080363-37561_kset-027-214696825192816.webp\",\"contentUrl\":\"https:\/\/www.domtechnikpro.com\/wp-content\/uploads\/2026\/SK0002610-CZ20260425-092556-0-1777080363-37561_kset-027-214696825192816.webp\",\"width\":1000,\"height\":750},{\"@type\":\"BreadcrumbList\",\"@id\":\"https:\/\/www.domtechnikpro.com\/index.php\/produkt\/overeny-koupelnovy-set-latus-ix-47-5-dub-stribrny-44714\/#breadcrumb\",\"itemListElement\":[{\"@type\":\"ListItem\",\"position\":1,\"name\":\"Home\",\"item\":\"https:\/\/www.domtechnikpro.com\/\"},{\"@type\":\"ListItem\",\"position\":2,\"name\":\"Products\",\"item\":\"https:\/\/www.domtechnikpro.com\/index.php\/products\/\"},{\"@type\":\"ListItem\",\"position\":3,\"name\":\"Ov\u011b\u0159en\u00fd Koupelnov\u00fd set LATUS IX 47,5, dub st\u0159\u00edbrn\u00fd\"}]},{\"@type\":\"WebSite\",\"@id\":\"https:\/\/www.domtechnikpro.com\/#website\",\"url\":\"https:\/\/www.domtechnikpro.com\/\",\"name\":\"\",\"description\":\"\",\"potentialAction\":[{\"@type\":\"SearchAction\",\"target\":{\"@type\":\"EntryPoint\",\"urlTemplate\":\"https:\/\/www.domtechnikpro.com\/?s={search_term_string}\"},\"query-input\":{\"@type\":\"PropertyValueSpecification\",\"valueRequired\":true,\"valueName\":\"search_term_string\"}}],\"inLanguage\":\"cs\"}]}<\/script>\n<!-- \/ Yoast SEO plugin. -->","yoast_head_json":{"title":"Ov\u011b\u0159en\u00fd Koupelnov\u00fd set LATUS IX 47,5, dub st\u0159\u00edbrn\u00fd -","robots":{"index":"index","follow":"follow","max-snippet":"max-snippet:-1","max-image-preview":"max-image-preview:large","max-video-preview":"max-video-preview:-1"},"canonical":"https:\/\/www.domtechnikpro.com\/index.php\/produkt\/overeny-koupelnovy-set-latus-ix-47-5-dub-stribrny-44714\/","og_locale":"cs_CZ","og_type":"article","og_title":"Ov\u011b\u0159en\u00fd Koupelnov\u00fd set LATUS IX 47,5, dub st\u0159\u00edbrn\u00fd -","og_description":"Detailn\u00ed popis produktu Zpomalovac\u00ed panty N\u00e1bytek je vybaven mechanismem zpomalovac\u00edch pant\u016f u dv\u00ed\u0159ek. Dv\u00ed\u0159ka sta\u010d\u00ed jen lehce postr\u010dit a ona se ji\u017e sama dov\u0159ou. Ochrana proti korozi Zrcadlo s ochranou proti korozi (neobsahuje m\u011b\u010f). U b\u011b\u017en\u00fdch zrcadel se po nanesen\u00ed reflexn\u00ed vrstvy nanese ochrann\u00e1 vrstva obsahuj\u00edc\u00ed s\u00edran m\u011b\u010fnat\u00fd. V z\u00e1vislosti na prost\u0159ed\u00ed (typicky zv\u00fd\u0161en\u00e1 vlhkost) [&hellip;]","og_url":"https:\/\/www.domtechnikpro.com\/index.php\/produkt\/overeny-koupelnovy-set-latus-ix-47-5-dub-stribrny-44714\/","og_image":[{"width":1000,"height":750,"url":"https:\/\/www.domtechnikpro.com\/wp-content\/uploads\/2026\/SK0002610-CZ20260425-092556-0-1777080363-37561_kset-027-214696825192816.webp","type":"image\/webp"}],"twitter_card":"summary_large_image","twitter_misc":{"Odhadovan\u00e1 doba \u010dten\u00ed":"1 minuta"},"schema":{"@context":"https:\/\/schema.org","@graph":[{"@type":"WebPage","@id":"https:\/\/www.domtechnikpro.com\/index.php\/produkt\/overeny-koupelnovy-set-latus-ix-47-5-dub-stribrny-44714\/","url":"https:\/\/www.domtechnikpro.com\/index.php\/produkt\/overeny-koupelnovy-set-latus-ix-47-5-dub-stribrny-44714\/","name":"Ov\u011b\u0159en\u00fd Koupelnov\u00fd set LATUS IX 47,5, dub st\u0159\u00edbrn\u00fd -","isPartOf":{"@id":"https:\/\/www.domtechnikpro.com\/#website"},"primaryImageOfPage":{"@id":"https:\/\/www.domtechnikpro.com\/index.php\/produkt\/overeny-koupelnovy-set-latus-ix-47-5-dub-stribrny-44714\/#primaryimage"},"image":{"@id":"https:\/\/www.domtechnikpro.com\/index.php\/produkt\/overeny-koupelnovy-set-latus-ix-47-5-dub-stribrny-44714\/#primaryimage"},"thumbnailUrl":"https:\/\/www.domtechnikpro.com\/wp-content\/uploads\/2026\/SK0002610-CZ20260425-092556-0-1777080363-37561_kset-027-214696825192816.webp","datePublished":"2026-04-26T08:59:41+00:00","breadcrumb":{"@id":"https:\/\/www.domtechnikpro.com\/index.php\/produkt\/overeny-koupelnovy-set-latus-ix-47-5-dub-stribrny-44714\/#breadcrumb"},"inLanguage":"cs","potentialAction":[{"@type":"ReadAction","target":["https:\/\/www.domtechnikpro.com\/index.php\/produkt\/overeny-koupelnovy-set-latus-ix-47-5-dub-stribrny-44714\/"]}]},{"@type":"ImageObject","inLanguage":"cs","@id":"https:\/\/www.domtechnikpro.com\/index.php\/produkt\/overeny-koupelnovy-set-latus-ix-47-5-dub-stribrny-44714\/#primaryimage","url":"https:\/\/www.domtechnikpro.com\/wp-content\/uploads\/2026\/SK0002610-CZ20260425-092556-0-1777080363-37561_kset-027-214696825192816.webp","contentUrl":"https:\/\/www.domtechnikpro.com\/wp-content\/uploads\/2026\/SK0002610-CZ20260425-092556-0-1777080363-37561_kset-027-214696825192816.webp","width":1000,"height":750},{"@type":"BreadcrumbList","@id":"https:\/\/www.domtechnikpro.com\/index.php\/produkt\/overeny-koupelnovy-set-latus-ix-47-5-dub-stribrny-44714\/#breadcrumb","itemListElement":[{"@type":"ListItem","position":1,"name":"Home","item":"https:\/\/www.domtechnikpro.com\/"},{"@type":"ListItem","position":2,"name":"Products","item":"https:\/\/www.domtechnikpro.com\/index.php\/products\/"},{"@type":"ListItem","position":3,"name":"Ov\u011b\u0159en\u00fd Koupelnov\u00fd set LATUS IX 47,5, dub st\u0159\u00edbrn\u00fd"}]},{"@type":"WebSite","@id":"https:\/\/www.domtechnikpro.com\/#website","url":"https:\/\/www.domtechnikpro.com\/","name":"","description":"","potentialAction":[{"@type":"SearchAction","target":{"@type":"EntryPoint","urlTemplate":"https:\/\/www.domtechnikpro.com\/?s={search_term_string}"},"query-input":{"@type":"PropertyValueSpecification","valueRequired":true,"valueName":"search_term_string"}}],"inLanguage":"cs"}]}},"_links":{"self":[{"href":"https:\/\/www.domtechnikpro.com\/index.php\/wp-json\/wp\/v2\/product\/44714","targetHints":{"allow":["GET"]}}],"collection":[{"href":"https:\/\/www.domtechnikpro.com\/index.php\/wp-json\/wp\/v2\/product"}],"about":[{"href":"https:\/\/www.domtechnikpro.com\/index.php\/wp-json\/wp\/v2\/types\/product"}],"replies":[{"embeddable":true,"href":"https:\/\/www.domtechnikpro.com\/index.php\/wp-json\/wp\/v2\/comments?post=44714"}],"wp:featuredmedia":[{"embeddable":true,"href":"https:\/\/www.domtechnikpro.com\/index.php\/wp-json\/wp\/v2\/media\/44814"}],"wp:attachment":[{"href":"https:\/\/www.domtechnikpro.com\/index.php\/wp-json\/wp\/v2\/media?parent=44714"}],"wp:term":[{"taxonomy":"product_brand","embeddable":true,"href":"https:\/\/www.domtechnikpro.com\/index.php\/wp-json\/wp\/v2\/product_brand?post=44714"},{"taxonomy":"product_cat","embeddable":true,"href":"https:\/\/www.domtechnikpro.com\/index.php\/wp-json\/wp\/v2\/product_cat?post=44714"},{"taxonomy":"product_tag","embeddable":true,"href":"https:\/\/www.domtechnikpro.com\/index.php\/wp-json\/wp\/v2\/product_tag?post=44714"}],"curies":[{"name":"wp","href":"https:\/\/api.w.org\/{rel}","templated":true}]}}