{"id":44537,"date":"2026-04-26T08:59:39","date_gmt":"2026-04-26T08:59:39","guid":{"rendered":""},"modified":"2026-04-26T08:59:39","modified_gmt":"2026-04-26T08:59:39","slug":"zoom-obdelnikovy-sprchovy-kout-1000x800mm-l-p-varianta-nakupujte-hned-44537","status":"publish","type":"product","link":"https:\/\/www.domtechnikpro.com\/index.php\/produkt\/zoom-obdelnikovy-sprchovy-kout-1000x800mm-l-p-varianta-nakupujte-hned-44537\/","title":{"rendered":"ZOOM obd\u00e9ln\u00edkov\u00fd sprchov\u00fd kout 1000x800mm, L\/P varianta Nakupujte Hned"},"content":{"rendered":"<div class=\"basic-description\">\n<h3>Detailn\u00ed popis produktu<\/h3>\n<p style=\"text-align: justify;\">Sv\u011b\u017e\u00ed design sprchov\u00fdch z\u00e1st\u011bn s\u00e9rie ZOOM je propracov\u00e1n do nejmen\u0161\u00edch detail\u016f. Sprchov\u00e9 dve\u0159e&nbsp;s hranat\u00fdmi oto\u010dn\u00fdmi profily se zvedac\u00edm mechanismem umo\u017e\u0148uj\u00ed snadn\u00e9 otev\u00edr\u00e1n\u00ed vn\u011b i dovnit\u0159 a zaru\u010duj\u00ed maxim\u00e1ln\u00ed \u0161\u00ed\u0159ku vstupu. V\u00fdjimku tvo\u0159\u00ed \u010dtvrtkruhov\u00e9 z\u00e1st\u011bny typu ZL2615 (90&#215;90 cm) a ZL2616 (100&#215;100 cm), kter\u00e9 se otv\u00edraj\u00ed pouze sm\u011brem ven.<\/p>\n<p><strong>Celkov\u00e1 charakteristika sprchov\u00fdch z\u00e1st\u011bn s\u00e9rie ZOOM:<\/strong><\/p>\n<ul>\n<li>\u010cir\u00e9 bezpe\u010dnostn\u00ed sklo o s\u00edle 6 mm<\/li>\n<li>Povrchov\u00e1 \u00faprava Antidrop zabra\u0148uje usazov\u00e1n\u00ed vodn\u00edho kamene a usnad\u0148uje \u010di\u0161t\u011bn\u00ed<\/li>\n<li>Hlin\u00edkov\u00e9 oto\u010dn\u00e9 profily s le\u0161t\u011bn\u00fdm povrchem a integrovan\u00fdm zdvihov\u00fdm mechanismem<\/li>\n<li>Magnetick\u00e9 t\u011bsn\u011bn\u00ed je skryto v hlin\u00edkov\u00fdch profilech, kter\u00e9 dod\u00e1vaj\u00ed z\u00e1st\u011bn\u00e1m luxusn\u00ed vzhled<\/li>\n<li>V\u00fd\u0161ka 1900 mm<\/li>\n<li>Snadn\u00e1 mont\u00e1\u017e, tolerance a\u017e 20 mm nastaven\u00edm skel v profilu<\/li>\n<li>Dve\u0159e 700, 800 a 900 mm jsou jednod\u00edln\u00e9 a umo\u017e\u0148uj\u00ed maxim\u00e1ln\u00ed \u0161\u00ed\u0159ku vstupu<\/li>\n<li>Dve\u0159e 1000-1500 mm jsou d\u011bleny na \u010d\u00e1st pevnou a \u010d\u00e1st oto\u010dnou<\/li>\n<li>Dve\u0159e je mo\u017eno instalovat do niky nebo v kombinaci s bo\u010dn\u00ed st\u011bnou, umo\u017e\u0148uj\u00ed variabiln\u00ed instalaci s lev\u00fdm nebo prav\u00fdm otev\u00edr\u00e1n\u00edm<\/li>\n<li>Dvouk\u0159\u00eddl\u00e9 dve\u0159e 800, 900, 1000 a 1200 mm jsou vhodn\u00e9 pouze pro instalaci do niky, nelze je kombinovat s bo\u010dn\u00ed st\u011bnou<\/li>\n<li>Dve\u0159e 1600 a 1800 mm maj\u00ed 2 pevn\u00e9 \u010d\u00e1sti a 2 oto\u010dn\u00e9 \u010d\u00e1sti, vhodn\u00e9 pouze pro instalaci do niky, nelze je kombinovat s bo\u010dn\u00ed st\u011bnou<\/li>\n<li>Dve\u0159e&nbsp;<span>se&nbsp;zdvihov\u00fdm mechanismem profilu<\/span><\/li>\n<li>Vzp\u011bry jsou sou\u010d\u00e1st\u00ed balen\u00ed<\/li>\n<li><span>Skl\u00e1dac\u00ed dve\u0159e 700 a\u017e 900 mm v&nbsp;proveden\u00ed lev\u00e1 a&nbsp;prav\u00e1 lze instalovat do niky nebo v&nbsp;kombinaci L\/R vytvo\u0159it \u010dtvercovou nebo obd\u00e9ln\u00edkovou z\u00e1st\u011bnu s&nbsp;rohov\u00fdm vstupem<\/span><\/li>\n<li><span>V\u00fd\u0161ka skl\u00e1dac\u00edch dve\u0159\u00ed 2000 mm<\/span><\/li>\n<\/ul>\n<table style=\"height: 209px; width: 764px;\" border=\"0\">\n<tbody>\n<tr>\n<td><\/td>\n<td><\/td>\n<td><\/td>\n<td><\/td>\n<\/tr>\n<tr>\n<td>Speci\u00e1ln\u011b navr\u017een\u00e9 madlo pro&nbsp;pohodln\u00e9 otev\u00edr\u00e1n\u00ed dve\u0159\u00ed.<\/td>\n<td>Ploch\u00e9 magnetick\u00e9 t\u011bsn\u011bn\u00ed elegantn\u011b&nbsp;skryt\u00e9 v hlin\u00edkov\u00e9m profilu umo\u017e\u0148uje&nbsp;otv\u00edrat dve\u0159e na ob\u011b strany u v\u0161ech model\u016f dve\u0159\u00ed do niky a v kombinaci&nbsp;s bo\u010dn\u00ed st\u011bnou.<\/td>\n<td>Oto\u010dn\u00fd profil v minimalistick\u00e9m&nbsp;proveden\u00ed se zvedac\u00ed funkc\u00ed pro pohodln\u00e9 otev\u00edr\u00e1n\u00ed. \u010cist\u00e1 linie &#8211; sklo&nbsp;prot\u00edn\u00e1 profil na obou stran\u00e1ch&nbsp;ve stejn\u00e9 \u00farovni.<\/td>\n<td>St\u011bnov\u00e9 nerovnosti elegantn\u011b skryjehlin\u00edkov\u00fd profil, do kter\u00e9ho se zasouv\u00e1sklo dle pot\u0159eby a\u017e 20 mm. Stabilituskel zaji\u0161\u0165uje elegantn\u00ed vzp\u011bra s nastaviteln\u00fdm \u00fahlem uchycen\u00ed na obou stran\u00e1ch.<\/td>\n<\/tr>\n<\/tbody>\n<\/table>\n<div class=\"product-explanation-item\">\n<h3>Sm\u011br otev\u00edr\u00e1n\u00ed &#8211; univerz\u00e1ln\u00ed<\/h3>\n<p style=\"text-align: justify;\">Instalace je mo\u017en\u00e1 s lev\u00fdm nebo prav\u00fdm otev\u00edr\u00e1n\u00edm dve\u0159\u00ed.<\/p>\n<\/div>\n<div class=\"product-explanation-item\">\n<h3>Antidrop<\/h3>\n<p style=\"text-align: justify;\">Antidrop je povrchov\u00e1 \u00faprava skla pro jeho snadnou \u00fadr\u017ebu. P\u0159i v\u00fdrob\u011b skla je nan\u00e1\u0161ena na jeho povrch s pou\u017eit\u00edm nanotechnologie a je obsa\u017eena v cen\u011b z\u00e1st\u011bn.<\/p>\n<\/div>\n<div class=\"product-explanation-item\">\n<h3>Bezr\u00e1mov\u00e9 sprchov\u00e9 z\u00e1st\u011bny<\/h3>\n<p style=\"text-align: justify;\">Ochranu proti p\u0159ete\u010den\u00ed vody u bezr\u00e1mov\u00fdch z\u00e1st\u011bn zaji\u0161\u0165uje n\u00edzk\u00e1 p\u0159etokov\u00e1 li\u0161ta, kter\u00e1 dotv\u00e1\u0159\u00ed \u010dist\u00fd vzhled z\u00e1st\u011bny. Bezr\u00e1mov\u00e9 z\u00e1st\u011bny tak p\u016fsob\u00ed sv\u011b\u017e\u00edm elegantn\u00edm dojmem.<\/p>\n<\/p>\n<\/div>\n<p><b>Video ke shl\u00e9dnut\u00ed<\/b><video width=\"640\" height=\"480\" controls><source src=\"https:\/\/ubc.k2.cz\/K2FTPdata\/UBC\/video\/produkt_ostatne\/zoom-line-sprchove-zasteny.mp4\" type=\"video\/mp4\">V\u00e1\u0161 prohl\u00ed\u017ee\u010d nepodporuje video tag.<\/video>                            <\/div>\n<div class=\"extended-description\">\n<h3>Dopl\u0148kov\u00e9 parametry<\/h3>\n<table class=\"detail-parameters\">\n<tbody>\n<tr>\n<th>        <span class=\"row-header-label\">            Kategorie<span class=\"row-header-label-colon\">:<\/span>        <\/span>    <\/th>\n<td>            <\/td>\n<\/tr>\n<tr>\n<th>            <span class=\"row-header-label\">                Z\u00e1ruka<span class=\"row-header-label-colon\">:<\/span>            <\/span>        <\/th>\n<td>            24        <\/td>\n<\/tr>\n<tr>\n<th>            <span class=\"row-header-label\">                Hmotnost<span class=\"row-header-label-colon\">:<\/span>            <\/span>        <\/th>\n<td>            56 kg        <\/td>\n<\/tr>\n<tr class=\"productEan\">\n<th>          <span class=\"row-header-label productEan__label\">              EAN<span class=\"row-header-label-colon\">:<\/span>          <\/span>      <\/th>\n<td>          <span class=\"productEan__value\">8590913905780<\/span>      <\/td>\n<\/tr>\n<tr>\n<th>                <span class=\"row-header-label\">                                            3D model<span class=\"row-header-label-colon\">:<\/span>                                    <\/span>            <\/th>\n<td>                                                            ANO                                                <\/td>\n<\/tr>\n<tr>\n<th>                <span class=\"row-header-label\">                                            Balen\u00ed<span class=\"row-header-label-colon\">:<\/span>                                    <\/span>            <\/th>\n<td>                                                            2 ks                                                <\/td>\n<\/tr>\n<tr>\n<th>                <span class=\"row-header-label\">                                            Barva profilu<span class=\"row-header-label-colon\">:<\/span>                                    <\/span>            <\/th>\n<td>                                                            Chrom &#8211; Le\u0161t\u011bn\u00fd hlin\u00edk                                                <\/td>\n<\/tr>\n<tr>\n<th>                <span class=\"row-header-label\">                                            Dostupnost<span class=\"row-header-label-colon\">:<\/span>                                    <\/span>            <\/th>\n<td>                                                            Skladem                                                <\/td>\n<\/tr>\n<tr>\n<th>                <span class=\"row-header-label\">                                            Hloubka<span class=\"row-header-label-colon\">:<\/span>                                    <\/span>            <\/th>\n<td>                                                            800 mm                                                <\/td>\n<\/tr>\n<tr>\n<th>                <span class=\"row-header-label\">                                            Rozm\u011br<span class=\"row-header-label-colon\">:<\/span>                                    <\/span>            <\/th>\n<td>                                                            100&#215;80 cm                                                <\/td>\n<\/tr>\n<tr>\n<th>                <span class=\"row-header-label\">                                            Sm\u011br otev\u00edr\u00e1n\u00ed<span class=\"row-header-label-colon\">:<\/span>                                    <\/span>            <\/th>\n<td>                                                            Univerz\u00e1ln\u00ed                                                <\/td>\n<\/tr>\n<tr>\n<th>                <span class=\"row-header-label\">                                            \u0160\u00ed\u0159ka<span class=\"row-header-label-colon\">:<\/span>                                    <\/span>            <\/th>\n<td>                                                            1000 mm                                                <\/td>\n<\/tr>\n<tr>\n<th>                <span class=\"row-header-label\">                                            \u0160\u00ed\u0159ka vstupu<span class=\"row-header-label-colon\">:<\/span>                                    <\/span>            <\/th>\n<td>                                                            915 mm                                                <\/td>\n<\/tr>\n<tr>\n<th>                <span class=\"row-header-label\">                                            Tlou\u0161\u0165ka skla<span class=\"row-header-label-colon\">:<\/span>                                    <\/span>            <\/th>\n<td>                                                            6 mm                                                <\/td>\n<\/tr>\n<tr>\n<th>                <span class=\"row-header-label\">                                            Tvar<span class=\"row-header-label-colon\">:<\/span>                                    <\/span>            <\/th>\n<td>                                                            Obd\u00e9ln\u00edkov\u00e9 z\u00e1st\u011bny                                                <\/td>\n<\/tr>\n<tr>\n<th>                <span class=\"row-header-label\">                                            Typ otev\u00edr\u00e1n\u00ed<span class=\"row-header-label-colon\">:<\/span>                                    <\/span>            <\/th>\n<td>                                                            Otev\u00edrac\u00ed jednok\u0159\u00eddl\u00e9                                                <\/td>\n<\/tr>\n<tr>\n<th>                <span class=\"row-header-label\">                                            Typ v\u00fdpln\u011b<span class=\"row-header-label-colon\">:<\/span>                                    <\/span>            <\/th>\n<td>                                                            \u010cIR\u00c9 sklo                                                <\/td>\n<\/tr>\n<tr>\n<th>                <span class=\"row-header-label\">                                            \u00daprava skla<span class=\"row-header-label-colon\">:<\/span>                                    <\/span>            <\/th>\n<td>                                                            Antidrop                                                <\/td>\n<\/tr>\n<tr>\n<th>                <span class=\"row-header-label\">                                            Vlastnosti<span class=\"row-header-label-colon\">:<\/span>                                    <\/span>            <\/th>\n<td>                                                            Otev\u00edr\u00e1n\u00ed vn\u011b i dovnit\u0159;Bezr\u00e1mov\u00e9 proveden\u00ed                                                <\/td>\n<\/tr>\n<tr>\n<th>                <span class=\"row-header-label\">                                            V\u00fd\u0161ka<span class=\"row-header-label-colon\">:<\/span>                                    <\/span>            <\/th>\n<td>                                                            1900 mm                                                <\/td>\n<\/tr>\n<tr>\n<th>                <span class=\"row-header-label\">                                            Z\u00e1ruka<span class=\"row-header-label-colon\">:<\/span>                                    <\/span>            <\/th>\n<td>                                                            2 roky                                                <\/td>\n<\/tr>\n<\/tbody>\n<\/table><\/div>\n<\/p><\/div>\n<\/p><\/div>\n","protected":false},"excerpt":{"rendered":"<p>Detailn\u00ed popis produktu Sv\u011b\u017e\u00ed design sprchov\u00fdch z\u00e1st\u011bn s\u00e9rie ZOOM je propracov\u00e1n do nejmen\u0161\u00edch detail\u016f. Sprchov\u00e9 dve\u0159e&nbsp;s hranat\u00fdmi oto\u010dn\u00fdmi profily se zvedac\u00edm mechanismem umo\u017e\u0148uj\u00ed snadn\u00e9 otev\u00edr\u00e1n\u00ed vn\u011b i dovnit\u0159 a zaru\u010duj\u00ed maxim\u00e1ln\u00ed \u0161\u00ed\u0159ku vstupu. V\u00fdjimku tvo\u0159\u00ed \u010dtvrtkruhov\u00e9 z\u00e1st\u011bny typu ZL2615 (90&#215;90 cm) a ZL2616 (100&#215;100 cm), kter\u00e9 se otv\u00edraj\u00ed pouze sm\u011brem ven. Celkov\u00e1 charakteristika sprchov\u00fdch z\u00e1st\u011bn [&hellip;]<\/p>\n","protected":false},"featured_media":44637,"comment_status":"open","ping_status":"open","template":"","meta":[],"product_brand":[],"product_cat":[143],"product_tag":[],"class_list":{"0":"post-44537","1":"product","2":"type-product","3":"status-publish","4":"has-post-thumbnail","6":"product_cat-sprchove-kouty","8":"first","9":"instock","10":"sale","11":"shipping-taxable","12":"purchasable","13":"product-type-simple"},"yoast_head":"<!-- This site is optimized with the Yoast SEO plugin v26.8 - https:\/\/yoast.com\/product\/yoast-seo-wordpress\/ -->\n<title>ZOOM obd\u00e9ln\u00edkov\u00fd sprchov\u00fd kout 1000x800mm, L\/P varianta Nakupujte Hned -<\/title>\n<meta name=\"robots\" content=\"index, follow, max-snippet:-1, max-image-preview:large, max-video-preview:-1\" \/>\n<link rel=\"canonical\" href=\"https:\/\/www.domtechnikpro.com\/index.php\/produkt\/zoom-obdelnikovy-sprchovy-kout-1000x800mm-l-p-varianta-nakupujte-hned-44537\/\" \/>\n<meta property=\"og:locale\" content=\"cs_CZ\" \/>\n<meta property=\"og:type\" content=\"article\" \/>\n<meta property=\"og:title\" content=\"ZOOM obd\u00e9ln\u00edkov\u00fd sprchov\u00fd kout 1000x800mm, L\/P varianta Nakupujte Hned -\" \/>\n<meta property=\"og:description\" content=\"Detailn\u00ed popis produktu Sv\u011b\u017e\u00ed design sprchov\u00fdch z\u00e1st\u011bn s\u00e9rie ZOOM je propracov\u00e1n do nejmen\u0161\u00edch detail\u016f. Sprchov\u00e9 dve\u0159e&nbsp;s hranat\u00fdmi oto\u010dn\u00fdmi profily se zvedac\u00edm mechanismem umo\u017e\u0148uj\u00ed snadn\u00e9 otev\u00edr\u00e1n\u00ed vn\u011b i dovnit\u0159 a zaru\u010duj\u00ed maxim\u00e1ln\u00ed \u0161\u00ed\u0159ku vstupu. V\u00fdjimku tvo\u0159\u00ed \u010dtvrtkruhov\u00e9 z\u00e1st\u011bny typu ZL2615 (90&#215;90 cm) a ZL2616 (100&#215;100 cm), kter\u00e9 se otv\u00edraj\u00ed pouze sm\u011brem ven. Celkov\u00e1 charakteristika sprchov\u00fdch z\u00e1st\u011bn [&hellip;]\" \/>\n<meta property=\"og:url\" content=\"https:\/\/www.domtechnikpro.com\/index.php\/produkt\/zoom-obdelnikovy-sprchovy-kout-1000x800mm-l-p-varianta-nakupujte-hned-44537\/\" \/>\n<meta property=\"og:image\" content=\"https:\/\/www.domtechnikpro.com\/wp-content\/uploads\/2026\/SK0002525-CZ20260425-092556-0-1777080363-35650_zl1210zl3280-137417478710897.webp\" \/>\n\t<meta property=\"og:image:width\" content=\"1000\" \/>\n\t<meta property=\"og:image:height\" content=\"750\" \/>\n\t<meta property=\"og:image:type\" content=\"image\/webp\" \/>\n<meta name=\"twitter:card\" content=\"summary_large_image\" \/>\n<meta name=\"twitter:label1\" content=\"Odhadovan\u00e1 doba \u010dten\u00ed\" \/>\n\t<meta name=\"twitter:data1\" content=\"3 minuty\" \/>\n<script type=\"application\/ld+json\" class=\"yoast-schema-graph\">{\"@context\":\"https:\/\/schema.org\",\"@graph\":[{\"@type\":\"WebPage\",\"@id\":\"https:\/\/www.domtechnikpro.com\/index.php\/produkt\/zoom-obdelnikovy-sprchovy-kout-1000x800mm-l-p-varianta-nakupujte-hned-44537\/\",\"url\":\"https:\/\/www.domtechnikpro.com\/index.php\/produkt\/zoom-obdelnikovy-sprchovy-kout-1000x800mm-l-p-varianta-nakupujte-hned-44537\/\",\"name\":\"ZOOM obd\u00e9ln\u00edkov\u00fd sprchov\u00fd kout 1000x800mm, L\/P varianta Nakupujte Hned -\",\"isPartOf\":{\"@id\":\"https:\/\/www.domtechnikpro.com\/#website\"},\"primaryImageOfPage\":{\"@id\":\"https:\/\/www.domtechnikpro.com\/index.php\/produkt\/zoom-obdelnikovy-sprchovy-kout-1000x800mm-l-p-varianta-nakupujte-hned-44537\/#primaryimage\"},\"image\":{\"@id\":\"https:\/\/www.domtechnikpro.com\/index.php\/produkt\/zoom-obdelnikovy-sprchovy-kout-1000x800mm-l-p-varianta-nakupujte-hned-44537\/#primaryimage\"},\"thumbnailUrl\":\"https:\/\/www.domtechnikpro.com\/wp-content\/uploads\/2026\/SK0002525-CZ20260425-092556-0-1777080363-35650_zl1210zl3280-137417478710897.webp\",\"datePublished\":\"2026-04-26T08:59:39+00:00\",\"breadcrumb\":{\"@id\":\"https:\/\/www.domtechnikpro.com\/index.php\/produkt\/zoom-obdelnikovy-sprchovy-kout-1000x800mm-l-p-varianta-nakupujte-hned-44537\/#breadcrumb\"},\"inLanguage\":\"cs\",\"potentialAction\":[{\"@type\":\"ReadAction\",\"target\":[\"https:\/\/www.domtechnikpro.com\/index.php\/produkt\/zoom-obdelnikovy-sprchovy-kout-1000x800mm-l-p-varianta-nakupujte-hned-44537\/\"]}]},{\"@type\":\"ImageObject\",\"inLanguage\":\"cs\",\"@id\":\"https:\/\/www.domtechnikpro.com\/index.php\/produkt\/zoom-obdelnikovy-sprchovy-kout-1000x800mm-l-p-varianta-nakupujte-hned-44537\/#primaryimage\",\"url\":\"https:\/\/www.domtechnikpro.com\/wp-content\/uploads\/2026\/SK0002525-CZ20260425-092556-0-1777080363-35650_zl1210zl3280-137417478710897.webp\",\"contentUrl\":\"https:\/\/www.domtechnikpro.com\/wp-content\/uploads\/2026\/SK0002525-CZ20260425-092556-0-1777080363-35650_zl1210zl3280-137417478710897.webp\",\"width\":1000,\"height\":750},{\"@type\":\"BreadcrumbList\",\"@id\":\"https:\/\/www.domtechnikpro.com\/index.php\/produkt\/zoom-obdelnikovy-sprchovy-kout-1000x800mm-l-p-varianta-nakupujte-hned-44537\/#breadcrumb\",\"itemListElement\":[{\"@type\":\"ListItem\",\"position\":1,\"name\":\"Home\",\"item\":\"https:\/\/www.domtechnikpro.com\/\"},{\"@type\":\"ListItem\",\"position\":2,\"name\":\"Products\",\"item\":\"https:\/\/www.domtechnikpro.com\/index.php\/products\/\"},{\"@type\":\"ListItem\",\"position\":3,\"name\":\"ZOOM obd\u00e9ln\u00edkov\u00fd sprchov\u00fd kout 1000x800mm, L\/P varianta Nakupujte Hned\"}]},{\"@type\":\"WebSite\",\"@id\":\"https:\/\/www.domtechnikpro.com\/#website\",\"url\":\"https:\/\/www.domtechnikpro.com\/\",\"name\":\"\",\"description\":\"\",\"potentialAction\":[{\"@type\":\"SearchAction\",\"target\":{\"@type\":\"EntryPoint\",\"urlTemplate\":\"https:\/\/www.domtechnikpro.com\/?s={search_term_string}\"},\"query-input\":{\"@type\":\"PropertyValueSpecification\",\"valueRequired\":true,\"valueName\":\"search_term_string\"}}],\"inLanguage\":\"cs\"}]}<\/script>\n<!-- \/ Yoast SEO plugin. -->","yoast_head_json":{"title":"ZOOM obd\u00e9ln\u00edkov\u00fd sprchov\u00fd kout 1000x800mm, L\/P varianta Nakupujte Hned -","robots":{"index":"index","follow":"follow","max-snippet":"max-snippet:-1","max-image-preview":"max-image-preview:large","max-video-preview":"max-video-preview:-1"},"canonical":"https:\/\/www.domtechnikpro.com\/index.php\/produkt\/zoom-obdelnikovy-sprchovy-kout-1000x800mm-l-p-varianta-nakupujte-hned-44537\/","og_locale":"cs_CZ","og_type":"article","og_title":"ZOOM obd\u00e9ln\u00edkov\u00fd sprchov\u00fd kout 1000x800mm, L\/P varianta Nakupujte Hned -","og_description":"Detailn\u00ed popis produktu Sv\u011b\u017e\u00ed design sprchov\u00fdch z\u00e1st\u011bn s\u00e9rie ZOOM je propracov\u00e1n do nejmen\u0161\u00edch detail\u016f. Sprchov\u00e9 dve\u0159e&nbsp;s hranat\u00fdmi oto\u010dn\u00fdmi profily se zvedac\u00edm mechanismem umo\u017e\u0148uj\u00ed snadn\u00e9 otev\u00edr\u00e1n\u00ed vn\u011b i dovnit\u0159 a zaru\u010duj\u00ed maxim\u00e1ln\u00ed \u0161\u00ed\u0159ku vstupu. V\u00fdjimku tvo\u0159\u00ed \u010dtvrtkruhov\u00e9 z\u00e1st\u011bny typu ZL2615 (90&#215;90 cm) a ZL2616 (100&#215;100 cm), kter\u00e9 se otv\u00edraj\u00ed pouze sm\u011brem ven. Celkov\u00e1 charakteristika sprchov\u00fdch z\u00e1st\u011bn [&hellip;]","og_url":"https:\/\/www.domtechnikpro.com\/index.php\/produkt\/zoom-obdelnikovy-sprchovy-kout-1000x800mm-l-p-varianta-nakupujte-hned-44537\/","og_image":[{"width":1000,"height":750,"url":"https:\/\/www.domtechnikpro.com\/wp-content\/uploads\/2026\/SK0002525-CZ20260425-092556-0-1777080363-35650_zl1210zl3280-137417478710897.webp","type":"image\/webp"}],"twitter_card":"summary_large_image","twitter_misc":{"Odhadovan\u00e1 doba \u010dten\u00ed":"3 minuty"},"schema":{"@context":"https:\/\/schema.org","@graph":[{"@type":"WebPage","@id":"https:\/\/www.domtechnikpro.com\/index.php\/produkt\/zoom-obdelnikovy-sprchovy-kout-1000x800mm-l-p-varianta-nakupujte-hned-44537\/","url":"https:\/\/www.domtechnikpro.com\/index.php\/produkt\/zoom-obdelnikovy-sprchovy-kout-1000x800mm-l-p-varianta-nakupujte-hned-44537\/","name":"ZOOM obd\u00e9ln\u00edkov\u00fd sprchov\u00fd kout 1000x800mm, L\/P varianta Nakupujte Hned -","isPartOf":{"@id":"https:\/\/www.domtechnikpro.com\/#website"},"primaryImageOfPage":{"@id":"https:\/\/www.domtechnikpro.com\/index.php\/produkt\/zoom-obdelnikovy-sprchovy-kout-1000x800mm-l-p-varianta-nakupujte-hned-44537\/#primaryimage"},"image":{"@id":"https:\/\/www.domtechnikpro.com\/index.php\/produkt\/zoom-obdelnikovy-sprchovy-kout-1000x800mm-l-p-varianta-nakupujte-hned-44537\/#primaryimage"},"thumbnailUrl":"https:\/\/www.domtechnikpro.com\/wp-content\/uploads\/2026\/SK0002525-CZ20260425-092556-0-1777080363-35650_zl1210zl3280-137417478710897.webp","datePublished":"2026-04-26T08:59:39+00:00","breadcrumb":{"@id":"https:\/\/www.domtechnikpro.com\/index.php\/produkt\/zoom-obdelnikovy-sprchovy-kout-1000x800mm-l-p-varianta-nakupujte-hned-44537\/#breadcrumb"},"inLanguage":"cs","potentialAction":[{"@type":"ReadAction","target":["https:\/\/www.domtechnikpro.com\/index.php\/produkt\/zoom-obdelnikovy-sprchovy-kout-1000x800mm-l-p-varianta-nakupujte-hned-44537\/"]}]},{"@type":"ImageObject","inLanguage":"cs","@id":"https:\/\/www.domtechnikpro.com\/index.php\/produkt\/zoom-obdelnikovy-sprchovy-kout-1000x800mm-l-p-varianta-nakupujte-hned-44537\/#primaryimage","url":"https:\/\/www.domtechnikpro.com\/wp-content\/uploads\/2026\/SK0002525-CZ20260425-092556-0-1777080363-35650_zl1210zl3280-137417478710897.webp","contentUrl":"https:\/\/www.domtechnikpro.com\/wp-content\/uploads\/2026\/SK0002525-CZ20260425-092556-0-1777080363-35650_zl1210zl3280-137417478710897.webp","width":1000,"height":750},{"@type":"BreadcrumbList","@id":"https:\/\/www.domtechnikpro.com\/index.php\/produkt\/zoom-obdelnikovy-sprchovy-kout-1000x800mm-l-p-varianta-nakupujte-hned-44537\/#breadcrumb","itemListElement":[{"@type":"ListItem","position":1,"name":"Home","item":"https:\/\/www.domtechnikpro.com\/"},{"@type":"ListItem","position":2,"name":"Products","item":"https:\/\/www.domtechnikpro.com\/index.php\/products\/"},{"@type":"ListItem","position":3,"name":"ZOOM obd\u00e9ln\u00edkov\u00fd sprchov\u00fd kout 1000x800mm, L\/P varianta Nakupujte Hned"}]},{"@type":"WebSite","@id":"https:\/\/www.domtechnikpro.com\/#website","url":"https:\/\/www.domtechnikpro.com\/","name":"","description":"","potentialAction":[{"@type":"SearchAction","target":{"@type":"EntryPoint","urlTemplate":"https:\/\/www.domtechnikpro.com\/?s={search_term_string}"},"query-input":{"@type":"PropertyValueSpecification","valueRequired":true,"valueName":"search_term_string"}}],"inLanguage":"cs"}]}},"_links":{"self":[{"href":"https:\/\/www.domtechnikpro.com\/index.php\/wp-json\/wp\/v2\/product\/44537","targetHints":{"allow":["GET"]}}],"collection":[{"href":"https:\/\/www.domtechnikpro.com\/index.php\/wp-json\/wp\/v2\/product"}],"about":[{"href":"https:\/\/www.domtechnikpro.com\/index.php\/wp-json\/wp\/v2\/types\/product"}],"replies":[{"embeddable":true,"href":"https:\/\/www.domtechnikpro.com\/index.php\/wp-json\/wp\/v2\/comments?post=44537"}],"wp:featuredmedia":[{"embeddable":true,"href":"https:\/\/www.domtechnikpro.com\/index.php\/wp-json\/wp\/v2\/media\/44637"}],"wp:attachment":[{"href":"https:\/\/www.domtechnikpro.com\/index.php\/wp-json\/wp\/v2\/media?parent=44537"}],"wp:term":[{"taxonomy":"product_brand","embeddable":true,"href":"https:\/\/www.domtechnikpro.com\/index.php\/wp-json\/wp\/v2\/product_brand?post=44537"},{"taxonomy":"product_cat","embeddable":true,"href":"https:\/\/www.domtechnikpro.com\/index.php\/wp-json\/wp\/v2\/product_cat?post=44537"},{"taxonomy":"product_tag","embeddable":true,"href":"https:\/\/www.domtechnikpro.com\/index.php\/wp-json\/wp\/v2\/product_tag?post=44537"}],"curies":[{"name":"wp","href":"https:\/\/api.w.org\/{rel}","templated":true}]}}