{"id":44135,"date":"2026-04-26T08:59:34","date_gmt":"2026-04-26T08:59:34","guid":{"rendered":""},"modified":"2026-04-26T08:59:34","modified_gmt":"2026-04-26T08:59:34","slug":"filena-vysoka-skrinka-35x140x30cm-dub-zlevneny-44135","status":"publish","type":"product","link":"https:\/\/www.domtechnikpro.com\/index.php\/produkt\/filena-vysoka-skrinka-35x140x30cm-dub-zlevneny-44135\/","title":{"rendered":"FILENA vysok\u00e1 sk\u0159\u00ed\u0148ka 35x140x30cm, dub Zlevn\u011bn\u00fd"},"content":{"rendered":"<div class=\"basic-description\">\n<h3>Detailn\u00ed popis produktu<\/h3>\n<ul>\n<li>V\u00a0horn\u00ed i doln\u00ed \u010d\u00e1sti 2x v\u00fd\u0161kov\u011b staviteln\u00e1 sklen\u011bn\u00e1 police <\/li>\n<\/ul>\n<p style=\"text-align: justify;\">Dokonale decentn\u00ed s\u00e9rie koupelnov\u00e9ho n\u00e1bytku FILENA nab\u00edz\u00ed sk\u0159\u00ed\u0148ky z dubov\u00e9 d\u00fdhy v p\u0159\u00edrodn\u00edm proveden\u00ed dekoru d\u0159eva o\u0161et\u0159en\u00e9m transparentn\u00edm lakem, v b\u00edl\u00e9m matn\u00e9m lakov\u00e1n\u00ed a v \u010dern\u011b matn\u00e9m lakovan\u00e9m dr\u00e1\u017ekovan\u00e9m designu.&nbsp;Ostr\u00e9 zkosen\u00e9 hrany pod \u00fahlem 45\u00b0 \u010del z\u00e1suvek a dv\u00ed\u0159ek vytv\u00e1\u0159\u00ed tenkou linii, kter\u00e1 je pro s\u00e9rii charakteristick\u00e1.&nbsp;\u010cist\u00fd design nen\u00ed ru\u0161en \u00fachytkou, pohodln\u00e9 otev\u00edr\u00e1n\u00ed umo\u017e\u0148uje zkosen\u00e1 hrana a otvor mezi z\u00e1suvkami.Z\u00e1suvky jsou vybaveny zna\u010dkov\u00fdmi pojezdy BLUM<sup>&reg;<\/sup> s do\u017eivotn\u00ed z\u00e1rukou, dv\u00ed\u0159ka jsou vybavena panty s tlumen\u00fdm dov\u0159en\u00edm.<\/p>\n<p style=\"text-align: justify;\">Pro umyvadlov\u00e9 sk\u0159\u00ed\u0148ky lze vyb\u00edrat mezi t\u0159emi druhy umyvadel: keramick\u00fdm umyvadlem KARE, umyvadlem z lit\u00e9ho mramoru GODIVA a betonov\u00fdm umyvadlem QUADRADO. Mimoto lze umyvadlov\u00e9 sk\u0159\u00ed\u0148ky doplnit deskou z um\u011bl\u00e9ho kamene (rockstone) a doplnit umyvadlem na desku.<\/p>\n<div class=\"product-explanation-item\">\n<h3>Sm\u011br otev\u00edr\u00e1n\u00ed &#8211; univerz\u00e1ln\u00ed<\/h3>\n<p style=\"text-align: justify;\">Instalace je mo\u017en\u00e1 s lev\u00fdm nebo prav\u00fdm otev\u00edr\u00e1n\u00edm dve\u0159\u00ed.<\/p>\n<\/div>\n<div class=\"product-explanation-item\">\n<h3>Zpomalovac\u00ed panty<\/h3>\n<div style=\"float: left;\"><\/div>\n<p>N\u00e1bytek je vybaven mechanismem zpomalovac\u00edch pant\u016f u dv\u00ed\u0159ek. Dv\u00ed\u0159ka sta\u010d\u00ed jen lehce postr\u010dit a ona se ji\u017e sama dov\u0159ou.<\/p>\n<\/div>\n<p><b>Video ke shl\u00e9dnut\u00ed<\/b><video width=\"640\" height=\"480\" controls><source src=\"https:\/\/ubc.k2.cz\/K2FTPdata\/UBC\/video\/produkt_ostatne\/nabytek-filena.mp4\" type=\"video\/mp4\">V\u00e1\u0161 prohl\u00ed\u017ee\u010d nepodporuje video tag.<\/video>                            <\/div>\n<div class=\"extended-description\">\n<h3>Dopl\u0148kov\u00e9 parametry<\/h3>\n<table class=\"detail-parameters\">\n<tbody>\n<tr>\n<th>        <span class=\"row-header-label\">            Kategorie<span class=\"row-header-label-colon\">:<\/span>        <\/span>    <\/th>\n<td>            <\/td>\n<\/tr>\n<tr>\n<th>            <span class=\"row-header-label\">                Z\u00e1ruka<span class=\"row-header-label-colon\">:<\/span>            <\/span>        <\/th>\n<td>            24        <\/td>\n<\/tr>\n<tr>\n<th>            <span class=\"row-header-label\">                Hmotnost<span class=\"row-header-label-colon\">:<\/span>            <\/span>        <\/th>\n<td>            31 kg        <\/td>\n<\/tr>\n<tr class=\"productEan\">\n<th>          <span class=\"row-header-label productEan__label\">              EAN<span class=\"row-header-label-colon\">:<\/span>          <\/span>      <\/th>\n<td>          <span class=\"productEan__value\">8590913879548<\/span>      <\/td>\n<\/tr>\n<tr>\n<th>                <span class=\"row-header-label\">                                            3D model<span class=\"row-header-label-colon\">:<\/span>                                    <\/span>            <\/th>\n<td>                                                            ANO                                                <\/td>\n<\/tr>\n<tr>\n<th>                <span class=\"row-header-label\">                                            Balen\u00ed<span class=\"row-header-label-colon\">:<\/span>                                    <\/span>            <\/th>\n<td>                                                            1 ks                                                <\/td>\n<\/tr>\n<tr>\n<th>                <span class=\"row-header-label\">                                            Barva<span class=\"row-header-label-colon\">:<\/span>                                    <\/span>            <\/th>\n<td>                                                            Hn\u011bd\u00e1                                                <\/td>\n<\/tr>\n<tr>\n<th>                <span class=\"row-header-label\">                                            Dekor<span class=\"row-header-label-colon\">:<\/span>                                    <\/span>            <\/th>\n<td>                                                            Dub natural                                                <\/td>\n<\/tr>\n<tr>\n<th>                <span class=\"row-header-label\">                                            Dostupnost<span class=\"row-header-label-colon\">:<\/span>                                    <\/span>            <\/th>\n<td>                                                            Skladem                                                <\/td>\n<\/tr>\n<tr>\n<th>                <span class=\"row-header-label\">                                            Hloubka<span class=\"row-header-label-colon\">:<\/span>                                    <\/span>            <\/th>\n<td>                                                            300 mm                                                <\/td>\n<\/tr>\n<tr>\n<th>                <span class=\"row-header-label\">                                            Instalace<span class=\"row-header-label-colon\">:<\/span>                                    <\/span>            <\/th>\n<td>                                                            Z\u00e1v\u011bsn\u00e9 na st\u011bnu                                                <\/td>\n<\/tr>\n<tr>\n<th>                <span class=\"row-header-label\">                                            Materi\u00e1l<span class=\"row-header-label-colon\">:<\/span>                                    <\/span>            <\/th>\n<td>                                                            MDF\/d\u00fdha                                                <\/td>\n<\/tr>\n<tr>\n<th>                <span class=\"row-header-label\">                                            Rozm\u011br<span class=\"row-header-label-colon\">:<\/span>                                    <\/span>            <\/th>\n<td>                                                            35x140x30 cm                                                <\/td>\n<\/tr>\n<tr>\n<th>                <span class=\"row-header-label\">                                            Sm\u011br otev\u00edr\u00e1n\u00ed<span class=\"row-header-label-colon\">:<\/span>                                    <\/span>            <\/th>\n<td>                                                            Univerz\u00e1ln\u00ed                                                <\/td>\n<\/tr>\n<tr>\n<th>                <span class=\"row-header-label\">                                            \u0160\u00ed\u0159ka<span class=\"row-header-label-colon\">:<\/span>                                    <\/span>            <\/th>\n<td>                                                            350 mm                                                <\/td>\n<\/tr>\n<tr>\n<th>                <span class=\"row-header-label\">                                            Typ sk\u0159\u00ed\u0148ky<span class=\"row-header-label-colon\">:<\/span>                                    <\/span>            <\/th>\n<td>                                                            Dv\u00ed\u0159ka                                                <\/td>\n<\/tr>\n<tr>\n<th>                <span class=\"row-header-label\">                                            V\u00fdbava<span class=\"row-header-label-colon\">:<\/span>                                    <\/span>            <\/th>\n<td>                                                            Zpomalovac\u00ed panty                                                <\/td>\n<\/tr>\n<tr>\n<th>                <span class=\"row-header-label\">                                            V\u00fd\u0161ka<span class=\"row-header-label-colon\">:<\/span>                                    <\/span>            <\/th>\n<td>                                                            1400 mm                                                <\/td>\n<\/tr>\n<tr>\n<th>                <span class=\"row-header-label\">                                            Z\u00e1ruka<span class=\"row-header-label-colon\">:<\/span>                                    <\/span>            <\/th>\n<td>                                                            2 roky                                                <\/td>\n<\/tr>\n<\/tbody>\n<\/table><\/div>\n<\/p><\/div>\n<\/p><\/div>\n","protected":false},"excerpt":{"rendered":"<p>Detailn\u00ed popis produktu V\u00a0horn\u00ed i doln\u00ed \u010d\u00e1sti 2x v\u00fd\u0161kov\u011b staviteln\u00e1 sklen\u011bn\u00e1 police Dokonale decentn\u00ed s\u00e9rie koupelnov\u00e9ho n\u00e1bytku FILENA nab\u00edz\u00ed sk\u0159\u00ed\u0148ky z dubov\u00e9 d\u00fdhy v p\u0159\u00edrodn\u00edm proveden\u00ed dekoru d\u0159eva o\u0161et\u0159en\u00e9m transparentn\u00edm lakem, v b\u00edl\u00e9m matn\u00e9m lakov\u00e1n\u00ed a v \u010dern\u011b matn\u00e9m lakovan\u00e9m dr\u00e1\u017ekovan\u00e9m designu.&nbsp;Ostr\u00e9 zkosen\u00e9 hrany pod \u00fahlem 45\u00b0 \u010del z\u00e1suvek a dv\u00ed\u0159ek vytv\u00e1\u0159\u00ed tenkou linii, kter\u00e1 [&hellip;]<\/p>\n","protected":false},"featured_media":44235,"comment_status":"open","ping_status":"open","template":"","meta":[],"product_brand":[],"product_cat":[147],"product_tag":[],"class_list":{"0":"post-44135","1":"product","2":"type-product","3":"status-publish","4":"has-post-thumbnail","6":"product_cat-koupelnovy-nabytek","8":"first","9":"instock","10":"sale","11":"shipping-taxable","12":"purchasable","13":"product-type-simple"},"yoast_head":"<!-- This site is optimized with the Yoast SEO plugin v26.8 - https:\/\/yoast.com\/product\/yoast-seo-wordpress\/ -->\n<title>FILENA vysok\u00e1 sk\u0159\u00ed\u0148ka 35x140x30cm, dub Zlevn\u011bn\u00fd -<\/title>\n<meta name=\"robots\" content=\"index, follow, max-snippet:-1, max-image-preview:large, max-video-preview:-1\" \/>\n<link rel=\"canonical\" href=\"https:\/\/www.domtechnikpro.com\/index.php\/produkt\/filena-vysoka-skrinka-35x140x30cm-dub-zlevneny-44135\/\" \/>\n<meta property=\"og:locale\" content=\"cs_CZ\" \/>\n<meta property=\"og:type\" content=\"article\" \/>\n<meta property=\"og:title\" content=\"FILENA vysok\u00e1 sk\u0159\u00ed\u0148ka 35x140x30cm, dub Zlevn\u011bn\u00fd -\" \/>\n<meta property=\"og:description\" content=\"Detailn\u00ed popis produktu V\u00a0horn\u00ed i doln\u00ed \u010d\u00e1sti 2x v\u00fd\u0161kov\u011b staviteln\u00e1 sklen\u011bn\u00e1 police Dokonale decentn\u00ed s\u00e9rie koupelnov\u00e9ho n\u00e1bytku FILENA nab\u00edz\u00ed sk\u0159\u00ed\u0148ky z dubov\u00e9 d\u00fdhy v p\u0159\u00edrodn\u00edm proveden\u00ed dekoru d\u0159eva o\u0161et\u0159en\u00e9m transparentn\u00edm lakem, v b\u00edl\u00e9m matn\u00e9m lakov\u00e1n\u00ed a v \u010dern\u011b matn\u00e9m lakovan\u00e9m dr\u00e1\u017ekovan\u00e9m designu.&nbsp;Ostr\u00e9 zkosen\u00e9 hrany pod \u00fahlem 45\u00b0 \u010del z\u00e1suvek a dv\u00ed\u0159ek vytv\u00e1\u0159\u00ed tenkou linii, kter\u00e1 [&hellip;]\" \/>\n<meta property=\"og:url\" content=\"https:\/\/www.domtechnikpro.com\/index.php\/produkt\/filena-vysoka-skrinka-35x140x30cm-dub-zlevneny-44135\/\" \/>\n<meta property=\"og:image\" content=\"https:\/\/www.domtechnikpro.com\/wp-content\/uploads\/2026\/SK0002316-CZ20260425-092556-0-1777080363-32077-1_fid3540d-155211528143038.webp\" \/>\n\t<meta property=\"og:image:width\" content=\"1000\" \/>\n\t<meta property=\"og:image:height\" content=\"750\" \/>\n\t<meta property=\"og:image:type\" content=\"image\/webp\" \/>\n<meta name=\"twitter:card\" content=\"summary_large_image\" \/>\n<meta name=\"twitter:label1\" content=\"Odhadovan\u00e1 doba \u010dten\u00ed\" \/>\n\t<meta name=\"twitter:data1\" content=\"2 minuty\" \/>\n<script type=\"application\/ld+json\" class=\"yoast-schema-graph\">{\"@context\":\"https:\/\/schema.org\",\"@graph\":[{\"@type\":\"WebPage\",\"@id\":\"https:\/\/www.domtechnikpro.com\/index.php\/produkt\/filena-vysoka-skrinka-35x140x30cm-dub-zlevneny-44135\/\",\"url\":\"https:\/\/www.domtechnikpro.com\/index.php\/produkt\/filena-vysoka-skrinka-35x140x30cm-dub-zlevneny-44135\/\",\"name\":\"FILENA vysok\u00e1 sk\u0159\u00ed\u0148ka 35x140x30cm, dub Zlevn\u011bn\u00fd -\",\"isPartOf\":{\"@id\":\"https:\/\/www.domtechnikpro.com\/#website\"},\"primaryImageOfPage\":{\"@id\":\"https:\/\/www.domtechnikpro.com\/index.php\/produkt\/filena-vysoka-skrinka-35x140x30cm-dub-zlevneny-44135\/#primaryimage\"},\"image\":{\"@id\":\"https:\/\/www.domtechnikpro.com\/index.php\/produkt\/filena-vysoka-skrinka-35x140x30cm-dub-zlevneny-44135\/#primaryimage\"},\"thumbnailUrl\":\"https:\/\/www.domtechnikpro.com\/wp-content\/uploads\/2026\/SK0002316-CZ20260425-092556-0-1777080363-32077-1_fid3540d-155211528143038.webp\",\"datePublished\":\"2026-04-26T08:59:34+00:00\",\"breadcrumb\":{\"@id\":\"https:\/\/www.domtechnikpro.com\/index.php\/produkt\/filena-vysoka-skrinka-35x140x30cm-dub-zlevneny-44135\/#breadcrumb\"},\"inLanguage\":\"cs\",\"potentialAction\":[{\"@type\":\"ReadAction\",\"target\":[\"https:\/\/www.domtechnikpro.com\/index.php\/produkt\/filena-vysoka-skrinka-35x140x30cm-dub-zlevneny-44135\/\"]}]},{\"@type\":\"ImageObject\",\"inLanguage\":\"cs\",\"@id\":\"https:\/\/www.domtechnikpro.com\/index.php\/produkt\/filena-vysoka-skrinka-35x140x30cm-dub-zlevneny-44135\/#primaryimage\",\"url\":\"https:\/\/www.domtechnikpro.com\/wp-content\/uploads\/2026\/SK0002316-CZ20260425-092556-0-1777080363-32077-1_fid3540d-155211528143038.webp\",\"contentUrl\":\"https:\/\/www.domtechnikpro.com\/wp-content\/uploads\/2026\/SK0002316-CZ20260425-092556-0-1777080363-32077-1_fid3540d-155211528143038.webp\",\"width\":1000,\"height\":750},{\"@type\":\"BreadcrumbList\",\"@id\":\"https:\/\/www.domtechnikpro.com\/index.php\/produkt\/filena-vysoka-skrinka-35x140x30cm-dub-zlevneny-44135\/#breadcrumb\",\"itemListElement\":[{\"@type\":\"ListItem\",\"position\":1,\"name\":\"Home\",\"item\":\"https:\/\/www.domtechnikpro.com\/\"},{\"@type\":\"ListItem\",\"position\":2,\"name\":\"Products\",\"item\":\"https:\/\/www.domtechnikpro.com\/index.php\/products\/\"},{\"@type\":\"ListItem\",\"position\":3,\"name\":\"FILENA vysok\u00e1 sk\u0159\u00ed\u0148ka 35x140x30cm, dub Zlevn\u011bn\u00fd\"}]},{\"@type\":\"WebSite\",\"@id\":\"https:\/\/www.domtechnikpro.com\/#website\",\"url\":\"https:\/\/www.domtechnikpro.com\/\",\"name\":\"\",\"description\":\"\",\"potentialAction\":[{\"@type\":\"SearchAction\",\"target\":{\"@type\":\"EntryPoint\",\"urlTemplate\":\"https:\/\/www.domtechnikpro.com\/?s={search_term_string}\"},\"query-input\":{\"@type\":\"PropertyValueSpecification\",\"valueRequired\":true,\"valueName\":\"search_term_string\"}}],\"inLanguage\":\"cs\"}]}<\/script>\n<!-- \/ Yoast SEO plugin. -->","yoast_head_json":{"title":"FILENA vysok\u00e1 sk\u0159\u00ed\u0148ka 35x140x30cm, dub Zlevn\u011bn\u00fd -","robots":{"index":"index","follow":"follow","max-snippet":"max-snippet:-1","max-image-preview":"max-image-preview:large","max-video-preview":"max-video-preview:-1"},"canonical":"https:\/\/www.domtechnikpro.com\/index.php\/produkt\/filena-vysoka-skrinka-35x140x30cm-dub-zlevneny-44135\/","og_locale":"cs_CZ","og_type":"article","og_title":"FILENA vysok\u00e1 sk\u0159\u00ed\u0148ka 35x140x30cm, dub Zlevn\u011bn\u00fd -","og_description":"Detailn\u00ed popis produktu V\u00a0horn\u00ed i doln\u00ed \u010d\u00e1sti 2x v\u00fd\u0161kov\u011b staviteln\u00e1 sklen\u011bn\u00e1 police Dokonale decentn\u00ed s\u00e9rie koupelnov\u00e9ho n\u00e1bytku FILENA nab\u00edz\u00ed sk\u0159\u00ed\u0148ky z dubov\u00e9 d\u00fdhy v p\u0159\u00edrodn\u00edm proveden\u00ed dekoru d\u0159eva o\u0161et\u0159en\u00e9m transparentn\u00edm lakem, v b\u00edl\u00e9m matn\u00e9m lakov\u00e1n\u00ed a v \u010dern\u011b matn\u00e9m lakovan\u00e9m dr\u00e1\u017ekovan\u00e9m designu.&nbsp;Ostr\u00e9 zkosen\u00e9 hrany pod \u00fahlem 45\u00b0 \u010del z\u00e1suvek a dv\u00ed\u0159ek vytv\u00e1\u0159\u00ed tenkou linii, kter\u00e1 [&hellip;]","og_url":"https:\/\/www.domtechnikpro.com\/index.php\/produkt\/filena-vysoka-skrinka-35x140x30cm-dub-zlevneny-44135\/","og_image":[{"width":1000,"height":750,"url":"https:\/\/www.domtechnikpro.com\/wp-content\/uploads\/2026\/SK0002316-CZ20260425-092556-0-1777080363-32077-1_fid3540d-155211528143038.webp","type":"image\/webp"}],"twitter_card":"summary_large_image","twitter_misc":{"Odhadovan\u00e1 doba \u010dten\u00ed":"2 minuty"},"schema":{"@context":"https:\/\/schema.org","@graph":[{"@type":"WebPage","@id":"https:\/\/www.domtechnikpro.com\/index.php\/produkt\/filena-vysoka-skrinka-35x140x30cm-dub-zlevneny-44135\/","url":"https:\/\/www.domtechnikpro.com\/index.php\/produkt\/filena-vysoka-skrinka-35x140x30cm-dub-zlevneny-44135\/","name":"FILENA vysok\u00e1 sk\u0159\u00ed\u0148ka 35x140x30cm, dub Zlevn\u011bn\u00fd -","isPartOf":{"@id":"https:\/\/www.domtechnikpro.com\/#website"},"primaryImageOfPage":{"@id":"https:\/\/www.domtechnikpro.com\/index.php\/produkt\/filena-vysoka-skrinka-35x140x30cm-dub-zlevneny-44135\/#primaryimage"},"image":{"@id":"https:\/\/www.domtechnikpro.com\/index.php\/produkt\/filena-vysoka-skrinka-35x140x30cm-dub-zlevneny-44135\/#primaryimage"},"thumbnailUrl":"https:\/\/www.domtechnikpro.com\/wp-content\/uploads\/2026\/SK0002316-CZ20260425-092556-0-1777080363-32077-1_fid3540d-155211528143038.webp","datePublished":"2026-04-26T08:59:34+00:00","breadcrumb":{"@id":"https:\/\/www.domtechnikpro.com\/index.php\/produkt\/filena-vysoka-skrinka-35x140x30cm-dub-zlevneny-44135\/#breadcrumb"},"inLanguage":"cs","potentialAction":[{"@type":"ReadAction","target":["https:\/\/www.domtechnikpro.com\/index.php\/produkt\/filena-vysoka-skrinka-35x140x30cm-dub-zlevneny-44135\/"]}]},{"@type":"ImageObject","inLanguage":"cs","@id":"https:\/\/www.domtechnikpro.com\/index.php\/produkt\/filena-vysoka-skrinka-35x140x30cm-dub-zlevneny-44135\/#primaryimage","url":"https:\/\/www.domtechnikpro.com\/wp-content\/uploads\/2026\/SK0002316-CZ20260425-092556-0-1777080363-32077-1_fid3540d-155211528143038.webp","contentUrl":"https:\/\/www.domtechnikpro.com\/wp-content\/uploads\/2026\/SK0002316-CZ20260425-092556-0-1777080363-32077-1_fid3540d-155211528143038.webp","width":1000,"height":750},{"@type":"BreadcrumbList","@id":"https:\/\/www.domtechnikpro.com\/index.php\/produkt\/filena-vysoka-skrinka-35x140x30cm-dub-zlevneny-44135\/#breadcrumb","itemListElement":[{"@type":"ListItem","position":1,"name":"Home","item":"https:\/\/www.domtechnikpro.com\/"},{"@type":"ListItem","position":2,"name":"Products","item":"https:\/\/www.domtechnikpro.com\/index.php\/products\/"},{"@type":"ListItem","position":3,"name":"FILENA vysok\u00e1 sk\u0159\u00ed\u0148ka 35x140x30cm, dub Zlevn\u011bn\u00fd"}]},{"@type":"WebSite","@id":"https:\/\/www.domtechnikpro.com\/#website","url":"https:\/\/www.domtechnikpro.com\/","name":"","description":"","potentialAction":[{"@type":"SearchAction","target":{"@type":"EntryPoint","urlTemplate":"https:\/\/www.domtechnikpro.com\/?s={search_term_string}"},"query-input":{"@type":"PropertyValueSpecification","valueRequired":true,"valueName":"search_term_string"}}],"inLanguage":"cs"}]}},"_links":{"self":[{"href":"https:\/\/www.domtechnikpro.com\/index.php\/wp-json\/wp\/v2\/product\/44135","targetHints":{"allow":["GET"]}}],"collection":[{"href":"https:\/\/www.domtechnikpro.com\/index.php\/wp-json\/wp\/v2\/product"}],"about":[{"href":"https:\/\/www.domtechnikpro.com\/index.php\/wp-json\/wp\/v2\/types\/product"}],"replies":[{"embeddable":true,"href":"https:\/\/www.domtechnikpro.com\/index.php\/wp-json\/wp\/v2\/comments?post=44135"}],"wp:featuredmedia":[{"embeddable":true,"href":"https:\/\/www.domtechnikpro.com\/index.php\/wp-json\/wp\/v2\/media\/44235"}],"wp:attachment":[{"href":"https:\/\/www.domtechnikpro.com\/index.php\/wp-json\/wp\/v2\/media?parent=44135"}],"wp:term":[{"taxonomy":"product_brand","embeddable":true,"href":"https:\/\/www.domtechnikpro.com\/index.php\/wp-json\/wp\/v2\/product_brand?post=44135"},{"taxonomy":"product_cat","embeddable":true,"href":"https:\/\/www.domtechnikpro.com\/index.php\/wp-json\/wp\/v2\/product_cat?post=44135"},{"taxonomy":"product_tag","embeddable":true,"href":"https:\/\/www.domtechnikpro.com\/index.php\/wp-json\/wp\/v2\/product_tag?post=44135"}],"curies":[{"name":"wp","href":"https:\/\/api.w.org\/{rel}","templated":true}]}}