{"id":43911,"date":"2026-04-26T08:59:32","date_gmt":"2026-04-26T08:59:32","guid":{"rendered":""},"modified":"2026-04-26T08:59:32","modified_gmt":"2026-04-26T08:59:32","slug":"znackovy-sprchove-raminko-hranate-nizke-400mm-cerna-mat-koupelny-sanita-cz-43911","status":"publish","type":"product","link":"https:\/\/www.domtechnikpro.com\/index.php\/produkt\/znackovy-sprchove-raminko-hranate-nizke-400mm-cerna-mat-koupelny-sanita-cz-43911\/","title":{"rendered":"Zna\u010dkov\u00fd Sprchov\u00e9 ram\u00ednko hranat\u00e9 n\u00edzk\u00e9, 400mm, \u010dern\u00e1 mat &#8211; koupelny-sanita.cz"},"content":{"rendered":"<div class=\"basic-description\">\n<h3>Detailn\u00ed popis produktu<\/h3>\n<\/p><\/div>\n<div class=\"extended-description\">\n<h3>Dopl\u0148kov\u00e9 parametry<\/h3>\n<table class=\"detail-parameters\">\n<tbody>\n<tr>\n<th>        <span class=\"row-header-label\">            Kategorie<span class=\"row-header-label-colon\">:<\/span>        <\/span>    <\/th>\n<td>            <\/td>\n<\/tr>\n<tr>\n<th>            <span class=\"row-header-label\">                Z\u00e1ruka<span class=\"row-header-label-colon\">:<\/span>            <\/span>        <\/th>\n<td>            24        <\/td>\n<\/tr>\n<tr>\n<th>            <span class=\"row-header-label\">                Hmotnost<span class=\"row-header-label-colon\">:<\/span>            <\/span>        <\/th>\n<td>            0.45 kg        <\/td>\n<\/tr>\n<tr class=\"productEan\">\n<th>          <span class=\"row-header-label productEan__label\">              EAN<span class=\"row-header-label-colon\">:<\/span>          <\/span>      <\/th>\n<td>          <span class=\"productEan__value\">8590913877612<\/span>      <\/td>\n<\/tr>\n<tr>\n<th>                <span class=\"row-header-label\">                                            3D model<span class=\"row-header-label-colon\">:<\/span>                                    <\/span>            <\/th>\n<td>                                                            ANO                                                <\/td>\n<\/tr>\n<tr>\n<th>                <span class=\"row-header-label\">                                            Balen\u00ed<span class=\"row-header-label-colon\">:<\/span>                                    <\/span>            <\/th>\n<td>                                                            1 ks                                                <\/td>\n<\/tr>\n<tr>\n<th>                <span class=\"row-header-label\">                                            Barva<span class=\"row-header-label-colon\">:<\/span>                                    <\/span>            <\/th>\n<td>                                                            \u010cern\u00e1 mat                                                <\/td>\n<\/tr>\n<tr>\n<th>                <span class=\"row-header-label\">                                            D\u00e9lka<span class=\"row-header-label-colon\">:<\/span>                                    <\/span>            <\/th>\n<td>                                                            405 mm                                                <\/td>\n<\/tr>\n<tr>\n<th>                <span class=\"row-header-label\">                                            Dostupnost<span class=\"row-header-label-colon\">:<\/span>                                    <\/span>            <\/th>\n<td>                                                            Skladem                                                <\/td>\n<\/tr>\n<tr>\n<th>                <span class=\"row-header-label\">                                            Hloubka<span class=\"row-header-label-colon\">:<\/span>                                    <\/span>            <\/th>\n<td>                                                            405 mm                                                <\/td>\n<\/tr>\n<tr>\n<th>                <span class=\"row-header-label\">                                            Instalace<span class=\"row-header-label-colon\">:<\/span>                                    <\/span>            <\/th>\n<td>                                                            N\u00e1st\u011bnn\u00e1                                                <\/td>\n<\/tr>\n<tr>\n<th>                <span class=\"row-header-label\">                                            Materi\u00e1l<span class=\"row-header-label-colon\">:<\/span>                                    <\/span>            <\/th>\n<td>                                                            Mosaz                                                <\/td>\n<\/tr>\n<tr>\n<th>                <span class=\"row-header-label\">                                            \u0160\u00ed\u0159ka<span class=\"row-header-label-colon\">:<\/span>                                    <\/span>            <\/th>\n<td>                                                            25 mm                                                <\/td>\n<\/tr>\n<tr>\n<th>                <span class=\"row-header-label\">                                            Tvar<span class=\"row-header-label-colon\">:<\/span>                                    <\/span>            <\/th>\n<td>                                                            Hranat\u00e9                                                <\/td>\n<\/tr>\n<tr>\n<th>                <span class=\"row-header-label\">                                            V\u00fd\u0161ka<span class=\"row-header-label-colon\">:<\/span>                                    <\/span>            <\/th>\n<td>                                                            25 mm                                                <\/td>\n<\/tr>\n<tr>\n<th>                <span class=\"row-header-label\">                                            Z\u00e1ruka<span class=\"row-header-label-colon\">:<\/span>                                    <\/span>            <\/th>\n<td>                                                            2 roky                                                <\/td>\n<\/tr>\n<\/tbody>\n<\/table><\/div>\n<\/p><\/div>\n<\/p><\/div>\n","protected":false},"excerpt":{"rendered":"<p>Detailn\u00ed popis produktu Dopl\u0148kov\u00e9 parametry Kategorie: Z\u00e1ruka: 24 Hmotnost: 0.45 kg EAN: 8590913877612 3D model: ANO Balen\u00ed: 1 ks Barva: \u010cern\u00e1 mat D\u00e9lka: 405 mm Dostupnost: Skladem Hloubka: 405 mm Instalace: N\u00e1st\u011bnn\u00e1 Materi\u00e1l: Mosaz \u0160\u00ed\u0159ka: 25 mm Tvar: Hranat\u00e9 V\u00fd\u0161ka: 25 mm Z\u00e1ruka: 2 roky<\/p>\n","protected":false},"featured_media":44011,"comment_status":"open","ping_status":"open","template":"","meta":[],"product_brand":[],"product_cat":[141],"product_tag":[],"class_list":{"0":"post-43911","1":"product","2":"type-product","3":"status-publish","4":"has-post-thumbnail","6":"product_cat-prislusenstvi-do-sprch","8":"first","9":"instock","10":"sale","11":"shipping-taxable","12":"purchasable","13":"product-type-simple"},"yoast_head":"<!-- This site is optimized with the Yoast SEO plugin v26.8 - https:\/\/yoast.com\/product\/yoast-seo-wordpress\/ -->\n<title>Zna\u010dkov\u00fd Sprchov\u00e9 ram\u00ednko hranat\u00e9 n\u00edzk\u00e9, 400mm, \u010dern\u00e1 mat - koupelny-sanita.cz -<\/title>\n<meta name=\"robots\" content=\"index, follow, max-snippet:-1, max-image-preview:large, max-video-preview:-1\" \/>\n<link rel=\"canonical\" href=\"https:\/\/www.domtechnikpro.com\/index.php\/produkt\/znackovy-sprchove-raminko-hranate-nizke-400mm-cerna-mat-koupelny-sanita-cz-43911\/\" \/>\n<meta property=\"og:locale\" content=\"cs_CZ\" \/>\n<meta property=\"og:type\" content=\"article\" \/>\n<meta property=\"og:title\" content=\"Zna\u010dkov\u00fd Sprchov\u00e9 ram\u00ednko hranat\u00e9 n\u00edzk\u00e9, 400mm, \u010dern\u00e1 mat - koupelny-sanita.cz -\" \/>\n<meta property=\"og:description\" content=\"Detailn\u00ed popis produktu Dopl\u0148kov\u00e9 parametry Kategorie: Z\u00e1ruka: 24 Hmotnost: 0.45 kg EAN: 8590913877612 3D model: ANO Balen\u00ed: 1 ks Barva: \u010cern\u00e1 mat D\u00e9lka: 405 mm Dostupnost: Skladem Hloubka: 405 mm Instalace: N\u00e1st\u011bnn\u00e1 Materi\u00e1l: Mosaz \u0160\u00ed\u0159ka: 25 mm Tvar: Hranat\u00e9 V\u00fd\u0161ka: 25 mm Z\u00e1ruka: 2 roky\" \/>\n<meta property=\"og:url\" content=\"https:\/\/www.domtechnikpro.com\/index.php\/produkt\/znackovy-sprchove-raminko-hranate-nizke-400mm-cerna-mat-koupelny-sanita-cz-43911\/\" \/>\n<meta property=\"og:image\" content=\"https:\/\/www.domtechnikpro.com\/wp-content\/uploads\/2026\/SK0002167-CZ20260425-092556-0-1777080363-30034-1_sl102-215199336366994.webp\" \/>\n\t<meta property=\"og:image:width\" content=\"1000\" \/>\n\t<meta property=\"og:image:height\" content=\"750\" \/>\n\t<meta property=\"og:image:type\" content=\"image\/webp\" \/>\n<meta name=\"twitter:card\" content=\"summary_large_image\" \/>\n<script type=\"application\/ld+json\" class=\"yoast-schema-graph\">{\"@context\":\"https:\/\/schema.org\",\"@graph\":[{\"@type\":\"WebPage\",\"@id\":\"https:\/\/www.domtechnikpro.com\/index.php\/produkt\/znackovy-sprchove-raminko-hranate-nizke-400mm-cerna-mat-koupelny-sanita-cz-43911\/\",\"url\":\"https:\/\/www.domtechnikpro.com\/index.php\/produkt\/znackovy-sprchove-raminko-hranate-nizke-400mm-cerna-mat-koupelny-sanita-cz-43911\/\",\"name\":\"Zna\u010dkov\u00fd Sprchov\u00e9 ram\u00ednko hranat\u00e9 n\u00edzk\u00e9, 400mm, \u010dern\u00e1 mat - koupelny-sanita.cz -\",\"isPartOf\":{\"@id\":\"https:\/\/www.domtechnikpro.com\/#website\"},\"primaryImageOfPage\":{\"@id\":\"https:\/\/www.domtechnikpro.com\/index.php\/produkt\/znackovy-sprchove-raminko-hranate-nizke-400mm-cerna-mat-koupelny-sanita-cz-43911\/#primaryimage\"},\"image\":{\"@id\":\"https:\/\/www.domtechnikpro.com\/index.php\/produkt\/znackovy-sprchove-raminko-hranate-nizke-400mm-cerna-mat-koupelny-sanita-cz-43911\/#primaryimage\"},\"thumbnailUrl\":\"https:\/\/www.domtechnikpro.com\/wp-content\/uploads\/2026\/SK0002167-CZ20260425-092556-0-1777080363-30034-1_sl102-215199336366994.webp\",\"datePublished\":\"2026-04-26T08:59:32+00:00\",\"breadcrumb\":{\"@id\":\"https:\/\/www.domtechnikpro.com\/index.php\/produkt\/znackovy-sprchove-raminko-hranate-nizke-400mm-cerna-mat-koupelny-sanita-cz-43911\/#breadcrumb\"},\"inLanguage\":\"cs\",\"potentialAction\":[{\"@type\":\"ReadAction\",\"target\":[\"https:\/\/www.domtechnikpro.com\/index.php\/produkt\/znackovy-sprchove-raminko-hranate-nizke-400mm-cerna-mat-koupelny-sanita-cz-43911\/\"]}]},{\"@type\":\"ImageObject\",\"inLanguage\":\"cs\",\"@id\":\"https:\/\/www.domtechnikpro.com\/index.php\/produkt\/znackovy-sprchove-raminko-hranate-nizke-400mm-cerna-mat-koupelny-sanita-cz-43911\/#primaryimage\",\"url\":\"https:\/\/www.domtechnikpro.com\/wp-content\/uploads\/2026\/SK0002167-CZ20260425-092556-0-1777080363-30034-1_sl102-215199336366994.webp\",\"contentUrl\":\"https:\/\/www.domtechnikpro.com\/wp-content\/uploads\/2026\/SK0002167-CZ20260425-092556-0-1777080363-30034-1_sl102-215199336366994.webp\",\"width\":1000,\"height\":750},{\"@type\":\"BreadcrumbList\",\"@id\":\"https:\/\/www.domtechnikpro.com\/index.php\/produkt\/znackovy-sprchove-raminko-hranate-nizke-400mm-cerna-mat-koupelny-sanita-cz-43911\/#breadcrumb\",\"itemListElement\":[{\"@type\":\"ListItem\",\"position\":1,\"name\":\"Home\",\"item\":\"https:\/\/www.domtechnikpro.com\/\"},{\"@type\":\"ListItem\",\"position\":2,\"name\":\"Products\",\"item\":\"https:\/\/www.domtechnikpro.com\/index.php\/products\/\"},{\"@type\":\"ListItem\",\"position\":3,\"name\":\"Zna\u010dkov\u00fd Sprchov\u00e9 ram\u00ednko hranat\u00e9 n\u00edzk\u00e9, 400mm, \u010dern\u00e1 mat &#8211; koupelny-sanita.cz\"}]},{\"@type\":\"WebSite\",\"@id\":\"https:\/\/www.domtechnikpro.com\/#website\",\"url\":\"https:\/\/www.domtechnikpro.com\/\",\"name\":\"\",\"description\":\"\",\"potentialAction\":[{\"@type\":\"SearchAction\",\"target\":{\"@type\":\"EntryPoint\",\"urlTemplate\":\"https:\/\/www.domtechnikpro.com\/?s={search_term_string}\"},\"query-input\":{\"@type\":\"PropertyValueSpecification\",\"valueRequired\":true,\"valueName\":\"search_term_string\"}}],\"inLanguage\":\"cs\"}]}<\/script>\n<!-- \/ Yoast SEO plugin. -->","yoast_head_json":{"title":"Zna\u010dkov\u00fd Sprchov\u00e9 ram\u00ednko hranat\u00e9 n\u00edzk\u00e9, 400mm, \u010dern\u00e1 mat - koupelny-sanita.cz -","robots":{"index":"index","follow":"follow","max-snippet":"max-snippet:-1","max-image-preview":"max-image-preview:large","max-video-preview":"max-video-preview:-1"},"canonical":"https:\/\/www.domtechnikpro.com\/index.php\/produkt\/znackovy-sprchove-raminko-hranate-nizke-400mm-cerna-mat-koupelny-sanita-cz-43911\/","og_locale":"cs_CZ","og_type":"article","og_title":"Zna\u010dkov\u00fd Sprchov\u00e9 ram\u00ednko hranat\u00e9 n\u00edzk\u00e9, 400mm, \u010dern\u00e1 mat - koupelny-sanita.cz -","og_description":"Detailn\u00ed popis produktu Dopl\u0148kov\u00e9 parametry Kategorie: Z\u00e1ruka: 24 Hmotnost: 0.45 kg EAN: 8590913877612 3D model: ANO Balen\u00ed: 1 ks Barva: \u010cern\u00e1 mat D\u00e9lka: 405 mm Dostupnost: Skladem Hloubka: 405 mm Instalace: N\u00e1st\u011bnn\u00e1 Materi\u00e1l: Mosaz \u0160\u00ed\u0159ka: 25 mm Tvar: Hranat\u00e9 V\u00fd\u0161ka: 25 mm Z\u00e1ruka: 2 roky","og_url":"https:\/\/www.domtechnikpro.com\/index.php\/produkt\/znackovy-sprchove-raminko-hranate-nizke-400mm-cerna-mat-koupelny-sanita-cz-43911\/","og_image":[{"width":1000,"height":750,"url":"https:\/\/www.domtechnikpro.com\/wp-content\/uploads\/2026\/SK0002167-CZ20260425-092556-0-1777080363-30034-1_sl102-215199336366994.webp","type":"image\/webp"}],"twitter_card":"summary_large_image","schema":{"@context":"https:\/\/schema.org","@graph":[{"@type":"WebPage","@id":"https:\/\/www.domtechnikpro.com\/index.php\/produkt\/znackovy-sprchove-raminko-hranate-nizke-400mm-cerna-mat-koupelny-sanita-cz-43911\/","url":"https:\/\/www.domtechnikpro.com\/index.php\/produkt\/znackovy-sprchove-raminko-hranate-nizke-400mm-cerna-mat-koupelny-sanita-cz-43911\/","name":"Zna\u010dkov\u00fd Sprchov\u00e9 ram\u00ednko hranat\u00e9 n\u00edzk\u00e9, 400mm, \u010dern\u00e1 mat - koupelny-sanita.cz -","isPartOf":{"@id":"https:\/\/www.domtechnikpro.com\/#website"},"primaryImageOfPage":{"@id":"https:\/\/www.domtechnikpro.com\/index.php\/produkt\/znackovy-sprchove-raminko-hranate-nizke-400mm-cerna-mat-koupelny-sanita-cz-43911\/#primaryimage"},"image":{"@id":"https:\/\/www.domtechnikpro.com\/index.php\/produkt\/znackovy-sprchove-raminko-hranate-nizke-400mm-cerna-mat-koupelny-sanita-cz-43911\/#primaryimage"},"thumbnailUrl":"https:\/\/www.domtechnikpro.com\/wp-content\/uploads\/2026\/SK0002167-CZ20260425-092556-0-1777080363-30034-1_sl102-215199336366994.webp","datePublished":"2026-04-26T08:59:32+00:00","breadcrumb":{"@id":"https:\/\/www.domtechnikpro.com\/index.php\/produkt\/znackovy-sprchove-raminko-hranate-nizke-400mm-cerna-mat-koupelny-sanita-cz-43911\/#breadcrumb"},"inLanguage":"cs","potentialAction":[{"@type":"ReadAction","target":["https:\/\/www.domtechnikpro.com\/index.php\/produkt\/znackovy-sprchove-raminko-hranate-nizke-400mm-cerna-mat-koupelny-sanita-cz-43911\/"]}]},{"@type":"ImageObject","inLanguage":"cs","@id":"https:\/\/www.domtechnikpro.com\/index.php\/produkt\/znackovy-sprchove-raminko-hranate-nizke-400mm-cerna-mat-koupelny-sanita-cz-43911\/#primaryimage","url":"https:\/\/www.domtechnikpro.com\/wp-content\/uploads\/2026\/SK0002167-CZ20260425-092556-0-1777080363-30034-1_sl102-215199336366994.webp","contentUrl":"https:\/\/www.domtechnikpro.com\/wp-content\/uploads\/2026\/SK0002167-CZ20260425-092556-0-1777080363-30034-1_sl102-215199336366994.webp","width":1000,"height":750},{"@type":"BreadcrumbList","@id":"https:\/\/www.domtechnikpro.com\/index.php\/produkt\/znackovy-sprchove-raminko-hranate-nizke-400mm-cerna-mat-koupelny-sanita-cz-43911\/#breadcrumb","itemListElement":[{"@type":"ListItem","position":1,"name":"Home","item":"https:\/\/www.domtechnikpro.com\/"},{"@type":"ListItem","position":2,"name":"Products","item":"https:\/\/www.domtechnikpro.com\/index.php\/products\/"},{"@type":"ListItem","position":3,"name":"Zna\u010dkov\u00fd Sprchov\u00e9 ram\u00ednko hranat\u00e9 n\u00edzk\u00e9, 400mm, \u010dern\u00e1 mat &#8211; koupelny-sanita.cz"}]},{"@type":"WebSite","@id":"https:\/\/www.domtechnikpro.com\/#website","url":"https:\/\/www.domtechnikpro.com\/","name":"","description":"","potentialAction":[{"@type":"SearchAction","target":{"@type":"EntryPoint","urlTemplate":"https:\/\/www.domtechnikpro.com\/?s={search_term_string}"},"query-input":{"@type":"PropertyValueSpecification","valueRequired":true,"valueName":"search_term_string"}}],"inLanguage":"cs"}]}},"_links":{"self":[{"href":"https:\/\/www.domtechnikpro.com\/index.php\/wp-json\/wp\/v2\/product\/43911","targetHints":{"allow":["GET"]}}],"collection":[{"href":"https:\/\/www.domtechnikpro.com\/index.php\/wp-json\/wp\/v2\/product"}],"about":[{"href":"https:\/\/www.domtechnikpro.com\/index.php\/wp-json\/wp\/v2\/types\/product"}],"replies":[{"embeddable":true,"href":"https:\/\/www.domtechnikpro.com\/index.php\/wp-json\/wp\/v2\/comments?post=43911"}],"wp:featuredmedia":[{"embeddable":true,"href":"https:\/\/www.domtechnikpro.com\/index.php\/wp-json\/wp\/v2\/media\/44011"}],"wp:attachment":[{"href":"https:\/\/www.domtechnikpro.com\/index.php\/wp-json\/wp\/v2\/media?parent=43911"}],"wp:term":[{"taxonomy":"product_brand","embeddable":true,"href":"https:\/\/www.domtechnikpro.com\/index.php\/wp-json\/wp\/v2\/product_brand?post=43911"},{"taxonomy":"product_cat","embeddable":true,"href":"https:\/\/www.domtechnikpro.com\/index.php\/wp-json\/wp\/v2\/product_cat?post=43911"},{"taxonomy":"product_tag","embeddable":true,"href":"https:\/\/www.domtechnikpro.com\/index.php\/wp-json\/wp\/v2\/product_tag?post=43911"}],"curies":[{"name":"wp","href":"https:\/\/api.w.org\/{rel}","templated":true}]}}