{"id":43728,"date":"2026-04-26T08:59:29","date_gmt":"2026-04-26T08:59:29","guid":{"rendered":""},"modified":"2026-04-26T08:59:29","modified_gmt":"2026-04-26T08:59:29","slug":"specialni-cena-favolo-vysoka-skrinka-kosem-40x150x31cm-bila-mat-43728","status":"publish","type":"product","link":"https:\/\/www.domtechnikpro.com\/index.php\/produkt\/specialni-cena-favolo-vysoka-skrinka-kosem-40x150x31cm-bila-mat-43728\/","title":{"rendered":"Speci\u00e1ln\u00ed Cena FAVOLO vysok\u00e1 sk\u0159\u00ed\u0148ka ko\u0161em 40x150x31cm, b\u00edl\u00e1 mat"},"content":{"rendered":"<div class=\"basic-description\">\n<h3>Detailn\u00ed popis produktu<\/h3>\n<div>\n<ul>\n<li>Sk\u0159\u00ed\u0148ka je dod\u00e1v\u00e1na s elegantn\u00edmi \u00fachytkami v b\u00edlo-chromov\u00e9m proveden\u00ed.   <\/li>\n<li>Mo\u017eno instalovat s no\u017ei\u010dkami, kter\u00e9 je nutn\u00e9 objednat samostatn\u011b<\/li>\n<\/ul>\n<p>N\u00e1bytek je dod\u00e1v\u00e1n ve smontovan\u00e9m stavu, p\u0159ipraven k okam\u017eit\u00e9 instalaci.<\/p>\n<\/div>\n<p style=\"text-align: justify;\">FAVOLO je klasick\u00e1 s\u00e9rie koupelnov\u00e9ho n\u00e1bytku s decentn\u011b fr\u00e9zovan\u00fdm dekorem na \u010delech z\u00e1suvek a dv\u00ed\u0159k\u00e1ch v b\u00edl\u00e9m matn\u00e9m proveden\u00ed. Umyvadlov\u00e9 sk\u0159\u00ed\u0148ky lze kombinovat se zrcadly a dopl\u0148kov\u00fdmi sk\u0159\u00ed\u0148kami ve stejn\u00e9m stylu a odst\u00ednu. Elegantn\u00ed umyvadla podtrhuj\u00ed vzhled cel\u00e9 s\u00e9rie, kter\u00e1 se hod\u00ed nejen na chalupu \u010di do \u010din\u017eovn\u00edho domu ze za\u010d\u00e1tku 20. stolet\u00ed.<\/p>\n<p style=\"text-align: justify;\"><span>N\u00e1bytek je dod\u00e1v\u00e1n ve smontovan\u00e9m stavu, p\u0159ipraven k&nbsp;okam\u017eit\u00e9 instalaci. N\u00e1bytek instalujte na rovnou st\u011bnu.&nbsp;<\/span>Nevystavujte n\u00e1bytek trval\u00e9 vlhkosti a styku s vodou. Koupelnu v\u017edy \u0159\u00e1dn\u011b odv\u011btrejte. P\u0159i zkroucen\u00ed korpusu sk\u0159\u00ed\u0148ky m\u016f\u017ee doj\u00edt k poru\u0161e funkce dov\u00edrac\u00edch mechanism\u016f. Proti p\u0159\u00edpadn\u00e9mu zat\u00e9k\u00e1n\u00ed vody do umyvadlov\u00e9 sk\u0159\u00ed\u0148ky pou\u017eijte silikonov\u00fd tmel.<\/p>\n<div class=\"product-explanation-item\">\n<h3>Sm\u011br otev\u00edr\u00e1n\u00ed &#8211; univerz\u00e1ln\u00ed<\/h3>\n<p style=\"text-align: justify;\">Instalace je mo\u017en\u00e1 s lev\u00fdm nebo prav\u00fdm otev\u00edr\u00e1n\u00edm dve\u0159\u00ed.<\/p>\n<\/div>\n<div class=\"product-explanation-item\">\n<h3>Zpomalovac\u00ed panty<\/h3>\n<div style=\"float: left;\"><\/div>\n<p>N\u00e1bytek je vybaven mechanismem zpomalovac\u00edch pant\u016f u dv\u00ed\u0159ek. Dv\u00ed\u0159ka sta\u010d\u00ed jen lehce postr\u010dit a ona se ji\u017e sama dov\u0159ou.<\/p>\n<\/div><\/div>\n<div class=\"extended-description\">\n<h3>Dopl\u0148kov\u00e9 parametry<\/h3>\n<table class=\"detail-parameters\">\n<tbody>\n<tr>\n<th>        <span class=\"row-header-label\">            Kategorie<span class=\"row-header-label-colon\">:<\/span>        <\/span>    <\/th>\n<td>            <\/td>\n<\/tr>\n<tr>\n<th>            <span class=\"row-header-label\">                Z\u00e1ruka<span class=\"row-header-label-colon\">:<\/span>            <\/span>        <\/th>\n<td>            24        <\/td>\n<\/tr>\n<tr>\n<th>            <span class=\"row-header-label\">                Hmotnost<span class=\"row-header-label-colon\">:<\/span>            <\/span>        <\/th>\n<td>            15 kg        <\/td>\n<\/tr>\n<tr class=\"productEan\">\n<th>          <span class=\"row-header-label productEan__label\">              EAN<span class=\"row-header-label-colon\">:<\/span>          <\/span>      <\/th>\n<td>          <span class=\"productEan__value\">8590913874406<\/span>      <\/td>\n<\/tr>\n<tr>\n<th>                <span class=\"row-header-label\">                                            3D model<span class=\"row-header-label-colon\">:<\/span>                                    <\/span>            <\/th>\n<td>                                                            ANO                                                <\/td>\n<\/tr>\n<tr>\n<th>                <span class=\"row-header-label\">                                            Balen\u00ed<span class=\"row-header-label-colon\">:<\/span>                                    <\/span>            <\/th>\n<td>                                                            1 ks                                                <\/td>\n<\/tr>\n<tr>\n<th>                <span class=\"row-header-label\">                                            Balen\u00ed obsahuje<span class=\"row-header-label-colon\">:<\/span>                                    <\/span>            <\/th>\n<td>                                                            \u00dachytka                                                <\/td>\n<\/tr>\n<tr>\n<th>                <span class=\"row-header-label\">                                            Barva<span class=\"row-header-label-colon\">:<\/span>                                    <\/span>            <\/th>\n<td>                                                            B\u00edl\u00e1 mat                                                <\/td>\n<\/tr>\n<tr>\n<th>                <span class=\"row-header-label\">                                            Dostupnost<span class=\"row-header-label-colon\">:<\/span>                                    <\/span>            <\/th>\n<td>                                                            Skladem                                                <\/td>\n<\/tr>\n<tr>\n<th>                <span class=\"row-header-label\">                                            Hloubka<span class=\"row-header-label-colon\">:<\/span>                                    <\/span>            <\/th>\n<td>                                                            310 mm                                                <\/td>\n<\/tr>\n<tr>\n<th>                <span class=\"row-header-label\">                                            Instalace<span class=\"row-header-label-colon\">:<\/span>                                    <\/span>            <\/th>\n<td>                                                            Z\u00e1v\u011bsn\u00e9 na st\u011bnu                                                <\/td>\n<\/tr>\n<tr>\n<th>                <span class=\"row-header-label\">                                            Materi\u00e1l<span class=\"row-header-label-colon\">:<\/span>                                    <\/span>            <\/th>\n<td>                                                            MDF\/lamino                                                <\/td>\n<\/tr>\n<tr>\n<th>                <span class=\"row-header-label\">                                            Rozm\u011br<span class=\"row-header-label-colon\">:<\/span>                                    <\/span>            <\/th>\n<td>                                                            40x150x31 cm                                                <\/td>\n<\/tr>\n<tr>\n<th>                <span class=\"row-header-label\">                                            Sm\u011br otev\u00edr\u00e1n\u00ed<span class=\"row-header-label-colon\">:<\/span>                                    <\/span>            <\/th>\n<td>                                                            Univerz\u00e1ln\u00ed                                                <\/td>\n<\/tr>\n<tr>\n<th>                <span class=\"row-header-label\">                                            \u0160\u00ed\u0159ka<span class=\"row-header-label-colon\">:<\/span>                                    <\/span>            <\/th>\n<td>                                                            400 mm                                                <\/td>\n<\/tr>\n<tr>\n<th>                <span class=\"row-header-label\">                                            Typ sk\u0159\u00ed\u0148ky<span class=\"row-header-label-colon\">:<\/span>                                    <\/span>            <\/th>\n<td>                                                            Dv\u00ed\u0159ka                                                <\/td>\n<\/tr>\n<tr>\n<th>                <span class=\"row-header-label\">                                            V\u00fdbava<span class=\"row-header-label-colon\">:<\/span>                                    <\/span>            <\/th>\n<td>                                                            Ko\u0161 na pr\u00e1dlo: sou\u010d\u00e1st\u00ed;Zpomalovac\u00ed panty                                                <\/td>\n<\/tr>\n<tr>\n<th>                <span class=\"row-header-label\">                                            V\u00fd\u0161ka<span class=\"row-header-label-colon\">:<\/span>                                    <\/span>            <\/th>\n<td>                                                            1500 mm                                                <\/td>\n<\/tr>\n<tr>\n<th>                <span class=\"row-header-label\">                                            Z\u00e1ruka<span class=\"row-header-label-colon\">:<\/span>                                    <\/span>            <\/th>\n<td>                                                            2 roky                                                <\/td>\n<\/tr>\n<\/tbody>\n<\/table><\/div>\n<\/p><\/div>\n<\/p><\/div>\n","protected":false},"excerpt":{"rendered":"<p>Detailn\u00ed popis produktu Sk\u0159\u00ed\u0148ka je dod\u00e1v\u00e1na s elegantn\u00edmi \u00fachytkami v b\u00edlo-chromov\u00e9m proveden\u00ed. Mo\u017eno instalovat s no\u017ei\u010dkami, kter\u00e9 je nutn\u00e9 objednat samostatn\u011b N\u00e1bytek je dod\u00e1v\u00e1n ve smontovan\u00e9m stavu, p\u0159ipraven k okam\u017eit\u00e9 instalaci. FAVOLO je klasick\u00e1 s\u00e9rie koupelnov\u00e9ho n\u00e1bytku s decentn\u011b fr\u00e9zovan\u00fdm dekorem na \u010delech z\u00e1suvek a dv\u00ed\u0159k\u00e1ch v b\u00edl\u00e9m matn\u00e9m proveden\u00ed. Umyvadlov\u00e9 sk\u0159\u00ed\u0148ky lze kombinovat se [&hellip;]<\/p>\n","protected":false},"featured_media":43828,"comment_status":"open","ping_status":"open","template":"","meta":[],"product_brand":[],"product_cat":[147],"product_tag":[],"class_list":{"0":"post-43728","1":"product","2":"type-product","3":"status-publish","4":"has-post-thumbnail","6":"product_cat-koupelnovy-nabytek","8":"first","9":"instock","10":"sale","11":"shipping-taxable","12":"purchasable","13":"product-type-simple"},"yoast_head":"<!-- This site is optimized with the Yoast SEO plugin v26.8 - https:\/\/yoast.com\/product\/yoast-seo-wordpress\/ -->\n<title>Speci\u00e1ln\u00ed Cena FAVOLO vysok\u00e1 sk\u0159\u00ed\u0148ka ko\u0161em 40x150x31cm, b\u00edl\u00e1 mat -<\/title>\n<meta name=\"robots\" content=\"index, follow, max-snippet:-1, max-image-preview:large, max-video-preview:-1\" \/>\n<link rel=\"canonical\" href=\"https:\/\/www.domtechnikpro.com\/index.php\/produkt\/specialni-cena-favolo-vysoka-skrinka-kosem-40x150x31cm-bila-mat-43728\/\" \/>\n<meta property=\"og:locale\" content=\"cs_CZ\" \/>\n<meta property=\"og:type\" content=\"article\" \/>\n<meta property=\"og:title\" content=\"Speci\u00e1ln\u00ed Cena FAVOLO vysok\u00e1 sk\u0159\u00ed\u0148ka ko\u0161em 40x150x31cm, b\u00edl\u00e1 mat -\" \/>\n<meta property=\"og:description\" content=\"Detailn\u00ed popis produktu Sk\u0159\u00ed\u0148ka je dod\u00e1v\u00e1na s elegantn\u00edmi \u00fachytkami v b\u00edlo-chromov\u00e9m proveden\u00ed. Mo\u017eno instalovat s no\u017ei\u010dkami, kter\u00e9 je nutn\u00e9 objednat samostatn\u011b N\u00e1bytek je dod\u00e1v\u00e1n ve smontovan\u00e9m stavu, p\u0159ipraven k okam\u017eit\u00e9 instalaci. FAVOLO je klasick\u00e1 s\u00e9rie koupelnov\u00e9ho n\u00e1bytku s decentn\u011b fr\u00e9zovan\u00fdm dekorem na \u010delech z\u00e1suvek a dv\u00ed\u0159k\u00e1ch v b\u00edl\u00e9m matn\u00e9m proveden\u00ed. Umyvadlov\u00e9 sk\u0159\u00ed\u0148ky lze kombinovat se [&hellip;]\" \/>\n<meta property=\"og:url\" content=\"https:\/\/www.domtechnikpro.com\/index.php\/produkt\/specialni-cena-favolo-vysoka-skrinka-kosem-40x150x31cm-bila-mat-43728\/\" \/>\n<meta property=\"og:image\" content=\"https:\/\/www.domtechnikpro.com\/wp-content\/uploads\/2026\/SK0002082-CZ20260425-092556-0-1777080363-28270_fv160-137417478703522.webp\" \/>\n\t<meta property=\"og:image:width\" content=\"1000\" \/>\n\t<meta property=\"og:image:height\" content=\"750\" \/>\n\t<meta property=\"og:image:type\" content=\"image\/webp\" \/>\n<meta name=\"twitter:card\" content=\"summary_large_image\" \/>\n<meta name=\"twitter:label1\" content=\"Odhadovan\u00e1 doba \u010dten\u00ed\" \/>\n\t<meta name=\"twitter:data1\" content=\"2 minuty\" \/>\n<script type=\"application\/ld+json\" class=\"yoast-schema-graph\">{\"@context\":\"https:\/\/schema.org\",\"@graph\":[{\"@type\":\"WebPage\",\"@id\":\"https:\/\/www.domtechnikpro.com\/index.php\/produkt\/specialni-cena-favolo-vysoka-skrinka-kosem-40x150x31cm-bila-mat-43728\/\",\"url\":\"https:\/\/www.domtechnikpro.com\/index.php\/produkt\/specialni-cena-favolo-vysoka-skrinka-kosem-40x150x31cm-bila-mat-43728\/\",\"name\":\"Speci\u00e1ln\u00ed Cena FAVOLO vysok\u00e1 sk\u0159\u00ed\u0148ka ko\u0161em 40x150x31cm, b\u00edl\u00e1 mat -\",\"isPartOf\":{\"@id\":\"https:\/\/www.domtechnikpro.com\/#website\"},\"primaryImageOfPage\":{\"@id\":\"https:\/\/www.domtechnikpro.com\/index.php\/produkt\/specialni-cena-favolo-vysoka-skrinka-kosem-40x150x31cm-bila-mat-43728\/#primaryimage\"},\"image\":{\"@id\":\"https:\/\/www.domtechnikpro.com\/index.php\/produkt\/specialni-cena-favolo-vysoka-skrinka-kosem-40x150x31cm-bila-mat-43728\/#primaryimage\"},\"thumbnailUrl\":\"https:\/\/www.domtechnikpro.com\/wp-content\/uploads\/2026\/SK0002082-CZ20260425-092556-0-1777080363-28270_fv160-137417478703522.webp\",\"datePublished\":\"2026-04-26T08:59:29+00:00\",\"breadcrumb\":{\"@id\":\"https:\/\/www.domtechnikpro.com\/index.php\/produkt\/specialni-cena-favolo-vysoka-skrinka-kosem-40x150x31cm-bila-mat-43728\/#breadcrumb\"},\"inLanguage\":\"cs\",\"potentialAction\":[{\"@type\":\"ReadAction\",\"target\":[\"https:\/\/www.domtechnikpro.com\/index.php\/produkt\/specialni-cena-favolo-vysoka-skrinka-kosem-40x150x31cm-bila-mat-43728\/\"]}]},{\"@type\":\"ImageObject\",\"inLanguage\":\"cs\",\"@id\":\"https:\/\/www.domtechnikpro.com\/index.php\/produkt\/specialni-cena-favolo-vysoka-skrinka-kosem-40x150x31cm-bila-mat-43728\/#primaryimage\",\"url\":\"https:\/\/www.domtechnikpro.com\/wp-content\/uploads\/2026\/SK0002082-CZ20260425-092556-0-1777080363-28270_fv160-137417478703522.webp\",\"contentUrl\":\"https:\/\/www.domtechnikpro.com\/wp-content\/uploads\/2026\/SK0002082-CZ20260425-092556-0-1777080363-28270_fv160-137417478703522.webp\",\"width\":1000,\"height\":750},{\"@type\":\"BreadcrumbList\",\"@id\":\"https:\/\/www.domtechnikpro.com\/index.php\/produkt\/specialni-cena-favolo-vysoka-skrinka-kosem-40x150x31cm-bila-mat-43728\/#breadcrumb\",\"itemListElement\":[{\"@type\":\"ListItem\",\"position\":1,\"name\":\"Home\",\"item\":\"https:\/\/www.domtechnikpro.com\/\"},{\"@type\":\"ListItem\",\"position\":2,\"name\":\"Products\",\"item\":\"https:\/\/www.domtechnikpro.com\/index.php\/products\/\"},{\"@type\":\"ListItem\",\"position\":3,\"name\":\"Speci\u00e1ln\u00ed Cena FAVOLO vysok\u00e1 sk\u0159\u00ed\u0148ka ko\u0161em 40x150x31cm, b\u00edl\u00e1 mat\"}]},{\"@type\":\"WebSite\",\"@id\":\"https:\/\/www.domtechnikpro.com\/#website\",\"url\":\"https:\/\/www.domtechnikpro.com\/\",\"name\":\"\",\"description\":\"\",\"potentialAction\":[{\"@type\":\"SearchAction\",\"target\":{\"@type\":\"EntryPoint\",\"urlTemplate\":\"https:\/\/www.domtechnikpro.com\/?s={search_term_string}\"},\"query-input\":{\"@type\":\"PropertyValueSpecification\",\"valueRequired\":true,\"valueName\":\"search_term_string\"}}],\"inLanguage\":\"cs\"}]}<\/script>\n<!-- \/ Yoast SEO plugin. -->","yoast_head_json":{"title":"Speci\u00e1ln\u00ed Cena FAVOLO vysok\u00e1 sk\u0159\u00ed\u0148ka ko\u0161em 40x150x31cm, b\u00edl\u00e1 mat -","robots":{"index":"index","follow":"follow","max-snippet":"max-snippet:-1","max-image-preview":"max-image-preview:large","max-video-preview":"max-video-preview:-1"},"canonical":"https:\/\/www.domtechnikpro.com\/index.php\/produkt\/specialni-cena-favolo-vysoka-skrinka-kosem-40x150x31cm-bila-mat-43728\/","og_locale":"cs_CZ","og_type":"article","og_title":"Speci\u00e1ln\u00ed Cena FAVOLO vysok\u00e1 sk\u0159\u00ed\u0148ka ko\u0161em 40x150x31cm, b\u00edl\u00e1 mat -","og_description":"Detailn\u00ed popis produktu Sk\u0159\u00ed\u0148ka je dod\u00e1v\u00e1na s elegantn\u00edmi \u00fachytkami v b\u00edlo-chromov\u00e9m proveden\u00ed. Mo\u017eno instalovat s no\u017ei\u010dkami, kter\u00e9 je nutn\u00e9 objednat samostatn\u011b N\u00e1bytek je dod\u00e1v\u00e1n ve smontovan\u00e9m stavu, p\u0159ipraven k okam\u017eit\u00e9 instalaci. FAVOLO je klasick\u00e1 s\u00e9rie koupelnov\u00e9ho n\u00e1bytku s decentn\u011b fr\u00e9zovan\u00fdm dekorem na \u010delech z\u00e1suvek a dv\u00ed\u0159k\u00e1ch v b\u00edl\u00e9m matn\u00e9m proveden\u00ed. Umyvadlov\u00e9 sk\u0159\u00ed\u0148ky lze kombinovat se [&hellip;]","og_url":"https:\/\/www.domtechnikpro.com\/index.php\/produkt\/specialni-cena-favolo-vysoka-skrinka-kosem-40x150x31cm-bila-mat-43728\/","og_image":[{"width":1000,"height":750,"url":"https:\/\/www.domtechnikpro.com\/wp-content\/uploads\/2026\/SK0002082-CZ20260425-092556-0-1777080363-28270_fv160-137417478703522.webp","type":"image\/webp"}],"twitter_card":"summary_large_image","twitter_misc":{"Odhadovan\u00e1 doba \u010dten\u00ed":"2 minuty"},"schema":{"@context":"https:\/\/schema.org","@graph":[{"@type":"WebPage","@id":"https:\/\/www.domtechnikpro.com\/index.php\/produkt\/specialni-cena-favolo-vysoka-skrinka-kosem-40x150x31cm-bila-mat-43728\/","url":"https:\/\/www.domtechnikpro.com\/index.php\/produkt\/specialni-cena-favolo-vysoka-skrinka-kosem-40x150x31cm-bila-mat-43728\/","name":"Speci\u00e1ln\u00ed Cena FAVOLO vysok\u00e1 sk\u0159\u00ed\u0148ka ko\u0161em 40x150x31cm, b\u00edl\u00e1 mat -","isPartOf":{"@id":"https:\/\/www.domtechnikpro.com\/#website"},"primaryImageOfPage":{"@id":"https:\/\/www.domtechnikpro.com\/index.php\/produkt\/specialni-cena-favolo-vysoka-skrinka-kosem-40x150x31cm-bila-mat-43728\/#primaryimage"},"image":{"@id":"https:\/\/www.domtechnikpro.com\/index.php\/produkt\/specialni-cena-favolo-vysoka-skrinka-kosem-40x150x31cm-bila-mat-43728\/#primaryimage"},"thumbnailUrl":"https:\/\/www.domtechnikpro.com\/wp-content\/uploads\/2026\/SK0002082-CZ20260425-092556-0-1777080363-28270_fv160-137417478703522.webp","datePublished":"2026-04-26T08:59:29+00:00","breadcrumb":{"@id":"https:\/\/www.domtechnikpro.com\/index.php\/produkt\/specialni-cena-favolo-vysoka-skrinka-kosem-40x150x31cm-bila-mat-43728\/#breadcrumb"},"inLanguage":"cs","potentialAction":[{"@type":"ReadAction","target":["https:\/\/www.domtechnikpro.com\/index.php\/produkt\/specialni-cena-favolo-vysoka-skrinka-kosem-40x150x31cm-bila-mat-43728\/"]}]},{"@type":"ImageObject","inLanguage":"cs","@id":"https:\/\/www.domtechnikpro.com\/index.php\/produkt\/specialni-cena-favolo-vysoka-skrinka-kosem-40x150x31cm-bila-mat-43728\/#primaryimage","url":"https:\/\/www.domtechnikpro.com\/wp-content\/uploads\/2026\/SK0002082-CZ20260425-092556-0-1777080363-28270_fv160-137417478703522.webp","contentUrl":"https:\/\/www.domtechnikpro.com\/wp-content\/uploads\/2026\/SK0002082-CZ20260425-092556-0-1777080363-28270_fv160-137417478703522.webp","width":1000,"height":750},{"@type":"BreadcrumbList","@id":"https:\/\/www.domtechnikpro.com\/index.php\/produkt\/specialni-cena-favolo-vysoka-skrinka-kosem-40x150x31cm-bila-mat-43728\/#breadcrumb","itemListElement":[{"@type":"ListItem","position":1,"name":"Home","item":"https:\/\/www.domtechnikpro.com\/"},{"@type":"ListItem","position":2,"name":"Products","item":"https:\/\/www.domtechnikpro.com\/index.php\/products\/"},{"@type":"ListItem","position":3,"name":"Speci\u00e1ln\u00ed Cena FAVOLO vysok\u00e1 sk\u0159\u00ed\u0148ka ko\u0161em 40x150x31cm, b\u00edl\u00e1 mat"}]},{"@type":"WebSite","@id":"https:\/\/www.domtechnikpro.com\/#website","url":"https:\/\/www.domtechnikpro.com\/","name":"","description":"","potentialAction":[{"@type":"SearchAction","target":{"@type":"EntryPoint","urlTemplate":"https:\/\/www.domtechnikpro.com\/?s={search_term_string}"},"query-input":{"@type":"PropertyValueSpecification","valueRequired":true,"valueName":"search_term_string"}}],"inLanguage":"cs"}]}},"_links":{"self":[{"href":"https:\/\/www.domtechnikpro.com\/index.php\/wp-json\/wp\/v2\/product\/43728","targetHints":{"allow":["GET"]}}],"collection":[{"href":"https:\/\/www.domtechnikpro.com\/index.php\/wp-json\/wp\/v2\/product"}],"about":[{"href":"https:\/\/www.domtechnikpro.com\/index.php\/wp-json\/wp\/v2\/types\/product"}],"replies":[{"embeddable":true,"href":"https:\/\/www.domtechnikpro.com\/index.php\/wp-json\/wp\/v2\/comments?post=43728"}],"wp:featuredmedia":[{"embeddable":true,"href":"https:\/\/www.domtechnikpro.com\/index.php\/wp-json\/wp\/v2\/media\/43828"}],"wp:attachment":[{"href":"https:\/\/www.domtechnikpro.com\/index.php\/wp-json\/wp\/v2\/media?parent=43728"}],"wp:term":[{"taxonomy":"product_brand","embeddable":true,"href":"https:\/\/www.domtechnikpro.com\/index.php\/wp-json\/wp\/v2\/product_brand?post=43728"},{"taxonomy":"product_cat","embeddable":true,"href":"https:\/\/www.domtechnikpro.com\/index.php\/wp-json\/wp\/v2\/product_cat?post=43728"},{"taxonomy":"product_tag","embeddable":true,"href":"https:\/\/www.domtechnikpro.com\/index.php\/wp-json\/wp\/v2\/product_tag?post=43728"}],"curies":[{"name":"wp","href":"https:\/\/api.w.org\/{rel}","templated":true}]}}