{"id":43310,"date":"2026-04-26T08:59:24","date_gmt":"2026-04-26T08:59:24","guid":{"rendered":""},"modified":"2026-04-26T08:59:24","modified_gmt":"2026-04-26T08:59:24","slug":"znackovy-rebecca-dvojhacek-cerna-koupelny-sanita-cz-43310","status":"publish","type":"product","link":"https:\/\/www.domtechnikpro.com\/index.php\/produkt\/znackovy-rebecca-dvojhacek-cerna-koupelny-sanita-cz-43310\/","title":{"rendered":"Zna\u010dkov\u00fd REBECCA dvojh\u00e1\u010dek, \u010dern\u00e1 &#8211; koupelny-sanita.cz"},"content":{"rendered":"<div class=\"basic-description\">\n<h3>Detailn\u00ed popis produktu<\/h3>\n<p style=\"text-align: justify;\">Koupelnov\u00e9 dopl\u0148ky REBECCA evokuj\u00ed kr\u00e1su um\u011bleck\u00e9ho kov\u00e1\u0159stv\u00ed. Kovan\u00e9 \u00fachyty vkusn\u011b dopl\u0148uj\u00ed n\u00e1dobky z b\u00edl\u00e9 keramiky. Nechte se un\u00e9st surovou kr\u00e1sou zru\u010dn\u011b zpracovan\u00e9ho kovu s\u00e9rie REBECCA.<\/p>\n<div class=\"product-explanation-item\">\n<h3>Doporu\u010den\u00e1 \u00fadr\u017eba koupelnov\u00fdch dopl\u0148k\u016f v \u010dern\u00e9 nebo b\u00edl\u00e9 variant\u011b:<\/h3>\n<p style=\"text-align: justify;\">Pro zachov\u00e1n\u00ed estetick\u00e9 kvality se doporu\u010duje \u010distit povrch \u010dern\u00fdch a b\u00edl\u00fdch v\u00fdrobk\u016f (koupelnov\u00fdch dopl\u0148k\u016f, stojan\u016f a dal\u0161\u00edch), pouze m\u011bkk\u00fdm had\u0159\u00edkem a vodou. Z\u00e1rove\u0148 se doporu\u010duje v\u017edy po pou\u017eit\u00ed ot\u0159\u00edt povrch do sucha, aby na povrchu nez\u016fst\u00e1valy kapky vody, kter\u00e9 by se n\u00e1sledn\u011b mohly za\u010d\u00edt usazovat ve form\u011b vodn\u00edho kamene. Pro \u010di\u0161t\u011bn\u00ed se nesm\u00ed pou\u017e\u00edvat abrazivn\u00ed prost\u0159edky ani agresivn\u00ed \u010distic\u00ed prost\u0159edky.<\/p>\n<\/div><\/div>\n<div class=\"extended-description\">\n<h3>Dopl\u0148kov\u00e9 parametry<\/h3>\n<table class=\"detail-parameters\">\n<tbody>\n<tr>\n<th>        <span class=\"row-header-label\">            Kategorie<span class=\"row-header-label-colon\">:<\/span>        <\/span>    <\/th>\n<td>            <\/td>\n<\/tr>\n<tr>\n<th>            <span class=\"row-header-label\">                Z\u00e1ruka<span class=\"row-header-label-colon\">:<\/span>            <\/span>        <\/th>\n<td>            120        <\/td>\n<\/tr>\n<tr>\n<th>            <span class=\"row-header-label\">                Hmotnost<span class=\"row-header-label-colon\">:<\/span>            <\/span>        <\/th>\n<td>            0.218 kg        <\/td>\n<\/tr>\n<tr class=\"productEan\">\n<th>          <span class=\"row-header-label productEan__label\">              EAN<span class=\"row-header-label-colon\">:<\/span>          <\/span>      <\/th>\n<td>          <span class=\"productEan__value\">8003062101373<\/span>      <\/td>\n<\/tr>\n<tr>\n<th>                <span class=\"row-header-label\">                                            Balen\u00ed<span class=\"row-header-label-colon\">:<\/span>                                    <\/span>            <\/th>\n<td>                                                            1 ks                                                <\/td>\n<\/tr>\n<tr>\n<th>                <span class=\"row-header-label\">                                            Barva<span class=\"row-header-label-colon\">:<\/span>                                    <\/span>            <\/th>\n<td>                                                            \u010cern\u00e1                                                <\/td>\n<\/tr>\n<tr>\n<th>                <span class=\"row-header-label\">                                            Dostupnost<span class=\"row-header-label-colon\">:<\/span>                                    <\/span>            <\/th>\n<td>                                                            Skladem                                                <\/td>\n<\/tr>\n<tr>\n<th>                <span class=\"row-header-label\">                                            Druh<span class=\"row-header-label-colon\">:<\/span>                                    <\/span>            <\/th>\n<td>                                                            Dvojh\u00e1\u010dek                                                <\/td>\n<\/tr>\n<tr>\n<th>                <span class=\"row-header-label\">                                            Hloubka<span class=\"row-header-label-colon\">:<\/span>                                    <\/span>            <\/th>\n<td>                                                            53 mm                                                <\/td>\n<\/tr>\n<tr>\n<th>                <span class=\"row-header-label\">                                            Instalace<span class=\"row-header-label-colon\">:<\/span>                                    <\/span>            <\/th>\n<td>                                                            Lepen\u00ed;Vrt\u00e1n\u00ed                                                <\/td>\n<\/tr>\n<tr>\n<th>                <span class=\"row-header-label\">                                            Materi\u00e1l<span class=\"row-header-label-colon\">:<\/span>                                    <\/span>            <\/th>\n<td>                                                            Ocel                                                <\/td>\n<\/tr>\n<tr>\n<th>                <span class=\"row-header-label\">                                            Rozm\u011br<span class=\"row-header-label-colon\">:<\/span>                                    <\/span>            <\/th>\n<td>                                                            99x66x53 mm                                                <\/td>\n<\/tr>\n<tr>\n<th>                <span class=\"row-header-label\">                                            \u0160\u00ed\u0159ka<span class=\"row-header-label-colon\">:<\/span>                                    <\/span>            <\/th>\n<td>                                                            99 mm                                                <\/td>\n<\/tr>\n<tr>\n<th>                <span class=\"row-header-label\">                                            Tvar<span class=\"row-header-label-colon\">:<\/span>                                    <\/span>            <\/th>\n<td>                                                            Retro                                                <\/td>\n<\/tr>\n<tr>\n<th>                <span class=\"row-header-label\">                                            \u00dadr\u017eba<span class=\"row-header-label-colon\">:<\/span>                                    <\/span>            <\/th>\n<td>                                                            Dle doporu\u010den\u00ed                                                <\/td>\n<\/tr>\n<tr>\n<th>                <span class=\"row-header-label\">                                            V\u00fd\u0161ka<span class=\"row-header-label-colon\">:<\/span>                                    <\/span>            <\/th>\n<td>                                                            66 mm                                                <\/td>\n<\/tr>\n<tr>\n<th>                <span class=\"row-header-label\">                                            Z\u00e1ruka<span class=\"row-header-label-colon\">:<\/span>                                    <\/span>            <\/th>\n<td>                                                            10 let                                                <\/td>\n<\/tr>\n<\/tbody>\n<\/table><\/div>\n<\/p><\/div>\n<\/p><\/div>\n","protected":false},"excerpt":{"rendered":"<p>Detailn\u00ed popis produktu Koupelnov\u00e9 dopl\u0148ky REBECCA evokuj\u00ed kr\u00e1su um\u011bleck\u00e9ho kov\u00e1\u0159stv\u00ed. Kovan\u00e9 \u00fachyty vkusn\u011b dopl\u0148uj\u00ed n\u00e1dobky z b\u00edl\u00e9 keramiky. Nechte se un\u00e9st surovou kr\u00e1sou zru\u010dn\u011b zpracovan\u00e9ho kovu s\u00e9rie REBECCA. Doporu\u010den\u00e1 \u00fadr\u017eba koupelnov\u00fdch dopl\u0148k\u016f v \u010dern\u00e9 nebo b\u00edl\u00e9 variant\u011b: Pro zachov\u00e1n\u00ed estetick\u00e9 kvality se doporu\u010duje \u010distit povrch \u010dern\u00fdch a b\u00edl\u00fdch v\u00fdrobk\u016f (koupelnov\u00fdch dopl\u0148k\u016f, stojan\u016f a dal\u0161\u00edch), pouze [&hellip;]<\/p>\n","protected":false},"featured_media":43410,"comment_status":"open","ping_status":"open","template":"","meta":[],"product_brand":[],"product_cat":[140],"product_tag":[],"class_list":{"0":"post-43310","1":"product","2":"type-product","3":"status-publish","4":"has-post-thumbnail","6":"product_cat-koupelnove-doplnky","8":"first","9":"instock","10":"sale","11":"shipping-taxable","12":"purchasable","13":"product-type-simple"},"yoast_head":"<!-- This site is optimized with the Yoast SEO plugin v26.8 - https:\/\/yoast.com\/product\/yoast-seo-wordpress\/ -->\n<title>Zna\u010dkov\u00fd REBECCA dvojh\u00e1\u010dek, \u010dern\u00e1 - koupelny-sanita.cz -<\/title>\n<meta name=\"robots\" content=\"index, follow, max-snippet:-1, max-image-preview:large, max-video-preview:-1\" \/>\n<link rel=\"canonical\" href=\"https:\/\/www.domtechnikpro.com\/index.php\/produkt\/znackovy-rebecca-dvojhacek-cerna-koupelny-sanita-cz-43310\/\" \/>\n<meta property=\"og:locale\" content=\"cs_CZ\" \/>\n<meta property=\"og:type\" content=\"article\" \/>\n<meta property=\"og:title\" content=\"Zna\u010dkov\u00fd REBECCA dvojh\u00e1\u010dek, \u010dern\u00e1 - koupelny-sanita.cz -\" \/>\n<meta property=\"og:description\" content=\"Detailn\u00ed popis produktu Koupelnov\u00e9 dopl\u0148ky REBECCA evokuj\u00ed kr\u00e1su um\u011bleck\u00e9ho kov\u00e1\u0159stv\u00ed. Kovan\u00e9 \u00fachyty vkusn\u011b dopl\u0148uj\u00ed n\u00e1dobky z b\u00edl\u00e9 keramiky. Nechte se un\u00e9st surovou kr\u00e1sou zru\u010dn\u011b zpracovan\u00e9ho kovu s\u00e9rie REBECCA. Doporu\u010den\u00e1 \u00fadr\u017eba koupelnov\u00fdch dopl\u0148k\u016f v \u010dern\u00e9 nebo b\u00edl\u00e9 variant\u011b: Pro zachov\u00e1n\u00ed estetick\u00e9 kvality se doporu\u010duje \u010distit povrch \u010dern\u00fdch a b\u00edl\u00fdch v\u00fdrobk\u016f (koupelnov\u00fdch dopl\u0148k\u016f, stojan\u016f a dal\u0161\u00edch), pouze [&hellip;]\" \/>\n<meta property=\"og:url\" content=\"https:\/\/www.domtechnikpro.com\/index.php\/produkt\/znackovy-rebecca-dvojhacek-cerna-koupelny-sanita-cz-43310\/\" \/>\n<meta property=\"og:image\" content=\"https:\/\/www.domtechnikpro.com\/wp-content\/uploads\/2026\/SK0001855-CZ20260425-092556-0-1777080363-25237_cc023-137417478705478.webp\" \/>\n\t<meta property=\"og:image:width\" content=\"1000\" \/>\n\t<meta property=\"og:image:height\" content=\"750\" \/>\n\t<meta property=\"og:image:type\" content=\"image\/webp\" \/>\n<meta name=\"twitter:card\" content=\"summary_large_image\" \/>\n<meta name=\"twitter:label1\" content=\"Odhadovan\u00e1 doba \u010dten\u00ed\" \/>\n\t<meta name=\"twitter:data1\" content=\"1 minuta\" \/>\n<script type=\"application\/ld+json\" class=\"yoast-schema-graph\">{\"@context\":\"https:\/\/schema.org\",\"@graph\":[{\"@type\":\"WebPage\",\"@id\":\"https:\/\/www.domtechnikpro.com\/index.php\/produkt\/znackovy-rebecca-dvojhacek-cerna-koupelny-sanita-cz-43310\/\",\"url\":\"https:\/\/www.domtechnikpro.com\/index.php\/produkt\/znackovy-rebecca-dvojhacek-cerna-koupelny-sanita-cz-43310\/\",\"name\":\"Zna\u010dkov\u00fd REBECCA dvojh\u00e1\u010dek, \u010dern\u00e1 - koupelny-sanita.cz -\",\"isPartOf\":{\"@id\":\"https:\/\/www.domtechnikpro.com\/#website\"},\"primaryImageOfPage\":{\"@id\":\"https:\/\/www.domtechnikpro.com\/index.php\/produkt\/znackovy-rebecca-dvojhacek-cerna-koupelny-sanita-cz-43310\/#primaryimage\"},\"image\":{\"@id\":\"https:\/\/www.domtechnikpro.com\/index.php\/produkt\/znackovy-rebecca-dvojhacek-cerna-koupelny-sanita-cz-43310\/#primaryimage\"},\"thumbnailUrl\":\"https:\/\/www.domtechnikpro.com\/wp-content\/uploads\/2026\/SK0001855-CZ20260425-092556-0-1777080363-25237_cc023-137417478705478.webp\",\"datePublished\":\"2026-04-26T08:59:24+00:00\",\"breadcrumb\":{\"@id\":\"https:\/\/www.domtechnikpro.com\/index.php\/produkt\/znackovy-rebecca-dvojhacek-cerna-koupelny-sanita-cz-43310\/#breadcrumb\"},\"inLanguage\":\"cs\",\"potentialAction\":[{\"@type\":\"ReadAction\",\"target\":[\"https:\/\/www.domtechnikpro.com\/index.php\/produkt\/znackovy-rebecca-dvojhacek-cerna-koupelny-sanita-cz-43310\/\"]}]},{\"@type\":\"ImageObject\",\"inLanguage\":\"cs\",\"@id\":\"https:\/\/www.domtechnikpro.com\/index.php\/produkt\/znackovy-rebecca-dvojhacek-cerna-koupelny-sanita-cz-43310\/#primaryimage\",\"url\":\"https:\/\/www.domtechnikpro.com\/wp-content\/uploads\/2026\/SK0001855-CZ20260425-092556-0-1777080363-25237_cc023-137417478705478.webp\",\"contentUrl\":\"https:\/\/www.domtechnikpro.com\/wp-content\/uploads\/2026\/SK0001855-CZ20260425-092556-0-1777080363-25237_cc023-137417478705478.webp\",\"width\":1000,\"height\":750},{\"@type\":\"BreadcrumbList\",\"@id\":\"https:\/\/www.domtechnikpro.com\/index.php\/produkt\/znackovy-rebecca-dvojhacek-cerna-koupelny-sanita-cz-43310\/#breadcrumb\",\"itemListElement\":[{\"@type\":\"ListItem\",\"position\":1,\"name\":\"Home\",\"item\":\"https:\/\/www.domtechnikpro.com\/\"},{\"@type\":\"ListItem\",\"position\":2,\"name\":\"Products\",\"item\":\"https:\/\/www.domtechnikpro.com\/index.php\/products\/\"},{\"@type\":\"ListItem\",\"position\":3,\"name\":\"Zna\u010dkov\u00fd REBECCA dvojh\u00e1\u010dek, \u010dern\u00e1 &#8211; koupelny-sanita.cz\"}]},{\"@type\":\"WebSite\",\"@id\":\"https:\/\/www.domtechnikpro.com\/#website\",\"url\":\"https:\/\/www.domtechnikpro.com\/\",\"name\":\"\",\"description\":\"\",\"potentialAction\":[{\"@type\":\"SearchAction\",\"target\":{\"@type\":\"EntryPoint\",\"urlTemplate\":\"https:\/\/www.domtechnikpro.com\/?s={search_term_string}\"},\"query-input\":{\"@type\":\"PropertyValueSpecification\",\"valueRequired\":true,\"valueName\":\"search_term_string\"}}],\"inLanguage\":\"cs\"}]}<\/script>\n<!-- \/ Yoast SEO plugin. -->","yoast_head_json":{"title":"Zna\u010dkov\u00fd REBECCA dvojh\u00e1\u010dek, \u010dern\u00e1 - koupelny-sanita.cz -","robots":{"index":"index","follow":"follow","max-snippet":"max-snippet:-1","max-image-preview":"max-image-preview:large","max-video-preview":"max-video-preview:-1"},"canonical":"https:\/\/www.domtechnikpro.com\/index.php\/produkt\/znackovy-rebecca-dvojhacek-cerna-koupelny-sanita-cz-43310\/","og_locale":"cs_CZ","og_type":"article","og_title":"Zna\u010dkov\u00fd REBECCA dvojh\u00e1\u010dek, \u010dern\u00e1 - koupelny-sanita.cz -","og_description":"Detailn\u00ed popis produktu Koupelnov\u00e9 dopl\u0148ky REBECCA evokuj\u00ed kr\u00e1su um\u011bleck\u00e9ho kov\u00e1\u0159stv\u00ed. Kovan\u00e9 \u00fachyty vkusn\u011b dopl\u0148uj\u00ed n\u00e1dobky z b\u00edl\u00e9 keramiky. Nechte se un\u00e9st surovou kr\u00e1sou zru\u010dn\u011b zpracovan\u00e9ho kovu s\u00e9rie REBECCA. Doporu\u010den\u00e1 \u00fadr\u017eba koupelnov\u00fdch dopl\u0148k\u016f v \u010dern\u00e9 nebo b\u00edl\u00e9 variant\u011b: Pro zachov\u00e1n\u00ed estetick\u00e9 kvality se doporu\u010duje \u010distit povrch \u010dern\u00fdch a b\u00edl\u00fdch v\u00fdrobk\u016f (koupelnov\u00fdch dopl\u0148k\u016f, stojan\u016f a dal\u0161\u00edch), pouze [&hellip;]","og_url":"https:\/\/www.domtechnikpro.com\/index.php\/produkt\/znackovy-rebecca-dvojhacek-cerna-koupelny-sanita-cz-43310\/","og_image":[{"width":1000,"height":750,"url":"https:\/\/www.domtechnikpro.com\/wp-content\/uploads\/2026\/SK0001855-CZ20260425-092556-0-1777080363-25237_cc023-137417478705478.webp","type":"image\/webp"}],"twitter_card":"summary_large_image","twitter_misc":{"Odhadovan\u00e1 doba \u010dten\u00ed":"1 minuta"},"schema":{"@context":"https:\/\/schema.org","@graph":[{"@type":"WebPage","@id":"https:\/\/www.domtechnikpro.com\/index.php\/produkt\/znackovy-rebecca-dvojhacek-cerna-koupelny-sanita-cz-43310\/","url":"https:\/\/www.domtechnikpro.com\/index.php\/produkt\/znackovy-rebecca-dvojhacek-cerna-koupelny-sanita-cz-43310\/","name":"Zna\u010dkov\u00fd REBECCA dvojh\u00e1\u010dek, \u010dern\u00e1 - koupelny-sanita.cz -","isPartOf":{"@id":"https:\/\/www.domtechnikpro.com\/#website"},"primaryImageOfPage":{"@id":"https:\/\/www.domtechnikpro.com\/index.php\/produkt\/znackovy-rebecca-dvojhacek-cerna-koupelny-sanita-cz-43310\/#primaryimage"},"image":{"@id":"https:\/\/www.domtechnikpro.com\/index.php\/produkt\/znackovy-rebecca-dvojhacek-cerna-koupelny-sanita-cz-43310\/#primaryimage"},"thumbnailUrl":"https:\/\/www.domtechnikpro.com\/wp-content\/uploads\/2026\/SK0001855-CZ20260425-092556-0-1777080363-25237_cc023-137417478705478.webp","datePublished":"2026-04-26T08:59:24+00:00","breadcrumb":{"@id":"https:\/\/www.domtechnikpro.com\/index.php\/produkt\/znackovy-rebecca-dvojhacek-cerna-koupelny-sanita-cz-43310\/#breadcrumb"},"inLanguage":"cs","potentialAction":[{"@type":"ReadAction","target":["https:\/\/www.domtechnikpro.com\/index.php\/produkt\/znackovy-rebecca-dvojhacek-cerna-koupelny-sanita-cz-43310\/"]}]},{"@type":"ImageObject","inLanguage":"cs","@id":"https:\/\/www.domtechnikpro.com\/index.php\/produkt\/znackovy-rebecca-dvojhacek-cerna-koupelny-sanita-cz-43310\/#primaryimage","url":"https:\/\/www.domtechnikpro.com\/wp-content\/uploads\/2026\/SK0001855-CZ20260425-092556-0-1777080363-25237_cc023-137417478705478.webp","contentUrl":"https:\/\/www.domtechnikpro.com\/wp-content\/uploads\/2026\/SK0001855-CZ20260425-092556-0-1777080363-25237_cc023-137417478705478.webp","width":1000,"height":750},{"@type":"BreadcrumbList","@id":"https:\/\/www.domtechnikpro.com\/index.php\/produkt\/znackovy-rebecca-dvojhacek-cerna-koupelny-sanita-cz-43310\/#breadcrumb","itemListElement":[{"@type":"ListItem","position":1,"name":"Home","item":"https:\/\/www.domtechnikpro.com\/"},{"@type":"ListItem","position":2,"name":"Products","item":"https:\/\/www.domtechnikpro.com\/index.php\/products\/"},{"@type":"ListItem","position":3,"name":"Zna\u010dkov\u00fd REBECCA dvojh\u00e1\u010dek, \u010dern\u00e1 &#8211; koupelny-sanita.cz"}]},{"@type":"WebSite","@id":"https:\/\/www.domtechnikpro.com\/#website","url":"https:\/\/www.domtechnikpro.com\/","name":"","description":"","potentialAction":[{"@type":"SearchAction","target":{"@type":"EntryPoint","urlTemplate":"https:\/\/www.domtechnikpro.com\/?s={search_term_string}"},"query-input":{"@type":"PropertyValueSpecification","valueRequired":true,"valueName":"search_term_string"}}],"inLanguage":"cs"}]}},"_links":{"self":[{"href":"https:\/\/www.domtechnikpro.com\/index.php\/wp-json\/wp\/v2\/product\/43310","targetHints":{"allow":["GET"]}}],"collection":[{"href":"https:\/\/www.domtechnikpro.com\/index.php\/wp-json\/wp\/v2\/product"}],"about":[{"href":"https:\/\/www.domtechnikpro.com\/index.php\/wp-json\/wp\/v2\/types\/product"}],"replies":[{"embeddable":true,"href":"https:\/\/www.domtechnikpro.com\/index.php\/wp-json\/wp\/v2\/comments?post=43310"}],"wp:featuredmedia":[{"embeddable":true,"href":"https:\/\/www.domtechnikpro.com\/index.php\/wp-json\/wp\/v2\/media\/43410"}],"wp:attachment":[{"href":"https:\/\/www.domtechnikpro.com\/index.php\/wp-json\/wp\/v2\/media?parent=43310"}],"wp:term":[{"taxonomy":"product_brand","embeddable":true,"href":"https:\/\/www.domtechnikpro.com\/index.php\/wp-json\/wp\/v2\/product_brand?post=43310"},{"taxonomy":"product_cat","embeddable":true,"href":"https:\/\/www.domtechnikpro.com\/index.php\/wp-json\/wp\/v2\/product_cat?post=43310"},{"taxonomy":"product_tag","embeddable":true,"href":"https:\/\/www.domtechnikpro.com\/index.php\/wp-json\/wp\/v2\/product_tag?post=43310"}],"curies":[{"name":"wp","href":"https:\/\/api.w.org\/{rel}","templated":true}]}}