{"id":43152,"date":"2026-04-26T08:59:22","date_gmt":"2026-04-26T08:59:22","guid":{"rendered":""},"modified":"2026-04-26T08:59:22","modified_gmt":"2026-04-26T08:59:22","slug":"antea-rucni-sprcha-180mm-mosaz-nikl-koupelny-sanita-cz-oblibeny-43152","status":"publish","type":"product","link":"https:\/\/www.domtechnikpro.com\/produkt\/antea-rucni-sprcha-180mm-mosaz-nikl-koupelny-sanita-cz-oblibeny-43152\/","title":{"rendered":"ANTEA ru\u010dn\u00ed sprcha, 180mm, mosaz\/nikl &#8211; koupelny-sanita.cz Obl\u00edben\u00fd"},"content":{"rendered":"<div class=\"basic-description\">\n<h3>Detailn\u00ed popis produktu<\/h3>\n<p style=\"text-align: justify;\">V&nbsp;retro stylu si dnes m\u016f\u017eete vybavit celou koupelnu po\u010d\u00ednaje nap\u0159\u00edklad touto s\u00e9ri\u00ed p\u0159es vanu Retro, <span>dopl\u0148ky Diamond a\u017e po keramiku Retro nebo Classic. Dojem star\u0161\u00ed patiny m\u016f\u017ee umocnit bronzov\u00e1 povrchov\u00e1 \u00faprava, ve kter\u00e9 takt\u00e9\u017e nab\u00edz\u00edme ve\u0161ker\u00e9 p\u0159\u00edslu\u0161enstv\u00ed. Pro umocn\u011bn\u00ed star\u00fdch \u010das\u016f je v nab\u00eddce i proveden\u00ed v kombinaci chrom\/zlato a r\u016f\u017eov\u00e9 zlato. Novinkou je sprchov\u00fd sloup s masivn\u00ed sprchovou hlavic\u00ed.&nbsp;<\/span><\/p>\n<p style=\"text-align: justify;\"><strong>D\u016fle\u017eit\u00e9 informace k bateri\u00edm ze s\u00e9rie ANTEA<\/strong>V p\u0159\u00edslu\u0161enstv\u00ed naleznete n\u00e1hradn\u00ed keramick\u00fd vr\u0161ek <strong>VIT003<\/strong> k bateri\u00edm Antea dodan\u00fdm <strong>od 10\/2008<\/strong> nebo <strong>VIT004<\/strong> k bateri\u00edm Antea dodan\u00fdm <strong>p\u0159ed 10\/2008<\/strong>.<\/p>\n<p><span>&nbsp; &nbsp;<span>\u017d\u00e1dn\u00e9 dlouh\u00e9 ot\u00e1\u010den\u00ed \u010di regulace &#8211; oto\u010dte o&nbsp;90\u00b0 a je otev\u0159eno<\/span><\/span><\/p>\n<\/p><\/div>\n<div class=\"extended-description\">\n<h3>Dopl\u0148kov\u00e9 parametry<\/h3>\n<table class=\"detail-parameters\">\n<tbody>\n<tr>\n<th>        <span class=\"row-header-label\">            Kategorie<span class=\"row-header-label-colon\">:<\/span>        <\/span>    <\/th>\n<td>            <\/td>\n<\/tr>\n<tr>\n<th>            <span class=\"row-header-label\">                Z\u00e1ruka<span class=\"row-header-label-colon\">:<\/span>            <\/span>        <\/th>\n<td>            24        <\/td>\n<\/tr>\n<tr>\n<th>            <span class=\"row-header-label\">                Hmotnost<span class=\"row-header-label-colon\">:<\/span>            <\/span>        <\/th>\n<td>            0.3 kg        <\/td>\n<\/tr>\n<tr class=\"productEan\">\n<th>          <span class=\"row-header-label productEan__label\">              EAN<span class=\"row-header-label-colon\">:<\/span>          <\/span>      <\/th>\n<td>          <span class=\"productEan__value\">8590913861819<\/span>      <\/td>\n<\/tr>\n<tr>\n<th>                <span class=\"row-header-label\">                                            Balen\u00ed<span class=\"row-header-label-colon\">:<\/span>                                    <\/span>            <\/th>\n<td>                                                            1 ks                                                <\/td>\n<\/tr>\n<tr>\n<th>                <span class=\"row-header-label\">                                            Barva<span class=\"row-header-label-colon\">:<\/span>                                    <\/span>            <\/th>\n<td>                                                            Nikl                                                <\/td>\n<\/tr>\n<tr>\n<th>                <span class=\"row-header-label\">                                            Dostupnost<span class=\"row-header-label-colon\">:<\/span>                                    <\/span>            <\/th>\n<td>                                                            Dod\u00e1n\u00ed do 8 t\u00fddn\u016f                                                <\/td>\n<\/tr>\n<tr>\n<th>                <span class=\"row-header-label\">                                            Funkce sprchy<span class=\"row-header-label-colon\">:<\/span>                                    <\/span>            <\/th>\n<td>                                                            D\u00e9\u0161\u0165                                                <\/td>\n<\/tr>\n<tr>\n<th>                <span class=\"row-header-label\">                                            Materi\u00e1l<span class=\"row-header-label-colon\">:<\/span>                                    <\/span>            <\/th>\n<td>                                                            Mosaz                                                <\/td>\n<\/tr>\n<tr>\n<th>                <span class=\"row-header-label\">                                            Ostatn\u00ed<span class=\"row-header-label-colon\">:<\/span>                                    <\/span>            <\/th>\n<td>                                                            Jedna funkce                                                <\/td>\n<\/tr>\n<tr>\n<th>                <span class=\"row-header-label\">                                            Pr\u016fm\u011br<span class=\"row-header-label-colon\">:<\/span>                                    <\/span>            <\/th>\n<td>                                                            52 mm                                                <\/td>\n<\/tr>\n<tr>\n<th>                <span class=\"row-header-label\">                                            Tvar<span class=\"row-header-label-colon\">:<\/span>                                    <\/span>            <\/th>\n<td>                                                            Retro                                                <\/td>\n<\/tr>\n<tr>\n<th>                <span class=\"row-header-label\">                                            V\u00fd\u0161ka<span class=\"row-header-label-colon\">:<\/span>                                    <\/span>            <\/th>\n<td>                                                            190 mm                                                <\/td>\n<\/tr>\n<tr>\n<th>                <span class=\"row-header-label\">                                            Z\u00e1ruka<span class=\"row-header-label-colon\">:<\/span>                                    <\/span>            <\/th>\n<td>                                                            2 roky                                                <\/td>\n<\/tr>\n<\/tbody>\n<\/table><\/div>\n<\/p><\/div>\n<\/p><\/div>\n","protected":false},"excerpt":{"rendered":"<p>Detailn\u00ed popis produktu V&nbsp;retro stylu si dnes m\u016f\u017eete vybavit celou koupelnu po\u010d\u00ednaje nap\u0159\u00edklad touto s\u00e9ri\u00ed p\u0159es vanu Retro, dopl\u0148ky Diamond a\u017e po keramiku Retro nebo Classic. Dojem star\u0161\u00ed patiny m\u016f\u017ee umocnit bronzov\u00e1 povrchov\u00e1 \u00faprava, ve kter\u00e9 takt\u00e9\u017e nab\u00edz\u00edme ve\u0161ker\u00e9 p\u0159\u00edslu\u0161enstv\u00ed. Pro umocn\u011bn\u00ed star\u00fdch \u010das\u016f je v nab\u00eddce i proveden\u00ed v kombinaci chrom\/zlato a r\u016f\u017eov\u00e9 zlato. [&hellip;]<\/p>\n","protected":false},"featured_media":43252,"comment_status":"open","ping_status":"open","template":"","meta":[],"product_brand":[],"product_cat":[141],"product_tag":[],"class_list":{"0":"post-43152","1":"product","2":"type-product","3":"status-publish","4":"has-post-thumbnail","6":"product_cat-prislusenstvi-do-sprch","8":"first","9":"instock","10":"sale","11":"shipping-taxable","12":"purchasable","13":"product-type-simple"},"yoast_head":"<!-- This site is optimized with the Yoast SEO plugin v26.8 - https:\/\/yoast.com\/product\/yoast-seo-wordpress\/ -->\n<title>ANTEA ru\u010dn\u00ed sprcha, 180mm, mosaz\/nikl - koupelny-sanita.cz Obl\u00edben\u00fd - Pr\u016fmyslov\u00e9 vybaven\u00ed a p\u0159\u00edslu\u0161enstv\u00ed<\/title>\n<meta name=\"robots\" content=\"index, follow, max-snippet:-1, max-image-preview:large, max-video-preview:-1\" \/>\n<link rel=\"canonical\" href=\"https:\/\/www.domtechnikpro.com\/index.php\/produkt\/antea-rucni-sprcha-180mm-mosaz-nikl-koupelny-sanita-cz-oblibeny-43152\/\" \/>\n<meta property=\"og:locale\" content=\"cs_CZ\" \/>\n<meta property=\"og:type\" content=\"article\" \/>\n<meta property=\"og:title\" content=\"ANTEA ru\u010dn\u00ed sprcha, 180mm, mosaz\/nikl - koupelny-sanita.cz Obl\u00edben\u00fd - Pr\u016fmyslov\u00e9 vybaven\u00ed a p\u0159\u00edslu\u0161enstv\u00ed\" \/>\n<meta property=\"og:description\" content=\"Detailn\u00ed popis produktu V&nbsp;retro stylu si dnes m\u016f\u017eete vybavit celou koupelnu po\u010d\u00ednaje nap\u0159\u00edklad touto s\u00e9ri\u00ed p\u0159es vanu Retro, dopl\u0148ky Diamond a\u017e po keramiku Retro nebo Classic. Dojem star\u0161\u00ed patiny m\u016f\u017ee umocnit bronzov\u00e1 povrchov\u00e1 \u00faprava, ve kter\u00e9 takt\u00e9\u017e nab\u00edz\u00edme ve\u0161ker\u00e9 p\u0159\u00edslu\u0161enstv\u00ed. Pro umocn\u011bn\u00ed star\u00fdch \u010das\u016f je v nab\u00eddce i proveden\u00ed v kombinaci chrom\/zlato a r\u016f\u017eov\u00e9 zlato. [&hellip;]\" \/>\n<meta property=\"og:url\" content=\"https:\/\/www.domtechnikpro.com\/index.php\/produkt\/antea-rucni-sprcha-180mm-mosaz-nikl-koupelny-sanita-cz-oblibeny-43152\/\" \/>\n<meta property=\"og:site_name\" content=\"Pr\u016fmyslov\u00e9 vybaven\u00ed a p\u0159\u00edslu\u0161enstv\u00ed\" \/>\n<meta property=\"og:image\" content=\"https:\/\/www.domtechnikpro.com\/wp-content\/uploads\/2026\/SK0001793-CZ20260425-092556-0-1777080363-23503-1_doc28-137417478695106.webp\" \/>\n\t<meta property=\"og:image:width\" content=\"1000\" \/>\n\t<meta property=\"og:image:height\" content=\"750\" \/>\n\t<meta property=\"og:image:type\" content=\"image\/webp\" \/>\n<meta name=\"twitter:card\" content=\"summary_large_image\" \/>\n<meta name=\"twitter:label1\" content=\"Odhadovan\u00e1 doba \u010dten\u00ed\" \/>\n\t<meta name=\"twitter:data1\" content=\"1 minuta\" \/>\n<script type=\"application\/ld+json\" class=\"yoast-schema-graph\">{\"@context\":\"https:\/\/schema.org\",\"@graph\":[{\"@type\":\"WebPage\",\"@id\":\"https:\/\/www.domtechnikpro.com\/index.php\/produkt\/antea-rucni-sprcha-180mm-mosaz-nikl-koupelny-sanita-cz-oblibeny-43152\/\",\"url\":\"https:\/\/www.domtechnikpro.com\/index.php\/produkt\/antea-rucni-sprcha-180mm-mosaz-nikl-koupelny-sanita-cz-oblibeny-43152\/\",\"name\":\"ANTEA ru\u010dn\u00ed sprcha, 180mm, mosaz\/nikl - koupelny-sanita.cz Obl\u00edben\u00fd - Pr\u016fmyslov\u00e9 vybaven\u00ed a p\u0159\u00edslu\u0161enstv\u00ed\",\"isPartOf\":{\"@id\":\"https:\/\/www.domtechnikpro.com\/#website\"},\"primaryImageOfPage\":{\"@id\":\"https:\/\/www.domtechnikpro.com\/index.php\/produkt\/antea-rucni-sprcha-180mm-mosaz-nikl-koupelny-sanita-cz-oblibeny-43152\/#primaryimage\"},\"image\":{\"@id\":\"https:\/\/www.domtechnikpro.com\/index.php\/produkt\/antea-rucni-sprcha-180mm-mosaz-nikl-koupelny-sanita-cz-oblibeny-43152\/#primaryimage\"},\"thumbnailUrl\":\"https:\/\/www.domtechnikpro.com\/wp-content\/uploads\/2026\/SK0001793-CZ20260425-092556-0-1777080363-23503-1_doc28-137417478695106.webp\",\"datePublished\":\"2026-04-26T08:59:22+00:00\",\"breadcrumb\":{\"@id\":\"https:\/\/www.domtechnikpro.com\/index.php\/produkt\/antea-rucni-sprcha-180mm-mosaz-nikl-koupelny-sanita-cz-oblibeny-43152\/#breadcrumb\"},\"inLanguage\":\"cs\",\"potentialAction\":[{\"@type\":\"ReadAction\",\"target\":[\"https:\/\/www.domtechnikpro.com\/index.php\/produkt\/antea-rucni-sprcha-180mm-mosaz-nikl-koupelny-sanita-cz-oblibeny-43152\/\"]}]},{\"@type\":\"ImageObject\",\"inLanguage\":\"cs\",\"@id\":\"https:\/\/www.domtechnikpro.com\/index.php\/produkt\/antea-rucni-sprcha-180mm-mosaz-nikl-koupelny-sanita-cz-oblibeny-43152\/#primaryimage\",\"url\":\"https:\/\/www.domtechnikpro.com\/wp-content\/uploads\/2026\/SK0001793-CZ20260425-092556-0-1777080363-23503-1_doc28-137417478695106.webp\",\"contentUrl\":\"https:\/\/www.domtechnikpro.com\/wp-content\/uploads\/2026\/SK0001793-CZ20260425-092556-0-1777080363-23503-1_doc28-137417478695106.webp\",\"width\":1000,\"height\":750},{\"@type\":\"BreadcrumbList\",\"@id\":\"https:\/\/www.domtechnikpro.com\/index.php\/produkt\/antea-rucni-sprcha-180mm-mosaz-nikl-koupelny-sanita-cz-oblibeny-43152\/#breadcrumb\",\"itemListElement\":[{\"@type\":\"ListItem\",\"position\":1,\"name\":\"Home\",\"item\":\"https:\/\/www.domtechnikpro.com\/\"},{\"@type\":\"ListItem\",\"position\":2,\"name\":\"Products\",\"item\":\"https:\/\/www.domtechnikpro.com\/products\/\"},{\"@type\":\"ListItem\",\"position\":3,\"name\":\"ANTEA ru\u010dn\u00ed sprcha, 180mm, mosaz\/nikl &#8211; koupelny-sanita.cz Obl\u00edben\u00fd\"}]},{\"@type\":\"WebSite\",\"@id\":\"https:\/\/www.domtechnikpro.com\/#website\",\"url\":\"https:\/\/www.domtechnikpro.com\/\",\"name\":\"Pr\u016fmyslov\u00e9 vybaven\u00ed a p\u0159\u00edslu\u0161enstv\u00ed\",\"description\":\"Pr\u016fmyslov\u00e9 vybaven\u00ed a p\u0159\u00edslu\u0161enstv\u00ed\",\"publisher\":{\"@id\":\"https:\/\/www.domtechnikpro.com\/#organization\"},\"potentialAction\":[{\"@type\":\"SearchAction\",\"target\":{\"@type\":\"EntryPoint\",\"urlTemplate\":\"https:\/\/www.domtechnikpro.com\/?s={search_term_string}\"},\"query-input\":{\"@type\":\"PropertyValueSpecification\",\"valueRequired\":true,\"valueName\":\"search_term_string\"}}],\"inLanguage\":\"cs\"},{\"@type\":\"Organization\",\"@id\":\"https:\/\/www.domtechnikpro.com\/#organization\",\"name\":\"Pr\u016fmyslov\u00e9 vybaven\u00ed a p\u0159\u00edslu\u0161enstv\u00ed\",\"url\":\"https:\/\/www.domtechnikpro.com\/\",\"logo\":{\"@type\":\"ImageObject\",\"inLanguage\":\"cs\",\"@id\":\"https:\/\/www.domtechnikpro.com\/#\/schema\/logo\/image\/\",\"url\":\"https:\/\/www.domtechnikpro.com\/wp-content\/uploads\/2026\/04\/domtechnikpro_logo_full.svg\",\"contentUrl\":\"https:\/\/www.domtechnikpro.com\/wp-content\/uploads\/2026\/04\/domtechnikpro_logo_full.svg\",\"width\":920,\"height\":180,\"caption\":\"Pr\u016fmyslov\u00e9 vybaven\u00ed a p\u0159\u00edslu\u0161enstv\u00ed\"},\"image\":{\"@id\":\"https:\/\/www.domtechnikpro.com\/#\/schema\/logo\/image\/\"}}]}<\/script>\n<!-- \/ Yoast SEO plugin. -->","yoast_head_json":{"title":"ANTEA ru\u010dn\u00ed sprcha, 180mm, mosaz\/nikl - koupelny-sanita.cz Obl\u00edben\u00fd - Pr\u016fmyslov\u00e9 vybaven\u00ed a p\u0159\u00edslu\u0161enstv\u00ed","robots":{"index":"index","follow":"follow","max-snippet":"max-snippet:-1","max-image-preview":"max-image-preview:large","max-video-preview":"max-video-preview:-1"},"canonical":"https:\/\/www.domtechnikpro.com\/index.php\/produkt\/antea-rucni-sprcha-180mm-mosaz-nikl-koupelny-sanita-cz-oblibeny-43152\/","og_locale":"cs_CZ","og_type":"article","og_title":"ANTEA ru\u010dn\u00ed sprcha, 180mm, mosaz\/nikl - koupelny-sanita.cz Obl\u00edben\u00fd - Pr\u016fmyslov\u00e9 vybaven\u00ed a p\u0159\u00edslu\u0161enstv\u00ed","og_description":"Detailn\u00ed popis produktu V&nbsp;retro stylu si dnes m\u016f\u017eete vybavit celou koupelnu po\u010d\u00ednaje nap\u0159\u00edklad touto s\u00e9ri\u00ed p\u0159es vanu Retro, dopl\u0148ky Diamond a\u017e po keramiku Retro nebo Classic. Dojem star\u0161\u00ed patiny m\u016f\u017ee umocnit bronzov\u00e1 povrchov\u00e1 \u00faprava, ve kter\u00e9 takt\u00e9\u017e nab\u00edz\u00edme ve\u0161ker\u00e9 p\u0159\u00edslu\u0161enstv\u00ed. Pro umocn\u011bn\u00ed star\u00fdch \u010das\u016f je v nab\u00eddce i proveden\u00ed v kombinaci chrom\/zlato a r\u016f\u017eov\u00e9 zlato. [&hellip;]","og_url":"https:\/\/www.domtechnikpro.com\/index.php\/produkt\/antea-rucni-sprcha-180mm-mosaz-nikl-koupelny-sanita-cz-oblibeny-43152\/","og_site_name":"Pr\u016fmyslov\u00e9 vybaven\u00ed a p\u0159\u00edslu\u0161enstv\u00ed","og_image":[{"width":1000,"height":750,"url":"https:\/\/www.domtechnikpro.com\/wp-content\/uploads\/2026\/SK0001793-CZ20260425-092556-0-1777080363-23503-1_doc28-137417478695106.webp","type":"image\/webp"}],"twitter_card":"summary_large_image","twitter_misc":{"Odhadovan\u00e1 doba \u010dten\u00ed":"1 minuta"},"schema":{"@context":"https:\/\/schema.org","@graph":[{"@type":"WebPage","@id":"https:\/\/www.domtechnikpro.com\/index.php\/produkt\/antea-rucni-sprcha-180mm-mosaz-nikl-koupelny-sanita-cz-oblibeny-43152\/","url":"https:\/\/www.domtechnikpro.com\/index.php\/produkt\/antea-rucni-sprcha-180mm-mosaz-nikl-koupelny-sanita-cz-oblibeny-43152\/","name":"ANTEA ru\u010dn\u00ed sprcha, 180mm, mosaz\/nikl - koupelny-sanita.cz Obl\u00edben\u00fd - Pr\u016fmyslov\u00e9 vybaven\u00ed a p\u0159\u00edslu\u0161enstv\u00ed","isPartOf":{"@id":"https:\/\/www.domtechnikpro.com\/#website"},"primaryImageOfPage":{"@id":"https:\/\/www.domtechnikpro.com\/index.php\/produkt\/antea-rucni-sprcha-180mm-mosaz-nikl-koupelny-sanita-cz-oblibeny-43152\/#primaryimage"},"image":{"@id":"https:\/\/www.domtechnikpro.com\/index.php\/produkt\/antea-rucni-sprcha-180mm-mosaz-nikl-koupelny-sanita-cz-oblibeny-43152\/#primaryimage"},"thumbnailUrl":"https:\/\/www.domtechnikpro.com\/wp-content\/uploads\/2026\/SK0001793-CZ20260425-092556-0-1777080363-23503-1_doc28-137417478695106.webp","datePublished":"2026-04-26T08:59:22+00:00","breadcrumb":{"@id":"https:\/\/www.domtechnikpro.com\/index.php\/produkt\/antea-rucni-sprcha-180mm-mosaz-nikl-koupelny-sanita-cz-oblibeny-43152\/#breadcrumb"},"inLanguage":"cs","potentialAction":[{"@type":"ReadAction","target":["https:\/\/www.domtechnikpro.com\/index.php\/produkt\/antea-rucni-sprcha-180mm-mosaz-nikl-koupelny-sanita-cz-oblibeny-43152\/"]}]},{"@type":"ImageObject","inLanguage":"cs","@id":"https:\/\/www.domtechnikpro.com\/index.php\/produkt\/antea-rucni-sprcha-180mm-mosaz-nikl-koupelny-sanita-cz-oblibeny-43152\/#primaryimage","url":"https:\/\/www.domtechnikpro.com\/wp-content\/uploads\/2026\/SK0001793-CZ20260425-092556-0-1777080363-23503-1_doc28-137417478695106.webp","contentUrl":"https:\/\/www.domtechnikpro.com\/wp-content\/uploads\/2026\/SK0001793-CZ20260425-092556-0-1777080363-23503-1_doc28-137417478695106.webp","width":1000,"height":750},{"@type":"BreadcrumbList","@id":"https:\/\/www.domtechnikpro.com\/index.php\/produkt\/antea-rucni-sprcha-180mm-mosaz-nikl-koupelny-sanita-cz-oblibeny-43152\/#breadcrumb","itemListElement":[{"@type":"ListItem","position":1,"name":"Home","item":"https:\/\/www.domtechnikpro.com\/"},{"@type":"ListItem","position":2,"name":"Products","item":"https:\/\/www.domtechnikpro.com\/products\/"},{"@type":"ListItem","position":3,"name":"ANTEA ru\u010dn\u00ed sprcha, 180mm, mosaz\/nikl &#8211; koupelny-sanita.cz Obl\u00edben\u00fd"}]},{"@type":"WebSite","@id":"https:\/\/www.domtechnikpro.com\/#website","url":"https:\/\/www.domtechnikpro.com\/","name":"Pr\u016fmyslov\u00e9 vybaven\u00ed a p\u0159\u00edslu\u0161enstv\u00ed","description":"Pr\u016fmyslov\u00e9 vybaven\u00ed a p\u0159\u00edslu\u0161enstv\u00ed","publisher":{"@id":"https:\/\/www.domtechnikpro.com\/#organization"},"potentialAction":[{"@type":"SearchAction","target":{"@type":"EntryPoint","urlTemplate":"https:\/\/www.domtechnikpro.com\/?s={search_term_string}"},"query-input":{"@type":"PropertyValueSpecification","valueRequired":true,"valueName":"search_term_string"}}],"inLanguage":"cs"},{"@type":"Organization","@id":"https:\/\/www.domtechnikpro.com\/#organization","name":"Pr\u016fmyslov\u00e9 vybaven\u00ed a p\u0159\u00edslu\u0161enstv\u00ed","url":"https:\/\/www.domtechnikpro.com\/","logo":{"@type":"ImageObject","inLanguage":"cs","@id":"https:\/\/www.domtechnikpro.com\/#\/schema\/logo\/image\/","url":"https:\/\/www.domtechnikpro.com\/wp-content\/uploads\/2026\/04\/domtechnikpro_logo_full.svg","contentUrl":"https:\/\/www.domtechnikpro.com\/wp-content\/uploads\/2026\/04\/domtechnikpro_logo_full.svg","width":920,"height":180,"caption":"Pr\u016fmyslov\u00e9 vybaven\u00ed a p\u0159\u00edslu\u0161enstv\u00ed"},"image":{"@id":"https:\/\/www.domtechnikpro.com\/#\/schema\/logo\/image\/"}}]}},"_links":{"self":[{"href":"https:\/\/www.domtechnikpro.com\/wp-json\/wp\/v2\/product\/43152","targetHints":{"allow":["GET"]}}],"collection":[{"href":"https:\/\/www.domtechnikpro.com\/wp-json\/wp\/v2\/product"}],"about":[{"href":"https:\/\/www.domtechnikpro.com\/wp-json\/wp\/v2\/types\/product"}],"replies":[{"embeddable":true,"href":"https:\/\/www.domtechnikpro.com\/wp-json\/wp\/v2\/comments?post=43152"}],"wp:featuredmedia":[{"embeddable":true,"href":"https:\/\/www.domtechnikpro.com\/wp-json\/wp\/v2\/media\/43252"}],"wp:attachment":[{"href":"https:\/\/www.domtechnikpro.com\/wp-json\/wp\/v2\/media?parent=43152"}],"wp:term":[{"taxonomy":"product_brand","embeddable":true,"href":"https:\/\/www.domtechnikpro.com\/wp-json\/wp\/v2\/product_brand?post=43152"},{"taxonomy":"product_cat","embeddable":true,"href":"https:\/\/www.domtechnikpro.com\/wp-json\/wp\/v2\/product_cat?post=43152"},{"taxonomy":"product_tag","embeddable":true,"href":"https:\/\/www.domtechnikpro.com\/wp-json\/wp\/v2\/product_tag?post=43152"}],"curies":[{"name":"wp","href":"https:\/\/api.w.org\/{rel}","templated":true}]}}