{"id":43111,"date":"2026-04-26T08:59:22","date_gmt":"2026-04-26T08:59:22","guid":{"rendered":""},"modified":"2026-04-26T08:59:22","modified_gmt":"2026-04-26T08:59:22","slug":"led-zrcadlo-slimline-100x70-cm-s-bocnim-osvetlenim-doprava-zdarma-43111","status":"publish","type":"product","link":"https:\/\/www.domtechnikpro.com\/index.php\/produkt\/led-zrcadlo-slimline-100x70-cm-s-bocnim-osvetlenim-doprava-zdarma-43111\/","title":{"rendered":"LED Zrcadlo SLIMLINE 100&#215;70 cm s bo\u010dn\u00edm osv\u011btlen\u00edm Doprava Zdarma"},"content":{"rendered":"<div class=\"basic-description\">\n<h3>Detailn\u00ed popis produktu<\/h3>\n<p>Zrcadlo o rozm\u011brech 100x70x4 cm s <strong>bo\u010dn\u00edm LED osv\u011btlen\u00edm<\/strong> je dokonal\u00fdm spojen\u00edm elegance a prakti\u010dnosti. Jemn\u00e9 a rovnom\u011brn\u00e9 osv\u011btlen\u00ed zajist\u00ed komfort p\u0159i ka\u017edodenn\u00ed p\u00e9\u010di o vzhled. D\u00edky sv\u00fdm rozm\u011br\u016fm se hod\u00ed do r\u016fzn\u00fdch koupelen, kde skv\u011ble podtrhne modern\u00ed styl. Jeho kvalitn\u00ed zpracov\u00e1n\u00ed zaru\u010duje dlouhou \u017eivotnost a snadn\u00e9 pou\u017eit\u00ed.<\/p>\n<h3>Vlastnosti produktu:<\/h3>\n<ul>\n<li><strong>Bo\u010dn\u00ed LED osv\u011btlen\u00ed<\/strong>: Poskytuje rovnom\u011brn\u00e9 a jemn\u00e9 sv\u011btlo, ide\u00e1ln\u00ed pro detailn\u00ed \u00fakony.<\/li>\n<li><strong>Rozm\u011bry 1000 x 700 mm<\/strong>: Praktick\u00e1 velikost pro r\u016fznorod\u00e9 koupelnov\u00e9 prostory.<\/li>\n<li><strong>Tlou\u0161\u0165ka 40 mm<\/strong>: Elegantn\u00ed a minimalistick\u00e9 proveden\u00ed.<\/li>\n<li><strong>Modern\u00ed design<\/strong>: Vhodn\u00fd pro r\u016fzn\u00e9 styly interi\u00e9r\u016f.<\/li>\n<\/ul>\n<h3>V\u00fdhody:<\/h3>\n<ul>\n<li><strong>Kvalitn\u00ed bo\u010dn\u00ed osv\u011btlen\u00ed<\/strong> dod\u00e1v\u00e1 p\u0159\u00edjemn\u00e9 sv\u011btlo bez osln\u011bn\u00ed.&nbsp;<span>Standardn\u00ed denn\u00ed sv\u011btlo 6400 K.<\/span><\/li>\n<li><strong>Jednoduch\u00e9 ovl\u00e1d\u00e1n\u00ed<\/strong>, mechanick\u00fd sp\u00edna\u010d, kter\u00fd je um\u00edst\u011bn na boku zrcadla a nezasahuje tak do p\u0159\u00edm\u00e9ho konceptu designu zrcadla.&nbsp;<\/li>\n<li><strong>Univerz\u00e1ln\u00ed velikost<\/strong>, kter\u00e1 se hod\u00ed do st\u0159edn\u00edch i men\u0161\u00edch koupelen.<\/li>\n<li><strong>Modern\u00ed a elegantn\u00ed vzhled<\/strong>, kter\u00fd vylep\u0161\u00ed estetiku va\u0161eho interi\u00e9ru.<\/li>\n<li><strong>Pohodln\u00e9 p\u0159ipojen\u00ed<\/strong>. Zrcadlo je ze zadn\u00ed \u010d\u00e1sti otev\u0159en\u00e9 a je tak mo\u017en\u00e9 pohodln\u011b p\u0159ipojit do elektrick\u00e9ho syst\u00e9mu.<\/li>\n<li><strong>Jednoduch\u00e1 instalace<\/strong>. Zrcadlo m\u00e1 ze zadn\u00ed strany hlin\u00edkov\u00fd r\u00e1m, kter\u00fd m\u00e1 p\u0159ipraven\u00e9 otvory pro instalaci na ze\u010f. \u0160rouby i hmo\u017edinky jsou sou\u010d\u00e1st\u00ed balen\u00ed. R\u00e1m je od okraje vzd\u00e1len 2,5 cm a nenaru\u0161uje tak design zrcadla a nen\u00ed viditeln\u00fd ani z bo\u010dn\u00edch \u00fahl\u016f. R\u00e1m slou\u017e\u00ed z\u00e1rove\u0148 jako distanc od zdi, pro \u00fa\u010dinn\u011bj\u0161\u00ed chlazen\u00ed nap\u00e1jec\u00edho trafa.<\/li>\n<li><strong>Bezpe\u010dn\u00e9 balen\u00ed<\/strong>. Zrcadlo je baleno do dvojit\u00e9ho kartonu a chr\u00e1n\u011bno tvarovan\u00fdm polystyrenem s pevnou v\u00fdztuhou roh\u016f. Na odrazov\u00e9 \u010d\u00e1sti zrcadla je instalov\u00e1na bezpe\u010dnostn\u00ed f\u00f3lie.<\/li>\n<\/ul><\/div>\n<div class=\"extended-description\">\n<h3>Dopl\u0148kov\u00e9 parametry<\/h3>\n<table class=\"detail-parameters\">\n<tbody>\n<tr>\n<th>        <span class=\"row-header-label\">            Kategorie<span class=\"row-header-label-colon\">:<\/span>        <\/span>    <\/th>\n<td>            <\/td>\n<\/tr>\n<tr>\n<th>            <span class=\"row-header-label\">                Z\u00e1ruka<span class=\"row-header-label-colon\">:<\/span>            <\/span>        <\/th>\n<td>            2 roky        <\/td>\n<\/tr>\n<tr>\n<th>            <span class=\"row-header-label\">                Hmotnost<span class=\"row-header-label-colon\">:<\/span>            <\/span>        <\/th>\n<td>            12 kg        <\/td>\n<\/tr>\n<tr>\n<th>                <span class=\"row-header-label\">                                            Dostupnost<span class=\"row-header-label-colon\">:<\/span>                                    <\/span>            <\/th>\n<td>                                                            Skladem                                                <\/td>\n<\/tr>\n<tr>\n<th>                <span class=\"row-header-label\">                                            Hloubka<span class=\"row-header-label-colon\">:<\/span>                                    <\/span>            <\/th>\n<td>                                                            4 cm                                                <\/td>\n<\/tr>\n<tr>\n<th>                <span class=\"row-header-label\">                                            Kryt\u00ed<span class=\"row-header-label-colon\">:<\/span>                                    <\/span>            <\/th>\n<td>                                                            IP 44                                                <\/td>\n<\/tr>\n<tr>\n<th>                <span class=\"row-header-label\">                                            Objednac\u00ed k\u00f3d<span class=\"row-header-label-colon\">:<\/span>                                    <\/span>            <\/th>\n<td>                                                            BSSMSA70-10                                                <\/td>\n<\/tr>\n<tr>\n<th>                <span class=\"row-header-label\">                                            P\u0159\u00edkon<span class=\"row-header-label-colon\">:<\/span>                                    <\/span>            <\/th>\n<td>                                                            14 W                                                <\/td>\n<\/tr>\n<tr>\n<th>                <span class=\"row-header-label\">                                            Rozm\u011br<span class=\"row-header-label-colon\">:<\/span>                                    <\/span>            <\/th>\n<td>                                                            100 x 70 x4 cm                                                <\/td>\n<\/tr>\n<tr>\n<th>                <span class=\"row-header-label\">                                            Sv\u011bteln\u00fd tok<span class=\"row-header-label-colon\">:<\/span>                                    <\/span>            <\/th>\n<td>                                                            1177 lm                                                <\/td>\n<\/tr>\n<tr>\n<th>                <span class=\"row-header-label\">                                            \u0160\u00ed\u0159ka<span class=\"row-header-label-colon\">:<\/span>                                    <\/span>            <\/th>\n<td>                                                            100 cm                                                <\/td>\n<\/tr>\n<tr>\n<th>                <span class=\"row-header-label\">                                            Teplota barvy sv\u011btla<span class=\"row-header-label-colon\">:<\/span>                                    <\/span>            <\/th>\n<td>                                                            6400 K denn\u00ed b\u00edl\u00e1                                                <\/td>\n<\/tr>\n<tr>\n<th>                <span class=\"row-header-label\">                                            V\u00fdbava<span class=\"row-header-label-colon\">:<\/span>                                    <\/span>            <\/th>\n<td>                                                            LED osv\u011btlen\u00ed                                                <\/td>\n<\/tr>\n<tr>\n<th>                <span class=\"row-header-label\">                                            V\u00fd\u0161ka<span class=\"row-header-label-colon\">:<\/span>                                    <\/span>            <\/th>\n<td>                                                            70 cm                                                <\/td>\n<\/tr>\n<\/tbody>\n<\/table><\/div>\n<\/p><\/div>\n<\/p><\/div>\n","protected":false},"excerpt":{"rendered":"<p>Detailn\u00ed popis produktu Zrcadlo o rozm\u011brech 100x70x4 cm s bo\u010dn\u00edm LED osv\u011btlen\u00edm je dokonal\u00fdm spojen\u00edm elegance a prakti\u010dnosti. Jemn\u00e9 a rovnom\u011brn\u00e9 osv\u011btlen\u00ed zajist\u00ed komfort p\u0159i ka\u017edodenn\u00ed p\u00e9\u010di o vzhled. D\u00edky sv\u00fdm rozm\u011br\u016fm se hod\u00ed do r\u016fzn\u00fdch koupelen, kde skv\u011ble podtrhne modern\u00ed styl. Jeho kvalitn\u00ed zpracov\u00e1n\u00ed zaru\u010duje dlouhou \u017eivotnost a snadn\u00e9 pou\u017eit\u00ed. Vlastnosti produktu: Bo\u010dn\u00ed LED [&hellip;]<\/p>\n","protected":false},"featured_media":43211,"comment_status":"open","ping_status":"open","template":"","meta":[],"product_brand":[],"product_cat":[155],"product_tag":[],"class_list":{"0":"post-43111","1":"product","2":"type-product","3":"status-publish","4":"has-post-thumbnail","6":"product_cat-zrcadla","8":"first","9":"instock","10":"sale","11":"shipping-taxable","12":"purchasable","13":"product-type-simple"},"yoast_head":"<!-- This site is optimized with the Yoast SEO plugin v26.8 - https:\/\/yoast.com\/product\/yoast-seo-wordpress\/ -->\n<title>LED Zrcadlo SLIMLINE 100x70 cm s bo\u010dn\u00edm osv\u011btlen\u00edm Doprava Zdarma -<\/title>\n<meta name=\"robots\" content=\"index, follow, max-snippet:-1, max-image-preview:large, max-video-preview:-1\" \/>\n<link rel=\"canonical\" href=\"https:\/\/www.domtechnikpro.com\/index.php\/produkt\/led-zrcadlo-slimline-100x70-cm-s-bocnim-osvetlenim-doprava-zdarma-43111\/\" \/>\n<meta property=\"og:locale\" content=\"cs_CZ\" \/>\n<meta property=\"og:type\" content=\"article\" \/>\n<meta property=\"og:title\" content=\"LED Zrcadlo SLIMLINE 100x70 cm s bo\u010dn\u00edm osv\u011btlen\u00edm Doprava Zdarma -\" \/>\n<meta property=\"og:description\" content=\"Detailn\u00ed popis produktu Zrcadlo o rozm\u011brech 100x70x4 cm s bo\u010dn\u00edm LED osv\u011btlen\u00edm je dokonal\u00fdm spojen\u00edm elegance a prakti\u010dnosti. Jemn\u00e9 a rovnom\u011brn\u00e9 osv\u011btlen\u00ed zajist\u00ed komfort p\u0159i ka\u017edodenn\u00ed p\u00e9\u010di o vzhled. D\u00edky sv\u00fdm rozm\u011br\u016fm se hod\u00ed do r\u016fzn\u00fdch koupelen, kde skv\u011ble podtrhne modern\u00ed styl. Jeho kvalitn\u00ed zpracov\u00e1n\u00ed zaru\u010duje dlouhou \u017eivotnost a snadn\u00e9 pou\u017eit\u00ed. Vlastnosti produktu: Bo\u010dn\u00ed LED [&hellip;]\" \/>\n<meta property=\"og:url\" content=\"https:\/\/www.domtechnikpro.com\/index.php\/produkt\/led-zrcadlo-slimline-100x70-cm-s-bocnim-osvetlenim-doprava-zdarma-43111\/\" \/>\n<meta property=\"og:image\" content=\"https:\/\/www.domtechnikpro.com\/wp-content\/uploads\/2026\/SK0001751-CZ20260425-092556-0-1777080363-23209_led-zrcadlo-slimline-100x70-cm-s-bocnim-osvetlenim.jp.webp\" \/>\n\t<meta property=\"og:image:width\" content=\"1000\" \/>\n\t<meta property=\"og:image:height\" content=\"750\" \/>\n\t<meta property=\"og:image:type\" content=\"image\/webp\" \/>\n<meta name=\"twitter:card\" content=\"summary_large_image\" \/>\n<meta name=\"twitter:label1\" content=\"Odhadovan\u00e1 doba \u010dten\u00ed\" \/>\n\t<meta name=\"twitter:data1\" content=\"2 minuty\" \/>\n<script type=\"application\/ld+json\" class=\"yoast-schema-graph\">{\"@context\":\"https:\/\/schema.org\",\"@graph\":[{\"@type\":\"WebPage\",\"@id\":\"https:\/\/www.domtechnikpro.com\/index.php\/produkt\/led-zrcadlo-slimline-100x70-cm-s-bocnim-osvetlenim-doprava-zdarma-43111\/\",\"url\":\"https:\/\/www.domtechnikpro.com\/index.php\/produkt\/led-zrcadlo-slimline-100x70-cm-s-bocnim-osvetlenim-doprava-zdarma-43111\/\",\"name\":\"LED Zrcadlo SLIMLINE 100x70 cm s bo\u010dn\u00edm osv\u011btlen\u00edm Doprava Zdarma -\",\"isPartOf\":{\"@id\":\"https:\/\/www.domtechnikpro.com\/#website\"},\"primaryImageOfPage\":{\"@id\":\"https:\/\/www.domtechnikpro.com\/index.php\/produkt\/led-zrcadlo-slimline-100x70-cm-s-bocnim-osvetlenim-doprava-zdarma-43111\/#primaryimage\"},\"image\":{\"@id\":\"https:\/\/www.domtechnikpro.com\/index.php\/produkt\/led-zrcadlo-slimline-100x70-cm-s-bocnim-osvetlenim-doprava-zdarma-43111\/#primaryimage\"},\"thumbnailUrl\":\"https:\/\/www.domtechnikpro.com\/wp-content\/uploads\/2026\/SK0001751-CZ20260425-092556-0-1777080363-23209_led-zrcadlo-slimline-100x70-cm-s-bocnim-osvetlenim.jp.webp\",\"datePublished\":\"2026-04-26T08:59:22+00:00\",\"breadcrumb\":{\"@id\":\"https:\/\/www.domtechnikpro.com\/index.php\/produkt\/led-zrcadlo-slimline-100x70-cm-s-bocnim-osvetlenim-doprava-zdarma-43111\/#breadcrumb\"},\"inLanguage\":\"cs\",\"potentialAction\":[{\"@type\":\"ReadAction\",\"target\":[\"https:\/\/www.domtechnikpro.com\/index.php\/produkt\/led-zrcadlo-slimline-100x70-cm-s-bocnim-osvetlenim-doprava-zdarma-43111\/\"]}]},{\"@type\":\"ImageObject\",\"inLanguage\":\"cs\",\"@id\":\"https:\/\/www.domtechnikpro.com\/index.php\/produkt\/led-zrcadlo-slimline-100x70-cm-s-bocnim-osvetlenim-doprava-zdarma-43111\/#primaryimage\",\"url\":\"https:\/\/www.domtechnikpro.com\/wp-content\/uploads\/2026\/SK0001751-CZ20260425-092556-0-1777080363-23209_led-zrcadlo-slimline-100x70-cm-s-bocnim-osvetlenim.jp.webp\",\"contentUrl\":\"https:\/\/www.domtechnikpro.com\/wp-content\/uploads\/2026\/SK0001751-CZ20260425-092556-0-1777080363-23209_led-zrcadlo-slimline-100x70-cm-s-bocnim-osvetlenim.jp.webp\",\"width\":1000,\"height\":750},{\"@type\":\"BreadcrumbList\",\"@id\":\"https:\/\/www.domtechnikpro.com\/index.php\/produkt\/led-zrcadlo-slimline-100x70-cm-s-bocnim-osvetlenim-doprava-zdarma-43111\/#breadcrumb\",\"itemListElement\":[{\"@type\":\"ListItem\",\"position\":1,\"name\":\"Home\",\"item\":\"https:\/\/www.domtechnikpro.com\/\"},{\"@type\":\"ListItem\",\"position\":2,\"name\":\"Products\",\"item\":\"https:\/\/www.domtechnikpro.com\/index.php\/products\/\"},{\"@type\":\"ListItem\",\"position\":3,\"name\":\"LED Zrcadlo SLIMLINE 100&#215;70 cm s bo\u010dn\u00edm osv\u011btlen\u00edm Doprava Zdarma\"}]},{\"@type\":\"WebSite\",\"@id\":\"https:\/\/www.domtechnikpro.com\/#website\",\"url\":\"https:\/\/www.domtechnikpro.com\/\",\"name\":\"\",\"description\":\"\",\"potentialAction\":[{\"@type\":\"SearchAction\",\"target\":{\"@type\":\"EntryPoint\",\"urlTemplate\":\"https:\/\/www.domtechnikpro.com\/?s={search_term_string}\"},\"query-input\":{\"@type\":\"PropertyValueSpecification\",\"valueRequired\":true,\"valueName\":\"search_term_string\"}}],\"inLanguage\":\"cs\"}]}<\/script>\n<!-- \/ Yoast SEO plugin. -->","yoast_head_json":{"title":"LED Zrcadlo SLIMLINE 100x70 cm s bo\u010dn\u00edm osv\u011btlen\u00edm Doprava Zdarma -","robots":{"index":"index","follow":"follow","max-snippet":"max-snippet:-1","max-image-preview":"max-image-preview:large","max-video-preview":"max-video-preview:-1"},"canonical":"https:\/\/www.domtechnikpro.com\/index.php\/produkt\/led-zrcadlo-slimline-100x70-cm-s-bocnim-osvetlenim-doprava-zdarma-43111\/","og_locale":"cs_CZ","og_type":"article","og_title":"LED Zrcadlo SLIMLINE 100x70 cm s bo\u010dn\u00edm osv\u011btlen\u00edm Doprava Zdarma -","og_description":"Detailn\u00ed popis produktu Zrcadlo o rozm\u011brech 100x70x4 cm s bo\u010dn\u00edm LED osv\u011btlen\u00edm je dokonal\u00fdm spojen\u00edm elegance a prakti\u010dnosti. Jemn\u00e9 a rovnom\u011brn\u00e9 osv\u011btlen\u00ed zajist\u00ed komfort p\u0159i ka\u017edodenn\u00ed p\u00e9\u010di o vzhled. D\u00edky sv\u00fdm rozm\u011br\u016fm se hod\u00ed do r\u016fzn\u00fdch koupelen, kde skv\u011ble podtrhne modern\u00ed styl. Jeho kvalitn\u00ed zpracov\u00e1n\u00ed zaru\u010duje dlouhou \u017eivotnost a snadn\u00e9 pou\u017eit\u00ed. Vlastnosti produktu: Bo\u010dn\u00ed LED [&hellip;]","og_url":"https:\/\/www.domtechnikpro.com\/index.php\/produkt\/led-zrcadlo-slimline-100x70-cm-s-bocnim-osvetlenim-doprava-zdarma-43111\/","og_image":[{"width":1000,"height":750,"url":"https:\/\/www.domtechnikpro.com\/wp-content\/uploads\/2026\/SK0001751-CZ20260425-092556-0-1777080363-23209_led-zrcadlo-slimline-100x70-cm-s-bocnim-osvetlenim.jp.webp","type":"image\/webp"}],"twitter_card":"summary_large_image","twitter_misc":{"Odhadovan\u00e1 doba \u010dten\u00ed":"2 minuty"},"schema":{"@context":"https:\/\/schema.org","@graph":[{"@type":"WebPage","@id":"https:\/\/www.domtechnikpro.com\/index.php\/produkt\/led-zrcadlo-slimline-100x70-cm-s-bocnim-osvetlenim-doprava-zdarma-43111\/","url":"https:\/\/www.domtechnikpro.com\/index.php\/produkt\/led-zrcadlo-slimline-100x70-cm-s-bocnim-osvetlenim-doprava-zdarma-43111\/","name":"LED Zrcadlo SLIMLINE 100x70 cm s bo\u010dn\u00edm osv\u011btlen\u00edm Doprava Zdarma -","isPartOf":{"@id":"https:\/\/www.domtechnikpro.com\/#website"},"primaryImageOfPage":{"@id":"https:\/\/www.domtechnikpro.com\/index.php\/produkt\/led-zrcadlo-slimline-100x70-cm-s-bocnim-osvetlenim-doprava-zdarma-43111\/#primaryimage"},"image":{"@id":"https:\/\/www.domtechnikpro.com\/index.php\/produkt\/led-zrcadlo-slimline-100x70-cm-s-bocnim-osvetlenim-doprava-zdarma-43111\/#primaryimage"},"thumbnailUrl":"https:\/\/www.domtechnikpro.com\/wp-content\/uploads\/2026\/SK0001751-CZ20260425-092556-0-1777080363-23209_led-zrcadlo-slimline-100x70-cm-s-bocnim-osvetlenim.jp.webp","datePublished":"2026-04-26T08:59:22+00:00","breadcrumb":{"@id":"https:\/\/www.domtechnikpro.com\/index.php\/produkt\/led-zrcadlo-slimline-100x70-cm-s-bocnim-osvetlenim-doprava-zdarma-43111\/#breadcrumb"},"inLanguage":"cs","potentialAction":[{"@type":"ReadAction","target":["https:\/\/www.domtechnikpro.com\/index.php\/produkt\/led-zrcadlo-slimline-100x70-cm-s-bocnim-osvetlenim-doprava-zdarma-43111\/"]}]},{"@type":"ImageObject","inLanguage":"cs","@id":"https:\/\/www.domtechnikpro.com\/index.php\/produkt\/led-zrcadlo-slimline-100x70-cm-s-bocnim-osvetlenim-doprava-zdarma-43111\/#primaryimage","url":"https:\/\/www.domtechnikpro.com\/wp-content\/uploads\/2026\/SK0001751-CZ20260425-092556-0-1777080363-23209_led-zrcadlo-slimline-100x70-cm-s-bocnim-osvetlenim.jp.webp","contentUrl":"https:\/\/www.domtechnikpro.com\/wp-content\/uploads\/2026\/SK0001751-CZ20260425-092556-0-1777080363-23209_led-zrcadlo-slimline-100x70-cm-s-bocnim-osvetlenim.jp.webp","width":1000,"height":750},{"@type":"BreadcrumbList","@id":"https:\/\/www.domtechnikpro.com\/index.php\/produkt\/led-zrcadlo-slimline-100x70-cm-s-bocnim-osvetlenim-doprava-zdarma-43111\/#breadcrumb","itemListElement":[{"@type":"ListItem","position":1,"name":"Home","item":"https:\/\/www.domtechnikpro.com\/"},{"@type":"ListItem","position":2,"name":"Products","item":"https:\/\/www.domtechnikpro.com\/index.php\/products\/"},{"@type":"ListItem","position":3,"name":"LED Zrcadlo SLIMLINE 100&#215;70 cm s bo\u010dn\u00edm osv\u011btlen\u00edm Doprava Zdarma"}]},{"@type":"WebSite","@id":"https:\/\/www.domtechnikpro.com\/#website","url":"https:\/\/www.domtechnikpro.com\/","name":"","description":"","potentialAction":[{"@type":"SearchAction","target":{"@type":"EntryPoint","urlTemplate":"https:\/\/www.domtechnikpro.com\/?s={search_term_string}"},"query-input":{"@type":"PropertyValueSpecification","valueRequired":true,"valueName":"search_term_string"}}],"inLanguage":"cs"}]}},"_links":{"self":[{"href":"https:\/\/www.domtechnikpro.com\/index.php\/wp-json\/wp\/v2\/product\/43111","targetHints":{"allow":["GET"]}}],"collection":[{"href":"https:\/\/www.domtechnikpro.com\/index.php\/wp-json\/wp\/v2\/product"}],"about":[{"href":"https:\/\/www.domtechnikpro.com\/index.php\/wp-json\/wp\/v2\/types\/product"}],"replies":[{"embeddable":true,"href":"https:\/\/www.domtechnikpro.com\/index.php\/wp-json\/wp\/v2\/comments?post=43111"}],"wp:featuredmedia":[{"embeddable":true,"href":"https:\/\/www.domtechnikpro.com\/index.php\/wp-json\/wp\/v2\/media\/43211"}],"wp:attachment":[{"href":"https:\/\/www.domtechnikpro.com\/index.php\/wp-json\/wp\/v2\/media?parent=43111"}],"wp:term":[{"taxonomy":"product_brand","embeddable":true,"href":"https:\/\/www.domtechnikpro.com\/index.php\/wp-json\/wp\/v2\/product_brand?post=43111"},{"taxonomy":"product_cat","embeddable":true,"href":"https:\/\/www.domtechnikpro.com\/index.php\/wp-json\/wp\/v2\/product_cat?post=43111"},{"taxonomy":"product_tag","embeddable":true,"href":"https:\/\/www.domtechnikpro.com\/index.php\/wp-json\/wp\/v2\/product_tag?post=43111"}],"curies":[{"name":"wp","href":"https:\/\/api.w.org\/{rel}","templated":true}]}}