{"id":43101,"date":"2026-04-26T08:59:22","date_gmt":"2026-04-26T08:59:22","guid":{"rendered":""},"modified":"2026-04-26T08:59:22","modified_gmt":"2026-04-26T08:59:22","slug":"znackovy-vilma-vanova-zastena-600x1400mm-chrom-leva-sklo-matne-koupelny-sanita-cz-43101","status":"publish","type":"product","link":"https:\/\/www.domtechnikpro.com\/index.php\/produkt\/znackovy-vilma-vanova-zastena-600x1400mm-chrom-leva-sklo-matne-koupelny-sanita-cz-43101\/","title":{"rendered":"Zna\u010dkov\u00fd VILMA vanov\u00e1 z\u00e1st\u011bna 600x1400mm, chrom, lev\u00e1, sklo matn\u00e9 &#8211; koupelny-sanita.cz"},"content":{"rendered":"<div class=\"basic-description\">\n<h3>Detailn\u00ed popis produktu<\/h3>\n<div>\n<p>Vanov\u00e9 z\u00e1st\u011bny jsou elegantn\u00edm a praktick\u00fdm \u0159e\u0161en\u00edm, pokud nechcete nebo nem\u016f\u017eete pou\u017e\u00edt sprchov\u00fd kout.\u00a0<\/p>\n<ul>\n<li>Vanov\u00e1 z\u00e1st\u011bna VILMA umo\u017e\u0148uje oboustrann\u00e9 sklopen\u00ed ke st\u011bn\u011b, tak\u017ee   nep\u0159ek\u00e1\u017e\u00ed. Tuto vlastnost ocen\u00edte i p\u0159i \u00faklidu koupelny.<\/li>\n<li>Instala\u010dn\u00ed proveden\u00ed: na levou stranu vany<\/li>\n<li>St\u011bnov\u00e1 li\u0161ta s oto\u010dn\u00fdm profilem z le\u0161t\u011bn\u00e9ho hlin\u00edku<\/li>\n<li>Spodn\u00ed silikonov\u00e9 t\u011bsn\u011bn\u00ed<\/li>\n<\/ul>\n<\/div><\/div>\n<div class=\"extended-description\">\n<h3>Dopl\u0148kov\u00e9 parametry<\/h3>\n<table class=\"detail-parameters\">\n<tbody>\n<tr>\n<th>        <span class=\"row-header-label\">            Kategorie<span class=\"row-header-label-colon\">:<\/span>        <\/span>    <\/th>\n<td>            <\/td>\n<\/tr>\n<tr>\n<th>            <span class=\"row-header-label\">                Z\u00e1ruka<span class=\"row-header-label-colon\">:<\/span>            <\/span>        <\/th>\n<td>            24        <\/td>\n<\/tr>\n<tr>\n<th>            <span class=\"row-header-label\">                Hmotnost<span class=\"row-header-label-colon\">:<\/span>            <\/span>        <\/th>\n<td>            11 kg        <\/td>\n<\/tr>\n<tr class=\"productEan\">\n<th>          <span class=\"row-header-label productEan__label\">              EAN<span class=\"row-header-label-colon\">:<\/span>          <\/span>      <\/th>\n<td>          <span class=\"productEan__value\">8590913855931<\/span>      <\/td>\n<\/tr>\n<tr>\n<th>                <span class=\"row-header-label\">                                            Balen\u00ed<span class=\"row-header-label-colon\">:<\/span>                                    <\/span>            <\/th>\n<td>                                                            1 ks                                                <\/td>\n<\/tr>\n<tr>\n<th>                <span class=\"row-header-label\">                                            Barva profilu<span class=\"row-header-label-colon\">:<\/span>                                    <\/span>            <\/th>\n<td>                                                            Chrom &#8211; Le\u0161t\u011bn\u00fd hlin\u00edk                                                <\/td>\n<\/tr>\n<tr>\n<th>                <span class=\"row-header-label\">                                            Dostupnost<span class=\"row-header-label-colon\">:<\/span>                                    <\/span>            <\/th>\n<td>                                                            Skladem                                                <\/td>\n<\/tr>\n<tr>\n<th>                <span class=\"row-header-label\">                                            \u0160\u00ed\u0159ka<span class=\"row-header-label-colon\">:<\/span>                                    <\/span>            <\/th>\n<td>                                                            600 mm                                                <\/td>\n<\/tr>\n<tr>\n<th>                <span class=\"row-header-label\">                                            Tlou\u0161\u0165ka skla<span class=\"row-header-label-colon\">:<\/span>                                    <\/span>            <\/th>\n<td>                                                            6 mm                                                <\/td>\n<\/tr>\n<tr>\n<th>                <span class=\"row-header-label\">                                            Typ otev\u00edr\u00e1n\u00ed<span class=\"row-header-label-colon\">:<\/span>                                    <\/span>            <\/th>\n<td>                                                            Otev\u00edrac\u00ed celosklopn\u00e1                                                <\/td>\n<\/tr>\n<tr>\n<th>                <span class=\"row-header-label\">                                            Typ v\u00fdpln\u011b<span class=\"row-header-label-colon\">:<\/span>                                    <\/span>            <\/th>\n<td>                                                            Matn\u00e9 sklo                                                <\/td>\n<\/tr>\n<tr>\n<th>                <span class=\"row-header-label\">                                            V\u00fd\u0161ka<span class=\"row-header-label-colon\">:<\/span>                                    <\/span>            <\/th>\n<td>                                                            1400 mm                                                <\/td>\n<\/tr>\n<tr>\n<th>                <span class=\"row-header-label\">                                            Z\u00e1ruka<span class=\"row-header-label-colon\">:<\/span>                                    <\/span>            <\/th>\n<td>                                                            2 roky                                                <\/td>\n<\/tr>\n<\/tbody>\n<\/table><\/div>\n<\/p><\/div>\n<\/p><\/div>\n","protected":false},"excerpt":{"rendered":"<p>Detailn\u00ed popis produktu Vanov\u00e9 z\u00e1st\u011bny jsou elegantn\u00edm a praktick\u00fdm \u0159e\u0161en\u00edm, pokud nechcete nebo nem\u016f\u017eete pou\u017e\u00edt sprchov\u00fd kout.\u00a0 Vanov\u00e1 z\u00e1st\u011bna VILMA umo\u017e\u0148uje oboustrann\u00e9 sklopen\u00ed ke st\u011bn\u011b, tak\u017ee nep\u0159ek\u00e1\u017e\u00ed. Tuto vlastnost ocen\u00edte i p\u0159i \u00faklidu koupelny. Instala\u010dn\u00ed proveden\u00ed: na levou stranu vany St\u011bnov\u00e1 li\u0161ta s oto\u010dn\u00fdm profilem z le\u0161t\u011bn\u00e9ho hlin\u00edku Spodn\u00ed silikonov\u00e9 t\u011bsn\u011bn\u00ed Dopl\u0148kov\u00e9 parametry Kategorie: Z\u00e1ruka: [&hellip;]<\/p>\n","protected":false},"featured_media":43201,"comment_status":"open","ping_status":"open","template":"","meta":[],"product_brand":[],"product_cat":[158],"product_tag":[],"class_list":{"0":"post-43101","1":"product","2":"type-product","3":"status-publish","4":"has-post-thumbnail","6":"product_cat-vanove-zasteny","8":"first","9":"instock","10":"sale","11":"shipping-taxable","12":"purchasable","13":"product-type-simple"},"yoast_head":"<!-- This site is optimized with the Yoast SEO plugin v26.8 - https:\/\/yoast.com\/product\/yoast-seo-wordpress\/ -->\n<title>Zna\u010dkov\u00fd VILMA vanov\u00e1 z\u00e1st\u011bna 600x1400mm, chrom, lev\u00e1, sklo matn\u00e9 - koupelny-sanita.cz -<\/title>\n<meta name=\"robots\" content=\"index, follow, max-snippet:-1, max-image-preview:large, max-video-preview:-1\" \/>\n<link rel=\"canonical\" href=\"https:\/\/www.domtechnikpro.com\/index.php\/produkt\/znackovy-vilma-vanova-zastena-600x1400mm-chrom-leva-sklo-matne-koupelny-sanita-cz-43101\/\" \/>\n<meta property=\"og:locale\" content=\"cs_CZ\" \/>\n<meta property=\"og:type\" content=\"article\" \/>\n<meta property=\"og:title\" content=\"Zna\u010dkov\u00fd VILMA vanov\u00e1 z\u00e1st\u011bna 600x1400mm, chrom, lev\u00e1, sklo matn\u00e9 - koupelny-sanita.cz -\" \/>\n<meta property=\"og:description\" content=\"Detailn\u00ed popis produktu Vanov\u00e9 z\u00e1st\u011bny jsou elegantn\u00edm a praktick\u00fdm \u0159e\u0161en\u00edm, pokud nechcete nebo nem\u016f\u017eete pou\u017e\u00edt sprchov\u00fd kout.\u00a0 Vanov\u00e1 z\u00e1st\u011bna VILMA umo\u017e\u0148uje oboustrann\u00e9 sklopen\u00ed ke st\u011bn\u011b, tak\u017ee nep\u0159ek\u00e1\u017e\u00ed. Tuto vlastnost ocen\u00edte i p\u0159i \u00faklidu koupelny. Instala\u010dn\u00ed proveden\u00ed: na levou stranu vany St\u011bnov\u00e1 li\u0161ta s oto\u010dn\u00fdm profilem z le\u0161t\u011bn\u00e9ho hlin\u00edku Spodn\u00ed silikonov\u00e9 t\u011bsn\u011bn\u00ed Dopl\u0148kov\u00e9 parametry Kategorie: Z\u00e1ruka: [&hellip;]\" \/>\n<meta property=\"og:url\" content=\"https:\/\/www.domtechnikpro.com\/index.php\/produkt\/znackovy-vilma-vanova-zastena-600x1400mm-chrom-leva-sklo-matne-koupelny-sanita-cz-43101\/\" \/>\n<meta property=\"og:image\" content=\"https:\/\/www.domtechnikpro.com\/wp-content\/uploads\/2026\/SK0001741-CZ20260425-092556-0-1777080363-23083_aq6018l-137417478690693.webp\" \/>\n\t<meta property=\"og:image:width\" content=\"1000\" \/>\n\t<meta property=\"og:image:height\" content=\"750\" \/>\n\t<meta property=\"og:image:type\" content=\"image\/webp\" \/>\n<meta name=\"twitter:card\" content=\"summary_large_image\" \/>\n<meta name=\"twitter:label1\" content=\"Odhadovan\u00e1 doba \u010dten\u00ed\" \/>\n\t<meta name=\"twitter:data1\" content=\"1 minuta\" \/>\n<script type=\"application\/ld+json\" class=\"yoast-schema-graph\">{\"@context\":\"https:\/\/schema.org\",\"@graph\":[{\"@type\":\"WebPage\",\"@id\":\"https:\/\/www.domtechnikpro.com\/index.php\/produkt\/znackovy-vilma-vanova-zastena-600x1400mm-chrom-leva-sklo-matne-koupelny-sanita-cz-43101\/\",\"url\":\"https:\/\/www.domtechnikpro.com\/index.php\/produkt\/znackovy-vilma-vanova-zastena-600x1400mm-chrom-leva-sklo-matne-koupelny-sanita-cz-43101\/\",\"name\":\"Zna\u010dkov\u00fd VILMA vanov\u00e1 z\u00e1st\u011bna 600x1400mm, chrom, lev\u00e1, sklo matn\u00e9 - koupelny-sanita.cz -\",\"isPartOf\":{\"@id\":\"https:\/\/www.domtechnikpro.com\/#website\"},\"primaryImageOfPage\":{\"@id\":\"https:\/\/www.domtechnikpro.com\/index.php\/produkt\/znackovy-vilma-vanova-zastena-600x1400mm-chrom-leva-sklo-matne-koupelny-sanita-cz-43101\/#primaryimage\"},\"image\":{\"@id\":\"https:\/\/www.domtechnikpro.com\/index.php\/produkt\/znackovy-vilma-vanova-zastena-600x1400mm-chrom-leva-sklo-matne-koupelny-sanita-cz-43101\/#primaryimage\"},\"thumbnailUrl\":\"https:\/\/www.domtechnikpro.com\/wp-content\/uploads\/2026\/SK0001741-CZ20260425-092556-0-1777080363-23083_aq6018l-137417478690693.webp\",\"datePublished\":\"2026-04-26T08:59:22+00:00\",\"breadcrumb\":{\"@id\":\"https:\/\/www.domtechnikpro.com\/index.php\/produkt\/znackovy-vilma-vanova-zastena-600x1400mm-chrom-leva-sklo-matne-koupelny-sanita-cz-43101\/#breadcrumb\"},\"inLanguage\":\"cs\",\"potentialAction\":[{\"@type\":\"ReadAction\",\"target\":[\"https:\/\/www.domtechnikpro.com\/index.php\/produkt\/znackovy-vilma-vanova-zastena-600x1400mm-chrom-leva-sklo-matne-koupelny-sanita-cz-43101\/\"]}]},{\"@type\":\"ImageObject\",\"inLanguage\":\"cs\",\"@id\":\"https:\/\/www.domtechnikpro.com\/index.php\/produkt\/znackovy-vilma-vanova-zastena-600x1400mm-chrom-leva-sklo-matne-koupelny-sanita-cz-43101\/#primaryimage\",\"url\":\"https:\/\/www.domtechnikpro.com\/wp-content\/uploads\/2026\/SK0001741-CZ20260425-092556-0-1777080363-23083_aq6018l-137417478690693.webp\",\"contentUrl\":\"https:\/\/www.domtechnikpro.com\/wp-content\/uploads\/2026\/SK0001741-CZ20260425-092556-0-1777080363-23083_aq6018l-137417478690693.webp\",\"width\":1000,\"height\":750},{\"@type\":\"BreadcrumbList\",\"@id\":\"https:\/\/www.domtechnikpro.com\/index.php\/produkt\/znackovy-vilma-vanova-zastena-600x1400mm-chrom-leva-sklo-matne-koupelny-sanita-cz-43101\/#breadcrumb\",\"itemListElement\":[{\"@type\":\"ListItem\",\"position\":1,\"name\":\"Home\",\"item\":\"https:\/\/www.domtechnikpro.com\/\"},{\"@type\":\"ListItem\",\"position\":2,\"name\":\"Products\",\"item\":\"https:\/\/www.domtechnikpro.com\/index.php\/products\/\"},{\"@type\":\"ListItem\",\"position\":3,\"name\":\"Zna\u010dkov\u00fd VILMA vanov\u00e1 z\u00e1st\u011bna 600x1400mm, chrom, lev\u00e1, sklo matn\u00e9 &#8211; koupelny-sanita.cz\"}]},{\"@type\":\"WebSite\",\"@id\":\"https:\/\/www.domtechnikpro.com\/#website\",\"url\":\"https:\/\/www.domtechnikpro.com\/\",\"name\":\"\",\"description\":\"\",\"potentialAction\":[{\"@type\":\"SearchAction\",\"target\":{\"@type\":\"EntryPoint\",\"urlTemplate\":\"https:\/\/www.domtechnikpro.com\/?s={search_term_string}\"},\"query-input\":{\"@type\":\"PropertyValueSpecification\",\"valueRequired\":true,\"valueName\":\"search_term_string\"}}],\"inLanguage\":\"cs\"}]}<\/script>\n<!-- \/ Yoast SEO plugin. -->","yoast_head_json":{"title":"Zna\u010dkov\u00fd VILMA vanov\u00e1 z\u00e1st\u011bna 600x1400mm, chrom, lev\u00e1, sklo matn\u00e9 - koupelny-sanita.cz -","robots":{"index":"index","follow":"follow","max-snippet":"max-snippet:-1","max-image-preview":"max-image-preview:large","max-video-preview":"max-video-preview:-1"},"canonical":"https:\/\/www.domtechnikpro.com\/index.php\/produkt\/znackovy-vilma-vanova-zastena-600x1400mm-chrom-leva-sklo-matne-koupelny-sanita-cz-43101\/","og_locale":"cs_CZ","og_type":"article","og_title":"Zna\u010dkov\u00fd VILMA vanov\u00e1 z\u00e1st\u011bna 600x1400mm, chrom, lev\u00e1, sklo matn\u00e9 - koupelny-sanita.cz -","og_description":"Detailn\u00ed popis produktu Vanov\u00e9 z\u00e1st\u011bny jsou elegantn\u00edm a praktick\u00fdm \u0159e\u0161en\u00edm, pokud nechcete nebo nem\u016f\u017eete pou\u017e\u00edt sprchov\u00fd kout.\u00a0 Vanov\u00e1 z\u00e1st\u011bna VILMA umo\u017e\u0148uje oboustrann\u00e9 sklopen\u00ed ke st\u011bn\u011b, tak\u017ee nep\u0159ek\u00e1\u017e\u00ed. Tuto vlastnost ocen\u00edte i p\u0159i \u00faklidu koupelny. Instala\u010dn\u00ed proveden\u00ed: na levou stranu vany St\u011bnov\u00e1 li\u0161ta s oto\u010dn\u00fdm profilem z le\u0161t\u011bn\u00e9ho hlin\u00edku Spodn\u00ed silikonov\u00e9 t\u011bsn\u011bn\u00ed Dopl\u0148kov\u00e9 parametry Kategorie: Z\u00e1ruka: [&hellip;]","og_url":"https:\/\/www.domtechnikpro.com\/index.php\/produkt\/znackovy-vilma-vanova-zastena-600x1400mm-chrom-leva-sklo-matne-koupelny-sanita-cz-43101\/","og_image":[{"width":1000,"height":750,"url":"https:\/\/www.domtechnikpro.com\/wp-content\/uploads\/2026\/SK0001741-CZ20260425-092556-0-1777080363-23083_aq6018l-137417478690693.webp","type":"image\/webp"}],"twitter_card":"summary_large_image","twitter_misc":{"Odhadovan\u00e1 doba \u010dten\u00ed":"1 minuta"},"schema":{"@context":"https:\/\/schema.org","@graph":[{"@type":"WebPage","@id":"https:\/\/www.domtechnikpro.com\/index.php\/produkt\/znackovy-vilma-vanova-zastena-600x1400mm-chrom-leva-sklo-matne-koupelny-sanita-cz-43101\/","url":"https:\/\/www.domtechnikpro.com\/index.php\/produkt\/znackovy-vilma-vanova-zastena-600x1400mm-chrom-leva-sklo-matne-koupelny-sanita-cz-43101\/","name":"Zna\u010dkov\u00fd VILMA vanov\u00e1 z\u00e1st\u011bna 600x1400mm, chrom, lev\u00e1, sklo matn\u00e9 - koupelny-sanita.cz -","isPartOf":{"@id":"https:\/\/www.domtechnikpro.com\/#website"},"primaryImageOfPage":{"@id":"https:\/\/www.domtechnikpro.com\/index.php\/produkt\/znackovy-vilma-vanova-zastena-600x1400mm-chrom-leva-sklo-matne-koupelny-sanita-cz-43101\/#primaryimage"},"image":{"@id":"https:\/\/www.domtechnikpro.com\/index.php\/produkt\/znackovy-vilma-vanova-zastena-600x1400mm-chrom-leva-sklo-matne-koupelny-sanita-cz-43101\/#primaryimage"},"thumbnailUrl":"https:\/\/www.domtechnikpro.com\/wp-content\/uploads\/2026\/SK0001741-CZ20260425-092556-0-1777080363-23083_aq6018l-137417478690693.webp","datePublished":"2026-04-26T08:59:22+00:00","breadcrumb":{"@id":"https:\/\/www.domtechnikpro.com\/index.php\/produkt\/znackovy-vilma-vanova-zastena-600x1400mm-chrom-leva-sklo-matne-koupelny-sanita-cz-43101\/#breadcrumb"},"inLanguage":"cs","potentialAction":[{"@type":"ReadAction","target":["https:\/\/www.domtechnikpro.com\/index.php\/produkt\/znackovy-vilma-vanova-zastena-600x1400mm-chrom-leva-sklo-matne-koupelny-sanita-cz-43101\/"]}]},{"@type":"ImageObject","inLanguage":"cs","@id":"https:\/\/www.domtechnikpro.com\/index.php\/produkt\/znackovy-vilma-vanova-zastena-600x1400mm-chrom-leva-sklo-matne-koupelny-sanita-cz-43101\/#primaryimage","url":"https:\/\/www.domtechnikpro.com\/wp-content\/uploads\/2026\/SK0001741-CZ20260425-092556-0-1777080363-23083_aq6018l-137417478690693.webp","contentUrl":"https:\/\/www.domtechnikpro.com\/wp-content\/uploads\/2026\/SK0001741-CZ20260425-092556-0-1777080363-23083_aq6018l-137417478690693.webp","width":1000,"height":750},{"@type":"BreadcrumbList","@id":"https:\/\/www.domtechnikpro.com\/index.php\/produkt\/znackovy-vilma-vanova-zastena-600x1400mm-chrom-leva-sklo-matne-koupelny-sanita-cz-43101\/#breadcrumb","itemListElement":[{"@type":"ListItem","position":1,"name":"Home","item":"https:\/\/www.domtechnikpro.com\/"},{"@type":"ListItem","position":2,"name":"Products","item":"https:\/\/www.domtechnikpro.com\/index.php\/products\/"},{"@type":"ListItem","position":3,"name":"Zna\u010dkov\u00fd VILMA vanov\u00e1 z\u00e1st\u011bna 600x1400mm, chrom, lev\u00e1, sklo matn\u00e9 &#8211; koupelny-sanita.cz"}]},{"@type":"WebSite","@id":"https:\/\/www.domtechnikpro.com\/#website","url":"https:\/\/www.domtechnikpro.com\/","name":"","description":"","potentialAction":[{"@type":"SearchAction","target":{"@type":"EntryPoint","urlTemplate":"https:\/\/www.domtechnikpro.com\/?s={search_term_string}"},"query-input":{"@type":"PropertyValueSpecification","valueRequired":true,"valueName":"search_term_string"}}],"inLanguage":"cs"}]}},"_links":{"self":[{"href":"https:\/\/www.domtechnikpro.com\/index.php\/wp-json\/wp\/v2\/product\/43101","targetHints":{"allow":["GET"]}}],"collection":[{"href":"https:\/\/www.domtechnikpro.com\/index.php\/wp-json\/wp\/v2\/product"}],"about":[{"href":"https:\/\/www.domtechnikpro.com\/index.php\/wp-json\/wp\/v2\/types\/product"}],"replies":[{"embeddable":true,"href":"https:\/\/www.domtechnikpro.com\/index.php\/wp-json\/wp\/v2\/comments?post=43101"}],"wp:featuredmedia":[{"embeddable":true,"href":"https:\/\/www.domtechnikpro.com\/index.php\/wp-json\/wp\/v2\/media\/43201"}],"wp:attachment":[{"href":"https:\/\/www.domtechnikpro.com\/index.php\/wp-json\/wp\/v2\/media?parent=43101"}],"wp:term":[{"taxonomy":"product_brand","embeddable":true,"href":"https:\/\/www.domtechnikpro.com\/index.php\/wp-json\/wp\/v2\/product_brand?post=43101"},{"taxonomy":"product_cat","embeddable":true,"href":"https:\/\/www.domtechnikpro.com\/index.php\/wp-json\/wp\/v2\/product_cat?post=43101"},{"taxonomy":"product_tag","embeddable":true,"href":"https:\/\/www.domtechnikpro.com\/index.php\/wp-json\/wp\/v2\/product_tag?post=43101"}],"curies":[{"name":"wp","href":"https:\/\/api.w.org\/{rel}","templated":true}]}}