{"id":42764,"date":"2026-04-26T08:59:17","date_gmt":"2026-04-26T08:59:17","guid":{"rendered":""},"modified":"2026-04-26T08:59:17","modified_gmt":"2026-04-26T08:59:17","slug":"pouze-dnes-sada-koupelnovych-doplnku-kora-davkovac-mydlenka-dozy-na-kartacky-a-tampony-bila-bambus-koupelny-sanita-cz-42764","status":"publish","type":"product","link":"https:\/\/www.domtechnikpro.com\/produkt\/pouze-dnes-sada-koupelnovych-doplnku-kora-davkovac-mydlenka-dozy-na-kartacky-a-tampony-bila-bambus-koupelny-sanita-cz-42764\/","title":{"rendered":"Pouze Dnes Sada koupelnov\u00fdch dopl\u0148k\u016f Kora, d\u00e1vkova\u010d, m\u00fddlenka, d\u00f3zy na kart\u00e1\u010dky a tamp\u00f3ny, b\u00edl\u00e1 \/ bambus &#8211; koupelny-sanita.cz"},"content":{"rendered":"<div class=\"basic-description\">\n<h3>Detailn\u00ed popis produktu<\/h3>\n<p>Proch\u00e1zet se po p\u00eds\u010dit\u00e9 pl\u00e1\u017ei a \u017easnout, nechat si prostupovat teplo t\u011blem i du\u0161\u00ed. Zn\u00e1te ten p\u0159\u00edjemn\u00fd pocit? Spole\u010dn\u011b prom\u011bn\u00edme va\u0161e domovy s&nbsp;novou s\u00e9ri\u00ed KORA. Jednoduchou, p\u0159esto v dokonal\u00fdch lini\u00edch. Ve sv\u011btle sv\u00ed\u010dek a za doprovodu p\u0159\u00edjemn\u00e9 hudby prom\u011bn\u00ed KORA koupelnu na jedine\u010dnou o\u00e1zu klidu a bla\u017eenosti.<\/p>\n<p>Materi\u00e1l: polyresin, bambusov\u00e9 d\u0159evo, pumpi\u010dka plastov\u00e1-b\u00edl\u00e1<\/p>\n<p class=\"description\">V sad\u011b d\u00e1vkova\u010d, m\u00fddlenka, d\u00f3za na kart\u00e1\u010dky a d\u00f3za na tamp\u00f3ny. Barva b\u00edl\u00e1. Materi\u00e1l polyresin, bambusov\u00e9 d\u0159evo. Obsah d\u00e1vkova\u010de 270 ml.<\/p>\n<p><span class=\"variation\">Barva\/\u00faprava: B\u00edl\u00e1<\/span><\/p>\n<\/p><\/div>\n<div class=\"extended-description\">\n<h3>Dopl\u0148kov\u00e9 parametry<\/h3>\n<table class=\"detail-parameters\">\n<tbody>\n<tr>\n<th>        <span class=\"row-header-label\">            Kategorie<span class=\"row-header-label-colon\">:<\/span>        <\/span>    <\/th>\n<td>            <\/td>\n<\/tr>\n<tr>\n<th>            <span class=\"row-header-label\">                Z\u00e1ruka<span class=\"row-header-label-colon\">:<\/span>            <\/span>        <\/th>\n<td>            24m        <\/td>\n<\/tr>\n<tr>\n<th>            <span class=\"row-header-label\">                Hmotnost<span class=\"row-header-label-colon\">:<\/span>            <\/span>        <\/th>\n<td>            0.6 kg        <\/td>\n<\/tr>\n<\/tbody>\n<\/table><\/div>\n<\/p><\/div>\n<\/p><\/div>\n","protected":false},"excerpt":{"rendered":"<p>Detailn\u00ed popis produktu Proch\u00e1zet se po p\u00eds\u010dit\u00e9 pl\u00e1\u017ei a \u017easnout, nechat si prostupovat teplo t\u011blem i du\u0161\u00ed. Zn\u00e1te ten p\u0159\u00edjemn\u00fd pocit? Spole\u010dn\u011b prom\u011bn\u00edme va\u0161e domovy s&nbsp;novou s\u00e9ri\u00ed KORA. Jednoduchou, p\u0159esto v dokonal\u00fdch lini\u00edch. Ve sv\u011btle sv\u00ed\u010dek a za doprovodu p\u0159\u00edjemn\u00e9 hudby prom\u011bn\u00ed KORA koupelnu na jedine\u010dnou o\u00e1zu klidu a bla\u017eenosti. Materi\u00e1l: polyresin, bambusov\u00e9 d\u0159evo, pumpi\u010dka [&hellip;]<\/p>\n","protected":false},"featured_media":42864,"comment_status":"open","ping_status":"open","template":"","meta":[],"product_brand":[],"product_cat":[140],"product_tag":[],"class_list":{"0":"post-42764","1":"product","2":"type-product","3":"status-publish","4":"has-post-thumbnail","6":"product_cat-koupelnove-doplnky","8":"first","9":"instock","10":"sale","11":"shipping-taxable","12":"purchasable","13":"product-type-simple"},"yoast_head":"<!-- This site is optimized with the Yoast SEO plugin v26.8 - https:\/\/yoast.com\/product\/yoast-seo-wordpress\/ -->\n<title>Pouze Dnes Sada koupelnov\u00fdch dopl\u0148k\u016f Kora, d\u00e1vkova\u010d, m\u00fddlenka, d\u00f3zy na kart\u00e1\u010dky a tamp\u00f3ny, b\u00edl\u00e1 \/ bambus - koupelny-sanita.cz - Pr\u016fmyslov\u00e9 vybaven\u00ed a p\u0159\u00edslu\u0161enstv\u00ed<\/title>\n<meta name=\"robots\" content=\"index, follow, max-snippet:-1, max-image-preview:large, max-video-preview:-1\" \/>\n<link rel=\"canonical\" href=\"https:\/\/www.domtechnikpro.com\/index.php\/produkt\/pouze-dnes-sada-koupelnovych-doplnku-kora-davkovac-mydlenka-dozy-na-kartacky-a-tampony-bila-bambus-koupelny-sanita-cz-42764\/\" \/>\n<meta property=\"og:locale\" content=\"cs_CZ\" \/>\n<meta property=\"og:type\" content=\"article\" \/>\n<meta property=\"og:title\" content=\"Pouze Dnes Sada koupelnov\u00fdch dopl\u0148k\u016f Kora, d\u00e1vkova\u010d, m\u00fddlenka, d\u00f3zy na kart\u00e1\u010dky a tamp\u00f3ny, b\u00edl\u00e1 \/ bambus - koupelny-sanita.cz - Pr\u016fmyslov\u00e9 vybaven\u00ed a p\u0159\u00edslu\u0161enstv\u00ed\" \/>\n<meta property=\"og:description\" content=\"Detailn\u00ed popis produktu Proch\u00e1zet se po p\u00eds\u010dit\u00e9 pl\u00e1\u017ei a \u017easnout, nechat si prostupovat teplo t\u011blem i du\u0161\u00ed. Zn\u00e1te ten p\u0159\u00edjemn\u00fd pocit? Spole\u010dn\u011b prom\u011bn\u00edme va\u0161e domovy s&nbsp;novou s\u00e9ri\u00ed KORA. Jednoduchou, p\u0159esto v dokonal\u00fdch lini\u00edch. Ve sv\u011btle sv\u00ed\u010dek a za doprovodu p\u0159\u00edjemn\u00e9 hudby prom\u011bn\u00ed KORA koupelnu na jedine\u010dnou o\u00e1zu klidu a bla\u017eenosti. Materi\u00e1l: polyresin, bambusov\u00e9 d\u0159evo, pumpi\u010dka [&hellip;]\" \/>\n<meta property=\"og:url\" content=\"https:\/\/www.domtechnikpro.com\/index.php\/produkt\/pouze-dnes-sada-koupelnovych-doplnku-kora-davkovac-mydlenka-dozy-na-kartacky-a-tampony-bila-bambus-koupelny-sanita-cz-42764\/\" \/>\n<meta property=\"og:site_name\" content=\"Pr\u016fmyslov\u00e9 vybaven\u00ed a p\u0159\u00edslu\u0161enstv\u00ed\" \/>\n<meta property=\"og:image\" content=\"https:\/\/www.domtechnikpro.com\/wp-content\/uploads\/2026\/SK0001597-CZ20260425-092556-0-1777080363-21484_sada-koupelnovych-doplnku-kora--davkovac--mydlenka--d.webp\" \/>\n\t<meta property=\"og:image:width\" content=\"1000\" \/>\n\t<meta property=\"og:image:height\" content=\"750\" \/>\n\t<meta property=\"og:image:type\" content=\"image\/webp\" \/>\n<meta name=\"twitter:card\" content=\"summary_large_image\" \/>\n<meta name=\"twitter:label1\" content=\"Odhadovan\u00e1 doba \u010dten\u00ed\" \/>\n\t<meta name=\"twitter:data1\" content=\"1 minuta\" \/>\n<script type=\"application\/ld+json\" class=\"yoast-schema-graph\">{\"@context\":\"https:\/\/schema.org\",\"@graph\":[{\"@type\":\"WebPage\",\"@id\":\"https:\/\/www.domtechnikpro.com\/index.php\/produkt\/pouze-dnes-sada-koupelnovych-doplnku-kora-davkovac-mydlenka-dozy-na-kartacky-a-tampony-bila-bambus-koupelny-sanita-cz-42764\/\",\"url\":\"https:\/\/www.domtechnikpro.com\/index.php\/produkt\/pouze-dnes-sada-koupelnovych-doplnku-kora-davkovac-mydlenka-dozy-na-kartacky-a-tampony-bila-bambus-koupelny-sanita-cz-42764\/\",\"name\":\"Pouze Dnes Sada koupelnov\u00fdch dopl\u0148k\u016f Kora, d\u00e1vkova\u010d, m\u00fddlenka, d\u00f3zy na kart\u00e1\u010dky a tamp\u00f3ny, b\u00edl\u00e1 \/ bambus - koupelny-sanita.cz - Pr\u016fmyslov\u00e9 vybaven\u00ed a p\u0159\u00edslu\u0161enstv\u00ed\",\"isPartOf\":{\"@id\":\"https:\/\/www.domtechnikpro.com\/#website\"},\"primaryImageOfPage\":{\"@id\":\"https:\/\/www.domtechnikpro.com\/index.php\/produkt\/pouze-dnes-sada-koupelnovych-doplnku-kora-davkovac-mydlenka-dozy-na-kartacky-a-tampony-bila-bambus-koupelny-sanita-cz-42764\/#primaryimage\"},\"image\":{\"@id\":\"https:\/\/www.domtechnikpro.com\/index.php\/produkt\/pouze-dnes-sada-koupelnovych-doplnku-kora-davkovac-mydlenka-dozy-na-kartacky-a-tampony-bila-bambus-koupelny-sanita-cz-42764\/#primaryimage\"},\"thumbnailUrl\":\"https:\/\/www.domtechnikpro.com\/wp-content\/uploads\/2026\/SK0001597-CZ20260425-092556-0-1777080363-21484_sada-koupelnovych-doplnku-kora--davkovac--mydlenka--d.webp\",\"datePublished\":\"2026-04-26T08:59:17+00:00\",\"breadcrumb\":{\"@id\":\"https:\/\/www.domtechnikpro.com\/index.php\/produkt\/pouze-dnes-sada-koupelnovych-doplnku-kora-davkovac-mydlenka-dozy-na-kartacky-a-tampony-bila-bambus-koupelny-sanita-cz-42764\/#breadcrumb\"},\"inLanguage\":\"cs\",\"potentialAction\":[{\"@type\":\"ReadAction\",\"target\":[\"https:\/\/www.domtechnikpro.com\/index.php\/produkt\/pouze-dnes-sada-koupelnovych-doplnku-kora-davkovac-mydlenka-dozy-na-kartacky-a-tampony-bila-bambus-koupelny-sanita-cz-42764\/\"]}]},{\"@type\":\"ImageObject\",\"inLanguage\":\"cs\",\"@id\":\"https:\/\/www.domtechnikpro.com\/index.php\/produkt\/pouze-dnes-sada-koupelnovych-doplnku-kora-davkovac-mydlenka-dozy-na-kartacky-a-tampony-bila-bambus-koupelny-sanita-cz-42764\/#primaryimage\",\"url\":\"https:\/\/www.domtechnikpro.com\/wp-content\/uploads\/2026\/SK0001597-CZ20260425-092556-0-1777080363-21484_sada-koupelnovych-doplnku-kora--davkovac--mydlenka--d.webp\",\"contentUrl\":\"https:\/\/www.domtechnikpro.com\/wp-content\/uploads\/2026\/SK0001597-CZ20260425-092556-0-1777080363-21484_sada-koupelnovych-doplnku-kora--davkovac--mydlenka--d.webp\",\"width\":1000,\"height\":750},{\"@type\":\"BreadcrumbList\",\"@id\":\"https:\/\/www.domtechnikpro.com\/index.php\/produkt\/pouze-dnes-sada-koupelnovych-doplnku-kora-davkovac-mydlenka-dozy-na-kartacky-a-tampony-bila-bambus-koupelny-sanita-cz-42764\/#breadcrumb\",\"itemListElement\":[{\"@type\":\"ListItem\",\"position\":1,\"name\":\"Home\",\"item\":\"https:\/\/www.domtechnikpro.com\/\"},{\"@type\":\"ListItem\",\"position\":2,\"name\":\"Products\",\"item\":\"https:\/\/www.domtechnikpro.com\/products\/\"},{\"@type\":\"ListItem\",\"position\":3,\"name\":\"Pouze Dnes Sada koupelnov\u00fdch dopl\u0148k\u016f Kora, d\u00e1vkova\u010d, m\u00fddlenka, d\u00f3zy na kart\u00e1\u010dky a tamp\u00f3ny, b\u00edl\u00e1 \/ bambus &#8211; koupelny-sanita.cz\"}]},{\"@type\":\"WebSite\",\"@id\":\"https:\/\/www.domtechnikpro.com\/#website\",\"url\":\"https:\/\/www.domtechnikpro.com\/\",\"name\":\"Pr\u016fmyslov\u00e9 vybaven\u00ed a p\u0159\u00edslu\u0161enstv\u00ed\",\"description\":\"Pr\u016fmyslov\u00e9 vybaven\u00ed a p\u0159\u00edslu\u0161enstv\u00ed\",\"publisher\":{\"@id\":\"https:\/\/www.domtechnikpro.com\/#organization\"},\"potentialAction\":[{\"@type\":\"SearchAction\",\"target\":{\"@type\":\"EntryPoint\",\"urlTemplate\":\"https:\/\/www.domtechnikpro.com\/?s={search_term_string}\"},\"query-input\":{\"@type\":\"PropertyValueSpecification\",\"valueRequired\":true,\"valueName\":\"search_term_string\"}}],\"inLanguage\":\"cs\"},{\"@type\":\"Organization\",\"@id\":\"https:\/\/www.domtechnikpro.com\/#organization\",\"name\":\"Pr\u016fmyslov\u00e9 vybaven\u00ed a p\u0159\u00edslu\u0161enstv\u00ed\",\"url\":\"https:\/\/www.domtechnikpro.com\/\",\"logo\":{\"@type\":\"ImageObject\",\"inLanguage\":\"cs\",\"@id\":\"https:\/\/www.domtechnikpro.com\/#\/schema\/logo\/image\/\",\"url\":\"https:\/\/www.domtechnikpro.com\/wp-content\/uploads\/2026\/04\/domtechnikpro_logo_full.svg\",\"contentUrl\":\"https:\/\/www.domtechnikpro.com\/wp-content\/uploads\/2026\/04\/domtechnikpro_logo_full.svg\",\"width\":920,\"height\":180,\"caption\":\"Pr\u016fmyslov\u00e9 vybaven\u00ed a p\u0159\u00edslu\u0161enstv\u00ed\"},\"image\":{\"@id\":\"https:\/\/www.domtechnikpro.com\/#\/schema\/logo\/image\/\"}}]}<\/script>\n<!-- \/ Yoast SEO plugin. -->","yoast_head_json":{"title":"Pouze Dnes Sada koupelnov\u00fdch dopl\u0148k\u016f Kora, d\u00e1vkova\u010d, m\u00fddlenka, d\u00f3zy na kart\u00e1\u010dky a tamp\u00f3ny, b\u00edl\u00e1 \/ bambus - koupelny-sanita.cz - Pr\u016fmyslov\u00e9 vybaven\u00ed a p\u0159\u00edslu\u0161enstv\u00ed","robots":{"index":"index","follow":"follow","max-snippet":"max-snippet:-1","max-image-preview":"max-image-preview:large","max-video-preview":"max-video-preview:-1"},"canonical":"https:\/\/www.domtechnikpro.com\/index.php\/produkt\/pouze-dnes-sada-koupelnovych-doplnku-kora-davkovac-mydlenka-dozy-na-kartacky-a-tampony-bila-bambus-koupelny-sanita-cz-42764\/","og_locale":"cs_CZ","og_type":"article","og_title":"Pouze Dnes Sada koupelnov\u00fdch dopl\u0148k\u016f Kora, d\u00e1vkova\u010d, m\u00fddlenka, d\u00f3zy na kart\u00e1\u010dky a tamp\u00f3ny, b\u00edl\u00e1 \/ bambus - koupelny-sanita.cz - Pr\u016fmyslov\u00e9 vybaven\u00ed a p\u0159\u00edslu\u0161enstv\u00ed","og_description":"Detailn\u00ed popis produktu Proch\u00e1zet se po p\u00eds\u010dit\u00e9 pl\u00e1\u017ei a \u017easnout, nechat si prostupovat teplo t\u011blem i du\u0161\u00ed. Zn\u00e1te ten p\u0159\u00edjemn\u00fd pocit? Spole\u010dn\u011b prom\u011bn\u00edme va\u0161e domovy s&nbsp;novou s\u00e9ri\u00ed KORA. Jednoduchou, p\u0159esto v dokonal\u00fdch lini\u00edch. Ve sv\u011btle sv\u00ed\u010dek a za doprovodu p\u0159\u00edjemn\u00e9 hudby prom\u011bn\u00ed KORA koupelnu na jedine\u010dnou o\u00e1zu klidu a bla\u017eenosti. Materi\u00e1l: polyresin, bambusov\u00e9 d\u0159evo, pumpi\u010dka [&hellip;]","og_url":"https:\/\/www.domtechnikpro.com\/index.php\/produkt\/pouze-dnes-sada-koupelnovych-doplnku-kora-davkovac-mydlenka-dozy-na-kartacky-a-tampony-bila-bambus-koupelny-sanita-cz-42764\/","og_site_name":"Pr\u016fmyslov\u00e9 vybaven\u00ed a p\u0159\u00edslu\u0161enstv\u00ed","og_image":[{"width":1000,"height":750,"url":"https:\/\/www.domtechnikpro.com\/wp-content\/uploads\/2026\/SK0001597-CZ20260425-092556-0-1777080363-21484_sada-koupelnovych-doplnku-kora--davkovac--mydlenka--d.webp","type":"image\/webp"}],"twitter_card":"summary_large_image","twitter_misc":{"Odhadovan\u00e1 doba \u010dten\u00ed":"1 minuta"},"schema":{"@context":"https:\/\/schema.org","@graph":[{"@type":"WebPage","@id":"https:\/\/www.domtechnikpro.com\/index.php\/produkt\/pouze-dnes-sada-koupelnovych-doplnku-kora-davkovac-mydlenka-dozy-na-kartacky-a-tampony-bila-bambus-koupelny-sanita-cz-42764\/","url":"https:\/\/www.domtechnikpro.com\/index.php\/produkt\/pouze-dnes-sada-koupelnovych-doplnku-kora-davkovac-mydlenka-dozy-na-kartacky-a-tampony-bila-bambus-koupelny-sanita-cz-42764\/","name":"Pouze Dnes Sada koupelnov\u00fdch dopl\u0148k\u016f Kora, d\u00e1vkova\u010d, m\u00fddlenka, d\u00f3zy na kart\u00e1\u010dky a tamp\u00f3ny, b\u00edl\u00e1 \/ bambus - koupelny-sanita.cz - Pr\u016fmyslov\u00e9 vybaven\u00ed a p\u0159\u00edslu\u0161enstv\u00ed","isPartOf":{"@id":"https:\/\/www.domtechnikpro.com\/#website"},"primaryImageOfPage":{"@id":"https:\/\/www.domtechnikpro.com\/index.php\/produkt\/pouze-dnes-sada-koupelnovych-doplnku-kora-davkovac-mydlenka-dozy-na-kartacky-a-tampony-bila-bambus-koupelny-sanita-cz-42764\/#primaryimage"},"image":{"@id":"https:\/\/www.domtechnikpro.com\/index.php\/produkt\/pouze-dnes-sada-koupelnovych-doplnku-kora-davkovac-mydlenka-dozy-na-kartacky-a-tampony-bila-bambus-koupelny-sanita-cz-42764\/#primaryimage"},"thumbnailUrl":"https:\/\/www.domtechnikpro.com\/wp-content\/uploads\/2026\/SK0001597-CZ20260425-092556-0-1777080363-21484_sada-koupelnovych-doplnku-kora--davkovac--mydlenka--d.webp","datePublished":"2026-04-26T08:59:17+00:00","breadcrumb":{"@id":"https:\/\/www.domtechnikpro.com\/index.php\/produkt\/pouze-dnes-sada-koupelnovych-doplnku-kora-davkovac-mydlenka-dozy-na-kartacky-a-tampony-bila-bambus-koupelny-sanita-cz-42764\/#breadcrumb"},"inLanguage":"cs","potentialAction":[{"@type":"ReadAction","target":["https:\/\/www.domtechnikpro.com\/index.php\/produkt\/pouze-dnes-sada-koupelnovych-doplnku-kora-davkovac-mydlenka-dozy-na-kartacky-a-tampony-bila-bambus-koupelny-sanita-cz-42764\/"]}]},{"@type":"ImageObject","inLanguage":"cs","@id":"https:\/\/www.domtechnikpro.com\/index.php\/produkt\/pouze-dnes-sada-koupelnovych-doplnku-kora-davkovac-mydlenka-dozy-na-kartacky-a-tampony-bila-bambus-koupelny-sanita-cz-42764\/#primaryimage","url":"https:\/\/www.domtechnikpro.com\/wp-content\/uploads\/2026\/SK0001597-CZ20260425-092556-0-1777080363-21484_sada-koupelnovych-doplnku-kora--davkovac--mydlenka--d.webp","contentUrl":"https:\/\/www.domtechnikpro.com\/wp-content\/uploads\/2026\/SK0001597-CZ20260425-092556-0-1777080363-21484_sada-koupelnovych-doplnku-kora--davkovac--mydlenka--d.webp","width":1000,"height":750},{"@type":"BreadcrumbList","@id":"https:\/\/www.domtechnikpro.com\/index.php\/produkt\/pouze-dnes-sada-koupelnovych-doplnku-kora-davkovac-mydlenka-dozy-na-kartacky-a-tampony-bila-bambus-koupelny-sanita-cz-42764\/#breadcrumb","itemListElement":[{"@type":"ListItem","position":1,"name":"Home","item":"https:\/\/www.domtechnikpro.com\/"},{"@type":"ListItem","position":2,"name":"Products","item":"https:\/\/www.domtechnikpro.com\/products\/"},{"@type":"ListItem","position":3,"name":"Pouze Dnes Sada koupelnov\u00fdch dopl\u0148k\u016f Kora, d\u00e1vkova\u010d, m\u00fddlenka, d\u00f3zy na kart\u00e1\u010dky a tamp\u00f3ny, b\u00edl\u00e1 \/ bambus &#8211; koupelny-sanita.cz"}]},{"@type":"WebSite","@id":"https:\/\/www.domtechnikpro.com\/#website","url":"https:\/\/www.domtechnikpro.com\/","name":"Pr\u016fmyslov\u00e9 vybaven\u00ed a p\u0159\u00edslu\u0161enstv\u00ed","description":"Pr\u016fmyslov\u00e9 vybaven\u00ed a p\u0159\u00edslu\u0161enstv\u00ed","publisher":{"@id":"https:\/\/www.domtechnikpro.com\/#organization"},"potentialAction":[{"@type":"SearchAction","target":{"@type":"EntryPoint","urlTemplate":"https:\/\/www.domtechnikpro.com\/?s={search_term_string}"},"query-input":{"@type":"PropertyValueSpecification","valueRequired":true,"valueName":"search_term_string"}}],"inLanguage":"cs"},{"@type":"Organization","@id":"https:\/\/www.domtechnikpro.com\/#organization","name":"Pr\u016fmyslov\u00e9 vybaven\u00ed a p\u0159\u00edslu\u0161enstv\u00ed","url":"https:\/\/www.domtechnikpro.com\/","logo":{"@type":"ImageObject","inLanguage":"cs","@id":"https:\/\/www.domtechnikpro.com\/#\/schema\/logo\/image\/","url":"https:\/\/www.domtechnikpro.com\/wp-content\/uploads\/2026\/04\/domtechnikpro_logo_full.svg","contentUrl":"https:\/\/www.domtechnikpro.com\/wp-content\/uploads\/2026\/04\/domtechnikpro_logo_full.svg","width":920,"height":180,"caption":"Pr\u016fmyslov\u00e9 vybaven\u00ed a p\u0159\u00edslu\u0161enstv\u00ed"},"image":{"@id":"https:\/\/www.domtechnikpro.com\/#\/schema\/logo\/image\/"}}]}},"_links":{"self":[{"href":"https:\/\/www.domtechnikpro.com\/wp-json\/wp\/v2\/product\/42764","targetHints":{"allow":["GET"]}}],"collection":[{"href":"https:\/\/www.domtechnikpro.com\/wp-json\/wp\/v2\/product"}],"about":[{"href":"https:\/\/www.domtechnikpro.com\/wp-json\/wp\/v2\/types\/product"}],"replies":[{"embeddable":true,"href":"https:\/\/www.domtechnikpro.com\/wp-json\/wp\/v2\/comments?post=42764"}],"wp:featuredmedia":[{"embeddable":true,"href":"https:\/\/www.domtechnikpro.com\/wp-json\/wp\/v2\/media\/42864"}],"wp:attachment":[{"href":"https:\/\/www.domtechnikpro.com\/wp-json\/wp\/v2\/media?parent=42764"}],"wp:term":[{"taxonomy":"product_brand","embeddable":true,"href":"https:\/\/www.domtechnikpro.com\/wp-json\/wp\/v2\/product_brand?post=42764"},{"taxonomy":"product_cat","embeddable":true,"href":"https:\/\/www.domtechnikpro.com\/wp-json\/wp\/v2\/product_cat?post=42764"},{"taxonomy":"product_tag","embeddable":true,"href":"https:\/\/www.domtechnikpro.com\/wp-json\/wp\/v2\/product_tag?post=42764"}],"curies":[{"name":"wp","href":"https:\/\/api.w.org\/{rel}","templated":true}]}}