{"id":42762,"date":"2026-04-26T08:59:17","date_gmt":"2026-04-26T08:59:17","guid":{"rendered":""},"modified":"2026-04-26T08:59:17","modified_gmt":"2026-04-26T08:59:17","slug":"hlavova-sprcha-easy-clean-300x300x2mm-koupelny-sanita-cz-aktualni-42762","status":"publish","type":"product","link":"https:\/\/www.domtechnikpro.com\/index.php\/produkt\/hlavova-sprcha-easy-clean-300x300x2mm-koupelny-sanita-cz-aktualni-42762\/","title":{"rendered":"Hlavov\u00e1 sprcha Easy Clean 300x300x2mm &#8211; koupelny-sanita.cz Aktu\u00e1ln\u00ed"},"content":{"rendered":"<div class=\"basic-description\">\n<h3>Detailn\u00ed popis produktu<\/h3>\n<p>                                    Hlavov\u00e1 sprcha je opat\u0159ena syst\u00e9mem EASY CLEAN pro jednodu\u0161\u0161\u00ed \u010di\u0161t\u011bn\u00ed vodn\u00edho kamene. Je extra tenk\u00e1, a to pouh\u00e9 2 mm. Nejenom, \u017ee p\u016fsob\u00ed velmi lehce a elegantn\u011b, ale je tak\u00e9 praktick\u00e1 v tom, \u017ee p\u0159i uzav\u0159en\u00ed vody, ihned vodu zastav\u00ed a nedoch\u00e1z\u00ed k dot\u00e9k\u00e1n\u00ed zbyl\u00e9 vody z hlavice. Hlavov\u00e1 sprcha, \u010dtverec o rozm\u011bru 30cm. Celkov\u00e1 tlou\u0161\u0165ka hlavice je pouze 2 mm. Tato hlavov\u00e1 sprcha m\u00e1 kloubov\u00e9 p\u0159ipojen\u00ed 1\/2&#8243; , kter\u00e9 umo\u017e\u0148uje nat\u00e1\u010den\u00ed hlavice dle Va\u0161ich pot\u0159eb.                            <\/p><\/div>\n<div class=\"extended-description\">\n<h3>Dopl\u0148kov\u00e9 parametry<\/h3>\n<table class=\"detail-parameters\">\n<tbody>\n<tr>\n<th>        <span class=\"row-header-label\">            Kategorie<span class=\"row-header-label-colon\">:<\/span>        <\/span>    <\/th>\n<td>            <\/td>\n<\/tr>\n<tr>\n<th>            <span class=\"row-header-label\">                Z\u00e1ruka<span class=\"row-header-label-colon\">:<\/span>            <\/span>        <\/th>\n<td>            24m        <\/td>\n<\/tr>\n<tr>\n<th>            <span class=\"row-header-label\">                Hmotnost<span class=\"row-header-label-colon\">:<\/span>            <\/span>        <\/th>\n<td>            0.75 kg        <\/td>\n<\/tr>\n<tr>\n<th>                <span class=\"row-header-label\">                                            Dostupnost<span class=\"row-header-label-colon\">:<\/span>                                    <\/span>            <\/th>\n<td>                                                            Skladem                                                <\/td>\n<\/tr>\n<\/tbody>\n<\/table><\/div>\n<\/p><\/div>\n<\/p><\/div>\n","protected":false},"excerpt":{"rendered":"<p>Detailn\u00ed popis produktu Hlavov\u00e1 sprcha je opat\u0159ena syst\u00e9mem EASY CLEAN pro jednodu\u0161\u0161\u00ed \u010di\u0161t\u011bn\u00ed vodn\u00edho kamene. Je extra tenk\u00e1, a to pouh\u00e9 2 mm. Nejenom, \u017ee p\u016fsob\u00ed velmi lehce a elegantn\u011b, ale je tak\u00e9 praktick\u00e1 v tom, \u017ee p\u0159i uzav\u0159en\u00ed vody, ihned vodu zastav\u00ed a nedoch\u00e1z\u00ed k dot\u00e9k\u00e1n\u00ed zbyl\u00e9 vody z hlavice. Hlavov\u00e1 sprcha, \u010dtverec o [&hellip;]<\/p>\n","protected":false},"featured_media":42862,"comment_status":"open","ping_status":"open","template":"","meta":[],"product_brand":[],"product_cat":[141],"product_tag":[],"class_list":{"0":"post-42762","1":"product","2":"type-product","3":"status-publish","4":"has-post-thumbnail","6":"product_cat-prislusenstvi-do-sprch","8":"first","9":"instock","10":"sale","11":"shipping-taxable","12":"purchasable","13":"product-type-simple"},"yoast_head":"<!-- This site is optimized with the Yoast SEO plugin v26.8 - https:\/\/yoast.com\/product\/yoast-seo-wordpress\/ -->\n<title>Hlavov\u00e1 sprcha Easy Clean 300x300x2mm - koupelny-sanita.cz Aktu\u00e1ln\u00ed -<\/title>\n<meta name=\"robots\" content=\"index, follow, max-snippet:-1, max-image-preview:large, max-video-preview:-1\" \/>\n<link rel=\"canonical\" href=\"https:\/\/www.domtechnikpro.com\/index.php\/produkt\/hlavova-sprcha-easy-clean-300x300x2mm-koupelny-sanita-cz-aktualni-42762\/\" \/>\n<meta property=\"og:locale\" content=\"cs_CZ\" \/>\n<meta property=\"og:type\" content=\"article\" \/>\n<meta property=\"og:title\" content=\"Hlavov\u00e1 sprcha Easy Clean 300x300x2mm - koupelny-sanita.cz Aktu\u00e1ln\u00ed -\" \/>\n<meta property=\"og:description\" content=\"Detailn\u00ed popis produktu Hlavov\u00e1 sprcha je opat\u0159ena syst\u00e9mem EASY CLEAN pro jednodu\u0161\u0161\u00ed \u010di\u0161t\u011bn\u00ed vodn\u00edho kamene. Je extra tenk\u00e1, a to pouh\u00e9 2 mm. Nejenom, \u017ee p\u016fsob\u00ed velmi lehce a elegantn\u011b, ale je tak\u00e9 praktick\u00e1 v tom, \u017ee p\u0159i uzav\u0159en\u00ed vody, ihned vodu zastav\u00ed a nedoch\u00e1z\u00ed k dot\u00e9k\u00e1n\u00ed zbyl\u00e9 vody z hlavice. Hlavov\u00e1 sprcha, \u010dtverec o [&hellip;]\" \/>\n<meta property=\"og:url\" content=\"https:\/\/www.domtechnikpro.com\/index.php\/produkt\/hlavova-sprcha-easy-clean-300x300x2mm-koupelny-sanita-cz-aktualni-42762\/\" \/>\n<meta property=\"og:image\" content=\"https:\/\/www.domtechnikpro.com\/wp-content\/uploads\/2026\/SK0001595-CZ20260425-092556-0-1777080363-21466_hlavova-sprcha-easy-clean-300x300x2mm.webp\" \/>\n\t<meta property=\"og:image:width\" content=\"1000\" \/>\n\t<meta property=\"og:image:height\" content=\"750\" \/>\n\t<meta property=\"og:image:type\" content=\"image\/webp\" \/>\n<meta name=\"twitter:card\" content=\"summary_large_image\" \/>\n<meta name=\"twitter:label1\" content=\"Odhadovan\u00e1 doba \u010dten\u00ed\" \/>\n\t<meta name=\"twitter:data1\" content=\"1 minuta\" \/>\n<script type=\"application\/ld+json\" class=\"yoast-schema-graph\">{\"@context\":\"https:\/\/schema.org\",\"@graph\":[{\"@type\":\"WebPage\",\"@id\":\"https:\/\/www.domtechnikpro.com\/index.php\/produkt\/hlavova-sprcha-easy-clean-300x300x2mm-koupelny-sanita-cz-aktualni-42762\/\",\"url\":\"https:\/\/www.domtechnikpro.com\/index.php\/produkt\/hlavova-sprcha-easy-clean-300x300x2mm-koupelny-sanita-cz-aktualni-42762\/\",\"name\":\"Hlavov\u00e1 sprcha Easy Clean 300x300x2mm - koupelny-sanita.cz Aktu\u00e1ln\u00ed -\",\"isPartOf\":{\"@id\":\"https:\/\/www.domtechnikpro.com\/#website\"},\"primaryImageOfPage\":{\"@id\":\"https:\/\/www.domtechnikpro.com\/index.php\/produkt\/hlavova-sprcha-easy-clean-300x300x2mm-koupelny-sanita-cz-aktualni-42762\/#primaryimage\"},\"image\":{\"@id\":\"https:\/\/www.domtechnikpro.com\/index.php\/produkt\/hlavova-sprcha-easy-clean-300x300x2mm-koupelny-sanita-cz-aktualni-42762\/#primaryimage\"},\"thumbnailUrl\":\"https:\/\/www.domtechnikpro.com\/wp-content\/uploads\/2026\/SK0001595-CZ20260425-092556-0-1777080363-21466_hlavova-sprcha-easy-clean-300x300x2mm.webp\",\"datePublished\":\"2026-04-26T08:59:17+00:00\",\"breadcrumb\":{\"@id\":\"https:\/\/www.domtechnikpro.com\/index.php\/produkt\/hlavova-sprcha-easy-clean-300x300x2mm-koupelny-sanita-cz-aktualni-42762\/#breadcrumb\"},\"inLanguage\":\"cs\",\"potentialAction\":[{\"@type\":\"ReadAction\",\"target\":[\"https:\/\/www.domtechnikpro.com\/index.php\/produkt\/hlavova-sprcha-easy-clean-300x300x2mm-koupelny-sanita-cz-aktualni-42762\/\"]}]},{\"@type\":\"ImageObject\",\"inLanguage\":\"cs\",\"@id\":\"https:\/\/www.domtechnikpro.com\/index.php\/produkt\/hlavova-sprcha-easy-clean-300x300x2mm-koupelny-sanita-cz-aktualni-42762\/#primaryimage\",\"url\":\"https:\/\/www.domtechnikpro.com\/wp-content\/uploads\/2026\/SK0001595-CZ20260425-092556-0-1777080363-21466_hlavova-sprcha-easy-clean-300x300x2mm.webp\",\"contentUrl\":\"https:\/\/www.domtechnikpro.com\/wp-content\/uploads\/2026\/SK0001595-CZ20260425-092556-0-1777080363-21466_hlavova-sprcha-easy-clean-300x300x2mm.webp\",\"width\":1000,\"height\":750},{\"@type\":\"BreadcrumbList\",\"@id\":\"https:\/\/www.domtechnikpro.com\/index.php\/produkt\/hlavova-sprcha-easy-clean-300x300x2mm-koupelny-sanita-cz-aktualni-42762\/#breadcrumb\",\"itemListElement\":[{\"@type\":\"ListItem\",\"position\":1,\"name\":\"Home\",\"item\":\"https:\/\/www.domtechnikpro.com\/\"},{\"@type\":\"ListItem\",\"position\":2,\"name\":\"Products\",\"item\":\"https:\/\/www.domtechnikpro.com\/index.php\/products\/\"},{\"@type\":\"ListItem\",\"position\":3,\"name\":\"Hlavov\u00e1 sprcha Easy Clean 300x300x2mm &#8211; koupelny-sanita.cz Aktu\u00e1ln\u00ed\"}]},{\"@type\":\"WebSite\",\"@id\":\"https:\/\/www.domtechnikpro.com\/#website\",\"url\":\"https:\/\/www.domtechnikpro.com\/\",\"name\":\"\",\"description\":\"\",\"potentialAction\":[{\"@type\":\"SearchAction\",\"target\":{\"@type\":\"EntryPoint\",\"urlTemplate\":\"https:\/\/www.domtechnikpro.com\/?s={search_term_string}\"},\"query-input\":{\"@type\":\"PropertyValueSpecification\",\"valueRequired\":true,\"valueName\":\"search_term_string\"}}],\"inLanguage\":\"cs\"}]}<\/script>\n<!-- \/ Yoast SEO plugin. -->","yoast_head_json":{"title":"Hlavov\u00e1 sprcha Easy Clean 300x300x2mm - koupelny-sanita.cz Aktu\u00e1ln\u00ed -","robots":{"index":"index","follow":"follow","max-snippet":"max-snippet:-1","max-image-preview":"max-image-preview:large","max-video-preview":"max-video-preview:-1"},"canonical":"https:\/\/www.domtechnikpro.com\/index.php\/produkt\/hlavova-sprcha-easy-clean-300x300x2mm-koupelny-sanita-cz-aktualni-42762\/","og_locale":"cs_CZ","og_type":"article","og_title":"Hlavov\u00e1 sprcha Easy Clean 300x300x2mm - koupelny-sanita.cz Aktu\u00e1ln\u00ed -","og_description":"Detailn\u00ed popis produktu Hlavov\u00e1 sprcha je opat\u0159ena syst\u00e9mem EASY CLEAN pro jednodu\u0161\u0161\u00ed \u010di\u0161t\u011bn\u00ed vodn\u00edho kamene. Je extra tenk\u00e1, a to pouh\u00e9 2 mm. Nejenom, \u017ee p\u016fsob\u00ed velmi lehce a elegantn\u011b, ale je tak\u00e9 praktick\u00e1 v tom, \u017ee p\u0159i uzav\u0159en\u00ed vody, ihned vodu zastav\u00ed a nedoch\u00e1z\u00ed k dot\u00e9k\u00e1n\u00ed zbyl\u00e9 vody z hlavice. Hlavov\u00e1 sprcha, \u010dtverec o [&hellip;]","og_url":"https:\/\/www.domtechnikpro.com\/index.php\/produkt\/hlavova-sprcha-easy-clean-300x300x2mm-koupelny-sanita-cz-aktualni-42762\/","og_image":[{"width":1000,"height":750,"url":"https:\/\/www.domtechnikpro.com\/wp-content\/uploads\/2026\/SK0001595-CZ20260425-092556-0-1777080363-21466_hlavova-sprcha-easy-clean-300x300x2mm.webp","type":"image\/webp"}],"twitter_card":"summary_large_image","twitter_misc":{"Odhadovan\u00e1 doba \u010dten\u00ed":"1 minuta"},"schema":{"@context":"https:\/\/schema.org","@graph":[{"@type":"WebPage","@id":"https:\/\/www.domtechnikpro.com\/index.php\/produkt\/hlavova-sprcha-easy-clean-300x300x2mm-koupelny-sanita-cz-aktualni-42762\/","url":"https:\/\/www.domtechnikpro.com\/index.php\/produkt\/hlavova-sprcha-easy-clean-300x300x2mm-koupelny-sanita-cz-aktualni-42762\/","name":"Hlavov\u00e1 sprcha Easy Clean 300x300x2mm - koupelny-sanita.cz Aktu\u00e1ln\u00ed -","isPartOf":{"@id":"https:\/\/www.domtechnikpro.com\/#website"},"primaryImageOfPage":{"@id":"https:\/\/www.domtechnikpro.com\/index.php\/produkt\/hlavova-sprcha-easy-clean-300x300x2mm-koupelny-sanita-cz-aktualni-42762\/#primaryimage"},"image":{"@id":"https:\/\/www.domtechnikpro.com\/index.php\/produkt\/hlavova-sprcha-easy-clean-300x300x2mm-koupelny-sanita-cz-aktualni-42762\/#primaryimage"},"thumbnailUrl":"https:\/\/www.domtechnikpro.com\/wp-content\/uploads\/2026\/SK0001595-CZ20260425-092556-0-1777080363-21466_hlavova-sprcha-easy-clean-300x300x2mm.webp","datePublished":"2026-04-26T08:59:17+00:00","breadcrumb":{"@id":"https:\/\/www.domtechnikpro.com\/index.php\/produkt\/hlavova-sprcha-easy-clean-300x300x2mm-koupelny-sanita-cz-aktualni-42762\/#breadcrumb"},"inLanguage":"cs","potentialAction":[{"@type":"ReadAction","target":["https:\/\/www.domtechnikpro.com\/index.php\/produkt\/hlavova-sprcha-easy-clean-300x300x2mm-koupelny-sanita-cz-aktualni-42762\/"]}]},{"@type":"ImageObject","inLanguage":"cs","@id":"https:\/\/www.domtechnikpro.com\/index.php\/produkt\/hlavova-sprcha-easy-clean-300x300x2mm-koupelny-sanita-cz-aktualni-42762\/#primaryimage","url":"https:\/\/www.domtechnikpro.com\/wp-content\/uploads\/2026\/SK0001595-CZ20260425-092556-0-1777080363-21466_hlavova-sprcha-easy-clean-300x300x2mm.webp","contentUrl":"https:\/\/www.domtechnikpro.com\/wp-content\/uploads\/2026\/SK0001595-CZ20260425-092556-0-1777080363-21466_hlavova-sprcha-easy-clean-300x300x2mm.webp","width":1000,"height":750},{"@type":"BreadcrumbList","@id":"https:\/\/www.domtechnikpro.com\/index.php\/produkt\/hlavova-sprcha-easy-clean-300x300x2mm-koupelny-sanita-cz-aktualni-42762\/#breadcrumb","itemListElement":[{"@type":"ListItem","position":1,"name":"Home","item":"https:\/\/www.domtechnikpro.com\/"},{"@type":"ListItem","position":2,"name":"Products","item":"https:\/\/www.domtechnikpro.com\/index.php\/products\/"},{"@type":"ListItem","position":3,"name":"Hlavov\u00e1 sprcha Easy Clean 300x300x2mm &#8211; koupelny-sanita.cz Aktu\u00e1ln\u00ed"}]},{"@type":"WebSite","@id":"https:\/\/www.domtechnikpro.com\/#website","url":"https:\/\/www.domtechnikpro.com\/","name":"","description":"","potentialAction":[{"@type":"SearchAction","target":{"@type":"EntryPoint","urlTemplate":"https:\/\/www.domtechnikpro.com\/?s={search_term_string}"},"query-input":{"@type":"PropertyValueSpecification","valueRequired":true,"valueName":"search_term_string"}}],"inLanguage":"cs"}]}},"_links":{"self":[{"href":"https:\/\/www.domtechnikpro.com\/index.php\/wp-json\/wp\/v2\/product\/42762","targetHints":{"allow":["GET"]}}],"collection":[{"href":"https:\/\/www.domtechnikpro.com\/index.php\/wp-json\/wp\/v2\/product"}],"about":[{"href":"https:\/\/www.domtechnikpro.com\/index.php\/wp-json\/wp\/v2\/types\/product"}],"replies":[{"embeddable":true,"href":"https:\/\/www.domtechnikpro.com\/index.php\/wp-json\/wp\/v2\/comments?post=42762"}],"wp:featuredmedia":[{"embeddable":true,"href":"https:\/\/www.domtechnikpro.com\/index.php\/wp-json\/wp\/v2\/media\/42862"}],"wp:attachment":[{"href":"https:\/\/www.domtechnikpro.com\/index.php\/wp-json\/wp\/v2\/media?parent=42762"}],"wp:term":[{"taxonomy":"product_brand","embeddable":true,"href":"https:\/\/www.domtechnikpro.com\/index.php\/wp-json\/wp\/v2\/product_brand?post=42762"},{"taxonomy":"product_cat","embeddable":true,"href":"https:\/\/www.domtechnikpro.com\/index.php\/wp-json\/wp\/v2\/product_cat?post=42762"},{"taxonomy":"product_tag","embeddable":true,"href":"https:\/\/www.domtechnikpro.com\/index.php\/wp-json\/wp\/v2\/product_tag?post=42762"}],"curies":[{"name":"wp","href":"https:\/\/api.w.org\/{rel}","templated":true}]}}