{"id":42760,"date":"2026-04-26T08:59:17","date_gmt":"2026-04-26T08:59:17","guid":{"rendered":""},"modified":"2026-04-26T08:59:17","modified_gmt":"2026-04-26T08:59:17","slug":"keramia-fresh-horni-skrinka-70x50x20cm-bila-posledni-sance-42760","status":"publish","type":"product","link":"https:\/\/www.domtechnikpro.com\/index.php\/produkt\/keramia-fresh-horni-skrinka-70x50x20cm-bila-posledni-sance-42760\/","title":{"rendered":"KERAMIA FRESH horn\u00ed sk\u0159\u00ed\u0148ka 70x50x20cm, b\u00edl\u00e1 Posledn\u00ed \u0160ance"},"content":{"rendered":"<div class=\"basic-description\">\n<h3>Detailn\u00ed popis produktu<\/h3>\n<p style=\"text-align: justify;\">Inovovan\u00e1 \u0159ada sk\u0159\u00edn\u011bk KERAMIA FRESH zda\u0159ile kombinuje osv\u011bd\u010denou kvalitu a klasick\u00fd vzhled koupelnov\u00fdch&nbsp;sk\u0159\u00edn\u011bk se zaoblen\u00fdm keramick\u00fdm umyvadlem ZARA. Sk\u0159\u00ed\u0148ky jsou z\u00e1v\u011bsn\u00e9, ale n\u011bkter\u00e9 z&nbsp;nich lze opat\u0159it i&nbsp;podp\u011brn\u00fdmi nohami pro jednodu\u0161\u0161\u00ed instalaci. S\u00e9rie je vyr\u00e1b\u011bna v b\u00edl\u00e9m leskl\u00e9m proveden\u00ed nebo ve sv\u011btl\u00e9m d\u0159ev\u011bn\u00e9m dekoru dub platin.Kolekci&nbsp;lze kombinovat s \u0161irokou nab\u00eddkou dopl\u0148kov\u00fdch sk\u0159\u00edn\u011bk, zrcadel a galerek.&nbsp;Ceny i&nbsp;rozm\u011bry jsou uvedeny bez no\u017ei\u010dek.<\/p>\n<p style=\"text-align: justify;\">Nevystavujte n\u00e1bytek trval\u00e9 vlhkosti a styku s vodou. Koupelnu v\u017edy&nbsp;\u0159\u00e1dn\u011b&nbsp;odv\u011btrejte. P\u0159i zkroucen\u00ed korpusu sk\u0159\u00ed\u0148ky m\u016f\u017ee doj\u00edt&nbsp;k poru\u0161e funkce dov\u00edrac\u00edch mechanism\u016f.&nbsp;Proti p\u0159\u00edpadn\u00e9mu zat\u00e9k\u00e1n\u00ed vody do sk\u0159\u00ed\u0148ky pou\u017eijte silikonov\u00fd tmel.<\/p>\n<div class=\"product-explanation-item\">\n<h3>Nutn\u00e1 mont\u00e1\u017e<\/h3>\n<p style=\"text-align: justify;\">Z d\u016fvodu lep\u0161\u00ed manipulace je v\u00fdrobek dod\u00e1v\u00e1n v rozmontovan\u00e9m stavu (Flat pack).<\/p>\n<\/div><\/div>\n<div class=\"extended-description\">\n<h3>Dopl\u0148kov\u00e9 parametry<\/h3>\n<table class=\"detail-parameters\">\n<tbody>\n<tr>\n<th>        <span class=\"row-header-label\">            Kategorie<span class=\"row-header-label-colon\">:<\/span>        <\/span>    <\/th>\n<td>            <\/td>\n<\/tr>\n<tr>\n<th>            <span class=\"row-header-label\">                Z\u00e1ruka<span class=\"row-header-label-colon\">:<\/span>            <\/span>        <\/th>\n<td>            24        <\/td>\n<\/tr>\n<tr>\n<th>            <span class=\"row-header-label\">                Hmotnost<span class=\"row-header-label-colon\">:<\/span>            <\/span>        <\/th>\n<td>            12.55 kg        <\/td>\n<\/tr>\n<tr class=\"productEan\">\n<th>          <span class=\"row-header-label productEan__label\">              EAN<span class=\"row-header-label-colon\">:<\/span>          <\/span>      <\/th>\n<td>          <span class=\"productEan__value\">8590913853135<\/span>      <\/td>\n<\/tr>\n<tr>\n<th>                <span class=\"row-header-label\">                                            Balen\u00ed<span class=\"row-header-label-colon\">:<\/span>                                    <\/span>            <\/th>\n<td>                                                            1 ks                                                <\/td>\n<\/tr>\n<tr>\n<th>                <span class=\"row-header-label\">                                            Balen\u00ed obsahuje<span class=\"row-header-label-colon\">:<\/span>                                    <\/span>            <\/th>\n<td>                                                            \u00dachytka                                                <\/td>\n<\/tr>\n<tr>\n<th>                <span class=\"row-header-label\">                                            Barva<span class=\"row-header-label-colon\">:<\/span>                                    <\/span>            <\/th>\n<td>                                                            B\u00edl\u00e1                                                <\/td>\n<\/tr>\n<tr>\n<th>                <span class=\"row-header-label\">                                            Dostupnost<span class=\"row-header-label-colon\">:<\/span>                                    <\/span>            <\/th>\n<td>                                                            Skladem                                                <\/td>\n<\/tr>\n<tr>\n<th>                <span class=\"row-header-label\">                                            Hloubka<span class=\"row-header-label-colon\">:<\/span>                                    <\/span>            <\/th>\n<td>                                                            200 mm                                                <\/td>\n<\/tr>\n<tr>\n<th>                <span class=\"row-header-label\">                                            Instalace<span class=\"row-header-label-colon\">:<\/span>                                    <\/span>            <\/th>\n<td>                                                            Z\u00e1v\u011bsn\u00e9 na st\u011bnu                                                <\/td>\n<\/tr>\n<tr>\n<th>                <span class=\"row-header-label\">                                            Materi\u00e1l<span class=\"row-header-label-colon\">:<\/span>                                    <\/span>            <\/th>\n<td>                                                            MDF\/lamino                                                <\/td>\n<\/tr>\n<tr>\n<th>                <span class=\"row-header-label\">                                            Rozm\u011br<span class=\"row-header-label-colon\">:<\/span>                                    <\/span>            <\/th>\n<td>                                                            70x50x20 cm                                                <\/td>\n<\/tr>\n<tr>\n<th>                <span class=\"row-header-label\">                                            \u0160\u00ed\u0159ka<span class=\"row-header-label-colon\">:<\/span>                                    <\/span>            <\/th>\n<td>                                                            700 mm                                                <\/td>\n<\/tr>\n<tr>\n<th>                <span class=\"row-header-label\">                                            Typ sk\u0159\u00ed\u0148ky<span class=\"row-header-label-colon\">:<\/span>                                    <\/span>            <\/th>\n<td>                                                            Dv\u00ed\u0159ka                                                <\/td>\n<\/tr>\n<tr>\n<th>                <span class=\"row-header-label\">                                            V\u00fdbava<span class=\"row-header-label-colon\">:<\/span>                                    <\/span>            <\/th>\n<td>                                                            Nutn\u00e1 mont\u00e1\u017e                                                <\/td>\n<\/tr>\n<tr>\n<th>                <span class=\"row-header-label\">                                            V\u00fd\u0161ka<span class=\"row-header-label-colon\">:<\/span>                                    <\/span>            <\/th>\n<td>                                                            500 mm                                                <\/td>\n<\/tr>\n<tr>\n<th>                <span class=\"row-header-label\">                                            Z\u00e1ruka<span class=\"row-header-label-colon\">:<\/span>                                    <\/span>            <\/th>\n<td>                                                            2 roky                                                <\/td>\n<\/tr>\n<\/tbody>\n<\/table><\/div>\n<\/p><\/div>\n<\/p><\/div>\n","protected":false},"excerpt":{"rendered":"<p>Detailn\u00ed popis produktu Inovovan\u00e1 \u0159ada sk\u0159\u00edn\u011bk KERAMIA FRESH zda\u0159ile kombinuje osv\u011bd\u010denou kvalitu a klasick\u00fd vzhled koupelnov\u00fdch&nbsp;sk\u0159\u00edn\u011bk se zaoblen\u00fdm keramick\u00fdm umyvadlem ZARA. Sk\u0159\u00ed\u0148ky jsou z\u00e1v\u011bsn\u00e9, ale n\u011bkter\u00e9 z&nbsp;nich lze opat\u0159it i&nbsp;podp\u011brn\u00fdmi nohami pro jednodu\u0161\u0161\u00ed instalaci. S\u00e9rie je vyr\u00e1b\u011bna v b\u00edl\u00e9m leskl\u00e9m proveden\u00ed nebo ve sv\u011btl\u00e9m d\u0159ev\u011bn\u00e9m dekoru dub platin.Kolekci&nbsp;lze kombinovat s \u0161irokou nab\u00eddkou dopl\u0148kov\u00fdch sk\u0159\u00edn\u011bk, zrcadel [&hellip;]<\/p>\n","protected":false},"featured_media":42860,"comment_status":"open","ping_status":"open","template":"","meta":[],"product_brand":[],"product_cat":[147],"product_tag":[],"class_list":{"0":"post-42760","1":"product","2":"type-product","3":"status-publish","4":"has-post-thumbnail","6":"product_cat-koupelnovy-nabytek","8":"first","9":"instock","10":"sale","11":"shipping-taxable","12":"purchasable","13":"product-type-simple"},"yoast_head":"<!-- This site is optimized with the Yoast SEO plugin v26.8 - https:\/\/yoast.com\/product\/yoast-seo-wordpress\/ -->\n<title>KERAMIA FRESH horn\u00ed sk\u0159\u00ed\u0148ka 70x50x20cm, b\u00edl\u00e1 Posledn\u00ed \u0160ance -<\/title>\n<meta name=\"robots\" content=\"index, follow, max-snippet:-1, max-image-preview:large, max-video-preview:-1\" \/>\n<link rel=\"canonical\" href=\"https:\/\/www.domtechnikpro.com\/index.php\/produkt\/keramia-fresh-horni-skrinka-70x50x20cm-bila-posledni-sance-42760\/\" \/>\n<meta property=\"og:locale\" content=\"cs_CZ\" \/>\n<meta property=\"og:type\" content=\"article\" \/>\n<meta property=\"og:title\" content=\"KERAMIA FRESH horn\u00ed sk\u0159\u00ed\u0148ka 70x50x20cm, b\u00edl\u00e1 Posledn\u00ed \u0160ance -\" \/>\n<meta property=\"og:description\" content=\"Detailn\u00ed popis produktu Inovovan\u00e1 \u0159ada sk\u0159\u00edn\u011bk KERAMIA FRESH zda\u0159ile kombinuje osv\u011bd\u010denou kvalitu a klasick\u00fd vzhled koupelnov\u00fdch&nbsp;sk\u0159\u00edn\u011bk se zaoblen\u00fdm keramick\u00fdm umyvadlem ZARA. Sk\u0159\u00ed\u0148ky jsou z\u00e1v\u011bsn\u00e9, ale n\u011bkter\u00e9 z&nbsp;nich lze opat\u0159it i&nbsp;podp\u011brn\u00fdmi nohami pro jednodu\u0161\u0161\u00ed instalaci. S\u00e9rie je vyr\u00e1b\u011bna v b\u00edl\u00e9m leskl\u00e9m proveden\u00ed nebo ve sv\u011btl\u00e9m d\u0159ev\u011bn\u00e9m dekoru dub platin.Kolekci&nbsp;lze kombinovat s \u0161irokou nab\u00eddkou dopl\u0148kov\u00fdch sk\u0159\u00edn\u011bk, zrcadel [&hellip;]\" \/>\n<meta property=\"og:url\" content=\"https:\/\/www.domtechnikpro.com\/index.php\/produkt\/keramia-fresh-horni-skrinka-70x50x20cm-bila-posledni-sance-42760\/\" \/>\n<meta property=\"og:image\" content=\"https:\/\/www.domtechnikpro.com\/wp-content\/uploads\/2026\/SK0001593-CZ20260425-092556-0-1777080363-21454_keramia-fresh-horni-skrinka-70x50x20cm--bila.webp\" \/>\n\t<meta property=\"og:image:width\" content=\"1000\" \/>\n\t<meta property=\"og:image:height\" content=\"750\" \/>\n\t<meta property=\"og:image:type\" content=\"image\/webp\" \/>\n<meta name=\"twitter:card\" content=\"summary_large_image\" \/>\n<meta name=\"twitter:label1\" content=\"Odhadovan\u00e1 doba \u010dten\u00ed\" \/>\n\t<meta name=\"twitter:data1\" content=\"1 minuta\" \/>\n<script type=\"application\/ld+json\" class=\"yoast-schema-graph\">{\"@context\":\"https:\/\/schema.org\",\"@graph\":[{\"@type\":\"WebPage\",\"@id\":\"https:\/\/www.domtechnikpro.com\/index.php\/produkt\/keramia-fresh-horni-skrinka-70x50x20cm-bila-posledni-sance-42760\/\",\"url\":\"https:\/\/www.domtechnikpro.com\/index.php\/produkt\/keramia-fresh-horni-skrinka-70x50x20cm-bila-posledni-sance-42760\/\",\"name\":\"KERAMIA FRESH horn\u00ed sk\u0159\u00ed\u0148ka 70x50x20cm, b\u00edl\u00e1 Posledn\u00ed \u0160ance -\",\"isPartOf\":{\"@id\":\"https:\/\/www.domtechnikpro.com\/#website\"},\"primaryImageOfPage\":{\"@id\":\"https:\/\/www.domtechnikpro.com\/index.php\/produkt\/keramia-fresh-horni-skrinka-70x50x20cm-bila-posledni-sance-42760\/#primaryimage\"},\"image\":{\"@id\":\"https:\/\/www.domtechnikpro.com\/index.php\/produkt\/keramia-fresh-horni-skrinka-70x50x20cm-bila-posledni-sance-42760\/#primaryimage\"},\"thumbnailUrl\":\"https:\/\/www.domtechnikpro.com\/wp-content\/uploads\/2026\/SK0001593-CZ20260425-092556-0-1777080363-21454_keramia-fresh-horni-skrinka-70x50x20cm--bila.webp\",\"datePublished\":\"2026-04-26T08:59:17+00:00\",\"breadcrumb\":{\"@id\":\"https:\/\/www.domtechnikpro.com\/index.php\/produkt\/keramia-fresh-horni-skrinka-70x50x20cm-bila-posledni-sance-42760\/#breadcrumb\"},\"inLanguage\":\"cs\",\"potentialAction\":[{\"@type\":\"ReadAction\",\"target\":[\"https:\/\/www.domtechnikpro.com\/index.php\/produkt\/keramia-fresh-horni-skrinka-70x50x20cm-bila-posledni-sance-42760\/\"]}]},{\"@type\":\"ImageObject\",\"inLanguage\":\"cs\",\"@id\":\"https:\/\/www.domtechnikpro.com\/index.php\/produkt\/keramia-fresh-horni-skrinka-70x50x20cm-bila-posledni-sance-42760\/#primaryimage\",\"url\":\"https:\/\/www.domtechnikpro.com\/wp-content\/uploads\/2026\/SK0001593-CZ20260425-092556-0-1777080363-21454_keramia-fresh-horni-skrinka-70x50x20cm--bila.webp\",\"contentUrl\":\"https:\/\/www.domtechnikpro.com\/wp-content\/uploads\/2026\/SK0001593-CZ20260425-092556-0-1777080363-21454_keramia-fresh-horni-skrinka-70x50x20cm--bila.webp\",\"width\":1000,\"height\":750},{\"@type\":\"BreadcrumbList\",\"@id\":\"https:\/\/www.domtechnikpro.com\/index.php\/produkt\/keramia-fresh-horni-skrinka-70x50x20cm-bila-posledni-sance-42760\/#breadcrumb\",\"itemListElement\":[{\"@type\":\"ListItem\",\"position\":1,\"name\":\"Home\",\"item\":\"https:\/\/www.domtechnikpro.com\/\"},{\"@type\":\"ListItem\",\"position\":2,\"name\":\"Products\",\"item\":\"https:\/\/www.domtechnikpro.com\/index.php\/products\/\"},{\"@type\":\"ListItem\",\"position\":3,\"name\":\"KERAMIA FRESH horn\u00ed sk\u0159\u00ed\u0148ka 70x50x20cm, b\u00edl\u00e1 Posledn\u00ed \u0160ance\"}]},{\"@type\":\"WebSite\",\"@id\":\"https:\/\/www.domtechnikpro.com\/#website\",\"url\":\"https:\/\/www.domtechnikpro.com\/\",\"name\":\"\",\"description\":\"\",\"potentialAction\":[{\"@type\":\"SearchAction\",\"target\":{\"@type\":\"EntryPoint\",\"urlTemplate\":\"https:\/\/www.domtechnikpro.com\/?s={search_term_string}\"},\"query-input\":{\"@type\":\"PropertyValueSpecification\",\"valueRequired\":true,\"valueName\":\"search_term_string\"}}],\"inLanguage\":\"cs\"}]}<\/script>\n<!-- \/ Yoast SEO plugin. -->","yoast_head_json":{"title":"KERAMIA FRESH horn\u00ed sk\u0159\u00ed\u0148ka 70x50x20cm, b\u00edl\u00e1 Posledn\u00ed \u0160ance -","robots":{"index":"index","follow":"follow","max-snippet":"max-snippet:-1","max-image-preview":"max-image-preview:large","max-video-preview":"max-video-preview:-1"},"canonical":"https:\/\/www.domtechnikpro.com\/index.php\/produkt\/keramia-fresh-horni-skrinka-70x50x20cm-bila-posledni-sance-42760\/","og_locale":"cs_CZ","og_type":"article","og_title":"KERAMIA FRESH horn\u00ed sk\u0159\u00ed\u0148ka 70x50x20cm, b\u00edl\u00e1 Posledn\u00ed \u0160ance -","og_description":"Detailn\u00ed popis produktu Inovovan\u00e1 \u0159ada sk\u0159\u00edn\u011bk KERAMIA FRESH zda\u0159ile kombinuje osv\u011bd\u010denou kvalitu a klasick\u00fd vzhled koupelnov\u00fdch&nbsp;sk\u0159\u00edn\u011bk se zaoblen\u00fdm keramick\u00fdm umyvadlem ZARA. Sk\u0159\u00ed\u0148ky jsou z\u00e1v\u011bsn\u00e9, ale n\u011bkter\u00e9 z&nbsp;nich lze opat\u0159it i&nbsp;podp\u011brn\u00fdmi nohami pro jednodu\u0161\u0161\u00ed instalaci. S\u00e9rie je vyr\u00e1b\u011bna v b\u00edl\u00e9m leskl\u00e9m proveden\u00ed nebo ve sv\u011btl\u00e9m d\u0159ev\u011bn\u00e9m dekoru dub platin.Kolekci&nbsp;lze kombinovat s \u0161irokou nab\u00eddkou dopl\u0148kov\u00fdch sk\u0159\u00edn\u011bk, zrcadel [&hellip;]","og_url":"https:\/\/www.domtechnikpro.com\/index.php\/produkt\/keramia-fresh-horni-skrinka-70x50x20cm-bila-posledni-sance-42760\/","og_image":[{"width":1000,"height":750,"url":"https:\/\/www.domtechnikpro.com\/wp-content\/uploads\/2026\/SK0001593-CZ20260425-092556-0-1777080363-21454_keramia-fresh-horni-skrinka-70x50x20cm--bila.webp","type":"image\/webp"}],"twitter_card":"summary_large_image","twitter_misc":{"Odhadovan\u00e1 doba \u010dten\u00ed":"1 minuta"},"schema":{"@context":"https:\/\/schema.org","@graph":[{"@type":"WebPage","@id":"https:\/\/www.domtechnikpro.com\/index.php\/produkt\/keramia-fresh-horni-skrinka-70x50x20cm-bila-posledni-sance-42760\/","url":"https:\/\/www.domtechnikpro.com\/index.php\/produkt\/keramia-fresh-horni-skrinka-70x50x20cm-bila-posledni-sance-42760\/","name":"KERAMIA FRESH horn\u00ed sk\u0159\u00ed\u0148ka 70x50x20cm, b\u00edl\u00e1 Posledn\u00ed \u0160ance -","isPartOf":{"@id":"https:\/\/www.domtechnikpro.com\/#website"},"primaryImageOfPage":{"@id":"https:\/\/www.domtechnikpro.com\/index.php\/produkt\/keramia-fresh-horni-skrinka-70x50x20cm-bila-posledni-sance-42760\/#primaryimage"},"image":{"@id":"https:\/\/www.domtechnikpro.com\/index.php\/produkt\/keramia-fresh-horni-skrinka-70x50x20cm-bila-posledni-sance-42760\/#primaryimage"},"thumbnailUrl":"https:\/\/www.domtechnikpro.com\/wp-content\/uploads\/2026\/SK0001593-CZ20260425-092556-0-1777080363-21454_keramia-fresh-horni-skrinka-70x50x20cm--bila.webp","datePublished":"2026-04-26T08:59:17+00:00","breadcrumb":{"@id":"https:\/\/www.domtechnikpro.com\/index.php\/produkt\/keramia-fresh-horni-skrinka-70x50x20cm-bila-posledni-sance-42760\/#breadcrumb"},"inLanguage":"cs","potentialAction":[{"@type":"ReadAction","target":["https:\/\/www.domtechnikpro.com\/index.php\/produkt\/keramia-fresh-horni-skrinka-70x50x20cm-bila-posledni-sance-42760\/"]}]},{"@type":"ImageObject","inLanguage":"cs","@id":"https:\/\/www.domtechnikpro.com\/index.php\/produkt\/keramia-fresh-horni-skrinka-70x50x20cm-bila-posledni-sance-42760\/#primaryimage","url":"https:\/\/www.domtechnikpro.com\/wp-content\/uploads\/2026\/SK0001593-CZ20260425-092556-0-1777080363-21454_keramia-fresh-horni-skrinka-70x50x20cm--bila.webp","contentUrl":"https:\/\/www.domtechnikpro.com\/wp-content\/uploads\/2026\/SK0001593-CZ20260425-092556-0-1777080363-21454_keramia-fresh-horni-skrinka-70x50x20cm--bila.webp","width":1000,"height":750},{"@type":"BreadcrumbList","@id":"https:\/\/www.domtechnikpro.com\/index.php\/produkt\/keramia-fresh-horni-skrinka-70x50x20cm-bila-posledni-sance-42760\/#breadcrumb","itemListElement":[{"@type":"ListItem","position":1,"name":"Home","item":"https:\/\/www.domtechnikpro.com\/"},{"@type":"ListItem","position":2,"name":"Products","item":"https:\/\/www.domtechnikpro.com\/index.php\/products\/"},{"@type":"ListItem","position":3,"name":"KERAMIA FRESH horn\u00ed sk\u0159\u00ed\u0148ka 70x50x20cm, b\u00edl\u00e1 Posledn\u00ed \u0160ance"}]},{"@type":"WebSite","@id":"https:\/\/www.domtechnikpro.com\/#website","url":"https:\/\/www.domtechnikpro.com\/","name":"","description":"","potentialAction":[{"@type":"SearchAction","target":{"@type":"EntryPoint","urlTemplate":"https:\/\/www.domtechnikpro.com\/?s={search_term_string}"},"query-input":{"@type":"PropertyValueSpecification","valueRequired":true,"valueName":"search_term_string"}}],"inLanguage":"cs"}]}},"_links":{"self":[{"href":"https:\/\/www.domtechnikpro.com\/index.php\/wp-json\/wp\/v2\/product\/42760","targetHints":{"allow":["GET"]}}],"collection":[{"href":"https:\/\/www.domtechnikpro.com\/index.php\/wp-json\/wp\/v2\/product"}],"about":[{"href":"https:\/\/www.domtechnikpro.com\/index.php\/wp-json\/wp\/v2\/types\/product"}],"replies":[{"embeddable":true,"href":"https:\/\/www.domtechnikpro.com\/index.php\/wp-json\/wp\/v2\/comments?post=42760"}],"wp:featuredmedia":[{"embeddable":true,"href":"https:\/\/www.domtechnikpro.com\/index.php\/wp-json\/wp\/v2\/media\/42860"}],"wp:attachment":[{"href":"https:\/\/www.domtechnikpro.com\/index.php\/wp-json\/wp\/v2\/media?parent=42760"}],"wp:term":[{"taxonomy":"product_brand","embeddable":true,"href":"https:\/\/www.domtechnikpro.com\/index.php\/wp-json\/wp\/v2\/product_brand?post=42760"},{"taxonomy":"product_cat","embeddable":true,"href":"https:\/\/www.domtechnikpro.com\/index.php\/wp-json\/wp\/v2\/product_cat?post=42760"},{"taxonomy":"product_tag","embeddable":true,"href":"https:\/\/www.domtechnikpro.com\/index.php\/wp-json\/wp\/v2\/product_tag?post=42760"}],"curies":[{"name":"wp","href":"https:\/\/api.w.org\/{rel}","templated":true}]}}