{"id":42706,"date":"2026-04-26T08:59:17","date_gmt":"2026-04-26T08:59:17","guid":{"rendered":""},"modified":"2026-04-26T08:59:17","modified_gmt":"2026-04-26T08:59:17","slug":"retro-drzak-rucniku-50x17cm-buk-koupelny-sanita-cz-nejlepsi-cena-42706","status":"publish","type":"product","link":"https:\/\/www.domtechnikpro.com\/produkt\/retro-drzak-rucniku-50x17cm-buk-koupelny-sanita-cz-nejlepsi-cena-42706\/","title":{"rendered":"RETRO dr\u017e\u00e1k ru\u010dn\u00edk\u016f 50x17cm, buk &#8211; koupelny-sanita.cz Nejlep\u0161\u00ed Cena"},"content":{"rendered":"<div class=\"basic-description\">\n<h3>Detailn\u00ed popis produktu<\/h3>\n<ul>\n<li>Povrchov\u00e1 \u00faprava: mo\u0159en\u00fd buk + kryc\u00ed lak od italsk\u00e9 firmy ASTRA   VERNICI<\/li>\n<\/ul>\n<p style=\"text-align: justify;\">Retro styl vn\u00e1\u0161\u00ed do interi\u00e9ru tradici, vzpom\u00ednky na star\u00e9 \u010dasy a pocit tepla domova. Jednou z&nbsp;nejv\u011bt\u0161\u00edch v\u00fdhod retro stylu je fakt, \u017ee vlastn\u011b nikdy nevyjde z&nbsp;m\u00f3dy. Lid\u00e9 se znovu vrac\u00ed ke star\u00fdm v\u011bcem, proto\u017ee jim symbolizuj\u00ed kvalitu, kter\u00e1 p\u0159ekonala n\u011bkolik generac\u00ed. Kombinac\u00ed RETRO n\u00e1bytku s&nbsp;modern\u00edmi prvky dne\u0161n\u00ed doby doc\u00edl\u00edte ucelen\u00e9ho interi\u00e9ru s&nbsp;puncem luxusu, kter\u00fd retro n\u00e1bytek s&nbsp;sebou nese.<\/p>\n<p style=\"text-align: justify;\">V tmav\u00e9m proveden\u00ed je n\u00e1bytek vyroben z masivn\u00edho bukov\u00e9ho d\u0159eva, ve sv\u011btl\u00e9m proveden\u00ed ze smrkov\u00e9ho masivu.Sk\u0159\u00ed\u0148ky jsou napu\u0161t\u011bny 2 vrstvami oleje &#8211; barevn\u00fdm pro sjednocen\u00ed barvy d\u0159eva a bezbarv\u00fdm pro zv\u00fd\u0161enou odolnost.<\/p>\n<p style=\"text-align: justify;\">N\u00e1bytek je dod\u00e1v\u00e1n ve smontovan\u00e9m stavu, p\u0159ipraven k&nbsp;okam\u017eit\u00e9 instalaci.<\/p>\n<div style=\"float: left;\"><\/div>\n<p style=\"text-align: justify;\">U n\u00e1bytku z masivu jsou pou\u017eity \u010depov\u00e9 spoje. Jedn\u00e1 se o jedno z nejodoln\u011bj\u0161\u00edch spojen\u00ed proti tlaku. Pokud je zes\u00edleno kl\u00edny, odol\u00e1v\u00e1 rovn\u011b\u017e dob\u0159e i nap\u011bt\u00ed. Pou\u017e\u00edv\u00e1 se ke spojov\u00e1n\u00ed svisl\u00fdch a vodorovn\u00fdch \u010d\u00e1st\u00ed &#8211; nap\u0159\u00edklad nohy n\u00e1bytku s p\u0159\u00ed\u010dkou.<\/p>\n<div style=\"clear: both;\"><\/div>\n<p><b>Video ke shl\u00e9dnut\u00ed<\/b><video width=\"640\" height=\"480\" controls><source src=\"https:\/\/ubc.k2.cz\/K2FTPdata\/UBC\/video\/produkt_ostatne\/nabytek-retro.mp4\" type=\"video\/mp4\">V\u00e1\u0161 prohl\u00ed\u017ee\u010d nepodporuje video tag.<\/video><b>Video ke shl\u00e9dnut\u00ed<\/b><video width=\"640\" height=\"480\" controls><source src=\"https:\/\/ubc.k2.cz\/K2FTPdata\/UBC\/video\/produkt_ostatne\/vyroba-masivniho-nabytku.mp4\" type=\"video\/mp4\">V\u00e1\u0161 prohl\u00ed\u017ee\u010d nepodporuje video tag.<\/video>                            <\/div>\n<div class=\"extended-description\">\n<h3>Dopl\u0148kov\u00e9 parametry<\/h3>\n<table class=\"detail-parameters\">\n<tbody>\n<tr>\n<th>        <span class=\"row-header-label\">            Kategorie<span class=\"row-header-label-colon\">:<\/span>        <\/span>    <\/th>\n<td>            <\/td>\n<\/tr>\n<tr>\n<th>            <span class=\"row-header-label\">                Z\u00e1ruka<span class=\"row-header-label-colon\">:<\/span>            <\/span>        <\/th>\n<td>            24        <\/td>\n<\/tr>\n<tr>\n<th>            <span class=\"row-header-label\">                Hmotnost<span class=\"row-header-label-colon\">:<\/span>            <\/span>        <\/th>\n<td>            1.72 kg        <\/td>\n<\/tr>\n<tr class=\"productEan\">\n<th>          <span class=\"row-header-label productEan__label\">              EAN<span class=\"row-header-label-colon\">:<\/span>          <\/span>      <\/th>\n<td>          <span class=\"productEan__value\">8590913216718<\/span>      <\/td>\n<\/tr>\n<tr>\n<th>                <span class=\"row-header-label\">                                            Balen\u00ed<span class=\"row-header-label-colon\">:<\/span>                                    <\/span>            <\/th>\n<td>                                                            1 ks                                                <\/td>\n<\/tr>\n<tr>\n<th>                <span class=\"row-header-label\">                                            Barva<span class=\"row-header-label-colon\">:<\/span>                                    <\/span>            <\/th>\n<td>                                                            Hn\u011bd\u00e1                                                <\/td>\n<\/tr>\n<tr>\n<th>                <span class=\"row-header-label\">                                            Dekor<span class=\"row-header-label-colon\">:<\/span>                                    <\/span>            <\/th>\n<td>                                                            D\u0159evo                                                <\/td>\n<\/tr>\n<tr>\n<th>                <span class=\"row-header-label\">                                            Dostupnost<span class=\"row-header-label-colon\">:<\/span>                                    <\/span>            <\/th>\n<td>                                                            Na dotaz                                                <\/td>\n<\/tr>\n<tr>\n<th>                <span class=\"row-header-label\">                                            Hloubka<span class=\"row-header-label-colon\">:<\/span>                                    <\/span>            <\/th>\n<td>                                                            170 mm                                                <\/td>\n<\/tr>\n<tr>\n<th>                <span class=\"row-header-label\">                                            Materi\u00e1l<span class=\"row-header-label-colon\">:<\/span>                                    <\/span>            <\/th>\n<td>                                                            Masiv d\u0159evo                                                <\/td>\n<\/tr>\n<tr>\n<th>                <span class=\"row-header-label\">                                            Rozm\u011br<span class=\"row-header-label-colon\">:<\/span>                                    <\/span>            <\/th>\n<td>                                                            50&#215;17 cm                                                <\/td>\n<\/tr>\n<tr>\n<th>                <span class=\"row-header-label\">                                            \u0160\u00ed\u0159ka<span class=\"row-header-label-colon\">:<\/span>                                    <\/span>            <\/th>\n<td>                                                            500 mm                                                <\/td>\n<\/tr>\n<tr>\n<th>                <span class=\"row-header-label\">                                            Z\u00e1ruka<span class=\"row-header-label-colon\">:<\/span>                                    <\/span>            <\/th>\n<td>                                                            2 roky                                                <\/td>\n<\/tr>\n<\/tbody>\n<\/table><\/div>\n<\/p><\/div>\n<\/p><\/div>\n","protected":false},"excerpt":{"rendered":"<p>Detailn\u00ed popis produktu Povrchov\u00e1 \u00faprava: mo\u0159en\u00fd buk + kryc\u00ed lak od italsk\u00e9 firmy ASTRA VERNICI Retro styl vn\u00e1\u0161\u00ed do interi\u00e9ru tradici, vzpom\u00ednky na star\u00e9 \u010dasy a pocit tepla domova. Jednou z&nbsp;nejv\u011bt\u0161\u00edch v\u00fdhod retro stylu je fakt, \u017ee vlastn\u011b nikdy nevyjde z&nbsp;m\u00f3dy. Lid\u00e9 se znovu vrac\u00ed ke star\u00fdm v\u011bcem, proto\u017ee jim symbolizuj\u00ed kvalitu, kter\u00e1 p\u0159ekonala n\u011bkolik [&hellip;]<\/p>\n","protected":false},"featured_media":42806,"comment_status":"open","ping_status":"open","template":"","meta":[],"product_brand":[],"product_cat":[140],"product_tag":[],"class_list":{"0":"post-42706","1":"product","2":"type-product","3":"status-publish","4":"has-post-thumbnail","6":"product_cat-koupelnove-doplnky","8":"first","9":"instock","10":"sale","11":"shipping-taxable","12":"purchasable","13":"product-type-simple"},"yoast_head":"<!-- This site is optimized with the Yoast SEO plugin v26.8 - https:\/\/yoast.com\/product\/yoast-seo-wordpress\/ -->\n<title>RETRO dr\u017e\u00e1k ru\u010dn\u00edk\u016f 50x17cm, buk - koupelny-sanita.cz Nejlep\u0161\u00ed Cena - Pr\u016fmyslov\u00e9 vybaven\u00ed a p\u0159\u00edslu\u0161enstv\u00ed<\/title>\n<meta name=\"robots\" content=\"index, follow, max-snippet:-1, max-image-preview:large, max-video-preview:-1\" \/>\n<link rel=\"canonical\" href=\"https:\/\/www.domtechnikpro.com\/index.php\/produkt\/retro-drzak-rucniku-50x17cm-buk-koupelny-sanita-cz-nejlepsi-cena-42706\/\" \/>\n<meta property=\"og:locale\" content=\"cs_CZ\" \/>\n<meta property=\"og:type\" content=\"article\" \/>\n<meta property=\"og:title\" content=\"RETRO dr\u017e\u00e1k ru\u010dn\u00edk\u016f 50x17cm, buk - koupelny-sanita.cz Nejlep\u0161\u00ed Cena - Pr\u016fmyslov\u00e9 vybaven\u00ed a p\u0159\u00edslu\u0161enstv\u00ed\" \/>\n<meta property=\"og:description\" content=\"Detailn\u00ed popis produktu Povrchov\u00e1 \u00faprava: mo\u0159en\u00fd buk + kryc\u00ed lak od italsk\u00e9 firmy ASTRA VERNICI Retro styl vn\u00e1\u0161\u00ed do interi\u00e9ru tradici, vzpom\u00ednky na star\u00e9 \u010dasy a pocit tepla domova. Jednou z&nbsp;nejv\u011bt\u0161\u00edch v\u00fdhod retro stylu je fakt, \u017ee vlastn\u011b nikdy nevyjde z&nbsp;m\u00f3dy. Lid\u00e9 se znovu vrac\u00ed ke star\u00fdm v\u011bcem, proto\u017ee jim symbolizuj\u00ed kvalitu, kter\u00e1 p\u0159ekonala n\u011bkolik [&hellip;]\" \/>\n<meta property=\"og:url\" content=\"https:\/\/www.domtechnikpro.com\/index.php\/produkt\/retro-drzak-rucniku-50x17cm-buk-koupelny-sanita-cz-nejlepsi-cena-42706\/\" \/>\n<meta property=\"og:site_name\" content=\"Pr\u016fmyslov\u00e9 vybaven\u00ed a p\u0159\u00edslu\u0161enstv\u00ed\" \/>\n<meta property=\"og:image\" content=\"https:\/\/www.domtechnikpro.com\/wp-content\/uploads\/2026\/SK0001536-CZ20260425-092556-0-1777080363-20338-1_retro-drzak-rucniku-50x17cm--buk.webp\" \/>\n\t<meta property=\"og:image:width\" content=\"1000\" \/>\n\t<meta property=\"og:image:height\" content=\"750\" \/>\n\t<meta property=\"og:image:type\" content=\"image\/webp\" \/>\n<meta name=\"twitter:card\" content=\"summary_large_image\" \/>\n<meta name=\"twitter:label1\" content=\"Odhadovan\u00e1 doba \u010dten\u00ed\" \/>\n\t<meta name=\"twitter:data1\" content=\"1 minuta\" \/>\n<script type=\"application\/ld+json\" class=\"yoast-schema-graph\">{\"@context\":\"https:\/\/schema.org\",\"@graph\":[{\"@type\":\"WebPage\",\"@id\":\"https:\/\/www.domtechnikpro.com\/index.php\/produkt\/retro-drzak-rucniku-50x17cm-buk-koupelny-sanita-cz-nejlepsi-cena-42706\/\",\"url\":\"https:\/\/www.domtechnikpro.com\/index.php\/produkt\/retro-drzak-rucniku-50x17cm-buk-koupelny-sanita-cz-nejlepsi-cena-42706\/\",\"name\":\"RETRO dr\u017e\u00e1k ru\u010dn\u00edk\u016f 50x17cm, buk - koupelny-sanita.cz Nejlep\u0161\u00ed Cena - Pr\u016fmyslov\u00e9 vybaven\u00ed a p\u0159\u00edslu\u0161enstv\u00ed\",\"isPartOf\":{\"@id\":\"https:\/\/www.domtechnikpro.com\/#website\"},\"primaryImageOfPage\":{\"@id\":\"https:\/\/www.domtechnikpro.com\/index.php\/produkt\/retro-drzak-rucniku-50x17cm-buk-koupelny-sanita-cz-nejlepsi-cena-42706\/#primaryimage\"},\"image\":{\"@id\":\"https:\/\/www.domtechnikpro.com\/index.php\/produkt\/retro-drzak-rucniku-50x17cm-buk-koupelny-sanita-cz-nejlepsi-cena-42706\/#primaryimage\"},\"thumbnailUrl\":\"https:\/\/www.domtechnikpro.com\/wp-content\/uploads\/2026\/SK0001536-CZ20260425-092556-0-1777080363-20338-1_retro-drzak-rucniku-50x17cm--buk.webp\",\"datePublished\":\"2026-04-26T08:59:17+00:00\",\"breadcrumb\":{\"@id\":\"https:\/\/www.domtechnikpro.com\/index.php\/produkt\/retro-drzak-rucniku-50x17cm-buk-koupelny-sanita-cz-nejlepsi-cena-42706\/#breadcrumb\"},\"inLanguage\":\"cs\",\"potentialAction\":[{\"@type\":\"ReadAction\",\"target\":[\"https:\/\/www.domtechnikpro.com\/index.php\/produkt\/retro-drzak-rucniku-50x17cm-buk-koupelny-sanita-cz-nejlepsi-cena-42706\/\"]}]},{\"@type\":\"ImageObject\",\"inLanguage\":\"cs\",\"@id\":\"https:\/\/www.domtechnikpro.com\/index.php\/produkt\/retro-drzak-rucniku-50x17cm-buk-koupelny-sanita-cz-nejlepsi-cena-42706\/#primaryimage\",\"url\":\"https:\/\/www.domtechnikpro.com\/wp-content\/uploads\/2026\/SK0001536-CZ20260425-092556-0-1777080363-20338-1_retro-drzak-rucniku-50x17cm--buk.webp\",\"contentUrl\":\"https:\/\/www.domtechnikpro.com\/wp-content\/uploads\/2026\/SK0001536-CZ20260425-092556-0-1777080363-20338-1_retro-drzak-rucniku-50x17cm--buk.webp\",\"width\":1000,\"height\":750},{\"@type\":\"BreadcrumbList\",\"@id\":\"https:\/\/www.domtechnikpro.com\/index.php\/produkt\/retro-drzak-rucniku-50x17cm-buk-koupelny-sanita-cz-nejlepsi-cena-42706\/#breadcrumb\",\"itemListElement\":[{\"@type\":\"ListItem\",\"position\":1,\"name\":\"Home\",\"item\":\"https:\/\/www.domtechnikpro.com\/\"},{\"@type\":\"ListItem\",\"position\":2,\"name\":\"Products\",\"item\":\"https:\/\/www.domtechnikpro.com\/products\/\"},{\"@type\":\"ListItem\",\"position\":3,\"name\":\"RETRO dr\u017e\u00e1k ru\u010dn\u00edk\u016f 50x17cm, buk &#8211; koupelny-sanita.cz Nejlep\u0161\u00ed Cena\"}]},{\"@type\":\"WebSite\",\"@id\":\"https:\/\/www.domtechnikpro.com\/#website\",\"url\":\"https:\/\/www.domtechnikpro.com\/\",\"name\":\"Pr\u016fmyslov\u00e9 vybaven\u00ed a p\u0159\u00edslu\u0161enstv\u00ed\",\"description\":\"Pr\u016fmyslov\u00e9 vybaven\u00ed a p\u0159\u00edslu\u0161enstv\u00ed\",\"publisher\":{\"@id\":\"https:\/\/www.domtechnikpro.com\/#organization\"},\"potentialAction\":[{\"@type\":\"SearchAction\",\"target\":{\"@type\":\"EntryPoint\",\"urlTemplate\":\"https:\/\/www.domtechnikpro.com\/?s={search_term_string}\"},\"query-input\":{\"@type\":\"PropertyValueSpecification\",\"valueRequired\":true,\"valueName\":\"search_term_string\"}}],\"inLanguage\":\"cs\"},{\"@type\":\"Organization\",\"@id\":\"https:\/\/www.domtechnikpro.com\/#organization\",\"name\":\"Pr\u016fmyslov\u00e9 vybaven\u00ed a p\u0159\u00edslu\u0161enstv\u00ed\",\"url\":\"https:\/\/www.domtechnikpro.com\/\",\"logo\":{\"@type\":\"ImageObject\",\"inLanguage\":\"cs\",\"@id\":\"https:\/\/www.domtechnikpro.com\/#\/schema\/logo\/image\/\",\"url\":\"https:\/\/www.domtechnikpro.com\/wp-content\/uploads\/2026\/04\/domtechnikpro_logo_full.svg\",\"contentUrl\":\"https:\/\/www.domtechnikpro.com\/wp-content\/uploads\/2026\/04\/domtechnikpro_logo_full.svg\",\"width\":920,\"height\":180,\"caption\":\"Pr\u016fmyslov\u00e9 vybaven\u00ed a p\u0159\u00edslu\u0161enstv\u00ed\"},\"image\":{\"@id\":\"https:\/\/www.domtechnikpro.com\/#\/schema\/logo\/image\/\"}}]}<\/script>\n<!-- \/ Yoast SEO plugin. -->","yoast_head_json":{"title":"RETRO dr\u017e\u00e1k ru\u010dn\u00edk\u016f 50x17cm, buk - koupelny-sanita.cz Nejlep\u0161\u00ed Cena - Pr\u016fmyslov\u00e9 vybaven\u00ed a p\u0159\u00edslu\u0161enstv\u00ed","robots":{"index":"index","follow":"follow","max-snippet":"max-snippet:-1","max-image-preview":"max-image-preview:large","max-video-preview":"max-video-preview:-1"},"canonical":"https:\/\/www.domtechnikpro.com\/index.php\/produkt\/retro-drzak-rucniku-50x17cm-buk-koupelny-sanita-cz-nejlepsi-cena-42706\/","og_locale":"cs_CZ","og_type":"article","og_title":"RETRO dr\u017e\u00e1k ru\u010dn\u00edk\u016f 50x17cm, buk - koupelny-sanita.cz Nejlep\u0161\u00ed Cena - Pr\u016fmyslov\u00e9 vybaven\u00ed a p\u0159\u00edslu\u0161enstv\u00ed","og_description":"Detailn\u00ed popis produktu Povrchov\u00e1 \u00faprava: mo\u0159en\u00fd buk + kryc\u00ed lak od italsk\u00e9 firmy ASTRA VERNICI Retro styl vn\u00e1\u0161\u00ed do interi\u00e9ru tradici, vzpom\u00ednky na star\u00e9 \u010dasy a pocit tepla domova. Jednou z&nbsp;nejv\u011bt\u0161\u00edch v\u00fdhod retro stylu je fakt, \u017ee vlastn\u011b nikdy nevyjde z&nbsp;m\u00f3dy. Lid\u00e9 se znovu vrac\u00ed ke star\u00fdm v\u011bcem, proto\u017ee jim symbolizuj\u00ed kvalitu, kter\u00e1 p\u0159ekonala n\u011bkolik [&hellip;]","og_url":"https:\/\/www.domtechnikpro.com\/index.php\/produkt\/retro-drzak-rucniku-50x17cm-buk-koupelny-sanita-cz-nejlepsi-cena-42706\/","og_site_name":"Pr\u016fmyslov\u00e9 vybaven\u00ed a p\u0159\u00edslu\u0161enstv\u00ed","og_image":[{"width":1000,"height":750,"url":"https:\/\/www.domtechnikpro.com\/wp-content\/uploads\/2026\/SK0001536-CZ20260425-092556-0-1777080363-20338-1_retro-drzak-rucniku-50x17cm--buk.webp","type":"image\/webp"}],"twitter_card":"summary_large_image","twitter_misc":{"Odhadovan\u00e1 doba \u010dten\u00ed":"1 minuta"},"schema":{"@context":"https:\/\/schema.org","@graph":[{"@type":"WebPage","@id":"https:\/\/www.domtechnikpro.com\/index.php\/produkt\/retro-drzak-rucniku-50x17cm-buk-koupelny-sanita-cz-nejlepsi-cena-42706\/","url":"https:\/\/www.domtechnikpro.com\/index.php\/produkt\/retro-drzak-rucniku-50x17cm-buk-koupelny-sanita-cz-nejlepsi-cena-42706\/","name":"RETRO dr\u017e\u00e1k ru\u010dn\u00edk\u016f 50x17cm, buk - koupelny-sanita.cz Nejlep\u0161\u00ed Cena - Pr\u016fmyslov\u00e9 vybaven\u00ed a p\u0159\u00edslu\u0161enstv\u00ed","isPartOf":{"@id":"https:\/\/www.domtechnikpro.com\/#website"},"primaryImageOfPage":{"@id":"https:\/\/www.domtechnikpro.com\/index.php\/produkt\/retro-drzak-rucniku-50x17cm-buk-koupelny-sanita-cz-nejlepsi-cena-42706\/#primaryimage"},"image":{"@id":"https:\/\/www.domtechnikpro.com\/index.php\/produkt\/retro-drzak-rucniku-50x17cm-buk-koupelny-sanita-cz-nejlepsi-cena-42706\/#primaryimage"},"thumbnailUrl":"https:\/\/www.domtechnikpro.com\/wp-content\/uploads\/2026\/SK0001536-CZ20260425-092556-0-1777080363-20338-1_retro-drzak-rucniku-50x17cm--buk.webp","datePublished":"2026-04-26T08:59:17+00:00","breadcrumb":{"@id":"https:\/\/www.domtechnikpro.com\/index.php\/produkt\/retro-drzak-rucniku-50x17cm-buk-koupelny-sanita-cz-nejlepsi-cena-42706\/#breadcrumb"},"inLanguage":"cs","potentialAction":[{"@type":"ReadAction","target":["https:\/\/www.domtechnikpro.com\/index.php\/produkt\/retro-drzak-rucniku-50x17cm-buk-koupelny-sanita-cz-nejlepsi-cena-42706\/"]}]},{"@type":"ImageObject","inLanguage":"cs","@id":"https:\/\/www.domtechnikpro.com\/index.php\/produkt\/retro-drzak-rucniku-50x17cm-buk-koupelny-sanita-cz-nejlepsi-cena-42706\/#primaryimage","url":"https:\/\/www.domtechnikpro.com\/wp-content\/uploads\/2026\/SK0001536-CZ20260425-092556-0-1777080363-20338-1_retro-drzak-rucniku-50x17cm--buk.webp","contentUrl":"https:\/\/www.domtechnikpro.com\/wp-content\/uploads\/2026\/SK0001536-CZ20260425-092556-0-1777080363-20338-1_retro-drzak-rucniku-50x17cm--buk.webp","width":1000,"height":750},{"@type":"BreadcrumbList","@id":"https:\/\/www.domtechnikpro.com\/index.php\/produkt\/retro-drzak-rucniku-50x17cm-buk-koupelny-sanita-cz-nejlepsi-cena-42706\/#breadcrumb","itemListElement":[{"@type":"ListItem","position":1,"name":"Home","item":"https:\/\/www.domtechnikpro.com\/"},{"@type":"ListItem","position":2,"name":"Products","item":"https:\/\/www.domtechnikpro.com\/products\/"},{"@type":"ListItem","position":3,"name":"RETRO dr\u017e\u00e1k ru\u010dn\u00edk\u016f 50x17cm, buk &#8211; koupelny-sanita.cz Nejlep\u0161\u00ed Cena"}]},{"@type":"WebSite","@id":"https:\/\/www.domtechnikpro.com\/#website","url":"https:\/\/www.domtechnikpro.com\/","name":"Pr\u016fmyslov\u00e9 vybaven\u00ed a p\u0159\u00edslu\u0161enstv\u00ed","description":"Pr\u016fmyslov\u00e9 vybaven\u00ed a p\u0159\u00edslu\u0161enstv\u00ed","publisher":{"@id":"https:\/\/www.domtechnikpro.com\/#organization"},"potentialAction":[{"@type":"SearchAction","target":{"@type":"EntryPoint","urlTemplate":"https:\/\/www.domtechnikpro.com\/?s={search_term_string}"},"query-input":{"@type":"PropertyValueSpecification","valueRequired":true,"valueName":"search_term_string"}}],"inLanguage":"cs"},{"@type":"Organization","@id":"https:\/\/www.domtechnikpro.com\/#organization","name":"Pr\u016fmyslov\u00e9 vybaven\u00ed a p\u0159\u00edslu\u0161enstv\u00ed","url":"https:\/\/www.domtechnikpro.com\/","logo":{"@type":"ImageObject","inLanguage":"cs","@id":"https:\/\/www.domtechnikpro.com\/#\/schema\/logo\/image\/","url":"https:\/\/www.domtechnikpro.com\/wp-content\/uploads\/2026\/04\/domtechnikpro_logo_full.svg","contentUrl":"https:\/\/www.domtechnikpro.com\/wp-content\/uploads\/2026\/04\/domtechnikpro_logo_full.svg","width":920,"height":180,"caption":"Pr\u016fmyslov\u00e9 vybaven\u00ed a p\u0159\u00edslu\u0161enstv\u00ed"},"image":{"@id":"https:\/\/www.domtechnikpro.com\/#\/schema\/logo\/image\/"}}]}},"_links":{"self":[{"href":"https:\/\/www.domtechnikpro.com\/wp-json\/wp\/v2\/product\/42706","targetHints":{"allow":["GET"]}}],"collection":[{"href":"https:\/\/www.domtechnikpro.com\/wp-json\/wp\/v2\/product"}],"about":[{"href":"https:\/\/www.domtechnikpro.com\/wp-json\/wp\/v2\/types\/product"}],"replies":[{"embeddable":true,"href":"https:\/\/www.domtechnikpro.com\/wp-json\/wp\/v2\/comments?post=42706"}],"wp:featuredmedia":[{"embeddable":true,"href":"https:\/\/www.domtechnikpro.com\/wp-json\/wp\/v2\/media\/42806"}],"wp:attachment":[{"href":"https:\/\/www.domtechnikpro.com\/wp-json\/wp\/v2\/media?parent=42706"}],"wp:term":[{"taxonomy":"product_brand","embeddable":true,"href":"https:\/\/www.domtechnikpro.com\/wp-json\/wp\/v2\/product_brand?post=42706"},{"taxonomy":"product_cat","embeddable":true,"href":"https:\/\/www.domtechnikpro.com\/wp-json\/wp\/v2\/product_cat?post=42706"},{"taxonomy":"product_tag","embeddable":true,"href":"https:\/\/www.domtechnikpro.com\/wp-json\/wp\/v2\/product_tag?post=42706"}],"curies":[{"name":"wp","href":"https:\/\/api.w.org\/{rel}","templated":true}]}}