{"id":42702,"date":"2026-04-26T08:59:17","date_gmt":"2026-04-26T08:59:17","guid":{"rendered":""},"modified":"2026-04-26T08:59:17","modified_gmt":"2026-04-26T08:59:17","slug":"vysoce-kvalitni-dyje-rohova-vana-150x150x42cm-bila-42702","status":"publish","type":"product","link":"https:\/\/www.domtechnikpro.com\/index.php\/produkt\/vysoce-kvalitni-dyje-rohova-vana-150x150x42cm-bila-42702\/","title":{"rendered":"Vysoce Kvalitn\u00ed DYJE rohov\u00e1 vana 150x150x42cm, b\u00edl\u00e1"},"content":{"rendered":"<div class=\"basic-description\">\n<h3>Detailn\u00ed popis produktu<\/h3>\n<div>\n<p>Sv\u00fdm rozm\u011brem je tato vana ur\u010dena pro v\u011bt\u0161\u00ed koupelny. D\u00edky jednoduch\u00fdm, modern\u00edm tvar\u016fm je vana DYJE jednou z nejprod\u00e1van\u011bj\u0161\u00edch. Velmi poveden\u00fd vnit\u0159n\u00ed prostor umo\u017e\u0148uje pohodlnou koupel. Na rovn\u00fd okraj vany je mo\u017eno instalovat v\u011bt\u0161inu komponent\u016f jak pro napou\u0161t\u011bn\u00ed, tak i pro p\u0159\u00edpadn\u00e9 ovl\u00e1d\u00e1n\u00ed hydromas\u00e1\u017en\u00edho syst\u00e9mu.<\/p>\n<p>Podm\u00ednkou z\u00e1ruky na produkt je pou\u017eit\u00ed doporu\u010den\u00e9ho typu podstavce.<\/p>\n<\/div>\n<div class=\"product-explanation-item\">\n<h3>Akryl\u00e1t<\/h3>\n<p style=\"text-align: justify;\">Akryl\u00e1tov\u00e9 vany a vani\u010dky jsou vyr\u00e1b\u011bny ze zna\u010dkov\u00e9ho akryl\u00e1tu. Na rozd\u00edl od koextrudovan\u00fdch akryl\u00e1tov\u00fdch desek, kter\u00e9 maj\u00ed m\u011bk\u010d\u00ed povrch a men\u0161\u00ed chemickou odolnost, se vyr\u00e1b\u00ed lit\u00edm. To mj. znamen\u00e1, \u017ee je probarven\u00fd v cel\u00e9 tlou\u0161\u0165ce, pln\u011b st\u00e1lobarevn\u00fd, nepor\u00e9zn\u00ed a s vysokou povrchovou pevnost\u00ed. M\u00e1 hladk\u00fd povrch s minim\u00e1ln\u00ed mo\u017enost\u00ed uklouznut\u00ed a dob\u0159e tlum\u00ed hluk dopadaj\u00edc\u00ed vody.<\/p>\n<\/div>\n<div class=\"product-explanation-item\">\n<h3><strong>Oboustrann\u00e1 vana<\/strong><\/h3>\n<p style=\"text-align: justify;\">Vana s pohodln\u011b tvarovan\u00fdmi st\u011bnami pro op\u0159en\u00ed zad na obou stran\u00e1ch a odtokem um\u00edst\u011bn\u00fdm uprost\u0159ed.<\/p>\n<\/div><\/div>\n<div class=\"extended-description\">\n<h3>Dopl\u0148kov\u00e9 parametry<\/h3>\n<table class=\"detail-parameters\">\n<tbody>\n<tr>\n<th>        <span class=\"row-header-label\">            Kategorie<span class=\"row-header-label-colon\">:<\/span>        <\/span>    <\/th>\n<td>            <\/td>\n<\/tr>\n<tr>\n<th>            <span class=\"row-header-label\">                Z\u00e1ruka<span class=\"row-header-label-colon\">:<\/span>            <\/span>        <\/th>\n<td>            24        <\/td>\n<\/tr>\n<tr>\n<th>            <span class=\"row-header-label\">                Hmotnost<span class=\"row-header-label-colon\">:<\/span>            <\/span>        <\/th>\n<td>            27 kg        <\/td>\n<\/tr>\n<tr class=\"productEan\">\n<th>          <span class=\"row-header-label productEan__label\">              EAN<span class=\"row-header-label-colon\">:<\/span>          <\/span>      <\/th>\n<td>          <span class=\"productEan__value\">8590729080572<\/span>      <\/td>\n<\/tr>\n<tr>\n<th>                <span class=\"row-header-label\">                                            3D model<span class=\"row-header-label-colon\">:<\/span>                                    <\/span>            <\/th>\n<td>                                                            ANO                                                <\/td>\n<\/tr>\n<tr>\n<th>                <span class=\"row-header-label\">                                            Balen\u00ed<span class=\"row-header-label-colon\">:<\/span>                                    <\/span>            <\/th>\n<td>                                                            1 ks                                                <\/td>\n<\/tr>\n<tr>\n<th>                <span class=\"row-header-label\">                                            Barva<span class=\"row-header-label-colon\">:<\/span>                                    <\/span>            <\/th>\n<td>                                                            B\u00edl\u00e1                                                <\/td>\n<\/tr>\n<tr>\n<th>                <span class=\"row-header-label\">                                            D\u00e9lka<span class=\"row-header-label-colon\">:<\/span>                                    <\/span>            <\/th>\n<td>                                                            1500 mm                                                <\/td>\n<\/tr>\n<tr>\n<th>                <span class=\"row-header-label\">                                            Dostupnost<span class=\"row-header-label-colon\">:<\/span>                                    <\/span>            <\/th>\n<td>                                                            Skladem                                                <\/td>\n<\/tr>\n<tr>\n<th>                <span class=\"row-header-label\">                                            Instalace<span class=\"row-header-label-colon\">:<\/span>                                    <\/span>            <\/th>\n<td>                                                            Vestavn\u00e1 (k obezd\u011bn\u00ed)                                                <\/td>\n<\/tr>\n<tr>\n<th>                <span class=\"row-header-label\">                                            Materi\u00e1l<span class=\"row-header-label-colon\">:<\/span>                                    <\/span>            <\/th>\n<td>                                                            Akryl\u00e1t                                                <\/td>\n<\/tr>\n<tr>\n<th>                <span class=\"row-header-label\">                                            Objem<span class=\"row-header-label-colon\">:<\/span>                                    <\/span>            <\/th>\n<td>                                                            290 l                                                <\/td>\n<\/tr>\n<tr>\n<th>                <span class=\"row-header-label\">                                            Pr\u016fm\u011br odpadu<span class=\"row-header-label-colon\">:<\/span>                                    <\/span>            <\/th>\n<td>                                                            52 mm                                                <\/td>\n<\/tr>\n<tr>\n<th>                <span class=\"row-header-label\">                                            Rozm\u011br<span class=\"row-header-label-colon\">:<\/span>                                    <\/span>            <\/th>\n<td>                                                            150x150x42 cm                                                <\/td>\n<\/tr>\n<tr>\n<th>                <span class=\"row-header-label\">                                            \u0160\u00ed\u0159ka<span class=\"row-header-label-colon\">:<\/span>                                    <\/span>            <\/th>\n<td>                                                            1500 mm                                                <\/td>\n<\/tr>\n<tr>\n<th>                <span class=\"row-header-label\">                                            Tvar<span class=\"row-header-label-colon\">:<\/span>                                    <\/span>            <\/th>\n<td>                                                            Rohov\u00e9                                                <\/td>\n<\/tr>\n<tr>\n<th>                <span class=\"row-header-label\">                                            Vlastnosti<span class=\"row-header-label-colon\">:<\/span>                                    <\/span>            <\/th>\n<td>                                                            Oboustrann\u00e1;V\u00fd\u0161ka okraje 40 mm (Standard)                                                <\/td>\n<\/tr>\n<tr>\n<th>                <span class=\"row-header-label\">                                            V\u00fd\u0161ka<span class=\"row-header-label-colon\">:<\/span>                                    <\/span>            <\/th>\n<td>                                                            420 mm                                                <\/td>\n<\/tr>\n<tr>\n<th>                <span class=\"row-header-label\">                                            Z\u00e1ruka<span class=\"row-header-label-colon\">:<\/span>                                    <\/span>            <\/th>\n<td>                                                            2 roky                                                <\/td>\n<\/tr>\n<\/tbody>\n<\/table><\/div>\n<\/p><\/div>\n<\/p><\/div>\n","protected":false},"excerpt":{"rendered":"<p>Detailn\u00ed popis produktu Sv\u00fdm rozm\u011brem je tato vana ur\u010dena pro v\u011bt\u0161\u00ed koupelny. D\u00edky jednoduch\u00fdm, modern\u00edm tvar\u016fm je vana DYJE jednou z nejprod\u00e1van\u011bj\u0161\u00edch. Velmi poveden\u00fd vnit\u0159n\u00ed prostor umo\u017e\u0148uje pohodlnou koupel. Na rovn\u00fd okraj vany je mo\u017eno instalovat v\u011bt\u0161inu komponent\u016f jak pro napou\u0161t\u011bn\u00ed, tak i pro p\u0159\u00edpadn\u00e9 ovl\u00e1d\u00e1n\u00ed hydromas\u00e1\u017en\u00edho syst\u00e9mu. Podm\u00ednkou z\u00e1ruky na produkt je pou\u017eit\u00ed doporu\u010den\u00e9ho [&hellip;]<\/p>\n","protected":false},"featured_media":42802,"comment_status":"open","ping_status":"open","template":"","meta":[],"product_brand":[],"product_cat":[144],"product_tag":[],"class_list":{"0":"post-42702","1":"product","2":"type-product","3":"status-publish","4":"has-post-thumbnail","6":"product_cat-vany","8":"first","9":"instock","10":"sale","11":"shipping-taxable","12":"purchasable","13":"product-type-simple"},"yoast_head":"<!-- This site is optimized with the Yoast SEO plugin v26.8 - https:\/\/yoast.com\/product\/yoast-seo-wordpress\/ -->\n<title>Vysoce Kvalitn\u00ed DYJE rohov\u00e1 vana 150x150x42cm, b\u00edl\u00e1 -<\/title>\n<meta name=\"robots\" content=\"index, follow, max-snippet:-1, max-image-preview:large, max-video-preview:-1\" \/>\n<link rel=\"canonical\" href=\"https:\/\/www.domtechnikpro.com\/index.php\/produkt\/vysoce-kvalitni-dyje-rohova-vana-150x150x42cm-bila-42702\/\" \/>\n<meta property=\"og:locale\" content=\"cs_CZ\" \/>\n<meta property=\"og:type\" content=\"article\" \/>\n<meta property=\"og:title\" content=\"Vysoce Kvalitn\u00ed DYJE rohov\u00e1 vana 150x150x42cm, b\u00edl\u00e1 -\" \/>\n<meta property=\"og:description\" content=\"Detailn\u00ed popis produktu Sv\u00fdm rozm\u011brem je tato vana ur\u010dena pro v\u011bt\u0161\u00ed koupelny. D\u00edky jednoduch\u00fdm, modern\u00edm tvar\u016fm je vana DYJE jednou z nejprod\u00e1van\u011bj\u0161\u00edch. Velmi poveden\u00fd vnit\u0159n\u00ed prostor umo\u017e\u0148uje pohodlnou koupel. Na rovn\u00fd okraj vany je mo\u017eno instalovat v\u011bt\u0161inu komponent\u016f jak pro napou\u0161t\u011bn\u00ed, tak i pro p\u0159\u00edpadn\u00e9 ovl\u00e1d\u00e1n\u00ed hydromas\u00e1\u017en\u00edho syst\u00e9mu. Podm\u00ednkou z\u00e1ruky na produkt je pou\u017eit\u00ed doporu\u010den\u00e9ho [&hellip;]\" \/>\n<meta property=\"og:url\" content=\"https:\/\/www.domtechnikpro.com\/index.php\/produkt\/vysoce-kvalitni-dyje-rohova-vana-150x150x42cm-bila-42702\/\" \/>\n<meta property=\"og:image\" content=\"https:\/\/www.domtechnikpro.com\/wp-content\/uploads\/2026\/SK0001532-CZ20260425-092556-0-1777080363-20254_a1550-137417478653709.webp\" \/>\n\t<meta property=\"og:image:width\" content=\"1000\" \/>\n\t<meta property=\"og:image:height\" content=\"750\" \/>\n\t<meta property=\"og:image:type\" content=\"image\/webp\" \/>\n<meta name=\"twitter:card\" content=\"summary_large_image\" \/>\n<meta name=\"twitter:label1\" content=\"Odhadovan\u00e1 doba \u010dten\u00ed\" \/>\n\t<meta name=\"twitter:data1\" content=\"1 minuta\" \/>\n<script type=\"application\/ld+json\" class=\"yoast-schema-graph\">{\"@context\":\"https:\/\/schema.org\",\"@graph\":[{\"@type\":\"WebPage\",\"@id\":\"https:\/\/www.domtechnikpro.com\/index.php\/produkt\/vysoce-kvalitni-dyje-rohova-vana-150x150x42cm-bila-42702\/\",\"url\":\"https:\/\/www.domtechnikpro.com\/index.php\/produkt\/vysoce-kvalitni-dyje-rohova-vana-150x150x42cm-bila-42702\/\",\"name\":\"Vysoce Kvalitn\u00ed DYJE rohov\u00e1 vana 150x150x42cm, b\u00edl\u00e1 -\",\"isPartOf\":{\"@id\":\"https:\/\/www.domtechnikpro.com\/#website\"},\"primaryImageOfPage\":{\"@id\":\"https:\/\/www.domtechnikpro.com\/index.php\/produkt\/vysoce-kvalitni-dyje-rohova-vana-150x150x42cm-bila-42702\/#primaryimage\"},\"image\":{\"@id\":\"https:\/\/www.domtechnikpro.com\/index.php\/produkt\/vysoce-kvalitni-dyje-rohova-vana-150x150x42cm-bila-42702\/#primaryimage\"},\"thumbnailUrl\":\"https:\/\/www.domtechnikpro.com\/wp-content\/uploads\/2026\/SK0001532-CZ20260425-092556-0-1777080363-20254_a1550-137417478653709.webp\",\"datePublished\":\"2026-04-26T08:59:17+00:00\",\"breadcrumb\":{\"@id\":\"https:\/\/www.domtechnikpro.com\/index.php\/produkt\/vysoce-kvalitni-dyje-rohova-vana-150x150x42cm-bila-42702\/#breadcrumb\"},\"inLanguage\":\"cs\",\"potentialAction\":[{\"@type\":\"ReadAction\",\"target\":[\"https:\/\/www.domtechnikpro.com\/index.php\/produkt\/vysoce-kvalitni-dyje-rohova-vana-150x150x42cm-bila-42702\/\"]}]},{\"@type\":\"ImageObject\",\"inLanguage\":\"cs\",\"@id\":\"https:\/\/www.domtechnikpro.com\/index.php\/produkt\/vysoce-kvalitni-dyje-rohova-vana-150x150x42cm-bila-42702\/#primaryimage\",\"url\":\"https:\/\/www.domtechnikpro.com\/wp-content\/uploads\/2026\/SK0001532-CZ20260425-092556-0-1777080363-20254_a1550-137417478653709.webp\",\"contentUrl\":\"https:\/\/www.domtechnikpro.com\/wp-content\/uploads\/2026\/SK0001532-CZ20260425-092556-0-1777080363-20254_a1550-137417478653709.webp\",\"width\":1000,\"height\":750},{\"@type\":\"BreadcrumbList\",\"@id\":\"https:\/\/www.domtechnikpro.com\/index.php\/produkt\/vysoce-kvalitni-dyje-rohova-vana-150x150x42cm-bila-42702\/#breadcrumb\",\"itemListElement\":[{\"@type\":\"ListItem\",\"position\":1,\"name\":\"Home\",\"item\":\"https:\/\/www.domtechnikpro.com\/\"},{\"@type\":\"ListItem\",\"position\":2,\"name\":\"Products\",\"item\":\"https:\/\/www.domtechnikpro.com\/index.php\/products\/\"},{\"@type\":\"ListItem\",\"position\":3,\"name\":\"Vysoce Kvalitn\u00ed DYJE rohov\u00e1 vana 150x150x42cm, b\u00edl\u00e1\"}]},{\"@type\":\"WebSite\",\"@id\":\"https:\/\/www.domtechnikpro.com\/#website\",\"url\":\"https:\/\/www.domtechnikpro.com\/\",\"name\":\"\",\"description\":\"\",\"potentialAction\":[{\"@type\":\"SearchAction\",\"target\":{\"@type\":\"EntryPoint\",\"urlTemplate\":\"https:\/\/www.domtechnikpro.com\/?s={search_term_string}\"},\"query-input\":{\"@type\":\"PropertyValueSpecification\",\"valueRequired\":true,\"valueName\":\"search_term_string\"}}],\"inLanguage\":\"cs\"}]}<\/script>\n<!-- \/ Yoast SEO plugin. -->","yoast_head_json":{"title":"Vysoce Kvalitn\u00ed DYJE rohov\u00e1 vana 150x150x42cm, b\u00edl\u00e1 -","robots":{"index":"index","follow":"follow","max-snippet":"max-snippet:-1","max-image-preview":"max-image-preview:large","max-video-preview":"max-video-preview:-1"},"canonical":"https:\/\/www.domtechnikpro.com\/index.php\/produkt\/vysoce-kvalitni-dyje-rohova-vana-150x150x42cm-bila-42702\/","og_locale":"cs_CZ","og_type":"article","og_title":"Vysoce Kvalitn\u00ed DYJE rohov\u00e1 vana 150x150x42cm, b\u00edl\u00e1 -","og_description":"Detailn\u00ed popis produktu Sv\u00fdm rozm\u011brem je tato vana ur\u010dena pro v\u011bt\u0161\u00ed koupelny. D\u00edky jednoduch\u00fdm, modern\u00edm tvar\u016fm je vana DYJE jednou z nejprod\u00e1van\u011bj\u0161\u00edch. Velmi poveden\u00fd vnit\u0159n\u00ed prostor umo\u017e\u0148uje pohodlnou koupel. Na rovn\u00fd okraj vany je mo\u017eno instalovat v\u011bt\u0161inu komponent\u016f jak pro napou\u0161t\u011bn\u00ed, tak i pro p\u0159\u00edpadn\u00e9 ovl\u00e1d\u00e1n\u00ed hydromas\u00e1\u017en\u00edho syst\u00e9mu. Podm\u00ednkou z\u00e1ruky na produkt je pou\u017eit\u00ed doporu\u010den\u00e9ho [&hellip;]","og_url":"https:\/\/www.domtechnikpro.com\/index.php\/produkt\/vysoce-kvalitni-dyje-rohova-vana-150x150x42cm-bila-42702\/","og_image":[{"width":1000,"height":750,"url":"https:\/\/www.domtechnikpro.com\/wp-content\/uploads\/2026\/SK0001532-CZ20260425-092556-0-1777080363-20254_a1550-137417478653709.webp","type":"image\/webp"}],"twitter_card":"summary_large_image","twitter_misc":{"Odhadovan\u00e1 doba \u010dten\u00ed":"1 minuta"},"schema":{"@context":"https:\/\/schema.org","@graph":[{"@type":"WebPage","@id":"https:\/\/www.domtechnikpro.com\/index.php\/produkt\/vysoce-kvalitni-dyje-rohova-vana-150x150x42cm-bila-42702\/","url":"https:\/\/www.domtechnikpro.com\/index.php\/produkt\/vysoce-kvalitni-dyje-rohova-vana-150x150x42cm-bila-42702\/","name":"Vysoce Kvalitn\u00ed DYJE rohov\u00e1 vana 150x150x42cm, b\u00edl\u00e1 -","isPartOf":{"@id":"https:\/\/www.domtechnikpro.com\/#website"},"primaryImageOfPage":{"@id":"https:\/\/www.domtechnikpro.com\/index.php\/produkt\/vysoce-kvalitni-dyje-rohova-vana-150x150x42cm-bila-42702\/#primaryimage"},"image":{"@id":"https:\/\/www.domtechnikpro.com\/index.php\/produkt\/vysoce-kvalitni-dyje-rohova-vana-150x150x42cm-bila-42702\/#primaryimage"},"thumbnailUrl":"https:\/\/www.domtechnikpro.com\/wp-content\/uploads\/2026\/SK0001532-CZ20260425-092556-0-1777080363-20254_a1550-137417478653709.webp","datePublished":"2026-04-26T08:59:17+00:00","breadcrumb":{"@id":"https:\/\/www.domtechnikpro.com\/index.php\/produkt\/vysoce-kvalitni-dyje-rohova-vana-150x150x42cm-bila-42702\/#breadcrumb"},"inLanguage":"cs","potentialAction":[{"@type":"ReadAction","target":["https:\/\/www.domtechnikpro.com\/index.php\/produkt\/vysoce-kvalitni-dyje-rohova-vana-150x150x42cm-bila-42702\/"]}]},{"@type":"ImageObject","inLanguage":"cs","@id":"https:\/\/www.domtechnikpro.com\/index.php\/produkt\/vysoce-kvalitni-dyje-rohova-vana-150x150x42cm-bila-42702\/#primaryimage","url":"https:\/\/www.domtechnikpro.com\/wp-content\/uploads\/2026\/SK0001532-CZ20260425-092556-0-1777080363-20254_a1550-137417478653709.webp","contentUrl":"https:\/\/www.domtechnikpro.com\/wp-content\/uploads\/2026\/SK0001532-CZ20260425-092556-0-1777080363-20254_a1550-137417478653709.webp","width":1000,"height":750},{"@type":"BreadcrumbList","@id":"https:\/\/www.domtechnikpro.com\/index.php\/produkt\/vysoce-kvalitni-dyje-rohova-vana-150x150x42cm-bila-42702\/#breadcrumb","itemListElement":[{"@type":"ListItem","position":1,"name":"Home","item":"https:\/\/www.domtechnikpro.com\/"},{"@type":"ListItem","position":2,"name":"Products","item":"https:\/\/www.domtechnikpro.com\/index.php\/products\/"},{"@type":"ListItem","position":3,"name":"Vysoce Kvalitn\u00ed DYJE rohov\u00e1 vana 150x150x42cm, b\u00edl\u00e1"}]},{"@type":"WebSite","@id":"https:\/\/www.domtechnikpro.com\/#website","url":"https:\/\/www.domtechnikpro.com\/","name":"","description":"","potentialAction":[{"@type":"SearchAction","target":{"@type":"EntryPoint","urlTemplate":"https:\/\/www.domtechnikpro.com\/?s={search_term_string}"},"query-input":{"@type":"PropertyValueSpecification","valueRequired":true,"valueName":"search_term_string"}}],"inLanguage":"cs"}]}},"_links":{"self":[{"href":"https:\/\/www.domtechnikpro.com\/index.php\/wp-json\/wp\/v2\/product\/42702","targetHints":{"allow":["GET"]}}],"collection":[{"href":"https:\/\/www.domtechnikpro.com\/index.php\/wp-json\/wp\/v2\/product"}],"about":[{"href":"https:\/\/www.domtechnikpro.com\/index.php\/wp-json\/wp\/v2\/types\/product"}],"replies":[{"embeddable":true,"href":"https:\/\/www.domtechnikpro.com\/index.php\/wp-json\/wp\/v2\/comments?post=42702"}],"wp:featuredmedia":[{"embeddable":true,"href":"https:\/\/www.domtechnikpro.com\/index.php\/wp-json\/wp\/v2\/media\/42802"}],"wp:attachment":[{"href":"https:\/\/www.domtechnikpro.com\/index.php\/wp-json\/wp\/v2\/media?parent=42702"}],"wp:term":[{"taxonomy":"product_brand","embeddable":true,"href":"https:\/\/www.domtechnikpro.com\/index.php\/wp-json\/wp\/v2\/product_brand?post=42702"},{"taxonomy":"product_cat","embeddable":true,"href":"https:\/\/www.domtechnikpro.com\/index.php\/wp-json\/wp\/v2\/product_cat?post=42702"},{"taxonomy":"product_tag","embeddable":true,"href":"https:\/\/www.domtechnikpro.com\/index.php\/wp-json\/wp\/v2\/product_tag?post=42702"}],"curies":[{"name":"wp","href":"https:\/\/api.w.org\/{rel}","templated":true}]}}