{"id":42362,"date":"2026-04-26T08:59:12","date_gmt":"2026-04-26T08:59:12","guid":{"rendered":""},"modified":"2026-04-26T08:59:12","modified_gmt":"2026-04-26T08:59:12","slug":"tailor-rockstone-deska-70x50-cm-provedeni-limce-l-vyhodna-nabidka-42362","status":"publish","type":"product","link":"https:\/\/www.domtechnikpro.com\/index.php\/produkt\/tailor-rockstone-deska-70x50-cm-provedeni-limce-l-vyhodna-nabidka-42362\/","title":{"rendered":"TAILOR rockstone deska 70&#215;50 cm, proveden\u00ed l\u00edmce L V\u00fdhodn\u00e1 Nab\u00eddka"},"content":{"rendered":"<div class=\"basic-description\">\n<h3>Detailn\u00ed popis produktu<\/h3>\n<ul>\n<li>Materi\u00e1l:&nbsp;Solid Surface &#8211; Rockstone<\/li>\n<li>\u0160\u00ed\u0159ka: 70 &#8211; 250 cm<\/li>\n<li>Hloubka: 50 cm<\/li>\n<li>V\u00fd\u0161ka: 11 cm<\/li>\n<li>Varianty l\u00edmce: <\/li>\n<li>Vzorn\u00edk dekor\u016f: <\/li>\n<li>Mo\u017enost v\u00fdroby atypick\u00fdch rozm\u011br\u016f (max. 250&#215;60 cm, obvodov\u00fd l\u00edmec 5-11 cm)<\/li>\n<li>Mo\u017enost dod\u00e1n\u00ed s otvory pro baterii a odpad dle v\u00fdkresu (lze vrtat i v m\u00edst\u011b instalace)<\/li>\n<\/ul>\n<p>&nbsp;P\u0159\u00edslu\u0161enstv\u00ed:<\/p>\n<ul>\n<li>Umyvadla  nebo  umyvadla<\/li>\n<li> bo\u010dn\u00ed sk\u0159\u00edn\u011b<\/li>\n<li>Desky del\u0161\u00ed ne\u017e 1 m: doporu\u010dujeme instalaci  ka\u017ed\u00fdch 70 cm<\/li>\n<\/ul>\n<\/p>\n<div class=\"product-explanation-item\">\n<h3>Desky lze vyrobit v tomto barevn\u00e9m proveden\u00ed:<\/h3>\n<div class=\"vzorniky-list\">\n<div class=\"vzorniky-item\">0101 Glacier white<\/div>\n<div class=\"vzorniky-item\">0854 Monsoon<\/div>\n<div class=\"vzorniky-item\">4033 Concrete<\/div>\n<div class=\"vzorniky-item\">0598 Black Attica<\/div>\n<div class=\"vzorniky-item\">0826 Riverbed<\/div>\n<div class=\"vzorniky-item\">0798 Jasmine white<\/div>\n<div class=\"vzorniky-item\">0816 Cachet<\/div>\n<p><!-- DO\u010cAS\n\n<div class=\"vzorniky-item\">A821 Chardonnay<\/div>\n\n<\/div>\n\n--><\/p>\n<div style=\"clear: both;\"><\/div>\n<p><strong>Pro objedn\u00e1n\u00ed vybran\u00e9ho dekoru kontaktujte prodejn\u00ed odd\u011blen\u00ed.<\/strong><\/p>\n<\/div>\n<\/div>\n<div class=\"product-explanation-item\">\n<h3>Solid Surface (Rockstone, um\u011bl\u00fd k\u00e1men, technick\u00fd mramor)<\/h3>\n<p style=\"text-align: justify;\">Solid Surface je masivn\u00ed nepor\u00e9zn\u00ed materi\u00e1l vyroben\u00fd ze sm\u011bsi p\u0159\u00edrodn\u00edho kamene a akryl\u00e1tu. M\u00e1 homogenn\u00ed pevn\u00fd povrch a pou\u017e\u00edv\u00e1 se p\u0159edev\u0161\u00edm pro v\u00fdrobu pracovn\u00edch desek. D\u00edky rozmanitosti barev a textur se dob\u0159e kombinuje s jin\u00fdmi materi\u00e1ly. P\u00e9\u010de o n\u011bj je snadn\u00e1: \u0161kr\u00e1bance lze snadno odstranit pomoc\u00ed m\u011bkk\u00fdch \u010distic\u00edch prost\u0159edk\u016f a znovu tak obnovit lesk povrchu. Nav\u00edc vynik\u00e1 odolnost\u00ed proti skvrn\u00e1m a je nenas\u00e1kav\u00fd.<\/p>\n<\/div><\/div>\n<div class=\"extended-description\">\n<h3>Dopl\u0148kov\u00e9 parametry<\/h3>\n<table class=\"detail-parameters\">\n<tbody>\n<tr>\n<th>        <span class=\"row-header-label\">            Kategorie<span class=\"row-header-label-colon\">:<\/span>        <\/span>    <\/th>\n<td>            <\/td>\n<\/tr>\n<tr>\n<th>            <span class=\"row-header-label\">                Z\u00e1ruka<span class=\"row-header-label-colon\">:<\/span>            <\/span>        <\/th>\n<td>            24        <\/td>\n<\/tr>\n<tr>\n<th>            <span class=\"row-header-label\">                Hmotnost<span class=\"row-header-label-colon\">:<\/span>            <\/span>        <\/th>\n<td>            18.566 kg        <\/td>\n<\/tr>\n<tr class=\"productEan\">\n<th>          <span class=\"row-header-label productEan__label\">              EAN<span class=\"row-header-label-colon\">:<\/span>          <\/span>      <\/th>\n<td>          <span class=\"productEan__value\">8590913848773<\/span>      <\/td>\n<\/tr>\n<tr>\n<th>                <span class=\"row-header-label\">                                            Balen\u00ed<span class=\"row-header-label-colon\">:<\/span>                                    <\/span>            <\/th>\n<td>                                                            1 ks                                                <\/td>\n<\/tr>\n<tr>\n<th>                <span class=\"row-header-label\">                                            Dostupnost<span class=\"row-header-label-colon\">:<\/span>                                    <\/span>            <\/th>\n<td>                                                            Dod\u00e1n\u00ed do 6ti t\u00fddn\u016f                                                <\/td>\n<\/tr>\n<tr>\n<th>                <span class=\"row-header-label\">                                            Hloubka<span class=\"row-header-label-colon\">:<\/span>                                    <\/span>            <\/th>\n<td>                                                            500 mm                                                <\/td>\n<\/tr>\n<tr>\n<th>                <span class=\"row-header-label\">                                            Instalace<span class=\"row-header-label-colon\">:<\/span>                                    <\/span>            <\/th>\n<td>                                                            Z\u00e1v\u011bsn\u00e9 na st\u011bnu                                                <\/td>\n<\/tr>\n<tr>\n<th>                <span class=\"row-header-label\">                                            Jin\u00e9 barevn\u00e9 proveden\u00ed<span class=\"row-header-label-colon\">:<\/span>                                    <\/span>            <\/th>\n<td>                                                            Dle vzorn\u00edku                                                <\/td>\n<\/tr>\n<tr>\n<th>                <span class=\"row-header-label\">                                            Materi\u00e1l<span class=\"row-header-label-colon\">:<\/span>                                    <\/span>            <\/th>\n<td>                                                            Solid Surface                                                <\/td>\n<\/tr>\n<tr>\n<th>                <span class=\"row-header-label\">                                            Rozm\u011br<span class=\"row-header-label-colon\">:<\/span>                                    <\/span>            <\/th>\n<td>                                                            70&#215;50 cm                                                <\/td>\n<\/tr>\n<tr>\n<th>                <span class=\"row-header-label\">                                            \u0160\u00ed\u0159ka<span class=\"row-header-label-colon\">:<\/span>                                    <\/span>            <\/th>\n<td>                                                            700 mm                                                <\/td>\n<\/tr>\n<tr>\n<th>                <span class=\"row-header-label\">                                            Typ l\u00edmce<span class=\"row-header-label-colon\">:<\/span>                                    <\/span>            <\/th>\n<td>                                                            Proveden\u00ed l\u00edmce L                                                <\/td>\n<\/tr>\n<tr>\n<th>                <span class=\"row-header-label\">                                            Typ sk\u0159\u00ed\u0148ky<span class=\"row-header-label-colon\">:<\/span>                                    <\/span>            <\/th>\n<td>                                                            Deska                                                <\/td>\n<\/tr>\n<tr>\n<th>                <span class=\"row-header-label\">                                            Typ umyvadla<span class=\"row-header-label-colon\">:<\/span>                                    <\/span>            <\/th>\n<td>                                                            Umyvadlo na desku                                                <\/td>\n<\/tr>\n<tr>\n<th>                <span class=\"row-header-label\">                                            V\u00fd\u0161ka<span class=\"row-header-label-colon\">:<\/span>                                    <\/span>            <\/th>\n<td>                                                            110 mm                                                <\/td>\n<\/tr>\n<tr>\n<th>                <span class=\"row-header-label\">                                            Z\u00e1ruka<span class=\"row-header-label-colon\">:<\/span>                                    <\/span>            <\/th>\n<td>                                                            2 roky                                                <\/td>\n<\/tr>\n<\/tbody>\n<\/table><\/div>\n<\/p><\/div>\n<\/p><\/div>\n","protected":false},"excerpt":{"rendered":"<p>Detailn\u00ed popis produktu Materi\u00e1l:&nbsp;Solid Surface &#8211; Rockstone \u0160\u00ed\u0159ka: 70 &#8211; 250 cm Hloubka: 50 cm V\u00fd\u0161ka: 11 cm Varianty l\u00edmce: Vzorn\u00edk dekor\u016f: Mo\u017enost v\u00fdroby atypick\u00fdch rozm\u011br\u016f (max. 250&#215;60 cm, obvodov\u00fd l\u00edmec 5-11 cm) Mo\u017enost dod\u00e1n\u00ed s otvory pro baterii a odpad dle v\u00fdkresu (lze vrtat i v m\u00edst\u011b instalace) &nbsp;P\u0159\u00edslu\u0161enstv\u00ed: Umyvadla nebo umyvadla bo\u010dn\u00ed sk\u0159\u00edn\u011b [&hellip;]<\/p>\n","protected":false},"featured_media":42462,"comment_status":"open","ping_status":"open","template":"","meta":[],"product_brand":[],"product_cat":[139],"product_tag":[],"class_list":{"0":"post-42362","1":"product","2":"type-product","3":"status-publish","4":"has-post-thumbnail","6":"product_cat-umyvadlove-skrinky","8":"first","9":"instock","10":"sale","11":"shipping-taxable","12":"purchasable","13":"product-type-simple"},"yoast_head":"<!-- This site is optimized with the Yoast SEO plugin v26.8 - https:\/\/yoast.com\/product\/yoast-seo-wordpress\/ -->\n<title>TAILOR rockstone deska 70x50 cm, proveden\u00ed l\u00edmce L V\u00fdhodn\u00e1 Nab\u00eddka -<\/title>\n<meta name=\"robots\" content=\"index, follow, max-snippet:-1, max-image-preview:large, max-video-preview:-1\" \/>\n<link rel=\"canonical\" href=\"https:\/\/www.domtechnikpro.com\/index.php\/produkt\/tailor-rockstone-deska-70x50-cm-provedeni-limce-l-vyhodna-nabidka-42362\/\" \/>\n<meta property=\"og:locale\" content=\"cs_CZ\" \/>\n<meta property=\"og:type\" content=\"article\" \/>\n<meta property=\"og:title\" content=\"TAILOR rockstone deska 70x50 cm, proveden\u00ed l\u00edmce L V\u00fdhodn\u00e1 Nab\u00eddka -\" \/>\n<meta property=\"og:description\" content=\"Detailn\u00ed popis produktu Materi\u00e1l:&nbsp;Solid Surface &#8211; Rockstone \u0160\u00ed\u0159ka: 70 &#8211; 250 cm Hloubka: 50 cm V\u00fd\u0161ka: 11 cm Varianty l\u00edmce: Vzorn\u00edk dekor\u016f: Mo\u017enost v\u00fdroby atypick\u00fdch rozm\u011br\u016f (max. 250&#215;60 cm, obvodov\u00fd l\u00edmec 5-11 cm) Mo\u017enost dod\u00e1n\u00ed s otvory pro baterii a odpad dle v\u00fdkresu (lze vrtat i v m\u00edst\u011b instalace) &nbsp;P\u0159\u00edslu\u0161enstv\u00ed: Umyvadla nebo umyvadla bo\u010dn\u00ed sk\u0159\u00edn\u011b [&hellip;]\" \/>\n<meta property=\"og:url\" content=\"https:\/\/www.domtechnikpro.com\/index.php\/produkt\/tailor-rockstone-deska-70x50-cm-provedeni-limce-l-vyhodna-nabidka-42362\/\" \/>\n<meta property=\"og:image\" content=\"https:\/\/www.domtechnikpro.com\/wp-content\/uploads\/2026\/SK0001390-CZ20260425-092556-0-1777080363-17446_tr070l-137417478692428.webp\" \/>\n\t<meta property=\"og:image:width\" content=\"1000\" \/>\n\t<meta property=\"og:image:height\" content=\"750\" \/>\n\t<meta property=\"og:image:type\" content=\"image\/webp\" \/>\n<meta name=\"twitter:card\" content=\"summary_large_image\" \/>\n<meta name=\"twitter:label1\" content=\"Odhadovan\u00e1 doba \u010dten\u00ed\" \/>\n\t<meta name=\"twitter:data1\" content=\"1 minuta\" \/>\n<script type=\"application\/ld+json\" class=\"yoast-schema-graph\">{\"@context\":\"https:\/\/schema.org\",\"@graph\":[{\"@type\":\"WebPage\",\"@id\":\"https:\/\/www.domtechnikpro.com\/index.php\/produkt\/tailor-rockstone-deska-70x50-cm-provedeni-limce-l-vyhodna-nabidka-42362\/\",\"url\":\"https:\/\/www.domtechnikpro.com\/index.php\/produkt\/tailor-rockstone-deska-70x50-cm-provedeni-limce-l-vyhodna-nabidka-42362\/\",\"name\":\"TAILOR rockstone deska 70x50 cm, proveden\u00ed l\u00edmce L V\u00fdhodn\u00e1 Nab\u00eddka -\",\"isPartOf\":{\"@id\":\"https:\/\/www.domtechnikpro.com\/#website\"},\"primaryImageOfPage\":{\"@id\":\"https:\/\/www.domtechnikpro.com\/index.php\/produkt\/tailor-rockstone-deska-70x50-cm-provedeni-limce-l-vyhodna-nabidka-42362\/#primaryimage\"},\"image\":{\"@id\":\"https:\/\/www.domtechnikpro.com\/index.php\/produkt\/tailor-rockstone-deska-70x50-cm-provedeni-limce-l-vyhodna-nabidka-42362\/#primaryimage\"},\"thumbnailUrl\":\"https:\/\/www.domtechnikpro.com\/wp-content\/uploads\/2026\/SK0001390-CZ20260425-092556-0-1777080363-17446_tr070l-137417478692428.webp\",\"datePublished\":\"2026-04-26T08:59:12+00:00\",\"breadcrumb\":{\"@id\":\"https:\/\/www.domtechnikpro.com\/index.php\/produkt\/tailor-rockstone-deska-70x50-cm-provedeni-limce-l-vyhodna-nabidka-42362\/#breadcrumb\"},\"inLanguage\":\"cs\",\"potentialAction\":[{\"@type\":\"ReadAction\",\"target\":[\"https:\/\/www.domtechnikpro.com\/index.php\/produkt\/tailor-rockstone-deska-70x50-cm-provedeni-limce-l-vyhodna-nabidka-42362\/\"]}]},{\"@type\":\"ImageObject\",\"inLanguage\":\"cs\",\"@id\":\"https:\/\/www.domtechnikpro.com\/index.php\/produkt\/tailor-rockstone-deska-70x50-cm-provedeni-limce-l-vyhodna-nabidka-42362\/#primaryimage\",\"url\":\"https:\/\/www.domtechnikpro.com\/wp-content\/uploads\/2026\/SK0001390-CZ20260425-092556-0-1777080363-17446_tr070l-137417478692428.webp\",\"contentUrl\":\"https:\/\/www.domtechnikpro.com\/wp-content\/uploads\/2026\/SK0001390-CZ20260425-092556-0-1777080363-17446_tr070l-137417478692428.webp\",\"width\":1000,\"height\":750},{\"@type\":\"BreadcrumbList\",\"@id\":\"https:\/\/www.domtechnikpro.com\/index.php\/produkt\/tailor-rockstone-deska-70x50-cm-provedeni-limce-l-vyhodna-nabidka-42362\/#breadcrumb\",\"itemListElement\":[{\"@type\":\"ListItem\",\"position\":1,\"name\":\"Home\",\"item\":\"https:\/\/www.domtechnikpro.com\/\"},{\"@type\":\"ListItem\",\"position\":2,\"name\":\"Products\",\"item\":\"https:\/\/www.domtechnikpro.com\/index.php\/products\/\"},{\"@type\":\"ListItem\",\"position\":3,\"name\":\"TAILOR rockstone deska 70&#215;50 cm, proveden\u00ed l\u00edmce L V\u00fdhodn\u00e1 Nab\u00eddka\"}]},{\"@type\":\"WebSite\",\"@id\":\"https:\/\/www.domtechnikpro.com\/#website\",\"url\":\"https:\/\/www.domtechnikpro.com\/\",\"name\":\"\",\"description\":\"\",\"potentialAction\":[{\"@type\":\"SearchAction\",\"target\":{\"@type\":\"EntryPoint\",\"urlTemplate\":\"https:\/\/www.domtechnikpro.com\/?s={search_term_string}\"},\"query-input\":{\"@type\":\"PropertyValueSpecification\",\"valueRequired\":true,\"valueName\":\"search_term_string\"}}],\"inLanguage\":\"cs\"}]}<\/script>\n<!-- \/ Yoast SEO plugin. -->","yoast_head_json":{"title":"TAILOR rockstone deska 70x50 cm, proveden\u00ed l\u00edmce L V\u00fdhodn\u00e1 Nab\u00eddka -","robots":{"index":"index","follow":"follow","max-snippet":"max-snippet:-1","max-image-preview":"max-image-preview:large","max-video-preview":"max-video-preview:-1"},"canonical":"https:\/\/www.domtechnikpro.com\/index.php\/produkt\/tailor-rockstone-deska-70x50-cm-provedeni-limce-l-vyhodna-nabidka-42362\/","og_locale":"cs_CZ","og_type":"article","og_title":"TAILOR rockstone deska 70x50 cm, proveden\u00ed l\u00edmce L V\u00fdhodn\u00e1 Nab\u00eddka -","og_description":"Detailn\u00ed popis produktu Materi\u00e1l:&nbsp;Solid Surface &#8211; Rockstone \u0160\u00ed\u0159ka: 70 &#8211; 250 cm Hloubka: 50 cm V\u00fd\u0161ka: 11 cm Varianty l\u00edmce: Vzorn\u00edk dekor\u016f: Mo\u017enost v\u00fdroby atypick\u00fdch rozm\u011br\u016f (max. 250&#215;60 cm, obvodov\u00fd l\u00edmec 5-11 cm) Mo\u017enost dod\u00e1n\u00ed s otvory pro baterii a odpad dle v\u00fdkresu (lze vrtat i v m\u00edst\u011b instalace) &nbsp;P\u0159\u00edslu\u0161enstv\u00ed: Umyvadla nebo umyvadla bo\u010dn\u00ed sk\u0159\u00edn\u011b [&hellip;]","og_url":"https:\/\/www.domtechnikpro.com\/index.php\/produkt\/tailor-rockstone-deska-70x50-cm-provedeni-limce-l-vyhodna-nabidka-42362\/","og_image":[{"width":1000,"height":750,"url":"https:\/\/www.domtechnikpro.com\/wp-content\/uploads\/2026\/SK0001390-CZ20260425-092556-0-1777080363-17446_tr070l-137417478692428.webp","type":"image\/webp"}],"twitter_card":"summary_large_image","twitter_misc":{"Odhadovan\u00e1 doba \u010dten\u00ed":"1 minuta"},"schema":{"@context":"https:\/\/schema.org","@graph":[{"@type":"WebPage","@id":"https:\/\/www.domtechnikpro.com\/index.php\/produkt\/tailor-rockstone-deska-70x50-cm-provedeni-limce-l-vyhodna-nabidka-42362\/","url":"https:\/\/www.domtechnikpro.com\/index.php\/produkt\/tailor-rockstone-deska-70x50-cm-provedeni-limce-l-vyhodna-nabidka-42362\/","name":"TAILOR rockstone deska 70x50 cm, proveden\u00ed l\u00edmce L V\u00fdhodn\u00e1 Nab\u00eddka -","isPartOf":{"@id":"https:\/\/www.domtechnikpro.com\/#website"},"primaryImageOfPage":{"@id":"https:\/\/www.domtechnikpro.com\/index.php\/produkt\/tailor-rockstone-deska-70x50-cm-provedeni-limce-l-vyhodna-nabidka-42362\/#primaryimage"},"image":{"@id":"https:\/\/www.domtechnikpro.com\/index.php\/produkt\/tailor-rockstone-deska-70x50-cm-provedeni-limce-l-vyhodna-nabidka-42362\/#primaryimage"},"thumbnailUrl":"https:\/\/www.domtechnikpro.com\/wp-content\/uploads\/2026\/SK0001390-CZ20260425-092556-0-1777080363-17446_tr070l-137417478692428.webp","datePublished":"2026-04-26T08:59:12+00:00","breadcrumb":{"@id":"https:\/\/www.domtechnikpro.com\/index.php\/produkt\/tailor-rockstone-deska-70x50-cm-provedeni-limce-l-vyhodna-nabidka-42362\/#breadcrumb"},"inLanguage":"cs","potentialAction":[{"@type":"ReadAction","target":["https:\/\/www.domtechnikpro.com\/index.php\/produkt\/tailor-rockstone-deska-70x50-cm-provedeni-limce-l-vyhodna-nabidka-42362\/"]}]},{"@type":"ImageObject","inLanguage":"cs","@id":"https:\/\/www.domtechnikpro.com\/index.php\/produkt\/tailor-rockstone-deska-70x50-cm-provedeni-limce-l-vyhodna-nabidka-42362\/#primaryimage","url":"https:\/\/www.domtechnikpro.com\/wp-content\/uploads\/2026\/SK0001390-CZ20260425-092556-0-1777080363-17446_tr070l-137417478692428.webp","contentUrl":"https:\/\/www.domtechnikpro.com\/wp-content\/uploads\/2026\/SK0001390-CZ20260425-092556-0-1777080363-17446_tr070l-137417478692428.webp","width":1000,"height":750},{"@type":"BreadcrumbList","@id":"https:\/\/www.domtechnikpro.com\/index.php\/produkt\/tailor-rockstone-deska-70x50-cm-provedeni-limce-l-vyhodna-nabidka-42362\/#breadcrumb","itemListElement":[{"@type":"ListItem","position":1,"name":"Home","item":"https:\/\/www.domtechnikpro.com\/"},{"@type":"ListItem","position":2,"name":"Products","item":"https:\/\/www.domtechnikpro.com\/index.php\/products\/"},{"@type":"ListItem","position":3,"name":"TAILOR rockstone deska 70&#215;50 cm, proveden\u00ed l\u00edmce L V\u00fdhodn\u00e1 Nab\u00eddka"}]},{"@type":"WebSite","@id":"https:\/\/www.domtechnikpro.com\/#website","url":"https:\/\/www.domtechnikpro.com\/","name":"","description":"","potentialAction":[{"@type":"SearchAction","target":{"@type":"EntryPoint","urlTemplate":"https:\/\/www.domtechnikpro.com\/?s={search_term_string}"},"query-input":{"@type":"PropertyValueSpecification","valueRequired":true,"valueName":"search_term_string"}}],"inLanguage":"cs"}]}},"_links":{"self":[{"href":"https:\/\/www.domtechnikpro.com\/index.php\/wp-json\/wp\/v2\/product\/42362","targetHints":{"allow":["GET"]}}],"collection":[{"href":"https:\/\/www.domtechnikpro.com\/index.php\/wp-json\/wp\/v2\/product"}],"about":[{"href":"https:\/\/www.domtechnikpro.com\/index.php\/wp-json\/wp\/v2\/types\/product"}],"replies":[{"embeddable":true,"href":"https:\/\/www.domtechnikpro.com\/index.php\/wp-json\/wp\/v2\/comments?post=42362"}],"wp:featuredmedia":[{"embeddable":true,"href":"https:\/\/www.domtechnikpro.com\/index.php\/wp-json\/wp\/v2\/media\/42462"}],"wp:attachment":[{"href":"https:\/\/www.domtechnikpro.com\/index.php\/wp-json\/wp\/v2\/media?parent=42362"}],"wp:term":[{"taxonomy":"product_brand","embeddable":true,"href":"https:\/\/www.domtechnikpro.com\/index.php\/wp-json\/wp\/v2\/product_brand?post=42362"},{"taxonomy":"product_cat","embeddable":true,"href":"https:\/\/www.domtechnikpro.com\/index.php\/wp-json\/wp\/v2\/product_cat?post=42362"},{"taxonomy":"product_tag","embeddable":true,"href":"https:\/\/www.domtechnikpro.com\/index.php\/wp-json\/wp\/v2\/product_tag?post=42362"}],"curies":[{"name":"wp","href":"https:\/\/api.w.org\/{rel}","templated":true}]}}