{"id":40771,"date":"2026-04-26T08:58:51","date_gmt":"2026-04-26T08:58:51","guid":{"rendered":""},"modified":"2026-04-26T08:58:51","modified_gmt":"2026-04-26T08:58:51","slug":"znackovy-nahradni-tryska-k-pistoli-asturo-ac-h087-na-spodky-40771","status":"publish","type":"product","link":"https:\/\/www.domtechnikpro.com\/index.php\/produkt\/znackovy-nahradni-tryska-k-pistoli-asturo-ac-h087-na-spodky-40771\/","title":{"rendered":"Zna\u010dkov\u00fd N\u00e1hradn\u00ed tryska k pistoli ASTURO AC H087 na spodky"},"content":{"rendered":"<div class=\"basic-description\">\n<h3>Detailn\u00ed popis produktu<\/h3>\n<table height=\"20\" style=\"width: 1010px;\">\n<tbody>\n<tr>\n<td style=\"width: 419.734px;\"><\/td>\n<td style=\"width: 439.266px; padding-left: 30px;\"><\/td>\n<td style=\"width: 406px; padding-left: 30px;\">\n<p>\u00a0<\/p>\n<p><span style=\"font-family: 'Exo 2', sans-serif;\">\u2743 <strong>N\u00e1hradn\u00ed tryska k pistoli BODY ASTURO AC H087.<\/strong><\/span><\/p>\n<\/td>\n<\/tr>\n<\/tbody>\n<\/table>\n<p>\u00a0<\/p>\n<div id=\"hzViewer\" style=\"background: none; line-height: 0px; overflow: hidden; padding: 10px 5px; position: absolute; z-index: 2147483647; visibility: visible; opacity: 1; top: 5px; left: 682px; width: auto; height: auto; display: none;\">\u00a0<\/div>\n<div id=\"hzViewer\" style=\"background: none; line-height: 0px; overflow: hidden; padding: 10px 5px; position: absolute; z-index: 2147483647; visibility: visible; opacity: 1; top: 5px; left: 317px; width: auto; height: auto; cursor: pointer; pointer-events: none; display: none;\">\u00a0<\/div>\n<\/p><\/div>\n","protected":false},"excerpt":{"rendered":"<p>Detailn\u00ed popis produktu \u00a0 \u2743 N\u00e1hradn\u00ed tryska k pistoli BODY ASTURO AC H087. \u00a0 \u00a0 \u00a0<\/p>\n","protected":false},"featured_media":40871,"comment_status":"open","ping_status":"open","template":"","meta":[],"product_brand":[],"product_cat":[63],"product_tag":[],"class_list":{"0":"post-40771","1":"product","2":"type-product","3":"status-publish","4":"has-post-thumbnail","6":"product_cat-naradi","8":"first","9":"instock","10":"sale","11":"shipping-taxable","12":"purchasable","13":"product-type-simple"},"yoast_head":"<!-- This site is optimized with the Yoast SEO plugin v26.8 - https:\/\/yoast.com\/product\/yoast-seo-wordpress\/ -->\n<title>Zna\u010dkov\u00fd N\u00e1hradn\u00ed tryska k pistoli ASTURO AC H087 na spodky -<\/title>\n<meta name=\"robots\" content=\"index, follow, max-snippet:-1, max-image-preview:large, max-video-preview:-1\" \/>\n<link rel=\"canonical\" href=\"https:\/\/www.domtechnikpro.com\/index.php\/produkt\/znackovy-nahradni-tryska-k-pistoli-asturo-ac-h087-na-spodky-40771\/\" \/>\n<meta property=\"og:locale\" content=\"cs_CZ\" \/>\n<meta property=\"og:type\" content=\"article\" \/>\n<meta property=\"og:title\" content=\"Zna\u010dkov\u00fd N\u00e1hradn\u00ed tryska k pistoli ASTURO AC H087 na spodky -\" \/>\n<meta property=\"og:description\" content=\"Detailn\u00ed popis produktu \u00a0 \u2743 N\u00e1hradn\u00ed tryska k pistoli BODY ASTURO AC H087. \u00a0 \u00a0 \u00a0\" \/>\n<meta property=\"og:url\" content=\"https:\/\/www.domtechnikpro.com\/index.php\/produkt\/znackovy-nahradni-tryska-k-pistoli-asturo-ac-h087-na-spodky-40771\/\" \/>\n<meta property=\"og:image\" content=\"https:\/\/www.domtechnikpro.com\/wp-content\/uploads\/2026\/SK0001896-CZ20260425-092522-0-1777080324-55940-3_tryska-asturo.webp\" \/>\n\t<meta property=\"og:image:width\" content=\"1000\" \/>\n\t<meta property=\"og:image:height\" content=\"750\" \/>\n\t<meta property=\"og:image:type\" content=\"image\/webp\" \/>\n<meta name=\"twitter:card\" content=\"summary_large_image\" \/>\n<script type=\"application\/ld+json\" class=\"yoast-schema-graph\">{\"@context\":\"https:\/\/schema.org\",\"@graph\":[{\"@type\":\"WebPage\",\"@id\":\"https:\/\/www.domtechnikpro.com\/index.php\/produkt\/znackovy-nahradni-tryska-k-pistoli-asturo-ac-h087-na-spodky-40771\/\",\"url\":\"https:\/\/www.domtechnikpro.com\/index.php\/produkt\/znackovy-nahradni-tryska-k-pistoli-asturo-ac-h087-na-spodky-40771\/\",\"name\":\"Zna\u010dkov\u00fd N\u00e1hradn\u00ed tryska k pistoli ASTURO AC H087 na spodky -\",\"isPartOf\":{\"@id\":\"https:\/\/www.domtechnikpro.com\/#website\"},\"primaryImageOfPage\":{\"@id\":\"https:\/\/www.domtechnikpro.com\/index.php\/produkt\/znackovy-nahradni-tryska-k-pistoli-asturo-ac-h087-na-spodky-40771\/#primaryimage\"},\"image\":{\"@id\":\"https:\/\/www.domtechnikpro.com\/index.php\/produkt\/znackovy-nahradni-tryska-k-pistoli-asturo-ac-h087-na-spodky-40771\/#primaryimage\"},\"thumbnailUrl\":\"https:\/\/www.domtechnikpro.com\/wp-content\/uploads\/2026\/SK0001896-CZ20260425-092522-0-1777080324-55940-3_tryska-asturo.webp\",\"datePublished\":\"2026-04-26T08:58:51+00:00\",\"breadcrumb\":{\"@id\":\"https:\/\/www.domtechnikpro.com\/index.php\/produkt\/znackovy-nahradni-tryska-k-pistoli-asturo-ac-h087-na-spodky-40771\/#breadcrumb\"},\"inLanguage\":\"cs\",\"potentialAction\":[{\"@type\":\"ReadAction\",\"target\":[\"https:\/\/www.domtechnikpro.com\/index.php\/produkt\/znackovy-nahradni-tryska-k-pistoli-asturo-ac-h087-na-spodky-40771\/\"]}]},{\"@type\":\"ImageObject\",\"inLanguage\":\"cs\",\"@id\":\"https:\/\/www.domtechnikpro.com\/index.php\/produkt\/znackovy-nahradni-tryska-k-pistoli-asturo-ac-h087-na-spodky-40771\/#primaryimage\",\"url\":\"https:\/\/www.domtechnikpro.com\/wp-content\/uploads\/2026\/SK0001896-CZ20260425-092522-0-1777080324-55940-3_tryska-asturo.webp\",\"contentUrl\":\"https:\/\/www.domtechnikpro.com\/wp-content\/uploads\/2026\/SK0001896-CZ20260425-092522-0-1777080324-55940-3_tryska-asturo.webp\",\"width\":1000,\"height\":750},{\"@type\":\"BreadcrumbList\",\"@id\":\"https:\/\/www.domtechnikpro.com\/index.php\/produkt\/znackovy-nahradni-tryska-k-pistoli-asturo-ac-h087-na-spodky-40771\/#breadcrumb\",\"itemListElement\":[{\"@type\":\"ListItem\",\"position\":1,\"name\":\"Home\",\"item\":\"https:\/\/www.domtechnikpro.com\/\"},{\"@type\":\"ListItem\",\"position\":2,\"name\":\"Products\",\"item\":\"https:\/\/www.domtechnikpro.com\/index.php\/products\/\"},{\"@type\":\"ListItem\",\"position\":3,\"name\":\"Zna\u010dkov\u00fd N\u00e1hradn\u00ed tryska k pistoli ASTURO AC H087 na spodky\"}]},{\"@type\":\"WebSite\",\"@id\":\"https:\/\/www.domtechnikpro.com\/#website\",\"url\":\"https:\/\/www.domtechnikpro.com\/\",\"name\":\"\",\"description\":\"\",\"potentialAction\":[{\"@type\":\"SearchAction\",\"target\":{\"@type\":\"EntryPoint\",\"urlTemplate\":\"https:\/\/www.domtechnikpro.com\/?s={search_term_string}\"},\"query-input\":{\"@type\":\"PropertyValueSpecification\",\"valueRequired\":true,\"valueName\":\"search_term_string\"}}],\"inLanguage\":\"cs\"}]}<\/script>\n<!-- \/ Yoast SEO plugin. -->","yoast_head_json":{"title":"Zna\u010dkov\u00fd N\u00e1hradn\u00ed tryska k pistoli ASTURO AC H087 na spodky -","robots":{"index":"index","follow":"follow","max-snippet":"max-snippet:-1","max-image-preview":"max-image-preview:large","max-video-preview":"max-video-preview:-1"},"canonical":"https:\/\/www.domtechnikpro.com\/index.php\/produkt\/znackovy-nahradni-tryska-k-pistoli-asturo-ac-h087-na-spodky-40771\/","og_locale":"cs_CZ","og_type":"article","og_title":"Zna\u010dkov\u00fd N\u00e1hradn\u00ed tryska k pistoli ASTURO AC H087 na spodky -","og_description":"Detailn\u00ed popis produktu \u00a0 \u2743 N\u00e1hradn\u00ed tryska k pistoli BODY ASTURO AC H087. \u00a0 \u00a0 \u00a0","og_url":"https:\/\/www.domtechnikpro.com\/index.php\/produkt\/znackovy-nahradni-tryska-k-pistoli-asturo-ac-h087-na-spodky-40771\/","og_image":[{"width":1000,"height":750,"url":"https:\/\/www.domtechnikpro.com\/wp-content\/uploads\/2026\/SK0001896-CZ20260425-092522-0-1777080324-55940-3_tryska-asturo.webp","type":"image\/webp"}],"twitter_card":"summary_large_image","schema":{"@context":"https:\/\/schema.org","@graph":[{"@type":"WebPage","@id":"https:\/\/www.domtechnikpro.com\/index.php\/produkt\/znackovy-nahradni-tryska-k-pistoli-asturo-ac-h087-na-spodky-40771\/","url":"https:\/\/www.domtechnikpro.com\/index.php\/produkt\/znackovy-nahradni-tryska-k-pistoli-asturo-ac-h087-na-spodky-40771\/","name":"Zna\u010dkov\u00fd N\u00e1hradn\u00ed tryska k pistoli ASTURO AC H087 na spodky -","isPartOf":{"@id":"https:\/\/www.domtechnikpro.com\/#website"},"primaryImageOfPage":{"@id":"https:\/\/www.domtechnikpro.com\/index.php\/produkt\/znackovy-nahradni-tryska-k-pistoli-asturo-ac-h087-na-spodky-40771\/#primaryimage"},"image":{"@id":"https:\/\/www.domtechnikpro.com\/index.php\/produkt\/znackovy-nahradni-tryska-k-pistoli-asturo-ac-h087-na-spodky-40771\/#primaryimage"},"thumbnailUrl":"https:\/\/www.domtechnikpro.com\/wp-content\/uploads\/2026\/SK0001896-CZ20260425-092522-0-1777080324-55940-3_tryska-asturo.webp","datePublished":"2026-04-26T08:58:51+00:00","breadcrumb":{"@id":"https:\/\/www.domtechnikpro.com\/index.php\/produkt\/znackovy-nahradni-tryska-k-pistoli-asturo-ac-h087-na-spodky-40771\/#breadcrumb"},"inLanguage":"cs","potentialAction":[{"@type":"ReadAction","target":["https:\/\/www.domtechnikpro.com\/index.php\/produkt\/znackovy-nahradni-tryska-k-pistoli-asturo-ac-h087-na-spodky-40771\/"]}]},{"@type":"ImageObject","inLanguage":"cs","@id":"https:\/\/www.domtechnikpro.com\/index.php\/produkt\/znackovy-nahradni-tryska-k-pistoli-asturo-ac-h087-na-spodky-40771\/#primaryimage","url":"https:\/\/www.domtechnikpro.com\/wp-content\/uploads\/2026\/SK0001896-CZ20260425-092522-0-1777080324-55940-3_tryska-asturo.webp","contentUrl":"https:\/\/www.domtechnikpro.com\/wp-content\/uploads\/2026\/SK0001896-CZ20260425-092522-0-1777080324-55940-3_tryska-asturo.webp","width":1000,"height":750},{"@type":"BreadcrumbList","@id":"https:\/\/www.domtechnikpro.com\/index.php\/produkt\/znackovy-nahradni-tryska-k-pistoli-asturo-ac-h087-na-spodky-40771\/#breadcrumb","itemListElement":[{"@type":"ListItem","position":1,"name":"Home","item":"https:\/\/www.domtechnikpro.com\/"},{"@type":"ListItem","position":2,"name":"Products","item":"https:\/\/www.domtechnikpro.com\/index.php\/products\/"},{"@type":"ListItem","position":3,"name":"Zna\u010dkov\u00fd N\u00e1hradn\u00ed tryska k pistoli ASTURO AC H087 na spodky"}]},{"@type":"WebSite","@id":"https:\/\/www.domtechnikpro.com\/#website","url":"https:\/\/www.domtechnikpro.com\/","name":"","description":"","potentialAction":[{"@type":"SearchAction","target":{"@type":"EntryPoint","urlTemplate":"https:\/\/www.domtechnikpro.com\/?s={search_term_string}"},"query-input":{"@type":"PropertyValueSpecification","valueRequired":true,"valueName":"search_term_string"}}],"inLanguage":"cs"}]}},"_links":{"self":[{"href":"https:\/\/www.domtechnikpro.com\/index.php\/wp-json\/wp\/v2\/product\/40771","targetHints":{"allow":["GET"]}}],"collection":[{"href":"https:\/\/www.domtechnikpro.com\/index.php\/wp-json\/wp\/v2\/product"}],"about":[{"href":"https:\/\/www.domtechnikpro.com\/index.php\/wp-json\/wp\/v2\/types\/product"}],"replies":[{"embeddable":true,"href":"https:\/\/www.domtechnikpro.com\/index.php\/wp-json\/wp\/v2\/comments?post=40771"}],"wp:featuredmedia":[{"embeddable":true,"href":"https:\/\/www.domtechnikpro.com\/index.php\/wp-json\/wp\/v2\/media\/40871"}],"wp:attachment":[{"href":"https:\/\/www.domtechnikpro.com\/index.php\/wp-json\/wp\/v2\/media?parent=40771"}],"wp:term":[{"taxonomy":"product_brand","embeddable":true,"href":"https:\/\/www.domtechnikpro.com\/index.php\/wp-json\/wp\/v2\/product_brand?post=40771"},{"taxonomy":"product_cat","embeddable":true,"href":"https:\/\/www.domtechnikpro.com\/index.php\/wp-json\/wp\/v2\/product_cat?post=40771"},{"taxonomy":"product_tag","embeddable":true,"href":"https:\/\/www.domtechnikpro.com\/index.php\/wp-json\/wp\/v2\/product_tag?post=40771"}],"curies":[{"name":"wp","href":"https:\/\/api.w.org\/{rel}","templated":true}]}}