{"id":40698,"date":"2026-04-26T08:58:51","date_gmt":"2026-04-26T08:58:51","guid":{"rendered":""},"modified":"2026-04-26T08:58:51","modified_gmt":"2026-04-26T08:58:51","slug":"znackovy-levior-r-sponkovaci-kladivo-ht-580-spony-6-10-mm-40698","status":"publish","type":"product","link":"https:\/\/www.domtechnikpro.com\/produkt\/znackovy-levior-r-sponkovaci-kladivo-ht-580-spony-6-10-mm-40698\/","title":{"rendered":"Zna\u010dkov\u00fd LEVIOR\u00ae Sponkovac\u00ed kladivo HT 580, spony 6-10 mm"},"content":{"rendered":"<div class=\"basic-description\">\n<h3>Detailn\u00ed popis produktu<\/h3>\n<p>                                    Jednoru\u010dn\u00ed sponkovac\u00ed <span class=\"show-tooltip\" title=\"Kladivo,&amp;nbsp;klad\u00edvko, je mechanick\u00fd ru\u010dn\u00ed&amp;nbsp;n\u00e1stroj, kter\u00fd umo\u017e\u0148uje p\u0159edat&amp;nbsp;r\u00e1zem&amp;nbsp;kinetickou energii&amp;nbsp;n\u011bjak\u00e9mu jin\u00e9mu t\u011blesu. Je pou\u017e\u00edv\u00e1no k deformac\u00edm jin\u00fdch t\u011bles \u010di p\u0159edm\u011bt\u016f nap\u0159. vyklep\u00e1v\u00e1n\u00edm \u010di rozklep\u00e1v\u00e1n\u00edm. Pou\u017e\u00edv\u00e1&amp;hellip;\">kladivo<\/span> s robustn\u00ed odolnou <span class=\"show-tooltip\" title=\"Konstrukce je proces tvorby a sestaven\u00ed r\u016fzn\u00fdch prvk\u016f nebo sou\u010d\u00e1st\u00ed do funk\u010dn\u00edho celku, kter\u00fd m\u016f\u017ee slou\u017eit k ur\u010dit\u00e9mu \u00fa\u010delu. V kontextu stavebnictv\u00ed a in\u017een\u00fdrstv\u00ed zahrnuje konstrukce tvorbu budov, most\u016f, silnic, pr\u016fmyslov\u00fdch za\u0159\u00edzen\u00ed,&amp;hellip;\">konstrukc\u00ed<\/span>. Ergonomick\u00e1 rukojet s m\u011bkou <span class=\"show-tooltip\" title=\"Pry\u017e, zn\u00e1m\u00e1 t\u00e9\u017e jako guma, je elastick\u00fd polymern\u00ed materi\u00e1l, kter\u00fd se z\u00edsk\u00e1v\u00e1 z latexu n\u011bkter\u00fdch rostlin nebo synteticky vyr\u00e1b\u011bn\u00fd.&amp;nbsp;Latexov\u00e1 pry\u017e je p\u0159irozen\u00fd materi\u00e1l z\u00edsk\u00e1van\u00fd z latexu strom\u016f, zejm\u00e9na kau\u010dukovn\u00edk\u016f. Syntetick\u00e1 pry\u017e je vytv\u00e1\u0159ena&amp;hellip;\">gumou<\/span>, snadn\u00e9 nab\u00edjen\u00ed.Pou\u017eit\u00ed: \u010daloun\u011bn\u00ed, p\u0159ichycen\u00ed izola\u010dn\u00edch foli\u00ed, <span class=\"show-tooltip\" title=\"Paroz\u00e1brana je materi\u00e1l pou\u017e\u00edvan\u00fd v konstrukci budov k zabr\u00e1n\u011bn\u00ed pr\u016fchodu vodn\u00ed p\u00e1ry. Je navr\u017eena tak, aby minimalizovala riziko kondenzace vlhkosti ve stavebn\u00edch konstrukc\u00edch. Paroz\u00e1brana je obvykle um\u00edst\u011bna na tepl\u00e9 stran\u011b izolace nebo konstrukce a&amp;hellip;\">paroz\u00e1bran<\/span>, <span class=\"show-tooltip\" title=\"Pap\u00edr je tenk\u00fd, ploch\u00fd materi\u00e1l vytvo\u0159en\u00fd z vl\u00e1ken rostlin, zejm\u00e9na d\u0159eva, kter\u00e9 jsou rozdrceny, zbaveny vody a pot\u00e9 spojeny do pap\u00edrov\u00e9 hmoty.&amp;nbsp;N\u00e1sledn\u011b je zpracov\u00e1n na po\u017eadovan\u00e9 form\u00e1ty nebo v\u00fdrobky.\u058d Je to jeden z nejroz\u0161\u00ed\u0159en\u011bj\u0161\u00edch a&amp;hellip;\">pap\u00edru<\/span>, kartonu, koberc\u016f<span class=\"show-tooltip\" title=\"S\u00edla je fyzik\u00e1ln\u00ed veli\u010dina, kter\u00e1 popisuje interakci mezi t\u011blesy nebo objekty. Je to vektorov\u00e1 veli\u010dina, co\u017e znamen\u00e1, \u017ee krom\u011b velikosti m\u00e1 tak\u00e9 sm\u011br a smysl (sm\u011br, kter\u00fdm s\u00edla p\u016fsob\u00ed). Jednotkou s\u00edly v mezin\u00e1rodn\u00edm syst\u00e9mu jednotek (SI) je newton&amp;hellip;\">S\u00edla<\/span> spony: 1,2 mm\u0160\u00ed\u0159ka spony: 10,6 mmPro spony <span class=\"show-tooltip\" title=\"D\u00e9lka&amp;nbsp;je jedna ze z\u00e1kladn\u00edch&amp;nbsp;fyzik\u00e1ln\u00edch veli\u010din. Pomoc\u00ed d\u00e9lky se vyjad\u0159uje vz\u00e1jemn\u00e1 poloha a rozprostran\u011bnost objekt\u016f v prostoru. D\u00e9lka jako fyzik\u00e1ln\u00ed veli\u010dina vych\u00e1z\u00ed z geometrick\u00e9ho pojmu&amp;nbsp;d\u00e9lky&amp;nbsp;jako&amp;nbsp;m\u00edry&amp;nbsp;ohrani\u010den\u00e9&amp;hellip;\">d\u00e9lky<\/span>: 6 &#8211; 10 mm                            <\/div>\n","protected":false},"excerpt":{"rendered":"<p>Detailn\u00ed popis produktu Jednoru\u010dn\u00ed sponkovac\u00ed kladivo s robustn\u00ed odolnou konstrukc\u00ed. Ergonomick\u00e1 rukojet s m\u011bkou gumou, snadn\u00e9 nab\u00edjen\u00ed.Pou\u017eit\u00ed: \u010daloun\u011bn\u00ed, p\u0159ichycen\u00ed izola\u010dn\u00edch foli\u00ed, paroz\u00e1bran, pap\u00edru, kartonu, koberc\u016fS\u00edla spony: 1,2 mm\u0160\u00ed\u0159ka spony: 10,6 mmPro spony d\u00e9lky: 6 &#8211; 10 mm<\/p>\n","protected":false},"featured_media":40798,"comment_status":"open","ping_status":"open","template":"","meta":[],"product_brand":[],"product_cat":[63],"product_tag":[],"class_list":{"0":"post-40698","1":"product","2":"type-product","3":"status-publish","4":"has-post-thumbnail","6":"product_cat-naradi","8":"first","9":"instock","10":"sale","11":"shipping-taxable","12":"purchasable","13":"product-type-simple"},"yoast_head":"<!-- This site is optimized with the Yoast SEO plugin v26.8 - https:\/\/yoast.com\/product\/yoast-seo-wordpress\/ -->\n<title>Zna\u010dkov\u00fd LEVIOR\u00ae Sponkovac\u00ed kladivo HT 580, spony 6-10 mm - Pr\u016fmyslov\u00e9 vybaven\u00ed a p\u0159\u00edslu\u0161enstv\u00ed<\/title>\n<meta name=\"robots\" content=\"index, follow, max-snippet:-1, max-image-preview:large, max-video-preview:-1\" \/>\n<link rel=\"canonical\" href=\"https:\/\/www.domtechnikpro.com\/index.php\/produkt\/znackovy-levior-r-sponkovaci-kladivo-ht-580-spony-6-10-mm-40698\/\" \/>\n<meta property=\"og:locale\" content=\"cs_CZ\" \/>\n<meta property=\"og:type\" content=\"article\" \/>\n<meta property=\"og:title\" content=\"Zna\u010dkov\u00fd LEVIOR\u00ae Sponkovac\u00ed kladivo HT 580, spony 6-10 mm - Pr\u016fmyslov\u00e9 vybaven\u00ed a p\u0159\u00edslu\u0161enstv\u00ed\" \/>\n<meta property=\"og:description\" content=\"Detailn\u00ed popis produktu Jednoru\u010dn\u00ed sponkovac\u00ed kladivo s robustn\u00ed odolnou konstrukc\u00ed. Ergonomick\u00e1 rukojet s m\u011bkou gumou, snadn\u00e9 nab\u00edjen\u00ed.Pou\u017eit\u00ed: \u010daloun\u011bn\u00ed, p\u0159ichycen\u00ed izola\u010dn\u00edch foli\u00ed, paroz\u00e1bran, pap\u00edru, kartonu, koberc\u016fS\u00edla spony: 1,2 mm\u0160\u00ed\u0159ka spony: 10,6 mmPro spony d\u00e9lky: 6 &#8211; 10 mm\" \/>\n<meta property=\"og:url\" content=\"https:\/\/www.domtechnikpro.com\/index.php\/produkt\/znackovy-levior-r-sponkovaci-kladivo-ht-580-spony-6-10-mm-40698\/\" \/>\n<meta property=\"og:site_name\" content=\"Pr\u016fmyslov\u00e9 vybaven\u00ed a p\u0159\u00edslu\u0161enstv\u00ed\" \/>\n<meta property=\"og:image\" content=\"https:\/\/www.domtechnikpro.com\/wp-content\/uploads\/2026\/SK0001823-CZ20260425-092522-0-1777080324-52742_rewrite-45935-v71200.webp\" \/>\n\t<meta property=\"og:image:width\" content=\"1000\" \/>\n\t<meta property=\"og:image:height\" content=\"750\" \/>\n\t<meta property=\"og:image:type\" content=\"image\/webp\" \/>\n<meta name=\"twitter:card\" content=\"summary_large_image\" \/>\n<script type=\"application\/ld+json\" class=\"yoast-schema-graph\">{\"@context\":\"https:\/\/schema.org\",\"@graph\":[{\"@type\":\"WebPage\",\"@id\":\"https:\/\/www.domtechnikpro.com\/index.php\/produkt\/znackovy-levior-r-sponkovaci-kladivo-ht-580-spony-6-10-mm-40698\/\",\"url\":\"https:\/\/www.domtechnikpro.com\/index.php\/produkt\/znackovy-levior-r-sponkovaci-kladivo-ht-580-spony-6-10-mm-40698\/\",\"name\":\"Zna\u010dkov\u00fd LEVIOR\u00ae Sponkovac\u00ed kladivo HT 580, spony 6-10 mm - Pr\u016fmyslov\u00e9 vybaven\u00ed a p\u0159\u00edslu\u0161enstv\u00ed\",\"isPartOf\":{\"@id\":\"https:\/\/www.domtechnikpro.com\/#website\"},\"primaryImageOfPage\":{\"@id\":\"https:\/\/www.domtechnikpro.com\/index.php\/produkt\/znackovy-levior-r-sponkovaci-kladivo-ht-580-spony-6-10-mm-40698\/#primaryimage\"},\"image\":{\"@id\":\"https:\/\/www.domtechnikpro.com\/index.php\/produkt\/znackovy-levior-r-sponkovaci-kladivo-ht-580-spony-6-10-mm-40698\/#primaryimage\"},\"thumbnailUrl\":\"https:\/\/www.domtechnikpro.com\/wp-content\/uploads\/2026\/SK0001823-CZ20260425-092522-0-1777080324-52742_rewrite-45935-v71200.webp\",\"datePublished\":\"2026-04-26T08:58:51+00:00\",\"breadcrumb\":{\"@id\":\"https:\/\/www.domtechnikpro.com\/index.php\/produkt\/znackovy-levior-r-sponkovaci-kladivo-ht-580-spony-6-10-mm-40698\/#breadcrumb\"},\"inLanguage\":\"cs\",\"potentialAction\":[{\"@type\":\"ReadAction\",\"target\":[\"https:\/\/www.domtechnikpro.com\/index.php\/produkt\/znackovy-levior-r-sponkovaci-kladivo-ht-580-spony-6-10-mm-40698\/\"]}]},{\"@type\":\"ImageObject\",\"inLanguage\":\"cs\",\"@id\":\"https:\/\/www.domtechnikpro.com\/index.php\/produkt\/znackovy-levior-r-sponkovaci-kladivo-ht-580-spony-6-10-mm-40698\/#primaryimage\",\"url\":\"https:\/\/www.domtechnikpro.com\/wp-content\/uploads\/2026\/SK0001823-CZ20260425-092522-0-1777080324-52742_rewrite-45935-v71200.webp\",\"contentUrl\":\"https:\/\/www.domtechnikpro.com\/wp-content\/uploads\/2026\/SK0001823-CZ20260425-092522-0-1777080324-52742_rewrite-45935-v71200.webp\",\"width\":1000,\"height\":750},{\"@type\":\"BreadcrumbList\",\"@id\":\"https:\/\/www.domtechnikpro.com\/index.php\/produkt\/znackovy-levior-r-sponkovaci-kladivo-ht-580-spony-6-10-mm-40698\/#breadcrumb\",\"itemListElement\":[{\"@type\":\"ListItem\",\"position\":1,\"name\":\"Home\",\"item\":\"https:\/\/www.domtechnikpro.com\/\"},{\"@type\":\"ListItem\",\"position\":2,\"name\":\"Products\",\"item\":\"https:\/\/www.domtechnikpro.com\/products\/\"},{\"@type\":\"ListItem\",\"position\":3,\"name\":\"Zna\u010dkov\u00fd LEVIOR\u00ae Sponkovac\u00ed kladivo HT 580, spony 6-10 mm\"}]},{\"@type\":\"WebSite\",\"@id\":\"https:\/\/www.domtechnikpro.com\/#website\",\"url\":\"https:\/\/www.domtechnikpro.com\/\",\"name\":\"Pr\u016fmyslov\u00e9 vybaven\u00ed a p\u0159\u00edslu\u0161enstv\u00ed\",\"description\":\"Pr\u016fmyslov\u00e9 vybaven\u00ed a p\u0159\u00edslu\u0161enstv\u00ed\",\"publisher\":{\"@id\":\"https:\/\/www.domtechnikpro.com\/#organization\"},\"potentialAction\":[{\"@type\":\"SearchAction\",\"target\":{\"@type\":\"EntryPoint\",\"urlTemplate\":\"https:\/\/www.domtechnikpro.com\/?s={search_term_string}\"},\"query-input\":{\"@type\":\"PropertyValueSpecification\",\"valueRequired\":true,\"valueName\":\"search_term_string\"}}],\"inLanguage\":\"cs\"},{\"@type\":\"Organization\",\"@id\":\"https:\/\/www.domtechnikpro.com\/#organization\",\"name\":\"Pr\u016fmyslov\u00e9 vybaven\u00ed a p\u0159\u00edslu\u0161enstv\u00ed\",\"url\":\"https:\/\/www.domtechnikpro.com\/\",\"logo\":{\"@type\":\"ImageObject\",\"inLanguage\":\"cs\",\"@id\":\"https:\/\/www.domtechnikpro.com\/#\/schema\/logo\/image\/\",\"url\":\"https:\/\/www.domtechnikpro.com\/wp-content\/uploads\/2026\/04\/domtechnikpro_logo_full.svg\",\"contentUrl\":\"https:\/\/www.domtechnikpro.com\/wp-content\/uploads\/2026\/04\/domtechnikpro_logo_full.svg\",\"width\":920,\"height\":180,\"caption\":\"Pr\u016fmyslov\u00e9 vybaven\u00ed a p\u0159\u00edslu\u0161enstv\u00ed\"},\"image\":{\"@id\":\"https:\/\/www.domtechnikpro.com\/#\/schema\/logo\/image\/\"}}]}<\/script>\n<!-- \/ Yoast SEO plugin. -->","yoast_head_json":{"title":"Zna\u010dkov\u00fd LEVIOR\u00ae Sponkovac\u00ed kladivo HT 580, spony 6-10 mm - Pr\u016fmyslov\u00e9 vybaven\u00ed a p\u0159\u00edslu\u0161enstv\u00ed","robots":{"index":"index","follow":"follow","max-snippet":"max-snippet:-1","max-image-preview":"max-image-preview:large","max-video-preview":"max-video-preview:-1"},"canonical":"https:\/\/www.domtechnikpro.com\/index.php\/produkt\/znackovy-levior-r-sponkovaci-kladivo-ht-580-spony-6-10-mm-40698\/","og_locale":"cs_CZ","og_type":"article","og_title":"Zna\u010dkov\u00fd LEVIOR\u00ae Sponkovac\u00ed kladivo HT 580, spony 6-10 mm - Pr\u016fmyslov\u00e9 vybaven\u00ed a p\u0159\u00edslu\u0161enstv\u00ed","og_description":"Detailn\u00ed popis produktu Jednoru\u010dn\u00ed sponkovac\u00ed kladivo s robustn\u00ed odolnou konstrukc\u00ed. Ergonomick\u00e1 rukojet s m\u011bkou gumou, snadn\u00e9 nab\u00edjen\u00ed.Pou\u017eit\u00ed: \u010daloun\u011bn\u00ed, p\u0159ichycen\u00ed izola\u010dn\u00edch foli\u00ed, paroz\u00e1bran, pap\u00edru, kartonu, koberc\u016fS\u00edla spony: 1,2 mm\u0160\u00ed\u0159ka spony: 10,6 mmPro spony d\u00e9lky: 6 &#8211; 10 mm","og_url":"https:\/\/www.domtechnikpro.com\/index.php\/produkt\/znackovy-levior-r-sponkovaci-kladivo-ht-580-spony-6-10-mm-40698\/","og_site_name":"Pr\u016fmyslov\u00e9 vybaven\u00ed a p\u0159\u00edslu\u0161enstv\u00ed","og_image":[{"width":1000,"height":750,"url":"https:\/\/www.domtechnikpro.com\/wp-content\/uploads\/2026\/SK0001823-CZ20260425-092522-0-1777080324-52742_rewrite-45935-v71200.webp","type":"image\/webp"}],"twitter_card":"summary_large_image","schema":{"@context":"https:\/\/schema.org","@graph":[{"@type":"WebPage","@id":"https:\/\/www.domtechnikpro.com\/index.php\/produkt\/znackovy-levior-r-sponkovaci-kladivo-ht-580-spony-6-10-mm-40698\/","url":"https:\/\/www.domtechnikpro.com\/index.php\/produkt\/znackovy-levior-r-sponkovaci-kladivo-ht-580-spony-6-10-mm-40698\/","name":"Zna\u010dkov\u00fd LEVIOR\u00ae Sponkovac\u00ed kladivo HT 580, spony 6-10 mm - Pr\u016fmyslov\u00e9 vybaven\u00ed a p\u0159\u00edslu\u0161enstv\u00ed","isPartOf":{"@id":"https:\/\/www.domtechnikpro.com\/#website"},"primaryImageOfPage":{"@id":"https:\/\/www.domtechnikpro.com\/index.php\/produkt\/znackovy-levior-r-sponkovaci-kladivo-ht-580-spony-6-10-mm-40698\/#primaryimage"},"image":{"@id":"https:\/\/www.domtechnikpro.com\/index.php\/produkt\/znackovy-levior-r-sponkovaci-kladivo-ht-580-spony-6-10-mm-40698\/#primaryimage"},"thumbnailUrl":"https:\/\/www.domtechnikpro.com\/wp-content\/uploads\/2026\/SK0001823-CZ20260425-092522-0-1777080324-52742_rewrite-45935-v71200.webp","datePublished":"2026-04-26T08:58:51+00:00","breadcrumb":{"@id":"https:\/\/www.domtechnikpro.com\/index.php\/produkt\/znackovy-levior-r-sponkovaci-kladivo-ht-580-spony-6-10-mm-40698\/#breadcrumb"},"inLanguage":"cs","potentialAction":[{"@type":"ReadAction","target":["https:\/\/www.domtechnikpro.com\/index.php\/produkt\/znackovy-levior-r-sponkovaci-kladivo-ht-580-spony-6-10-mm-40698\/"]}]},{"@type":"ImageObject","inLanguage":"cs","@id":"https:\/\/www.domtechnikpro.com\/index.php\/produkt\/znackovy-levior-r-sponkovaci-kladivo-ht-580-spony-6-10-mm-40698\/#primaryimage","url":"https:\/\/www.domtechnikpro.com\/wp-content\/uploads\/2026\/SK0001823-CZ20260425-092522-0-1777080324-52742_rewrite-45935-v71200.webp","contentUrl":"https:\/\/www.domtechnikpro.com\/wp-content\/uploads\/2026\/SK0001823-CZ20260425-092522-0-1777080324-52742_rewrite-45935-v71200.webp","width":1000,"height":750},{"@type":"BreadcrumbList","@id":"https:\/\/www.domtechnikpro.com\/index.php\/produkt\/znackovy-levior-r-sponkovaci-kladivo-ht-580-spony-6-10-mm-40698\/#breadcrumb","itemListElement":[{"@type":"ListItem","position":1,"name":"Home","item":"https:\/\/www.domtechnikpro.com\/"},{"@type":"ListItem","position":2,"name":"Products","item":"https:\/\/www.domtechnikpro.com\/products\/"},{"@type":"ListItem","position":3,"name":"Zna\u010dkov\u00fd LEVIOR\u00ae Sponkovac\u00ed kladivo HT 580, spony 6-10 mm"}]},{"@type":"WebSite","@id":"https:\/\/www.domtechnikpro.com\/#website","url":"https:\/\/www.domtechnikpro.com\/","name":"Pr\u016fmyslov\u00e9 vybaven\u00ed a p\u0159\u00edslu\u0161enstv\u00ed","description":"Pr\u016fmyslov\u00e9 vybaven\u00ed a p\u0159\u00edslu\u0161enstv\u00ed","publisher":{"@id":"https:\/\/www.domtechnikpro.com\/#organization"},"potentialAction":[{"@type":"SearchAction","target":{"@type":"EntryPoint","urlTemplate":"https:\/\/www.domtechnikpro.com\/?s={search_term_string}"},"query-input":{"@type":"PropertyValueSpecification","valueRequired":true,"valueName":"search_term_string"}}],"inLanguage":"cs"},{"@type":"Organization","@id":"https:\/\/www.domtechnikpro.com\/#organization","name":"Pr\u016fmyslov\u00e9 vybaven\u00ed a p\u0159\u00edslu\u0161enstv\u00ed","url":"https:\/\/www.domtechnikpro.com\/","logo":{"@type":"ImageObject","inLanguage":"cs","@id":"https:\/\/www.domtechnikpro.com\/#\/schema\/logo\/image\/","url":"https:\/\/www.domtechnikpro.com\/wp-content\/uploads\/2026\/04\/domtechnikpro_logo_full.svg","contentUrl":"https:\/\/www.domtechnikpro.com\/wp-content\/uploads\/2026\/04\/domtechnikpro_logo_full.svg","width":920,"height":180,"caption":"Pr\u016fmyslov\u00e9 vybaven\u00ed a p\u0159\u00edslu\u0161enstv\u00ed"},"image":{"@id":"https:\/\/www.domtechnikpro.com\/#\/schema\/logo\/image\/"}}]}},"_links":{"self":[{"href":"https:\/\/www.domtechnikpro.com\/wp-json\/wp\/v2\/product\/40698","targetHints":{"allow":["GET"]}}],"collection":[{"href":"https:\/\/www.domtechnikpro.com\/wp-json\/wp\/v2\/product"}],"about":[{"href":"https:\/\/www.domtechnikpro.com\/wp-json\/wp\/v2\/types\/product"}],"replies":[{"embeddable":true,"href":"https:\/\/www.domtechnikpro.com\/wp-json\/wp\/v2\/comments?post=40698"}],"wp:featuredmedia":[{"embeddable":true,"href":"https:\/\/www.domtechnikpro.com\/wp-json\/wp\/v2\/media\/40798"}],"wp:attachment":[{"href":"https:\/\/www.domtechnikpro.com\/wp-json\/wp\/v2\/media?parent=40698"}],"wp:term":[{"taxonomy":"product_brand","embeddable":true,"href":"https:\/\/www.domtechnikpro.com\/wp-json\/wp\/v2\/product_brand?post=40698"},{"taxonomy":"product_cat","embeddable":true,"href":"https:\/\/www.domtechnikpro.com\/wp-json\/wp\/v2\/product_cat?post=40698"},{"taxonomy":"product_tag","embeddable":true,"href":"https:\/\/www.domtechnikpro.com\/wp-json\/wp\/v2\/product_tag?post=40698"}],"curies":[{"name":"wp","href":"https:\/\/api.w.org\/{rel}","templated":true}]}}