{"id":40558,"date":"2026-04-26T08:58:49","date_gmt":"2026-04-26T08:58:49","guid":{"rendered":""},"modified":"2026-04-26T08:58:49","modified_gmt":"2026-04-26T08:58:49","slug":"znackovy-prisma-tech-filler-plnic-ve-spreji-400-ml-bezovy-40558","status":"publish","type":"product","link":"https:\/\/www.domtechnikpro.com\/index.php\/produkt\/znackovy-prisma-tech-filler-plnic-ve-spreji-400-ml-bezovy-40558\/","title":{"rendered":"Zna\u010dkov\u00fd PRISMA TECH FILLER Plni\u010d ve spreji, 400 ml b\u00e9\u017eov\u00fd"},"content":{"rendered":"<div class=\"basic-description\">\n<h3>Detailn\u00ed popis produktu<\/h3>\n<h3 class=\"western\"><span style=\"font-size: 14pt; font-family: inherit;\"><strong>Vlastnosti a v\u00fdhody<\/strong><\/span><\/h3>\n<ul>\n<li>\n<p style=\"margin-bottom: 0cm;\"><span style=\"font-size: 12pt; font-family: inherit;\"><strong>Vysok\u00e1 odolnost v\u016f\u010di atmosferick\u00fdm vliv\u016fm, UV z\u00e1\u0159en\u00ed, alkoholu a benzinu.<\/strong><\/span><\/p>\n<\/li>\n<li>\n<p style=\"margin-bottom: 0cm;\"><span style=\"font-size: 12pt; font-family: inherit;\"><strong>Vysok\u00e1 pln\u00edc\u00ed schopnost a <span class=\"show-tooltip\" title=\"Stupe\u0148 p\u0159ipevn\u011bn\u00ed n\u00e1t\u011bru k povrchu. Kvalita nebo stupe\u0148 p\u0159ipevn\u011bn\u00ed mezi povlakem barvy a povrchem nebo barvou pod n\u00edm. Schopnost such\u00e9 barvy z\u016fstat na povrchu bez puch\u00fd\u0159\u016f, odlupov\u00e1n\u00ed nebo prask\u00e1n\u00ed. P\u0159ilnavost je pravd\u011bpodobn\u011b nejd\u016fle\u017eit\u011bj\u0161\u00ed&amp;hellip;\">p\u0159ilnavost<\/span>.<\/strong><\/span><\/p>\n<\/li>\n<li>\n<p style=\"margin-bottom: 0cm;\"><span style=\"font-size: 12pt; font-family: inherit;\"><strong>Snadno brousiteln\u00fd, bez pigment\u016f.<\/strong><\/span><\/p>\n<\/li>\n<li><span style=\"font-size: 12pt; font-family: inherit;\"><strong>Ide\u00e1ln\u00ed jako podklad pro dal\u0161\u00ed vrstvy <span class=\"show-tooltip\" title=\"Lak je povlak nebo n\u00e1t\u011br, kter\u00fd se nan\u00e1\u0161\u00ed na povrchy s c\u00edlem zv\u00fd\u0161it jejich odolnost, estetick\u00fd vzhled nebo ochranu. Existuje mnoho r\u016fzn\u00fdch typ\u016f lak\u016f, z nich\u017e ka\u017ed\u00fd je ur\u010den pro specifick\u00e9 pou\u017eit\u00ed a materi\u00e1ly:Vodou \u0159editeln\u00fd lak: Typ&amp;hellip;\">lak\u016f<\/span>.<\/strong><\/span><\/li>\n<li><span style=\"font-size: 12pt; font-family: inherit;\"><strong>Neobsahuje oz\u00f3n ani jin\u00e9 \u0161kodliv\u00e9 <span class=\"show-tooltip\" title=\"Plyn je skupenstv\u00ed l\u00e1tky, kter\u00e9 se vyzna\u010duje t\u00edm, \u017ee nem\u00e1 pevn\u00fd tvar ani pevn\u00fd objem.V plynn\u00e9m skupenstv\u00ed se \u010d\u00e1stice l\u00e1tky pohybuj\u00ed rychle a maj\u00ed dostate\u010dn\u011b velk\u00fd rozptyl, aby se vymanily z pevn\u00fdch \u010di kapaln\u00fdch uspo\u0159\u00e1d\u00e1n\u00ed.Plyny vypl\u0148uj\u00ed cel\u00fd&amp;hellip;\">plyny<\/span>.<\/strong><\/span><\/li>\n<\/ul>\n<h3 class=\"western\"><span style=\"font-size: 14pt; font-family: inherit;\"><strong>Pou\u017eit\u00ed<\/strong><\/span><\/h3>\n<ul>\n<li>\n<p style=\"display: inline !important;\"><span style=\"font-size: 12pt; font-family: inherit;\"><strong>Nitro-akrylov\u00fd pln\u00edc\u00ed <span class=\"show-tooltip\" title=\"Tmel je materi\u00e1l pou\u017e\u00edvan\u00fd k vypln\u011bn\u00ed a t\u011bsn\u011bn\u00ed mezer, sp\u00e1r nebo trhlin mezi r\u016fzn\u00fdmi materi\u00e1ly. Tmel m\u00e1 za \u00fakol zajistit, aby spoj mezi r\u016fzn\u00fdmi \u010d\u00e1stmi byl pevn\u00fd, vodot\u011bsn\u00fd, prachot\u011bsn\u00fd a odoln\u00fd proti vn\u011bj\u0161\u00edm vliv\u016fm. Tmel je b\u011b\u017en\u011b pou\u017e\u00edv\u00e1n v&amp;hellip;\">tmel<\/span> ve <span class=\"show-tooltip\" title=\"Sprej je za\u0159\u00edzen\u00ed nebo produkt, kter\u00fd umo\u017e\u0148uje rozpra\u0161ov\u00e1n\u00ed kapaliny nebo suspenze do vzduchu ve form\u011b jemn\u00e9 mlhy.Spreje jsou praktick\u00fdm a efektivn\u00edm zp\u016fsobem, jak aplikovat r\u016fzn\u00e9 l\u00e1tky v mnoha odv\u011btv\u00edch, a jejich design a technologie se neust\u00e1le&amp;hellip;\">spreji<\/span> na opravu lehce po\u0161kozen\u00e9ho laku jako jsou \u0161kr\u00e1bance na polyesteru, <span class=\"show-tooltip\" title=\"Plastyn\u011bkdy tak\u00e9 naz\u00fdvan\u00e9 plastick\u00e9 \u010di um\u011bl\u00e9 hmoty, p\u0159edstavuj\u00ed \u0161irokou \u0161k\u00e1lu syntetick\u00fdch nebo \u010d\u00e1ste\u010dn\u011b syntetick\u00fdch organick\u00fdch slou\u010denin a polymern\u00edch materi\u00e1l\u016f. \u010casto obsahuj\u00ed p\u0159\u00edsady zlep\u0161uj\u00edc\u00ed jejich funk\u010dn\u00ed vlastnosti, nap\u0159\u00edklad&amp;hellip;\">plastu<\/span>, kovu a <span class=\"show-tooltip\" title=\"D\u0159evo&amp;nbsp;je tvrd\u00e9 a p\u00f3rovit\u00e9&amp;nbsp;rostlinn\u00e9 pletivo&amp;nbsp;(tk\u00e1\u0148), je\u017e tvo\u0159\u00ed kmeny, ko\u0159eny a v\u011btve strom\u016f, ke\u0159\u016f a dal\u0161\u00edch&amp;nbsp;d\u0159evin. Skl\u00e1d\u00e1 se z&amp;nbsp;celul\u00f3zov\u00fdch&amp;nbsp;vl\u00e1ken s vysokou pevnost\u00ed v tahu a&amp;nbsp;ligninov\u00e9&amp;nbsp;v\u00fdpln\u011b, kter\u00e1&amp;hellip;\">d\u0159evu<\/span>.<\/strong><\/span><\/p>\n<\/li>\n<li><span style=\"font-size: 12pt; font-family: inherit;\"><strong>V\u00fdborn\u011b pou\u017eiteln\u00fd na opravu r\u016fzn\u00fdch \u010d\u00e1sti karoseri\u00ed automobil\u016f a motocykl\u016f.<\/strong><\/span><\/li>\n<\/ul>\n<h3 class=\"western\"><span style=\"font-size: 14pt; font-family: inherit;\"><strong>Aplikace<\/strong><\/span><\/h3>\n<ul>\n<li>\n<p style=\"margin-bottom: 0cm;\"><span style=\"font-size: 12pt; font-family: inherit;\">Povrch d\u016fkladn\u011b o\u010dist\u011bte od mastnoty a \u0161p\u00edny.<\/span><\/p>\n<\/li>\n<li>\n<p style=\"margin-bottom: 0cm;\"><span style=\"font-size: 12pt; font-family: inherit;\">Na kovov\u00e9m povrchu odstra\u0148te <span class=\"show-tooltip\" title=\"Koroze je proces po\u0161kozen\u00ed a degradace materi\u00e1l\u016f, kter\u00fd vznik\u00e1 v d\u016fsledku reakce mezi materi\u00e1lem a jeho okol\u00edm, obvykle s chemick\u00fdmi l\u00e1tkami, jako je voda, kyseliny nebo plyny. Koroze je \u010dasto spojov\u00e1na s kovov\u00fdmi materi\u00e1ly, ale m\u016f\u017ee&amp;hellip;\">rez<\/span> <span class=\"show-tooltip\" title=\"Brou\u0161en\u00ed je technologick\u00fd proces, p\u0159i kter\u00e9m se odstra\u0148uj\u00ed ne\u017e\u00e1douc\u00ed materi\u00e1lov\u00e9 \u010d\u00e1stice nebo se dosahuje po\u017eadovan\u00fd tvar a povrchov\u00e1 kvalita na ur\u010dit\u00e9m materi\u00e1lu. Brou\u0161en\u00ed se \u010dasto pou\u017e\u00edv\u00e1 k dosa\u017een\u00ed hladk\u00e9ho a p\u0159esn\u00e9ho povrchu na kovech, skle,&amp;hellip;\">brusn\u00fdm<\/span> <span class=\"show-tooltip\" title=\"Pap\u00edr je tenk\u00fd, ploch\u00fd materi\u00e1l vytvo\u0159en\u00fd z vl\u00e1ken rostlin, zejm\u00e9na d\u0159eva, kter\u00e9 jsou rozdrceny, zbaveny vody a pot\u00e9 spojeny do pap\u00edrov\u00e9 hmoty.&amp;nbsp;N\u00e1sledn\u011b je zpracov\u00e1n na po\u017eadovan\u00e9 form\u00e1ty nebo v\u00fdrobky.\u058d Je to jeden z nejroz\u0161\u00ed\u0159en\u011bj\u0161\u00edch a&amp;hellip;\">pap\u00edrem<\/span> <span class=\"show-tooltip\" title=\"Zrnitost se obecn\u011b vztahuje k velikosti a charakteru zrn, tj. mal\u00fdch \u010d\u00e1stic nebo krystal\u016f, kter\u00e9 tvo\u0159\u00ed ur\u010dit\u00fd materi\u00e1l.Term\u00edn je pou\u017e\u00edv\u00e1n v r\u016fzn\u00fdch kontextech podle specifick\u00e9ho materi\u00e1lu nebo odv\u011btv\u00ed, ale obecn\u011b se jedn\u00e1 o hodnotu, kter\u00e1 popisuje&amp;hellip;\">zrnitosti<\/span> 600 a o\u0161et\u0159ete ochrannou l\u00e1tkou proti rzi.<\/span><\/p>\n<\/li>\n<li>\n<p style=\"margin-bottom: 0cm;\"><span style=\"font-size: 12pt; font-family: inherit;\">P\u0159ed pou\u017eit\u00edm prot\u0159este d\u00f3zou 2 &#8211; 3 minuty.<\/span><\/p>\n<\/li>\n<li><span style=\"font-size: 12pt; font-family: inherit;\">Nan\u00e1\u0161ejte ze vzd\u00e1lenosti 18 &#8211; 20 cm lehk\u00fdmi pohyby nad povrchem ve vertik\u00e1ln\u00ed poloze.<\/span><\/li>\n<li>\n<p style=\"display: inline !important;\"><span style=\"font-size: 12pt; font-family: inherit;\">Pro rovnom\u011brnou aplikaci je doporu\u010deno ob\u010das pot\u0159epat plechovku b\u011bhem pou\u017e\u00edv\u00e1n\u00ed.<\/span><\/p>\n<\/li>\n<li><span style=\"font-size: 12pt; font-family: inherit;\">Nan\u00e1\u0161ejte tenk\u00e9 vrstvy k\u0159\u00ed\u017eem p\u0159es sebe, nejd\u0159\u00edve svisle a pak vodorovn\u011b.<\/span><\/li>\n<li><span style=\"font-size: 12pt; font-family: inherit;\">Povrchy s vy\u0161\u0161\u00ed absorpc\u00ed vy\u017eaduj\u00ed nanesen\u00ed v\u00edce vrstev.<\/span><\/li>\n<li><span style=\"font-size: 12pt; font-family: inherit;\">Pokud jsou \u0161kr\u00e1bance hlub\u0161\u00ed, naneste v\u00edce vrstev, mezi ka\u017edou vrstvou po\u010dkejte min. 15 min.<\/span><\/li>\n<li>\n<p style=\"margin-bottom: 0cm;\"><span style=\"font-size: 12pt; font-family: inherit;\">P\u0159i n\u00edzk\u00fdch teplot\u00e1ch zah\u0159ejte d\u00f3zu v tepl\u00e9 vod\u011b na 20 &#8211; 25\u00b0C.<\/span><\/p>\n<\/li>\n<li>\n<p style=\"margin-bottom: 0cm;\"><span style=\"font-size: 12pt; font-family: inherit;\">Nepou\u017e\u00edvejte p\u0159i teplot\u011b pod 15\u00b0C.<\/span><\/p>\n<\/li>\n<li>\n<p style=\"margin-bottom: 0cm;\"><span style=\"font-size: 12pt; font-family: inherit;\">Such\u00fd na dotek za 10 &#8211; 15 minut, proschl\u00fd za 24 &#8211; 36 hodin (dle nanesen\u00e9 vrstvy).<\/span><\/p>\n<\/li>\n<li>\n<p style=\"margin-bottom: 0cm;\"><span style=\"font-size: 12pt; font-family: inherit;\">Samo\u010dist\u00edc\u00ed ventil.<\/span><\/p>\n<\/li>\n<\/ul>\n<h3 class=\"western\"><span style=\"font-size: 14pt; font-family: inherit;\"><strong>Velikosti balen\u00ed<\/strong><\/span><\/h3>\n<ul>\n<li>\n<p><span style=\"font-size: 12pt; font-family: inherit;\"><span class=\"show-tooltip\" title=\"Aerosol je jemn\u00e1 disperze kapaliny nebo pevn\u00fdch \u010d\u00e1stic ve vzduchu nebo jin\u00e9m plynu.Tato disperze vytv\u00e1\u0159\u00ed stabiln\u00ed \u010d\u00e1sticov\u00fd oblak nebo mlhu.Aerosoly mohou b\u00fdt slo\u017eeny z tekutin, jako jsou barvy, laky, \u010di\u0161t\u011bn\u00ed nebo dezinfek\u010dn\u00ed prost\u0159edky, a tak\u00e9 z&amp;hellip;\">aerosolov\u00e1<\/span> d\u00f3za (spray) 400 ml<\/span><\/p>\n<\/li>\n<\/ul>\n<div id=\"gtx-trans\" style=\"position: absolute; left: -139px; top: 50.5156px;\">\u00a0<\/div>\n<\/p><\/div>\n","protected":false},"excerpt":{"rendered":"<p>Detailn\u00ed popis produktu Vlastnosti a v\u00fdhody Vysok\u00e1 odolnost v\u016f\u010di atmosferick\u00fdm vliv\u016fm, UV z\u00e1\u0159en\u00ed, alkoholu a benzinu. Vysok\u00e1 pln\u00edc\u00ed schopnost a p\u0159ilnavost. Snadno brousiteln\u00fd, bez pigment\u016f. Ide\u00e1ln\u00ed jako podklad pro dal\u0161\u00ed vrstvy lak\u016f. Neobsahuje oz\u00f3n ani jin\u00e9 \u0161kodliv\u00e9 plyny. Pou\u017eit\u00ed Nitro-akrylov\u00fd pln\u00edc\u00ed tmel ve spreji na opravu lehce po\u0161kozen\u00e9ho laku jako jsou \u0161kr\u00e1bance na polyesteru, plastu, [&hellip;]<\/p>\n","protected":false},"featured_media":40658,"comment_status":"open","ping_status":"open","template":"","meta":[],"product_brand":[],"product_cat":[133],"product_tag":[],"class_list":{"0":"post-40558","1":"product","2":"type-product","3":"status-publish","4":"has-post-thumbnail","6":"product_cat-barvy-amp-laky","8":"first","9":"instock","10":"sale","11":"shipping-taxable","12":"purchasable","13":"product-type-simple"},"yoast_head":"<!-- This site is optimized with the Yoast SEO plugin v26.8 - https:\/\/yoast.com\/product\/yoast-seo-wordpress\/ -->\n<title>Zna\u010dkov\u00fd PRISMA TECH FILLER Plni\u010d ve spreji, 400 ml b\u00e9\u017eov\u00fd -<\/title>\n<meta name=\"robots\" content=\"index, follow, max-snippet:-1, max-image-preview:large, max-video-preview:-1\" \/>\n<link rel=\"canonical\" href=\"https:\/\/www.domtechnikpro.com\/index.php\/produkt\/znackovy-prisma-tech-filler-plnic-ve-spreji-400-ml-bezovy-40558\/\" \/>\n<meta property=\"og:locale\" content=\"cs_CZ\" \/>\n<meta property=\"og:type\" content=\"article\" \/>\n<meta property=\"og:title\" content=\"Zna\u010dkov\u00fd PRISMA TECH FILLER Plni\u010d ve spreji, 400 ml b\u00e9\u017eov\u00fd -\" \/>\n<meta property=\"og:description\" content=\"Detailn\u00ed popis produktu Vlastnosti a v\u00fdhody Vysok\u00e1 odolnost v\u016f\u010di atmosferick\u00fdm vliv\u016fm, UV z\u00e1\u0159en\u00ed, alkoholu a benzinu. Vysok\u00e1 pln\u00edc\u00ed schopnost a p\u0159ilnavost. Snadno brousiteln\u00fd, bez pigment\u016f. Ide\u00e1ln\u00ed jako podklad pro dal\u0161\u00ed vrstvy lak\u016f. Neobsahuje oz\u00f3n ani jin\u00e9 \u0161kodliv\u00e9 plyny. Pou\u017eit\u00ed Nitro-akrylov\u00fd pln\u00edc\u00ed tmel ve spreji na opravu lehce po\u0161kozen\u00e9ho laku jako jsou \u0161kr\u00e1bance na polyesteru, plastu, [&hellip;]\" \/>\n<meta property=\"og:url\" content=\"https:\/\/www.domtechnikpro.com\/index.php\/produkt\/znackovy-prisma-tech-filler-plnic-ve-spreji-400-ml-bezovy-40558\/\" \/>\n<meta property=\"og:image\" content=\"https:\/\/www.domtechnikpro.com\/wp-content\/uploads\/2026\/SK0001783-CZ20260425-092522-0-1777080324-51044_prisma-tech-filler.webp\" \/>\n\t<meta property=\"og:image:width\" content=\"1000\" \/>\n\t<meta property=\"og:image:height\" content=\"750\" \/>\n\t<meta property=\"og:image:type\" content=\"image\/webp\" \/>\n<meta name=\"twitter:card\" content=\"summary_large_image\" \/>\n<meta name=\"twitter:label1\" content=\"Odhadovan\u00e1 doba \u010dten\u00ed\" \/>\n\t<meta name=\"twitter:data1\" content=\"1 minuta\" \/>\n<script type=\"application\/ld+json\" class=\"yoast-schema-graph\">{\"@context\":\"https:\/\/schema.org\",\"@graph\":[{\"@type\":\"WebPage\",\"@id\":\"https:\/\/www.domtechnikpro.com\/index.php\/produkt\/znackovy-prisma-tech-filler-plnic-ve-spreji-400-ml-bezovy-40558\/\",\"url\":\"https:\/\/www.domtechnikpro.com\/index.php\/produkt\/znackovy-prisma-tech-filler-plnic-ve-spreji-400-ml-bezovy-40558\/\",\"name\":\"Zna\u010dkov\u00fd PRISMA TECH FILLER Plni\u010d ve spreji, 400 ml b\u00e9\u017eov\u00fd -\",\"isPartOf\":{\"@id\":\"https:\/\/www.domtechnikpro.com\/#website\"},\"primaryImageOfPage\":{\"@id\":\"https:\/\/www.domtechnikpro.com\/index.php\/produkt\/znackovy-prisma-tech-filler-plnic-ve-spreji-400-ml-bezovy-40558\/#primaryimage\"},\"image\":{\"@id\":\"https:\/\/www.domtechnikpro.com\/index.php\/produkt\/znackovy-prisma-tech-filler-plnic-ve-spreji-400-ml-bezovy-40558\/#primaryimage\"},\"thumbnailUrl\":\"https:\/\/www.domtechnikpro.com\/wp-content\/uploads\/2026\/SK0001783-CZ20260425-092522-0-1777080324-51044_prisma-tech-filler.webp\",\"datePublished\":\"2026-04-26T08:58:49+00:00\",\"breadcrumb\":{\"@id\":\"https:\/\/www.domtechnikpro.com\/index.php\/produkt\/znackovy-prisma-tech-filler-plnic-ve-spreji-400-ml-bezovy-40558\/#breadcrumb\"},\"inLanguage\":\"cs\",\"potentialAction\":[{\"@type\":\"ReadAction\",\"target\":[\"https:\/\/www.domtechnikpro.com\/index.php\/produkt\/znackovy-prisma-tech-filler-plnic-ve-spreji-400-ml-bezovy-40558\/\"]}]},{\"@type\":\"ImageObject\",\"inLanguage\":\"cs\",\"@id\":\"https:\/\/www.domtechnikpro.com\/index.php\/produkt\/znackovy-prisma-tech-filler-plnic-ve-spreji-400-ml-bezovy-40558\/#primaryimage\",\"url\":\"https:\/\/www.domtechnikpro.com\/wp-content\/uploads\/2026\/SK0001783-CZ20260425-092522-0-1777080324-51044_prisma-tech-filler.webp\",\"contentUrl\":\"https:\/\/www.domtechnikpro.com\/wp-content\/uploads\/2026\/SK0001783-CZ20260425-092522-0-1777080324-51044_prisma-tech-filler.webp\",\"width\":1000,\"height\":750},{\"@type\":\"BreadcrumbList\",\"@id\":\"https:\/\/www.domtechnikpro.com\/index.php\/produkt\/znackovy-prisma-tech-filler-plnic-ve-spreji-400-ml-bezovy-40558\/#breadcrumb\",\"itemListElement\":[{\"@type\":\"ListItem\",\"position\":1,\"name\":\"Home\",\"item\":\"https:\/\/www.domtechnikpro.com\/\"},{\"@type\":\"ListItem\",\"position\":2,\"name\":\"Products\",\"item\":\"https:\/\/www.domtechnikpro.com\/index.php\/products\/\"},{\"@type\":\"ListItem\",\"position\":3,\"name\":\"Zna\u010dkov\u00fd PRISMA TECH FILLER Plni\u010d ve spreji, 400 ml b\u00e9\u017eov\u00fd\"}]},{\"@type\":\"WebSite\",\"@id\":\"https:\/\/www.domtechnikpro.com\/#website\",\"url\":\"https:\/\/www.domtechnikpro.com\/\",\"name\":\"\",\"description\":\"\",\"potentialAction\":[{\"@type\":\"SearchAction\",\"target\":{\"@type\":\"EntryPoint\",\"urlTemplate\":\"https:\/\/www.domtechnikpro.com\/?s={search_term_string}\"},\"query-input\":{\"@type\":\"PropertyValueSpecification\",\"valueRequired\":true,\"valueName\":\"search_term_string\"}}],\"inLanguage\":\"cs\"}]}<\/script>\n<!-- \/ Yoast SEO plugin. -->","yoast_head_json":{"title":"Zna\u010dkov\u00fd PRISMA TECH FILLER Plni\u010d ve spreji, 400 ml b\u00e9\u017eov\u00fd -","robots":{"index":"index","follow":"follow","max-snippet":"max-snippet:-1","max-image-preview":"max-image-preview:large","max-video-preview":"max-video-preview:-1"},"canonical":"https:\/\/www.domtechnikpro.com\/index.php\/produkt\/znackovy-prisma-tech-filler-plnic-ve-spreji-400-ml-bezovy-40558\/","og_locale":"cs_CZ","og_type":"article","og_title":"Zna\u010dkov\u00fd PRISMA TECH FILLER Plni\u010d ve spreji, 400 ml b\u00e9\u017eov\u00fd -","og_description":"Detailn\u00ed popis produktu Vlastnosti a v\u00fdhody Vysok\u00e1 odolnost v\u016f\u010di atmosferick\u00fdm vliv\u016fm, UV z\u00e1\u0159en\u00ed, alkoholu a benzinu. Vysok\u00e1 pln\u00edc\u00ed schopnost a p\u0159ilnavost. Snadno brousiteln\u00fd, bez pigment\u016f. Ide\u00e1ln\u00ed jako podklad pro dal\u0161\u00ed vrstvy lak\u016f. Neobsahuje oz\u00f3n ani jin\u00e9 \u0161kodliv\u00e9 plyny. Pou\u017eit\u00ed Nitro-akrylov\u00fd pln\u00edc\u00ed tmel ve spreji na opravu lehce po\u0161kozen\u00e9ho laku jako jsou \u0161kr\u00e1bance na polyesteru, plastu, [&hellip;]","og_url":"https:\/\/www.domtechnikpro.com\/index.php\/produkt\/znackovy-prisma-tech-filler-plnic-ve-spreji-400-ml-bezovy-40558\/","og_image":[{"width":1000,"height":750,"url":"https:\/\/www.domtechnikpro.com\/wp-content\/uploads\/2026\/SK0001783-CZ20260425-092522-0-1777080324-51044_prisma-tech-filler.webp","type":"image\/webp"}],"twitter_card":"summary_large_image","twitter_misc":{"Odhadovan\u00e1 doba \u010dten\u00ed":"1 minuta"},"schema":{"@context":"https:\/\/schema.org","@graph":[{"@type":"WebPage","@id":"https:\/\/www.domtechnikpro.com\/index.php\/produkt\/znackovy-prisma-tech-filler-plnic-ve-spreji-400-ml-bezovy-40558\/","url":"https:\/\/www.domtechnikpro.com\/index.php\/produkt\/znackovy-prisma-tech-filler-plnic-ve-spreji-400-ml-bezovy-40558\/","name":"Zna\u010dkov\u00fd PRISMA TECH FILLER Plni\u010d ve spreji, 400 ml b\u00e9\u017eov\u00fd -","isPartOf":{"@id":"https:\/\/www.domtechnikpro.com\/#website"},"primaryImageOfPage":{"@id":"https:\/\/www.domtechnikpro.com\/index.php\/produkt\/znackovy-prisma-tech-filler-plnic-ve-spreji-400-ml-bezovy-40558\/#primaryimage"},"image":{"@id":"https:\/\/www.domtechnikpro.com\/index.php\/produkt\/znackovy-prisma-tech-filler-plnic-ve-spreji-400-ml-bezovy-40558\/#primaryimage"},"thumbnailUrl":"https:\/\/www.domtechnikpro.com\/wp-content\/uploads\/2026\/SK0001783-CZ20260425-092522-0-1777080324-51044_prisma-tech-filler.webp","datePublished":"2026-04-26T08:58:49+00:00","breadcrumb":{"@id":"https:\/\/www.domtechnikpro.com\/index.php\/produkt\/znackovy-prisma-tech-filler-plnic-ve-spreji-400-ml-bezovy-40558\/#breadcrumb"},"inLanguage":"cs","potentialAction":[{"@type":"ReadAction","target":["https:\/\/www.domtechnikpro.com\/index.php\/produkt\/znackovy-prisma-tech-filler-plnic-ve-spreji-400-ml-bezovy-40558\/"]}]},{"@type":"ImageObject","inLanguage":"cs","@id":"https:\/\/www.domtechnikpro.com\/index.php\/produkt\/znackovy-prisma-tech-filler-plnic-ve-spreji-400-ml-bezovy-40558\/#primaryimage","url":"https:\/\/www.domtechnikpro.com\/wp-content\/uploads\/2026\/SK0001783-CZ20260425-092522-0-1777080324-51044_prisma-tech-filler.webp","contentUrl":"https:\/\/www.domtechnikpro.com\/wp-content\/uploads\/2026\/SK0001783-CZ20260425-092522-0-1777080324-51044_prisma-tech-filler.webp","width":1000,"height":750},{"@type":"BreadcrumbList","@id":"https:\/\/www.domtechnikpro.com\/index.php\/produkt\/znackovy-prisma-tech-filler-plnic-ve-spreji-400-ml-bezovy-40558\/#breadcrumb","itemListElement":[{"@type":"ListItem","position":1,"name":"Home","item":"https:\/\/www.domtechnikpro.com\/"},{"@type":"ListItem","position":2,"name":"Products","item":"https:\/\/www.domtechnikpro.com\/index.php\/products\/"},{"@type":"ListItem","position":3,"name":"Zna\u010dkov\u00fd PRISMA TECH FILLER Plni\u010d ve spreji, 400 ml b\u00e9\u017eov\u00fd"}]},{"@type":"WebSite","@id":"https:\/\/www.domtechnikpro.com\/#website","url":"https:\/\/www.domtechnikpro.com\/","name":"","description":"","potentialAction":[{"@type":"SearchAction","target":{"@type":"EntryPoint","urlTemplate":"https:\/\/www.domtechnikpro.com\/?s={search_term_string}"},"query-input":{"@type":"PropertyValueSpecification","valueRequired":true,"valueName":"search_term_string"}}],"inLanguage":"cs"}]}},"_links":{"self":[{"href":"https:\/\/www.domtechnikpro.com\/index.php\/wp-json\/wp\/v2\/product\/40558","targetHints":{"allow":["GET"]}}],"collection":[{"href":"https:\/\/www.domtechnikpro.com\/index.php\/wp-json\/wp\/v2\/product"}],"about":[{"href":"https:\/\/www.domtechnikpro.com\/index.php\/wp-json\/wp\/v2\/types\/product"}],"replies":[{"embeddable":true,"href":"https:\/\/www.domtechnikpro.com\/index.php\/wp-json\/wp\/v2\/comments?post=40558"}],"wp:featuredmedia":[{"embeddable":true,"href":"https:\/\/www.domtechnikpro.com\/index.php\/wp-json\/wp\/v2\/media\/40658"}],"wp:attachment":[{"href":"https:\/\/www.domtechnikpro.com\/index.php\/wp-json\/wp\/v2\/media?parent=40558"}],"wp:term":[{"taxonomy":"product_brand","embeddable":true,"href":"https:\/\/www.domtechnikpro.com\/index.php\/wp-json\/wp\/v2\/product_brand?post=40558"},{"taxonomy":"product_cat","embeddable":true,"href":"https:\/\/www.domtechnikpro.com\/index.php\/wp-json\/wp\/v2\/product_cat?post=40558"},{"taxonomy":"product_tag","embeddable":true,"href":"https:\/\/www.domtechnikpro.com\/index.php\/wp-json\/wp\/v2\/product_tag?post=40558"}],"curies":[{"name":"wp","href":"https:\/\/api.w.org\/{rel}","templated":true}]}}