{"id":40175,"date":"2026-04-26T08:58:44","date_gmt":"2026-04-26T08:58:44","guid":{"rendered":""},"modified":"2026-04-26T08:58:44","modified_gmt":"2026-04-26T08:58:44","slug":"nakupujte-hned-vidaron-r-lak-synteticky-venkovni-s-uv-filtrem-na-drevo-40175","status":"publish","type":"product","link":"https:\/\/www.domtechnikpro.com\/index.php\/produkt\/nakupujte-hned-vidaron-r-lak-synteticky-venkovni-s-uv-filtrem-na-drevo-40175\/","title":{"rendered":"Nakupujte Hned VIDARON\u00ae Lak syntetick\u00fd, venkovn\u00ed, s UV filtrem, na d\u0159evo"},"content":{"rendered":"<div class=\"basic-description\">\n<h3>Detailn\u00ed popis produktu<\/h3>\n<p style=\"margin-bottom: 0cm;\"><span style=\"font-size: 12pt; color: #333333;\"><strong><span style=\"font-family: inherit;\"><\/span><\/strong><\/span><\/p>\n<p style=\"margin-bottom: 0cm;\">\u00a0<\/p>\n<p style=\"margin-bottom: 0cm;\"><span style=\"font-size: 12pt; color: #333333;\"><strong><span style=\"font-family: inherit;\">VIDARON je zna\u010dka vysoce kvalitn\u00edch v\u00fdrobk\u016f na ochranu <span class=\"show-tooltip\" title=\"D\u0159evo&amp;nbsp;je tvrd\u00e9 a p\u00f3rovit\u00e9&amp;nbsp;rostlinn\u00e9 pletivo&amp;nbsp;(tk\u00e1\u0148), je\u017e tvo\u0159\u00ed kmeny, ko\u0159eny a v\u011btve strom\u016f, ke\u0159\u016f a dal\u0161\u00edch&amp;nbsp;d\u0159evin. Skl\u00e1d\u00e1 se z&amp;nbsp;celul\u00f3zov\u00fdch&amp;nbsp;vl\u00e1ken s vysokou pevnost\u00ed v tahu a&amp;nbsp;ligninov\u00e9&amp;nbsp;v\u00fdpln\u011b, kter\u00e1&amp;hellip;\">d\u0159eva<\/span> a jeho dekorace.\u00a0Zna\u010dka inspirovan\u00e1 Skandin\u00e1vi\u00ed, jej\u00ed\u017e obyvatel\u00e9 se nau\u010dili tajn\u00e9 techniky pou\u017e\u00edv\u00e1n\u00ed nesm\u00edrn\u00e9ho daru d\u0159eva.\u00a0Nau\u010dili se je pou\u017e\u00edvat obratn\u011b a dbali na to, aby neztratili \u017e\u00e1dnou z jejich vlastnost\u00ed.\u00a0Zna\u010dka nese jm\u00e9no Vidary, kter\u00e1 je spr\u00e1vcem <span class=\"show-tooltip\" title=\"Strom je vy\u0161\u0161\u00ed rostlina se vzp\u0159\u00edmen\u00fdm d\u0159evnat\u00fdm kmenem, kter\u00fd se v\u011btv\u00ed a m\u00e1 korunu tvo\u0159enou v\u011btvemi a listy.&amp;nbsp;&amp;nbsp;Botanick\u00fd popis:&amp;nbsp;Strom je vy\u0161\u0161\u00ed rostlina, kter\u00e1 m\u00e1 jednu hlavn\u00ed, vzp\u0159\u00edmenou \u010d\u00e1st zvanou kmen.&amp;nbsp;Z kmene vyr\u016fstaj\u00ed&amp;hellip;\">strom\u016f<\/span> v seversk\u00e9 mytologii.\u00a0Nyn\u00ed m\u016f\u017eete tyto znalosti vyu\u017e\u00edvat s produkty VIDARON i Vy.<\/span><\/strong><\/span><\/p>\n<ul>\n<li><span style=\"font-size: 12pt; color: #333333;\"><strong><span style=\"font-family: inherit;\">Jsme jedn\u00edm z prvn\u00edch prodejc\u016f t\u00e9to exkluzivn\u00ed zna\u010dky v \u010cR.<\/span><\/strong><\/span><\/li>\n<li><span style=\"font-size: 12pt; color: #333333;\"><strong><span style=\"font-family: inherit;\">Zbo\u017e\u00ed m\u00e1me p\u0159ipraveno k odesl\u00e1n\u00ed za nejlep\u0161\u00ed ceny.<\/span><\/strong><\/span><\/li>\n<li><span style=\"font-size: 12pt; color: #333333;\"><strong><span style=\"font-family: inherit;\">Dejte sv\u00e9mu obydl\u00ed i zahrad\u011b n\u00e1dech luxusu!<\/span><\/strong><\/span><\/li>\n<\/ul>\n<h3 class=\"western\"><\/h3>\n<h3 class=\"western\"><span style=\"font-size: 14pt; color: #333333;\"><strong><span style=\"font-family: inherit;\">Vlastnosti a v\u00fdhody<\/span><\/strong><\/span><\/h3>\n<ul>\n<li><span style=\"font-size: 12pt; color: #333333;\"><strong><span style=\"font-family: inherit;\">Chr\u00e1n\u00ed lakovan\u00e9 povrchy p\u0159ed ni\u010div\u00fdmi \u00fa\u010dinky vody, m\u011bn\u00edc\u00edmi se pov\u011btrnostn\u00edmi podm\u00ednkami a <span class=\"show-tooltip\" title=\"Vlhkost je m\u00edra obsahu vodn\u00edch par ve vzduchu nebo v jin\u00e9m prost\u0159ed\u00ed. Je to d\u016fle\u017eit\u00fd prvek, kter\u00fd ovliv\u0148uje \u017eivotn\u00ed prost\u0159ed\u00ed, pohodu a zdrav\u00ed. Vlhkost se obvykle vyjad\u0159uje jako relativn\u00ed vlhkost, co\u017e je pom\u011br aktu\u00e1ln\u00edho obsahu vodn\u00edch par ve vzduchu&amp;hellip;\">vlhkost\u00ed<\/span>.<\/span><\/strong><\/span><\/li>\n<li><span style=\"font-size: 12pt; color: #333333;\"><strong><span style=\"font-family: inherit;\">Modern\u00ed UV vzorec <span class=\"show-tooltip\" title=\"Nanotechnologie je obor v\u011bdy a technologie, kter\u00fd se zab\u00fdv\u00e1 manipulac\u00ed a vyu\u017e\u00edv\u00e1n\u00edm materi\u00e1l\u016f a struktur na nanometrov\u00e9 (miliardtinov\u00e9) \u00farovni.Tato discipl\u00edna se zam\u011b\u0159uje na studium, design, v\u00fdrobu a aplikace materi\u00e1l\u016f a za\u0159\u00edzen\u00ed s rozm\u011bry v \u0159\u00e1du&amp;hellip;\">NANO<\/span>-BLOCKER, zalo\u017een\u00fd na <span class=\"show-tooltip\" title=\"Disperze je pojem, kter\u00fd m\u016f\u017ee m\u00edt r\u016fzn\u00e9 v\u00fdznamy v z\u00e1vislosti na kontextu, ve kter\u00e9m je pou\u017e\u00edv\u00e1n:V chemii a fyzice:Disperze jako rozpt\u00fdlen\u00ed \u010d\u00e1stic: Tento term\u00edn se pou\u017e\u00edv\u00e1 k popisu stavu, kdy jsou \u010d\u00e1stice jedn\u00e9 l\u00e1tky rozpt\u00fdleny v jin\u00e9 l\u00e1tce. M\u016f\u017ee&amp;hellip;\">disperzi<\/span> nano\u010d\u00e1stic oxidu ceru, chr\u00e1n\u00ed d\u0159evn\u00ed vl\u00e1kna p\u0159ed rozpadem zp\u016fsoben\u00fdm vlivem UV z\u00e1\u0159en\u00ed.<\/span><\/strong><\/span><\/li>\n<li><span style=\"font-size: 12pt; color: #333333;\"><strong><span style=\"font-family: inherit;\">Vytv\u00e1\u0159\u00ed <span class=\"show-tooltip\" title=\"Pru\u017enost je vlastnost materi\u00e1l\u016f, kter\u00e1 se projevuje jejich schopnost\u00ed vracet se do p\u016fvodn\u00edho tvaru po odstran\u011bn\u00ed vn\u011bj\u0161\u00edch sil, kter\u00e9 na n\u011b p\u016fsobily. Pru\u017en\u00e9 materi\u00e1ly se deformuj\u00ed, kdy\u017e jsou vystaveny zat\u00ed\u017een\u00ed, a po odstran\u011bn\u00ed tohoto zat\u00ed\u017een\u00ed se op\u011bt&amp;hellip;\">flexibiln\u00ed<\/span> a odoln\u00fd n\u00e1t\u011br<\/span><\/strong><\/span><\/li>\n<li><span style=\"font-size: 12pt; color: #333333;\"><strong><span style=\"font-family: inherit;\">Zv\u00fd\u0161en\u00e1 odolnost proti od\u011bru, po\u0161kr\u00e1b\u00e1n\u00ed a <span class=\"show-tooltip\" title=\"Mechanika je v\u011bdn\u00ed obor, kter\u00fd se zab\u00fdv\u00e1 studiem pohybu a rovnov\u00e1hy t\u011bles, a to jak v klidu, tak v pohybu. Tento obor se rozd\u011bluje do n\u011bkolika hlavn\u00edch oblast\u00ed, kter\u00e9 se li\u0161\u00ed podle typ\u016f sil, pohybov\u00fdch vzorc\u016f a aplikac\u00ed.&amp;nbsp;Mechanika je&amp;hellip;\">mechanick\u00e9mu<\/span> po\u0161kozen\u00ed<\/span><\/strong><\/span><\/li>\n<li><span style=\"font-size: 12pt; color: #333333;\"><strong><span style=\"font-family: inherit;\">Velmi dobr\u00e1 <span class=\"show-tooltip\" title=\"Stupe\u0148 p\u0159ipevn\u011bn\u00ed n\u00e1t\u011bru k povrchu. Kvalita nebo stupe\u0148 p\u0159ipevn\u011bn\u00ed mezi povlakem barvy a povrchem nebo barvou pod n\u00edm. Schopnost such\u00e9 barvy z\u016fstat na povrchu bez puch\u00fd\u0159\u016f, odlupov\u00e1n\u00ed nebo prask\u00e1n\u00ed. P\u0159ilnavost je pravd\u011bpodobn\u011b nejd\u016fle\u017eit\u011bj\u0161\u00ed&amp;hellip;\">p\u0159ilnavost<\/span> a vynikaj\u00edc\u00ed rozl\u00e9v\u00e1n\u00ed<\/span><\/strong><\/span><\/li>\n<li><span style=\"font-size: 12pt; color: #333333;\"><strong><span style=\"font-family: inherit;\">Snadn\u00e9 pou\u017eit\u00ed<\/span><\/strong><\/span><\/li>\n<li><span style=\"font-size: 12pt; color: #333333;\"><strong><span style=\"font-family: inherit;\">Zachov\u00e1v\u00e1 p\u0159irozenou barvu d\u0159eva<br \/><\/span><\/strong><\/span><\/li>\n<\/ul>\n<h3><span style=\"font-size: 12pt; color: #333333;\"><strong><span style=\"font-family: inherit;\"><span style=\"font-size: 14pt;\">Pou\u017eit\u00ed<\/span><br \/><\/span><\/strong><\/span><\/h3>\n<ul>\n<li><span style=\"font-size: 12pt; color: #333333;\"><strong><span style=\"font-family: inherit;\">Pro\u00a0ochrann\u00e9 a\u00a0dekora\u010dn\u00ed\u00a0povlaky\u00a0d\u0159eva a d\u0159ev\u011bn\u00fdch v\u00fdrobk\u016f pou\u017e\u00edvan\u00fdch v exteri\u00e9ru.<\/span><\/strong><\/span><\/li>\n<\/ul>\n<h3 class=\"western\" align=\"LEFT\"><span style=\"font-size: 14pt; color: #333333;\"><strong><span style=\"font-family: inherit;\"><span class=\"show-tooltip\" title=\"Spot\u0159eba materi\u00e1lu je m\u011b\u0159en\u00ed mno\u017estv\u00ed surovin, komponent\u016f nebo materi\u00e1l\u016f, kter\u00e9 jsou pou\u017eity p\u0159i v\u00fdrob\u011b, konstrukci, instalaci, aplikaci nebo provozu n\u011bjak\u00e9ho v\u00fdrobku, za\u0159\u00edzen\u00ed nebo syst\u00e9mu.Spot\u0159eba materi\u00e1lu m\u016f\u017ee b\u00fdt vyj\u00e1d\u0159ena v r\u016fzn\u00fdch&amp;hellip;\">Spot\u0159eba<\/span><\/span><\/strong><\/span><\/h3>\n<ul>\n<li>\n<p style=\"margin-bottom: 0cm;\"><span style=\"font-size: 12pt; color: #333333;\"><strong><span style=\"font-family: inherit;\">cca 80 &#8211; 90 ml\/m<sup>2<\/sup><\/span><\/strong><\/span><\/p>\n<\/li>\n<li>\n<p><span style=\"font-size: 12pt; color: #333333;\"><strong><span style=\"font-family: inherit;\">Vydatnost: 12 m<sup>2<\/sup>\/l<\/span><\/strong><\/span><\/p>\n<\/li>\n<\/ul>\n<h3 class=\"western\"><span style=\"font-size: 14pt; color: #333333;\"><strong><span style=\"font-family: inherit;\">Velikosti balen\u00ed<\/span><\/strong><\/span><\/h3>\n<ul>\n<li><span color=\"#333333\" style=\"color: #333333;\"><span style=\"font-size: 16px;\"><b>hedv\u00e1bn\u00fd <span class=\"show-tooltip\" title=\"Lesk povrchu barvy je srovn\u00e1v\u00e1n s mno\u017estv\u00edm sv\u011btla odrazen\u00e9ho \u010dernou le\u0161t\u011bnou sklen\u011bnou deskou s ozna\u010den\u00edm 100, tedy s maxim\u00e1ln\u00edm leskem. Barvy a laky jsou rozd\u011bleny do skupin podle lesku m\u011b\u0159en\u00e9ho v \u00fahlu odrazu 60 stup\u0148\u016f podle n\u00ed\u017ee uveden\u00e9&amp;hellip;\">lesk<\/span>\u00a01 l, 3 l, 5 l, 10 l<\/b><\/span><\/span><\/li>\n<li><span style=\"font-size: 12pt;\"><strong><span style=\"font-family: inherit; color: #333333;\">lesk\u00a01 l, 3 l, 5 l<\/span><\/strong><\/span><span style=\"font-family: Oswald;\"><span style=\"font-size: medium;\"><br \/><\/span><\/span><\/li>\n<\/ul>\n<p><span style=\"font-family: inherit; font-size: 12pt; color: #333333;\"><\/span><\/p>\n<\/p><\/div>\n","protected":false},"excerpt":{"rendered":"<p>Detailn\u00ed popis produktu \u00a0 VIDARON je zna\u010dka vysoce kvalitn\u00edch v\u00fdrobk\u016f na ochranu d\u0159eva a jeho dekorace.\u00a0Zna\u010dka inspirovan\u00e1 Skandin\u00e1vi\u00ed, jej\u00ed\u017e obyvatel\u00e9 se nau\u010dili tajn\u00e9 techniky pou\u017e\u00edv\u00e1n\u00ed nesm\u00edrn\u00e9ho daru d\u0159eva.\u00a0Nau\u010dili se je pou\u017e\u00edvat obratn\u011b a dbali na to, aby neztratili \u017e\u00e1dnou z jejich vlastnost\u00ed.\u00a0Zna\u010dka nese jm\u00e9no Vidary, kter\u00e1 je spr\u00e1vcem strom\u016f v seversk\u00e9 mytologii.\u00a0Nyn\u00ed m\u016f\u017eete tyto znalosti [&hellip;]<\/p>\n","protected":false},"featured_media":40275,"comment_status":"open","ping_status":"open","template":"","meta":[],"product_brand":[],"product_cat":[133],"product_tag":[],"class_list":{"0":"post-40175","1":"product","2":"type-product","3":"status-publish","4":"has-post-thumbnail","6":"product_cat-barvy-amp-laky","8":"first","9":"instock","10":"sale","11":"shipping-taxable","12":"purchasable","13":"product-type-simple"},"yoast_head":"<!-- This site is optimized with the Yoast SEO plugin v26.8 - https:\/\/yoast.com\/product\/yoast-seo-wordpress\/ -->\n<title>Nakupujte Hned VIDARON\u00ae Lak syntetick\u00fd, venkovn\u00ed, s UV filtrem, na d\u0159evo -<\/title>\n<meta name=\"robots\" content=\"index, follow, max-snippet:-1, max-image-preview:large, max-video-preview:-1\" \/>\n<link rel=\"canonical\" href=\"https:\/\/www.domtechnikpro.com\/index.php\/produkt\/nakupujte-hned-vidaron-r-lak-synteticky-venkovni-s-uv-filtrem-na-drevo-40175\/\" \/>\n<meta property=\"og:locale\" content=\"cs_CZ\" \/>\n<meta property=\"og:type\" content=\"article\" \/>\n<meta property=\"og:title\" content=\"Nakupujte Hned VIDARON\u00ae Lak syntetick\u00fd, venkovn\u00ed, s UV filtrem, na d\u0159evo -\" \/>\n<meta property=\"og:description\" content=\"Detailn\u00ed popis produktu \u00a0 VIDARON je zna\u010dka vysoce kvalitn\u00edch v\u00fdrobk\u016f na ochranu d\u0159eva a jeho dekorace.\u00a0Zna\u010dka inspirovan\u00e1 Skandin\u00e1vi\u00ed, jej\u00ed\u017e obyvatel\u00e9 se nau\u010dili tajn\u00e9 techniky pou\u017e\u00edv\u00e1n\u00ed nesm\u00edrn\u00e9ho daru d\u0159eva.\u00a0Nau\u010dili se je pou\u017e\u00edvat obratn\u011b a dbali na to, aby neztratili \u017e\u00e1dnou z jejich vlastnost\u00ed.\u00a0Zna\u010dka nese jm\u00e9no Vidary, kter\u00e1 je spr\u00e1vcem strom\u016f v seversk\u00e9 mytologii.\u00a0Nyn\u00ed m\u016f\u017eete tyto znalosti [&hellip;]\" \/>\n<meta property=\"og:url\" content=\"https:\/\/www.domtechnikpro.com\/index.php\/produkt\/nakupujte-hned-vidaron-r-lak-synteticky-venkovni-s-uv-filtrem-na-drevo-40175\/\" \/>\n<meta property=\"og:image\" content=\"https:\/\/www.domtechnikpro.com\/wp-content\/uploads\/2026\/SK0001596-CZ20260425-092522-0-1777080324-46670-1_vidaron-venkovni-lak-1-hedvabny-lesk.webp\" \/>\n\t<meta property=\"og:image:width\" content=\"1000\" \/>\n\t<meta property=\"og:image:height\" content=\"750\" \/>\n\t<meta property=\"og:image:type\" content=\"image\/webp\" \/>\n<meta name=\"twitter:card\" content=\"summary_large_image\" \/>\n<meta name=\"twitter:label1\" content=\"Odhadovan\u00e1 doba \u010dten\u00ed\" \/>\n\t<meta name=\"twitter:data1\" content=\"1 minuta\" \/>\n<script type=\"application\/ld+json\" class=\"yoast-schema-graph\">{\"@context\":\"https:\/\/schema.org\",\"@graph\":[{\"@type\":\"WebPage\",\"@id\":\"https:\/\/www.domtechnikpro.com\/index.php\/produkt\/nakupujte-hned-vidaron-r-lak-synteticky-venkovni-s-uv-filtrem-na-drevo-40175\/\",\"url\":\"https:\/\/www.domtechnikpro.com\/index.php\/produkt\/nakupujte-hned-vidaron-r-lak-synteticky-venkovni-s-uv-filtrem-na-drevo-40175\/\",\"name\":\"Nakupujte Hned VIDARON\u00ae Lak syntetick\u00fd, venkovn\u00ed, s UV filtrem, na d\u0159evo -\",\"isPartOf\":{\"@id\":\"https:\/\/www.domtechnikpro.com\/#website\"},\"primaryImageOfPage\":{\"@id\":\"https:\/\/www.domtechnikpro.com\/index.php\/produkt\/nakupujte-hned-vidaron-r-lak-synteticky-venkovni-s-uv-filtrem-na-drevo-40175\/#primaryimage\"},\"image\":{\"@id\":\"https:\/\/www.domtechnikpro.com\/index.php\/produkt\/nakupujte-hned-vidaron-r-lak-synteticky-venkovni-s-uv-filtrem-na-drevo-40175\/#primaryimage\"},\"thumbnailUrl\":\"https:\/\/www.domtechnikpro.com\/wp-content\/uploads\/2026\/SK0001596-CZ20260425-092522-0-1777080324-46670-1_vidaron-venkovni-lak-1-hedvabny-lesk.webp\",\"datePublished\":\"2026-04-26T08:58:44+00:00\",\"breadcrumb\":{\"@id\":\"https:\/\/www.domtechnikpro.com\/index.php\/produkt\/nakupujte-hned-vidaron-r-lak-synteticky-venkovni-s-uv-filtrem-na-drevo-40175\/#breadcrumb\"},\"inLanguage\":\"cs\",\"potentialAction\":[{\"@type\":\"ReadAction\",\"target\":[\"https:\/\/www.domtechnikpro.com\/index.php\/produkt\/nakupujte-hned-vidaron-r-lak-synteticky-venkovni-s-uv-filtrem-na-drevo-40175\/\"]}]},{\"@type\":\"ImageObject\",\"inLanguage\":\"cs\",\"@id\":\"https:\/\/www.domtechnikpro.com\/index.php\/produkt\/nakupujte-hned-vidaron-r-lak-synteticky-venkovni-s-uv-filtrem-na-drevo-40175\/#primaryimage\",\"url\":\"https:\/\/www.domtechnikpro.com\/wp-content\/uploads\/2026\/SK0001596-CZ20260425-092522-0-1777080324-46670-1_vidaron-venkovni-lak-1-hedvabny-lesk.webp\",\"contentUrl\":\"https:\/\/www.domtechnikpro.com\/wp-content\/uploads\/2026\/SK0001596-CZ20260425-092522-0-1777080324-46670-1_vidaron-venkovni-lak-1-hedvabny-lesk.webp\",\"width\":1000,\"height\":750},{\"@type\":\"BreadcrumbList\",\"@id\":\"https:\/\/www.domtechnikpro.com\/index.php\/produkt\/nakupujte-hned-vidaron-r-lak-synteticky-venkovni-s-uv-filtrem-na-drevo-40175\/#breadcrumb\",\"itemListElement\":[{\"@type\":\"ListItem\",\"position\":1,\"name\":\"Home\",\"item\":\"https:\/\/www.domtechnikpro.com\/\"},{\"@type\":\"ListItem\",\"position\":2,\"name\":\"Products\",\"item\":\"https:\/\/www.domtechnikpro.com\/index.php\/products\/\"},{\"@type\":\"ListItem\",\"position\":3,\"name\":\"Nakupujte Hned VIDARON\u00ae Lak syntetick\u00fd, venkovn\u00ed, s UV filtrem, na d\u0159evo\"}]},{\"@type\":\"WebSite\",\"@id\":\"https:\/\/www.domtechnikpro.com\/#website\",\"url\":\"https:\/\/www.domtechnikpro.com\/\",\"name\":\"\",\"description\":\"\",\"potentialAction\":[{\"@type\":\"SearchAction\",\"target\":{\"@type\":\"EntryPoint\",\"urlTemplate\":\"https:\/\/www.domtechnikpro.com\/?s={search_term_string}\"},\"query-input\":{\"@type\":\"PropertyValueSpecification\",\"valueRequired\":true,\"valueName\":\"search_term_string\"}}],\"inLanguage\":\"cs\"}]}<\/script>\n<!-- \/ Yoast SEO plugin. -->","yoast_head_json":{"title":"Nakupujte Hned VIDARON\u00ae Lak syntetick\u00fd, venkovn\u00ed, s UV filtrem, na d\u0159evo -","robots":{"index":"index","follow":"follow","max-snippet":"max-snippet:-1","max-image-preview":"max-image-preview:large","max-video-preview":"max-video-preview:-1"},"canonical":"https:\/\/www.domtechnikpro.com\/index.php\/produkt\/nakupujte-hned-vidaron-r-lak-synteticky-venkovni-s-uv-filtrem-na-drevo-40175\/","og_locale":"cs_CZ","og_type":"article","og_title":"Nakupujte Hned VIDARON\u00ae Lak syntetick\u00fd, venkovn\u00ed, s UV filtrem, na d\u0159evo -","og_description":"Detailn\u00ed popis produktu \u00a0 VIDARON je zna\u010dka vysoce kvalitn\u00edch v\u00fdrobk\u016f na ochranu d\u0159eva a jeho dekorace.\u00a0Zna\u010dka inspirovan\u00e1 Skandin\u00e1vi\u00ed, jej\u00ed\u017e obyvatel\u00e9 se nau\u010dili tajn\u00e9 techniky pou\u017e\u00edv\u00e1n\u00ed nesm\u00edrn\u00e9ho daru d\u0159eva.\u00a0Nau\u010dili se je pou\u017e\u00edvat obratn\u011b a dbali na to, aby neztratili \u017e\u00e1dnou z jejich vlastnost\u00ed.\u00a0Zna\u010dka nese jm\u00e9no Vidary, kter\u00e1 je spr\u00e1vcem strom\u016f v seversk\u00e9 mytologii.\u00a0Nyn\u00ed m\u016f\u017eete tyto znalosti [&hellip;]","og_url":"https:\/\/www.domtechnikpro.com\/index.php\/produkt\/nakupujte-hned-vidaron-r-lak-synteticky-venkovni-s-uv-filtrem-na-drevo-40175\/","og_image":[{"width":1000,"height":750,"url":"https:\/\/www.domtechnikpro.com\/wp-content\/uploads\/2026\/SK0001596-CZ20260425-092522-0-1777080324-46670-1_vidaron-venkovni-lak-1-hedvabny-lesk.webp","type":"image\/webp"}],"twitter_card":"summary_large_image","twitter_misc":{"Odhadovan\u00e1 doba \u010dten\u00ed":"1 minuta"},"schema":{"@context":"https:\/\/schema.org","@graph":[{"@type":"WebPage","@id":"https:\/\/www.domtechnikpro.com\/index.php\/produkt\/nakupujte-hned-vidaron-r-lak-synteticky-venkovni-s-uv-filtrem-na-drevo-40175\/","url":"https:\/\/www.domtechnikpro.com\/index.php\/produkt\/nakupujte-hned-vidaron-r-lak-synteticky-venkovni-s-uv-filtrem-na-drevo-40175\/","name":"Nakupujte Hned VIDARON\u00ae Lak syntetick\u00fd, venkovn\u00ed, s UV filtrem, na d\u0159evo -","isPartOf":{"@id":"https:\/\/www.domtechnikpro.com\/#website"},"primaryImageOfPage":{"@id":"https:\/\/www.domtechnikpro.com\/index.php\/produkt\/nakupujte-hned-vidaron-r-lak-synteticky-venkovni-s-uv-filtrem-na-drevo-40175\/#primaryimage"},"image":{"@id":"https:\/\/www.domtechnikpro.com\/index.php\/produkt\/nakupujte-hned-vidaron-r-lak-synteticky-venkovni-s-uv-filtrem-na-drevo-40175\/#primaryimage"},"thumbnailUrl":"https:\/\/www.domtechnikpro.com\/wp-content\/uploads\/2026\/SK0001596-CZ20260425-092522-0-1777080324-46670-1_vidaron-venkovni-lak-1-hedvabny-lesk.webp","datePublished":"2026-04-26T08:58:44+00:00","breadcrumb":{"@id":"https:\/\/www.domtechnikpro.com\/index.php\/produkt\/nakupujte-hned-vidaron-r-lak-synteticky-venkovni-s-uv-filtrem-na-drevo-40175\/#breadcrumb"},"inLanguage":"cs","potentialAction":[{"@type":"ReadAction","target":["https:\/\/www.domtechnikpro.com\/index.php\/produkt\/nakupujte-hned-vidaron-r-lak-synteticky-venkovni-s-uv-filtrem-na-drevo-40175\/"]}]},{"@type":"ImageObject","inLanguage":"cs","@id":"https:\/\/www.domtechnikpro.com\/index.php\/produkt\/nakupujte-hned-vidaron-r-lak-synteticky-venkovni-s-uv-filtrem-na-drevo-40175\/#primaryimage","url":"https:\/\/www.domtechnikpro.com\/wp-content\/uploads\/2026\/SK0001596-CZ20260425-092522-0-1777080324-46670-1_vidaron-venkovni-lak-1-hedvabny-lesk.webp","contentUrl":"https:\/\/www.domtechnikpro.com\/wp-content\/uploads\/2026\/SK0001596-CZ20260425-092522-0-1777080324-46670-1_vidaron-venkovni-lak-1-hedvabny-lesk.webp","width":1000,"height":750},{"@type":"BreadcrumbList","@id":"https:\/\/www.domtechnikpro.com\/index.php\/produkt\/nakupujte-hned-vidaron-r-lak-synteticky-venkovni-s-uv-filtrem-na-drevo-40175\/#breadcrumb","itemListElement":[{"@type":"ListItem","position":1,"name":"Home","item":"https:\/\/www.domtechnikpro.com\/"},{"@type":"ListItem","position":2,"name":"Products","item":"https:\/\/www.domtechnikpro.com\/index.php\/products\/"},{"@type":"ListItem","position":3,"name":"Nakupujte Hned VIDARON\u00ae Lak syntetick\u00fd, venkovn\u00ed, s UV filtrem, na d\u0159evo"}]},{"@type":"WebSite","@id":"https:\/\/www.domtechnikpro.com\/#website","url":"https:\/\/www.domtechnikpro.com\/","name":"","description":"","potentialAction":[{"@type":"SearchAction","target":{"@type":"EntryPoint","urlTemplate":"https:\/\/www.domtechnikpro.com\/?s={search_term_string}"},"query-input":{"@type":"PropertyValueSpecification","valueRequired":true,"valueName":"search_term_string"}}],"inLanguage":"cs"}]}},"_links":{"self":[{"href":"https:\/\/www.domtechnikpro.com\/index.php\/wp-json\/wp\/v2\/product\/40175","targetHints":{"allow":["GET"]}}],"collection":[{"href":"https:\/\/www.domtechnikpro.com\/index.php\/wp-json\/wp\/v2\/product"}],"about":[{"href":"https:\/\/www.domtechnikpro.com\/index.php\/wp-json\/wp\/v2\/types\/product"}],"replies":[{"embeddable":true,"href":"https:\/\/www.domtechnikpro.com\/index.php\/wp-json\/wp\/v2\/comments?post=40175"}],"wp:featuredmedia":[{"embeddable":true,"href":"https:\/\/www.domtechnikpro.com\/index.php\/wp-json\/wp\/v2\/media\/40275"}],"wp:attachment":[{"href":"https:\/\/www.domtechnikpro.com\/index.php\/wp-json\/wp\/v2\/media?parent=40175"}],"wp:term":[{"taxonomy":"product_brand","embeddable":true,"href":"https:\/\/www.domtechnikpro.com\/index.php\/wp-json\/wp\/v2\/product_brand?post=40175"},{"taxonomy":"product_cat","embeddable":true,"href":"https:\/\/www.domtechnikpro.com\/index.php\/wp-json\/wp\/v2\/product_cat?post=40175"},{"taxonomy":"product_tag","embeddable":true,"href":"https:\/\/www.domtechnikpro.com\/index.php\/wp-json\/wp\/v2\/product_tag?post=40175"}],"curies":[{"name":"wp","href":"https:\/\/api.w.org\/{rel}","templated":true}]}}