{"id":40152,"date":"2026-04-26T08:58:44","date_gmt":"2026-04-26T08:58:44","guid":{"rendered":""},"modified":"2026-04-26T08:58:44","modified_gmt":"2026-04-26T08:58:44","slug":"znackovy-tech-aerosol-r-protiskvrnovy-nater-na-zdi-bily-sprej-500-ml-40152","status":"publish","type":"product","link":"https:\/\/www.domtechnikpro.com\/index.php\/produkt\/znackovy-tech-aerosol-r-protiskvrnovy-nater-na-zdi-bily-sprej-500-ml-40152\/","title":{"rendered":"Zna\u010dkov\u00fd TECH AEROSOL\u00ae Protiskvrnov\u00fd n\u00e1t\u011br na zdi, b\u00edl\u00fd, sprej 500 ml"},"content":{"rendered":"<div class=\"basic-description\">\n<h3>Detailn\u00ed popis produktu<\/h3>\n<ul>\n<li><span style=\"font-size: 12pt; font-family: 'Exo 2', sans-serif;\"><strong>Siln\u011b kryc\u00ed <span class=\"show-tooltip\" title=\"Sm\u011bs je forma hmoty, kter\u00e1 vznik\u00e1 kombinac\u00ed dvou nebo v\u00edce r\u016fzn\u00fdch \u010dist\u00fdch chemick\u00fdch l\u00e1tek. V sm\u011bsi z\u016fst\u00e1vaj\u00ed jednotliv\u00e9 slo\u017eky fyzik\u00e1ln\u011b odd\u011blen\u00e9 a jejich pom\u011bry mohou b\u00fdt variabiln\u00ed. Sm\u011bs m\u016f\u017ee b\u00fdt homogenn\u00ed nebo heterogenn\u00ed.&amp;nbsp;Homogenn\u00ed&amp;hellip;\">sm\u011bs<\/span>, kter\u00e1 pouze jedn\u00edm pou\u017eit\u00edm odstran\u00ed jakoukoliv skvrnu vniknut\u00edm do povrchu. <\/strong><\/span><\/li>\n<li><span style=\"font-size: 12pt; font-family: 'Exo 2', sans-serif;\"><strong>Zabr\u00e1n\u00ed vznik\u00e1n\u00ed nov\u00fdch skvrn. <\/strong><\/span><\/li>\n<li><span style=\"font-size: 12pt; font-family: 'Exo 2', sans-serif;\"><strong>Je ur\u010den na skvrny na st\u011bn\u00e1ch zp\u016fsoben\u00e9 kou\u0159em v barech, <span class=\"show-tooltip\" title=\"Pl\u00edse\u0148 (pl\u00edsn\u011b) je typ mikroskopick\u00fdch organism\u016f, kter\u00fd se vyskytuje ve form\u011b viditeln\u00fdch koloni\u00ed na povrchu organick\u00fdch materi\u00e1l\u016f, jako jsou potraviny, d\u0159evo, pap\u00edr, textilie, st\u011bny, koupelny a dal\u0161\u00ed vlhk\u00e1 m\u00edsta. Pl\u00edsn\u011b jsou&amp;hellip;\">pl\u00edse\u0148<\/span> a \u0161p\u00ednu v\u0161eobecn\u011b. <\/strong><\/span><\/li>\n<li><span style=\"font-size: 12pt; font-family: 'Exo 2', sans-serif;\"><strong>J<\/strong><strong>ak\u00e1koliv skvrna m\u016f\u017ee b\u00fdt pokryta pou\u017eit\u00edm \u201eodstra\u0148ova\u010de\u201c jednotnou vrstvou na m\u00edst\u011b k tomu ur\u010den\u00e9m. <\/strong><\/span><\/li>\n<li><span style=\"font-size: 12pt; font-family: 'Exo 2', sans-serif;\"><strong>Na t\u011b\u017ece odstraniteln\u00e9 skvrny pou\u017e\u00edt n\u011bkolikr\u00e1t , v\u017edy ze vzd\u00e1lenosti 20 &#8211; 30 cm, aby se zabr\u00e1nilo st\u00e9k\u00e1n\u00ed. <\/strong><\/span><\/li>\n<li><span style=\"font-size: 12pt; font-family: 'Exo 2', sans-serif;\"><strong>Jestli je v\u00fdrobek pou\u017eit p\u0159i teplot\u011b 20\u00b0C, zasych\u00e1 po 5 &#8211; 8 minut\u00e1ch. <\/strong><\/span><\/li>\n<\/ul>\n<p><span style=\"font-size: 12pt; font-family: 'Exo 2', sans-serif;\"><strong>Velikost balen\u00ed: <span class=\"show-tooltip\" title=\"Aerosol je jemn\u00e1 disperze kapaliny nebo pevn\u00fdch \u010d\u00e1stic ve vzduchu nebo jin\u00e9m plynu.Tato disperze vytv\u00e1\u0159\u00ed stabiln\u00ed \u010d\u00e1sticov\u00fd oblak nebo mlhu.Aerosoly mohou b\u00fdt slo\u017eeny z tekutin, jako jsou barvy, laky, \u010di\u0161t\u011bn\u00ed nebo dezinfek\u010dn\u00ed prost\u0159edky, a tak\u00e9 z&amp;hellip;\">aerosolov\u00e1<\/span> d\u00f3za (<span class=\"show-tooltip\" title=\"Sprej je za\u0159\u00edzen\u00ed nebo produkt, kter\u00fd umo\u017e\u0148uje rozpra\u0161ov\u00e1n\u00ed kapaliny nebo suspenze do vzduchu ve form\u011b jemn\u00e9 mlhy.Spreje jsou praktick\u00fdm a efektivn\u00edm zp\u016fsobem, jak aplikovat r\u016fzn\u00e9 l\u00e1tky v mnoha odv\u011btv\u00edch, a jejich design a technologie se neust\u00e1le&amp;hellip;\">spray<\/span>) 500 ml<\/strong><\/span><\/p>\n<\/p><\/div>\n","protected":false},"excerpt":{"rendered":"<p>Detailn\u00ed popis produktu Siln\u011b kryc\u00ed sm\u011bs, kter\u00e1 pouze jedn\u00edm pou\u017eit\u00edm odstran\u00ed jakoukoliv skvrnu vniknut\u00edm do povrchu. Zabr\u00e1n\u00ed vznik\u00e1n\u00ed nov\u00fdch skvrn. Je ur\u010den na skvrny na st\u011bn\u00e1ch zp\u016fsoben\u00e9 kou\u0159em v barech, pl\u00edse\u0148 a \u0161p\u00ednu v\u0161eobecn\u011b. Jak\u00e1koliv skvrna m\u016f\u017ee b\u00fdt pokryta pou\u017eit\u00edm \u201eodstra\u0148ova\u010de\u201c jednotnou vrstvou na m\u00edst\u011b k tomu ur\u010den\u00e9m. Na t\u011b\u017ece odstraniteln\u00e9 skvrny pou\u017e\u00edt n\u011bkolikr\u00e1t , [&hellip;]<\/p>\n","protected":false},"featured_media":40252,"comment_status":"open","ping_status":"open","template":"","meta":[],"product_brand":[],"product_cat":[133],"product_tag":[],"class_list":{"0":"post-40152","1":"product","2":"type-product","3":"status-publish","4":"has-post-thumbnail","6":"product_cat-barvy-amp-laky","8":"first","9":"instock","10":"sale","11":"shipping-taxable","12":"purchasable","13":"product-type-simple"},"yoast_head":"<!-- This site is optimized with the Yoast SEO plugin v26.8 - https:\/\/yoast.com\/product\/yoast-seo-wordpress\/ -->\n<title>Zna\u010dkov\u00fd TECH AEROSOL\u00ae Protiskvrnov\u00fd n\u00e1t\u011br na zdi, b\u00edl\u00fd, sprej 500 ml -<\/title>\n<meta name=\"robots\" content=\"index, follow, max-snippet:-1, max-image-preview:large, max-video-preview:-1\" \/>\n<link rel=\"canonical\" href=\"https:\/\/www.domtechnikpro.com\/index.php\/produkt\/znackovy-tech-aerosol-r-protiskvrnovy-nater-na-zdi-bily-sprej-500-ml-40152\/\" \/>\n<meta property=\"og:locale\" content=\"cs_CZ\" \/>\n<meta property=\"og:type\" content=\"article\" \/>\n<meta property=\"og:title\" content=\"Zna\u010dkov\u00fd TECH AEROSOL\u00ae Protiskvrnov\u00fd n\u00e1t\u011br na zdi, b\u00edl\u00fd, sprej 500 ml -\" \/>\n<meta property=\"og:description\" content=\"Detailn\u00ed popis produktu Siln\u011b kryc\u00ed sm\u011bs, kter\u00e1 pouze jedn\u00edm pou\u017eit\u00edm odstran\u00ed jakoukoliv skvrnu vniknut\u00edm do povrchu. Zabr\u00e1n\u00ed vznik\u00e1n\u00ed nov\u00fdch skvrn. Je ur\u010den na skvrny na st\u011bn\u00e1ch zp\u016fsoben\u00e9 kou\u0159em v barech, pl\u00edse\u0148 a \u0161p\u00ednu v\u0161eobecn\u011b. Jak\u00e1koliv skvrna m\u016f\u017ee b\u00fdt pokryta pou\u017eit\u00edm \u201eodstra\u0148ova\u010de\u201c jednotnou vrstvou na m\u00edst\u011b k tomu ur\u010den\u00e9m. Na t\u011b\u017ece odstraniteln\u00e9 skvrny pou\u017e\u00edt n\u011bkolikr\u00e1t , [&hellip;]\" \/>\n<meta property=\"og:url\" content=\"https:\/\/www.domtechnikpro.com\/index.php\/produkt\/znackovy-tech-aerosol-r-protiskvrnovy-nater-na-zdi-bily-sprej-500-ml-40152\/\" \/>\n<meta property=\"og:image\" content=\"https:\/\/www.domtechnikpro.com\/wp-content\/uploads\/2026\/SK0001573-CZ20260425-092522-0-1777080324-46337-1_tech-protiskvrnovy-nater-spray.webp\" \/>\n\t<meta property=\"og:image:width\" content=\"1000\" \/>\n\t<meta property=\"og:image:height\" content=\"750\" \/>\n\t<meta property=\"og:image:type\" content=\"image\/webp\" \/>\n<meta name=\"twitter:card\" content=\"summary_large_image\" \/>\n<meta name=\"twitter:label1\" content=\"Odhadovan\u00e1 doba \u010dten\u00ed\" \/>\n\t<meta name=\"twitter:data1\" content=\"1 minuta\" \/>\n<script type=\"application\/ld+json\" class=\"yoast-schema-graph\">{\"@context\":\"https:\/\/schema.org\",\"@graph\":[{\"@type\":\"WebPage\",\"@id\":\"https:\/\/www.domtechnikpro.com\/index.php\/produkt\/znackovy-tech-aerosol-r-protiskvrnovy-nater-na-zdi-bily-sprej-500-ml-40152\/\",\"url\":\"https:\/\/www.domtechnikpro.com\/index.php\/produkt\/znackovy-tech-aerosol-r-protiskvrnovy-nater-na-zdi-bily-sprej-500-ml-40152\/\",\"name\":\"Zna\u010dkov\u00fd TECH AEROSOL\u00ae Protiskvrnov\u00fd n\u00e1t\u011br na zdi, b\u00edl\u00fd, sprej 500 ml -\",\"isPartOf\":{\"@id\":\"https:\/\/www.domtechnikpro.com\/#website\"},\"primaryImageOfPage\":{\"@id\":\"https:\/\/www.domtechnikpro.com\/index.php\/produkt\/znackovy-tech-aerosol-r-protiskvrnovy-nater-na-zdi-bily-sprej-500-ml-40152\/#primaryimage\"},\"image\":{\"@id\":\"https:\/\/www.domtechnikpro.com\/index.php\/produkt\/znackovy-tech-aerosol-r-protiskvrnovy-nater-na-zdi-bily-sprej-500-ml-40152\/#primaryimage\"},\"thumbnailUrl\":\"https:\/\/www.domtechnikpro.com\/wp-content\/uploads\/2026\/SK0001573-CZ20260425-092522-0-1777080324-46337-1_tech-protiskvrnovy-nater-spray.webp\",\"datePublished\":\"2026-04-26T08:58:44+00:00\",\"breadcrumb\":{\"@id\":\"https:\/\/www.domtechnikpro.com\/index.php\/produkt\/znackovy-tech-aerosol-r-protiskvrnovy-nater-na-zdi-bily-sprej-500-ml-40152\/#breadcrumb\"},\"inLanguage\":\"cs\",\"potentialAction\":[{\"@type\":\"ReadAction\",\"target\":[\"https:\/\/www.domtechnikpro.com\/index.php\/produkt\/znackovy-tech-aerosol-r-protiskvrnovy-nater-na-zdi-bily-sprej-500-ml-40152\/\"]}]},{\"@type\":\"ImageObject\",\"inLanguage\":\"cs\",\"@id\":\"https:\/\/www.domtechnikpro.com\/index.php\/produkt\/znackovy-tech-aerosol-r-protiskvrnovy-nater-na-zdi-bily-sprej-500-ml-40152\/#primaryimage\",\"url\":\"https:\/\/www.domtechnikpro.com\/wp-content\/uploads\/2026\/SK0001573-CZ20260425-092522-0-1777080324-46337-1_tech-protiskvrnovy-nater-spray.webp\",\"contentUrl\":\"https:\/\/www.domtechnikpro.com\/wp-content\/uploads\/2026\/SK0001573-CZ20260425-092522-0-1777080324-46337-1_tech-protiskvrnovy-nater-spray.webp\",\"width\":1000,\"height\":750},{\"@type\":\"BreadcrumbList\",\"@id\":\"https:\/\/www.domtechnikpro.com\/index.php\/produkt\/znackovy-tech-aerosol-r-protiskvrnovy-nater-na-zdi-bily-sprej-500-ml-40152\/#breadcrumb\",\"itemListElement\":[{\"@type\":\"ListItem\",\"position\":1,\"name\":\"Home\",\"item\":\"https:\/\/www.domtechnikpro.com\/\"},{\"@type\":\"ListItem\",\"position\":2,\"name\":\"Products\",\"item\":\"https:\/\/www.domtechnikpro.com\/index.php\/products\/\"},{\"@type\":\"ListItem\",\"position\":3,\"name\":\"Zna\u010dkov\u00fd TECH AEROSOL\u00ae Protiskvrnov\u00fd n\u00e1t\u011br na zdi, b\u00edl\u00fd, sprej 500 ml\"}]},{\"@type\":\"WebSite\",\"@id\":\"https:\/\/www.domtechnikpro.com\/#website\",\"url\":\"https:\/\/www.domtechnikpro.com\/\",\"name\":\"\",\"description\":\"\",\"potentialAction\":[{\"@type\":\"SearchAction\",\"target\":{\"@type\":\"EntryPoint\",\"urlTemplate\":\"https:\/\/www.domtechnikpro.com\/?s={search_term_string}\"},\"query-input\":{\"@type\":\"PropertyValueSpecification\",\"valueRequired\":true,\"valueName\":\"search_term_string\"}}],\"inLanguage\":\"cs\"}]}<\/script>\n<!-- \/ Yoast SEO plugin. -->","yoast_head_json":{"title":"Zna\u010dkov\u00fd TECH AEROSOL\u00ae Protiskvrnov\u00fd n\u00e1t\u011br na zdi, b\u00edl\u00fd, sprej 500 ml -","robots":{"index":"index","follow":"follow","max-snippet":"max-snippet:-1","max-image-preview":"max-image-preview:large","max-video-preview":"max-video-preview:-1"},"canonical":"https:\/\/www.domtechnikpro.com\/index.php\/produkt\/znackovy-tech-aerosol-r-protiskvrnovy-nater-na-zdi-bily-sprej-500-ml-40152\/","og_locale":"cs_CZ","og_type":"article","og_title":"Zna\u010dkov\u00fd TECH AEROSOL\u00ae Protiskvrnov\u00fd n\u00e1t\u011br na zdi, b\u00edl\u00fd, sprej 500 ml -","og_description":"Detailn\u00ed popis produktu Siln\u011b kryc\u00ed sm\u011bs, kter\u00e1 pouze jedn\u00edm pou\u017eit\u00edm odstran\u00ed jakoukoliv skvrnu vniknut\u00edm do povrchu. Zabr\u00e1n\u00ed vznik\u00e1n\u00ed nov\u00fdch skvrn. Je ur\u010den na skvrny na st\u011bn\u00e1ch zp\u016fsoben\u00e9 kou\u0159em v barech, pl\u00edse\u0148 a \u0161p\u00ednu v\u0161eobecn\u011b. Jak\u00e1koliv skvrna m\u016f\u017ee b\u00fdt pokryta pou\u017eit\u00edm \u201eodstra\u0148ova\u010de\u201c jednotnou vrstvou na m\u00edst\u011b k tomu ur\u010den\u00e9m. Na t\u011b\u017ece odstraniteln\u00e9 skvrny pou\u017e\u00edt n\u011bkolikr\u00e1t , [&hellip;]","og_url":"https:\/\/www.domtechnikpro.com\/index.php\/produkt\/znackovy-tech-aerosol-r-protiskvrnovy-nater-na-zdi-bily-sprej-500-ml-40152\/","og_image":[{"width":1000,"height":750,"url":"https:\/\/www.domtechnikpro.com\/wp-content\/uploads\/2026\/SK0001573-CZ20260425-092522-0-1777080324-46337-1_tech-protiskvrnovy-nater-spray.webp","type":"image\/webp"}],"twitter_card":"summary_large_image","twitter_misc":{"Odhadovan\u00e1 doba \u010dten\u00ed":"1 minuta"},"schema":{"@context":"https:\/\/schema.org","@graph":[{"@type":"WebPage","@id":"https:\/\/www.domtechnikpro.com\/index.php\/produkt\/znackovy-tech-aerosol-r-protiskvrnovy-nater-na-zdi-bily-sprej-500-ml-40152\/","url":"https:\/\/www.domtechnikpro.com\/index.php\/produkt\/znackovy-tech-aerosol-r-protiskvrnovy-nater-na-zdi-bily-sprej-500-ml-40152\/","name":"Zna\u010dkov\u00fd TECH AEROSOL\u00ae Protiskvrnov\u00fd n\u00e1t\u011br na zdi, b\u00edl\u00fd, sprej 500 ml -","isPartOf":{"@id":"https:\/\/www.domtechnikpro.com\/#website"},"primaryImageOfPage":{"@id":"https:\/\/www.domtechnikpro.com\/index.php\/produkt\/znackovy-tech-aerosol-r-protiskvrnovy-nater-na-zdi-bily-sprej-500-ml-40152\/#primaryimage"},"image":{"@id":"https:\/\/www.domtechnikpro.com\/index.php\/produkt\/znackovy-tech-aerosol-r-protiskvrnovy-nater-na-zdi-bily-sprej-500-ml-40152\/#primaryimage"},"thumbnailUrl":"https:\/\/www.domtechnikpro.com\/wp-content\/uploads\/2026\/SK0001573-CZ20260425-092522-0-1777080324-46337-1_tech-protiskvrnovy-nater-spray.webp","datePublished":"2026-04-26T08:58:44+00:00","breadcrumb":{"@id":"https:\/\/www.domtechnikpro.com\/index.php\/produkt\/znackovy-tech-aerosol-r-protiskvrnovy-nater-na-zdi-bily-sprej-500-ml-40152\/#breadcrumb"},"inLanguage":"cs","potentialAction":[{"@type":"ReadAction","target":["https:\/\/www.domtechnikpro.com\/index.php\/produkt\/znackovy-tech-aerosol-r-protiskvrnovy-nater-na-zdi-bily-sprej-500-ml-40152\/"]}]},{"@type":"ImageObject","inLanguage":"cs","@id":"https:\/\/www.domtechnikpro.com\/index.php\/produkt\/znackovy-tech-aerosol-r-protiskvrnovy-nater-na-zdi-bily-sprej-500-ml-40152\/#primaryimage","url":"https:\/\/www.domtechnikpro.com\/wp-content\/uploads\/2026\/SK0001573-CZ20260425-092522-0-1777080324-46337-1_tech-protiskvrnovy-nater-spray.webp","contentUrl":"https:\/\/www.domtechnikpro.com\/wp-content\/uploads\/2026\/SK0001573-CZ20260425-092522-0-1777080324-46337-1_tech-protiskvrnovy-nater-spray.webp","width":1000,"height":750},{"@type":"BreadcrumbList","@id":"https:\/\/www.domtechnikpro.com\/index.php\/produkt\/znackovy-tech-aerosol-r-protiskvrnovy-nater-na-zdi-bily-sprej-500-ml-40152\/#breadcrumb","itemListElement":[{"@type":"ListItem","position":1,"name":"Home","item":"https:\/\/www.domtechnikpro.com\/"},{"@type":"ListItem","position":2,"name":"Products","item":"https:\/\/www.domtechnikpro.com\/index.php\/products\/"},{"@type":"ListItem","position":3,"name":"Zna\u010dkov\u00fd TECH AEROSOL\u00ae Protiskvrnov\u00fd n\u00e1t\u011br na zdi, b\u00edl\u00fd, sprej 500 ml"}]},{"@type":"WebSite","@id":"https:\/\/www.domtechnikpro.com\/#website","url":"https:\/\/www.domtechnikpro.com\/","name":"","description":"","potentialAction":[{"@type":"SearchAction","target":{"@type":"EntryPoint","urlTemplate":"https:\/\/www.domtechnikpro.com\/?s={search_term_string}"},"query-input":{"@type":"PropertyValueSpecification","valueRequired":true,"valueName":"search_term_string"}}],"inLanguage":"cs"}]}},"_links":{"self":[{"href":"https:\/\/www.domtechnikpro.com\/index.php\/wp-json\/wp\/v2\/product\/40152","targetHints":{"allow":["GET"]}}],"collection":[{"href":"https:\/\/www.domtechnikpro.com\/index.php\/wp-json\/wp\/v2\/product"}],"about":[{"href":"https:\/\/www.domtechnikpro.com\/index.php\/wp-json\/wp\/v2\/types\/product"}],"replies":[{"embeddable":true,"href":"https:\/\/www.domtechnikpro.com\/index.php\/wp-json\/wp\/v2\/comments?post=40152"}],"wp:featuredmedia":[{"embeddable":true,"href":"https:\/\/www.domtechnikpro.com\/index.php\/wp-json\/wp\/v2\/media\/40252"}],"wp:attachment":[{"href":"https:\/\/www.domtechnikpro.com\/index.php\/wp-json\/wp\/v2\/media?parent=40152"}],"wp:term":[{"taxonomy":"product_brand","embeddable":true,"href":"https:\/\/www.domtechnikpro.com\/index.php\/wp-json\/wp\/v2\/product_brand?post=40152"},{"taxonomy":"product_cat","embeddable":true,"href":"https:\/\/www.domtechnikpro.com\/index.php\/wp-json\/wp\/v2\/product_cat?post=40152"},{"taxonomy":"product_tag","embeddable":true,"href":"https:\/\/www.domtechnikpro.com\/index.php\/wp-json\/wp\/v2\/product_tag?post=40152"}],"curies":[{"name":"wp","href":"https:\/\/api.w.org\/{rel}","templated":true}]}}