{"id":40118,"date":"2026-04-26T08:58:44","date_gmt":"2026-04-26T08:58:44","guid":{"rendered":""},"modified":"2026-04-26T08:58:44","modified_gmt":"2026-04-26T08:58:44","slug":"cenove-vyhodny-lignofix-r-redidlo-s-6300-pro-epoxidove-natery-0-6-l-40118","status":"publish","type":"product","link":"https:\/\/www.domtechnikpro.com\/index.php\/produkt\/cenove-vyhodny-lignofix-r-redidlo-s-6300-pro-epoxidove-natery-0-6-l-40118\/","title":{"rendered":"Cenov\u011b V\u00fdhodn\u00fd LIGNOFIX\u00ae \u0158edidlo S 6300 pro epoxidov\u00e9 n\u00e1t\u011bry, 0,6 l"},"content":{"rendered":"<div class=\"basic-description\">\n<h3>Detailn\u00ed popis produktu<\/h3>\n<h3 class=\"western\"><span style=\"font-size: 14pt; font-family: inherit;\"><strong>Vlastnosti a pou\u017eit\u00ed<\/strong><\/span><\/h3>\n<ul>\n<li>\n<p style=\"margin-bottom: 0cm;\"><span style=\"font-size: 12pt; font-family: inherit;\"><strong>Lignofix <span class=\"show-tooltip\" title=\"\u0158edidlo&amp;nbsp;neboli&amp;nbsp;rozpou\u0161t\u011bdlo&amp;nbsp;se pou\u017e\u00edv\u00e1 ke zlep\u0161en\u00ed rozt\u00edratelnosti lak\u016f, k \u010di\u0161t\u011bn\u00ed \u0161t\u011btc\u016f a k odstran\u011bn\u00ed star\u00fdch n\u00e1t\u011br\u016f.&amp;nbsp;Technick\u00e1 \u0159edidlaC 6000 - speci\u00e1ln\u00ed&amp;hellip;\">\u0158EDIDLO<\/span> je syst\u00e9mov\u00e9 \u0159edidlo k v\u00fdrobku Lignofix Epoxidov\u00fd <span class=\"show-tooltip\" title=\"Dvouslo\u017ekov\u00fd&amp;nbsp;je term\u00edn, kter\u00fd se pou\u017e\u00edv\u00e1 pro popis n\u011b\u010deho, co se skl\u00e1d\u00e1 ze dvou hlavn\u00edch slo\u017eek nebo prvk\u016f. Tento term\u00edn je \u010dasto pou\u017e\u00edv\u00e1n ve spojen\u00ed s r\u016fzn\u00fdmi materi\u00e1ly, chemick\u00fdmi sm\u011bsmi, p\u0159\u00edstroji nebo v\u00fdrobky, kter\u00e9 obsahuj\u00ed dv\u011b odli\u0161n\u00e9&amp;hellip;\">dvouslo\u017ekov\u00fd<\/span> <span class=\"show-tooltip\" title=\"Lak je povlak nebo n\u00e1t\u011br, kter\u00fd se nan\u00e1\u0161\u00ed na povrchy s c\u00edlem zv\u00fd\u0161it jejich odolnost, estetick\u00fd vzhled nebo ochranu. Existuje mnoho r\u016fzn\u00fdch typ\u016f lak\u016f, z nich\u017e ka\u017ed\u00fd je ur\u010den pro specifick\u00e9 pou\u017eit\u00ed a materi\u00e1ly:Vodou \u0159editeln\u00fd lak: Typ&amp;hellip;\">lak<\/span>.<\/strong><\/span><\/p>\n<p><span style=\"font-size: 12pt; font-family: inherit;\"><\/span><\/li>\n<li><span style=\"font-size: 12pt; font-family: inherit;\"><strong>Lze jej pou\u017e\u00edt k <span class=\"show-tooltip\" title=\"\u0158ed\u011bn\u00ed je proces, p\u0159i kter\u00e9m se jedna l\u00e1tka (obvykle tekutina) o ur\u010dit\u00e9 hustot\u011b nebo koncentraci \u0159ed\u00ed sm\u00edch\u00e1n\u00edm s jinou l\u00e1tkou ni\u017e\u0161\u00ed hustoty v takov\u00e9m mno\u017estv\u00ed, aby bylo dosa\u017eeno po\u017eadovan\u00e9 v\u00fdsledn\u00e9 sm\u011bsi - roztoku o ni\u017e\u0161\u00ed hustot\u011b.Tento term\u00edn se&amp;hellip;\">\u0159ed\u011bn\u00ed<\/span> jin\u00fdch dvouslo\u017ekov\u00fdch epoxidov\u00fdch n\u00e1t\u011br\u016f, p\u0159i\u010dem\u017e v\u017edy doporu\u010dujeme konzultovat <span class=\"show-tooltip\" title=\"Kompatibilita ozna\u010duje schopnost dvou nebo v\u00edce prvk\u016f, syst\u00e9m\u016f nebo za\u0159\u00edzen\u00ed pracovat spolu bezkonfliktn\u011b nebo vz\u00e1jemn\u011b se dopl\u0148ovat. V kontextu technologi\u00ed nebo za\u0159\u00edzen\u00ed to znamen\u00e1, \u017ee jsou schopny spolupracovat a vz\u00e1jemn\u011b&amp;hellip;\">kompatibilitu<\/span> s v\u00fdrobcem n\u00e1t\u011bru.&nbsp;<\/strong><\/span><br \/><span style=\"font-size: 12pt; font-family: inherit;\"><\/span><\/li>\n<li><span style=\"font-size: 12pt; font-family: inherit;\"><strong>\u0158edidlo lze pou\u017e\u00edt tak\u00e9 k \u010di\u0161t\u011bn\u00ed pracovn\u00edho <span class=\"show-tooltip\" title=\"N\u00e1stroj&amp;nbsp;je pracovn\u00ed prost\u0159edek, pom\u016fcka k zpracov\u00e1n\u00ed n\u011b\u010deho (pracovn\u00ed n\u00e1stroj, \u0159emeslnick\u00fd n\u00e1stroj, chirurgick\u00fd n\u00e1stroj aj.), p\u0159\u00edp. v\u00fdrobn\u00ed pom\u016fcka slou\u017e\u00edc\u00ed p\u0159i ru\u010dn\u00edm nebo strojn\u00edm obr\u00e1b\u011bn\u00ed ke zm\u011bn\u011b velikosti nebo tvaru opracov\u00e1van\u00e9ho&amp;hellip;\">n\u00e1\u0159ad\u00ed<\/span> nap\u0159. <span class=\"show-tooltip\" title=\"\u0160t\u011btec je n\u00e1stroj pou\u017e\u00edvan\u00fd pro malov\u00e1n\u00ed, nan\u00e1\u0161en\u00ed laku, barvy, lepidel nebo jin\u00fdch podobn\u00fdch l\u00e1tek na povrchy. Skl\u00e1d\u00e1 se z h\u0159betu (t\u011bla) a chlup\u016f (vl\u00e1ken), kter\u00e9 jsou p\u0159ipevn\u011bny k h\u0159betu. Chlupy mohou b\u00fdt vyrobeny z r\u016fzn\u00fdch materi\u00e1l\u016f, jako&amp;hellip;\">\u0161t\u011btc\u016f<\/span> pou\u017eit\u00fdch k aplikaci dvouslo\u017ekov\u00e9ho epoxidov\u00e9ho n\u00e1t\u011bru<\/strong><\/span><\/li>\n<\/ul>\n<h3 class=\"western\"><span style=\"font-size: 14pt; font-family: inherit;\"><strong>Velikosti balen\u00ed<\/strong><\/span><\/h3>\n<ul>\n<li>\n<p><span style=\"font-size: 12pt; font-family: inherit;\">plechov\u00e1 d\u00f3za 0,6 l<\/span><\/p>\n<\/li>\n<\/ul><\/div>\n","protected":false},"excerpt":{"rendered":"<p>Detailn\u00ed popis produktu Vlastnosti a pou\u017eit\u00ed Lignofix \u0158EDIDLO je syst\u00e9mov\u00e9 \u0159edidlo k v\u00fdrobku Lignofix Epoxidov\u00fd dvouslo\u017ekov\u00fd lak. Lze jej pou\u017e\u00edt k \u0159ed\u011bn\u00ed jin\u00fdch dvouslo\u017ekov\u00fdch epoxidov\u00fdch n\u00e1t\u011br\u016f, p\u0159i\u010dem\u017e v\u017edy doporu\u010dujeme konzultovat kompatibilitu s v\u00fdrobcem n\u00e1t\u011bru.&nbsp; \u0158edidlo lze pou\u017e\u00edt tak\u00e9 k \u010di\u0161t\u011bn\u00ed pracovn\u00edho n\u00e1\u0159ad\u00ed nap\u0159. \u0161t\u011btc\u016f pou\u017eit\u00fdch k aplikaci dvouslo\u017ekov\u00e9ho epoxidov\u00e9ho n\u00e1t\u011bru Velikosti balen\u00ed plechov\u00e1 d\u00f3za 0,6 [&hellip;]<\/p>\n","protected":false},"featured_media":40218,"comment_status":"open","ping_status":"open","template":"","meta":[],"product_brand":[],"product_cat":[133],"product_tag":[],"class_list":{"0":"post-40118","1":"product","2":"type-product","3":"status-publish","4":"has-post-thumbnail","6":"product_cat-barvy-amp-laky","8":"first","9":"instock","10":"sale","11":"shipping-taxable","12":"purchasable","13":"product-type-simple"},"yoast_head":"<!-- This site is optimized with the Yoast SEO plugin v26.8 - https:\/\/yoast.com\/product\/yoast-seo-wordpress\/ -->\n<title>Cenov\u011b V\u00fdhodn\u00fd LIGNOFIX\u00ae \u0158edidlo S 6300 pro epoxidov\u00e9 n\u00e1t\u011bry, 0,6 l -<\/title>\n<meta name=\"robots\" content=\"index, follow, max-snippet:-1, max-image-preview:large, max-video-preview:-1\" \/>\n<link rel=\"canonical\" href=\"https:\/\/www.domtechnikpro.com\/index.php\/produkt\/cenove-vyhodny-lignofix-r-redidlo-s-6300-pro-epoxidove-natery-0-6-l-40118\/\" \/>\n<meta property=\"og:locale\" content=\"cs_CZ\" \/>\n<meta property=\"og:type\" content=\"article\" \/>\n<meta property=\"og:title\" content=\"Cenov\u011b V\u00fdhodn\u00fd LIGNOFIX\u00ae \u0158edidlo S 6300 pro epoxidov\u00e9 n\u00e1t\u011bry, 0,6 l -\" \/>\n<meta property=\"og:description\" content=\"Detailn\u00ed popis produktu Vlastnosti a pou\u017eit\u00ed Lignofix \u0158EDIDLO je syst\u00e9mov\u00e9 \u0159edidlo k v\u00fdrobku Lignofix Epoxidov\u00fd dvouslo\u017ekov\u00fd lak. Lze jej pou\u017e\u00edt k \u0159ed\u011bn\u00ed jin\u00fdch dvouslo\u017ekov\u00fdch epoxidov\u00fdch n\u00e1t\u011br\u016f, p\u0159i\u010dem\u017e v\u017edy doporu\u010dujeme konzultovat kompatibilitu s v\u00fdrobcem n\u00e1t\u011bru.&nbsp; \u0158edidlo lze pou\u017e\u00edt tak\u00e9 k \u010di\u0161t\u011bn\u00ed pracovn\u00edho n\u00e1\u0159ad\u00ed nap\u0159. \u0161t\u011btc\u016f pou\u017eit\u00fdch k aplikaci dvouslo\u017ekov\u00e9ho epoxidov\u00e9ho n\u00e1t\u011bru Velikosti balen\u00ed plechov\u00e1 d\u00f3za 0,6 [&hellip;]\" \/>\n<meta property=\"og:url\" content=\"https:\/\/www.domtechnikpro.com\/index.php\/produkt\/cenove-vyhodny-lignofix-r-redidlo-s-6300-pro-epoxidove-natery-0-6-l-40118\/\" \/>\n<meta property=\"og:image\" content=\"https:\/\/www.domtechnikpro.com\/wp-content\/uploads\/2026\/SK0001538-CZ20260425-092522-0-1777080324-45215_lignofix-redidlo-s-6300.webp\" \/>\n\t<meta property=\"og:image:width\" content=\"1000\" \/>\n\t<meta property=\"og:image:height\" content=\"750\" \/>\n\t<meta property=\"og:image:type\" content=\"image\/webp\" \/>\n<meta name=\"twitter:card\" content=\"summary_large_image\" \/>\n<script type=\"application\/ld+json\" class=\"yoast-schema-graph\">{\"@context\":\"https:\/\/schema.org\",\"@graph\":[{\"@type\":\"WebPage\",\"@id\":\"https:\/\/www.domtechnikpro.com\/index.php\/produkt\/cenove-vyhodny-lignofix-r-redidlo-s-6300-pro-epoxidove-natery-0-6-l-40118\/\",\"url\":\"https:\/\/www.domtechnikpro.com\/index.php\/produkt\/cenove-vyhodny-lignofix-r-redidlo-s-6300-pro-epoxidove-natery-0-6-l-40118\/\",\"name\":\"Cenov\u011b V\u00fdhodn\u00fd LIGNOFIX\u00ae \u0158edidlo S 6300 pro epoxidov\u00e9 n\u00e1t\u011bry, 0,6 l -\",\"isPartOf\":{\"@id\":\"https:\/\/www.domtechnikpro.com\/#website\"},\"primaryImageOfPage\":{\"@id\":\"https:\/\/www.domtechnikpro.com\/index.php\/produkt\/cenove-vyhodny-lignofix-r-redidlo-s-6300-pro-epoxidove-natery-0-6-l-40118\/#primaryimage\"},\"image\":{\"@id\":\"https:\/\/www.domtechnikpro.com\/index.php\/produkt\/cenove-vyhodny-lignofix-r-redidlo-s-6300-pro-epoxidove-natery-0-6-l-40118\/#primaryimage\"},\"thumbnailUrl\":\"https:\/\/www.domtechnikpro.com\/wp-content\/uploads\/2026\/SK0001538-CZ20260425-092522-0-1777080324-45215_lignofix-redidlo-s-6300.webp\",\"datePublished\":\"2026-04-26T08:58:44+00:00\",\"breadcrumb\":{\"@id\":\"https:\/\/www.domtechnikpro.com\/index.php\/produkt\/cenove-vyhodny-lignofix-r-redidlo-s-6300-pro-epoxidove-natery-0-6-l-40118\/#breadcrumb\"},\"inLanguage\":\"cs\",\"potentialAction\":[{\"@type\":\"ReadAction\",\"target\":[\"https:\/\/www.domtechnikpro.com\/index.php\/produkt\/cenove-vyhodny-lignofix-r-redidlo-s-6300-pro-epoxidove-natery-0-6-l-40118\/\"]}]},{\"@type\":\"ImageObject\",\"inLanguage\":\"cs\",\"@id\":\"https:\/\/www.domtechnikpro.com\/index.php\/produkt\/cenove-vyhodny-lignofix-r-redidlo-s-6300-pro-epoxidove-natery-0-6-l-40118\/#primaryimage\",\"url\":\"https:\/\/www.domtechnikpro.com\/wp-content\/uploads\/2026\/SK0001538-CZ20260425-092522-0-1777080324-45215_lignofix-redidlo-s-6300.webp\",\"contentUrl\":\"https:\/\/www.domtechnikpro.com\/wp-content\/uploads\/2026\/SK0001538-CZ20260425-092522-0-1777080324-45215_lignofix-redidlo-s-6300.webp\",\"width\":1000,\"height\":750},{\"@type\":\"BreadcrumbList\",\"@id\":\"https:\/\/www.domtechnikpro.com\/index.php\/produkt\/cenove-vyhodny-lignofix-r-redidlo-s-6300-pro-epoxidove-natery-0-6-l-40118\/#breadcrumb\",\"itemListElement\":[{\"@type\":\"ListItem\",\"position\":1,\"name\":\"Home\",\"item\":\"https:\/\/www.domtechnikpro.com\/\"},{\"@type\":\"ListItem\",\"position\":2,\"name\":\"Products\",\"item\":\"https:\/\/www.domtechnikpro.com\/index.php\/products\/\"},{\"@type\":\"ListItem\",\"position\":3,\"name\":\"Cenov\u011b V\u00fdhodn\u00fd LIGNOFIX\u00ae \u0158edidlo S 6300 pro epoxidov\u00e9 n\u00e1t\u011bry, 0,6 l\"}]},{\"@type\":\"WebSite\",\"@id\":\"https:\/\/www.domtechnikpro.com\/#website\",\"url\":\"https:\/\/www.domtechnikpro.com\/\",\"name\":\"\",\"description\":\"\",\"potentialAction\":[{\"@type\":\"SearchAction\",\"target\":{\"@type\":\"EntryPoint\",\"urlTemplate\":\"https:\/\/www.domtechnikpro.com\/?s={search_term_string}\"},\"query-input\":{\"@type\":\"PropertyValueSpecification\",\"valueRequired\":true,\"valueName\":\"search_term_string\"}}],\"inLanguage\":\"cs\"}]}<\/script>\n<!-- \/ Yoast SEO plugin. -->","yoast_head_json":{"title":"Cenov\u011b V\u00fdhodn\u00fd LIGNOFIX\u00ae \u0158edidlo S 6300 pro epoxidov\u00e9 n\u00e1t\u011bry, 0,6 l -","robots":{"index":"index","follow":"follow","max-snippet":"max-snippet:-1","max-image-preview":"max-image-preview:large","max-video-preview":"max-video-preview:-1"},"canonical":"https:\/\/www.domtechnikpro.com\/index.php\/produkt\/cenove-vyhodny-lignofix-r-redidlo-s-6300-pro-epoxidove-natery-0-6-l-40118\/","og_locale":"cs_CZ","og_type":"article","og_title":"Cenov\u011b V\u00fdhodn\u00fd LIGNOFIX\u00ae \u0158edidlo S 6300 pro epoxidov\u00e9 n\u00e1t\u011bry, 0,6 l -","og_description":"Detailn\u00ed popis produktu Vlastnosti a pou\u017eit\u00ed Lignofix \u0158EDIDLO je syst\u00e9mov\u00e9 \u0159edidlo k v\u00fdrobku Lignofix Epoxidov\u00fd dvouslo\u017ekov\u00fd lak. Lze jej pou\u017e\u00edt k \u0159ed\u011bn\u00ed jin\u00fdch dvouslo\u017ekov\u00fdch epoxidov\u00fdch n\u00e1t\u011br\u016f, p\u0159i\u010dem\u017e v\u017edy doporu\u010dujeme konzultovat kompatibilitu s v\u00fdrobcem n\u00e1t\u011bru.&nbsp; \u0158edidlo lze pou\u017e\u00edt tak\u00e9 k \u010di\u0161t\u011bn\u00ed pracovn\u00edho n\u00e1\u0159ad\u00ed nap\u0159. \u0161t\u011btc\u016f pou\u017eit\u00fdch k aplikaci dvouslo\u017ekov\u00e9ho epoxidov\u00e9ho n\u00e1t\u011bru Velikosti balen\u00ed plechov\u00e1 d\u00f3za 0,6 [&hellip;]","og_url":"https:\/\/www.domtechnikpro.com\/index.php\/produkt\/cenove-vyhodny-lignofix-r-redidlo-s-6300-pro-epoxidove-natery-0-6-l-40118\/","og_image":[{"width":1000,"height":750,"url":"https:\/\/www.domtechnikpro.com\/wp-content\/uploads\/2026\/SK0001538-CZ20260425-092522-0-1777080324-45215_lignofix-redidlo-s-6300.webp","type":"image\/webp"}],"twitter_card":"summary_large_image","schema":{"@context":"https:\/\/schema.org","@graph":[{"@type":"WebPage","@id":"https:\/\/www.domtechnikpro.com\/index.php\/produkt\/cenove-vyhodny-lignofix-r-redidlo-s-6300-pro-epoxidove-natery-0-6-l-40118\/","url":"https:\/\/www.domtechnikpro.com\/index.php\/produkt\/cenove-vyhodny-lignofix-r-redidlo-s-6300-pro-epoxidove-natery-0-6-l-40118\/","name":"Cenov\u011b V\u00fdhodn\u00fd LIGNOFIX\u00ae \u0158edidlo S 6300 pro epoxidov\u00e9 n\u00e1t\u011bry, 0,6 l -","isPartOf":{"@id":"https:\/\/www.domtechnikpro.com\/#website"},"primaryImageOfPage":{"@id":"https:\/\/www.domtechnikpro.com\/index.php\/produkt\/cenove-vyhodny-lignofix-r-redidlo-s-6300-pro-epoxidove-natery-0-6-l-40118\/#primaryimage"},"image":{"@id":"https:\/\/www.domtechnikpro.com\/index.php\/produkt\/cenove-vyhodny-lignofix-r-redidlo-s-6300-pro-epoxidove-natery-0-6-l-40118\/#primaryimage"},"thumbnailUrl":"https:\/\/www.domtechnikpro.com\/wp-content\/uploads\/2026\/SK0001538-CZ20260425-092522-0-1777080324-45215_lignofix-redidlo-s-6300.webp","datePublished":"2026-04-26T08:58:44+00:00","breadcrumb":{"@id":"https:\/\/www.domtechnikpro.com\/index.php\/produkt\/cenove-vyhodny-lignofix-r-redidlo-s-6300-pro-epoxidove-natery-0-6-l-40118\/#breadcrumb"},"inLanguage":"cs","potentialAction":[{"@type":"ReadAction","target":["https:\/\/www.domtechnikpro.com\/index.php\/produkt\/cenove-vyhodny-lignofix-r-redidlo-s-6300-pro-epoxidove-natery-0-6-l-40118\/"]}]},{"@type":"ImageObject","inLanguage":"cs","@id":"https:\/\/www.domtechnikpro.com\/index.php\/produkt\/cenove-vyhodny-lignofix-r-redidlo-s-6300-pro-epoxidove-natery-0-6-l-40118\/#primaryimage","url":"https:\/\/www.domtechnikpro.com\/wp-content\/uploads\/2026\/SK0001538-CZ20260425-092522-0-1777080324-45215_lignofix-redidlo-s-6300.webp","contentUrl":"https:\/\/www.domtechnikpro.com\/wp-content\/uploads\/2026\/SK0001538-CZ20260425-092522-0-1777080324-45215_lignofix-redidlo-s-6300.webp","width":1000,"height":750},{"@type":"BreadcrumbList","@id":"https:\/\/www.domtechnikpro.com\/index.php\/produkt\/cenove-vyhodny-lignofix-r-redidlo-s-6300-pro-epoxidove-natery-0-6-l-40118\/#breadcrumb","itemListElement":[{"@type":"ListItem","position":1,"name":"Home","item":"https:\/\/www.domtechnikpro.com\/"},{"@type":"ListItem","position":2,"name":"Products","item":"https:\/\/www.domtechnikpro.com\/index.php\/products\/"},{"@type":"ListItem","position":3,"name":"Cenov\u011b V\u00fdhodn\u00fd LIGNOFIX\u00ae \u0158edidlo S 6300 pro epoxidov\u00e9 n\u00e1t\u011bry, 0,6 l"}]},{"@type":"WebSite","@id":"https:\/\/www.domtechnikpro.com\/#website","url":"https:\/\/www.domtechnikpro.com\/","name":"","description":"","potentialAction":[{"@type":"SearchAction","target":{"@type":"EntryPoint","urlTemplate":"https:\/\/www.domtechnikpro.com\/?s={search_term_string}"},"query-input":{"@type":"PropertyValueSpecification","valueRequired":true,"valueName":"search_term_string"}}],"inLanguage":"cs"}]}},"_links":{"self":[{"href":"https:\/\/www.domtechnikpro.com\/index.php\/wp-json\/wp\/v2\/product\/40118","targetHints":{"allow":["GET"]}}],"collection":[{"href":"https:\/\/www.domtechnikpro.com\/index.php\/wp-json\/wp\/v2\/product"}],"about":[{"href":"https:\/\/www.domtechnikpro.com\/index.php\/wp-json\/wp\/v2\/types\/product"}],"replies":[{"embeddable":true,"href":"https:\/\/www.domtechnikpro.com\/index.php\/wp-json\/wp\/v2\/comments?post=40118"}],"wp:featuredmedia":[{"embeddable":true,"href":"https:\/\/www.domtechnikpro.com\/index.php\/wp-json\/wp\/v2\/media\/40218"}],"wp:attachment":[{"href":"https:\/\/www.domtechnikpro.com\/index.php\/wp-json\/wp\/v2\/media?parent=40118"}],"wp:term":[{"taxonomy":"product_brand","embeddable":true,"href":"https:\/\/www.domtechnikpro.com\/index.php\/wp-json\/wp\/v2\/product_brand?post=40118"},{"taxonomy":"product_cat","embeddable":true,"href":"https:\/\/www.domtechnikpro.com\/index.php\/wp-json\/wp\/v2\/product_cat?post=40118"},{"taxonomy":"product_tag","embeddable":true,"href":"https:\/\/www.domtechnikpro.com\/index.php\/wp-json\/wp\/v2\/product_tag?post=40118"}],"curies":[{"name":"wp","href":"https:\/\/api.w.org\/{rel}","templated":true}]}}