{"id":39971,"date":"2026-04-26T08:58:41","date_gmt":"2026-04-26T08:58:41","guid":{"rendered":""},"modified":"2026-04-26T08:58:41","modified_gmt":"2026-04-26T08:58:41","slug":"znackovy-spokar-r-kartac-ocelovy-1206-2-rady-dreveny-39971","status":"publish","type":"product","link":"https:\/\/www.domtechnikpro.com\/index.php\/produkt\/znackovy-spokar-r-kartac-ocelovy-1206-2-rady-dreveny-39971\/","title":{"rendered":"Zna\u010dkov\u00fd SPOKAR\u00ae Kart\u00e1\u010d ocelov\u00fd 1206, 2-\u0159ad\u00fd, d\u0159ev\u011bn\u00fd"},"content":{"rendered":"<div class=\"basic-description\">\n<h3>Detailn\u00ed popis produktu<\/h3>\n<h1><span><strong>Kart\u00e1\u010d <span class=\"show-tooltip\" title=\"Ocel je slitina \u017eeleza s mal\u00fdm obsahem uhl\u00edku a dal\u0161\u00edmi p\u0159\u00edm\u011bsemi. Je to jeden z nejb\u011b\u017en\u011bji pou\u017e\u00edvan\u00fdch materi\u00e1l\u016f v pr\u016fmyslu a&amp;nbsp;stavebnictv\u00ed d\u00edky sv\u00fdm vlastnostem, kter\u00e9 zahrnuj\u00ed pevnost, tv\u00e1rnost a odolnost.&amp;nbsp;Z\u00e1kladn\u00ed slo\u017ekou&amp;hellip;\">ocelov\u00fd<\/span> 1206<\/strong><\/span><strong><\/strong><\/h1>\n<h1><span style=\"font-size: 14pt;\"><strong>2-\u0159ad\u00fd, <span class=\"show-tooltip\" title=\"D\u0159evo&amp;nbsp;je tvrd\u00e9 a p\u00f3rovit\u00e9&amp;nbsp;rostlinn\u00e9 pletivo&amp;nbsp;(tk\u00e1\u0148), je\u017e tvo\u0159\u00ed kmeny, ko\u0159eny a v\u011btve strom\u016f, ke\u0159\u016f a dal\u0161\u00edch&amp;nbsp;d\u0159evin. Skl\u00e1d\u00e1 se z&amp;nbsp;celul\u00f3zov\u00fdch&amp;nbsp;vl\u00e1ken s vysokou pevnost\u00ed v tahu a&amp;nbsp;ligninov\u00e9&amp;nbsp;v\u00fdpln\u011b, kter\u00e1&amp;hellip;\">d\u0159ev\u011bn\u00fd<\/span><\/strong><\/span><\/h1>\n<div><span><strong>\u2743 Kart\u00e1\u010de <span class=\"show-tooltip\" title=\"Dr\u00e1t je dlouh\u00e9, tenk\u00e9, pru\u017en\u00e9 kovov\u00e9 vl\u00e1kno vyr\u00e1b\u011bn\u00e9 ta\u017een\u00edm nebo v\u00e1lcov\u00e1n\u00edm. Dr\u00e1t je univerz\u00e1ln\u00ed materi\u00e1l s \u0161irok\u00fdm vyu\u017eit\u00edm. Pou\u017e\u00edv\u00e1 se v pr\u016fmyslu, stavebnictv\u00ed, elektronice, um\u011bn\u00ed a dal\u0161\u00edch oborech. Jeho vlastnosti z\u00e1vis\u00ed na materi\u00e1lu,&amp;hellip;\">dr\u00e1t\u011bn\u00e9<\/span> se pou\u017e\u00edvaj\u00ed na odstran\u011bn\u00ed hrub\u00fdch ne\u010distot z povrchu. <\/strong><\/span><\/div>\n<div><span><strong>\u2743 Jsou osazeny ocelov\u00fdm dr\u00e1tem. <\/strong><\/span><\/div>\n<div><span><strong>\u2743 D\u0159ev\u011bn\u00e1 nelakovan\u00e1 rukoje\u0165<\/strong><\/span><\/div>\n<div id=\"hzViewer\" style=\"background: none; line-height: 0px; overflow: hidden; padding: 10px 5px; position: absolute; z-index: 2147483647; visibility: visible; opacity: 1; top: 18px; left: 385px; width: auto; height: auto; cursor: pointer; pointer-events: none; display: none;\">&nbsp;<\/div>\n<\/p><\/div>\n","protected":false},"excerpt":{"rendered":"<p>Detailn\u00ed popis produktu Kart\u00e1\u010d ocelov\u00fd 1206 2-\u0159ad\u00fd, d\u0159ev\u011bn\u00fd \u2743 Kart\u00e1\u010de dr\u00e1t\u011bn\u00e9 se pou\u017e\u00edvaj\u00ed na odstran\u011bn\u00ed hrub\u00fdch ne\u010distot z povrchu. \u2743 Jsou osazeny ocelov\u00fdm dr\u00e1tem. \u2743 D\u0159ev\u011bn\u00e1 nelakovan\u00e1 rukoje\u0165 &nbsp;<\/p>\n","protected":false},"featured_media":40071,"comment_status":"open","ping_status":"open","template":"","meta":[],"product_brand":[],"product_cat":[63],"product_tag":[],"class_list":{"0":"post-39971","1":"product","2":"type-product","3":"status-publish","4":"has-post-thumbnail","6":"product_cat-naradi","8":"first","9":"instock","10":"sale","11":"shipping-taxable","12":"purchasable","13":"product-type-simple"},"yoast_head":"<!-- This site is optimized with the Yoast SEO plugin v26.8 - https:\/\/yoast.com\/product\/yoast-seo-wordpress\/ -->\n<title>Zna\u010dkov\u00fd SPOKAR\u00ae Kart\u00e1\u010d ocelov\u00fd 1206, 2-\u0159ad\u00fd, d\u0159ev\u011bn\u00fd -<\/title>\n<meta name=\"robots\" content=\"index, follow, max-snippet:-1, max-image-preview:large, max-video-preview:-1\" \/>\n<link rel=\"canonical\" href=\"https:\/\/www.domtechnikpro.com\/index.php\/produkt\/znackovy-spokar-r-kartac-ocelovy-1206-2-rady-dreveny-39971\/\" \/>\n<meta property=\"og:locale\" content=\"cs_CZ\" \/>\n<meta property=\"og:type\" content=\"article\" \/>\n<meta property=\"og:title\" content=\"Zna\u010dkov\u00fd SPOKAR\u00ae Kart\u00e1\u010d ocelov\u00fd 1206, 2-\u0159ad\u00fd, d\u0159ev\u011bn\u00fd -\" \/>\n<meta property=\"og:description\" content=\"Detailn\u00ed popis produktu Kart\u00e1\u010d ocelov\u00fd 1206 2-\u0159ad\u00fd, d\u0159ev\u011bn\u00fd \u2743 Kart\u00e1\u010de dr\u00e1t\u011bn\u00e9 se pou\u017e\u00edvaj\u00ed na odstran\u011bn\u00ed hrub\u00fdch ne\u010distot z povrchu. \u2743 Jsou osazeny ocelov\u00fdm dr\u00e1tem. \u2743 D\u0159ev\u011bn\u00e1 nelakovan\u00e1 rukoje\u0165 &nbsp;\" \/>\n<meta property=\"og:url\" content=\"https:\/\/www.domtechnikpro.com\/index.php\/produkt\/znackovy-spokar-r-kartac-ocelovy-1206-2-rady-dreveny-39971\/\" \/>\n<meta property=\"og:image\" content=\"https:\/\/www.domtechnikpro.com\/wp-content\/uploads\/2026\/SK0001490-CZ20260425-092522-0-1777080324-44822_kartac-drateny-dreveny-1306-spokar-a.webp\" \/>\n\t<meta property=\"og:image:width\" content=\"1000\" \/>\n\t<meta property=\"og:image:height\" content=\"750\" \/>\n\t<meta property=\"og:image:type\" content=\"image\/webp\" \/>\n<meta name=\"twitter:card\" content=\"summary_large_image\" \/>\n<script type=\"application\/ld+json\" class=\"yoast-schema-graph\">{\"@context\":\"https:\/\/schema.org\",\"@graph\":[{\"@type\":\"WebPage\",\"@id\":\"https:\/\/www.domtechnikpro.com\/index.php\/produkt\/znackovy-spokar-r-kartac-ocelovy-1206-2-rady-dreveny-39971\/\",\"url\":\"https:\/\/www.domtechnikpro.com\/index.php\/produkt\/znackovy-spokar-r-kartac-ocelovy-1206-2-rady-dreveny-39971\/\",\"name\":\"Zna\u010dkov\u00fd SPOKAR\u00ae Kart\u00e1\u010d ocelov\u00fd 1206, 2-\u0159ad\u00fd, d\u0159ev\u011bn\u00fd -\",\"isPartOf\":{\"@id\":\"https:\/\/www.domtechnikpro.com\/#website\"},\"primaryImageOfPage\":{\"@id\":\"https:\/\/www.domtechnikpro.com\/index.php\/produkt\/znackovy-spokar-r-kartac-ocelovy-1206-2-rady-dreveny-39971\/#primaryimage\"},\"image\":{\"@id\":\"https:\/\/www.domtechnikpro.com\/index.php\/produkt\/znackovy-spokar-r-kartac-ocelovy-1206-2-rady-dreveny-39971\/#primaryimage\"},\"thumbnailUrl\":\"https:\/\/www.domtechnikpro.com\/wp-content\/uploads\/2026\/SK0001490-CZ20260425-092522-0-1777080324-44822_kartac-drateny-dreveny-1306-spokar-a.webp\",\"datePublished\":\"2026-04-26T08:58:41+00:00\",\"breadcrumb\":{\"@id\":\"https:\/\/www.domtechnikpro.com\/index.php\/produkt\/znackovy-spokar-r-kartac-ocelovy-1206-2-rady-dreveny-39971\/#breadcrumb\"},\"inLanguage\":\"cs\",\"potentialAction\":[{\"@type\":\"ReadAction\",\"target\":[\"https:\/\/www.domtechnikpro.com\/index.php\/produkt\/znackovy-spokar-r-kartac-ocelovy-1206-2-rady-dreveny-39971\/\"]}]},{\"@type\":\"ImageObject\",\"inLanguage\":\"cs\",\"@id\":\"https:\/\/www.domtechnikpro.com\/index.php\/produkt\/znackovy-spokar-r-kartac-ocelovy-1206-2-rady-dreveny-39971\/#primaryimage\",\"url\":\"https:\/\/www.domtechnikpro.com\/wp-content\/uploads\/2026\/SK0001490-CZ20260425-092522-0-1777080324-44822_kartac-drateny-dreveny-1306-spokar-a.webp\",\"contentUrl\":\"https:\/\/www.domtechnikpro.com\/wp-content\/uploads\/2026\/SK0001490-CZ20260425-092522-0-1777080324-44822_kartac-drateny-dreveny-1306-spokar-a.webp\",\"width\":1000,\"height\":750},{\"@type\":\"BreadcrumbList\",\"@id\":\"https:\/\/www.domtechnikpro.com\/index.php\/produkt\/znackovy-spokar-r-kartac-ocelovy-1206-2-rady-dreveny-39971\/#breadcrumb\",\"itemListElement\":[{\"@type\":\"ListItem\",\"position\":1,\"name\":\"Home\",\"item\":\"https:\/\/www.domtechnikpro.com\/\"},{\"@type\":\"ListItem\",\"position\":2,\"name\":\"Products\",\"item\":\"https:\/\/www.domtechnikpro.com\/index.php\/products\/\"},{\"@type\":\"ListItem\",\"position\":3,\"name\":\"Zna\u010dkov\u00fd SPOKAR\u00ae Kart\u00e1\u010d ocelov\u00fd 1206, 2-\u0159ad\u00fd, d\u0159ev\u011bn\u00fd\"}]},{\"@type\":\"WebSite\",\"@id\":\"https:\/\/www.domtechnikpro.com\/#website\",\"url\":\"https:\/\/www.domtechnikpro.com\/\",\"name\":\"\",\"description\":\"\",\"potentialAction\":[{\"@type\":\"SearchAction\",\"target\":{\"@type\":\"EntryPoint\",\"urlTemplate\":\"https:\/\/www.domtechnikpro.com\/?s={search_term_string}\"},\"query-input\":{\"@type\":\"PropertyValueSpecification\",\"valueRequired\":true,\"valueName\":\"search_term_string\"}}],\"inLanguage\":\"cs\"}]}<\/script>\n<!-- \/ Yoast SEO plugin. -->","yoast_head_json":{"title":"Zna\u010dkov\u00fd SPOKAR\u00ae Kart\u00e1\u010d ocelov\u00fd 1206, 2-\u0159ad\u00fd, d\u0159ev\u011bn\u00fd -","robots":{"index":"index","follow":"follow","max-snippet":"max-snippet:-1","max-image-preview":"max-image-preview:large","max-video-preview":"max-video-preview:-1"},"canonical":"https:\/\/www.domtechnikpro.com\/index.php\/produkt\/znackovy-spokar-r-kartac-ocelovy-1206-2-rady-dreveny-39971\/","og_locale":"cs_CZ","og_type":"article","og_title":"Zna\u010dkov\u00fd SPOKAR\u00ae Kart\u00e1\u010d ocelov\u00fd 1206, 2-\u0159ad\u00fd, d\u0159ev\u011bn\u00fd -","og_description":"Detailn\u00ed popis produktu Kart\u00e1\u010d ocelov\u00fd 1206 2-\u0159ad\u00fd, d\u0159ev\u011bn\u00fd \u2743 Kart\u00e1\u010de dr\u00e1t\u011bn\u00e9 se pou\u017e\u00edvaj\u00ed na odstran\u011bn\u00ed hrub\u00fdch ne\u010distot z povrchu. \u2743 Jsou osazeny ocelov\u00fdm dr\u00e1tem. \u2743 D\u0159ev\u011bn\u00e1 nelakovan\u00e1 rukoje\u0165 &nbsp;","og_url":"https:\/\/www.domtechnikpro.com\/index.php\/produkt\/znackovy-spokar-r-kartac-ocelovy-1206-2-rady-dreveny-39971\/","og_image":[{"width":1000,"height":750,"url":"https:\/\/www.domtechnikpro.com\/wp-content\/uploads\/2026\/SK0001490-CZ20260425-092522-0-1777080324-44822_kartac-drateny-dreveny-1306-spokar-a.webp","type":"image\/webp"}],"twitter_card":"summary_large_image","schema":{"@context":"https:\/\/schema.org","@graph":[{"@type":"WebPage","@id":"https:\/\/www.domtechnikpro.com\/index.php\/produkt\/znackovy-spokar-r-kartac-ocelovy-1206-2-rady-dreveny-39971\/","url":"https:\/\/www.domtechnikpro.com\/index.php\/produkt\/znackovy-spokar-r-kartac-ocelovy-1206-2-rady-dreveny-39971\/","name":"Zna\u010dkov\u00fd SPOKAR\u00ae Kart\u00e1\u010d ocelov\u00fd 1206, 2-\u0159ad\u00fd, d\u0159ev\u011bn\u00fd -","isPartOf":{"@id":"https:\/\/www.domtechnikpro.com\/#website"},"primaryImageOfPage":{"@id":"https:\/\/www.domtechnikpro.com\/index.php\/produkt\/znackovy-spokar-r-kartac-ocelovy-1206-2-rady-dreveny-39971\/#primaryimage"},"image":{"@id":"https:\/\/www.domtechnikpro.com\/index.php\/produkt\/znackovy-spokar-r-kartac-ocelovy-1206-2-rady-dreveny-39971\/#primaryimage"},"thumbnailUrl":"https:\/\/www.domtechnikpro.com\/wp-content\/uploads\/2026\/SK0001490-CZ20260425-092522-0-1777080324-44822_kartac-drateny-dreveny-1306-spokar-a.webp","datePublished":"2026-04-26T08:58:41+00:00","breadcrumb":{"@id":"https:\/\/www.domtechnikpro.com\/index.php\/produkt\/znackovy-spokar-r-kartac-ocelovy-1206-2-rady-dreveny-39971\/#breadcrumb"},"inLanguage":"cs","potentialAction":[{"@type":"ReadAction","target":["https:\/\/www.domtechnikpro.com\/index.php\/produkt\/znackovy-spokar-r-kartac-ocelovy-1206-2-rady-dreveny-39971\/"]}]},{"@type":"ImageObject","inLanguage":"cs","@id":"https:\/\/www.domtechnikpro.com\/index.php\/produkt\/znackovy-spokar-r-kartac-ocelovy-1206-2-rady-dreveny-39971\/#primaryimage","url":"https:\/\/www.domtechnikpro.com\/wp-content\/uploads\/2026\/SK0001490-CZ20260425-092522-0-1777080324-44822_kartac-drateny-dreveny-1306-spokar-a.webp","contentUrl":"https:\/\/www.domtechnikpro.com\/wp-content\/uploads\/2026\/SK0001490-CZ20260425-092522-0-1777080324-44822_kartac-drateny-dreveny-1306-spokar-a.webp","width":1000,"height":750},{"@type":"BreadcrumbList","@id":"https:\/\/www.domtechnikpro.com\/index.php\/produkt\/znackovy-spokar-r-kartac-ocelovy-1206-2-rady-dreveny-39971\/#breadcrumb","itemListElement":[{"@type":"ListItem","position":1,"name":"Home","item":"https:\/\/www.domtechnikpro.com\/"},{"@type":"ListItem","position":2,"name":"Products","item":"https:\/\/www.domtechnikpro.com\/index.php\/products\/"},{"@type":"ListItem","position":3,"name":"Zna\u010dkov\u00fd SPOKAR\u00ae Kart\u00e1\u010d ocelov\u00fd 1206, 2-\u0159ad\u00fd, d\u0159ev\u011bn\u00fd"}]},{"@type":"WebSite","@id":"https:\/\/www.domtechnikpro.com\/#website","url":"https:\/\/www.domtechnikpro.com\/","name":"","description":"","potentialAction":[{"@type":"SearchAction","target":{"@type":"EntryPoint","urlTemplate":"https:\/\/www.domtechnikpro.com\/?s={search_term_string}"},"query-input":{"@type":"PropertyValueSpecification","valueRequired":true,"valueName":"search_term_string"}}],"inLanguage":"cs"}]}},"_links":{"self":[{"href":"https:\/\/www.domtechnikpro.com\/index.php\/wp-json\/wp\/v2\/product\/39971","targetHints":{"allow":["GET"]}}],"collection":[{"href":"https:\/\/www.domtechnikpro.com\/index.php\/wp-json\/wp\/v2\/product"}],"about":[{"href":"https:\/\/www.domtechnikpro.com\/index.php\/wp-json\/wp\/v2\/types\/product"}],"replies":[{"embeddable":true,"href":"https:\/\/www.domtechnikpro.com\/index.php\/wp-json\/wp\/v2\/comments?post=39971"}],"wp:featuredmedia":[{"embeddable":true,"href":"https:\/\/www.domtechnikpro.com\/index.php\/wp-json\/wp\/v2\/media\/40071"}],"wp:attachment":[{"href":"https:\/\/www.domtechnikpro.com\/index.php\/wp-json\/wp\/v2\/media?parent=39971"}],"wp:term":[{"taxonomy":"product_brand","embeddable":true,"href":"https:\/\/www.domtechnikpro.com\/index.php\/wp-json\/wp\/v2\/product_brand?post=39971"},{"taxonomy":"product_cat","embeddable":true,"href":"https:\/\/www.domtechnikpro.com\/index.php\/wp-json\/wp\/v2\/product_cat?post=39971"},{"taxonomy":"product_tag","embeddable":true,"href":"https:\/\/www.domtechnikpro.com\/index.php\/wp-json\/wp\/v2\/product_tag?post=39971"}],"curies":[{"name":"wp","href":"https:\/\/api.w.org\/{rel}","templated":true}]}}