{"id":39957,"date":"2026-04-26T08:58:41","date_gmt":"2026-04-26T08:58:41","guid":{"rendered":""},"modified":"2026-04-26T08:58:41","modified_gmt":"2026-04-26T08:58:41","slug":"znackovy-spokar-r-teplomer-okenni-universal-ii-2303-oboustranny-sroubovaci-39957","status":"publish","type":"product","link":"https:\/\/www.domtechnikpro.com\/index.php\/produkt\/znackovy-spokar-r-teplomer-okenni-universal-ii-2303-oboustranny-sroubovaci-39957\/","title":{"rendered":"Zna\u010dkov\u00fd SPOKAR\u00ae Teplom\u011br okenn\u00ed UNIVERSAL II 2303, oboustrann\u00fd, \u0161roubovac\u00ed"},"content":{"rendered":"<div class=\"basic-description\">\n<h3>Detailn\u00ed popis produktu<\/h3>\n<ul>\n<li><span style=\"font-size: 12pt; font-family: inherit;\"><strong>Rtu\u0165ov\u00fd venkovn\u00ed <span class=\"show-tooltip\" title=\"&amp;nbsp;Teplom\u011br je za\u0159\u00edzen\u00ed nebo n\u00e1stroj, kter\u00fd slou\u017e\u00ed k m\u011b\u0159en\u00ed teploty. Je to jeden z nejz\u00e1kladn\u011bj\u0161\u00edch a nej\u010dast\u011bji pou\u017e\u00edvan\u00fdch p\u0159\u00edstroj\u016f pro m\u011b\u0159en\u00ed tepla v r\u016fzn\u00fdch prost\u0159ed\u00edch. Teplota je fyzik\u00e1ln\u00ed veli\u010dina, kter\u00e1 ud\u00e1v\u00e1 stupe\u0148 horkosti&amp;hellip;\">teplom\u011br<\/span>. <\/strong><\/span><\/li>\n<li><span style=\"font-size: 12pt; font-family: inherit;\"><strong><span class=\"show-tooltip\" title=\"Plastyn\u011bkdy tak\u00e9 naz\u00fdvan\u00e9 plastick\u00e9 \u010di um\u011bl\u00e9 hmoty, p\u0159edstavuj\u00ed \u0161irokou \u0161k\u00e1lu syntetick\u00fdch nebo \u010d\u00e1ste\u010dn\u011b syntetick\u00fdch organick\u00fdch slou\u010denin a polymern\u00edch materi\u00e1l\u016f. \u010casto obsahuj\u00ed p\u0159\u00edsady zlep\u0161uj\u00edc\u00ed jejich funk\u010dn\u00ed vlastnosti, nap\u0159\u00edklad&amp;hellip;\">Plastov\u00e9<\/span> t\u011bleso, samolepic\u00ed uchycen\u00ed na st\u011bnu nebo okno<\/strong><\/span><\/li>\n<\/ul>\n<div><span style=\"font-size: 12pt; font-family: inherit;\"><strong><span class=\"show-tooltip\" title=\"Teplota&amp;nbsp;je charakteristika tepeln\u00e9ho&amp;nbsp;stavu&amp;nbsp;hmoty. Je to jedna z nejd\u016fle\u017eit\u011bj\u0161\u00edch fyzik\u00e1ln\u00edch veli\u010din. Teplota ovliv\u0148uje aktivitu (energii) ve\u0161ker\u00fdch \u010d\u00e1stic ve vesm\u00edru a zp\u016fsobuje zm\u011bnu rozm\u011br\u016f, tvaru&amp;hellip;\">Teplotn\u00ed<\/span> rozsah: -40 a\u017e +50 \u00b0C <\/strong><\/span><\/div>\n<div><span style=\"font-size: 12pt; font-family: inherit;\"><strong>1 d\u00edlek: 1 \u00b0C <\/strong><\/span><\/div>\n<div><span style=\"font-size: 12pt; font-family: inherit;\"><strong>Rozm\u011bry: 225 x 20 mm<\/strong><\/span><\/div>\n<\/p><\/div>\n","protected":false},"excerpt":{"rendered":"<p>Detailn\u00ed popis produktu Rtu\u0165ov\u00fd venkovn\u00ed teplom\u011br. Plastov\u00e9 t\u011bleso, samolepic\u00ed uchycen\u00ed na st\u011bnu nebo okno Teplotn\u00ed rozsah: -40 a\u017e +50 \u00b0C 1 d\u00edlek: 1 \u00b0C Rozm\u011bry: 225 x 20 mm<\/p>\n","protected":false},"featured_media":40057,"comment_status":"open","ping_status":"open","template":"","meta":[],"product_brand":[],"product_cat":[65],"product_tag":[],"class_list":{"0":"post-39957","1":"product","2":"type-product","3":"status-publish","4":"has-post-thumbnail","6":"product_cat-dum-a-zahrada","8":"first","9":"instock","10":"sale","11":"shipping-taxable","12":"purchasable","13":"product-type-simple"},"yoast_head":"<!-- This site is optimized with the Yoast SEO plugin v26.8 - https:\/\/yoast.com\/product\/yoast-seo-wordpress\/ -->\n<title>Zna\u010dkov\u00fd SPOKAR\u00ae Teplom\u011br okenn\u00ed UNIVERSAL II 2303, oboustrann\u00fd, \u0161roubovac\u00ed -<\/title>\n<meta name=\"robots\" content=\"index, follow, max-snippet:-1, max-image-preview:large, max-video-preview:-1\" \/>\n<link rel=\"canonical\" href=\"https:\/\/www.domtechnikpro.com\/index.php\/produkt\/znackovy-spokar-r-teplomer-okenni-universal-ii-2303-oboustranny-sroubovaci-39957\/\" \/>\n<meta property=\"og:locale\" content=\"cs_CZ\" \/>\n<meta property=\"og:type\" content=\"article\" \/>\n<meta property=\"og:title\" content=\"Zna\u010dkov\u00fd SPOKAR\u00ae Teplom\u011br okenn\u00ed UNIVERSAL II 2303, oboustrann\u00fd, \u0161roubovac\u00ed -\" \/>\n<meta property=\"og:description\" content=\"Detailn\u00ed popis produktu Rtu\u0165ov\u00fd venkovn\u00ed teplom\u011br. Plastov\u00e9 t\u011bleso, samolepic\u00ed uchycen\u00ed na st\u011bnu nebo okno Teplotn\u00ed rozsah: -40 a\u017e +50 \u00b0C 1 d\u00edlek: 1 \u00b0C Rozm\u011bry: 225 x 20 mm\" \/>\n<meta property=\"og:url\" content=\"https:\/\/www.domtechnikpro.com\/index.php\/produkt\/znackovy-spokar-r-teplomer-okenni-universal-ii-2303-oboustranny-sroubovaci-39957\/\" \/>\n<meta property=\"og:image\" content=\"https:\/\/www.domtechnikpro.com\/wp-content\/uploads\/2026\/SK0001476-CZ20260425-092522-0-1777080324-44768_teplomer-venkovni-2303-spokar.webp\" \/>\n\t<meta property=\"og:image:width\" content=\"1000\" \/>\n\t<meta property=\"og:image:height\" content=\"750\" \/>\n\t<meta property=\"og:image:type\" content=\"image\/webp\" \/>\n<meta name=\"twitter:card\" content=\"summary_large_image\" \/>\n<script type=\"application\/ld+json\" class=\"yoast-schema-graph\">{\"@context\":\"https:\/\/schema.org\",\"@graph\":[{\"@type\":\"WebPage\",\"@id\":\"https:\/\/www.domtechnikpro.com\/index.php\/produkt\/znackovy-spokar-r-teplomer-okenni-universal-ii-2303-oboustranny-sroubovaci-39957\/\",\"url\":\"https:\/\/www.domtechnikpro.com\/index.php\/produkt\/znackovy-spokar-r-teplomer-okenni-universal-ii-2303-oboustranny-sroubovaci-39957\/\",\"name\":\"Zna\u010dkov\u00fd SPOKAR\u00ae Teplom\u011br okenn\u00ed UNIVERSAL II 2303, oboustrann\u00fd, \u0161roubovac\u00ed -\",\"isPartOf\":{\"@id\":\"https:\/\/www.domtechnikpro.com\/#website\"},\"primaryImageOfPage\":{\"@id\":\"https:\/\/www.domtechnikpro.com\/index.php\/produkt\/znackovy-spokar-r-teplomer-okenni-universal-ii-2303-oboustranny-sroubovaci-39957\/#primaryimage\"},\"image\":{\"@id\":\"https:\/\/www.domtechnikpro.com\/index.php\/produkt\/znackovy-spokar-r-teplomer-okenni-universal-ii-2303-oboustranny-sroubovaci-39957\/#primaryimage\"},\"thumbnailUrl\":\"https:\/\/www.domtechnikpro.com\/wp-content\/uploads\/2026\/SK0001476-CZ20260425-092522-0-1777080324-44768_teplomer-venkovni-2303-spokar.webp\",\"datePublished\":\"2026-04-26T08:58:41+00:00\",\"breadcrumb\":{\"@id\":\"https:\/\/www.domtechnikpro.com\/index.php\/produkt\/znackovy-spokar-r-teplomer-okenni-universal-ii-2303-oboustranny-sroubovaci-39957\/#breadcrumb\"},\"inLanguage\":\"cs\",\"potentialAction\":[{\"@type\":\"ReadAction\",\"target\":[\"https:\/\/www.domtechnikpro.com\/index.php\/produkt\/znackovy-spokar-r-teplomer-okenni-universal-ii-2303-oboustranny-sroubovaci-39957\/\"]}]},{\"@type\":\"ImageObject\",\"inLanguage\":\"cs\",\"@id\":\"https:\/\/www.domtechnikpro.com\/index.php\/produkt\/znackovy-spokar-r-teplomer-okenni-universal-ii-2303-oboustranny-sroubovaci-39957\/#primaryimage\",\"url\":\"https:\/\/www.domtechnikpro.com\/wp-content\/uploads\/2026\/SK0001476-CZ20260425-092522-0-1777080324-44768_teplomer-venkovni-2303-spokar.webp\",\"contentUrl\":\"https:\/\/www.domtechnikpro.com\/wp-content\/uploads\/2026\/SK0001476-CZ20260425-092522-0-1777080324-44768_teplomer-venkovni-2303-spokar.webp\",\"width\":1000,\"height\":750},{\"@type\":\"BreadcrumbList\",\"@id\":\"https:\/\/www.domtechnikpro.com\/index.php\/produkt\/znackovy-spokar-r-teplomer-okenni-universal-ii-2303-oboustranny-sroubovaci-39957\/#breadcrumb\",\"itemListElement\":[{\"@type\":\"ListItem\",\"position\":1,\"name\":\"Home\",\"item\":\"https:\/\/www.domtechnikpro.com\/\"},{\"@type\":\"ListItem\",\"position\":2,\"name\":\"Products\",\"item\":\"https:\/\/www.domtechnikpro.com\/index.php\/products\/\"},{\"@type\":\"ListItem\",\"position\":3,\"name\":\"Zna\u010dkov\u00fd SPOKAR\u00ae Teplom\u011br okenn\u00ed UNIVERSAL II 2303, oboustrann\u00fd, \u0161roubovac\u00ed\"}]},{\"@type\":\"WebSite\",\"@id\":\"https:\/\/www.domtechnikpro.com\/#website\",\"url\":\"https:\/\/www.domtechnikpro.com\/\",\"name\":\"\",\"description\":\"\",\"potentialAction\":[{\"@type\":\"SearchAction\",\"target\":{\"@type\":\"EntryPoint\",\"urlTemplate\":\"https:\/\/www.domtechnikpro.com\/?s={search_term_string}\"},\"query-input\":{\"@type\":\"PropertyValueSpecification\",\"valueRequired\":true,\"valueName\":\"search_term_string\"}}],\"inLanguage\":\"cs\"}]}<\/script>\n<!-- \/ Yoast SEO plugin. -->","yoast_head_json":{"title":"Zna\u010dkov\u00fd SPOKAR\u00ae Teplom\u011br okenn\u00ed UNIVERSAL II 2303, oboustrann\u00fd, \u0161roubovac\u00ed -","robots":{"index":"index","follow":"follow","max-snippet":"max-snippet:-1","max-image-preview":"max-image-preview:large","max-video-preview":"max-video-preview:-1"},"canonical":"https:\/\/www.domtechnikpro.com\/index.php\/produkt\/znackovy-spokar-r-teplomer-okenni-universal-ii-2303-oboustranny-sroubovaci-39957\/","og_locale":"cs_CZ","og_type":"article","og_title":"Zna\u010dkov\u00fd SPOKAR\u00ae Teplom\u011br okenn\u00ed UNIVERSAL II 2303, oboustrann\u00fd, \u0161roubovac\u00ed -","og_description":"Detailn\u00ed popis produktu Rtu\u0165ov\u00fd venkovn\u00ed teplom\u011br. Plastov\u00e9 t\u011bleso, samolepic\u00ed uchycen\u00ed na st\u011bnu nebo okno Teplotn\u00ed rozsah: -40 a\u017e +50 \u00b0C 1 d\u00edlek: 1 \u00b0C Rozm\u011bry: 225 x 20 mm","og_url":"https:\/\/www.domtechnikpro.com\/index.php\/produkt\/znackovy-spokar-r-teplomer-okenni-universal-ii-2303-oboustranny-sroubovaci-39957\/","og_image":[{"width":1000,"height":750,"url":"https:\/\/www.domtechnikpro.com\/wp-content\/uploads\/2026\/SK0001476-CZ20260425-092522-0-1777080324-44768_teplomer-venkovni-2303-spokar.webp","type":"image\/webp"}],"twitter_card":"summary_large_image","schema":{"@context":"https:\/\/schema.org","@graph":[{"@type":"WebPage","@id":"https:\/\/www.domtechnikpro.com\/index.php\/produkt\/znackovy-spokar-r-teplomer-okenni-universal-ii-2303-oboustranny-sroubovaci-39957\/","url":"https:\/\/www.domtechnikpro.com\/index.php\/produkt\/znackovy-spokar-r-teplomer-okenni-universal-ii-2303-oboustranny-sroubovaci-39957\/","name":"Zna\u010dkov\u00fd SPOKAR\u00ae Teplom\u011br okenn\u00ed UNIVERSAL II 2303, oboustrann\u00fd, \u0161roubovac\u00ed -","isPartOf":{"@id":"https:\/\/www.domtechnikpro.com\/#website"},"primaryImageOfPage":{"@id":"https:\/\/www.domtechnikpro.com\/index.php\/produkt\/znackovy-spokar-r-teplomer-okenni-universal-ii-2303-oboustranny-sroubovaci-39957\/#primaryimage"},"image":{"@id":"https:\/\/www.domtechnikpro.com\/index.php\/produkt\/znackovy-spokar-r-teplomer-okenni-universal-ii-2303-oboustranny-sroubovaci-39957\/#primaryimage"},"thumbnailUrl":"https:\/\/www.domtechnikpro.com\/wp-content\/uploads\/2026\/SK0001476-CZ20260425-092522-0-1777080324-44768_teplomer-venkovni-2303-spokar.webp","datePublished":"2026-04-26T08:58:41+00:00","breadcrumb":{"@id":"https:\/\/www.domtechnikpro.com\/index.php\/produkt\/znackovy-spokar-r-teplomer-okenni-universal-ii-2303-oboustranny-sroubovaci-39957\/#breadcrumb"},"inLanguage":"cs","potentialAction":[{"@type":"ReadAction","target":["https:\/\/www.domtechnikpro.com\/index.php\/produkt\/znackovy-spokar-r-teplomer-okenni-universal-ii-2303-oboustranny-sroubovaci-39957\/"]}]},{"@type":"ImageObject","inLanguage":"cs","@id":"https:\/\/www.domtechnikpro.com\/index.php\/produkt\/znackovy-spokar-r-teplomer-okenni-universal-ii-2303-oboustranny-sroubovaci-39957\/#primaryimage","url":"https:\/\/www.domtechnikpro.com\/wp-content\/uploads\/2026\/SK0001476-CZ20260425-092522-0-1777080324-44768_teplomer-venkovni-2303-spokar.webp","contentUrl":"https:\/\/www.domtechnikpro.com\/wp-content\/uploads\/2026\/SK0001476-CZ20260425-092522-0-1777080324-44768_teplomer-venkovni-2303-spokar.webp","width":1000,"height":750},{"@type":"BreadcrumbList","@id":"https:\/\/www.domtechnikpro.com\/index.php\/produkt\/znackovy-spokar-r-teplomer-okenni-universal-ii-2303-oboustranny-sroubovaci-39957\/#breadcrumb","itemListElement":[{"@type":"ListItem","position":1,"name":"Home","item":"https:\/\/www.domtechnikpro.com\/"},{"@type":"ListItem","position":2,"name":"Products","item":"https:\/\/www.domtechnikpro.com\/index.php\/products\/"},{"@type":"ListItem","position":3,"name":"Zna\u010dkov\u00fd SPOKAR\u00ae Teplom\u011br okenn\u00ed UNIVERSAL II 2303, oboustrann\u00fd, \u0161roubovac\u00ed"}]},{"@type":"WebSite","@id":"https:\/\/www.domtechnikpro.com\/#website","url":"https:\/\/www.domtechnikpro.com\/","name":"","description":"","potentialAction":[{"@type":"SearchAction","target":{"@type":"EntryPoint","urlTemplate":"https:\/\/www.domtechnikpro.com\/?s={search_term_string}"},"query-input":{"@type":"PropertyValueSpecification","valueRequired":true,"valueName":"search_term_string"}}],"inLanguage":"cs"}]}},"_links":{"self":[{"href":"https:\/\/www.domtechnikpro.com\/index.php\/wp-json\/wp\/v2\/product\/39957","targetHints":{"allow":["GET"]}}],"collection":[{"href":"https:\/\/www.domtechnikpro.com\/index.php\/wp-json\/wp\/v2\/product"}],"about":[{"href":"https:\/\/www.domtechnikpro.com\/index.php\/wp-json\/wp\/v2\/types\/product"}],"replies":[{"embeddable":true,"href":"https:\/\/www.domtechnikpro.com\/index.php\/wp-json\/wp\/v2\/comments?post=39957"}],"wp:featuredmedia":[{"embeddable":true,"href":"https:\/\/www.domtechnikpro.com\/index.php\/wp-json\/wp\/v2\/media\/40057"}],"wp:attachment":[{"href":"https:\/\/www.domtechnikpro.com\/index.php\/wp-json\/wp\/v2\/media?parent=39957"}],"wp:term":[{"taxonomy":"product_brand","embeddable":true,"href":"https:\/\/www.domtechnikpro.com\/index.php\/wp-json\/wp\/v2\/product_brand?post=39957"},{"taxonomy":"product_cat","embeddable":true,"href":"https:\/\/www.domtechnikpro.com\/index.php\/wp-json\/wp\/v2\/product_cat?post=39957"},{"taxonomy":"product_tag","embeddable":true,"href":"https:\/\/www.domtechnikpro.com\/index.php\/wp-json\/wp\/v2\/product_tag?post=39957"}],"curies":[{"name":"wp","href":"https:\/\/api.w.org\/{rel}","templated":true}]}}